{"id":3,"date":"2025-09-14T21:22:50","date_gmt":"2025-09-14T19:22:50","guid":{"rendered":"https:\/\/www.auzeau.fr\/ferroviaire\/?page_id=3"},"modified":"2026-01-05T07:44:29","modified_gmt":"2026-01-05T06:44:29","slug":"politique-de-confidentialite","status":"publish","type":"page","link":"https:\/\/www.auzeau.fr\/ferroviaire\/politique-de-confidentialite\/","title":{"rendered":"infos l\u00e9gales"},"content":{"rendered":"\t\t<div data-elementor-type=\"wp-page\" data-elementor-id=\"3\" class=\"elementor elementor-3\" data-elementor-post-type=\"page\">\n\t\t\t\t<div class=\"elementor-element elementor-element-5658fd1 e-flex e-con-boxed e-con e-parent\" data-id=\"5658fd1\" data-element_type=\"container\">\n\t\t\t\t\t<div class=\"e-con-inner\">\n\t\t\t\t<div class=\"elementor-element elementor-element-78fab93 elementor-widget elementor-widget-spacer\" data-id=\"78fab93\" data-element_type=\"widget\" data-widget_type=\"spacer.default\">\n\t\t\t\t\t\t\t<div class=\"elementor-spacer\">\n\t\t\t<div class=\"elementor-spacer-inner\"><\/div>\n\t\t<\/div>\n\t\t\t\t\t\t<\/div>\n\t\t\t\t\t<\/div>\n\t\t\t\t<\/div>\n\t\t<div class=\"elementor-element elementor-element-440dceb e-flex e-con-boxed e-con e-parent\" data-id=\"440dceb\" data-element_type=\"container\">\n\t\t\t\t\t<div class=\"e-con-inner\">\n\t\t\t\t<div class=\"elementor-element elementor-element-2639bbe elementor-widget elementor-widget-spacer\" data-id=\"2639bbe\" data-element_type=\"widget\" data-widget_type=\"spacer.default\">\n\t\t\t\t\t\t\t<div class=\"elementor-spacer\">\n\t\t\t<div class=\"elementor-spacer-inner\"><\/div>\n\t\t<\/div>\n\t\t\t\t\t\t<\/div>\n\t\t\t\t\t<\/div>\n\t\t\t\t<\/div>\n\t\t<div class=\"elementor-element elementor-element-72e3a33 e-flex e-con-boxed e-con e-parent\" data-id=\"72e3a33\" data-element_type=\"container\">\n\t\t\t\t\t<div class=\"e-con-inner\">\n\t\t<div class=\"elementor-element elementor-element-75246d7 e-con-full e-flex e-con e-child\" data-id=\"75246d7\" data-element_type=\"container\">\n\t\t\t\t<div class=\"elementor-element elementor-element-a9a69cc elementor-widget elementor-widget-text-editor\" data-id=\"a9a69cc\" data-element_type=\"widget\" data-widget_type=\"text-editor.default\">\n\t\t\t\t\t\t\t\t\t<p><span style=\"color: #999999; font-size: 17px;\">L\u2019ensemble du site est prot\u00e9g\u00e9 par la l\u00e9gislation fran\u00e7aise en vigueur concernant la propri\u00e9t\u00e9 intellectuelle.<\/span><\/p><p><span style=\"font-size: 12px; color: #999999;\">Les photographies mises \u00e0 votre disposition sur le site sont prot\u00e9g\u00e9es par le droit d\u2019auteur (sauf mention contraire).<\/span><\/p><ul><li><span style=\"font-size: 12px; color: #999999;\">Elles sont et restent la propri\u00e9t\u00e9 exclusive de leurs auteurs.<\/span><\/li><li><span style=\"font-size: 12px; color: #999999;\">L\u2019utilisation en dehors du cadre familial, sur un site internet ou \u00e0 des fins professionnelles est interdite sans l\u2019autorisation \u00e9crite de l\u2019auteur ou des ayants droits.<\/span><\/li><li><span style=\"font-size: 12px; color: #999999;\">Tout recadrage ou toute suppression ou effacement du copyright est interdite.<\/span><\/li><\/ul><p><span style=\"font-size: 12px; color: #999999;\" data-mce-mark=\"1\"><strong>DROIT A L\u2019IMAGE<\/strong><\/span><\/p><p><span style=\"font-size: 12px; color: #999999;\">Toute personne a, sur son image et sur l\u2019utilisation qui en est faite, un droit exclusif qui lui permet de s\u2019opposer \u00e0 sa reproduction sans son autorisation expresse et sp\u00e9ciale.<\/span><br \/><span style=\"font-size: 12px; color: #999999;\">Le droit \u00e0 l\u2019image d\u00e9coule du droit au respect de la vie priv\u00e9e.<\/span><br \/><span style=\"font-size: 12px; color: #999999;\">L\u2019autorisation n\u2019est pas n\u00e9cessaire :<\/span><\/p><ul><li><span style=\"font-size: 12px; color: #999999;\">Lorsque l\u2019int\u00e9ress\u00e9 est li\u00e9 fortuitement \u00e0 un \u00e9v\u00e8nement d\u2019actualit\u00e9 pourvu que l\u2019image ait pour objet central l\u2019\u00e9v\u00e8nement en question.<\/span><\/li><li><span style=\"font-size: 12px; color: #999999;\">Il est permis de fixer l\u2019image d\u2019un groupe de personnes sur un lieu public sans demander l\u2019autorisation de chacun \u00e0 la condition que l\u2019image ne centre pas l\u2019attention sur l\u2019une ou l\u2019autre d\u2019entre elles.<\/span><\/li><li><span style=\"font-size: 12px; color: #999999;\">Lorsque la personne n\u2019est pas identifiable sur l\u2019image en cause : prise de vue de dos, de trois quart ou techniques de \u201cfloutage\u201d des visages\u2026\u2026.<\/span><\/li><\/ul><p><span style=\"font-size: 12px; color: #999999;\" data-mce-mark=\"1\"><strong>DONN\u00c9ES PERSONNELLES<\/strong><\/span><\/p><p><span style=\"color: #999999; font-size: 12px;\">Les donn\u00e9es personnelles recueillies sur le site r\u00e9sultent de la communication volontaire d\u2019une adresse de courrier \u00e9lectronique lors du d\u00e9p\u00f4t d\u2019un message \u00e9lectronique (informations non stock\u00e9es). Elles ne servent qu\u2019\u00e0 transmettre les \u00e9l\u00e9ments d\u2019information demand\u00e9s. Les adresses \u00e9lectroniques collect\u00e9es ne feront l\u2019objet d\u2019aucune cession \u00e0 des tiers ni d\u2019aucun autre traitement.<\/span><\/p><p style=\"text-align: center;\"><span style=\"color: #ffffff;\"><strong>INFOS H\u00c9BERGEUR<\/strong><\/span><\/p><p style=\"text-align: center;\"><a class=\"lien_ext\" href=\"https:\/\/www.strato.fr\/\" target=\"_blank\" rel=\"noopener\"><strong><span style=\"color: #ffffff;\">STRATO AG<\/span><\/strong><\/a><br \/>Pascalstra\u00dfe 10,<br \/>10587 Berlin<br \/>Allemagne<\/p>\t\t\t\t\t\t\t\t<\/div>\n\t\t\t\t<\/div>\n\t\t<div class=\"elementor-element elementor-element-7ecea64 e-con-full e-flex e-con e-child\" data-id=\"7ecea64\" data-element_type=\"container\" data-settings=\"{&quot;background_background&quot;:&quot;classic&quot;}\">\n\t\t\t\t<div class=\"elementor-element elementor-element-8576ac8 elementor-widget elementor-widget-shortcode\" data-id=\"8576ac8\" data-element_type=\"widget\" data-widget_type=\"shortcode.default\">\n\t\t\t\t\t\t\t<div class=\"elementor-shortcode\">        <script type=\"text\/javascript\">\n         function cp_contactformtoemail_pform_doValidate_1(form)\n         {\n            document.cp_contactformtoemail_pform_1.cp_ref_page.value = document.location;\n            $dexQuery = jQuery.noConflict();            if (document.cp_contactformtoemail_pform_1.hdcaptcha_cp_contactformtoemail_post.value == '') { setTimeout( \"cp_contactformtoemail_cerror_1()\", 100); return false; }\n            var result = $dexQuery.ajax({ type: \"GET\", url: \"\/ferroviaire?ps=_1&cp_contactformtoemail_pform_process=2&cp_contactformtoemail_id=1&inAdmin=1&ps=_1&hdcaptcha_cp_contactformtoemail_post=\"+document.cp_contactformtoemail_pform_1.hdcaptcha_cp_contactformtoemail_post.value, async: false }).responseText;\n            if (result.indexOf(\"captchafailed\") != -1) {\n                $dexQuery(\"#captchaimg_1\").attr('src', $dexQuery(\"#captchaimg_1\").attr('src')+'&'+Math.floor((Math.random() * 99999) + 1));\n                setTimeout( \"cp_contactformtoemail_cerror_1()\", 100);\n                return false;\n            } else             {\n                var cpefb_error = 0;\n                $dexQuery(\"#cp_contactformtoemail_pform_1\").find(\".cpefb_error\").each(function(index){\n                    if ($dexQuery(this).css(\"display\")!=\"none\")\n                        cpefb_error++;\n                    });\n                if (cpefb_error) return false;\n                if (document.cp_contactformtoemail_pform_1.cp_contactformtoemail_pform_status.value != '0')\n                           return false;\n                document.getElementById(\"refpage_1\").value = document.location;\n                cfte_blink(\".pbSubmit\");\n                document.cp_contactformtoemail_pform_1.cp_contactformtoemail_pform_status.value = '2';document.cp_contactformtoemail_pform_1.cp_contactformtoemail_pform_status.value = '1';\n                       $dexQuery.ajax({\n                         type: \"POST\",\n                         url: '',\n                         data: $dexQuery(\"#cp_contactformtoemail_pform_1\").serialize(),\n                         success: function(data)\n                         {\n                             document.cp_contactformtoemail_pform_1.cp_contactformtoemail_pform_status.value = '0';\n                                                              document.getElementById('cp_contactformtoemail_pform_1').innerHTML ='<a id=\"cftejump\"><\/a>Votre message a \u00e9t\u00e9 envoy\u00e9. Merci !';\n                                 var tag = $dexQuery(\"#cftejump\");\n                                 $dexQuery('html,body').animate({scrollTop: tag.offset().top-60},'fast');\n                                                        }\n                       });\n                       return false;\n                                }\n         }\n         function cfte_blink(selector){\n                 try {\n                     $dexQuery = jQuery.noConflict();\n                     $dexQuery(selector).fadeOut(700, function(){\n                         $dexQuery(this).fadeIn(700, function(){\n                             try {\n                                 if (document.cp_contactformtoemail_pform_1.cp_contactformtoemail_pform_status.value != '0')\n                                     cfte_blink(this);\n                             } catch (e) {}\n                         });\n                     });\n                 } catch (e) {}\n         }\n         function cp_contactformtoemail_cerror_1(){$dexQuery = jQuery.noConflict();$dexQuery(\"#hdcaptcha_error_1\").css('top',$dexQuery(\"#hdcaptcha_cp_contactformtoemail_post_1\").outerHeight());$dexQuery(\"#hdcaptcha_error_1\").css(\"display\",\"inline\");}\n        <\/script>\n        <div id=\"cftedialog\" style=\"display:none;\">Votre message a \u00e9t\u00e9 envoy\u00e9. Merci !<\/div>\n        <form class=\"cpp_form no-prefetch\" name=\"cp_contactformtoemail_pform_1\" id=\"cp_contactformtoemail_pform_1\" action=\"\/ferroviaire\/politique-de-confidentialite\/?ahbnocache=964280\" method=\"post\" enctype=\"multipart\/form-data\" onsubmit=\"return cp_contactformtoemail_pform_doValidate_1(this);\"><input type=\"hidden\" name=\"cp_pform_psequence\" value=\"_1\" \/><input type=\"hidden\" name=\"cp_contactformtoemail_pform_process\" value=\"1\" \/><input type=\"hidden\" name=\"cp_contactformtoemail_id\" value=\"1\" \/><input type=\"hidden\" name=\"cp_ref_page\" value=\"\" \/><input type=\"hidden\" name=\"form_structure_1\" id=\"form_structure_1\" size=\"180\" value=\"[[{&quot;name&quot;:&quot;fieldname3&quot;,&quot;index&quot;:0,&quot;title&quot;:&quot;Nom - Pr\\u00e9nom&quot;,&quot;shortlabel&quot;:&quot;&quot;,&quot;ftype&quot;:&quot;ftext&quot;,&quot;userhelp&quot;:&quot;&quot;,&quot;userhelpTooltip&quot;:&quot;&quot;,&quot;csslayout&quot;:&quot;&quot;,&quot;predefined&quot;:&quot;&quot;,&quot;predefinedClick&quot;:false,&quot;required&quot;:false,&quot;size&quot;:&quot;medium&quot;,&quot;minlength&quot;:&quot;&quot;,&quot;maxlength&quot;:&quot;&quot;,&quot;equalTo&quot;:&quot;&quot;},{&quot;name&quot;:&quot;email&quot;,&quot;index&quot;:1,&quot;title&quot;:&quot;E-Mail&quot;,&quot;ftype&quot;:&quot;femail&quot;,&quot;userhelp&quot;:&quot;&quot;,&quot;csslayout&quot;:&quot;&quot;,&quot;required&quot;:true,&quot;predefined&quot;:&quot;&quot;,&quot;size&quot;:&quot;medium&quot;,&quot;shortlabel&quot;:&quot;&quot;,&quot;userhelpTooltip&quot;:&quot;&quot;,&quot;predefinedClick&quot;:false,&quot;equalTo&quot;:&quot;&quot;},{&quot;name&quot;:&quot;subject&quot;,&quot;index&quot;:2,&quot;title&quot;:&quot;Objet&quot;,&quot;required&quot;:true,&quot;ftype&quot;:&quot;ftext&quot;,&quot;userhelp&quot;:&quot;&quot;,&quot;csslayout&quot;:&quot;&quot;,&quot;predefined&quot;:&quot;&quot;,&quot;size&quot;:&quot;medium&quot;,&quot;shortlabel&quot;:&quot;&quot;,&quot;userhelpTooltip&quot;:&quot;&quot;,&quot;predefinedClick&quot;:false,&quot;minlength&quot;:&quot;&quot;,&quot;maxlength&quot;:&quot;&quot;,&quot;equalTo&quot;:&quot;&quot;},{&quot;name&quot;:&quot;message&quot;,&quot;index&quot;:3,&quot;size&quot;:&quot;large&quot;,&quot;required&quot;:true,&quot;title&quot;:&quot;Message&quot;,&quot;ftype&quot;:&quot;ftextarea&quot;,&quot;userhelp&quot;:&quot;&quot;,&quot;csslayout&quot;:&quot;&quot;,&quot;predefined&quot;:&quot;&quot;,&quot;shortlabel&quot;:&quot;&quot;,&quot;userhelpTooltip&quot;:&quot;&quot;,&quot;predefinedClick&quot;:false,&quot;minlength&quot;:&quot;&quot;,&quot;maxlength&quot;:&quot;&quot;},{&quot;name&quot;:&quot;fieldname1&quot;,&quot;index&quot;:4,&quot;message&quot;:&quot;Les donn\\u00e9es personnelles recueillies sur le site r\\u00e9sultent de la communication volontaire d\\u2019une adresse de courrier \\u00e9lectronique lors du d\\u00e9p\\u00f4t d\\u2019un message \\u00e9lectronique (informations non stock\\u00e9es). Elles ne servent qu\\u2019\\u00e0 transmettre les \\u00e9l\\u00e9ments d\\u2019information demand\\u00e9s. Les adresses \\u00e9lectroniques collect\\u00e9es ne feront l\\u2019objet d\\u2019aucune cession \\u00e0 des tiers ni d\\u2019aucun autre traitement.&quot;,&quot;shortlabel&quot;:&quot;&quot;,&quot;ftype&quot;:&quot;facceptance&quot;,&quot;userhelp&quot;:&quot;&quot;,&quot;userhelpTooltip&quot;:&quot;&quot;,&quot;csslayout&quot;:&quot;&quot;,&quot;title&quot;:&quot;Accept terms and conditions&quot;,&quot;value&quot;:&quot;I accept&quot;,&quot;required&quot;:true,&quot;url&quot;:&quot;&quot;}],[{&quot;title&quot;:&quot;FORMULAIRE DE CONTACT&quot;,&quot;description&quot;:&quot;Les rubriques marqu\\u00e9es * impliquent une r\\u00e9ponse&quot;,&quot;formlayout&quot;:&quot;top_aligned&quot;}]]\" \/><input type=\"hidden\" name=\"refpage_1\" id=\"refpage_1\" value=\"\"><input type=\"hidden\" name=\"cp_contactformtoemail_pform_status\" value=\"0\" \/><input name=\"anonce\" type=\"hidden\" value=\"dc435d9b46\"\/><input name=\"cftehp\" id=\"cftehp_1\" type=\"hidden\" value=\"1\"\/>\r\n<div id=\"fbuilder\">    \r\n    <div id=\"fbuilder_1\">\r\n        <div id=\"formheader_1\"><\/div>\r\n        <div id=\"fieldlist_1\"><\/div>\r\n    <\/div>\r\n<\/div>    \r\n<div style=\"display:none\">\r\n<input name=\"cftecontrolmessage\" type=\"text\" value=\"\"\/> \r\n<div id=\"cpcaptchalayer_1\" class=\"cpcaptchalayer\">\r\n  Code de s\u00e9curit\u00e9:<br \/>\r\n  <img decoding=\"async\" src=\"\/ferroviaire?cp_contactformtoemail_captcha=captcha&ps=_1&inAdmin=1&width=200&height=65&letter_count=5&min_size=25&max_size=30&noise=190&noiselength=4&bcolor=ffffff&border=000000&font=font2\"  id=\"captchaimg_1\" alt=\"security code\" border=\"0\" class=\"skip-lazy\"  \/>\r\n  <br \/>Merci d&#039;entrer le code de s\u00e9curit\u00e9:<br \/>\r\n  <div class=\"dfield\"><input type=\"text\" size=\"20\" name=\"hdcaptcha_cp_contactformtoemail_post\" id=\"hdcaptcha_cp_contactformtoemail_post_1\" value=\"\" \/>\r\n  <div class=\"cpefb_error message\" id=\"hdcaptcha_error_1\" generated=\"true\" style=\"display:none;position: absolute; left: 0px; top: 25px;\">Se il vous plait entrer un code captcha valide.<\/div>\r\n  <\/div><br \/>  \r\n<\/div>\r\n<\/div>\r\n<div id=\"cp_subbtn_1\" class=\"cp_subbtn\">Envoyer<\/div>\r\n<\/form>\r\n<script>\r\ntry{document.getElementById(\"cftehp_1\").value=\"25\";}catch(e){}\r\n<\/script>\r\n<\/div>\n\t\t\t\t\t\t<\/div>\n\t\t\t\t<\/div>\n\t\t\t\t\t<\/div>\n\t\t\t\t<\/div>\n\t\t\t\t<\/div>\n\t\t","protected":false},"excerpt":{"rendered":"<p>L\u2019ensemble du site est prot\u00e9g\u00e9 par la l\u00e9gislation fran\u00e7aise en vigueur concernant la propri\u00e9t\u00e9 intellectuelle. Les photographies mises \u00e0 votre disposition sur le site sont prot\u00e9g\u00e9es par le droit d\u2019auteur (sauf mention contraire). Elles sont et restent la propri\u00e9t\u00e9 exclusive de leurs auteurs. L\u2019utilisation en dehors du cadre familial, sur un site internet ou \u00e0<\/p>\n<div class=\"pvc_clear\"><\/div>\n<p id=\"pvc_stats_3\" class=\"pvc_stats all  \" data-element-id=\"3\" style=\"\"><i class=\"pvc-stats-icon small\" aria-hidden=\"true\"><svg aria-hidden=\"true\" focusable=\"false\" data-prefix=\"far\" data-icon=\"chart-bar\" role=\"img\" xmlns=\"http:\/\/www.w3.org\/2000\/svg\" viewBox=\"0 0 512 512\" class=\"svg-inline--fa fa-chart-bar fa-w-16 fa-2x\"><path fill=\"currentColor\" d=\"M396.8 352h22.4c6.4 0 12.8-6.4 12.8-12.8V108.8c0-6.4-6.4-12.8-12.8-12.8h-22.4c-6.4 0-12.8 6.4-12.8 12.8v230.4c0 6.4 6.4 12.8 12.8 12.8zm-192 0h22.4c6.4 0 12.8-6.4 12.8-12.8V140.8c0-6.4-6.4-12.8-12.8-12.8h-22.4c-6.4 0-12.8 6.4-12.8 12.8v198.4c0 6.4 6.4 12.8 12.8 12.8zm96 0h22.4c6.4 0 12.8-6.4 12.8-12.8V204.8c0-6.4-6.4-12.8-12.8-12.8h-22.4c-6.4 0-12.8 6.4-12.8 12.8v134.4c0 6.4 6.4 12.8 12.8 12.8zM496 400H48V80c0-8.84-7.16-16-16-16H16C7.16 64 0 71.16 0 80v336c0 17.67 14.33 32 32 32h464c8.84 0 16-7.16 16-16v-16c0-8.84-7.16-16-16-16zm-387.2-48h22.4c6.4 0 12.8-6.4 12.8-12.8v-70.4c0-6.4-6.4-12.8-12.8-12.8h-22.4c-6.4 0-12.8 6.4-12.8 12.8v70.4c0 6.4 6.4 12.8 12.8 12.8z\" class=\"\"><\/path><\/svg><\/i> <img decoding=\"async\" width=\"16\" height=\"16\" alt=\"Loading\" src=\"https:\/\/www.auzeau.fr\/ferroviaire\/wp-content\/plugins\/page-views-count\/ajax-loader-2x.gif\" border=0 \/><\/p>\n<div class=\"pvc_clear\"><\/div>\n","protected":false},"author":1,"featured_media":0,"parent":0,"menu_order":0,"comment_status":"closed","ping_status":"open","template":"elementor_header_footer","meta":{"footnotes":""},"class_list":["post-3","page","type-page","status-publish","hentry"],"_links":{"self":[{"href":"https:\/\/www.auzeau.fr\/ferroviaire\/wp-json\/wp\/v2\/pages\/3","targetHints":{"allow":["GET"]}}],"collection":[{"href":"https:\/\/www.auzeau.fr\/ferroviaire\/wp-json\/wp\/v2\/pages"}],"about":[{"href":"https:\/\/www.auzeau.fr\/ferroviaire\/wp-json\/wp\/v2\/types\/page"}],"author":[{"embeddable":true,"href":"https:\/\/www.auzeau.fr\/ferroviaire\/wp-json\/wp\/v2\/users\/1"}],"replies":[{"embeddable":true,"href":"https:\/\/www.auzeau.fr\/ferroviaire\/wp-json\/wp\/v2\/comments?post=3"}],"version-history":[{"count":3,"href":"https:\/\/www.auzeau.fr\/ferroviaire\/wp-json\/wp\/v2\/pages\/3\/revisions"}],"predecessor-version":[{"id":5312,"href":"https:\/\/www.auzeau.fr\/ferroviaire\/wp-json\/wp\/v2\/pages\/3\/revisions\/5312"}],"wp:attachment":[{"href":"https:\/\/www.auzeau.fr\/ferroviaire\/wp-json\/wp\/v2\/media?parent=3"}],"curies":[{"name":"wp","href":"https:\/\/api.w.org\/{rel}","templated":true}]}}