{"id":600,"date":"2018-06-26T08:35:37","date_gmt":"2018-06-26T06:35:37","guid":{"rendered":"http:\/\/www.auzeau.fr\/avions\/?page_id=600"},"modified":"2024-07-02T21:41:17","modified_gmt":"2024-07-02T19:41:17","slug":"contact-legal","status":"publish","type":"page","link":"https:\/\/www.auzeau.fr\/avions\/contact-legal\/","title":{"rendered":"Contact &#8211; Informations l\u00e9gales"},"content":{"rendered":"\t\t<div data-elementor-type=\"wp-post\" data-elementor-id=\"600\" class=\"elementor elementor-600\">\n\t\t\t\t\t\t<section class=\"elementor-section elementor-top-section elementor-element elementor-element-6c05b22 elementor-section-boxed elementor-section-height-default elementor-section-height-default\" data-id=\"6c05b22\" data-element_type=\"section\" data-e-type=\"section\">\n\t\t\t\t\t\t<div class=\"elementor-container elementor-column-gap-default\">\n\t\t\t\t\t<div class=\"elementor-column elementor-col-50 elementor-top-column elementor-element elementor-element-28ec5b8\" data-id=\"28ec5b8\" data-element_type=\"column\" data-e-type=\"column\">\n\t\t\t<div class=\"elementor-widget-wrap elementor-element-populated\">\n\t\t\t\t\t\t<div class=\"elementor-element elementor-element-265058e elementor-widget elementor-widget-text-editor\" data-id=\"265058e\" data-element_type=\"widget\" data-e-type=\"widget\" data-widget_type=\"text-editor.default\">\n\t\t\t\t<div class=\"elementor-widget-container\">\n\t\t\t\t\t\t\t\t\t<p><span style=\"font-size: 8pt;\">L&#8217;ensemble du site est prot\u00e9g\u00e9 par la l\u00e9gislation fran\u00e7aise en vigueur concernant la propri\u00e9t\u00e9 intellectuelle.<\/span><\/p><p><span style=\"font-size: 8pt;\">Les photographies mises \u00e0 votre disposition sur le site sont prot\u00e9g\u00e9es par le droit d&#8217;auteur (sauf mention contraire).<\/span><\/p><ul><li><span style=\"font-size: 8pt;\">Elles sont et restent la propri\u00e9t\u00e9 exclusive de leurs auteurs.<\/span><\/li><li><span style=\"font-size: 8pt;\">L&#8217;utilisation en dehors du cadre familial, sur un site internet ou \u00e0 des fins professionnelles est interdite sans l&#8217;autorisation \u00e9crite de l&#8217;auteur ou des ayants droits.<\/span><\/li><li><span style=\"font-size: 8pt;\">Tout recadrage ou toute suppression ou effacement du copyright est interdite.<\/span><\/li><\/ul><p><span style=\"font-size: 8pt; color: #000000;\" data-mce-mark=\"1\"><strong>DROIT A L&#8217;IMAGE<\/strong><\/span><\/p><p><span style=\"font-size: 8pt;\">Toute personne a, sur son image et sur l&#8217;utilisation qui en est faite, un droit exclusif qui lui permet de s&#8217;opposer \u00e0 sa reproduction sans son autorisation expresse et sp\u00e9ciale.<\/span><br \/><span style=\"font-size: 8pt;\">Le droit \u00e0 l\u2019image d\u00e9coule du droit au respect de la vie priv\u00e9e.<\/span><br \/><span style=\"font-size: 8pt; color: #000000;\">L\u2019autorisation n\u2019est pas n\u00e9cessaire :<\/span><\/p><ul><li><span style=\"font-size: 8pt;\">Lorsque l\u2019int\u00e9ress\u00e9 est li\u00e9 fortuitement \u00e0 un \u00e9v\u00e8nement d\u2019actualit\u00e9 pourvu que l\u2019image ait pour objet central l\u2019\u00e9v\u00e8nement en question.<\/span><\/li><li><span style=\"font-size: 8pt;\">Il est permis de fixer l\u2019image d\u2019un groupe de personnes sur un lieu public sans demander l\u2019autorisation de chacun \u00e0 la condition que l\u2019image ne centre pas l\u2019attention sur l\u2019une ou l\u2019autre d\u2019entre elles.<\/span><\/li><li><span style=\"font-size: 8pt;\">Lorsque la personne n\u2019est pas identifiable sur l\u2019image en cause : prise de vue de dos, de trois quart ou techniques de &#8220;floutage&#8221; des visages\u2026\u2026.<\/span><\/li><\/ul><p><span style=\"font-size: 8pt; color: #000000;\" data-mce-mark=\"1\"><strong>DONN\u00c9ES PERSONNELLES<\/strong><\/span><\/p><p><span style=\"font-size: 8pt;\" data-mce-mark=\"1\">Les donn\u00e9es personnelles recueillies sur le site r\u00e9sultent de la communication volontaire d\u2019une adresse de courrier \u00e9lectronique lors du d\u00e9p\u00f4t d\u2019un message \u00e9lectronique (informations non stock\u00e9es). Elles <\/span><span style=\"font-size: 8pt;\" data-mce-mark=\"1\">ne servent qu\u2019\u00e0 transmettre les \u00e9l\u00e9ments d\u2019information demand\u00e9s. Les adresses \u00e9lectroniques collect\u00e9es ne feront l\u2019objet d\u2019aucune cession \u00e0 des tiers ni d\u2019aucun autre traitement.<\/span><\/p><p style=\"text-align: center;\"><span style=\"color: #000000;\"><strong>INFOS H\u00c9BERGEUR<\/strong><\/span><\/p><p style=\"text-align: center;\"><a class=\"lien_ext\" href=\"https:\/\/www.strato.fr\/\" target=\"_blank\" rel=\"noopener\"><strong>STRATO AG<\/strong><\/a><br \/>Pascalstra\u00dfe 10,<br \/>10587 Berlin<br \/>Allemagne<\/p>\t\t\t\t\t\t\t\t<\/div>\n\t\t\t\t<\/div>\n\t\t\t\t\t<\/div>\n\t\t<\/div>\n\t\t\t\t<div class=\"elementor-column elementor-col-50 elementor-top-column elementor-element elementor-element-d47e07f\" data-id=\"d47e07f\" data-element_type=\"column\" data-e-type=\"column\">\n\t\t\t<div class=\"elementor-widget-wrap elementor-element-populated\">\n\t\t\t\t\t\t<div class=\"elementor-element elementor-element-9474b25 elementor-widget elementor-widget-shortcode\" data-id=\"9474b25\" data-element_type=\"widget\" data-e-type=\"widget\" data-widget_type=\"shortcode.default\">\n\t\t\t\t<div class=\"elementor-widget-container\">\n\t\t\t\t\t\t\t<div class=\"elementor-shortcode\">        <script type=\"text\/javascript\">\n         function cp_contactformtoemail_pform_doValidate_1(form)\n         {\n            document.cp_contactformtoemail_pform_1.cp_ref_page.value = document.location;\n            $dexQuery = jQuery.noConflict();            {\n                var cpefb_error = 0;\n                $dexQuery(\"#cp_contactformtoemail_pform_1\").find(\".cpefb_error\").each(function(index){\n                    if ($dexQuery(this).css(\"display\")!=\"none\")\n                        cpefb_error++;\n                    });\n                if (cpefb_error) return false;\n                if (document.cp_contactformtoemail_pform_1.cp_contactformtoemail_pform_status.value != '0')\n                           return false;\n                document.getElementById(\"refpage_1\").value = document.location;\n                cfte_blink(\".pbSubmit\");\n                document.cp_contactformtoemail_pform_1.cp_contactformtoemail_pform_status.value = '2';return true;            }\n         }\n         function cfte_blink(selector){\n                 try {\n                     $dexQuery = jQuery.noConflict();\n                     $dexQuery(selector).fadeOut(700, function(){\n                         $dexQuery(this).fadeIn(700, function(){\n                             try {\n                                 if (document.cp_contactformtoemail_pform_1.cp_contactformtoemail_pform_status.value != '0')\n                                     cfte_blink(this);\n                             } catch (e) {}\n                         });\n                     });\n                 } catch (e) {}\n         }\n         function cp_contactformtoemail_cerror_1(){$dexQuery = jQuery.noConflict();$dexQuery(\"#hdcaptcha_error_1\").css('top',$dexQuery(\"#hdcaptcha_cp_contactformtoemail_post_1\").outerHeight());$dexQuery(\"#hdcaptcha_error_1\").css(\"display\",\"inline\");}\n        <\/script>\n        <div id=\"cftedialog\" style=\"display:none;\">Thank you.<\/div>\n        <form class=\"cpp_form no-prefetch\" name=\"cp_contactformtoemail_pform_1\" id=\"cp_contactformtoemail_pform_1\" action=\"\/avions\/contact-legal\/?ahbnocache=467030\" method=\"post\" enctype=\"multipart\/form-data\" onsubmit=\"return cp_contactformtoemail_pform_doValidate_1(this);\"><input type=\"hidden\" name=\"cp_pform_psequence\" value=\"_1\" \/><input type=\"hidden\" name=\"cp_contactformtoemail_pform_process\" value=\"1\" \/><input type=\"hidden\" name=\"cp_contactformtoemail_id\" value=\"1\" \/><input type=\"hidden\" name=\"cp_ref_page\" value=\"\" \/><input type=\"hidden\" name=\"form_structure_1\" id=\"form_structure_1\" size=\"180\" value=\"[[{&quot;name&quot;:&quot;fieldname1&quot;,&quot;index&quot;:0,&quot;title&quot;:&quot;Pr\\u00e9nom - Nom&quot;,&quot;required&quot;:false,&quot;shortlabel&quot;:&quot;&quot;,&quot;ftype&quot;:&quot;ftext&quot;,&quot;userhelp&quot;:&quot;&quot;,&quot;userhelpTooltip&quot;:&quot;&quot;,&quot;csslayout&quot;:&quot;&quot;,&quot;predefined&quot;:&quot;&quot;,&quot;predefinedClick&quot;:false,&quot;size&quot;:&quot;medium&quot;,&quot;minlength&quot;:&quot;&quot;,&quot;maxlength&quot;:&quot;&quot;,&quot;equalTo&quot;:&quot;&quot;},{&quot;name&quot;:&quot;email&quot;,&quot;index&quot;:1,&quot;title&quot;:&quot;E-Mail&quot;,&quot;ftype&quot;:&quot;femail&quot;,&quot;userhelp&quot;:&quot;&quot;,&quot;csslayout&quot;:&quot;&quot;,&quot;required&quot;:true,&quot;predefined&quot;:&quot;&quot;,&quot;size&quot;:&quot;medium&quot;,&quot;shortlabel&quot;:&quot;&quot;,&quot;userhelpTooltip&quot;:&quot;&quot;,&quot;predefinedClick&quot;:false,&quot;equalTo&quot;:&quot;&quot;},{&quot;name&quot;:&quot;subject&quot;,&quot;index&quot;:2,&quot;title&quot;:&quot;Objet de votre message :&quot;,&quot;required&quot;:false,&quot;ftype&quot;:&quot;ftext&quot;,&quot;userhelp&quot;:&quot;&quot;,&quot;csslayout&quot;:&quot;&quot;,&quot;predefined&quot;:&quot;&quot;,&quot;size&quot;:&quot;medium&quot;,&quot;maxlength&quot;:&quot;&quot;,&quot;shortlabel&quot;:&quot;&quot;,&quot;userhelpTooltip&quot;:&quot;&quot;,&quot;predefinedClick&quot;:false,&quot;minlength&quot;:&quot;&quot;,&quot;equalTo&quot;:&quot;&quot;},{&quot;name&quot;:&quot;message&quot;,&quot;index&quot;:3,&quot;size&quot;:&quot;large&quot;,&quot;required&quot;:true,&quot;title&quot;:&quot;Message&quot;,&quot;ftype&quot;:&quot;ftextarea&quot;,&quot;userhelp&quot;:&quot;&quot;,&quot;csslayout&quot;:&quot;&quot;,&quot;predefined&quot;:&quot;&quot;,&quot;maxlength&quot;:&quot;2000&quot;,&quot;predefinedClick&quot;:true,&quot;shortlabel&quot;:&quot;&quot;,&quot;userhelpTooltip&quot;:&quot;&quot;,&quot;minlength&quot;:&quot;&quot;}],[{&quot;title&quot;:&quot;Formulaire de contact&quot;,&quot;description&quot;:&quot;&lt;br \\\/&gt;    \\n&lt;font color=\\&quot;red\\&quot;&gt;* mentions obligatoires&lt;\\\/font&gt;&quot;,&quot;formlayout&quot;:&quot;top_aligned&quot;}]]\" \/><input type=\"hidden\" name=\"refpage_1\" id=\"refpage_1\" value=\"\"><input type=\"hidden\" name=\"cp_contactformtoemail_pform_status\" value=\"0\" \/><input name=\"anonce\" type=\"hidden\" value=\"3129a1e8ef\"\/><input name=\"cftehp\" id=\"cftehp_1\" type=\"hidden\" value=\"1\"\/>\r\n<div id=\"fbuilder\">    \r\n    <div id=\"fbuilder_1\">\r\n        <div id=\"formheader_1\"><\/div>\r\n        <div id=\"fieldlist_1\"><\/div>\r\n    <\/div>\r\n<\/div>    \r\n<div style=\"display:none\">\r\n<input name=\"cftecontrolmessage\" type=\"text\" value=\"\"\/> \r\n<div id=\"cpcaptchalayer_1\" class=\"cpcaptchalayer\">\r\n<\/div>\r\n<\/div>\r\n<div id=\"cp_subbtn_1\" class=\"cp_subbtn\">Envoyer<\/div>\r\n<\/form>\r\n<script>\r\ntry{document.getElementById(\"cftehp_1\").value=\"25\";}catch(e){}\r\n<\/script>\r\n<\/div>\n\t\t\t\t\t\t<\/div>\n\t\t\t\t<\/div>\n\t\t\t\t\t<\/div>\n\t\t<\/div>\n\t\t\t\t\t<\/div>\n\t\t<\/section>\n\t\t\t\t<\/div>\n\t\t","protected":false},"excerpt":{"rendered":"<p>L&#8217;ensemble du site est prot\u00e9g\u00e9 par la l\u00e9gislation fran\u00e7aise en vigueur concernant la propri\u00e9t\u00e9 intellectuelle. Les photographies mises \u00e0 votre disposition sur le site sont prot\u00e9g\u00e9es par le droit d&#8217;auteur (sauf mention contraire). Elles sont et restent la propri\u00e9t\u00e9 exclusive de leurs auteurs. L&#8217;utilisation en dehors du cadre familial, sur un site internet ou \u00e0 [&hellip;]<\/p>\n","protected":false},"author":1,"featured_media":0,"parent":0,"menu_order":0,"comment_status":"closed","ping_status":"closed","template":"","meta":{"footnotes":""},"class_list":["post-600","page","type-page","status-publish","hentry"],"_links":{"self":[{"href":"https:\/\/www.auzeau.fr\/avions\/wp-json\/wp\/v2\/pages\/600","targetHints":{"allow":["GET"]}}],"collection":[{"href":"https:\/\/www.auzeau.fr\/avions\/wp-json\/wp\/v2\/pages"}],"about":[{"href":"https:\/\/www.auzeau.fr\/avions\/wp-json\/wp\/v2\/types\/page"}],"author":[{"embeddable":true,"href":"https:\/\/www.auzeau.fr\/avions\/wp-json\/wp\/v2\/users\/1"}],"replies":[{"embeddable":true,"href":"https:\/\/www.auzeau.fr\/avions\/wp-json\/wp\/v2\/comments?post=600"}],"version-history":[{"count":0,"href":"https:\/\/www.auzeau.fr\/avions\/wp-json\/wp\/v2\/pages\/600\/revisions"}],"wp:attachment":[{"href":"https:\/\/www.auzeau.fr\/avions\/wp-json\/wp\/v2\/media?parent=600"}],"curies":[{"name":"wp","href":"https:\/\/api.w.org\/{rel}","templated":true}]}}