{"id":99736,"date":"2021-12-31T08:37:28","date_gmt":"2021-12-31T07:37:28","guid":{"rendered":"http:\/\/39-45.auzeau.fr\/?page_id=99736"},"modified":"2021-12-31T09:40:02","modified_gmt":"2021-12-31T08:40:02","slug":"13-marseille-saint-pierre-2","status":"publish","type":"page","link":"https:\/\/www.auzeau.fr\/39-45\/france\/13-bouches-du-rhone\/13-marseille-saint-pierre-2\/","title":{"rendered":"13 &#8211; Marseille Saint-Pierre"},"content":{"rendered":"<p><img fetchpriority=\"high\" decoding=\"async\" class=\"aligncenter size-full wp-image-99723\" title=\"Marseille-St-Pierre\" src=\"https:\/\/www.auzeau.fr\/39-45\/wp-content\/uploads\/Cimetieres\/01 -- 30\/13 - Bouches-du-Rhone\/Marseille-St-Pierre\/Marseille-St-Pierre.jpg\" alt=\"\" width=\"900\" height=\"500\" srcset=\"https:\/\/www.auzeau.fr\/39-45\/wp-content\/uploads\/Cimetieres\/01%20--%2030\/13%20-%20Bouches-du-Rhone\/Marseille-St-Pierre\/Marseille-St-Pierre.jpg 900w, https:\/\/www.auzeau.fr\/39-45\/wp-content\/uploads\/Cimetieres\/01%20--%2030\/13%20-%20Bouches-du-Rhone\/Marseille-St-Pierre\/Marseille-St-Pierre-300x167.jpg 300w, https:\/\/www.auzeau.fr\/39-45\/wp-content\/uploads\/Cimetieres\/01%20--%2030\/13%20-%20Bouches-du-Rhone\/Marseille-St-Pierre\/Marseille-St-Pierre-768x427.jpg 768w\" sizes=\"(max-width: 900px) 100vw, 900px\" \/><\/p>\n<table style=\"width: 100%;\" border=\"0\">\n<tbody>\n<tr>\n<td style=\"width: 5%;\"><\/td>\n<td style=\"width: 5%;\"><\/td>\n<td style=\"width: 2%;\"><\/td>\n<td style=\"width: 8%;\"><\/td>\n<td style=\"width: 5%;\"><\/td>\n<td style=\"width: 5%;\"><\/td>\n<td style=\"width: 5%;\"><\/td>\n<td style=\"width: 2%;\"><\/td>\n<td style=\"width: 8%;\"><\/td>\n<td style=\"width: 2%;\"><\/td>\n<td style=\"width: 5%;\"><\/td>\n<td style=\"width: 3%;\"><\/td>\n<td style=\"width: 5%;\"><\/td>\n<td style=\"width: 5%;\"><\/td>\n<td style=\"width: 5%;\"><\/td>\n<td style=\"width: 5%;\"><\/td>\n<td style=\"width: 5%;\"><\/td>\n<td style=\"width: 5%;\"><\/td>\n<td style=\"width: 5%;\"><\/td>\n<td style=\"width: 10%;\"><\/td>\n<\/tr>\n<tr>\n<td style=\"width: 75%;\" colspan=\"16\"><span style=\"font-size: xx-large;\"><strong><span style=\"color: #000000;\">Hurricane R4080<br \/>\n<\/span><\/strong><\/span><\/td>\n<td style=\"width: 25%; text-align: center;\" colspan=\"4\"><span style=\"font-size: xx-large;\"><strong>59 <span class='tooltipsall tooltipsincontent classtoolTips104'>OTU<\/span><br \/>\n<\/strong><\/span><\/td>\n<\/tr>\n<tr>\n<td style=\"width: 75%;\" colspan=\"16\"><\/td>\n<td style=\"width: 25%; text-align: center;\" colspan=\"4\"><\/td>\n<\/tr>\n<tr style=\"height: 40px;\">\n<td style=\"text-align: right; width: 5%;\"><\/td>\n<td style=\"text-align: right; width: 5%;\"><\/td>\n<td style=\"text-align: right; width: 2%;\"><\/td>\n<td style=\"text-align: right; width: 8%;\"><\/td>\n<td style=\"text-align: right; width: 5%;\"><\/td>\n<td style=\"text-align: right; width: 5%;\"><\/td>\n<td style=\"text-align: right; width: 5%;\"><\/td>\n<td style=\"text-align: right; width: 2%;\"><\/td>\n<td style=\"text-align: right; width: 8%;\"><\/td>\n<td style=\"text-align: right; width: 2%;\"><\/td>\n<td style=\"text-align: right; width: 5%;\"><\/td>\n<td style=\"text-align: right; width: 3%;\"><\/td>\n<td style=\"text-align: right; width: 5%;\"><\/td>\n<td style=\"text-align: right; width: 5%;\"><\/td>\n<td style=\"text-align: right; width: 5%;\"><\/td>\n<td style=\"text-align: right; width: 5%;\"><\/td>\n<td style=\"text-align: right; width: 5%;\"><\/td>\n<td style=\"text-align: right; width: 5%;\"><\/td>\n<td style=\"text-align: right; width: 5%;\"><\/td>\n<td style=\"text-align: right; width: 10%;\"><\/td>\n<\/tr>\n<tr>\n<td style=\"text-align: right; width: 5%;\"><\/td>\n<td style=\"text-align: right; width: 5%;\"><span style=\"font-size: 14px;\"><strong>Date<\/strong><\/span><\/td>\n<td style=\"width: 2%; text-align: center;\"><strong>:<\/strong><\/td>\n<td style=\"width: 13%; text-align: left;\" colspan=\"4\"><span style=\"font-size: 14px;\"><em>11 novembre 1941<br \/>\n<\/em><\/span><\/td>\n<td style=\"text-align: right; width: 2%;\"><\/td>\n<td style=\"text-align: right; width: 8%;\"><span style=\"font-size: 14px;\"><strong>Mission<\/strong><\/span><\/td>\n<td style=\"width: 2%; text-align: center;\"><strong><span style=\"font-size: 14px;\">:<\/span><\/strong><\/td>\n<td style=\"text-align: left; width: 53%;\" colspan=\"10\"><span style=\"font-size: 14px;\"><em>\u00a0Vol d&#8217;entrainement<br \/>\n<\/em><\/span><\/td>\n<\/tr>\n<tr style=\"height: 40px;\">\n<td style=\"text-align: right; width: 5%;\"><\/td>\n<td style=\"text-align: right; width: 5%;\"><\/td>\n<td style=\"width: 2%; text-align: center;\"><\/td>\n<td style=\"width: 8%; text-align: left;\"><\/td>\n<td style=\"text-align: right; width: 5%;\"><\/td>\n<td style=\"text-align: right; width: 5%;\"><\/td>\n<td style=\"text-align: right; width: 5%;\"><\/td>\n<td style=\"text-align: right; width: 2%;\"><\/td>\n<td style=\"text-align: right; width: 8%;\"><\/td>\n<td style=\"width: 2%; text-align: center;\"><\/td>\n<td style=\"text-align: left; width: 5%;\"><\/td>\n<td style=\"text-align: left; width: 3%;\"><\/td>\n<td style=\"text-align: left; width: 5%;\"><\/td>\n<td style=\"text-align: left; width: 5%;\"><\/td>\n<td style=\"text-align: left; width: 5%;\"><\/td>\n<td style=\"text-align: left; width: 5%;\"><\/td>\n<td style=\"text-align: left; width: 5%;\"><\/td>\n<td style=\"text-align: left; width: 5%;\"><\/td>\n<td style=\"text-align: left; width: 5%;\"><\/td>\n<td style=\"text-align: left; width: 10%;\"><\/td>\n<\/tr>\n<tr style=\"height: 40px;\">\n<td style=\"text-align: right; width: 10%;\" colspan=\"2\"><\/td>\n<td style=\"width: 2%; text-align: center;\"><\/td>\n<td style=\"text-align: right; width: 23%;\" colspan=\"4\"><span style=\"font-size: 14px;\"><strong>D\u00e9collage<\/strong><\/span><\/td>\n<td style=\"width: 2%; text-align: center;\"><strong>:<\/strong><\/td>\n<td style=\"text-align: left; width: 63%;\" colspan=\"12\"><em>Crosby-on-Eden (G.B.)<\/em><\/td>\n<\/tr>\n<tr style=\"height: 40px;\">\n<td style=\"text-align: right; width: 10%;\" colspan=\"2\"><\/td>\n<td style=\"width: 2%; text-align: center;\"><\/td>\n<td style=\"text-align: right; width: 23%;\" colspan=\"4\"><span style=\"font-size: 14px;\"><strong>Causes de la perte<br \/>\n<\/strong><\/span><\/td>\n<td style=\"width: 2%; text-align: center;\"><strong>:<br \/>\n<\/strong><\/td>\n<td style=\"text-align: left; width: 63%;\" colspan=\"12\"><span style=\"font-size: 14px;\"><em>Collision en vol. Appareil \u00e9vacu\u00e9 mais le parachute ne s&#8217;ouvre pas<br \/>\n<\/em><\/span><\/td>\n<\/tr>\n<tr style=\"height: 40px;\">\n<td style=\"text-align: right; width: 10%;\" colspan=\"2\"><\/td>\n<td style=\"width: 2%; text-align: center;\"><\/td>\n<td style=\"text-align: right; width: 23%;\" colspan=\"4\"><span style=\"font-size: 14px;\"><strong>Lieu de la perte<br \/>\n<\/strong><\/span><\/td>\n<td style=\"width: 2%; text-align: center;\"><strong>:<br \/>\n<\/strong><\/td>\n<td style=\"text-align: left; width: 63%;\" colspan=\"12\"><span style=\"font-size: 14px;\"><em>Crosby-on-Eden (G.B.)<br \/>\n<\/em><\/span><\/td>\n<\/tr>\n<tr style=\"height: 40px;\">\n<td style=\"width: 5%;\"><\/td>\n<td style=\"width: 5%;\"><\/td>\n<td style=\"width: 2%; text-align: center;\"><\/td>\n<td style=\"text-align: right; width: 8%;\"><\/td>\n<td style=\"text-align: right; width: 5%;\"><\/td>\n<td style=\"text-align: right; width: 5%;\"><\/td>\n<td style=\"text-align: right; width: 5%;\"><\/td>\n<td style=\"width: 2%; text-align: center;\"><\/td>\n<td style=\"text-align: left; width: 8%;\"><\/td>\n<td style=\"text-align: left; width: 2%;\"><\/td>\n<td style=\"text-align: left; width: 5%;\"><\/td>\n<td style=\"text-align: left; width: 3%;\"><\/td>\n<td style=\"text-align: left; width: 5%;\"><\/td>\n<td style=\"text-align: left; width: 5%;\"><\/td>\n<td style=\"text-align: left; width: 5%;\"><\/td>\n<td style=\"text-align: left; width: 5%;\"><\/td>\n<td style=\"text-align: left; width: 5%;\"><\/td>\n<td style=\"text-align: left; width: 5%;\"><\/td>\n<td style=\"text-align: left; width: 5%;\"><\/td>\n<td style=\"text-align: left; width: 10%;\"><\/td>\n<\/tr>\n<tr style=\"height: 60px;\">\n<td style=\"width: 5%;\"><span style=\"font-size: 14px;\"><img decoding=\"async\" class=\"aligncenter size-full wp-image-47214\" title=\"France\" src=\"https:\/\/www.auzeau.fr\/39-45\/wp-content\/uploads\/images\/Drapeaux\/France.png\" alt=\"France\" width=\"40\" height=\"20\" \/><\/span><\/td>\n<td style=\"width: 5%;\"><span class='tooltipsall tooltipsincontent classtoolTips96'>Sgt<\/span><\/td>\n<td style=\"text-align: left;\" colspan=\"5\">Jean<\/td>\n<td style=\"text-align: left;\" colspan=\"3\"><strong><span style=\"color: #000000;\">MOREUX<\/span><\/strong><\/td>\n<td style=\"text-align: center;\" colspan=\"2\"><span class='tooltipsall tooltipsincontent classtoolTips151'>Pil<\/span><\/td>\n<td style=\"width: 5%; text-align: center;\"><span class='tooltipsall tooltipsincontent classtoolTips69'>FAFL<\/span><\/td>\n<td style=\"text-align: center;\" colspan=\"2\">30.597<\/td>\n<td style=\"width: 5%; text-align: center;\"><span style=\"color: #000000;\"><strong><span class='tooltipsall tooltipsincontent classtoolTips110'>KIA<\/span><\/strong><\/span><\/td>\n<td style=\"text-align: left;\" colspan=\"4\"><span style=\"color: #000000;\"><strong><img decoding=\"async\" class=\"size-full wp-image-47290 alignleft\" title=\"Medaille de la Resistance\" src=\"https:\/\/www.auzeau.fr\/39-45\/wp-content\/uploads\/images\/Medaille\/Medaille-de-la-Resistance.svg_.png\" alt=\"M\u00e9daille de la R\u00e9sistance\" width=\"73\" height=\"20\" \/><span class='tooltipsall tooltipsincontent classtoolTips126'>MPF<\/span><br \/>\n<\/strong><\/span><\/td>\n<\/tr>\n<\/tbody>\n<\/table>\n<div id='gallery-1' class='gallery galleryid-99736 gallery-columns-3 gallery-size-thumbnail'><figure class='gallery-item'>\n\t\t\t<div class='gallery-icon portrait'>\n\t\t\t\t<a title=\"Jean.Moreux\"  title=\"Jean.Moreux\"  href='https:\/\/www.auzeau.fr\/39-45\/wp-content\/uploads\/Cimetieres\/01%20--%2030\/13%20-%20Bouches-du-Rhone\/Marseille-St-Pierre\/Hurricane\/Jean.Moreux.jpg'><img loading=\"lazy\" decoding=\"async\" width=\"150\" height=\"150\" src=\"https:\/\/www.auzeau.fr\/39-45\/wp-content\/uploads\/Cimetieres\/01 -- 30\/13 - Bouches-du-Rhone\/Marseille-St-Pierre\/Hurricane\/Jean.Moreux-150x150.jpg\" class=\"attachment-thumbnail size-thumbnail\" alt=\"\" srcset=\"https:\/\/www.auzeau.fr\/39-45\/wp-content\/uploads\/Cimetieres\/01%20--%2030\/13%20-%20Bouches-du-Rhone\/Marseille-St-Pierre\/Hurricane\/Jean.Moreux-150x150.jpg 150w, https:\/\/www.auzeau.fr\/39-45\/wp-content\/uploads\/Cimetieres\/01%20--%2030\/13%20-%20Bouches-du-Rhone\/Marseille-St-Pierre\/Hurricane\/Jean.Moreux-50x50.jpg 50w\" sizes=\"(max-width: 150px) 100vw, 150px\" \/><\/a>\n\t\t\t<\/div><\/figure><figure class='gallery-item'>\n\t\t\t<div class='gallery-icon landscape'>\n\t\t\t\t<a title=\"J.Moreux\"  title=\"J.Moreux\"  href='https:\/\/www.auzeau.fr\/39-45\/wp-content\/uploads\/Cimetieres\/01%20--%2030\/13%20-%20Bouches-du-Rhone\/Marseille-St-Pierre\/Hurricane\/J.Moreux.jpg'><img loading=\"lazy\" decoding=\"async\" width=\"150\" height=\"150\" src=\"https:\/\/www.auzeau.fr\/39-45\/wp-content\/uploads\/Cimetieres\/01 -- 30\/13 - Bouches-du-Rhone\/Marseille-St-Pierre\/Hurricane\/J.Moreux-150x150.jpg\" class=\"attachment-thumbnail size-thumbnail\" alt=\"\" srcset=\"https:\/\/www.auzeau.fr\/39-45\/wp-content\/uploads\/Cimetieres\/01%20--%2030\/13%20-%20Bouches-du-Rhone\/Marseille-St-Pierre\/Hurricane\/J.Moreux-150x150.jpg 150w, https:\/\/www.auzeau.fr\/39-45\/wp-content\/uploads\/Cimetieres\/01%20--%2030\/13%20-%20Bouches-du-Rhone\/Marseille-St-Pierre\/Hurricane\/J.Moreux-50x50.jpg 50w\" sizes=\"(max-width: 150px) 100vw, 150px\" \/><\/a>\n\t\t\t<\/div><\/figure><figure class='gallery-item'>\n\t\t\t<div class='gallery-icon portrait'>\n\t\t\t\t<a title=\"MOREUX\"  title=\"MOREUX\"  href='https:\/\/www.auzeau.fr\/39-45\/wp-content\/uploads\/Cimetieres\/01%20--%2030\/13%20-%20Bouches-du-Rhone\/Marseille-St-Pierre\/Hurricane\/MOREUX.jpg'><img loading=\"lazy\" decoding=\"async\" width=\"150\" height=\"150\" src=\"https:\/\/www.auzeau.fr\/39-45\/wp-content\/uploads\/Cimetieres\/01 -- 30\/13 - Bouches-du-Rhone\/Marseille-St-Pierre\/Hurricane\/MOREUX-150x150.jpg\" class=\"attachment-thumbnail size-thumbnail\" alt=\"\" srcset=\"https:\/\/www.auzeau.fr\/39-45\/wp-content\/uploads\/Cimetieres\/01%20--%2030\/13%20-%20Bouches-du-Rhone\/Marseille-St-Pierre\/Hurricane\/MOREUX-150x150.jpg 150w, https:\/\/www.auzeau.fr\/39-45\/wp-content\/uploads\/Cimetieres\/01%20--%2030\/13%20-%20Bouches-du-Rhone\/Marseille-St-Pierre\/Hurricane\/MOREUX-50x50.jpg 50w\" sizes=\"(max-width: 150px) 100vw, 150px\" \/><\/a>\n\t\t\t<\/div><\/figure>\n\t\t<\/div>\n\n<table style=\"width: 100%; border-collapse: collapse; background-color: #d9d7d7;\">\n<tbody>\n<tr>\n<td style=\"width: 100%; text-align: center;\"><ul id=\"menu-13-marseille-st-pierre\" class=\"menu\"><li id=\"menu-item-99814\" class=\"menu-item menu-item-type-post_type menu-item-object-page menu-item-99814\"><a href=\"https:\/\/www.auzeau.fr\/39-45\/france\/13-bouches-du-rhone\/13-marseille-saint-pierre\/\">Potez 63.11 n\u00b0 827<\/a><\/li>\n<li id=\"menu-item-99813\" class=\"menu-item menu-item-type-post_type menu-item-object-page menu-item-99813\"><a href=\"https:\/\/www.auzeau.fr\/39-45\/france\/13-bouches-du-rhone\/13-marseille-saint-pierre-2\/\">Hurricane R4080<\/a><\/li>\n<li id=\"menu-item-99812\" class=\"menu-item menu-item-type-post_type menu-item-object-page menu-item-99812\"><a href=\"https:\/\/www.auzeau.fr\/39-45\/france\/13-bouches-du-rhone\/13-marseille-saint-pierre-3\/\">Yak 9 n\u00b0434<\/a><\/li>\n<\/ul><\/td>\n<\/tr>\n<\/tbody>\n<\/table>\n<hr \/>\n<p style=\"text-align: center;\"><ul id=\"menu-13-bouches-du-rhone\" class=\"menu\"><li id=\"menu-item-99926\" class=\"menu-item menu-item-type-post_type menu-item-object-page menu-item-99926\"><a href=\"https:\/\/www.auzeau.fr\/39-45\/france\/13-bouches-du-rhone\/13-aix-en-provence-necropole-nationale\/\">13 \u2013 Aix-en-Provence N\u00e9cropole Nationale<\/a><\/li>\n<li id=\"menu-item-99928\" class=\"menu-item menu-item-type-post_type menu-item-object-page menu-item-99928\"><a href=\"https:\/\/www.auzeau.fr\/39-45\/france\/13-bouches-du-rhone\/13-aubagne-cimetiere-des-passons\/\">13 \u2013 Aubagne Cimeti\u00e8re des Passons<\/a><\/li>\n<li id=\"menu-item-99927\" class=\"menu-item menu-item-type-post_type menu-item-object-page menu-item-99927\"><a href=\"https:\/\/www.auzeau.fr\/39-45\/france\/13-bouches-du-rhone\/13-fuveau\/\">13 \u2013 Fuveau<\/a><\/li>\n<li id=\"menu-item-100191\" class=\"menu-item menu-item-type-post_type menu-item-object-page menu-item-100191\"><a href=\"https:\/\/www.auzeau.fr\/39-45\/france\/13-bouches-du-rhone\/13-marseille-cimetiere-du-canet\/\">13 \u2013 Marseille Cimeti\u00e8re du Canet<\/a><\/li>\n<li id=\"menu-item-99815\" class=\"menu-item menu-item-type-post_type menu-item-object-page menu-item-99815\"><a href=\"https:\/\/www.auzeau.fr\/39-45\/france\/13-bouches-du-rhone\/13-marseille-saint-pierre\/\">13 \u2013 Marseille Cimeti\u00e8re Saint-Pierre<\/a><\/li>\n<li id=\"menu-item-99080\" class=\"menu-item menu-item-type-post_type menu-item-object-page menu-item-99080\"><a href=\"https:\/\/www.auzeau.fr\/39-45\/france\/13-bouches-du-rhone\/13-marseille-mazargues-war-cemetery\/\">13 \u2013 Marseille Mazargues War Cemetery<\/a><\/li>\n<li id=\"menu-item-99816\" class=\"menu-item menu-item-type-post_type menu-item-object-page menu-item-99816\"><a href=\"https:\/\/www.auzeau.fr\/39-45\/france\/13-bouches-du-rhone\/13-martigues\/\">13 \u2013 Martigues<\/a><\/li>\n<li id=\"menu-item-104346\" class=\"menu-item menu-item-type-post_type menu-item-object-page menu-item-104346\"><a href=\"https:\/\/www.auzeau.fr\/39-45\/france\/13-bouches-du-rhone\/13-saint-cannat\/\">13 \u2013 Saint-Cannat<\/a><\/li>\n<li id=\"menu-item-99929\" class=\"menu-item menu-item-type-post_type menu-item-object-page menu-item-99929\"><a href=\"https:\/\/www.auzeau.fr\/39-45\/france\/13-bouches-du-rhone\/13-saint-remy-de-provence\/\">13 \u2013 Saint-R\u00e9my-de-Provence<\/a><\/li>\n<li id=\"menu-item-111412\" class=\"menu-item menu-item-type-post_type menu-item-object-page menu-item-111412\"><a href=\"https:\/\/www.auzeau.fr\/39-45\/france\/13-bouches-du-rhone\/13-salon-de-provence\/\">13 \u2013 Salon de Provence<\/a><\/li>\n<\/ul>\n<script type=\"text\/javascript\"> toolTips('.classtoolTips62','Passager<br\/><br\/>Passenger'); <\/script><script type=\"text\/javascript\"> toolTips('.classtoolTips69','Force A\u00e9rienne Fran\u00e7aise Libre<br\/><br\/>Free French Air Force'); <\/script><script type=\"text\/javascript\"> toolTips('.classtoolTips96','Sergent<br\/><br\/>Sergeant'); <\/script><script type=\"text\/javascript\"> toolTips('.classtoolTips98','Colonel'); <\/script><script type=\"text\/javascript\"> toolTips('.classtoolTips104','Operational Training Unit<br\/><br\/>Unit\u00e9 de Formation Op\u00e9rationnelle'); <\/script><script type=\"text\/javascript\"> toolTips('.classtoolTips110','Tu\u00e9 au combat<br\/><br\/>Killed In Action'); <\/script><script type=\"text\/javascript\"> toolTips('.classtoolTips118','Canonnier'); <\/script><script type=\"text\/javascript\"> toolTips('.classtoolTips123','Secret Intelligence Service<br\/><br\/>Service Secret'); <\/script><script type=\"text\/javascript\"> toolTips('.classtoolTips126','Mort Pour la France'); <\/script><script type=\"text\/javascript\"> toolTips('.classtoolTips132','Force A\u00e9rienne Fran\u00e7aise<br\/><br\/>French Air Force'); <\/script><script type=\"text\/javascript\"> toolTips('.classtoolTips144','Royal Corps of Signals'); <\/script><script type=\"text\/javascript\"> toolTips('.classtoolTips151','Pilote<br\/><br\/>Pilot'); <\/script><script type=\"text\/javascript\"> toolTips('.classtoolTips153','Porucznik'); <\/script><script type=\"text\/javascript\"> toolTips('.classtoolTips185','Mitrailleur<br\/><br\/>Air Gunner'); <\/script><script type=\"text\/javascript\"> toolTips('.classtoolTips188','Bombardier<br\/><br\/>Air bomber'); <\/script><script type=\"text\/javascript\"> toolTips('.classtoolTips189','M\u00e9canicien volant<br\/><br\/>Flying Enginer'); <\/script><script type=\"text\/javascript\"> toolTips('.classtoolTips197','Aircraftman'); <\/script><script type=\"text\/javascript\"> toolTips('.classtoolTips199','Radio Officer'); <\/script><script type=\"text\/javascript\"> toolTips('.classtoolTips201','Lieutenant'); <\/script>","protected":false},"excerpt":{"rendered":"<p>Hurricane R4080 59 OTU Date : 11 novembre 1941 Mission : \u00a0Vol d&#8217;entrainement D\u00e9collage : Crosby-on-Eden (G.B.) Causes de la perte : Collision en vol. Appareil \u00e9vacu\u00e9 mais le parachute ne s&#8217;ouvre pas Lieu de la perte : Crosby-on-Eden (G.B.) Sgt Jean MOREUX Pil FAFL 30.597 KIA MPF<\/p>\n","protected":false},"author":1,"featured_media":0,"parent":97924,"menu_order":0,"comment_status":"closed","ping_status":"closed","template":"template-full-width Hurricane.php","meta":{"_lmt_disableupdate":"yes","_lmt_disable":"","footnotes":""},"categories":[525],"tags":[10189],"wf_page_folders":[10002],"class_list":["post-99736","page","type-page","status-publish","hentry","category-hurricane","tag-59-otu"],"_links":{"self":[{"href":"https:\/\/www.auzeau.fr\/39-45\/wp-json\/wp\/v2\/pages\/99736","targetHints":{"allow":["GET"]}}],"collection":[{"href":"https:\/\/www.auzeau.fr\/39-45\/wp-json\/wp\/v2\/pages"}],"about":[{"href":"https:\/\/www.auzeau.fr\/39-45\/wp-json\/wp\/v2\/types\/page"}],"author":[{"embeddable":true,"href":"https:\/\/www.auzeau.fr\/39-45\/wp-json\/wp\/v2\/users\/1"}],"replies":[{"embeddable":true,"href":"https:\/\/www.auzeau.fr\/39-45\/wp-json\/wp\/v2\/comments?post=99736"}],"version-history":[{"count":0,"href":"https:\/\/www.auzeau.fr\/39-45\/wp-json\/wp\/v2\/pages\/99736\/revisions"}],"up":[{"embeddable":true,"href":"https:\/\/www.auzeau.fr\/39-45\/wp-json\/wp\/v2\/pages\/97924"}],"wp:attachment":[{"href":"https:\/\/www.auzeau.fr\/39-45\/wp-json\/wp\/v2\/media?parent=99736"}],"wp:term":[{"taxonomy":"category","embeddable":true,"href":"https:\/\/www.auzeau.fr\/39-45\/wp-json\/wp\/v2\/categories?post=99736"},{"taxonomy":"post_tag","embeddable":true,"href":"https:\/\/www.auzeau.fr\/39-45\/wp-json\/wp\/v2\/tags?post=99736"},{"taxonomy":"wf_page_folders","embeddable":true,"href":"https:\/\/www.auzeau.fr\/39-45\/wp-json\/wp\/v2\/wf_page_folders?post=99736"}],"curies":[{"name":"wp","href":"https:\/\/api.w.org\/{rel}","templated":true}]}}