{"id":98971,"date":"2021-10-10T17:05:02","date_gmt":"2021-10-10T15:05:02","guid":{"rendered":"http:\/\/39-45.auzeau.fr\/?page_id=98971"},"modified":"2022-04-16T17:57:27","modified_gmt":"2022-04-16T15:57:27","slug":"50-cherbourg-14","status":"publish","type":"page","link":"https:\/\/www.auzeau.fr\/39-45\/france\/50-manche\/50-cherbourg-14\/","title":{"rendered":"50 &#8211; Cherbourg"},"content":{"rendered":"<p><img fetchpriority=\"high\" decoding=\"async\" class=\"aligncenter size-full wp-image-98889\" title=\"Cherbourg\" src=\"https:\/\/www.auzeau.fr\/39-45\/wp-content\/uploads\/Cimetieres\/31 -- 60\/50-Manche\/Cherbourg\/Cherbourg.jpg\" alt=\"\" width=\"900\" height=\"454\" srcset=\"https:\/\/www.auzeau.fr\/39-45\/wp-content\/uploads\/Cimetieres\/31%20--%2060\/50-Manche\/Cherbourg\/Cherbourg.jpg 900w, https:\/\/www.auzeau.fr\/39-45\/wp-content\/uploads\/Cimetieres\/31%20--%2060\/50-Manche\/Cherbourg\/Cherbourg-300x151.jpg 300w, https:\/\/www.auzeau.fr\/39-45\/wp-content\/uploads\/Cimetieres\/31%20--%2060\/50-Manche\/Cherbourg\/Cherbourg-768x387.jpg 768w\" sizes=\"(max-width: 900px) 100vw, 900px\" \/><\/p>\n<table style=\"width: 100%;\" border=\"0\">\n<tbody>\n<tr>\n<td style=\"width: 5%;\"><\/td>\n<td style=\"width: 5%;\"><\/td>\n<td style=\"width: 5%;\"><\/td>\n<td style=\"width: 5%;\"><\/td>\n<td style=\"width: 5%;\"><\/td>\n<td style=\"width: 5%;\"><\/td>\n<td style=\"width: 5%;\"><\/td>\n<td style=\"width: 5%;\"><\/td>\n<td style=\"width: 5%;\"><\/td>\n<td style=\"width: 5%;\"><\/td>\n<td style=\"width: 5%;\"><\/td>\n<td style=\"width: 5%;\"><\/td>\n<td style=\"width: 5%;\"><\/td>\n<td style=\"width: 5%;\"><\/td>\n<td style=\"width: 5%;\"><\/td>\n<td style=\"width: 5%;\"><\/td>\n<td style=\"width: 5%;\"><\/td>\n<td style=\"width: 5%;\"><\/td>\n<td style=\"width: 5%;\"><\/td>\n<td style=\"width: 5%;\"><\/td>\n<\/tr>\n<tr>\n<td colspan=\"15\"><strong><span style=\"font-size: xx-large;\"><span style=\"color: #000000;\">Whirlwind P7043 HE-<\/span><br \/>\n<\/span><\/strong><\/td>\n<td style=\"text-align: center;\" colspan=\"5\"><strong><span style=\"font-size: xx-large;\">263 Sqn<br \/>\n<\/span><\/strong><\/td>\n<\/tr>\n<tr style=\"height: 40px;\">\n<td style=\"text-align: right;\" colspan=\"2\"><strong>Date : <\/strong><\/td>\n<td colspan=\"5\"><em> 07 novembre 1942<br \/>\n<\/em><\/td>\n<td style=\"text-align: right;\" colspan=\"3\"><strong>Mission : <\/strong><\/td>\n<td colspan=\"10\"><em><span class='tooltipsall tooltipsincontent classtoolTips14'>Rhubarb<\/span> sur la ligne ferroviaire Valognes &#8211; Carentan<br \/>\n<\/em><\/td>\n<\/tr>\n<tr style=\"height: 40px;\">\n<td><\/td>\n<td><\/td>\n<td style=\"text-align: right;\" colspan=\"5\"><strong>D\u00e9collage :<\/strong><\/td>\n<td colspan=\"10\"><em>\u00a0Warmwell \u00e0 10:30<br \/>\n<\/em><\/td>\n<td><\/td>\n<td><\/td>\n<td><\/td>\n<\/tr>\n<tr style=\"height: 40px;\">\n<td><\/td>\n<td><\/td>\n<td style=\"text-align: right;\" colspan=\"5\"><strong>Causes de la perte :<\/strong><\/td>\n<td colspan=\"10\"><\/td>\n<td><\/td>\n<td><\/td>\n<td><\/td>\n<\/tr>\n<tr style=\"height: 40px;\">\n<td><\/td>\n<td><\/td>\n<td style=\"text-align: right;\" colspan=\"5\"><strong>Lieu de la perte :<br \/>\n<\/strong><\/td>\n<td colspan=\"10\"><em>au sud de Montebourg (50)<br \/>\n<\/em><\/td>\n<td><\/td>\n<td><\/td>\n<td><\/td>\n<\/tr>\n<tr style=\"height: 60px;\">\n<td><img decoding=\"async\" class=\"aligncenter size-full wp-image-47210\" title=\"Canada\" src=\"https:\/\/www.auzeau.fr\/39-45\/wp-content\/uploads\/images\/Drapeaux\/Canada.png\" alt=\"\" width=\"40\" height=\"20\" \/><\/td>\n<td><span class='tooltipsall tooltipsincontent classtoolTips19'>Fg Off<\/span><\/td>\n<td colspan=\"5\">Donald Ross<\/td>\n<td colspan=\"3\"><span style=\"color: #000000;\"><strong>GILL<\/strong><\/span><\/td>\n<td><span class='tooltipsall tooltipsincontent classtoolTips151'>Pil<\/span><\/td>\n<td style=\"text-align: center;\"><span class='tooltipsall tooltipsincontent classtoolTips78'>RCAF<\/span><\/td>\n<td colspan=\"2\">J\/15111<\/td>\n<td><span style=\"color: #000000;\"><strong><span class='tooltipsall tooltipsincontent classtoolTips110'>KIA<\/span><\/strong><\/span><\/td>\n<td colspan=\"5\"><\/td>\n<\/tr>\n<\/tbody>\n<\/table>\n<div id='gallery-1' class='gallery galleryid-98971 gallery-columns-1 gallery-size-thumbnail'><figure class='gallery-item'>\n\t\t\t<div class='gallery-icon portrait'>\n\t\t\t\t<a title=\"Gill\"  title=\"Gill\"  href='https:\/\/www.auzeau.fr\/39-45\/wp-content\/uploads\/Cimetieres\/31%20--%2060\/50-Manche\/Cherbourg\/P7043\/Gill.jpg'><img decoding=\"async\" width=\"150\" height=\"150\" src=\"https:\/\/www.auzeau.fr\/39-45\/wp-content\/uploads\/Cimetieres\/31 -- 60\/50-Manche\/Cherbourg\/P7043\/Gill-150x150.jpg\" class=\"attachment-thumbnail size-thumbnail\" alt=\"\" srcset=\"https:\/\/www.auzeau.fr\/39-45\/wp-content\/uploads\/Cimetieres\/31%20--%2060\/50-Manche\/Cherbourg\/P7043\/Gill-150x150.jpg 150w, https:\/\/www.auzeau.fr\/39-45\/wp-content\/uploads\/Cimetieres\/31%20--%2060\/50-Manche\/Cherbourg\/P7043\/Gill-50x50.jpg 50w\" sizes=\"(max-width: 150px) 100vw, 150px\" \/><\/a>\n\t\t\t<\/div><\/figure>\n\t\t<\/div>\n\n<table style=\"width: 100%; border-collapse: collapse; background-color: #d9d7d7;\">\n<tbody>\n<tr>\n<td style=\"width: 100%; text-align: center;\"><ul id=\"menu-50-cherbourg\" class=\"menu\"><li id=\"menu-item-113701\" class=\"menu-item menu-item-type-post_type menu-item-object-page menu-item-113701\"><a href=\"https:\/\/www.auzeau.fr\/39-45\/france\/50-manche\/50-cherbourg-30\/\">Lat\u00e9co\u00e8re 298 n\u00b0 20<\/a><\/li>\n<li id=\"menu-item-100907\" class=\"menu-item menu-item-type-post_type menu-item-object-page menu-item-100907\"><a href=\"https:\/\/www.auzeau.fr\/39-45\/france\/50-manche\/50-cherbourg\/\">Hampden AD732<\/a><\/li>\n<li id=\"menu-item-100906\" class=\"menu-item menu-item-type-post_type menu-item-object-page menu-item-100906\"><a href=\"https:\/\/www.auzeau.fr\/39-45\/france\/50-manche\/50-cherbourg-2\/\">Hurricane Z3224<\/a><\/li>\n<li id=\"menu-item-100917\" class=\"menu-item menu-item-type-post_type menu-item-object-page menu-item-100917\"><a href=\"https:\/\/www.auzeau.fr\/39-45\/france\/50-manche\/50-cherbourg-3\/\">Spitfire P8046<\/a><\/li>\n<li id=\"menu-item-100912\" class=\"menu-item menu-item-type-post_type menu-item-object-page menu-item-100912\"><a href=\"https:\/\/www.auzeau.fr\/39-45\/france\/50-manche\/50-cherbourg-5\/\">Hudson AM862<\/a><\/li>\n<li id=\"menu-item-100918\" class=\"menu-item menu-item-type-post_type menu-item-object-page menu-item-100918\"><a href=\"https:\/\/www.auzeau.fr\/39-45\/france\/50-manche\/50-cherbourg-4\/\">Whirlwind P7001<\/a><\/li>\n<li id=\"menu-item-100911\" class=\"menu-item menu-item-type-post_type menu-item-object-page menu-item-100911\"><a href=\"https:\/\/www.auzeau.fr\/39-45\/france\/50-manche\/50-cherbourg-6\/\">Spitfire W3706<\/a><\/li>\n<li id=\"menu-item-100910\" class=\"menu-item menu-item-type-post_type menu-item-object-page menu-item-100910\"><a href=\"https:\/\/www.auzeau.fr\/39-45\/france\/50-manche\/50-cherbourg-7\/\">Hampden P1295<\/a><\/li>\n<li id=\"menu-item-100909\" class=\"menu-item menu-item-type-post_type menu-item-object-page menu-item-100909\"><a href=\"https:\/\/www.auzeau.fr\/39-45\/france\/50-manche\/50-cherbourg-8\/\">Hurricane BE483<\/a><\/li>\n<li id=\"menu-item-100908\" class=\"menu-item menu-item-type-post_type menu-item-object-page menu-item-100908\"><a href=\"https:\/\/www.auzeau.fr\/39-45\/france\/50-manche\/50-cherbourg-9\/\">Wellington R1785<\/a><\/li>\n<li id=\"menu-item-100913\" class=\"menu-item menu-item-type-post_type menu-item-object-page menu-item-100913\"><a href=\"https:\/\/www.auzeau.fr\/39-45\/france\/50-manche\/50-cherbourg-10\/\">Manchester R5785<\/a><\/li>\n<li id=\"menu-item-101285\" class=\"menu-item menu-item-type-post_type menu-item-object-page menu-item-101285\"><a href=\"https:\/\/www.auzeau.fr\/39-45\/france\/50-manche\/50-cherbourg-11\/\">Spitfire R7037<\/a><\/li>\n<li id=\"menu-item-101286\" class=\"menu-item menu-item-type-post_type menu-item-object-page menu-item-101286\"><a href=\"https:\/\/www.auzeau.fr\/39-45\/france\/50-manche\/50-cherbourg-12\/\">Lancaster W4121<\/a><\/li>\n<li id=\"menu-item-101287\" class=\"menu-item menu-item-type-post_type menu-item-object-page menu-item-101287\"><a href=\"https:\/\/www.auzeau.fr\/39-45\/france\/50-manche\/50-cherbourg-13\/\">Wellington W5394<\/a><\/li>\n<li id=\"menu-item-101288\" class=\"menu-item menu-item-type-post_type menu-item-object-page menu-item-101288\"><a href=\"https:\/\/www.auzeau.fr\/39-45\/france\/50-manche\/50-cherbourg-14\/\">Whirlwind P4073<\/a><\/li>\n<li id=\"menu-item-101289\" class=\"menu-item menu-item-type-post_type menu-item-object-page menu-item-101289\"><a href=\"https:\/\/www.auzeau.fr\/39-45\/france\/50-manche\/50-cherbourg-15\/\">Harrow K7011<\/a><\/li>\n<li id=\"menu-item-101290\" class=\"menu-item menu-item-type-post_type menu-item-object-page menu-item-101290\"><a href=\"https:\/\/www.auzeau.fr\/39-45\/france\/50-manche\/50-cherbourg-16\/\">Wellington Z1387<\/a><\/li>\n<li id=\"menu-item-101291\" class=\"menu-item menu-item-type-post_type menu-item-object-page menu-item-101291\"><a href=\"https:\/\/www.auzeau.fr\/39-45\/france\/50-manche\/50-cherbourg-17\/\">Wellington MP542<\/a><\/li>\n<li id=\"menu-item-101292\" class=\"menu-item menu-item-type-post_type menu-item-object-page menu-item-101292\"><a href=\"https:\/\/www.auzeau.fr\/39-45\/france\/50-manche\/50-cherbourg-18\/\">Wellington HE527<\/a><\/li>\n<li id=\"menu-item-101293\" class=\"menu-item menu-item-type-post_type menu-item-object-page menu-item-101293\"><a href=\"https:\/\/www.auzeau.fr\/39-45\/france\/50-manche\/50-cherbourg-19\/\">Mosquito HJ700<\/a><\/li>\n<li id=\"menu-item-101582\" class=\"menu-item menu-item-type-post_type menu-item-object-page menu-item-101582\"><a href=\"https:\/\/www.auzeau.fr\/39-45\/france\/50-manche\/50-cherbourg-20\/\">Wellington HE901<\/a><\/li>\n<li id=\"menu-item-101581\" class=\"menu-item menu-item-type-post_type menu-item-object-page menu-item-101581\"><a href=\"https:\/\/www.auzeau.fr\/39-45\/france\/50-manche\/50-cherbourg-21\/\">Typhoon JP592<\/a><\/li>\n<li id=\"menu-item-101580\" class=\"menu-item menu-item-type-post_type menu-item-object-page menu-item-101580\"><a href=\"https:\/\/www.auzeau.fr\/39-45\/france\/50-manche\/50-cherbourg-22\/\">B25 Mitchell FL707<\/a><\/li>\n<li id=\"menu-item-101583\" class=\"menu-item menu-item-type-post_type menu-item-object-page menu-item-101583\"><a href=\"https:\/\/www.auzeau.fr\/39-45\/france\/50-manche\/50-cherbourg-23\/\">B25 Mitchell FV912<\/a><\/li>\n<li id=\"menu-item-102455\" class=\"menu-item menu-item-type-post_type menu-item-object-page menu-item-102455\"><a href=\"https:\/\/www.auzeau.fr\/39-45\/france\/50-manche\/50-cherbourg-24\/\">Typhoon EJ902<\/a><\/li>\n<li id=\"menu-item-102454\" class=\"menu-item menu-item-type-post_type menu-item-object-page menu-item-102454\"><a href=\"https:\/\/www.auzeau.fr\/39-45\/france\/50-manche\/50-cherbourg-25\/\">Typhoon JR383<\/a><\/li>\n<li id=\"menu-item-102458\" class=\"menu-item menu-item-type-post_type menu-item-object-page menu-item-102458\"><a href=\"https:\/\/www.auzeau.fr\/39-45\/france\/50-manche\/50-cherbourg-26\/\">Mosquito LR386<\/a><\/li>\n<li id=\"menu-item-102453\" class=\"menu-item menu-item-type-post_type menu-item-object-page menu-item-102453\"><a href=\"https:\/\/www.auzeau.fr\/39-45\/france\/50-manche\/50-cherbourg-27\/\">Typhoon JR323<\/a><\/li>\n<li id=\"menu-item-102456\" class=\"menu-item menu-item-type-post_type menu-item-object-page menu-item-102456\"><a href=\"https:\/\/www.auzeau.fr\/39-45\/france\/50-manche\/50-cherbourg-28\/\">Boston BZ279<\/a><\/li>\n<li id=\"menu-item-102457\" class=\"menu-item menu-item-type-post_type menu-item-object-page menu-item-102457\"><a href=\"https:\/\/www.auzeau.fr\/39-45\/france\/50-manche\/50-cherbourg-29\/\">Mosquito HX968<\/a><\/li>\n<\/ul><\/td>\n<\/tr>\n<\/tbody>\n<\/table>\n<hr \/>\n<p style=\"text-align: center;\"><ul id=\"menu-50-manche\" class=\"menu\"><li id=\"menu-item-100065\" class=\"menu-item menu-item-type-post_type menu-item-object-page menu-item-100065\"><a href=\"https:\/\/www.auzeau.fr\/39-45\/france\/50-manche\/50-airel\/\">50 \u2013 Airel<\/a><\/li>\n<li id=\"menu-item-100064\" class=\"menu-item menu-item-type-post_type menu-item-object-page menu-item-100064\"><a href=\"https:\/\/www.auzeau.fr\/39-45\/france\/50-manche\/50-auvers\/\">50 \u2013 Auvers<\/a><\/li>\n<li id=\"menu-item-55391\" class=\"menu-item menu-item-type-post_type menu-item-object-page menu-item-55391\"><a href=\"https:\/\/www.auzeau.fr\/39-45\/france\/50-manche\/50-avranches\/\">50 \u2013 Avranches<\/a><\/li>\n<li id=\"menu-item-100063\" class=\"menu-item menu-item-type-post_type menu-item-object-page menu-item-100063\"><a href=\"https:\/\/www.auzeau.fr\/39-45\/france\/50-manche\/50-barneville-carteret\/\">50 \u2013 Barneville-Carteret<\/a><\/li>\n<li id=\"menu-item-97881\" class=\"menu-item menu-item-type-post_type menu-item-object-page menu-item-97881\"><a href=\"https:\/\/www.auzeau.fr\/39-45\/france\/50-manche\/50-baudre\/\">50 \u2013 Baudre<\/a><\/li>\n<li id=\"menu-item-100209\" class=\"menu-item menu-item-type-post_type menu-item-object-page menu-item-100209\"><a href=\"https:\/\/www.auzeau.fr\/39-45\/france\/50-manche\/50-biville\/\">50 \u2013 Biville<\/a><\/li>\n<li id=\"menu-item-100208\" class=\"menu-item menu-item-type-post_type menu-item-object-page menu-item-100208\"><a href=\"https:\/\/www.auzeau.fr\/39-45\/france\/50-manche\/50-bretteville\/\">50 \u2013 Bretteville<\/a><\/li>\n<li id=\"menu-item-100207\" class=\"menu-item menu-item-type-post_type menu-item-object-page menu-item-100207\"><a href=\"https:\/\/www.auzeau.fr\/39-45\/france\/50-manche\/50-brevands\/\">50 \u2013 Br\u00e9vands<\/a><\/li>\n<li id=\"menu-item-100899\" class=\"menu-item menu-item-type-post_type menu-item-object-page menu-item-100899\"><a href=\"https:\/\/www.auzeau.fr\/39-45\/france\/50-manche\/50-cherbourg\/\">50 \u2013 Cherbourg<\/a><\/li>\n<li id=\"menu-item-55392\" class=\"menu-item menu-item-type-post_type menu-item-object-page menu-item-55392\"><a href=\"https:\/\/www.auzeau.fr\/39-45\/france\/50-manche\/50-equilly\/\">50 \u2013 \u00c9quilly<\/a><\/li>\n<li id=\"menu-item-100206\" class=\"menu-item menu-item-type-post_type menu-item-object-page menu-item-100206\"><a href=\"https:\/\/www.auzeau.fr\/39-45\/france\/50-manche\/50-fermanville\/\">50 \u2013 Fermanville<\/a><\/li>\n<li id=\"menu-item-55393\" class=\"menu-item menu-item-type-post_type menu-item-object-page menu-item-55393\"><a href=\"https:\/\/www.auzeau.fr\/39-45\/france\/50-manche\/50-granville\/\">50 \u2013 Granville<\/a><\/li>\n<li id=\"menu-item-100205\" class=\"menu-item menu-item-type-post_type menu-item-object-page menu-item-100205\"><a href=\"https:\/\/www.auzeau.fr\/39-45\/france\/50-manche\/50-le-rozel\/\">50 \u2013 Le Rozel<\/a><\/li>\n<li id=\"menu-item-100343\" class=\"menu-item menu-item-type-post_type menu-item-object-page menu-item-100343\"><a href=\"https:\/\/www.auzeau.fr\/39-45\/france\/50-manche\/50-le-vast\/\">50 \u2013 Le Vast<\/a><\/li>\n<li id=\"menu-item-100344\" class=\"menu-item menu-item-type-post_type menu-item-object-page menu-item-100344\"><a href=\"https:\/\/www.auzeau.fr\/39-45\/france\/50-manche\/50-lessay\/\">50 \u2013 Lessay<\/a><\/li>\n<li id=\"menu-item-55394\" class=\"menu-item menu-item-type-post_type menu-item-object-page menu-item-55394\"><a href=\"https:\/\/www.auzeau.fr\/39-45\/france\/50-manche\/50-muneville-sur-mer\/\">50 \u2013 Menuville-sur-Mer<\/a><\/li>\n<li id=\"menu-item-100342\" class=\"menu-item menu-item-type-post_type menu-item-object-page menu-item-100342\"><a href=\"https:\/\/www.auzeau.fr\/39-45\/france\/50-manche\/50-siouville-hague\/\">50 \u2013 Siouville-Hague<\/a><\/li>\n<li id=\"menu-item-55395\" class=\"menu-item menu-item-type-post_type menu-item-object-page menu-item-55395\"><a href=\"https:\/\/www.auzeau.fr\/39-45\/france\/50-manche\/50-vengeons\/\">50 \u2013 Vengeons<\/a><\/li>\n<li id=\"menu-item-97882\" class=\"menu-item menu-item-type-post_type menu-item-object-page menu-item-97882\"><a href=\"https:\/\/www.auzeau.fr\/39-45\/france\/50-manche\/50-ver\/\">50 \u2013 Ver<\/a><\/li>\n<\/ul>\n<script type=\"text\/javascript\"> toolTips('.classtoolTips14','Op\u00e9rations effectu\u00e9es par des chasseurs (ou chasseurs bombardiers) \u00e0 la recherche de cibles d\u2019opportunit\u00e9 en profitant des nuages bas ou de la mauvaise visibilit\u00e9<br\/><br\/>Operations of fighters or fighter-bombers, taking full advantage of low cloud and poor visibility to search for opportunity targets'); <\/script><script type=\"text\/javascript\"> toolTips('.classtoolTips19','Flying Officer'); <\/script><script type=\"text\/javascript\"> toolTips('.classtoolTips78','Aviation Royale Canadienne<br\/><br\/>Royal Canadian Air Force'); <\/script><script type=\"text\/javascript\"> toolTips('.classtoolTips98','Colonel'); <\/script><script type=\"text\/javascript\"> toolTips('.classtoolTips110','Tu\u00e9 au combat<br\/><br\/>Killed In Action'); <\/script><script type=\"text\/javascript\"> toolTips('.classtoolTips118','Canonnier'); <\/script><script type=\"text\/javascript\"> toolTips('.classtoolTips134','\u00c9vad\u00e9<br\/><br\/>Evaded'); <\/script><script type=\"text\/javascript\"> toolTips('.classtoolTips144','Royal Corps of Signals'); <\/script><script type=\"text\/javascript\"> toolTips('.classtoolTips150','Indemne<br\/><br\/>Unhurt'); <\/script><script type=\"text\/javascript\"> toolTips('.classtoolTips151','Pilote<br\/><br\/>Pilot'); <\/script><script type=\"text\/javascript\"> toolTips('.classtoolTips153','Porucznik'); <\/script><script type=\"text\/javascript\"> toolTips('.classtoolTips185','Mitrailleur<br\/><br\/>Air Gunner'); <\/script><script type=\"text\/javascript\"> toolTips('.classtoolTips188','Bombardier<br\/><br\/>Air bomber'); <\/script><script type=\"text\/javascript\"> toolTips('.classtoolTips189','M\u00e9canicien volant<br\/><br\/>Flying Enginer'); <\/script><script type=\"text\/javascript\"> toolTips('.classtoolTips193','Royal Navy'); <\/script><script type=\"text\/javascript\"> toolTips('.classtoolTips195','Enseigne de Vaisseau'); <\/script><script type=\"text\/javascript\"> toolTips('.classtoolTips197','Aircraftman'); <\/script><script type=\"text\/javascript\"> toolTips('.classtoolTips199','Radio Officer'); <\/script><script type=\"text\/javascript\"> toolTips('.classtoolTips201','Lieutenant'); <\/script>","protected":false},"excerpt":{"rendered":"<p>Whirlwind P7043 HE- 263 Sqn Date : 07 novembre 1942 Mission : Rhubarb sur la ligne ferroviaire Valognes &#8211; Carentan D\u00e9collage : \u00a0Warmwell \u00e0 10:30 Causes de la perte : Lieu de la perte : au sud de Montebourg (50) Fg Off Donald Ross GILL Pil RCAF J\/15111 KIA<\/p>\n","protected":false},"author":1,"featured_media":0,"parent":83,"menu_order":0,"comment_status":"closed","ping_status":"closed","template":"template-full-width Whirlwind.php","meta":{"_lmt_disableupdate":"yes","_lmt_disable":"","footnotes":""},"categories":[10137],"tags":[718],"wf_page_folders":[3125],"class_list":["post-98971","page","type-page","status-publish","hentry","category-whirlwind","tag-263-squadron"],"_links":{"self":[{"href":"https:\/\/www.auzeau.fr\/39-45\/wp-json\/wp\/v2\/pages\/98971","targetHints":{"allow":["GET"]}}],"collection":[{"href":"https:\/\/www.auzeau.fr\/39-45\/wp-json\/wp\/v2\/pages"}],"about":[{"href":"https:\/\/www.auzeau.fr\/39-45\/wp-json\/wp\/v2\/types\/page"}],"author":[{"embeddable":true,"href":"https:\/\/www.auzeau.fr\/39-45\/wp-json\/wp\/v2\/users\/1"}],"replies":[{"embeddable":true,"href":"https:\/\/www.auzeau.fr\/39-45\/wp-json\/wp\/v2\/comments?post=98971"}],"version-history":[{"count":0,"href":"https:\/\/www.auzeau.fr\/39-45\/wp-json\/wp\/v2\/pages\/98971\/revisions"}],"up":[{"embeddable":true,"href":"https:\/\/www.auzeau.fr\/39-45\/wp-json\/wp\/v2\/pages\/83"}],"wp:attachment":[{"href":"https:\/\/www.auzeau.fr\/39-45\/wp-json\/wp\/v2\/media?parent=98971"}],"wp:term":[{"taxonomy":"category","embeddable":true,"href":"https:\/\/www.auzeau.fr\/39-45\/wp-json\/wp\/v2\/categories?post=98971"},{"taxonomy":"post_tag","embeddable":true,"href":"https:\/\/www.auzeau.fr\/39-45\/wp-json\/wp\/v2\/tags?post=98971"},{"taxonomy":"wf_page_folders","embeddable":true,"href":"https:\/\/www.auzeau.fr\/39-45\/wp-json\/wp\/v2\/wf_page_folders?post=98971"}],"curies":[{"name":"wp","href":"https:\/\/api.w.org\/{rel}","templated":true}]}}