{"id":98880,"date":"2021-10-08T11:27:49","date_gmt":"2021-10-08T09:27:49","guid":{"rendered":"http:\/\/39-45.auzeau.fr\/?page_id=98880"},"modified":"2022-03-01T08:15:28","modified_gmt":"2022-03-01T07:15:28","slug":"50-lessay-2","status":"publish","type":"page","link":"https:\/\/www.auzeau.fr\/39-45\/france\/50-manche\/50-lessay-2\/","title":{"rendered":"50 &#8211; Lessay"},"content":{"rendered":"<p><img fetchpriority=\"high\" decoding=\"async\" class=\"aligncenter size-full wp-image-98868\" title=\"Lessay\" src=\"https:\/\/www.auzeau.fr\/39-45\/wp-content\/uploads\/Cimetieres\/31 -- 60\/50-Manche\/Lessay\/Lessay.jpg\" alt=\"\" width=\"900\" height=\"409\" srcset=\"https:\/\/www.auzeau.fr\/39-45\/wp-content\/uploads\/Cimetieres\/31%20--%2060\/50-Manche\/Lessay\/Lessay.jpg 900w, https:\/\/www.auzeau.fr\/39-45\/wp-content\/uploads\/Cimetieres\/31%20--%2060\/50-Manche\/Lessay\/Lessay-300x136.jpg 300w, https:\/\/www.auzeau.fr\/39-45\/wp-content\/uploads\/Cimetieres\/31%20--%2060\/50-Manche\/Lessay\/Lessay-768x349.jpg 768w\" sizes=\"(max-width: 900px) 100vw, 900px\" \/><\/p>\n<table style=\"width: 100%;\" border=\"0\">\n<tbody>\n<tr>\n<td style=\"width: 5%;\"><\/td>\n<td style=\"width: 5%;\"><\/td>\n<td style=\"width: 2%;\"><\/td>\n<td style=\"width: 8%;\"><\/td>\n<td style=\"width: 5%;\"><\/td>\n<td style=\"width: 5%;\"><\/td>\n<td style=\"width: 5%;\"><\/td>\n<td style=\"width: 2%;\"><\/td>\n<td style=\"width: 8%;\"><\/td>\n<td style=\"width: 2%;\"><\/td>\n<td style=\"width: 5%;\"><\/td>\n<td style=\"width: 3%;\"><\/td>\n<td style=\"width: 5%;\"><\/td>\n<td style=\"width: 5%;\"><\/td>\n<td style=\"width: 5%;\"><\/td>\n<td style=\"width: 5%;\"><\/td>\n<td style=\"width: 5%;\"><\/td>\n<td style=\"width: 5%;\"><\/td>\n<td style=\"width: 5%;\"><\/td>\n<td style=\"width: 10%;\"><\/td>\n<\/tr>\n<tr>\n<td style=\"width: 75%;\" colspan=\"16\"><span style=\"font-size: xx-large;\"><strong><span style=\"color: #000000;\">Mosquito LR270 TH-<br \/>\n<\/span><\/strong><\/span><\/td>\n<td style=\"width: 25%; text-align: center;\" colspan=\"4\"><span style=\"font-size: xx-large;\"><strong>418 Sqn<br \/>\n<\/strong><\/span><\/td>\n<\/tr>\n<tr>\n<td style=\"width: 75%;\" colspan=\"16\"><\/td>\n<td style=\"width: 25%; text-align: center;\" colspan=\"4\"><\/td>\n<\/tr>\n<tr style=\"height: 40px;\">\n<td style=\"text-align: right; width: 5%;\"><\/td>\n<td style=\"text-align: right; width: 5%;\"><\/td>\n<td style=\"text-align: right; width: 2%;\"><\/td>\n<td style=\"text-align: right; width: 8%;\"><\/td>\n<td style=\"text-align: right; width: 5%;\"><\/td>\n<td style=\"text-align: right; width: 5%;\"><\/td>\n<td style=\"text-align: right; width: 5%;\"><\/td>\n<td style=\"text-align: right; width: 2%;\"><\/td>\n<td style=\"text-align: right; width: 8%;\"><\/td>\n<td style=\"text-align: right; width: 2%;\"><\/td>\n<td style=\"text-align: right; width: 5%;\"><\/td>\n<td style=\"text-align: right; width: 3%;\"><\/td>\n<td style=\"text-align: right; width: 5%;\"><\/td>\n<td style=\"text-align: right; width: 5%;\"><\/td>\n<td style=\"text-align: right; width: 5%;\"><\/td>\n<td style=\"text-align: right; width: 5%;\"><\/td>\n<td style=\"text-align: right; width: 5%;\"><\/td>\n<td style=\"text-align: right; width: 5%;\"><\/td>\n<td style=\"text-align: right; width: 5%;\"><\/td>\n<td style=\"text-align: right; width: 10%;\"><\/td>\n<\/tr>\n<tr>\n<td style=\"text-align: right; width: 5%;\"><\/td>\n<td style=\"text-align: right; width: 5%;\"><span style=\"font-size: 14px;\"><strong>Date<\/strong><\/span><\/td>\n<td style=\"width: 2%; text-align: center;\"><strong>:<\/strong><\/td>\n<td style=\"width: 13%; text-align: left;\" colspan=\"2\"><span style=\"font-size: 14px;\"><em>09 mars 1944<br \/>\n<\/em><\/span><\/td>\n<td style=\"text-align: right; width: 5%;\"><\/td>\n<td style=\"text-align: right; width: 5%;\"><\/td>\n<td style=\"text-align: right; width: 2%;\"><\/td>\n<td style=\"text-align: right; width: 8%;\"><span style=\"font-size: 14px;\"><strong>Mission<\/strong><\/span><\/td>\n<td style=\"width: 2%; text-align: center;\"><strong><span style=\"font-size: 14px;\">:<\/span><\/strong><\/td>\n<td style=\"text-align: left; width: 53%;\" colspan=\"10\"><span style=\"font-size: 14px;\"><em><span class='tooltipsall tooltipsincontent classtoolTips31'>Ranger<\/span> Rennes<\/em><\/span><span style=\"font-size: 14px;\"><em><br \/>\n<\/em><\/span><\/td>\n<\/tr>\n<tr style=\"height: 40px;\">\n<td style=\"text-align: right; width: 5%;\"><\/td>\n<td style=\"text-align: right; width: 5%;\"><\/td>\n<td style=\"width: 2%; text-align: center;\"><\/td>\n<td style=\"width: 8%; text-align: left;\"><\/td>\n<td style=\"text-align: right; width: 5%;\"><\/td>\n<td style=\"text-align: right; width: 5%;\"><\/td>\n<td style=\"text-align: right; width: 5%;\"><\/td>\n<td style=\"text-align: right; width: 2%;\"><\/td>\n<td style=\"text-align: right; width: 8%;\"><\/td>\n<td style=\"width: 2%; text-align: center;\"><\/td>\n<td style=\"text-align: left; width: 5%;\"><\/td>\n<td style=\"text-align: left; width: 3%;\"><\/td>\n<td style=\"text-align: left; width: 5%;\"><\/td>\n<td style=\"text-align: left; width: 5%;\"><\/td>\n<td style=\"text-align: left; width: 5%;\"><\/td>\n<td style=\"text-align: left; width: 5%;\"><\/td>\n<td style=\"text-align: left; width: 5%;\"><\/td>\n<td style=\"text-align: left; width: 5%;\"><\/td>\n<td style=\"text-align: left; width: 5%;\"><\/td>\n<td style=\"text-align: left; width: 10%;\"><\/td>\n<\/tr>\n<tr style=\"height: 40px;\">\n<td style=\"text-align: right; width: 10%;\" colspan=\"2\"><\/td>\n<td style=\"width: 2%; text-align: center;\"><\/td>\n<td style=\"text-align: right; width: 23%;\" colspan=\"4\"><span style=\"font-size: 14px;\"><strong>D\u00e9collage<\/strong><\/span><\/td>\n<td style=\"width: 2%; text-align: center;\"><strong>:<\/strong><\/td>\n<td style=\"text-align: left; width: 63%;\" colspan=\"12\"><span style=\"font-size: 14px;\"><em>Ford \u00e0 14:39<br \/>\n<\/em><\/span><\/td>\n<\/tr>\n<tr style=\"height: 40px;\">\n<td style=\"text-align: right; width: 10%;\" colspan=\"2\"><\/td>\n<td style=\"width: 2%; text-align: center;\"><\/td>\n<td style=\"text-align: right; width: 23%;\" colspan=\"4\"><span style=\"font-size: 14px;\"><strong>Causes de la perte<\/strong><\/span><\/td>\n<td style=\"width: 2%; text-align: center;\"><strong>:<\/strong><\/td>\n<td style=\"text-align: left; width: 63%;\" colspan=\"12\"><\/td>\n<\/tr>\n<tr style=\"height: 40px;\">\n<td style=\"text-align: right; width: 10%;\" colspan=\"2\"><\/td>\n<td style=\"width: 2%; text-align: center;\"><\/td>\n<td style=\"text-align: right; width: 23%;\" colspan=\"4\"><span style=\"font-size: 14px;\"><strong>Lieu de la perte<\/strong><\/span><\/td>\n<td style=\"width: 2%; text-align: center;\"><strong>:<\/strong><\/td>\n<td style=\"text-align: left; width: 63%;\" colspan=\"12\"><span style=\"font-size: 14px;\"><em>Saint-Aubin-de-Terregac (50)<br \/>\n<\/em><\/span><\/td>\n<\/tr>\n<tr style=\"height: 40px;\">\n<td style=\"width: 5%;\"><\/td>\n<td style=\"width: 5%;\"><\/td>\n<td style=\"width: 2%; text-align: center;\"><\/td>\n<td style=\"text-align: right; width: 8%;\"><\/td>\n<td style=\"text-align: right; width: 5%;\"><\/td>\n<td style=\"text-align: right; width: 5%;\"><\/td>\n<td style=\"text-align: right; width: 5%;\"><\/td>\n<td style=\"width: 2%; text-align: center;\"><\/td>\n<td style=\"text-align: left; width: 8%;\"><\/td>\n<td style=\"text-align: left; width: 2%;\"><\/td>\n<td style=\"text-align: left; width: 5%;\"><\/td>\n<td style=\"text-align: left; width: 3%;\"><\/td>\n<td style=\"text-align: left; width: 5%;\"><\/td>\n<td style=\"text-align: left; width: 5%;\"><\/td>\n<td style=\"text-align: left; width: 5%;\"><\/td>\n<td style=\"text-align: left; width: 5%;\"><\/td>\n<td style=\"text-align: left; width: 5%;\"><\/td>\n<td style=\"text-align: left; width: 5%;\"><\/td>\n<td style=\"text-align: left; width: 5%;\"><\/td>\n<td style=\"text-align: left; width: 10%;\"><\/td>\n<\/tr>\n<tr style=\"height: 60px;\">\n<td style=\"width: 5%;\"><img decoding=\"async\" class=\"aligncenter size-full wp-image-47210\" title=\"Canada\" src=\"https:\/\/www.auzeau.fr\/39-45\/wp-content\/uploads\/images\/Drapeaux\/Canada.png\" alt=\"Canada\" width=\"40\" height=\"20\" \/><\/td>\n<td style=\"width: 5%;\"><span class='tooltipsall tooltipsincontent classtoolTips18'>Wg <span class='tooltipsall tooltipsincontent classtoolTips171'>Cdr<\/span><\/span><\/td>\n<td style=\"text-align: left;\" colspan=\"5\">Richard James<\/td>\n<td style=\"text-align: left;\" colspan=\"3\"><strong><span style=\"color: #000000;\">BENNELL<\/span><\/strong><\/td>\n<td style=\"text-align: center;\" colspan=\"2\"><span class='tooltipsall tooltipsincontent classtoolTips151'>Pil<\/span><\/td>\n<td style=\"width: 5%; text-align: center;\"><span class='tooltipsall tooltipsincontent classtoolTips78'>RCAF<\/span><\/td>\n<td style=\"text-align: center;\" colspan=\"2\">C\/1376<\/td>\n<td style=\"width: 5%; text-align: center;\"><span style=\"color: #000000;\"><strong><span class='tooltipsall tooltipsincontent classtoolTips110'>KIA<\/span><\/strong><\/span><\/td>\n<td style=\"text-align: left;\" colspan=\"4\"><img decoding=\"async\" class=\"size-full wp-image-47245 alignleft\" title=\"Distinguished Flying Cross\" src=\"https:\/\/www.auzeau.fr\/39-45\/wp-content\/uploads\/images\/Medaille\/Distinguished-Flying-Cross.png\" alt=\"Distinguished Flying Cross\" width=\"73\" height=\"20\" \/><img loading=\"lazy\" decoding=\"async\" class=\"size-full wp-image-47284 alignleft\" title=\"Air-Medal (USA)\" src=\"https:\/\/www.auzeau.fr\/39-45\/wp-content\/uploads\/images\/Medaille\/Air-Medal.png\" alt=\"Air-Medal (USA)\" width=\"71\" height=\"20\" \/><\/td>\n<\/tr>\n<tr style=\"height: 60px;\">\n<td style=\"width: 5%;\"><img loading=\"lazy\" decoding=\"async\" class=\"aligncenter size-full wp-image-47215\" title=\"Royaume Uni\" src=\"https:\/\/www.auzeau.fr\/39-45\/wp-content\/uploads\/images\/Drapeaux\/Angleterre.png\" alt=\"Royaume Uni\" width=\"40\" height=\"20\" \/><\/td>\n<td style=\"width: 5%;\"><span class='tooltipsall tooltipsincontent classtoolTips19'>Fg Off<\/span><\/td>\n<td style=\"text-align: left;\" colspan=\"5\">Francis<\/td>\n<td style=\"text-align: left;\" colspan=\"3\"><strong><span style=\"color: #000000;\">SHIELD<br \/>\n<\/span><\/strong><\/td>\n<td style=\"text-align: center;\" colspan=\"2\"><span class='tooltipsall tooltipsincontent classtoolTips116'>Nav<\/span><\/td>\n<td style=\"width: 5%; text-align: center;\"><span class='tooltipsall tooltipsincontent classtoolTips45'>RAFVR<\/span><\/td>\n<td style=\"text-align: center;\" colspan=\"2\">131833<\/td>\n<td style=\"width: 5%; text-align: center;\"><span style=\"color: #000000;\"><strong><span class='tooltipsall tooltipsincontent classtoolTips110'>KIA<\/span><br \/>\n<\/strong><\/span><\/td>\n<td style=\"text-align: left;\" colspan=\"4\"><img decoding=\"async\" class=\"size-full wp-image-47245 alignleft\" title=\"Distinguished Flying Cross\" src=\"https:\/\/www.auzeau.fr\/39-45\/wp-content\/uploads\/images\/Medaille\/Distinguished-Flying-Cross.png\" alt=\"Distinguished Flying Cross\" width=\"73\" height=\"20\" \/><\/td>\n<\/tr>\n<\/tbody>\n<\/table>\n<div id='gallery-1' class='gallery galleryid-98880 gallery-columns-2 gallery-size-thumbnail'><figure class='gallery-item'>\n\t\t\t<div class='gallery-icon portrait'>\n\t\t\t\t<a title=\"Bennell\"  title=\"Bennell\"  href='https:\/\/www.auzeau.fr\/39-45\/wp-content\/uploads\/Cimetieres\/31%20--%2060\/50-Manche\/Lessay\/LR270\/Bennell.jpg'><img loading=\"lazy\" decoding=\"async\" width=\"150\" height=\"150\" src=\"https:\/\/www.auzeau.fr\/39-45\/wp-content\/uploads\/Cimetieres\/31 -- 60\/50-Manche\/Lessay\/LR270\/Bennell-150x150.jpg\" class=\"attachment-thumbnail size-thumbnail\" alt=\"\" srcset=\"https:\/\/www.auzeau.fr\/39-45\/wp-content\/uploads\/Cimetieres\/31%20--%2060\/50-Manche\/Lessay\/LR270\/Bennell-150x150.jpg 150w, https:\/\/www.auzeau.fr\/39-45\/wp-content\/uploads\/Cimetieres\/31%20--%2060\/50-Manche\/Lessay\/LR270\/Bennell-50x50.jpg 50w\" sizes=\"(max-width: 150px) 100vw, 150px\" \/><\/a>\n\t\t\t<\/div><\/figure><figure class='gallery-item'>\n\t\t\t<div class='gallery-icon portrait'>\n\t\t\t\t<a title=\"Shield\"  title=\"Shield\"  href='https:\/\/www.auzeau.fr\/39-45\/wp-content\/uploads\/Cimetieres\/31%20--%2060\/50-Manche\/Lessay\/LR270\/Shield.jpg'><img loading=\"lazy\" decoding=\"async\" width=\"150\" height=\"150\" src=\"https:\/\/www.auzeau.fr\/39-45\/wp-content\/uploads\/Cimetieres\/31 -- 60\/50-Manche\/Lessay\/LR270\/Shield-150x150.jpg\" class=\"attachment-thumbnail size-thumbnail\" alt=\"\" srcset=\"https:\/\/www.auzeau.fr\/39-45\/wp-content\/uploads\/Cimetieres\/31%20--%2060\/50-Manche\/Lessay\/LR270\/Shield-150x150.jpg 150w, https:\/\/www.auzeau.fr\/39-45\/wp-content\/uploads\/Cimetieres\/31%20--%2060\/50-Manche\/Lessay\/LR270\/Shield-50x50.jpg 50w\" sizes=\"(max-width: 150px) 100vw, 150px\" \/><\/a>\n\t\t\t<\/div><\/figure>\n\t\t<\/div>\n\n<p><span style=\"font-size: 8pt;\">Distinguished Flying Cross<\/span><br \/>\n<span style=\"color: #000000;\"><strong><span style=\"font-size: 8pt;\">Acting Squadron Leader Richard James BENNELL (<span class='tooltipsall tooltipsincontent classtoolTips118'>CAN<\/span>\/C.1376), Royal Canadian Air Force, No. 418 (R.C.A.F.) Squadron.<\/span><\/strong><\/span><br \/>\n<span style=\"font-size: 8pt;\">This officer has completed many sorties over enemy territory at night. He has attacked numerous airfields with success, while in operations against rolling stock he has damaged several locomotives. In addition, he has shot down 3 enemy aircraft. Squadron Leader Bennell is an inspiring leader, whose great skill and determination have been reflected in the high standard of efficiency of his flight.<\/span><br \/>\n<span style=\"color: #000000;\"><strong><span style=\"font-size: 8pt;\">Flying Officer Francis SHIELD (131833), Royal Air Force Volunteer Reserve, No. 418 (R.C.A.F.) Squadron.<\/span><\/strong><\/span><br \/>\n<span style=\"font-size: 8pt;\">Flying Officer Shield is a navigator of exceptional <\/span><span style=\"font-size: 8pt;\">skill. He has taken part in many sorties at night during which such targets as airfields and rail communications have been successfully attacked. He is a model of efficiency and has proved himself to be an invaluable member of aircraft crew.<\/span><br \/>\n<span style=\"color: #000000;\"><strong><span style=\"font-size: 8pt;\">THIRD SUPPLEMENT TO The LONDON GAZETTE Of FRIDAY, the 22nd of OCTOBER, 1943<\/span><\/strong><\/span><\/p>\n<table style=\"width: 100%; border-collapse: collapse; background-color: #d9d7d7;\">\n<tbody>\n<tr>\n<td style=\"width: 100%; text-align: center;\"><ul id=\"menu-50-lessay\" class=\"menu\"><li id=\"menu-item-100347\" class=\"menu-item menu-item-type-post_type menu-item-object-page menu-item-100347\"><a href=\"https:\/\/www.auzeau.fr\/39-45\/france\/50-manche\/50-lessay\/\">Wellington BK501<\/a><\/li>\n<li id=\"menu-item-100349\" class=\"menu-item menu-item-type-post_type menu-item-object-page menu-item-100349\"><a href=\"https:\/\/www.auzeau.fr\/39-45\/france\/50-manche\/50-lessay-2\/\">Mosquito LR270<\/a><\/li>\n<li id=\"menu-item-100348\" class=\"menu-item menu-item-type-post_type menu-item-object-page menu-item-100348\"><a href=\"https:\/\/www.auzeau.fr\/39-45\/france\/50-manche\/50-lessay-3\/\">Spitfire MJ982<\/a><\/li>\n<\/ul><\/td>\n<\/tr>\n<\/tbody>\n<\/table>\n<hr \/>\n<p style=\"text-align: center;\"><ul id=\"menu-50-manche\" class=\"menu\"><li id=\"menu-item-100065\" class=\"menu-item menu-item-type-post_type menu-item-object-page menu-item-100065\"><a href=\"https:\/\/www.auzeau.fr\/39-45\/france\/50-manche\/50-airel\/\">50 \u2013 Airel<\/a><\/li>\n<li id=\"menu-item-100064\" class=\"menu-item menu-item-type-post_type menu-item-object-page menu-item-100064\"><a href=\"https:\/\/www.auzeau.fr\/39-45\/france\/50-manche\/50-auvers\/\">50 \u2013 Auvers<\/a><\/li>\n<li id=\"menu-item-55391\" class=\"menu-item menu-item-type-post_type menu-item-object-page menu-item-55391\"><a href=\"https:\/\/www.auzeau.fr\/39-45\/france\/50-manche\/50-avranches\/\">50 \u2013 Avranches<\/a><\/li>\n<li id=\"menu-item-100063\" class=\"menu-item menu-item-type-post_type menu-item-object-page menu-item-100063\"><a href=\"https:\/\/www.auzeau.fr\/39-45\/france\/50-manche\/50-barneville-carteret\/\">50 \u2013 Barneville-Carteret<\/a><\/li>\n<li id=\"menu-item-97881\" class=\"menu-item menu-item-type-post_type menu-item-object-page menu-item-97881\"><a href=\"https:\/\/www.auzeau.fr\/39-45\/france\/50-manche\/50-baudre\/\">50 \u2013 Baudre<\/a><\/li>\n<li id=\"menu-item-100209\" class=\"menu-item menu-item-type-post_type menu-item-object-page menu-item-100209\"><a href=\"https:\/\/www.auzeau.fr\/39-45\/france\/50-manche\/50-biville\/\">50 \u2013 Biville<\/a><\/li>\n<li id=\"menu-item-100208\" class=\"menu-item menu-item-type-post_type menu-item-object-page menu-item-100208\"><a href=\"https:\/\/www.auzeau.fr\/39-45\/france\/50-manche\/50-bretteville\/\">50 \u2013 Bretteville<\/a><\/li>\n<li id=\"menu-item-100207\" class=\"menu-item menu-item-type-post_type menu-item-object-page menu-item-100207\"><a href=\"https:\/\/www.auzeau.fr\/39-45\/france\/50-manche\/50-brevands\/\">50 \u2013 Br\u00e9vands<\/a><\/li>\n<li id=\"menu-item-100899\" class=\"menu-item menu-item-type-post_type menu-item-object-page menu-item-100899\"><a href=\"https:\/\/www.auzeau.fr\/39-45\/france\/50-manche\/50-cherbourg\/\">50 \u2013 Cherbourg<\/a><\/li>\n<li id=\"menu-item-55392\" class=\"menu-item menu-item-type-post_type menu-item-object-page menu-item-55392\"><a href=\"https:\/\/www.auzeau.fr\/39-45\/france\/50-manche\/50-equilly\/\">50 \u2013 \u00c9quilly<\/a><\/li>\n<li id=\"menu-item-100206\" class=\"menu-item menu-item-type-post_type menu-item-object-page menu-item-100206\"><a href=\"https:\/\/www.auzeau.fr\/39-45\/france\/50-manche\/50-fermanville\/\">50 \u2013 Fermanville<\/a><\/li>\n<li id=\"menu-item-55393\" class=\"menu-item menu-item-type-post_type menu-item-object-page menu-item-55393\"><a href=\"https:\/\/www.auzeau.fr\/39-45\/france\/50-manche\/50-granville\/\">50 \u2013 Granville<\/a><\/li>\n<li id=\"menu-item-100205\" class=\"menu-item menu-item-type-post_type menu-item-object-page menu-item-100205\"><a href=\"https:\/\/www.auzeau.fr\/39-45\/france\/50-manche\/50-le-rozel\/\">50 \u2013 Le Rozel<\/a><\/li>\n<li id=\"menu-item-100343\" class=\"menu-item menu-item-type-post_type menu-item-object-page menu-item-100343\"><a href=\"https:\/\/www.auzeau.fr\/39-45\/france\/50-manche\/50-le-vast\/\">50 \u2013 Le Vast<\/a><\/li>\n<li id=\"menu-item-100344\" class=\"menu-item menu-item-type-post_type menu-item-object-page menu-item-100344\"><a href=\"https:\/\/www.auzeau.fr\/39-45\/france\/50-manche\/50-lessay\/\">50 \u2013 Lessay<\/a><\/li>\n<li id=\"menu-item-55394\" class=\"menu-item menu-item-type-post_type menu-item-object-page menu-item-55394\"><a href=\"https:\/\/www.auzeau.fr\/39-45\/france\/50-manche\/50-muneville-sur-mer\/\">50 \u2013 Menuville-sur-Mer<\/a><\/li>\n<li id=\"menu-item-100342\" class=\"menu-item menu-item-type-post_type menu-item-object-page menu-item-100342\"><a href=\"https:\/\/www.auzeau.fr\/39-45\/france\/50-manche\/50-siouville-hague\/\">50 \u2013 Siouville-Hague<\/a><\/li>\n<li id=\"menu-item-55395\" class=\"menu-item menu-item-type-post_type menu-item-object-page menu-item-55395\"><a href=\"https:\/\/www.auzeau.fr\/39-45\/france\/50-manche\/50-vengeons\/\">50 \u2013 Vengeons<\/a><\/li>\n<li id=\"menu-item-97882\" class=\"menu-item menu-item-type-post_type menu-item-object-page menu-item-97882\"><a href=\"https:\/\/www.auzeau.fr\/39-45\/france\/50-manche\/50-ver\/\">50 \u2013 Ver<\/a><\/li>\n<\/ul>\n<script type=\"text\/javascript\"> toolTips('.classtoolTips18','Wing commander'); <\/script><script type=\"text\/javascript\"> toolTips('.classtoolTips19','Flying Officer'); <\/script><script type=\"text\/javascript\"> toolTips('.classtoolTips31','Vols libres au dessus du territoire ennemi afin d\u2019occuper et de combattre la chasse ennemi<br\/><br\/>Freelance flights over enemy teritory, the intention was to occupy and tire ennemy fighters'); <\/script><script type=\"text\/javascript\"> toolTips('.classtoolTips45','Royal Air Force Volunteer Reserve'); <\/script><script type=\"text\/javascript\"> toolTips('.classtoolTips78','Aviation Royale Canadienne<br\/><br\/>Royal Canadian Air Force'); <\/script><script type=\"text\/javascript\"> toolTips('.classtoolTips98','Colonel'); <\/script><script type=\"text\/javascript\"> toolTips('.classtoolTips110','Tu\u00e9 au combat<br\/><br\/>Killed In Action'); <\/script><script type=\"text\/javascript\"> toolTips('.classtoolTips114','Forces Fran\u00e7aises de l\\'Int\u00e9rieur'); <\/script><script type=\"text\/javascript\"> toolTips('.classtoolTips116','Navigateur<br\/><br\/>Navigator'); <\/script><script type=\"text\/javascript\"> toolTips('.classtoolTips118','Canonnier'); <\/script><script type=\"text\/javascript\"> toolTips('.classtoolTips134','\u00c9vad\u00e9<br\/><br\/>Evaded'); <\/script><script type=\"text\/javascript\"> toolTips('.classtoolTips144','Royal Corps of Signals'); <\/script><script type=\"text\/javascript\"> toolTips('.classtoolTips146','Royal Air Force'); <\/script><script type=\"text\/javascript\"> toolTips('.classtoolTips148','<strong>D\u00e9c\u00e9d\u00e9 de ses blessures<\/strong><br\/><br\/>concerne une personne qui a surv\u00e9cu pour atteindre un centre de traitement m\u00e9dical.<br\/><br\/><strong>Died of wounds<\/strong><br\/><br\/>concerns a person who survived to reach a medical treatment center.'); <\/script><script type=\"text\/javascript\"> toolTips('.classtoolTips151','Pilote<br\/><br\/>Pilot'); <\/script><script type=\"text\/javascript\"> toolTips('.classtoolTips153','Porucznik'); <\/script><script type=\"text\/javascript\"> toolTips('.classtoolTips171','Commander'); <\/script><script type=\"text\/javascript\"> toolTips('.classtoolTips185','Mitrailleur<br\/><br\/>Air Gunner'); <\/script><script type=\"text\/javascript\"> toolTips('.classtoolTips188','Bombardier<br\/><br\/>Air bomber'); <\/script><script type=\"text\/javascript\"> toolTips('.classtoolTips189','M\u00e9canicien volant<br\/><br\/>Flying Enginer'); <\/script><script type=\"text\/javascript\"> toolTips('.classtoolTips193','Royal Navy'); <\/script><script type=\"text\/javascript\"> toolTips('.classtoolTips195','Enseigne de Vaisseau'); <\/script><script type=\"text\/javascript\"> toolTips('.classtoolTips197','Aircraftman'); <\/script><script type=\"text\/javascript\"> toolTips('.classtoolTips199','Radio Officer'); <\/script><script type=\"text\/javascript\"> toolTips('.classtoolTips201','Lieutenant'); <\/script>","protected":false},"excerpt":{"rendered":"<p>Mosquito LR270 TH- 418 Sqn Date : 09 mars 1944 Mission : Ranger Rennes D\u00e9collage : Ford \u00e0 14:39 Causes de la perte : Lieu de la perte : Saint-Aubin-de-Terregac (50) Wg Cdr Richard James BENNELL Pil RCAF C\/1376 KIA Fg Off Francis SHIELD Nav RAFVR 131833 KIA Distinguished Flying Cross Acting Squadron Leader Richard [&hellip;]<\/p>\n","protected":false},"author":1,"featured_media":0,"parent":83,"menu_order":0,"comment_status":"closed","ping_status":"closed","template":"template-full-width Mosquito.php","meta":{"_lmt_disableupdate":"yes","_lmt_disable":"","footnotes":""},"categories":[590],"tags":[696],"wf_page_folders":[3125],"class_list":["post-98880","page","type-page","status-publish","hentry","category-mosquito","tag-418-squadron"],"_links":{"self":[{"href":"https:\/\/www.auzeau.fr\/39-45\/wp-json\/wp\/v2\/pages\/98880","targetHints":{"allow":["GET"]}}],"collection":[{"href":"https:\/\/www.auzeau.fr\/39-45\/wp-json\/wp\/v2\/pages"}],"about":[{"href":"https:\/\/www.auzeau.fr\/39-45\/wp-json\/wp\/v2\/types\/page"}],"author":[{"embeddable":true,"href":"https:\/\/www.auzeau.fr\/39-45\/wp-json\/wp\/v2\/users\/1"}],"replies":[{"embeddable":true,"href":"https:\/\/www.auzeau.fr\/39-45\/wp-json\/wp\/v2\/comments?post=98880"}],"version-history":[{"count":0,"href":"https:\/\/www.auzeau.fr\/39-45\/wp-json\/wp\/v2\/pages\/98880\/revisions"}],"up":[{"embeddable":true,"href":"https:\/\/www.auzeau.fr\/39-45\/wp-json\/wp\/v2\/pages\/83"}],"wp:attachment":[{"href":"https:\/\/www.auzeau.fr\/39-45\/wp-json\/wp\/v2\/media?parent=98880"}],"wp:term":[{"taxonomy":"category","embeddable":true,"href":"https:\/\/www.auzeau.fr\/39-45\/wp-json\/wp\/v2\/categories?post=98880"},{"taxonomy":"post_tag","embeddable":true,"href":"https:\/\/www.auzeau.fr\/39-45\/wp-json\/wp\/v2\/tags?post=98880"},{"taxonomy":"wf_page_folders","embeddable":true,"href":"https:\/\/www.auzeau.fr\/39-45\/wp-json\/wp\/v2\/wf_page_folders?post=98880"}],"curies":[{"name":"wp","href":"https:\/\/api.w.org\/{rel}","templated":true}]}}