{"id":98875,"date":"2021-10-08T09:25:54","date_gmt":"2021-10-08T07:25:54","guid":{"rendered":"http:\/\/39-45.auzeau.fr\/?page_id=98875"},"modified":"2022-03-01T08:15:28","modified_gmt":"2022-03-01T07:15:28","slug":"50-lessay-3","status":"publish","type":"page","link":"https:\/\/www.auzeau.fr\/39-45\/france\/50-manche\/50-lessay-3\/","title":{"rendered":"50 &#8211; Lessay"},"content":{"rendered":"<p><img fetchpriority=\"high\" decoding=\"async\" class=\"aligncenter size-full wp-image-98868\" title=\"Lessay\" src=\"https:\/\/www.auzeau.fr\/39-45\/wp-content\/uploads\/Cimetieres\/31 -- 60\/50-Manche\/Lessay\/Lessay.jpg\" alt=\"\" width=\"900\" height=\"409\" srcset=\"https:\/\/www.auzeau.fr\/39-45\/wp-content\/uploads\/Cimetieres\/31%20--%2060\/50-Manche\/Lessay\/Lessay.jpg 900w, https:\/\/www.auzeau.fr\/39-45\/wp-content\/uploads\/Cimetieres\/31%20--%2060\/50-Manche\/Lessay\/Lessay-300x136.jpg 300w, https:\/\/www.auzeau.fr\/39-45\/wp-content\/uploads\/Cimetieres\/31%20--%2060\/50-Manche\/Lessay\/Lessay-768x349.jpg 768w\" sizes=\"(max-width: 900px) 100vw, 900px\" \/><\/p>\n<table style=\"width: 100%;\" border=\"0\">\n<tbody>\n<tr>\n<td style=\"width: 5%;\"><\/td>\n<td style=\"width: 5%;\"><\/td>\n<td style=\"width: 2%;\"><\/td>\n<td style=\"width: 8%;\"><\/td>\n<td style=\"width: 5%;\"><\/td>\n<td style=\"width: 5%;\"><\/td>\n<td style=\"width: 5%;\"><\/td>\n<td style=\"width: 2%;\"><\/td>\n<td style=\"width: 8%;\"><\/td>\n<td style=\"width: 2%;\"><\/td>\n<td style=\"width: 5%;\"><\/td>\n<td style=\"width: 3%;\"><\/td>\n<td style=\"width: 5%;\"><\/td>\n<td style=\"width: 5%;\"><\/td>\n<td style=\"width: 5%;\"><\/td>\n<td style=\"width: 5%;\"><\/td>\n<td style=\"width: 5%;\"><\/td>\n<td style=\"width: 5%;\"><\/td>\n<td style=\"width: 5%;\"><\/td>\n<td style=\"width: 10%;\"><\/td>\n<\/tr>\n<tr>\n<td style=\"width: 75%;\" colspan=\"16\"><span style=\"font-size: xx-large;\"><strong><span style=\"color: #000000;\">Spitfire MJ982 YO-<br \/>\n<\/span><\/strong><\/span><\/td>\n<td style=\"width: 25%; text-align: center;\" colspan=\"4\"><span style=\"font-size: xx-large;\"><strong>401 Sqn<br \/>\n<\/strong><\/span><\/td>\n<\/tr>\n<tr>\n<td style=\"width: 75%;\" colspan=\"16\"><\/td>\n<td style=\"width: 25%; text-align: center;\" colspan=\"4\"><\/td>\n<\/tr>\n<tr style=\"height: 40px;\">\n<td style=\"text-align: right; width: 5%;\"><\/td>\n<td style=\"text-align: right; width: 5%;\"><\/td>\n<td style=\"text-align: right; width: 2%;\"><\/td>\n<td style=\"text-align: right; width: 8%;\"><\/td>\n<td style=\"text-align: right; width: 5%;\"><\/td>\n<td style=\"text-align: right; width: 5%;\"><\/td>\n<td style=\"text-align: right; width: 5%;\"><\/td>\n<td style=\"text-align: right; width: 2%;\"><\/td>\n<td style=\"text-align: right; width: 8%;\"><\/td>\n<td style=\"text-align: right; width: 2%;\"><\/td>\n<td style=\"text-align: right; width: 5%;\"><\/td>\n<td style=\"text-align: right; width: 3%;\"><\/td>\n<td style=\"text-align: right; width: 5%;\"><\/td>\n<td style=\"text-align: right; width: 5%;\"><\/td>\n<td style=\"text-align: right; width: 5%;\"><\/td>\n<td style=\"text-align: right; width: 5%;\"><\/td>\n<td style=\"text-align: right; width: 5%;\"><\/td>\n<td style=\"text-align: right; width: 5%;\"><\/td>\n<td style=\"text-align: right; width: 5%;\"><\/td>\n<td style=\"text-align: right; width: 10%;\"><\/td>\n<\/tr>\n<tr>\n<td style=\"text-align: right; width: 5%;\"><\/td>\n<td style=\"text-align: right; width: 5%;\"><span style=\"font-size: 14px;\"><strong>Date<\/strong><\/span><\/td>\n<td style=\"width: 2%; text-align: center;\"><strong>:<\/strong><\/td>\n<td style=\"width: 13%; text-align: left;\" colspan=\"2\"><span style=\"font-size: 14px;\"><em>27 avril 1944<br \/>\n<\/em><\/span><\/td>\n<td style=\"text-align: right; width: 5%;\"><\/td>\n<td style=\"text-align: right; width: 5%;\"><\/td>\n<td style=\"text-align: right; width: 2%;\"><\/td>\n<td style=\"text-align: right; width: 8%;\"><span style=\"font-size: 14px;\"><strong>Mission<\/strong><\/span><\/td>\n<td style=\"width: 2%; text-align: center;\"><strong><span style=\"font-size: 14px;\">:<\/span><\/strong><\/td>\n<td style=\"text-align: left; width: 53%;\" colspan=\"10\"><span style=\"font-size: 14px;\"><em>Destruction du &#8220;Pont de la Roque&#8221; \u00e0 Orval-sur-Sienne (50)<\/em><\/span><span style=\"font-size: 14px;\"><em><br \/>\n<\/em><\/span><\/td>\n<\/tr>\n<tr style=\"height: 40px;\">\n<td style=\"text-align: right; width: 5%;\"><\/td>\n<td style=\"text-align: right; width: 5%;\"><\/td>\n<td style=\"width: 2%; text-align: center;\"><\/td>\n<td style=\"width: 8%; text-align: left;\"><\/td>\n<td style=\"text-align: right; width: 5%;\"><\/td>\n<td style=\"text-align: right; width: 5%;\"><\/td>\n<td style=\"text-align: right; width: 5%;\"><\/td>\n<td style=\"text-align: right; width: 2%;\"><\/td>\n<td style=\"text-align: right; width: 8%;\"><\/td>\n<td style=\"width: 2%; text-align: center;\"><\/td>\n<td style=\"text-align: left; width: 5%;\"><\/td>\n<td style=\"text-align: left; width: 3%;\"><\/td>\n<td style=\"text-align: left; width: 5%;\"><\/td>\n<td style=\"text-align: left; width: 5%;\"><\/td>\n<td style=\"text-align: left; width: 5%;\"><\/td>\n<td style=\"text-align: left; width: 5%;\"><\/td>\n<td style=\"text-align: left; width: 5%;\"><\/td>\n<td style=\"text-align: left; width: 5%;\"><\/td>\n<td style=\"text-align: left; width: 5%;\"><\/td>\n<td style=\"text-align: left; width: 10%;\"><\/td>\n<\/tr>\n<tr style=\"height: 40px;\">\n<td style=\"text-align: right; width: 10%;\" colspan=\"2\"><\/td>\n<td style=\"width: 2%; text-align: center;\"><\/td>\n<td style=\"text-align: right; width: 23%;\" colspan=\"4\"><span style=\"font-size: 14px;\"><strong>D\u00e9collage<\/strong><\/span><\/td>\n<td style=\"width: 2%; text-align: center;\"><strong>:<\/strong><\/td>\n<td style=\"text-align: left; width: 63%;\" colspan=\"12\"><span style=\"font-size: 14px;\"><em>Tangmere \u00e0 12:15<br \/>\n<\/em><\/span><\/td>\n<\/tr>\n<tr style=\"height: 40px;\">\n<td style=\"text-align: right; width: 10%;\" colspan=\"2\"><\/td>\n<td style=\"width: 2%; text-align: center;\"><\/td>\n<td style=\"text-align: right; width: 23%;\" colspan=\"4\"><span style=\"font-size: 14px;\"><strong>Causes de la perte<\/strong><\/span><\/td>\n<td style=\"width: 2%; text-align: center;\"><strong>:<\/strong><\/td>\n<td style=\"text-align: left; width: 63%;\" colspan=\"12\">Apr\u00e8s le largage de sa bombe est vu <span class=\"VIiyi\" lang=\"fr\"><span class=\"JLqJ4b ChMk0b\" data-language-for-alternatives=\"fr\" data-language-to-translate-into=\"en\" data-phrase-index=\"4\">pour la derni\u00e8re fois en piquer <\/span><span class=\"JLqJ4b ChMk0b\" data-language-for-alternatives=\"fr\" data-language-to-translate-into=\"en\" data-phrase-index=\"6\">apparemment hors de contr\u00f4le<\/span><\/span><\/td>\n<\/tr>\n<tr style=\"height: 40px;\">\n<td style=\"text-align: right; width: 10%;\" colspan=\"2\"><\/td>\n<td style=\"width: 2%; text-align: center;\"><\/td>\n<td style=\"text-align: right; width: 23%;\" colspan=\"4\"><span style=\"font-size: 14px;\"><strong>Lieu de la perte<\/strong><\/span><\/td>\n<td style=\"width: 2%; text-align: center;\"><strong>:<\/strong><\/td>\n<td style=\"text-align: left; width: 63%;\" colspan=\"12\"><span style=\"font-size: 14px;\"><em>Montchaton (50)<br \/>\n<\/em><\/span><\/td>\n<\/tr>\n<tr style=\"height: 40px;\">\n<td style=\"width: 5%;\"><\/td>\n<td style=\"width: 5%;\"><\/td>\n<td style=\"width: 2%; text-align: center;\"><\/td>\n<td style=\"text-align: right; width: 8%;\"><\/td>\n<td style=\"text-align: right; width: 5%;\"><\/td>\n<td style=\"text-align: right; width: 5%;\"><\/td>\n<td style=\"text-align: right; width: 5%;\"><\/td>\n<td style=\"width: 2%; text-align: center;\"><\/td>\n<td style=\"text-align: left; width: 8%;\"><\/td>\n<td style=\"text-align: left; width: 2%;\"><\/td>\n<td style=\"text-align: left; width: 5%;\"><\/td>\n<td style=\"text-align: left; width: 3%;\"><\/td>\n<td style=\"text-align: left; width: 5%;\"><\/td>\n<td style=\"text-align: left; width: 5%;\"><\/td>\n<td style=\"text-align: left; width: 5%;\"><\/td>\n<td style=\"text-align: left; width: 5%;\"><\/td>\n<td style=\"text-align: left; width: 5%;\"><\/td>\n<td style=\"text-align: left; width: 5%;\"><\/td>\n<td style=\"text-align: left; width: 5%;\"><\/td>\n<td style=\"text-align: left; width: 10%;\"><\/td>\n<\/tr>\n<tr style=\"height: 60px;\">\n<td style=\"width: 5%;\"><img decoding=\"async\" class=\"aligncenter size-full wp-image-47210\" title=\"Canada\" src=\"https:\/\/www.auzeau.fr\/39-45\/wp-content\/uploads\/images\/Drapeaux\/Canada.png\" alt=\"Canada\" width=\"40\" height=\"20\" \/><\/td>\n<td style=\"width: 5%;\"><span class='tooltipsall tooltipsincontent classtoolTips19'>Fg Off<\/span><\/td>\n<td style=\"text-align: left;\" colspan=\"5\">Wesley Elmore<\/td>\n<td style=\"text-align: left;\" colspan=\"3\"><strong><span style=\"color: #000000;\">CUMMINGS<\/span><\/strong><\/td>\n<td style=\"text-align: center;\" colspan=\"2\"><span class='tooltipsall tooltipsincontent classtoolTips151'>Pil<\/span><\/td>\n<td style=\"width: 5%; text-align: center;\"><span class='tooltipsall tooltipsincontent classtoolTips78'>RCAF<\/span><\/td>\n<td style=\"text-align: center;\" colspan=\"2\">J\/20014<\/td>\n<td style=\"width: 5%; text-align: center;\"><span style=\"color: #000000;\"><strong><span class='tooltipsall tooltipsincontent classtoolTips110'>KIA<\/span><\/strong><\/span><\/td>\n<td style=\"text-align: left;\" colspan=\"4\"><\/td>\n<\/tr>\n<\/tbody>\n<\/table>\n<div id='gallery-1' class='gallery galleryid-98875 gallery-columns-1 gallery-size-thumbnail'><figure class='gallery-item'>\n\t\t\t<div class='gallery-icon portrait'>\n\t\t\t\t<a title=\"Cummings\"  title=\"Cummings\"  href='https:\/\/www.auzeau.fr\/39-45\/wp-content\/uploads\/Cimetieres\/31%20--%2060\/50-Manche\/Lessay\/MJ982\/Cummings.jpg'><img decoding=\"async\" width=\"150\" height=\"150\" src=\"https:\/\/www.auzeau.fr\/39-45\/wp-content\/uploads\/Cimetieres\/31 -- 60\/50-Manche\/Lessay\/MJ982\/Cummings-150x150.jpg\" class=\"attachment-thumbnail size-thumbnail\" alt=\"\" srcset=\"https:\/\/www.auzeau.fr\/39-45\/wp-content\/uploads\/Cimetieres\/31%20--%2060\/50-Manche\/Lessay\/MJ982\/Cummings-150x150.jpg 150w, https:\/\/www.auzeau.fr\/39-45\/wp-content\/uploads\/Cimetieres\/31%20--%2060\/50-Manche\/Lessay\/MJ982\/Cummings-50x50.jpg 50w\" sizes=\"(max-width: 150px) 100vw, 150px\" \/><\/a>\n\t\t\t<\/div><\/figure>\n\t\t<\/div>\n\n<table style=\"width: 100%; border-collapse: collapse; background-color: #d9d7d7;\">\n<tbody>\n<tr>\n<td style=\"width: 100%; text-align: center;\"><ul id=\"menu-50-lessay\" class=\"menu\"><li id=\"menu-item-100347\" class=\"menu-item menu-item-type-post_type menu-item-object-page menu-item-100347\"><a href=\"https:\/\/www.auzeau.fr\/39-45\/france\/50-manche\/50-lessay\/\">Wellington BK501<\/a><\/li>\n<li id=\"menu-item-100349\" class=\"menu-item menu-item-type-post_type menu-item-object-page menu-item-100349\"><a href=\"https:\/\/www.auzeau.fr\/39-45\/france\/50-manche\/50-lessay-2\/\">Mosquito LR270<\/a><\/li>\n<li id=\"menu-item-100348\" class=\"menu-item menu-item-type-post_type menu-item-object-page menu-item-100348\"><a href=\"https:\/\/www.auzeau.fr\/39-45\/france\/50-manche\/50-lessay-3\/\">Spitfire MJ982<\/a><\/li>\n<\/ul><\/td>\n<\/tr>\n<\/tbody>\n<\/table>\n<hr \/>\n<p style=\"text-align: center;\"><ul id=\"menu-50-manche\" class=\"menu\"><li id=\"menu-item-100065\" class=\"menu-item menu-item-type-post_type menu-item-object-page menu-item-100065\"><a href=\"https:\/\/www.auzeau.fr\/39-45\/france\/50-manche\/50-airel\/\">50 \u2013 Airel<\/a><\/li>\n<li id=\"menu-item-100064\" class=\"menu-item menu-item-type-post_type menu-item-object-page menu-item-100064\"><a href=\"https:\/\/www.auzeau.fr\/39-45\/france\/50-manche\/50-auvers\/\">50 \u2013 Auvers<\/a><\/li>\n<li id=\"menu-item-55391\" class=\"menu-item menu-item-type-post_type menu-item-object-page menu-item-55391\"><a href=\"https:\/\/www.auzeau.fr\/39-45\/france\/50-manche\/50-avranches\/\">50 \u2013 Avranches<\/a><\/li>\n<li id=\"menu-item-100063\" class=\"menu-item menu-item-type-post_type menu-item-object-page menu-item-100063\"><a href=\"https:\/\/www.auzeau.fr\/39-45\/france\/50-manche\/50-barneville-carteret\/\">50 \u2013 Barneville-Carteret<\/a><\/li>\n<li id=\"menu-item-97881\" class=\"menu-item menu-item-type-post_type menu-item-object-page menu-item-97881\"><a href=\"https:\/\/www.auzeau.fr\/39-45\/france\/50-manche\/50-baudre\/\">50 \u2013 Baudre<\/a><\/li>\n<li id=\"menu-item-100209\" class=\"menu-item menu-item-type-post_type menu-item-object-page menu-item-100209\"><a href=\"https:\/\/www.auzeau.fr\/39-45\/france\/50-manche\/50-biville\/\">50 \u2013 Biville<\/a><\/li>\n<li id=\"menu-item-100208\" class=\"menu-item menu-item-type-post_type menu-item-object-page menu-item-100208\"><a href=\"https:\/\/www.auzeau.fr\/39-45\/france\/50-manche\/50-bretteville\/\">50 \u2013 Bretteville<\/a><\/li>\n<li id=\"menu-item-100207\" class=\"menu-item menu-item-type-post_type menu-item-object-page menu-item-100207\"><a href=\"https:\/\/www.auzeau.fr\/39-45\/france\/50-manche\/50-brevands\/\">50 \u2013 Br\u00e9vands<\/a><\/li>\n<li id=\"menu-item-100899\" class=\"menu-item menu-item-type-post_type menu-item-object-page menu-item-100899\"><a href=\"https:\/\/www.auzeau.fr\/39-45\/france\/50-manche\/50-cherbourg\/\">50 \u2013 Cherbourg<\/a><\/li>\n<li id=\"menu-item-55392\" class=\"menu-item menu-item-type-post_type menu-item-object-page menu-item-55392\"><a href=\"https:\/\/www.auzeau.fr\/39-45\/france\/50-manche\/50-equilly\/\">50 \u2013 \u00c9quilly<\/a><\/li>\n<li id=\"menu-item-100206\" class=\"menu-item menu-item-type-post_type menu-item-object-page menu-item-100206\"><a href=\"https:\/\/www.auzeau.fr\/39-45\/france\/50-manche\/50-fermanville\/\">50 \u2013 Fermanville<\/a><\/li>\n<li id=\"menu-item-55393\" class=\"menu-item menu-item-type-post_type menu-item-object-page menu-item-55393\"><a href=\"https:\/\/www.auzeau.fr\/39-45\/france\/50-manche\/50-granville\/\">50 \u2013 Granville<\/a><\/li>\n<li id=\"menu-item-100205\" class=\"menu-item menu-item-type-post_type menu-item-object-page menu-item-100205\"><a href=\"https:\/\/www.auzeau.fr\/39-45\/france\/50-manche\/50-le-rozel\/\">50 \u2013 Le Rozel<\/a><\/li>\n<li id=\"menu-item-100343\" class=\"menu-item menu-item-type-post_type menu-item-object-page menu-item-100343\"><a href=\"https:\/\/www.auzeau.fr\/39-45\/france\/50-manche\/50-le-vast\/\">50 \u2013 Le Vast<\/a><\/li>\n<li id=\"menu-item-100344\" class=\"menu-item menu-item-type-post_type menu-item-object-page menu-item-100344\"><a href=\"https:\/\/www.auzeau.fr\/39-45\/france\/50-manche\/50-lessay\/\">50 \u2013 Lessay<\/a><\/li>\n<li id=\"menu-item-55394\" class=\"menu-item menu-item-type-post_type menu-item-object-page menu-item-55394\"><a href=\"https:\/\/www.auzeau.fr\/39-45\/france\/50-manche\/50-muneville-sur-mer\/\">50 \u2013 Menuville-sur-Mer<\/a><\/li>\n<li id=\"menu-item-100342\" class=\"menu-item menu-item-type-post_type menu-item-object-page menu-item-100342\"><a href=\"https:\/\/www.auzeau.fr\/39-45\/france\/50-manche\/50-siouville-hague\/\">50 \u2013 Siouville-Hague<\/a><\/li>\n<li id=\"menu-item-55395\" class=\"menu-item menu-item-type-post_type menu-item-object-page menu-item-55395\"><a href=\"https:\/\/www.auzeau.fr\/39-45\/france\/50-manche\/50-vengeons\/\">50 \u2013 Vengeons<\/a><\/li>\n<li id=\"menu-item-97882\" class=\"menu-item menu-item-type-post_type menu-item-object-page menu-item-97882\"><a href=\"https:\/\/www.auzeau.fr\/39-45\/france\/50-manche\/50-ver\/\">50 \u2013 Ver<\/a><\/li>\n<\/ul>\n<script type=\"text\/javascript\"> toolTips('.classtoolTips19','Flying Officer'); <\/script><script type=\"text\/javascript\"> toolTips('.classtoolTips78','Aviation Royale Canadienne<br\/><br\/>Royal Canadian Air Force'); <\/script><script type=\"text\/javascript\"> toolTips('.classtoolTips98','Colonel'); <\/script><script type=\"text\/javascript\"> toolTips('.classtoolTips110','Tu\u00e9 au combat<br\/><br\/>Killed In Action'); <\/script><script type=\"text\/javascript\"> toolTips('.classtoolTips118','Canonnier'); <\/script><script type=\"text\/javascript\"> toolTips('.classtoolTips134','\u00c9vad\u00e9<br\/><br\/>Evaded'); <\/script><script type=\"text\/javascript\"> toolTips('.classtoolTips139','Section de Liaison A\u00e9rienne'); <\/script><script type=\"text\/javascript\"> toolTips('.classtoolTips144','Royal Corps of Signals'); <\/script><script type=\"text\/javascript\"> toolTips('.classtoolTips150','Indemne<br\/><br\/>Unhurt'); <\/script><script type=\"text\/javascript\"> toolTips('.classtoolTips151','Pilote<br\/><br\/>Pilot'); <\/script><script type=\"text\/javascript\"> toolTips('.classtoolTips153','Porucznik'); <\/script><script type=\"text\/javascript\"> toolTips('.classtoolTips185','Mitrailleur<br\/><br\/>Air Gunner'); <\/script><script type=\"text\/javascript\"> toolTips('.classtoolTips188','Bombardier<br\/><br\/>Air bomber'); <\/script><script type=\"text\/javascript\"> toolTips('.classtoolTips189','M\u00e9canicien volant<br\/><br\/>Flying Enginer'); <\/script><script type=\"text\/javascript\"> toolTips('.classtoolTips193','Royal Navy'); <\/script><script type=\"text\/javascript\"> toolTips('.classtoolTips195','Enseigne de Vaisseau'); <\/script><script type=\"text\/javascript\"> toolTips('.classtoolTips197','Aircraftman'); <\/script><script type=\"text\/javascript\"> toolTips('.classtoolTips199','Radio Officer'); <\/script><script type=\"text\/javascript\"> toolTips('.classtoolTips201','Lieutenant'); <\/script>","protected":false},"excerpt":{"rendered":"<p>Spitfire MJ982 YO- 401 Sqn Date : 27 avril 1944 Mission : Destruction du &#8220;Pont de la Roque&#8221; \u00e0 Orval-sur-Sienne (50) D\u00e9collage : Tangmere \u00e0 12:15 Causes de la perte : Apr\u00e8s le largage de sa bombe est vu pour la derni\u00e8re fois en piquer apparemment hors de contr\u00f4le Lieu de la perte : Montchaton [&hellip;]<\/p>\n","protected":false},"author":1,"featured_media":0,"parent":83,"menu_order":0,"comment_status":"closed","ping_status":"closed","template":"template-full-width Spitfire.php","meta":{"_lmt_disableupdate":"yes","_lmt_disable":"","footnotes":""},"categories":[586],"tags":[599],"wf_page_folders":[3125],"class_list":["post-98875","page","type-page","status-publish","hentry","category-spitfire","tag-401-squadron"],"_links":{"self":[{"href":"https:\/\/www.auzeau.fr\/39-45\/wp-json\/wp\/v2\/pages\/98875","targetHints":{"allow":["GET"]}}],"collection":[{"href":"https:\/\/www.auzeau.fr\/39-45\/wp-json\/wp\/v2\/pages"}],"about":[{"href":"https:\/\/www.auzeau.fr\/39-45\/wp-json\/wp\/v2\/types\/page"}],"author":[{"embeddable":true,"href":"https:\/\/www.auzeau.fr\/39-45\/wp-json\/wp\/v2\/users\/1"}],"replies":[{"embeddable":true,"href":"https:\/\/www.auzeau.fr\/39-45\/wp-json\/wp\/v2\/comments?post=98875"}],"version-history":[{"count":0,"href":"https:\/\/www.auzeau.fr\/39-45\/wp-json\/wp\/v2\/pages\/98875\/revisions"}],"up":[{"embeddable":true,"href":"https:\/\/www.auzeau.fr\/39-45\/wp-json\/wp\/v2\/pages\/83"}],"wp:attachment":[{"href":"https:\/\/www.auzeau.fr\/39-45\/wp-json\/wp\/v2\/media?parent=98875"}],"wp:term":[{"taxonomy":"category","embeddable":true,"href":"https:\/\/www.auzeau.fr\/39-45\/wp-json\/wp\/v2\/categories?post=98875"},{"taxonomy":"post_tag","embeddable":true,"href":"https:\/\/www.auzeau.fr\/39-45\/wp-json\/wp\/v2\/tags?post=98875"},{"taxonomy":"wf_page_folders","embeddable":true,"href":"https:\/\/www.auzeau.fr\/39-45\/wp-json\/wp\/v2\/wf_page_folders?post=98875"}],"curies":[{"name":"wp","href":"https:\/\/api.w.org\/{rel}","templated":true}]}}