{"id":98114,"date":"2022-09-01T08:57:09","date_gmt":"2022-09-01T06:57:09","guid":{"rendered":"http:\/\/39-45.auzeau.fr\/?page_id=98114"},"modified":"2022-09-01T08:57:09","modified_gmt":"2022-09-01T06:57:09","slug":"92-hauts-de-seine","status":"publish","type":"page","link":"https:\/\/www.auzeau.fr\/39-45\/france\/92-hauts-de-seine\/","title":{"rendered":"92 &#8211; Hauts-de-Seine"},"content":{"rendered":"<p><img decoding=\"async\" class=\"aligncenter size-full wp-image-98113\" title=\"92-Pt\" src=\"https:\/\/www.auzeau.fr\/39-45\/wp-content\/uploads\/images\/Departement\/92-Pt.png\" alt=\"\" width=\"110\" height=\"112\" srcset=\"https:\/\/www.auzeau.fr\/39-45\/wp-content\/uploads\/images\/Departement\/92-Pt.png 110w, https:\/\/www.auzeau.fr\/39-45\/wp-content\/uploads\/images\/Departement\/92-Pt-50x50.png 50w\" sizes=\"(max-width: 110px) 100vw, 110px\" \/><\/p>\n<div class=\"leaflet-map WPLeafletMap\" style=\"height:1000px; width:100%;\"><\/div><script>\nwindow.WPLeafletMapPlugin = window.WPLeafletMapPlugin || [];\nwindow.WPLeafletMapPlugin.push(function WPLeafletMapShortcode() {\/*<script>*\/\nvar baseUrl = atob('aHR0cHM6Ly97c30udGlsZS5vcGVuc3RyZWV0bWFwLm9yZy97en0ve3h9L3t5fS5wbmc=');\nvar base = (!baseUrl && window.MQ) ?\n    window.MQ.mapLayer() : L.tileLayer(baseUrl,\n        L.Util.extend({}, {\n            detectRetina: 0,\n        },\n        {\"subdomains\":\"abc\",\"noWrap\":false,\"maxZoom\":20}        )\n    );\n    var options = L.Util.extend({}, {\n        layers: [base],\n        attributionControl: false\n    },\n    {\"zoomControl\":true,\"scrollWheelZoom\":true,\"doubleClickZoom\":false,\"fitBounds\":true,\"minZoom\":0,\"maxZoom\":20,\"maxBounds\":null,\"attribution\":\"<a href=\\\"http:\\\/\\\/leafletjs.com\\\" title=\\\"Une biblioth\\u00e8que JS pour des cartes interactives\\\">Leaflet<\\\/a>; \\u00a9 <a href=\\\"http:\\\/\\\/www.openstreetmap.org\\\/copyright\\\">OpenStreetMap<\\\/a> contributeurs\"},\n    {});\nwindow.WPLeafletMapPlugin.createMap(options).setView([49.821854588467,4.5600128173828],10);window.WPLeafletMapPlugin.createScale({});});<\/script>\n<script>\nwindow.WPLeafletMapPlugin = window.WPLeafletMapPlugin || [];\nwindow.WPLeafletMapPlugin.push(function WPLeafletMarkerShortcode() {\/*<script>*\/\nvar map = window.WPLeafletMapPlugin.getCurrentMap();\nvar group = window.WPLeafletMapPlugin.getCurrentGroup();\nvar marker_options = window.WPLeafletMapPlugin.getIconOptions({\"iconUrl\":\"https:\\\/\\\/www.auzeau.fr\\\/39-45\\\/wp-content\\\/uploads\\\/images\\\/Punaises\\\/FRANCE.png\",\"iconSize\":\"40,40\",\"iconAnchor\":\"0,40\"});\nvar marker = L.marker(\n    [48.899748,2.290469],\n    marker_options\n);\nvar is_image = map.is_image_map;\nif (marker_options.draggable) {\n    marker.on('dragend', function () {\n        var latlng = this.getLatLng();\n        var lat = latlng.lat;\n        var lng = latlng.lng;\n        if (is_image) {\n            console.log('leaflet-marker y=' + lat + ' x=' + lng);\n        } else {\n            console.log('leaflet-marker lat=' + lat + ' lng=' + lng);\n        }\n    });\n}\nmarker.addTo( group );\nmarker.bindPopup(window.WPLeafletMapPlugin.unescape(' Levallois-Perret')).openPopup();window.WPLeafletMapPlugin.markers.push( marker );\n        });<\/script>\n<script>\nwindow.WPLeafletMapPlugin = window.WPLeafletMapPlugin || [];\nwindow.WPLeafletMapPlugin.push(function WPLeafletMarkerShortcode() {\/*<script>*\/\nvar map = window.WPLeafletMapPlugin.getCurrentMap();\nvar group = window.WPLeafletMapPlugin.getCurrentGroup();\nvar marker_options = window.WPLeafletMapPlugin.getIconOptions({\"iconUrl\":\"https:\\\/\\\/www.auzeau.fr\\\/39-45\\\/wp-content\\\/uploads\\\/images\\\/Punaises\\\/RAFFRANCE.png\",\"iconSize\":\"40,60\",\"iconAnchor\":\"0,40\"});\nvar marker = L.marker(\n    [48.908759,2.31295],\n    marker_options\n);\nvar is_image = map.is_image_map;\nif (marker_options.draggable) {\n    marker.on('dragend', function () {\n        var latlng = this.getLatLng();\n        var lat = latlng.lat;\n        var lng = latlng.lng;\n        if (is_image) {\n            console.log('leaflet-marker y=' + lat + ' x=' + lng);\n        } else {\n            console.log('leaflet-marker lat=' + lat + ' lng=' + lng);\n        }\n    });\n}\nmarker.addTo( group );\nmarker.bindPopup(window.WPLeafletMapPlugin.unescape(' Clichy Cimeti\u00e8re Nord')).openPopup();window.WPLeafletMapPlugin.markers.push( marker );\n        });<\/script>\n<script>\nwindow.WPLeafletMapPlugin = window.WPLeafletMapPlugin || [];\nwindow.WPLeafletMapPlugin.push(function WPLeafletMarkerShortcode() {\/*<script>*\/\nvar map = window.WPLeafletMapPlugin.getCurrentMap();\nvar group = window.WPLeafletMapPlugin.getCurrentGroup();\nvar marker_options = window.WPLeafletMapPlugin.getIconOptions({\"iconUrl\":\"https:\\\/\\\/www.auzeau.fr\\\/39-45\\\/wp-content\\\/uploads\\\/images\\\/Punaises\\\/FRANCE.png\",\"iconSize\":\"40,40\",\"iconAnchor\":\"0,40\"});\nvar marker = L.marker(\n    [48.794287,2.290989],\n    marker_options\n);\nvar is_image = map.is_image_map;\nif (marker_options.draggable) {\n    marker.on('dragend', function () {\n        var latlng = this.getLatLng();\n        var lat = latlng.lat;\n        var lng = latlng.lng;\n        if (is_image) {\n            console.log('leaflet-marker y=' + lat + ' x=' + lng);\n        } else {\n            console.log('leaflet-marker lat=' + lat + ' lng=' + lng);\n        }\n    });\n}\nmarker.addTo( group );\nmarker.bindPopup(window.WPLeafletMapPlugin.unescape(' Fontenay-aux-Roses')).openPopup();window.WPLeafletMapPlugin.markers.push( marker );\n        });<\/script>\n<script>\nwindow.WPLeafletMapPlugin = window.WPLeafletMapPlugin || [];\nwindow.WPLeafletMapPlugin.push(function WPLeafletMarkerShortcode() {\/*<script>*\/\nvar map = window.WPLeafletMapPlugin.getCurrentMap();\nvar group = window.WPLeafletMapPlugin.getCurrentGroup();\nvar marker_options = window.WPLeafletMapPlugin.getIconOptions({\"iconUrl\":\"https:\\\/\\\/www.auzeau.fr\\\/39-45\\\/wp-content\\\/uploads\\\/images\\\/Punaises\\\/FRANCE.png\",\"iconSize\":\"40,40\",\"iconAnchor\":\"0,40\"});\nvar marker = L.marker(\n    [48.82189,2.322038],\n    marker_options\n);\nvar is_image = map.is_image_map;\nif (marker_options.draggable) {\n    marker.on('dragend', function () {\n        var latlng = this.getLatLng();\n        var lat = latlng.lat;\n        var lng = latlng.lng;\n        if (is_image) {\n            console.log('leaflet-marker y=' + lat + ' x=' + lng);\n        } else {\n            console.log('leaflet-marker lat=' + lat + ' lng=' + lng);\n        }\n    });\n}\nmarker.addTo( group );\nmarker.bindPopup(window.WPLeafletMapPlugin.unescape(' Montrouge')).openPopup();window.WPLeafletMapPlugin.markers.push( marker );\n        });<\/script>\n<script>\nwindow.WPLeafletMapPlugin = window.WPLeafletMapPlugin || [];\nwindow.WPLeafletMapPlugin.push(function WPLeafletMarkerShortcode() {\/*<script>*\/\nvar map = window.WPLeafletMapPlugin.getCurrentMap();\nvar group = window.WPLeafletMapPlugin.getCurrentGroup();\nvar marker_options = window.WPLeafletMapPlugin.getIconOptions({\"iconUrl\":\"https:\\\/\\\/www.auzeau.fr\\\/39-45\\\/wp-content\\\/uploads\\\/images\\\/Punaises\\\/FRANCE.png\",\"iconSize\":\"40,40\",\"iconAnchor\":\"0,40\"});\nvar marker = L.marker(\n    [48.804863,2.190385],\n    marker_options\n);\nvar is_image = map.is_image_map;\nif (marker_options.draggable) {\n    marker.on('dragend', function () {\n        var latlng = this.getLatLng();\n        var lat = latlng.lat;\n        var lng = latlng.lng;\n        if (is_image) {\n            console.log('leaflet-marker y=' + lat + ' x=' + lng);\n        } else {\n            console.log('leaflet-marker lat=' + lat + ' lng=' + lng);\n        }\n    });\n}\nmarker.addTo( group );\nmarker.bindPopup(window.WPLeafletMapPlugin.unescape(' Chaville')).openPopup();window.WPLeafletMapPlugin.markers.push( marker );\n        });<\/script>\n<hr \/>\n<p style=\"text-align: center;\"><ul id=\"menu-92-hauts-de-seine\" class=\"menu\"><li id=\"menu-item-112484\" class=\"menu-item menu-item-type-post_type menu-item-object-page menu-item-112484\"><a href=\"https:\/\/www.auzeau.fr\/39-45\/france\/92-hauts-de-seine\/92-chaville\/\">92 \u2013 Chaville<\/a><\/li>\n<li id=\"menu-item-103278\" class=\"menu-item menu-item-type-post_type menu-item-object-page menu-item-103278\"><a href=\"https:\/\/www.auzeau.fr\/39-45\/france\/92-hauts-de-seine\/92-clichy-cimetiere-nord\/\">92 \u2013 Clichy Cimeti\u00e8re Nord<\/a><\/li>\n<li id=\"menu-item-103320\" class=\"menu-item menu-item-type-post_type menu-item-object-page menu-item-103320\"><a href=\"https:\/\/www.auzeau.fr\/39-45\/france\/92-hauts-de-seine\/92-fontenay-aux-roses\/\">92 \u2013 Fontenay-aux-Roses<\/a><\/li>\n<li id=\"menu-item-103268\" class=\"menu-item menu-item-type-post_type menu-item-object-page menu-item-103268\"><a href=\"https:\/\/www.auzeau.fr\/39-45\/france\/92-hauts-de-seine\/92-levallois-perret\/\">92 \u2013 Levallois-Perret<\/a><\/li>\n<li id=\"menu-item-104892\" class=\"menu-item menu-item-type-post_type menu-item-object-page menu-item-104892\"><a href=\"https:\/\/www.auzeau.fr\/39-45\/france\/92-hauts-de-seine\/92-montrouge\/\">92 \u2013 Montrouge<\/a><\/li>\n<\/ul>\n<script type=\"text\/javascript\"> toolTips('.classtoolTips82','Chorazy'); <\/script><script type=\"text\/javascript\"> toolTips('.classtoolTips134','\u00c9vad\u00e9<br\/><br\/>Evaded'); <\/script><script type=\"text\/javascript\"> toolTips('.classtoolTips144','Royal Corps of Signals'); <\/script><script type=\"text\/javascript\"> toolTips('.classtoolTips146','Royal Air Force'); <\/script><script type=\"text\/javascript\"> toolTips('.classtoolTips148','<strong>D\u00e9c\u00e9d\u00e9 de ses blessures<\/strong><br\/><br\/>concerne une personne qui a surv\u00e9cu pour atteindre un centre de traitement m\u00e9dical.<br\/><br\/><strong>Died of wounds<\/strong><br\/><br\/>concerns a person who survived to reach a medical treatment center.'); <\/script><script type=\"text\/javascript\"> toolTips('.classtoolTips150','Indemne<br\/><br\/>Unhurt'); <\/script><script type=\"text\/javascript\"> toolTips('.classtoolTips183','Flight Sergeant'); <\/script><script type=\"text\/javascript\"> toolTips('.classtoolTips185','Mitrailleur<br\/><br\/>Air Gunner'); <\/script><script type=\"text\/javascript\"> toolTips('.classtoolTips186','Zone d\u2019Atterrissage<br\/><br\/>Landing Zone'); <\/script><script type=\"text\/javascript\"> toolTips('.classtoolTips188','Bombardier<br\/><br\/>Air bomber'); <\/script><script type=\"text\/javascript\"> toolTips('.classtoolTips195','Enseigne de Vaisseau'); <\/script><script type=\"text\/javascript\"> toolTips('.classtoolTips197','Aircraftman'); <\/script><script type=\"text\/javascript\"> toolTips('.classtoolTips199','Radio Officer'); <\/script><script type=\"text\/javascript\"> toolTips('.classtoolTips201','Lieutenant'); <\/script>","protected":false},"excerpt":{"rendered":"","protected":false},"author":1,"featured_media":0,"parent":32,"menu_order":0,"comment_status":"closed","ping_status":"closed","template":"","meta":{"_lmt_disableupdate":"yes","_lmt_disable":"","footnotes":""},"categories":[3447],"tags":[],"wf_page_folders":[10043,3106],"class_list":["post-98114","page","type-page","status-publish","hentry","category-departement"],"_links":{"self":[{"href":"https:\/\/www.auzeau.fr\/39-45\/wp-json\/wp\/v2\/pages\/98114","targetHints":{"allow":["GET"]}}],"collection":[{"href":"https:\/\/www.auzeau.fr\/39-45\/wp-json\/wp\/v2\/pages"}],"about":[{"href":"https:\/\/www.auzeau.fr\/39-45\/wp-json\/wp\/v2\/types\/page"}],"author":[{"embeddable":true,"href":"https:\/\/www.auzeau.fr\/39-45\/wp-json\/wp\/v2\/users\/1"}],"replies":[{"embeddable":true,"href":"https:\/\/www.auzeau.fr\/39-45\/wp-json\/wp\/v2\/comments?post=98114"}],"version-history":[{"count":0,"href":"https:\/\/www.auzeau.fr\/39-45\/wp-json\/wp\/v2\/pages\/98114\/revisions"}],"up":[{"embeddable":true,"href":"https:\/\/www.auzeau.fr\/39-45\/wp-json\/wp\/v2\/pages\/32"}],"wp:attachment":[{"href":"https:\/\/www.auzeau.fr\/39-45\/wp-json\/wp\/v2\/media?parent=98114"}],"wp:term":[{"taxonomy":"category","embeddable":true,"href":"https:\/\/www.auzeau.fr\/39-45\/wp-json\/wp\/v2\/categories?post=98114"},{"taxonomy":"post_tag","embeddable":true,"href":"https:\/\/www.auzeau.fr\/39-45\/wp-json\/wp\/v2\/tags?post=98114"},{"taxonomy":"wf_page_folders","embeddable":true,"href":"https:\/\/www.auzeau.fr\/39-45\/wp-json\/wp\/v2\/wf_page_folders?post=98114"}],"curies":[{"name":"wp","href":"https:\/\/api.w.org\/{rel}","templated":true}]}}