{"id":98043,"date":"2021-11-01T07:25:54","date_gmt":"2021-11-01T06:25:54","guid":{"rendered":"http:\/\/39-45.auzeau.fr\/?page_id=98043"},"modified":"2021-11-01T10:03:55","modified_gmt":"2021-11-01T09:03:55","slug":"13-marseille-mazargues-war-cemetery-20","status":"publish","type":"page","link":"https:\/\/www.auzeau.fr\/39-45\/france\/13-bouches-du-rhone\/13-marseille-mazargues-war-cemetery-20\/","title":{"rendered":"13 &#8211; Marseille Mazargues War Cemetery"},"content":{"rendered":"<p><img fetchpriority=\"high\" decoding=\"async\" class=\"aligncenter size-full wp-image-97927\" title=\"Marseille Mazargue\" src=\"https:\/\/www.auzeau.fr\/39-45\/wp-content\/uploads\/Cimetieres\/01 -- 30\/13 - Bouches-du-Rhone\/Marseille\/Marseille-Mazargue.jpg\" alt=\"\" width=\"900\" height=\"541\" srcset=\"https:\/\/www.auzeau.fr\/39-45\/wp-content\/uploads\/Cimetieres\/01%20--%2030\/13%20-%20Bouches-du-Rhone\/Marseille\/Marseille-Mazargue.jpg 900w, https:\/\/www.auzeau.fr\/39-45\/wp-content\/uploads\/Cimetieres\/01%20--%2030\/13%20-%20Bouches-du-Rhone\/Marseille\/Marseille-Mazargue-300x180.jpg 300w, https:\/\/www.auzeau.fr\/39-45\/wp-content\/uploads\/Cimetieres\/01%20--%2030\/13%20-%20Bouches-du-Rhone\/Marseille\/Marseille-Mazargue-768x462.jpg 768w\" sizes=\"(max-width: 900px) 100vw, 900px\" \/><\/p>\n<table style=\"width: 100%;\" border=\"0\">\n<tbody>\n<tr>\n<td style=\"width: 5%;\"><\/td>\n<td style=\"width: 5%;\"><\/td>\n<td style=\"width: 2%;\"><\/td>\n<td style=\"width: 8%;\"><\/td>\n<td style=\"width: 5%;\"><\/td>\n<td style=\"width: 5%;\"><\/td>\n<td style=\"width: 5%;\"><\/td>\n<td style=\"width: 2%;\"><\/td>\n<td style=\"width: 8%;\"><\/td>\n<td style=\"width: 2%;\"><\/td>\n<td style=\"width: 5%;\"><\/td>\n<td style=\"width: 3%;\"><\/td>\n<td style=\"width: 5%;\"><\/td>\n<td style=\"width: 5%;\"><\/td>\n<td style=\"width: 5%;\"><\/td>\n<td style=\"width: 5%;\"><\/td>\n<td style=\"width: 5%;\"><\/td>\n<td style=\"width: 5%;\"><\/td>\n<td style=\"width: 5%;\"><\/td>\n<td style=\"width: 10%;\"><\/td>\n<\/tr>\n<tr>\n<td style=\"width: 75%;\" colspan=\"16\"><span style=\"font-size: xx-large;\"><strong><span style=\"color: #000000;\">Spitfire JL132 WU-X<br \/>\n<\/span><\/strong><\/span><\/td>\n<td style=\"width: 25%; text-align: center;\" colspan=\"4\"><span style=\"font-size: xx-large;\"><strong>225 Sqn<br \/>\n<\/strong><\/span><\/td>\n<\/tr>\n<tr>\n<td style=\"width: 75%;\" colspan=\"16\"><\/td>\n<td style=\"width: 25%; text-align: center;\" colspan=\"4\"><\/td>\n<\/tr>\n<tr style=\"height: 40px;\">\n<td style=\"text-align: right; width: 5%;\"><\/td>\n<td style=\"text-align: right; width: 5%;\"><\/td>\n<td style=\"text-align: right; width: 2%;\"><\/td>\n<td style=\"text-align: right; width: 8%;\"><\/td>\n<td style=\"text-align: right; width: 5%;\"><\/td>\n<td style=\"text-align: right; width: 5%;\"><\/td>\n<td style=\"text-align: right; width: 5%;\"><\/td>\n<td style=\"text-align: right; width: 2%;\"><\/td>\n<td style=\"text-align: right; width: 8%;\"><\/td>\n<td style=\"text-align: right; width: 2%;\"><\/td>\n<td style=\"text-align: right; width: 5%;\"><\/td>\n<td style=\"text-align: right; width: 3%;\"><\/td>\n<td style=\"text-align: right; width: 5%;\"><\/td>\n<td style=\"text-align: right; width: 5%;\"><\/td>\n<td style=\"text-align: right; width: 5%;\"><\/td>\n<td style=\"text-align: right; width: 5%;\"><\/td>\n<td style=\"text-align: right; width: 5%;\"><\/td>\n<td style=\"text-align: right; width: 5%;\"><\/td>\n<td style=\"text-align: right; width: 5%;\"><\/td>\n<td style=\"text-align: right; width: 10%;\"><\/td>\n<\/tr>\n<tr>\n<td style=\"text-align: right; width: 5%;\"><\/td>\n<td style=\"text-align: right; width: 5%;\"><span style=\"font-size: 14px;\"><strong>Date<\/strong><\/span><\/td>\n<td style=\"width: 2%; text-align: center;\"><strong>:<\/strong><\/td>\n<td style=\"width: 13%; text-align: left;\" colspan=\"2\"><span style=\"font-size: 14px;\"><em>27 ao\u00fbt 1944<br \/>\n<\/em><\/span><\/td>\n<td style=\"text-align: right; width: 5%;\"><\/td>\n<td style=\"text-align: right; width: 5%;\"><\/td>\n<td style=\"text-align: right; width: 2%;\"><\/td>\n<td style=\"text-align: right; width: 8%;\"><span style=\"font-size: 14px;\"><strong>Mission<\/strong><\/span><\/td>\n<td style=\"width: 2%; text-align: center;\"><strong><span style=\"font-size: 14px;\">:<\/span><\/strong><\/td>\n<td style=\"text-align: left; width: 53%;\" colspan=\"10\"><span style=\"font-size: 14px;\"><em>\u00a0Reconnaissance tactique<br \/>\n<\/em><\/span><\/td>\n<\/tr>\n<tr style=\"height: 40px;\">\n<td style=\"text-align: right; width: 5%;\"><\/td>\n<td style=\"text-align: right; width: 5%;\"><\/td>\n<td style=\"width: 2%; text-align: center;\"><\/td>\n<td style=\"width: 8%; text-align: left;\"><\/td>\n<td style=\"text-align: right; width: 5%;\"><\/td>\n<td style=\"text-align: right; width: 5%;\"><\/td>\n<td style=\"text-align: right; width: 5%;\"><\/td>\n<td style=\"text-align: right; width: 2%;\"><\/td>\n<td style=\"text-align: right; width: 8%;\"><\/td>\n<td style=\"width: 2%; text-align: center;\"><\/td>\n<td style=\"text-align: left; width: 5%;\"><\/td>\n<td style=\"text-align: left; width: 3%;\"><\/td>\n<td style=\"text-align: left; width: 5%;\"><\/td>\n<td style=\"text-align: left; width: 5%;\"><\/td>\n<td style=\"text-align: left; width: 5%;\"><\/td>\n<td style=\"text-align: left; width: 5%;\"><\/td>\n<td style=\"text-align: left; width: 5%;\"><\/td>\n<td style=\"text-align: left; width: 5%;\"><\/td>\n<td style=\"text-align: left; width: 5%;\"><\/td>\n<td style=\"text-align: left; width: 10%;\"><\/td>\n<\/tr>\n<tr style=\"height: 40px;\">\n<td style=\"text-align: right; width: 10%;\" colspan=\"2\"><\/td>\n<td style=\"width: 2%; text-align: center;\"><\/td>\n<td style=\"text-align: right; width: 23%;\" colspan=\"4\"><span style=\"font-size: 14px;\"><strong>D\u00e9collage<\/strong><\/span><\/td>\n<td style=\"width: 2%; text-align: center;\"><strong>:<\/strong><\/td>\n<td style=\"text-align: left; width: 63%;\" colspan=\"12\"><em>Ramatuelle (83) \u00e0 16:45<\/em><\/td>\n<\/tr>\n<tr style=\"height: 40px;\">\n<td style=\"text-align: right; width: 10%;\" colspan=\"2\"><\/td>\n<td style=\"width: 2%; text-align: center;\"><\/td>\n<td style=\"text-align: right; width: 23%;\" colspan=\"4\"><span style=\"font-size: 14px;\"><strong>Causes de la perte<br \/>\n<\/strong><\/span><\/td>\n<td style=\"width: 2%; text-align: center;\"><strong>:<br \/>\n<\/strong><\/td>\n<td style=\"text-align: left; width: 63%;\" colspan=\"12\"><em>\u00e0 17:30 s\u2019\u00e9crase \u00e0 l\u2019atterrissage au retour de mission<\/em><\/td>\n<\/tr>\n<tr style=\"height: 40px;\">\n<td style=\"text-align: right; width: 10%;\" colspan=\"2\"><\/td>\n<td style=\"width: 2%; text-align: center;\"><\/td>\n<td style=\"text-align: right; width: 23%;\" colspan=\"4\"><span style=\"font-size: 14px;\"><strong>Lieu de la perte<br \/>\n<\/strong><\/span><\/td>\n<td style=\"width: 2%; text-align: center;\"><strong>:<br \/>\n<\/strong><\/td>\n<td style=\"text-align: left; width: 63%;\" colspan=\"12\"><em>Ramatuelle (83)<\/em><\/td>\n<\/tr>\n<tr style=\"height: 40px;\">\n<td style=\"width: 5%;\"><\/td>\n<td style=\"width: 5%;\"><\/td>\n<td style=\"width: 2%; text-align: center;\"><\/td>\n<td style=\"text-align: right; width: 8%;\"><\/td>\n<td style=\"text-align: right; width: 5%;\"><\/td>\n<td style=\"text-align: right; width: 5%;\"><\/td>\n<td style=\"text-align: right; width: 5%;\"><\/td>\n<td style=\"width: 2%; text-align: center;\"><\/td>\n<td style=\"text-align: left; width: 8%;\"><\/td>\n<td style=\"text-align: left; width: 2%;\"><\/td>\n<td style=\"text-align: left; width: 5%;\"><\/td>\n<td style=\"text-align: left; width: 3%;\"><\/td>\n<td style=\"text-align: left; width: 5%;\"><\/td>\n<td style=\"text-align: left; width: 5%;\"><\/td>\n<td style=\"text-align: left; width: 5%;\"><\/td>\n<td style=\"text-align: left; width: 5%;\"><\/td>\n<td style=\"text-align: left; width: 5%;\"><\/td>\n<td style=\"text-align: left; width: 5%;\"><\/td>\n<td style=\"text-align: left; width: 5%;\"><\/td>\n<td style=\"text-align: left; width: 10%;\"><\/td>\n<\/tr>\n<tr style=\"height: 60px;\">\n<td style=\"width: 5%;\"><img decoding=\"async\" class=\"aligncenter size-full wp-image-47215\" title=\"Royaume Uni\" src=\"https:\/\/www.auzeau.fr\/39-45\/wp-content\/uploads\/images\/Drapeaux\/Angleterre.png\" alt=\"Royaume Uni\" width=\"40\" height=\"20\" \/><\/td>\n<td style=\"width: 5%;\"><span class='tooltipsall tooltipsincontent classtoolTips19'>Fg Off<\/span><\/td>\n<td style=\"text-align: left;\" colspan=\"5\">Peter George<\/td>\n<td style=\"text-align: left;\" colspan=\"3\"><span style=\"color: #000000;\"><strong>CABLE<\/strong><\/span><\/td>\n<td style=\"text-align: center;\" colspan=\"2\"><span class='tooltipsall tooltipsincontent classtoolTips151'>Pil<\/span><\/td>\n<td style=\"width: 5%; text-align: center;\"><span class='tooltipsall tooltipsincontent classtoolTips45'>RAFVR<\/span><\/td>\n<td style=\"text-align: center;\" colspan=\"2\">145064<\/td>\n<td style=\"width: 5%; text-align: center;\"><span style=\"color: #000000;\"><strong><span class='tooltipsall tooltipsincontent classtoolTips124'>WOU<\/span><\/strong><\/span><\/td>\n<td style=\"text-align: left;\" colspan=\"4\"><span style=\"color: #000000;\"><strong><span class='tooltipsall tooltipsincontent classtoolTips148'>DOW<\/span><\/strong><\/span> \u00e0 l\u2019h\u00f4pital<\/td>\n<\/tr>\n<\/tbody>\n<\/table>\n<div id='gallery-1' class='gallery galleryid-98043 gallery-columns-1 gallery-size-thumbnail'><figure class='gallery-item'>\n\t\t\t<div class='gallery-icon portrait'>\n\t\t\t\t<a title=\"Cable\"  title=\"Cable\"  href='https:\/\/www.auzeau.fr\/39-45\/wp-content\/uploads\/Cimetieres\/01%20--%2030\/13%20-%20Bouches-du-Rhone\/Marseille\/JL132\/Cable.jpg'><img decoding=\"async\" width=\"150\" height=\"150\" src=\"https:\/\/www.auzeau.fr\/39-45\/wp-content\/uploads\/Cimetieres\/01 -- 30\/13 - Bouches-du-Rhone\/Marseille\/JL132\/Cable-150x150.jpg\" class=\"attachment-thumbnail size-thumbnail\" alt=\"\" srcset=\"https:\/\/www.auzeau.fr\/39-45\/wp-content\/uploads\/Cimetieres\/01%20--%2030\/13%20-%20Bouches-du-Rhone\/Marseille\/JL132\/Cable-150x150.jpg 150w, https:\/\/www.auzeau.fr\/39-45\/wp-content\/uploads\/Cimetieres\/01%20--%2030\/13%20-%20Bouches-du-Rhone\/Marseille\/JL132\/Cable-50x50.jpg 50w\" sizes=\"(max-width: 150px) 100vw, 150px\" \/><\/a>\n\t\t\t<\/div><\/figure>\n\t\t<\/div>\n\n<table style=\"width: 100%; border-collapse: collapse; background-color: #d9d7d7;\">\n<tbody>\n<tr>\n<td style=\"width: 100%; text-align: center;\"><ul id=\"menu-13-marseille\" class=\"menu\"><li id=\"menu-item-99105\" class=\"menu-item menu-item-type-post_type menu-item-object-page menu-item-99105\"><a href=\"https:\/\/www.auzeau.fr\/39-45\/france\/13-bouches-du-rhone\/13-marseille-mazargues-war-cemetery\/\">Blenheim P4926<\/a><\/li>\n<li id=\"menu-item-99106\" class=\"menu-item menu-item-type-post_type menu-item-object-page menu-item-99106\"><a href=\"https:\/\/www.auzeau.fr\/39-45\/france\/13-bouches-du-rhone\/13-marseille-mazargues-war-cemetery-2\/\">Battle L5289<\/a><\/li>\n<li id=\"menu-item-99107\" class=\"menu-item menu-item-type-post_type menu-item-object-page menu-item-99107\"><a href=\"https:\/\/www.auzeau.fr\/39-45\/france\/13-bouches-du-rhone\/13-marseille-mazargues-war-cemetery-3\/\">Blenheim L9314<\/a><\/li>\n<li id=\"menu-item-99108\" class=\"menu-item menu-item-type-post_type menu-item-object-page menu-item-99108\"><a href=\"https:\/\/www.auzeau.fr\/39-45\/france\/13-bouches-du-rhone\/13-marseille-mazargues-war-cemetery-4\/\">Blenheim L9351<\/a><\/li>\n<li id=\"menu-item-99138\" class=\"menu-item menu-item-type-post_type menu-item-object-page menu-item-99138\"><a href=\"https:\/\/www.auzeau.fr\/39-45\/france\/13-bouches-du-rhone\/13-marseille-mazargues-war-cemetery-5\/\">Wellington BK559<\/a><\/li>\n<li id=\"menu-item-99110\" class=\"menu-item menu-item-type-post_type menu-item-object-page menu-item-99110\"><a href=\"https:\/\/www.auzeau.fr\/39-45\/france\/13-bouches-du-rhone\/13-marseille-mazargues-war-cemetery-6\/\">Kittyhawk FL309<\/a><\/li>\n<li id=\"menu-item-99109\" class=\"menu-item menu-item-type-post_type menu-item-object-page menu-item-99109\"><a href=\"https:\/\/www.auzeau.fr\/39-45\/france\/13-bouches-du-rhone\/13-marseille-mazargues-war-cemetery-7\/\">Wellington LN339<\/a><\/li>\n<li id=\"menu-item-101046\" class=\"menu-item menu-item-type-post_type menu-item-object-page menu-item-101046\"><a href=\"https:\/\/www.auzeau.fr\/39-45\/france\/13-bouches-du-rhone\/13-marseille-mazargues-war-cemetery-8\/\">Stirling EF271<\/a><\/li>\n<li id=\"menu-item-99112\" class=\"menu-item menu-item-type-post_type menu-item-object-page menu-item-99112\"><a href=\"https:\/\/www.auzeau.fr\/39-45\/france\/13-bouches-du-rhone\/13-marseille-mazargues-war-cemetery-9\/\">Wellington JA408<\/a><\/li>\n<li id=\"menu-item-99113\" class=\"menu-item menu-item-type-post_type menu-item-object-page menu-item-99113\"><a href=\"https:\/\/www.auzeau.fr\/39-45\/france\/13-bouches-du-rhone\/13-marseille-mazargues-war-cemetery-10\/\">Stirling EF502<\/a><\/li>\n<li id=\"menu-item-99114\" class=\"menu-item menu-item-type-post_type menu-item-object-page menu-item-99114\"><a href=\"https:\/\/www.auzeau.fr\/39-45\/france\/13-bouches-du-rhone\/13-marseille-mazargues-war-cemetery-11\/\">Halifax JN960<\/a><\/li>\n<li id=\"menu-item-99115\" class=\"menu-item menu-item-type-post_type menu-item-object-page menu-item-99115\"><a href=\"https:\/\/www.auzeau.fr\/39-45\/france\/13-bouches-du-rhone\/13-marseille-mazargues-war-cemetery-12\/\">Wellington LP180<\/a><\/li>\n<li id=\"menu-item-99116\" class=\"menu-item menu-item-type-post_type menu-item-object-page menu-item-99116\"><a href=\"https:\/\/www.auzeau.fr\/39-45\/france\/13-bouches-du-rhone\/13-marseille-mazargues-war-cemetery-13\/\">Mosquito MM256<\/a><\/li>\n<li id=\"menu-item-99118\" class=\"menu-item menu-item-type-post_type menu-item-object-page menu-item-99118\"><a href=\"https:\/\/www.auzeau.fr\/39-45\/france\/13-bouches-du-rhone\/13-marseille-mazargues-war-cemetery-15\/\">Lancaster ND856<\/a><\/li>\n<li id=\"menu-item-99805\" class=\"menu-item menu-item-type-post_type menu-item-object-page menu-item-99805\"><a href=\"https:\/\/www.auzeau.fr\/39-45\/france\/13-bouches-du-rhone\/13-marseille-mazargues-war-cemetery-14\/\">Halifax JP240<\/a><\/li>\n<li id=\"menu-item-99119\" class=\"menu-item menu-item-type-post_type menu-item-object-page menu-item-99119\"><a href=\"https:\/\/www.auzeau.fr\/39-45\/france\/13-bouches-du-rhone\/13-marseille-mazargues-war-cemetery-16\/\">Ventura FP662<\/a><\/li>\n<li id=\"menu-item-99120\" class=\"menu-item menu-item-type-post_type menu-item-object-page menu-item-99120\"><a href=\"https:\/\/www.auzeau.fr\/39-45\/france\/13-bouches-du-rhone\/13-marseille-mazargues-war-cemetery-17\/\">Beaufighter NE552<\/a><\/li>\n<li id=\"menu-item-99121\" class=\"menu-item menu-item-type-post_type menu-item-object-page menu-item-99121\"><a href=\"https:\/\/www.auzeau.fr\/39-45\/france\/13-bouches-du-rhone\/13-marseille-mazargues-war-cemetery-18\/\">Wildcat JV384<\/a><\/li>\n<li id=\"menu-item-99122\" class=\"menu-item menu-item-type-post_type menu-item-object-page menu-item-99122\"><a href=\"https:\/\/www.auzeau.fr\/39-45\/france\/13-bouches-du-rhone\/13-marseille-mazargues-war-cemetery-19\/\">Hellcat JV153<\/a><\/li>\n<li id=\"menu-item-99123\" class=\"menu-item menu-item-type-post_type menu-item-object-page menu-item-99123\"><a href=\"https:\/\/www.auzeau.fr\/39-45\/france\/13-bouches-du-rhone\/13-marseille-mazargues-war-cemetery-20\/\">Spitfire JL132<\/a><\/li>\n<li id=\"menu-item-99124\" class=\"menu-item menu-item-type-post_type menu-item-object-page menu-item-99124\"><a href=\"https:\/\/www.auzeau.fr\/39-45\/france\/13-bouches-du-rhone\/13-marseille-mazargues-war-cemetery-21\/\">Spitfire MA631<\/a><\/li>\n<li id=\"menu-item-99100\" class=\"menu-item menu-item-type-post_type menu-item-object-page menu-item-99100\"><a href=\"https:\/\/www.auzeau.fr\/39-45\/france\/13-bouches-du-rhone\/13-marseille-mazargues-war-cemetery-22\/\">Douglas C47 FL588<\/a><\/li>\n<li id=\"menu-item-99101\" class=\"menu-item menu-item-type-post_type menu-item-object-page menu-item-99101\"><a href=\"https:\/\/www.auzeau.fr\/39-45\/france\/13-bouches-du-rhone\/13-marseille-mazargues-war-cemetery-23\/\">Mosquito MM582<\/a><\/li>\n<li id=\"menu-item-99102\" class=\"menu-item menu-item-type-post_type menu-item-object-page menu-item-99102\"><a href=\"https:\/\/www.auzeau.fr\/39-45\/france\/13-bouches-du-rhone\/13-marseille-mazargues-war-cemetery-24\/\">Spitfire MJ295<\/a><\/li>\n<li id=\"menu-item-99103\" class=\"menu-item menu-item-type-post_type menu-item-object-page menu-item-99103\"><a href=\"https:\/\/www.auzeau.fr\/39-45\/france\/13-bouches-du-rhone\/13-marseille-mazargues-war-cemetery-25\/\">Stirling PJ911<\/a><\/li>\n<li id=\"menu-item-99104\" class=\"menu-item menu-item-type-post_type menu-item-object-page menu-item-99104\"><a href=\"https:\/\/www.auzeau.fr\/39-45\/france\/13-bouches-du-rhone\/13-marseille-mazargues-war-cemetery-26\/\">Douglas C47 KN332<\/a><\/li>\n<li id=\"menu-item-112416\" class=\"menu-item menu-item-type-post_type menu-item-object-page menu-item-112416\"><a href=\"https:\/\/www.auzeau.fr\/39-45\/france\/13-bouches-du-rhone\/13-marseille-mazargues-war-cemetery-27\/\">Halifax MZ981<\/a><\/li>\n<li id=\"menu-item-112415\" class=\"menu-item menu-item-type-post_type menu-item-object-page menu-item-112415\"><a href=\"https:\/\/www.auzeau.fr\/39-45\/france\/13-bouches-du-rhone\/13-marseille-mazargues-war-cemetery-28\/\">Warwick HG226<\/a><\/li>\n<li id=\"menu-item-112414\" class=\"menu-item menu-item-type-post_type menu-item-object-page menu-item-112414\"><a href=\"https:\/\/www.auzeau.fr\/39-45\/france\/13-bouches-du-rhone\/13-marseille-mazargues-war-cemetery-29\/\">Lancaster RF159<\/a><\/li>\n<li id=\"menu-item-112413\" class=\"menu-item menu-item-type-post_type menu-item-object-page menu-item-112413\"><a href=\"https:\/\/www.auzeau.fr\/39-45\/france\/13-bouches-du-rhone\/13-marseille-mazargues-war-cemetery-30\/\">Douglas C47 KJ974<\/a><\/li>\n<li id=\"menu-item-112417\" class=\"menu-item menu-item-type-post_type menu-item-object-page menu-item-112417\"><a href=\"https:\/\/www.auzeau.fr\/39-45\/france\/13-bouches-du-rhone\/13-marseille-mazargues-war-cemetery-31\/\">Douglas KP235<\/a><\/li>\n<\/ul><\/td>\n<\/tr>\n<\/tbody>\n<\/table>\n<hr \/>\n<p style=\"text-align: center;\"><ul id=\"menu-13-bouches-du-rhone\" class=\"menu\"><li id=\"menu-item-99926\" class=\"menu-item menu-item-type-post_type menu-item-object-page menu-item-99926\"><a href=\"https:\/\/www.auzeau.fr\/39-45\/france\/13-bouches-du-rhone\/13-aix-en-provence-necropole-nationale\/\">13 \u2013 Aix-en-Provence N\u00e9cropole Nationale<\/a><\/li>\n<li id=\"menu-item-99928\" class=\"menu-item menu-item-type-post_type menu-item-object-page menu-item-99928\"><a href=\"https:\/\/www.auzeau.fr\/39-45\/france\/13-bouches-du-rhone\/13-aubagne-cimetiere-des-passons\/\">13 \u2013 Aubagne Cimeti\u00e8re des Passons<\/a><\/li>\n<li id=\"menu-item-99927\" class=\"menu-item menu-item-type-post_type menu-item-object-page menu-item-99927\"><a href=\"https:\/\/www.auzeau.fr\/39-45\/france\/13-bouches-du-rhone\/13-fuveau\/\">13 \u2013 Fuveau<\/a><\/li>\n<li id=\"menu-item-100191\" class=\"menu-item menu-item-type-post_type menu-item-object-page menu-item-100191\"><a href=\"https:\/\/www.auzeau.fr\/39-45\/france\/13-bouches-du-rhone\/13-marseille-cimetiere-du-canet\/\">13 \u2013 Marseille Cimeti\u00e8re du Canet<\/a><\/li>\n<li id=\"menu-item-99815\" class=\"menu-item menu-item-type-post_type menu-item-object-page menu-item-99815\"><a href=\"https:\/\/www.auzeau.fr\/39-45\/france\/13-bouches-du-rhone\/13-marseille-saint-pierre\/\">13 \u2013 Marseille Cimeti\u00e8re Saint-Pierre<\/a><\/li>\n<li id=\"menu-item-99080\" class=\"menu-item menu-item-type-post_type menu-item-object-page menu-item-99080\"><a href=\"https:\/\/www.auzeau.fr\/39-45\/france\/13-bouches-du-rhone\/13-marseille-mazargues-war-cemetery\/\">13 \u2013 Marseille Mazargues War Cemetery<\/a><\/li>\n<li id=\"menu-item-99816\" class=\"menu-item menu-item-type-post_type menu-item-object-page menu-item-99816\"><a href=\"https:\/\/www.auzeau.fr\/39-45\/france\/13-bouches-du-rhone\/13-martigues\/\">13 \u2013 Martigues<\/a><\/li>\n<li id=\"menu-item-104346\" class=\"menu-item menu-item-type-post_type menu-item-object-page menu-item-104346\"><a href=\"https:\/\/www.auzeau.fr\/39-45\/france\/13-bouches-du-rhone\/13-saint-cannat\/\">13 \u2013 Saint-Cannat<\/a><\/li>\n<li id=\"menu-item-99929\" class=\"menu-item menu-item-type-post_type menu-item-object-page menu-item-99929\"><a href=\"https:\/\/www.auzeau.fr\/39-45\/france\/13-bouches-du-rhone\/13-saint-remy-de-provence\/\">13 \u2013 Saint-R\u00e9my-de-Provence<\/a><\/li>\n<li id=\"menu-item-111412\" class=\"menu-item menu-item-type-post_type menu-item-object-page menu-item-111412\"><a href=\"https:\/\/www.auzeau.fr\/39-45\/france\/13-bouches-du-rhone\/13-salon-de-provence\/\">13 \u2013 Salon de Provence<\/a><\/li>\n<\/ul>\n<script type=\"text\/javascript\"> toolTips('.classtoolTips19','Flying Officer'); <\/script><script type=\"text\/javascript\"> toolTips('.classtoolTips45','Royal Air Force Volunteer Reserve'); <\/script><script type=\"text\/javascript\"> toolTips('.classtoolTips57','Centre de r\u00e9ception\u00a0des avions de\u00a0s\u00e9rie'); <\/script><script type=\"text\/javascript\"> toolTips('.classtoolTips62','Passager<br\/><br\/>Passenger'); <\/script><script type=\"text\/javascript\"> toolTips('.classtoolTips98','Colonel'); <\/script><script type=\"text\/javascript\"> toolTips('.classtoolTips118','Canonnier'); <\/script><script type=\"text\/javascript\"> toolTips('.classtoolTips124','Bless\u00e9<br\/><br\/>Wounded'); <\/script><script type=\"text\/javascript\"> toolTips('.classtoolTips133','<img class=\"aligncenter wp-image-66813 size-medium\" title=\"DCA 1\" src=\"https:\/\/www.auzeau.fr\/39-45\/wp-content\/uploads\/images\/Materiel\/DCA\/DCA-1-300x190.jpg\" alt=\"\" width=\"300\" height=\"190\" \/><br\/><br\/><img class=\"aligncenter wp-image-66814 size-medium\" title=\"DCA 2\" src=\"https:\/\/www.auzeau.fr\/39-45\/wp-content\/uploads\/images\/Materiel\/DCA\/DCA-2-300x190.jpg\" alt=\"\" width=\"300\" height=\"190\" \/><br\/><br\/><img class=\"aligncenter wp-image-66815 size-medium\" title=\"DCA 3\" src=\"https:\/\/www.auzeau.fr\/39-45\/wp-content\/uploads\/images\/Materiel\/DCA\/DCA-3-300x190.jpg\" alt=\"\" width=\"300\" height=\"190\" \/>'); <\/script><script type=\"text\/javascript\"> toolTips('.classtoolTips144','Royal Corps of Signals'); <\/script><script type=\"text\/javascript\"> toolTips('.classtoolTips146','Royal Air Force'); <\/script><script type=\"text\/javascript\"> toolTips('.classtoolTips148','<strong>D\u00e9c\u00e9d\u00e9 de ses blessures<\/strong><br\/><br\/>concerne une personne qui a surv\u00e9cu pour atteindre un centre de traitement m\u00e9dical.<br\/><br\/><strong>Died of wounds<\/strong><br\/><br\/>concerns a person who survived to reach a medical treatment center.'); <\/script><script type=\"text\/javascript\"> toolTips('.classtoolTips151','Pilote<br\/><br\/>Pilot'); <\/script><script type=\"text\/javascript\"> toolTips('.classtoolTips153','Porucznik'); <\/script><script type=\"text\/javascript\"> toolTips('.classtoolTips154','Groupe de Liaisons A\u00e9riennes'); <\/script><script type=\"text\/javascript\"> toolTips('.classtoolTips182','Warrant Officer'); <\/script><script type=\"text\/javascript\"> toolTips('.classtoolTips185','Mitrailleur<br\/><br\/>Air Gunner'); <\/script><script type=\"text\/javascript\"> toolTips('.classtoolTips188','Bombardier<br\/><br\/>Air bomber'); <\/script><script type=\"text\/javascript\"> toolTips('.classtoolTips189','M\u00e9canicien volant<br\/><br\/>Flying Enginer'); <\/script><script type=\"text\/javascript\"> toolTips('.classtoolTips192','<img class=\"aligncenter size-full wp-image-65858\" title=\"Rampe_V1\" src=\"https:\/\/www.auzeau.fr\/39-45\/wp-content\/uploads\/Avions\/Allemand\/Rampe_V1.jpg\" alt=\"\" width=\"640\" height=\"426\" \/><br\/><img class=\"aligncenter size-full wp-image-65859\" title=\"V1\" src=\"https:\/\/www.auzeau.fr\/39-45\/wp-content\/uploads\/Avions\/Allemand\/V1.jpg\" alt=\"\" width=\"640\" height=\"424\" \/>'); <\/script><script type=\"text\/javascript\"> toolTips('.classtoolTips197','Aircraftman'); <\/script><script type=\"text\/javascript\"> toolTips('.classtoolTips199','Radio Officer'); <\/script><script type=\"text\/javascript\"> toolTips('.classtoolTips201','Lieutenant'); <\/script>","protected":false},"excerpt":{"rendered":"<p>Spitfire JL132 WU-X 225 Sqn Date : 27 ao\u00fbt 1944 Mission : \u00a0Reconnaissance tactique D\u00e9collage : Ramatuelle (83) \u00e0 16:45 Causes de la perte : \u00e0 17:30 s\u2019\u00e9crase \u00e0 l\u2019atterrissage au retour de mission Lieu de la perte : Ramatuelle (83) Fg Off Peter George CABLE Pil RAFVR 145064 WOU DOW \u00e0 l\u2019h\u00f4pital<\/p>\n","protected":false},"author":1,"featured_media":0,"parent":97924,"menu_order":0,"comment_status":"closed","ping_status":"closed","template":"template-full-width Spitfire.php","meta":{"_lmt_disableupdate":"yes","_lmt_disable":"","footnotes":""},"categories":[586],"tags":[10031],"wf_page_folders":[10002],"class_list":["post-98043","page","type-page","status-publish","hentry","category-spitfire","tag-225-squadron"],"_links":{"self":[{"href":"https:\/\/www.auzeau.fr\/39-45\/wp-json\/wp\/v2\/pages\/98043","targetHints":{"allow":["GET"]}}],"collection":[{"href":"https:\/\/www.auzeau.fr\/39-45\/wp-json\/wp\/v2\/pages"}],"about":[{"href":"https:\/\/www.auzeau.fr\/39-45\/wp-json\/wp\/v2\/types\/page"}],"author":[{"embeddable":true,"href":"https:\/\/www.auzeau.fr\/39-45\/wp-json\/wp\/v2\/users\/1"}],"replies":[{"embeddable":true,"href":"https:\/\/www.auzeau.fr\/39-45\/wp-json\/wp\/v2\/comments?post=98043"}],"version-history":[{"count":0,"href":"https:\/\/www.auzeau.fr\/39-45\/wp-json\/wp\/v2\/pages\/98043\/revisions"}],"up":[{"embeddable":true,"href":"https:\/\/www.auzeau.fr\/39-45\/wp-json\/wp\/v2\/pages\/97924"}],"wp:attachment":[{"href":"https:\/\/www.auzeau.fr\/39-45\/wp-json\/wp\/v2\/media?parent=98043"}],"wp:term":[{"taxonomy":"category","embeddable":true,"href":"https:\/\/www.auzeau.fr\/39-45\/wp-json\/wp\/v2\/categories?post=98043"},{"taxonomy":"post_tag","embeddable":true,"href":"https:\/\/www.auzeau.fr\/39-45\/wp-json\/wp\/v2\/tags?post=98043"},{"taxonomy":"wf_page_folders","embeddable":true,"href":"https:\/\/www.auzeau.fr\/39-45\/wp-json\/wp\/v2\/wf_page_folders?post=98043"}],"curies":[{"name":"wp","href":"https:\/\/api.w.org\/{rel}","templated":true}]}}