{"id":97861,"date":"2022-01-15T15:15:32","date_gmt":"2022-01-15T14:15:32","guid":{"rendered":"http:\/\/39-45.auzeau.fr\/?page_id=97861"},"modified":"2022-01-15T15:15:32","modified_gmt":"2022-01-15T14:15:32","slug":"29-le-conquet-2","status":"publish","type":"page","link":"https:\/\/www.auzeau.fr\/39-45\/france\/29-finistere\/29-le-conquet-2\/","title":{"rendered":"29 &#8211; Le Conquet"},"content":{"rendered":"<p><img fetchpriority=\"high\" decoding=\"async\" class=\"aligncenter size-full wp-image-53566\" title=\"Le-Conquet\" src=\"https:\/\/www.auzeau.fr\/39-45\/wp-content\/uploads\/Cimetieres\/01 -- 30\/29 - Finistere\/Le-Conquet\/Le-Conquet.jpg\" alt=\"\" width=\"900\" height=\"313\" srcset=\"https:\/\/www.auzeau.fr\/39-45\/wp-content\/uploads\/Cimetieres\/01%20--%2030\/29%20-%20Finistere\/Le-Conquet\/Le-Conquet.jpg 900w, https:\/\/www.auzeau.fr\/39-45\/wp-content\/uploads\/Cimetieres\/01%20--%2030\/29%20-%20Finistere\/Le-Conquet\/Le-Conquet-300x104.jpg 300w, https:\/\/www.auzeau.fr\/39-45\/wp-content\/uploads\/Cimetieres\/01%20--%2030\/29%20-%20Finistere\/Le-Conquet\/Le-Conquet-768x267.jpg 768w\" sizes=\"(max-width: 900px) 100vw, 900px\" \/><\/p>\n<table style=\"width: 100%;\" border=\"0\">\n<tbody>\n<tr>\n<td style=\"width: 5%;\"><\/td>\n<td style=\"width: 5%;\"><\/td>\n<td style=\"width: 5%;\"><\/td>\n<td style=\"width: 5%;\"><\/td>\n<td style=\"width: 5%;\"><\/td>\n<td style=\"width: 5%;\"><\/td>\n<td style=\"width: 5%;\"><\/td>\n<td style=\"width: 5%;\"><\/td>\n<td style=\"width: 5%;\"><\/td>\n<td style=\"width: 5%;\"><\/td>\n<td style=\"width: 5%;\"><\/td>\n<td style=\"width: 5%;\"><\/td>\n<td style=\"width: 5%;\"><\/td>\n<td style=\"width: 5%;\"><\/td>\n<td style=\"width: 5%;\"><\/td>\n<td style=\"width: 5%;\"><\/td>\n<td style=\"width: 5%;\"><\/td>\n<td style=\"width: 5%;\"><\/td>\n<td style=\"width: 5%;\"><\/td>\n<td style=\"width: 5%;\"><\/td>\n<\/tr>\n<tr>\n<td colspan=\"15\"><span style=\"color: #000000;\"><strong><span style=\"font-size: xx-large;\">Douglas A-24 n\u00b0 528<br \/>\n<\/span><\/strong><\/span><\/td>\n<td style=\"text-align: center;\" colspan=\"5\"><strong><span style=\"font-size: xx-large;\">Groupe &#8220;Picardie&#8221;<br \/>\n<\/span><\/strong><\/td>\n<\/tr>\n<tr style=\"height: 40px;\">\n<td style=\"text-align: right;\" colspan=\"2\"><span style=\"font-size: 14px;\"><strong>Date :\u00a0<\/strong><\/span><\/td>\n<td colspan=\"5\"><span style=\"font-size: 14px;\"><em>\u00a004 ao\u00fbt 1944<br \/>\n<\/em><\/span><\/td>\n<td style=\"text-align: right;\" colspan=\"3\"><span style=\"font-size: 14px;\"><strong>Mission :\u00a0<\/strong><\/span><\/td>\n<td colspan=\"10\"><span style=\"font-size: 14px;\"><em>\u00a0Convoyage de l&#8217;appareil de la Syrie vers l&#8217;Alg\u00e9rie<br \/>\n<\/em><\/span><\/td>\n<\/tr>\n<tr style=\"height: 40px;\">\n<td><span style=\"font-size: 14px;\">\u00a0<\/span><\/td>\n<td><span style=\"font-size: 14px;\">\u00a0<\/span><\/td>\n<td style=\"text-align: right;\" colspan=\"5\"><span style=\"font-size: 14px;\"><strong>D\u00e9collage :\u00a0 <\/strong><\/span><\/td>\n<td colspan=\"10\"><span style=\"font-size: 14px;\"><em>\u00a0Palmyre (Syrie)<br \/>\n<\/em><\/span><\/td>\n<td><span style=\"font-size: 14px;\">\u00a0<\/span><\/td>\n<td><span style=\"font-size: 14px;\">\u00a0<\/span><\/td>\n<td><span style=\"font-size: 14px;\">\u00a0<\/span><\/td>\n<\/tr>\n<tr style=\"height: 40px;\">\n<td><span style=\"font-size: 14px;\">\u00a0<\/span><\/td>\n<td><span style=\"font-size: 14px;\">\u00a0<\/span><\/td>\n<td style=\"text-align: right;\" colspan=\"5\"><span style=\"font-size: 14px;\"><strong>Causes de la perte :\u00a0<\/strong><\/span><\/td>\n<td colspan=\"12\"><span style=\"font-size: 14px;\">\u00a0<em>Percute le sol pr\u00e8s du terrain de Petha-Tiqva<\/em><br \/>\n<\/span><\/td>\n<td><span style=\"font-size: 14px;\">\u00a0<\/span><\/td>\n<\/tr>\n<tr style=\"height: 40px;\">\n<td><span style=\"font-size: 14px;\">\u00a0<\/span><\/td>\n<td><span style=\"font-size: 14px;\">\u00a0<\/span><\/td>\n<td style=\"text-align: right;\" colspan=\"5\"><span style=\"font-size: 14px;\"><strong>Lieu de la perte :<br \/>\n<\/strong><\/span><\/td>\n<td colspan=\"10\"><span style=\"font-size: 14px;\"><em>\u00a0Petha-Tiqva (Isra\u00ebl)<br \/>\n<\/em><\/span><\/td>\n<td><span style=\"font-size: 14px;\">\u00a0<\/span><\/td>\n<td><span style=\"font-size: 14px;\">\u00a0<\/span><\/td>\n<td><span style=\"font-size: 14px;\">\u00a0<\/span><\/td>\n<\/tr>\n<tr style=\"height: 60px;\">\n<td><span style=\"font-size: 14px;\"><img decoding=\"async\" class=\"aligncenter size-full wp-image-47214\" title=\"France\" src=\"https:\/\/www.auzeau.fr\/39-45\/wp-content\/uploads\/images\/Drapeaux\/France.png\" alt=\"France\" width=\"40\" height=\"20\" \/><\/span><\/td>\n<td><span style=\"font-size: 14px;\"><span class='tooltipsall tooltipsincontent classtoolTips201'>Lt<\/span><\/span><\/td>\n<td colspan=\"5\"><span style=\"font-size: 14px;\">Ren\u00e9 Marcel<\/span><\/td>\n<td colspan=\"3\"><span style=\"font-size: 14px; color: #000000;\"><strong>GAUCHER<\/strong><\/span><\/td>\n<td style=\"text-align: center;\"><span style=\"font-size: 14px;\"><span class='tooltipsall tooltipsincontent classtoolTips189'>FE<\/span><\/span><\/td>\n<td style=\"text-align: center;\"><span style=\"font-size: 14px;\"><span class='tooltipsall tooltipsincontent classtoolTips69'>FAFL<\/span><\/span><\/td>\n<td style=\"text-align: center;\" colspan=\"2\"><\/td>\n<td><span style=\"font-size: 14px; color: #000000;\"><strong><span class='tooltipsall tooltipsincontent classtoolTips125'>NBC<\/span><\/strong><\/span><\/td>\n<td colspan=\"5\"><span style=\"color: #000000;\"><strong><span style=\"font-size: 14px;\"><span class='tooltipsall tooltipsincontent classtoolTips126'>MPF<\/span> <\/span><\/strong><\/span><img decoding=\"async\" class=\"size-full wp-image-67178 alignleft\" title=\"M\u00e9daille de la R\u00e9sistance\" src=\"https:\/\/www.auzeau.fr\/39-45\/wp-content\/uploads\/images\/Medaille\/Medaille_de_la_Resistance.png\" alt=\"M\u00e9daille de la R\u00e9sistance\" width=\"73\" height=\"20\" \/><a href=\"https:\/\/www.auzeau.fr\/39-45\/france\/37-indre-et-loire\/37-tours-cimetiere-la-salle-4\/\"><span style=\"font-size: 8pt;\">Inhum\u00e9 \u00e0 Tours (37)<\/span><\/a><\/td>\n<\/tr>\n<tr style=\"height: 60px;\">\n<td><span style=\"font-size: 14px;\"><img decoding=\"async\" class=\"aligncenter size-full wp-image-47214\" title=\"France\" src=\"https:\/\/www.auzeau.fr\/39-45\/wp-content\/uploads\/images\/Drapeaux\/France.png\" alt=\"France\" width=\"40\" height=\"20\" \/><\/span><\/td>\n<td><span style=\"font-size: 14px;\"><span class='tooltipsall tooltipsincontent classtoolTips181'>SLT<\/span><\/span><\/td>\n<td colspan=\"5\"><span style=\"font-size: 14px;\">Jean Auguste<br \/>\n<\/span><\/td>\n<td colspan=\"3\"><span style=\"font-size: 14px; color: #000000;\"><strong>LE BRIS<br \/>\n<\/strong><\/span><\/td>\n<td style=\"text-align: center;\"><span style=\"font-size: 14px;\"><span class='tooltipsall tooltipsincontent classtoolTips151'>Pil<\/span><\/span><\/td>\n<td style=\"text-align: center;\"><span style=\"font-size: 14px;\"><span class='tooltipsall tooltipsincontent classtoolTips69'>FAFL<\/span><\/span><\/td>\n<td style=\"text-align: center;\" colspan=\"2\">30.067<\/td>\n<td><span style=\"font-size: 14px; color: #000000;\"><strong><span class='tooltipsall tooltipsincontent classtoolTips125'>NBC<\/span><\/strong><\/span><\/td>\n<td colspan=\"5\"><span style=\"color: #000000;\"><strong><span style=\"font-size: 14px;\"><span class='tooltipsall tooltipsincontent classtoolTips126'>MPF<\/span><\/span><\/strong><\/span><\/td>\n<\/tr>\n<\/tbody>\n<\/table>\n<div id='gallery-1' class='gallery galleryid-97861 gallery-columns-2 gallery-size-thumbnail'><figure class='gallery-item'>\n\t\t\t<div class='gallery-icon portrait'>\n\t\t\t\t<a title=\"Le Bris\"  title=\"Le Bris\"  href='https:\/\/www.auzeau.fr\/39-45\/wp-content\/uploads\/Cimetieres\/01%20--%2030\/29%20-%20Finistere\/Le-Conquet\/Boston-528\/Le-Bris.jpg'><img loading=\"lazy\" decoding=\"async\" width=\"150\" height=\"150\" src=\"https:\/\/www.auzeau.fr\/39-45\/wp-content\/uploads\/Cimetieres\/01 -- 30\/29 - Finistere\/Le-Conquet\/Boston-528\/Le-Bris-150x150.jpg\" class=\"attachment-thumbnail size-thumbnail\" alt=\"\" srcset=\"https:\/\/www.auzeau.fr\/39-45\/wp-content\/uploads\/Cimetieres\/01%20--%2030\/29%20-%20Finistere\/Le-Conquet\/Boston-528\/Le-Bris-150x150.jpg 150w, https:\/\/www.auzeau.fr\/39-45\/wp-content\/uploads\/Cimetieres\/01%20--%2030\/29%20-%20Finistere\/Le-Conquet\/Boston-528\/Le-Bris-50x50.jpg 50w\" sizes=\"(max-width: 150px) 100vw, 150px\" \/><\/a>\n\t\t\t<\/div><\/figure><figure class='gallery-item'>\n\t\t\t<div class='gallery-icon landscape'>\n\t\t\t\t<a title=\"Plaque\"  title=\"Plaque\"  href='https:\/\/www.auzeau.fr\/39-45\/wp-content\/uploads\/Cimetieres\/01%20--%2030\/29%20-%20Finistere\/Le-Conquet\/Boston-528\/Plaque.jpg'><img loading=\"lazy\" decoding=\"async\" width=\"150\" height=\"150\" src=\"https:\/\/www.auzeau.fr\/39-45\/wp-content\/uploads\/Cimetieres\/01 -- 30\/29 - Finistere\/Le-Conquet\/Boston-528\/Plaque-150x150.jpg\" class=\"attachment-thumbnail size-thumbnail\" alt=\"\" srcset=\"https:\/\/www.auzeau.fr\/39-45\/wp-content\/uploads\/Cimetieres\/01%20--%2030\/29%20-%20Finistere\/Le-Conquet\/Boston-528\/Plaque-150x150.jpg 150w, https:\/\/www.auzeau.fr\/39-45\/wp-content\/uploads\/Cimetieres\/01%20--%2030\/29%20-%20Finistere\/Le-Conquet\/Boston-528\/Plaque-50x50.jpg 50w\" sizes=\"(max-width: 150px) 100vw, 150px\" \/><\/a>\n\t\t\t<\/div><\/figure>\n\t\t<\/div>\n\n<p>&nbsp;<\/p>\n<table style=\"width: 100%; border-collapse: collapse; background-color: #dcdcdc;\">\n<tbody>\n<tr>\n<td style=\"width: 100%; text-align: center;\"><ul id=\"menu-29-le-conquet\" class=\"menu\"><li id=\"menu-item-99956\" class=\"menu-item menu-item-type-post_type menu-item-object-page menu-item-99956\"><a href=\"https:\/\/www.auzeau.fr\/39-45\/france\/29-finistere\/29-le-conquet\/\">Wellington HF601<\/a><\/li>\n<li id=\"menu-item-99957\" class=\"menu-item menu-item-type-post_type menu-item-object-page menu-item-99957\"><a href=\"https:\/\/www.auzeau.fr\/39-45\/france\/29-finistere\/29-le-conquet-2\/\">Douglas A24 n\u00b0 528<\/a><\/li>\n<\/ul><\/td>\n<\/tr>\n<\/tbody>\n<\/table>\n<p style=\"text-align: center;\"><ul id=\"menu-29-finistere\" class=\"menu\"><li id=\"menu-item-53031\" class=\"menu-item menu-item-type-post_type menu-item-object-page menu-item-53031\"><a href=\"https:\/\/www.auzeau.fr\/39-45\/france\/29-finistere\/29-benodet\/\">29 \u2013 B\u00e9nodet<\/a><\/li>\n<li id=\"menu-item-98578\" class=\"menu-item menu-item-type-post_type menu-item-object-page menu-item-98578\"><a href=\"https:\/\/www.auzeau.fr\/39-45\/france\/29-finistere\/29-botsorhel\/\">29 \u2013 Botsorhel<\/a><\/li>\n<li id=\"menu-item-53032\" class=\"menu-item menu-item-type-post_type menu-item-object-page menu-item-53032\"><a href=\"https:\/\/www.auzeau.fr\/39-45\/france\/29-finistere\/29-brest\/\">29 \u2013 Brest  Cimeti\u00e8re Kerfautras<\/a><\/li>\n<li id=\"menu-item-98582\" class=\"menu-item menu-item-type-post_type menu-item-object-page menu-item-98582\"><a href=\"https:\/\/www.auzeau.fr\/39-45\/france\/29-finistere\/29-brest-cimetiere-de-lambezellec\/\">29 \u2013 Brest cimeti\u00e8re de Lamb\u00e9zellec<\/a><\/li>\n<li id=\"menu-item-98584\" class=\"menu-item menu-item-type-post_type menu-item-object-page menu-item-98584\"><a href=\"https:\/\/www.auzeau.fr\/39-45\/france\/29-finistere\/29-brest-cimetiere-de-recouvrance\/\">29 \u2013 Brest Cimeti\u00e8re de Recouvrance<\/a><\/li>\n<li id=\"menu-item-98587\" class=\"menu-item menu-item-type-post_type menu-item-object-page menu-item-98587\"><a href=\"https:\/\/www.auzeau.fr\/39-45\/france\/29-finistere\/29-brest-cimetiere-saint-marc\/\">29 \u2013 Brest Cimeti\u00e8re Saint Marc<\/a><\/li>\n<li id=\"menu-item-98594\" class=\"menu-item menu-item-type-post_type menu-item-object-page menu-item-98594\"><a href=\"https:\/\/www.auzeau.fr\/39-45\/france\/29-finistere\/29-brest-cimetiere-saint-martin\/\">29 \u2013 Brest Cimeti\u00e8re Saint Martin<\/a><\/li>\n<li id=\"menu-item-53033\" class=\"menu-item menu-item-type-post_type menu-item-object-page menu-item-53033\"><a href=\"https:\/\/www.auzeau.fr\/39-45\/france\/29-finistere\/29-brignogan-plage\/\">29 \u2013 Brignogan-Plage<\/a><\/li>\n<li id=\"menu-item-53034\" class=\"menu-item menu-item-type-post_type menu-item-object-page menu-item-53034\"><a href=\"https:\/\/www.auzeau.fr\/39-45\/france\/29-finistere\/29-camaret-sur-mer\/\">29 \u2013 Camaret-sur-Mer<\/a><\/li>\n<li id=\"menu-item-53035\" class=\"menu-item menu-item-type-post_type menu-item-object-page menu-item-53035\"><a href=\"https:\/\/www.auzeau.fr\/39-45\/france\/29-finistere\/29-carhaix-plouguer\/\">29 \u2013 Carhaix-Plouguer<\/a><\/li>\n<li id=\"menu-item-111359\" class=\"menu-item menu-item-type-post_type menu-item-object-page menu-item-111359\"><a href=\"https:\/\/www.auzeau.fr\/39-45\/france\/29-finistere\/29-chateauneuf-du-faou\/\">29 \u2013 Ch\u00e2teauneuf-du-Faou<\/a><\/li>\n<li id=\"menu-item-53036\" class=\"menu-item menu-item-type-post_type menu-item-object-page menu-item-53036\"><a href=\"https:\/\/www.auzeau.fr\/39-45\/france\/29-finistere\/29-combrit\/\">29 \u2013 Combrit<\/a><\/li>\n<li id=\"menu-item-53037\" class=\"menu-item menu-item-type-post_type menu-item-object-page menu-item-53037\"><a href=\"https:\/\/www.auzeau.fr\/39-45\/france\/29-finistere\/29-concarneau\/\">29 \u2013 Concarneau<\/a><\/li>\n<li id=\"menu-item-53038\" class=\"menu-item menu-item-type-post_type menu-item-object-page menu-item-53038\"><a href=\"https:\/\/www.auzeau.fr\/39-45\/france\/29-finistere\/29-crozon\/\">29 \u2013 Crozon<\/a><\/li>\n<li id=\"menu-item-53039\" class=\"menu-item menu-item-type-post_type menu-item-object-page menu-item-53039\"><a href=\"https:\/\/www.auzeau.fr\/39-45\/france\/29-finistere\/29-douarnenez\/\">29 \u2013 Douarnenez<\/a><\/li>\n<li id=\"menu-item-53040\" class=\"menu-item menu-item-type-post_type menu-item-object-page menu-item-53040\"><a href=\"https:\/\/www.auzeau.fr\/39-45\/france\/29-finistere\/29-fouesnant\/\">29 \u2013 Fouesnant<\/a><\/li>\n<li id=\"menu-item-53041\" class=\"menu-item menu-item-type-post_type menu-item-object-page menu-item-53041\"><a href=\"https:\/\/www.auzeau.fr\/39-45\/france\/29-finistere\/29-gouesnou\/\">29 \u2013 Gouesnou<\/a><\/li>\n<li id=\"menu-item-53042\" class=\"menu-item menu-item-type-post_type menu-item-object-page menu-item-53042\"><a href=\"https:\/\/www.auzeau.fr\/39-45\/france\/29-finistere\/29-guilers\/\">29 \u2013 Guilers<\/a><\/li>\n<li id=\"menu-item-53043\" class=\"menu-item menu-item-type-post_type menu-item-object-page menu-item-53043\"><a href=\"https:\/\/www.auzeau.fr\/39-45\/france\/29-finistere\/29-hopital-camfrout\/\">29 \u2013 H\u00f4pital-Camfrout<\/a><\/li>\n<li id=\"menu-item-53044\" class=\"menu-item menu-item-type-post_type menu-item-object-page menu-item-53044\"><a href=\"https:\/\/www.auzeau.fr\/39-45\/france\/29-finistere\/29-la-forest-landerneau\/\">29 \u2013 La Forest-Landerneau<\/a><\/li>\n<li id=\"menu-item-103883\" class=\"menu-item menu-item-type-post_type menu-item-object-page menu-item-103883\"><a href=\"https:\/\/www.auzeau.fr\/39-45\/france\/29-finistere\/29-landerneau\/\">29 \u2013 Landerneau<\/a><\/li>\n<li id=\"menu-item-98605\" class=\"menu-item menu-item-type-post_type menu-item-object-page menu-item-98605\"><a href=\"https:\/\/www.auzeau.fr\/39-45\/france\/29-finistere\/29-lanildut\/\">29 \u2013 Lanildut<\/a><\/li>\n<li id=\"menu-item-53045\" class=\"menu-item menu-item-type-post_type menu-item-object-page menu-item-53045\"><a href=\"https:\/\/www.auzeau.fr\/39-45\/france\/29-finistere\/29-lannilis\/\">29 \u2013 Lannilis<\/a><\/li>\n<li id=\"menu-item-53046\" class=\"menu-item menu-item-type-post_type menu-item-object-page menu-item-53046\"><a href=\"https:\/\/www.auzeau.fr\/39-45\/france\/29-finistere\/29-lanriec\/\">29 \u2013 Lanriec<\/a><\/li>\n<li id=\"menu-item-53047\" class=\"menu-item menu-item-type-post_type menu-item-object-page menu-item-53047\"><a href=\"https:\/\/www.auzeau.fr\/39-45\/france\/29-finistere\/29-lanveoc\/\">29 \u2013 Lanv\u00e9oc<\/a><\/li>\n<li id=\"menu-item-53048\" class=\"menu-item menu-item-type-post_type menu-item-object-page menu-item-53048\"><a href=\"https:\/\/www.auzeau.fr\/39-45\/france\/29-finistere\/29-le-conquet\/\">29 \u2013 Le Conquet<\/a><\/li>\n<li id=\"menu-item-53049\" class=\"menu-item menu-item-type-post_type menu-item-object-page menu-item-53049\"><a href=\"https:\/\/www.auzeau.fr\/39-45\/france\/29-finistere\/29-le-folgoet\/\">29 \u2013 Le Folgo\u00ebt<\/a><\/li>\n<li id=\"menu-item-99948\" class=\"menu-item menu-item-type-post_type menu-item-object-page menu-item-99948\"><a href=\"https:\/\/www.auzeau.fr\/39-45\/france\/29-finistere\/29-le-relecq-kerhuon\/\">29 \u2013 Le Relecq-Kerhuon<\/a><\/li>\n<li id=\"menu-item-53050\" class=\"menu-item menu-item-type-post_type menu-item-object-page menu-item-53050\"><a href=\"https:\/\/www.auzeau.fr\/39-45\/france\/29-finistere\/29-lesneven\/\">29 \u2013 Lesneven<\/a><\/li>\n<li id=\"menu-item-53051\" class=\"menu-item menu-item-type-post_type menu-item-object-page menu-item-53051\"><a href=\"https:\/\/www.auzeau.fr\/39-45\/france\/29-finistere\/29-milizac\/\">29 \u2013 Milizac<\/a><\/li>\n<li id=\"menu-item-53052\" class=\"menu-item menu-item-type-post_type menu-item-object-page menu-item-53052\"><a href=\"https:\/\/www.auzeau.fr\/39-45\/france\/29-finistere\/29-moelan-sur-mer\/\">29 \u2013 Mo\u00eblan-sur-Mer<\/a><\/li>\n<li id=\"menu-item-53053\" class=\"menu-item menu-item-type-post_type menu-item-object-page menu-item-53053\"><a href=\"https:\/\/www.auzeau.fr\/39-45\/france\/29-finistere\/29-plobannalec-lesconil\/\">29 \u2013 Plobannalec-Lesconil<\/a><\/li>\n<li id=\"menu-item-53054\" class=\"menu-item menu-item-type-post_type menu-item-object-page menu-item-53054\"><a href=\"https:\/\/www.auzeau.fr\/39-45\/france\/29-finistere\/29-ploudalmezeau\/\">29 \u2013 Ploudalm\u00e9zeau<\/a><\/li>\n<li id=\"menu-item-53055\" class=\"menu-item menu-item-type-post_type menu-item-object-page menu-item-53055\"><a href=\"https:\/\/www.auzeau.fr\/39-45\/france\/29-finistere\/29-ploudaniel\/\">29 \u2013 Ploudaniel<\/a><\/li>\n<li id=\"menu-item-53056\" class=\"menu-item menu-item-type-post_type menu-item-object-page menu-item-53056\"><a href=\"https:\/\/www.auzeau.fr\/39-45\/france\/29-finistere\/29-plougasnou\/\">29 \u2013 Plougasnou<\/a><\/li>\n<li id=\"menu-item-53057\" class=\"menu-item menu-item-type-post_type menu-item-object-page menu-item-53057\"><a href=\"https:\/\/www.auzeau.fr\/39-45\/france\/29-finistere\/29-plougastel-daoulas\/\">29 \u2013 Plougastel-Daoulas<\/a><\/li>\n<li id=\"menu-item-53058\" class=\"menu-item menu-item-type-post_type menu-item-object-page menu-item-53058\"><a href=\"https:\/\/www.auzeau.fr\/39-45\/france\/29-finistere\/29-plouguerneau\/\">29 \u2013 Plouguerneau<\/a><\/li>\n<li id=\"menu-item-53059\" class=\"menu-item menu-item-type-post_type menu-item-object-page menu-item-53059\"><a href=\"https:\/\/www.auzeau.fr\/39-45\/france\/29-finistere\/29-plouhinec\/\">29 \u2013 Plouhinec<\/a><\/li>\n<li id=\"menu-item-53060\" class=\"menu-item menu-item-type-post_type menu-item-object-page menu-item-53060\"><a href=\"https:\/\/www.auzeau.fr\/39-45\/france\/29-finistere\/29-plouzane\/\">29 \u2013 Plouzan\u00e9<\/a><\/li>\n<li id=\"menu-item-53061\" class=\"menu-item menu-item-type-post_type menu-item-object-page menu-item-53061\"><a href=\"https:\/\/www.auzeau.fr\/39-45\/france\/29-finistere\/29-poullan-sur-mer\/\">29 \u2013 Poullan-sur-Mer<\/a><\/li>\n<li id=\"menu-item-103882\" class=\"menu-item menu-item-type-post_type menu-item-object-page menu-item-103882\"><a href=\"https:\/\/www.auzeau.fr\/39-45\/france\/29-finistere\/29-quemeneven\/\">29 \u2013 Qu\u00e9m\u00e9n\u00e9ven<\/a><\/li>\n<li id=\"menu-item-53062\" class=\"menu-item menu-item-type-post_type menu-item-object-page menu-item-53062\"><a href=\"https:\/\/www.auzeau.fr\/39-45\/france\/29-finistere\/29-roscanvel\/\">29 \u2013 Roscanvel<\/a><\/li>\n<li id=\"menu-item-53063\" class=\"menu-item menu-item-type-post_type menu-item-object-page menu-item-53063\"><a href=\"https:\/\/www.auzeau.fr\/39-45\/france\/29-finistere\/29-roscoff\/\">29 \u2013 Roscoff<\/a><\/li>\n<li id=\"menu-item-53064\" class=\"menu-item menu-item-type-post_type menu-item-object-page menu-item-53064\"><a href=\"https:\/\/www.auzeau.fr\/39-45\/france\/29-finistere\/29-saint-eloi\/\">29 \u2013 Saint-\u00c9loi<\/a><\/li>\n<li id=\"menu-item-99949\" class=\"menu-item menu-item-type-post_type menu-item-object-page menu-item-99949\"><a href=\"https:\/\/www.auzeau.fr\/39-45\/france\/29-finistere\/29-saint-renan-3\/\">29 \u2013 Saint-Renan<\/a><\/li>\n<li id=\"menu-item-53066\" class=\"menu-item menu-item-type-post_type menu-item-object-page menu-item-53066\"><a href=\"https:\/\/www.auzeau.fr\/39-45\/france\/29-finistere\/29-saint-thegonnec\/\">29 \u2013 Saint-Th\u00e9gonnec<\/a><\/li>\n<li id=\"menu-item-53067\" class=\"menu-item menu-item-type-post_type menu-item-object-page menu-item-53067\"><a href=\"https:\/\/www.auzeau.fr\/39-45\/france\/29-finistere\/29-sibiril\/\">29 \u2013 Sibiril<\/a><\/li>\n<li id=\"menu-item-53068\" class=\"menu-item menu-item-type-post_type menu-item-object-page menu-item-53068\"><a href=\"https:\/\/www.auzeau.fr\/39-45\/france\/29-finistere\/29-taule\/\">29 \u2013 Taul\u00e9<\/a><\/li>\n<li id=\"menu-item-53069\" class=\"menu-item menu-item-type-post_type menu-item-object-page menu-item-53069\"><a href=\"https:\/\/www.auzeau.fr\/39-45\/france\/29-finistere\/29-treflez\/\">29 \u2013 Tr\u00e9flez<\/a><\/li>\n<li id=\"menu-item-53070\" class=\"menu-item menu-item-type-post_type menu-item-object-page menu-item-53070\"><a href=\"https:\/\/www.auzeau.fr\/39-45\/france\/29-finistere\/29-tregunc\/\">29 \u2013 Tr\u00e9gunc<\/a><\/li>\n<\/ul>\n<script type=\"text\/javascript\"> toolTips('.classtoolTips69','Force A\u00e9rienne Fran\u00e7aise Libre<br\/><br\/>Free French Air Force'); <\/script><script type=\"text\/javascript\"> toolTips('.classtoolTips98','Colonel'); <\/script><script type=\"text\/javascript\"> toolTips('.classtoolTips118','Canonnier'); <\/script><script type=\"text\/javascript\"> toolTips('.classtoolTips123','Secret Intelligence Service<br\/><br\/>Service Secret'); <\/script><script type=\"text\/javascript\"> toolTips('.classtoolTips125','Perte hors combat<br\/><br\/>No Battle Casualty'); <\/script><script type=\"text\/javascript\"> toolTips('.classtoolTips126','Mort Pour la France'); <\/script><script type=\"text\/javascript\"> toolTips('.classtoolTips132','Force A\u00e9rienne Fran\u00e7aise<br\/><br\/>French Air Force'); <\/script><script type=\"text\/javascript\"> toolTips('.classtoolTips138','<strong>Piste Avanc\u00e9e d\\'Aviation<\/strong><br\/><br\/>A\u00e9rodromes temporaires construits par les Alli\u00e9s au cours de la Seconde Guerre mondiale durant la lib\u00e9ration de l\\'Europe.<br\/><br\/><strong>Advanced Landing Ground<\/strong><br\/><br\/>Temporary advance airfields constructed by the Allies during World War II during the liberation of Europe.'); <\/script><script type=\"text\/javascript\"> toolTips('.classtoolTips144','Royal Corps of Signals'); <\/script><script type=\"text\/javascript\"> toolTips('.classtoolTips150','Indemne<br\/><br\/>Unhurt'); <\/script><script type=\"text\/javascript\"> toolTips('.classtoolTips151','Pilote<br\/><br\/>Pilot'); <\/script><script type=\"text\/javascript\"> toolTips('.classtoolTips153','Porucznik'); <\/script><script type=\"text\/javascript\"> toolTips('.classtoolTips154','Groupe de Liaisons A\u00e9riennes'); <\/script><script type=\"text\/javascript\"> toolTips('.classtoolTips162','Telegraphist'); <\/script><script type=\"text\/javascript\"> toolTips('.classtoolTips173','Leading Airman'); <\/script><script type=\"text\/javascript\"> toolTips('.classtoolTips181','Sous-Lieutenant'); <\/script><script type=\"text\/javascript\"> toolTips('.classtoolTips185','Mitrailleur<br\/><br\/>Air Gunner'); <\/script><script type=\"text\/javascript\"> toolTips('.classtoolTips188','Bombardier<br\/><br\/>Air bomber'); <\/script><script type=\"text\/javascript\"> toolTips('.classtoolTips189','M\u00e9canicien volant<br\/><br\/>Flying Enginer'); <\/script><script type=\"text\/javascript\"> toolTips('.classtoolTips193','Royal Navy'); <\/script><script type=\"text\/javascript\"> toolTips('.classtoolTips195','Enseigne de Vaisseau'); <\/script><script type=\"text\/javascript\"> toolTips('.classtoolTips197','Aircraftman'); <\/script><script type=\"text\/javascript\"> toolTips('.classtoolTips199','Radio Officer'); <\/script><script type=\"text\/javascript\"> toolTips('.classtoolTips201','Lieutenant'); <\/script>","protected":false},"excerpt":{"rendered":"<p>Douglas A-24 n\u00b0 528 Groupe &#8220;Picardie&#8221; Date :\u00a0 \u00a004 ao\u00fbt 1944 Mission :\u00a0 \u00a0Convoyage de l&#8217;appareil de la Syrie vers l&#8217;Alg\u00e9rie \u00a0 \u00a0 D\u00e9collage :\u00a0 \u00a0Palmyre (Syrie) \u00a0 \u00a0 \u00a0 \u00a0 \u00a0 Causes de la perte :\u00a0 \u00a0Percute le sol pr\u00e8s du terrain de Petha-Tiqva \u00a0 \u00a0 \u00a0 Lieu de la perte : \u00a0Petha-Tiqva (Isra\u00ebl) [&hellip;]<\/p>\n","protected":false},"author":1,"featured_media":0,"parent":67,"menu_order":0,"comment_status":"closed","ping_status":"closed","template":"template-full-width Dauntless.php","meta":{"_lmt_disableupdate":"yes","_lmt_disable":"","footnotes":""},"categories":[3049],"tags":[],"wf_page_folders":[3137],"class_list":["post-97861","page","type-page","status-publish","hentry","category-a-24b-dauntless"],"_links":{"self":[{"href":"https:\/\/www.auzeau.fr\/39-45\/wp-json\/wp\/v2\/pages\/97861","targetHints":{"allow":["GET"]}}],"collection":[{"href":"https:\/\/www.auzeau.fr\/39-45\/wp-json\/wp\/v2\/pages"}],"about":[{"href":"https:\/\/www.auzeau.fr\/39-45\/wp-json\/wp\/v2\/types\/page"}],"author":[{"embeddable":true,"href":"https:\/\/www.auzeau.fr\/39-45\/wp-json\/wp\/v2\/users\/1"}],"replies":[{"embeddable":true,"href":"https:\/\/www.auzeau.fr\/39-45\/wp-json\/wp\/v2\/comments?post=97861"}],"version-history":[{"count":0,"href":"https:\/\/www.auzeau.fr\/39-45\/wp-json\/wp\/v2\/pages\/97861\/revisions"}],"up":[{"embeddable":true,"href":"https:\/\/www.auzeau.fr\/39-45\/wp-json\/wp\/v2\/pages\/67"}],"wp:attachment":[{"href":"https:\/\/www.auzeau.fr\/39-45\/wp-json\/wp\/v2\/media?parent=97861"}],"wp:term":[{"taxonomy":"category","embeddable":true,"href":"https:\/\/www.auzeau.fr\/39-45\/wp-json\/wp\/v2\/categories?post=97861"},{"taxonomy":"post_tag","embeddable":true,"href":"https:\/\/www.auzeau.fr\/39-45\/wp-json\/wp\/v2\/tags?post=97861"},{"taxonomy":"wf_page_folders","embeddable":true,"href":"https:\/\/www.auzeau.fr\/39-45\/wp-json\/wp\/v2\/wf_page_folders?post=97861"}],"curies":[{"name":"wp","href":"https:\/\/api.w.org\/{rel}","templated":true}]}}