{"id":96098,"date":"2021-08-01T08:08:31","date_gmt":"2021-08-01T06:08:31","guid":{"rendered":"http:\/\/39-45.auzeau.fr\/?page_id=96098"},"modified":"2021-09-01T10:00:13","modified_gmt":"2021-09-01T08:00:13","slug":"50-ver","status":"publish","type":"page","link":"https:\/\/www.auzeau.fr\/39-45\/france\/50-manche\/50-ver\/","title":{"rendered":"50 &#8211; Ver"},"content":{"rendered":"<p><img fetchpriority=\"high\" decoding=\"async\" class=\"aligncenter size-full wp-image-96094\" title=\"Ver\" src=\"https:\/\/www.auzeau.fr\/39-45\/wp-content\/uploads\/Cimetieres\/31 -- 60\/50-Manche\/Ver\/Ver.jpg\" alt=\"\" width=\"900\" height=\"391\" srcset=\"https:\/\/www.auzeau.fr\/39-45\/wp-content\/uploads\/Cimetieres\/31%20--%2060\/50-Manche\/Ver\/Ver.jpg 900w, https:\/\/www.auzeau.fr\/39-45\/wp-content\/uploads\/Cimetieres\/31%20--%2060\/50-Manche\/Ver\/Ver-300x130.jpg 300w, https:\/\/www.auzeau.fr\/39-45\/wp-content\/uploads\/Cimetieres\/31%20--%2060\/50-Manche\/Ver\/Ver-768x334.jpg 768w\" sizes=\"(max-width: 900px) 100vw, 900px\" \/><\/p>\n<table style=\"width: 100%;\" border=\"0\">\n<tbody>\n<tr>\n<td style=\"width: 5%;\"><\/td>\n<td style=\"width: 5%;\"><\/td>\n<td style=\"width: 2%;\"><\/td>\n<td style=\"width: 8%;\"><\/td>\n<td style=\"width: 5%;\"><\/td>\n<td style=\"width: 5%;\"><\/td>\n<td style=\"width: 5%;\"><\/td>\n<td style=\"width: 2%;\"><\/td>\n<td style=\"width: 8%;\"><\/td>\n<td style=\"width: 2%;\"><\/td>\n<td style=\"width: 5%;\"><\/td>\n<td style=\"width: 3%;\"><\/td>\n<td style=\"width: 5%;\"><\/td>\n<td style=\"width: 5%;\"><\/td>\n<td style=\"width: 5%;\"><\/td>\n<td style=\"width: 5%;\"><\/td>\n<td style=\"width: 5%;\"><\/td>\n<td style=\"width: 5%;\"><\/td>\n<td style=\"width: 5%;\"><\/td>\n<td style=\"width: 10%;\"><\/td>\n<\/tr>\n<tr>\n<td style=\"width: 75%;\" colspan=\"16\"><span style=\"font-size: xx-large;\"><strong><span style=\"color: #000000;\">Lat\u00e9co\u00e8re 298 n\u00b0 93<br \/>\n<\/span><\/strong><\/span><\/td>\n<td style=\"width: 25%; text-align: center;\" colspan=\"4\"><span style=\"font-size: xx-large;\"><strong>Esc T3<br \/>\n<\/strong><\/span><\/td>\n<\/tr>\n<tr>\n<td style=\"width: 75%;\" colspan=\"16\"><\/td>\n<td style=\"width: 25%; text-align: center;\" colspan=\"4\"><\/td>\n<\/tr>\n<tr style=\"height: 40px;\">\n<td style=\"text-align: right; width: 5%;\"><\/td>\n<td style=\"text-align: right; width: 5%;\"><\/td>\n<td style=\"text-align: right; width: 2%;\"><\/td>\n<td style=\"text-align: right; width: 8%;\"><\/td>\n<td style=\"text-align: right; width: 5%;\"><\/td>\n<td style=\"text-align: right; width: 5%;\"><\/td>\n<td style=\"text-align: right; width: 5%;\"><\/td>\n<td style=\"text-align: right; width: 2%;\"><\/td>\n<td style=\"text-align: right; width: 8%;\"><\/td>\n<td style=\"text-align: right; width: 2%;\"><\/td>\n<td style=\"text-align: right; width: 5%;\"><\/td>\n<td style=\"text-align: right; width: 3%;\"><\/td>\n<td style=\"text-align: right; width: 5%;\"><\/td>\n<td style=\"text-align: right; width: 5%;\"><\/td>\n<td style=\"text-align: right; width: 5%;\"><\/td>\n<td style=\"text-align: right; width: 5%;\"><\/td>\n<td style=\"text-align: right; width: 5%;\"><\/td>\n<td style=\"text-align: right; width: 5%;\"><\/td>\n<td style=\"text-align: right; width: 5%;\"><\/td>\n<td style=\"text-align: right; width: 10%;\"><\/td>\n<\/tr>\n<tr>\n<td style=\"text-align: right; width: 5%;\"><\/td>\n<td style=\"text-align: right; width: 5%;\"><span style=\"font-size: 14px;\"><strong>Date<\/strong><\/span><\/td>\n<td style=\"width: 2%; text-align: center;\"><strong>:<\/strong><\/td>\n<td style=\"width: 13%; text-align: left;\" colspan=\"2\"><span style=\"font-size: 14px;\"><em>19 juin 1940<br \/>\n<\/em><\/span><\/td>\n<td style=\"text-align: right; width: 5%;\"><\/td>\n<td style=\"text-align: right; width: 5%;\"><\/td>\n<td style=\"text-align: right; width: 2%;\"><\/td>\n<td style=\"text-align: right; width: 8%;\"><span style=\"font-size: 14px;\"><strong>Mission<\/strong><\/span><\/td>\n<td style=\"width: 2%; text-align: center;\"><strong><span style=\"font-size: 14px;\">:<\/span><\/strong><\/td>\n<td style=\"text-align: left; width: 53%;\" colspan=\"10\"><span style=\"font-size: 14px;\"><em>Vol de liaison Biscarosse &#8211; Berre<\/em><\/span><span style=\"font-size: 14px;\"><em><br \/>\n<\/em><\/span><\/td>\n<\/tr>\n<tr style=\"height: 40px;\">\n<td style=\"text-align: right; width: 5%;\"><\/td>\n<td style=\"text-align: right; width: 5%;\"><\/td>\n<td style=\"width: 2%; text-align: center;\"><\/td>\n<td style=\"width: 8%; text-align: left;\"><\/td>\n<td style=\"text-align: right; width: 5%;\"><\/td>\n<td style=\"text-align: right; width: 5%;\"><\/td>\n<td style=\"text-align: right; width: 5%;\"><\/td>\n<td style=\"text-align: right; width: 2%;\"><\/td>\n<td style=\"text-align: right; width: 8%;\"><\/td>\n<td style=\"width: 2%; text-align: center;\"><\/td>\n<td style=\"text-align: left; width: 5%;\"><\/td>\n<td style=\"text-align: left; width: 3%;\"><\/td>\n<td style=\"text-align: left; width: 5%;\"><\/td>\n<td style=\"text-align: left; width: 5%;\"><\/td>\n<td style=\"text-align: left; width: 5%;\"><\/td>\n<td style=\"text-align: left; width: 5%;\"><\/td>\n<td style=\"text-align: left; width: 5%;\"><\/td>\n<td style=\"text-align: left; width: 5%;\"><\/td>\n<td style=\"text-align: left; width: 5%;\"><\/td>\n<td style=\"text-align: left; width: 10%;\"><\/td>\n<\/tr>\n<tr style=\"height: 40px;\">\n<td style=\"text-align: right; width: 10%;\" colspan=\"2\"><\/td>\n<td style=\"width: 2%; text-align: center;\"><\/td>\n<td style=\"text-align: right; width: 23%;\" colspan=\"4\"><span style=\"font-size: 14px;\"><strong>D\u00e9collage<\/strong><\/span><\/td>\n<td style=\"width: 2%; text-align: center;\"><strong>:<\/strong><\/td>\n<td style=\"text-align: left; width: 63%;\" colspan=\"12\"><span style=\"font-size: 14px;\"><em>\u00a0Biscarosse<\/em><\/span><span style=\"font-size: 14px;\"><em><br \/>\n<\/em><\/span><\/td>\n<\/tr>\n<tr style=\"height: 40px;\">\n<td style=\"text-align: right; width: 10%;\" colspan=\"2\"><\/td>\n<td style=\"width: 2%; text-align: center;\"><\/td>\n<td style=\"text-align: right; width: 23%;\" colspan=\"4\"><span style=\"font-size: 14px;\"><strong>Causes de la perte<br \/>\n<\/strong><\/span><\/td>\n<td style=\"width: 2%; text-align: center;\"><strong>:<br \/>\n<\/strong><\/td>\n<td style=\"text-align: left; width: 63%;\" colspan=\"12\"><span style=\"font-size: 14px;\"><em>inconnues. Les corps ne furent d\u00e9couverts qu&#8217;en novembre 1940<\/em><\/span><\/td>\n<\/tr>\n<tr style=\"height: 40px;\">\n<td style=\"text-align: right; width: 10%;\" colspan=\"2\"><\/td>\n<td style=\"width: 2%; text-align: center;\"><\/td>\n<td style=\"text-align: right; width: 23%;\" colspan=\"4\"><span style=\"font-size: 14px;\"><strong>Lieu de la perte<br \/>\n<\/strong><\/span><\/td>\n<td style=\"width: 2%; text-align: center;\"><strong>:<br \/>\n<\/strong><\/td>\n<td style=\"text-align: left; width: 63%;\" colspan=\"12\"><span style=\"font-size: 14px;\"><em>Fougax-et-Barrineuf (09)<br \/>\n<\/em><\/span><\/td>\n<\/tr>\n<tr style=\"height: 40px;\">\n<td style=\"width: 5%;\"><\/td>\n<td style=\"width: 5%;\"><\/td>\n<td style=\"width: 2%; text-align: center;\"><\/td>\n<td style=\"text-align: right; width: 8%;\"><\/td>\n<td style=\"text-align: right; width: 5%;\"><\/td>\n<td style=\"text-align: right; width: 5%;\"><\/td>\n<td style=\"text-align: right; width: 5%;\"><\/td>\n<td style=\"width: 2%; text-align: center;\"><\/td>\n<td style=\"text-align: left; width: 8%;\"><\/td>\n<td style=\"text-align: left; width: 2%;\"><\/td>\n<td style=\"text-align: left; width: 5%;\"><\/td>\n<td style=\"text-align: left; width: 3%;\"><\/td>\n<td style=\"text-align: left; width: 5%;\"><\/td>\n<td style=\"text-align: left; width: 5%;\"><\/td>\n<td style=\"text-align: left; width: 5%;\"><\/td>\n<td style=\"text-align: left; width: 5%;\"><\/td>\n<td style=\"text-align: left; width: 5%;\"><\/td>\n<td style=\"text-align: left; width: 5%;\"><\/td>\n<td style=\"text-align: left; width: 5%;\"><\/td>\n<td style=\"text-align: left; width: 10%;\"><\/td>\n<\/tr>\n<tr style=\"height: 60px;\">\n<td style=\"width: 5%;\"><img decoding=\"async\" class=\"aligncenter size-full wp-image-47214\" title=\"France\" src=\"https:\/\/www.auzeau.fr\/39-45\/wp-content\/uploads\/images\/Drapeaux\/France.png\" alt=\"France\" width=\"40\" height=\"20\" \/><\/td>\n<td style=\"width: 5%;\"><span class='tooltipsall tooltipsincontent classtoolTips191'>Mt<\/span><\/td>\n<td style=\"text-align: left;\" colspan=\"5\">Jules Jean Marie<\/td>\n<td style=\"text-align: left;\" colspan=\"3\"><span style=\"color: #000000;\"><strong>LEMOINE<br \/>\n<\/strong><\/span><\/td>\n<td style=\"text-align: center;\" colspan=\"2\"><\/td>\n<td style=\"width: 5%; text-align: center;\"><span class='tooltipsall tooltipsincontent classtoolTips38'>A\u00e9ro<\/span><\/td>\n<td style=\"text-align: center;\" colspan=\"2\"><\/td>\n<td style=\"width: 5%; text-align: center;\"><span style=\"color: #000000;\"><strong><span class='tooltipsall tooltipsincontent classtoolTips125'>NBC<\/span><br \/>\n<\/strong><\/span><\/td>\n<td style=\"text-align: left;\" colspan=\"4\"><span style=\"color: #000000;\"><strong><span class='tooltipsall tooltipsincontent classtoolTips126'>MPF<\/span><\/strong><\/span> <span style=\"font-size: 10pt;\"><a href=\"https:\/\/www.auzeau.fr\/39-45\/france\/22-cotes-darmor\/22-pleslin-trigavou\/\">Inhum\u00e9 \u00e0 Pleslin-Trigavou (22)<\/a><br \/>\n<\/span><\/td>\n<\/tr>\n<tr style=\"height: 60px;\">\n<td style=\"width: 5%;\"><img decoding=\"async\" class=\"aligncenter size-full wp-image-47214\" title=\"France\" src=\"https:\/\/www.auzeau.fr\/39-45\/wp-content\/uploads\/images\/Drapeaux\/France.png\" alt=\"France\" width=\"40\" height=\"20\" \/><\/td>\n<td style=\"width: 5%;\"><span class='tooltipsall tooltipsincontent classtoolTips190'>PM<\/span><\/td>\n<td style=\"text-align: left;\" colspan=\"5\">Andr\u00e9 Joseph<\/td>\n<td style=\"text-align: left;\" colspan=\"3\"><span style=\"color: #000000;\"><strong>S\u00c9BIRE<\/strong><\/span><\/td>\n<td style=\"text-align: center;\" colspan=\"2\"><span class='tooltipsall tooltipsincontent classtoolTips151'>Pil<\/span><\/td>\n<td style=\"width: 5%; text-align: center;\"><span class='tooltipsall tooltipsincontent classtoolTips38'>A\u00e9ro<\/span><\/td>\n<td style=\"text-align: center;\" colspan=\"2\"><\/td>\n<td style=\"width: 5%; text-align: center;\"><span style=\"color: #000000;\"><strong><span class='tooltipsall tooltipsincontent classtoolTips125'>NBC<\/span><\/strong><\/span><\/td>\n<td style=\"text-align: left;\" colspan=\"4\"><span style=\"color: #000000;\"><strong><span class='tooltipsall tooltipsincontent classtoolTips126'>MPF<\/span><\/strong><\/span><\/td>\n<\/tr>\n<\/tbody>\n<\/table>\n<div id='gallery-1' class='gallery galleryid-96098 gallery-columns-2 gallery-size-thumbnail'><figure class='gallery-item'>\n\t\t\t<div class='gallery-icon portrait'>\n\t\t\t\t<a title=\"Andr\u00e9 Sebire\"  title=\"Andr\u00e9 Sebire\"  href='https:\/\/www.auzeau.fr\/39-45\/wp-content\/uploads\/Cimetieres\/31%20--%2060\/50-Manche\/Ver\/Latecoere-93.jpg'><img decoding=\"async\" width=\"150\" height=\"150\" src=\"https:\/\/www.auzeau.fr\/39-45\/wp-content\/uploads\/Cimetieres\/31 -- 60\/50-Manche\/Ver\/Latecoere-93-150x150.jpg\" class=\"attachment-thumbnail size-thumbnail\" alt=\"\" srcset=\"https:\/\/www.auzeau.fr\/39-45\/wp-content\/uploads\/Cimetieres\/31%20--%2060\/50-Manche\/Ver\/Latecoere-93-150x150.jpg 150w, https:\/\/www.auzeau.fr\/39-45\/wp-content\/uploads\/Cimetieres\/31%20--%2060\/50-Manche\/Ver\/Latecoere-93-50x50.jpg 50w\" sizes=\"(max-width: 150px) 100vw, 150px\" \/><\/a>\n\t\t\t<\/div><\/figure><figure class='gallery-item'>\n\t\t\t<div class='gallery-icon portrait'>\n\t\t\t\t<a title=\"Andr\u00e9 Sebire\"  title=\"Andr\u00e9 Sebire\"  href='https:\/\/www.auzeau.fr\/39-45\/wp-content\/uploads\/Cimetieres\/31%20--%2060\/50-Manche\/Ver\/Sebire.jpg'><img loading=\"lazy\" decoding=\"async\" width=\"150\" height=\"150\" src=\"https:\/\/www.auzeau.fr\/39-45\/wp-content\/uploads\/Cimetieres\/31 -- 60\/50-Manche\/Ver\/Sebire-150x150.jpg\" class=\"attachment-thumbnail size-thumbnail\" alt=\"\" srcset=\"https:\/\/www.auzeau.fr\/39-45\/wp-content\/uploads\/Cimetieres\/31%20--%2060\/50-Manche\/Ver\/Sebire-150x150.jpg 150w, https:\/\/www.auzeau.fr\/39-45\/wp-content\/uploads\/Cimetieres\/31%20--%2060\/50-Manche\/Ver\/Sebire-50x50.jpg 50w\" sizes=\"(max-width: 150px) 100vw, 150px\" \/><\/a>\n\t\t\t<\/div><\/figure>\n\t\t<\/div>\n\n<p style=\"text-align: center;\"><ul id=\"menu-50-manche\" class=\"menu\"><li id=\"menu-item-100065\" class=\"menu-item menu-item-type-post_type menu-item-object-page menu-item-100065\"><a href=\"https:\/\/www.auzeau.fr\/39-45\/france\/50-manche\/50-airel\/\">50 \u2013 Airel<\/a><\/li>\n<li id=\"menu-item-100064\" class=\"menu-item menu-item-type-post_type menu-item-object-page menu-item-100064\"><a href=\"https:\/\/www.auzeau.fr\/39-45\/france\/50-manche\/50-auvers\/\">50 \u2013 Auvers<\/a><\/li>\n<li id=\"menu-item-55391\" class=\"menu-item menu-item-type-post_type menu-item-object-page menu-item-55391\"><a href=\"https:\/\/www.auzeau.fr\/39-45\/france\/50-manche\/50-avranches\/\">50 \u2013 Avranches<\/a><\/li>\n<li id=\"menu-item-100063\" class=\"menu-item menu-item-type-post_type menu-item-object-page menu-item-100063\"><a href=\"https:\/\/www.auzeau.fr\/39-45\/france\/50-manche\/50-barneville-carteret\/\">50 \u2013 Barneville-Carteret<\/a><\/li>\n<li id=\"menu-item-97881\" class=\"menu-item menu-item-type-post_type menu-item-object-page menu-item-97881\"><a href=\"https:\/\/www.auzeau.fr\/39-45\/france\/50-manche\/50-baudre\/\">50 \u2013 Baudre<\/a><\/li>\n<li id=\"menu-item-100209\" class=\"menu-item menu-item-type-post_type menu-item-object-page menu-item-100209\"><a href=\"https:\/\/www.auzeau.fr\/39-45\/france\/50-manche\/50-biville\/\">50 \u2013 Biville<\/a><\/li>\n<li id=\"menu-item-100208\" class=\"menu-item menu-item-type-post_type menu-item-object-page menu-item-100208\"><a href=\"https:\/\/www.auzeau.fr\/39-45\/france\/50-manche\/50-bretteville\/\">50 \u2013 Bretteville<\/a><\/li>\n<li id=\"menu-item-100207\" class=\"menu-item menu-item-type-post_type menu-item-object-page menu-item-100207\"><a href=\"https:\/\/www.auzeau.fr\/39-45\/france\/50-manche\/50-brevands\/\">50 \u2013 Br\u00e9vands<\/a><\/li>\n<li id=\"menu-item-100899\" class=\"menu-item menu-item-type-post_type menu-item-object-page menu-item-100899\"><a href=\"https:\/\/www.auzeau.fr\/39-45\/france\/50-manche\/50-cherbourg\/\">50 \u2013 Cherbourg<\/a><\/li>\n<li id=\"menu-item-55392\" class=\"menu-item menu-item-type-post_type menu-item-object-page menu-item-55392\"><a href=\"https:\/\/www.auzeau.fr\/39-45\/france\/50-manche\/50-equilly\/\">50 \u2013 \u00c9quilly<\/a><\/li>\n<li id=\"menu-item-100206\" class=\"menu-item menu-item-type-post_type menu-item-object-page menu-item-100206\"><a href=\"https:\/\/www.auzeau.fr\/39-45\/france\/50-manche\/50-fermanville\/\">50 \u2013 Fermanville<\/a><\/li>\n<li id=\"menu-item-55393\" class=\"menu-item menu-item-type-post_type menu-item-object-page menu-item-55393\"><a href=\"https:\/\/www.auzeau.fr\/39-45\/france\/50-manche\/50-granville\/\">50 \u2013 Granville<\/a><\/li>\n<li id=\"menu-item-100205\" class=\"menu-item menu-item-type-post_type menu-item-object-page menu-item-100205\"><a href=\"https:\/\/www.auzeau.fr\/39-45\/france\/50-manche\/50-le-rozel\/\">50 \u2013 Le Rozel<\/a><\/li>\n<li id=\"menu-item-100343\" class=\"menu-item menu-item-type-post_type menu-item-object-page menu-item-100343\"><a href=\"https:\/\/www.auzeau.fr\/39-45\/france\/50-manche\/50-le-vast\/\">50 \u2013 Le Vast<\/a><\/li>\n<li id=\"menu-item-100344\" class=\"menu-item menu-item-type-post_type menu-item-object-page menu-item-100344\"><a href=\"https:\/\/www.auzeau.fr\/39-45\/france\/50-manche\/50-lessay\/\">50 \u2013 Lessay<\/a><\/li>\n<li id=\"menu-item-55394\" class=\"menu-item menu-item-type-post_type menu-item-object-page menu-item-55394\"><a href=\"https:\/\/www.auzeau.fr\/39-45\/france\/50-manche\/50-muneville-sur-mer\/\">50 \u2013 Menuville-sur-Mer<\/a><\/li>\n<li id=\"menu-item-100342\" class=\"menu-item menu-item-type-post_type menu-item-object-page menu-item-100342\"><a href=\"https:\/\/www.auzeau.fr\/39-45\/france\/50-manche\/50-siouville-hague\/\">50 \u2013 Siouville-Hague<\/a><\/li>\n<li id=\"menu-item-55395\" class=\"menu-item menu-item-type-post_type menu-item-object-page menu-item-55395\"><a href=\"https:\/\/www.auzeau.fr\/39-45\/france\/50-manche\/50-vengeons\/\">50 \u2013 Vengeons<\/a><\/li>\n<li id=\"menu-item-97882\" class=\"menu-item menu-item-type-post_type menu-item-object-page menu-item-97882\"><a href=\"https:\/\/www.auzeau.fr\/39-45\/france\/50-manche\/50-ver\/\">50 \u2013 Ver<\/a><\/li>\n<\/ul>\n<script type=\"text\/javascript\"> toolTips('.classtoolTips38','A\u00e9ronavale'); <\/script><script type=\"text\/javascript\"> toolTips('.classtoolTips98','Colonel'); <\/script><script type=\"text\/javascript\"> toolTips('.classtoolTips125','Perte hors combat<br\/><br\/>No Battle Casualty'); <\/script><script type=\"text\/javascript\"> toolTips('.classtoolTips126','Mort Pour la France'); <\/script><script type=\"text\/javascript\"> toolTips('.classtoolTips134','\u00c9vad\u00e9<br\/><br\/>Evaded'); <\/script><script type=\"text\/javascript\"> toolTips('.classtoolTips144','Royal Corps of Signals'); <\/script><script type=\"text\/javascript\"> toolTips('.classtoolTips151','Pilote<br\/><br\/>Pilot'); <\/script><script type=\"text\/javascript\"> toolTips('.classtoolTips153','Porucznik'); <\/script><script type=\"text\/javascript\"> toolTips('.classtoolTips185','Mitrailleur<br\/><br\/>Air Gunner'); <\/script><script type=\"text\/javascript\"> toolTips('.classtoolTips188','Bombardier<br\/><br\/>Air bomber'); <\/script><script type=\"text\/javascript\"> toolTips('.classtoolTips189','M\u00e9canicien volant<br\/><br\/>Flying Enginer'); <\/script><script type=\"text\/javascript\"> toolTips('.classtoolTips190','Premier Ma\u00eetre'); <\/script><script type=\"text\/javascript\"> toolTips('.classtoolTips191','Ma\u00eetre'); <\/script><script type=\"text\/javascript\"> toolTips('.classtoolTips193','Royal Navy'); <\/script><script type=\"text\/javascript\"> toolTips('.classtoolTips195','Enseigne de Vaisseau'); <\/script><script type=\"text\/javascript\"> toolTips('.classtoolTips197','Aircraftman'); <\/script><script type=\"text\/javascript\"> toolTips('.classtoolTips199','Radio Officer'); <\/script><script type=\"text\/javascript\"> toolTips('.classtoolTips201','Lieutenant'); <\/script>","protected":false},"excerpt":{"rendered":"<p>Lat\u00e9co\u00e8re 298 n\u00b0 93 Esc T3 Date : 19 juin 1940 Mission : Vol de liaison Biscarosse &#8211; Berre D\u00e9collage : \u00a0Biscarosse Causes de la perte : inconnues. Les corps ne furent d\u00e9couverts qu&#8217;en novembre 1940 Lieu de la perte : Fougax-et-Barrineuf (09) Mt Jules Jean Marie LEMOINE A\u00e9ro NBC MPF Inhum\u00e9 \u00e0 Pleslin-Trigavou (22) [&hellip;]<\/p>\n","protected":false},"author":1,"featured_media":0,"parent":83,"menu_order":0,"comment_status":"closed","ping_status":"closed","template":"template-full-width Latecoere 298.php","meta":{"_lmt_disableupdate":"yes","_lmt_disable":"","footnotes":""},"categories":[1944],"tags":[9959],"wf_page_folders":[3125],"class_list":["post-96098","page","type-page","status-publish","hentry","category-latecoere-298","tag-escadrille-t3"],"_links":{"self":[{"href":"https:\/\/www.auzeau.fr\/39-45\/wp-json\/wp\/v2\/pages\/96098","targetHints":{"allow":["GET"]}}],"collection":[{"href":"https:\/\/www.auzeau.fr\/39-45\/wp-json\/wp\/v2\/pages"}],"about":[{"href":"https:\/\/www.auzeau.fr\/39-45\/wp-json\/wp\/v2\/types\/page"}],"author":[{"embeddable":true,"href":"https:\/\/www.auzeau.fr\/39-45\/wp-json\/wp\/v2\/users\/1"}],"replies":[{"embeddable":true,"href":"https:\/\/www.auzeau.fr\/39-45\/wp-json\/wp\/v2\/comments?post=96098"}],"version-history":[{"count":0,"href":"https:\/\/www.auzeau.fr\/39-45\/wp-json\/wp\/v2\/pages\/96098\/revisions"}],"up":[{"embeddable":true,"href":"https:\/\/www.auzeau.fr\/39-45\/wp-json\/wp\/v2\/pages\/83"}],"wp:attachment":[{"href":"https:\/\/www.auzeau.fr\/39-45\/wp-json\/wp\/v2\/media?parent=96098"}],"wp:term":[{"taxonomy":"category","embeddable":true,"href":"https:\/\/www.auzeau.fr\/39-45\/wp-json\/wp\/v2\/categories?post=96098"},{"taxonomy":"post_tag","embeddable":true,"href":"https:\/\/www.auzeau.fr\/39-45\/wp-json\/wp\/v2\/tags?post=96098"},{"taxonomy":"wf_page_folders","embeddable":true,"href":"https:\/\/www.auzeau.fr\/39-45\/wp-json\/wp\/v2\/wf_page_folders?post=96098"}],"curies":[{"name":"wp","href":"https:\/\/api.w.org\/{rel}","templated":true}]}}