{"id":9494,"date":"2017-08-24T10:56:18","date_gmt":"2017-08-24T08:56:18","guid":{"rendered":"http:\/\/www.auzeau.fr\/3945\/?page_id=9494"},"modified":"2019-07-19T14:58:26","modified_gmt":"2019-07-19T12:58:26","slug":"78-mantes-la-ville","status":"publish","type":"page","link":"https:\/\/www.auzeau.fr\/39-45\/france\/78-yvelines\/78-mantes-la-ville\/","title":{"rendered":"78 &#8211; Mantes-la-Ville"},"content":{"rendered":"<table style=\"width: 100%;\" border=\"0\">\n<tbody>\n<tr>\n<td style=\"width: 5%;\"><\/td>\n<td style=\"width: 5%;\"><\/td>\n<td style=\"width: 2%;\"><\/td>\n<td style=\"width: 8%;\"><\/td>\n<td style=\"width: 5%;\"><\/td>\n<td style=\"width: 5%;\"><\/td>\n<td style=\"width: 5%;\"><\/td>\n<td style=\"width: 2%;\"><\/td>\n<td style=\"width: 8%;\"><\/td>\n<td style=\"width: 2%;\"><\/td>\n<td style=\"width: 5%;\"><\/td>\n<td style=\"width: 3%;\"><\/td>\n<td style=\"width: 5%;\"><\/td>\n<td style=\"width: 5%;\"><\/td>\n<td style=\"width: 5%;\"><\/td>\n<td style=\"width: 5%;\"><\/td>\n<td style=\"width: 5%;\"><\/td>\n<td style=\"width: 5%;\"><\/td>\n<td style=\"width: 5%;\"><\/td>\n<td style=\"width: 10%;\"><\/td>\n<\/tr>\n<tr>\n<td style=\"width: 75%;\" colspan=\"16\"><span style=\"font-size: xx-large;\"><strong><span style=\"color: #000000;\">P51 Mustang FB166 QV-<br \/>\n<\/span><\/strong><\/span><\/td>\n<td style=\"width: 25%; text-align: center;\" colspan=\"4\"><span style=\"font-size: xx-large;\"><strong>19 Sqn<\/strong><\/span><\/td>\n<\/tr>\n<tr>\n<td style=\"width: 75%;\" colspan=\"16\"><\/td>\n<td style=\"width: 25%; text-align: center;\" colspan=\"4\"><\/td>\n<\/tr>\n<tr style=\"height: 40px;\">\n<td style=\"text-align: right; width: 5%;\"><\/td>\n<td style=\"text-align: right; width: 5%;\"><\/td>\n<td style=\"text-align: right; width: 2%;\"><\/td>\n<td style=\"text-align: right; width: 8%;\"><\/td>\n<td style=\"text-align: right; width: 5%;\"><\/td>\n<td style=\"text-align: right; width: 5%;\"><\/td>\n<td style=\"text-align: right; width: 5%;\"><\/td>\n<td style=\"text-align: right; width: 2%;\"><\/td>\n<td style=\"text-align: right; width: 8%;\"><\/td>\n<td style=\"text-align: right; width: 2%;\"><\/td>\n<td style=\"text-align: right; width: 5%;\"><\/td>\n<td style=\"text-align: right; width: 3%;\"><\/td>\n<td style=\"text-align: right; width: 5%;\"><\/td>\n<td style=\"text-align: right; width: 5%;\"><\/td>\n<td style=\"text-align: right; width: 5%;\"><\/td>\n<td style=\"text-align: right; width: 5%;\"><\/td>\n<td style=\"text-align: right; width: 5%;\"><\/td>\n<td style=\"text-align: right; width: 5%;\"><\/td>\n<td style=\"text-align: right; width: 5%;\"><\/td>\n<td style=\"text-align: right; width: 10%;\"><\/td>\n<\/tr>\n<tr>\n<td style=\"text-align: right; width: 5%;\"><\/td>\n<td style=\"text-align: right; width: 5%;\"><span style=\"font-size: 14px;\"><strong>Date<\/strong><\/span><\/td>\n<td style=\"width: 2%; text-align: center;\"><strong>:<\/strong><\/td>\n<td style=\"width: 13%; text-align: left;\" colspan=\"2\"><span style=\"font-size: 14px;\"><em>07 ao\u00fbt 1944<br \/>\n<\/em><\/span><\/td>\n<td style=\"text-align: right; width: 5%;\"><\/td>\n<td style=\"text-align: right; width: 5%;\"><\/td>\n<td style=\"text-align: right; width: 2%;\"><\/td>\n<td style=\"text-align: right; width: 8%;\"><span style=\"font-size: 14px;\"><strong>Mission<\/strong><\/span><\/td>\n<td style=\"width: 2%; text-align: center;\"><strong><span style=\"font-size: 14px;\">:<\/span><\/strong><\/td>\n<td style=\"text-align: left; width: 53%;\" colspan=\"10\"><span style=\"font-size: 14px;\"><em>Patrouille au-dessus de la Seine<\/em><\/span><span style=\"font-size: 14px;\"><em><br \/>\n<\/em><\/span><\/td>\n<\/tr>\n<tr style=\"height: 40px;\">\n<td style=\"text-align: right; width: 5%;\"><\/td>\n<td style=\"text-align: right; width: 5%;\"><\/td>\n<td style=\"width: 2%; text-align: center;\"><\/td>\n<td style=\"width: 8%; text-align: left;\"><\/td>\n<td style=\"text-align: right; width: 5%;\"><\/td>\n<td style=\"text-align: right; width: 5%;\"><\/td>\n<td style=\"text-align: right; width: 5%;\"><\/td>\n<td style=\"text-align: right; width: 2%;\"><\/td>\n<td style=\"text-align: right; width: 8%;\"><\/td>\n<td style=\"width: 2%; text-align: center;\"><\/td>\n<td style=\"text-align: left; width: 5%;\"><\/td>\n<td style=\"text-align: left; width: 3%;\"><\/td>\n<td style=\"text-align: left; width: 5%;\"><\/td>\n<td style=\"text-align: left; width: 5%;\"><\/td>\n<td style=\"text-align: left; width: 5%;\"><\/td>\n<td style=\"text-align: left; width: 5%;\"><\/td>\n<td style=\"text-align: left; width: 5%;\"><\/td>\n<td style=\"text-align: left; width: 5%;\"><\/td>\n<td style=\"text-align: left; width: 5%;\"><\/td>\n<td style=\"text-align: left; width: 10%;\"><\/td>\n<\/tr>\n<tr style=\"height: 40px;\">\n<td style=\"text-align: right; width: 10%;\" colspan=\"2\"><\/td>\n<td style=\"width: 2%; text-align: center;\"><\/td>\n<td style=\"text-align: right; width: 23%;\" colspan=\"4\"><span style=\"font-size: 14px;\"><strong>D\u00e9collage<\/strong><\/span><\/td>\n<td style=\"width: 2%; text-align: center;\"><strong>:<\/strong><\/td>\n<td style=\"text-align: left; width: 63%;\" colspan=\"12\"><span style=\"font-size: 14px;\"><em><span class='tooltipsall tooltipsincontent classtoolTips138'>ALG<\/span> B12 \u00e0 Ellon (14) \u00e0 13:25<\/em><\/span><span style=\"font-size: 14px;\"><em><br \/>\n<\/em><\/span><\/td>\n<\/tr>\n<tr style=\"height: 40px;\">\n<td style=\"text-align: right; width: 10%;\" colspan=\"2\"><\/td>\n<td style=\"width: 2%; text-align: center;\"><\/td>\n<td style=\"text-align: right; width: 23%;\" colspan=\"4\"><span style=\"font-size: 14px;\"><strong>Causes de la perte<br \/>\n<\/strong><\/span><\/td>\n<td style=\"width: 2%; text-align: center;\"><strong>:<br \/>\n<\/strong><\/td>\n<td style=\"text-align: left; width: 63%;\" colspan=\"12\"><span style=\"font-size: 14px;\"><em>Vu explosant en vol durant l&#8217;attaque d&#8217;une barge sur la Seine<br \/>\n<\/em><\/span><\/td>\n<\/tr>\n<tr style=\"height: 40px;\">\n<td style=\"text-align: right; width: 10%;\" colspan=\"2\"><\/td>\n<td style=\"width: 2%; text-align: center;\"><\/td>\n<td style=\"text-align: right; width: 23%;\" colspan=\"4\"><span style=\"font-size: 14px;\"><strong>Lieu de la perte<br \/>\n<\/strong><\/span><\/td>\n<td style=\"width: 2%; text-align: center;\"><strong>:<br \/>\n<\/strong><\/td>\n<td style=\"text-align: left; width: 63%;\" colspan=\"12\"><span style=\"font-size: 14px;\"><em>Mantes-la-jolie (78)<\/em><\/span><\/td>\n<\/tr>\n<tr style=\"height: 40px;\">\n<td style=\"width: 5%;\"><\/td>\n<td style=\"width: 5%;\"><\/td>\n<td style=\"width: 2%; text-align: center;\"><\/td>\n<td style=\"text-align: right; width: 8%;\"><\/td>\n<td style=\"text-align: right; width: 5%;\"><\/td>\n<td style=\"text-align: right; width: 5%;\"><\/td>\n<td style=\"text-align: right; width: 5%;\"><\/td>\n<td style=\"width: 2%; text-align: center;\"><\/td>\n<td style=\"text-align: left; width: 8%;\"><\/td>\n<td style=\"text-align: left; width: 2%;\"><\/td>\n<td style=\"text-align: left; width: 5%;\"><\/td>\n<td style=\"text-align: left; width: 3%;\"><\/td>\n<td style=\"text-align: left; width: 5%;\"><\/td>\n<td style=\"text-align: left; width: 5%;\"><\/td>\n<td style=\"text-align: left; width: 5%;\"><\/td>\n<td style=\"text-align: left; width: 5%;\"><\/td>\n<td style=\"text-align: left; width: 5%;\"><\/td>\n<td style=\"text-align: left; width: 5%;\"><\/td>\n<td style=\"text-align: left; width: 5%;\"><\/td>\n<td style=\"text-align: left; width: 10%;\"><\/td>\n<\/tr>\n<tr style=\"height: 60px;\">\n<td style=\"width: 5%;\"><span style=\"font-size: 14px;\"><img decoding=\"async\" class=\"size-full wp-image-47210 alignleft\" title=\"Canada\" src=\"https:\/\/www.auzeau.fr\/39-45\/wp-content\/uploads\/images\/Drapeaux\/Canada.png\" alt=\"Canada\" width=\"40\" height=\"20\" \/><\/span><\/td>\n<td style=\"width: 5%;\"><span class='tooltipsall tooltipsincontent classtoolTips19'>Fg Off<\/span><\/td>\n<td style=\"text-align: left;\" colspan=\"5\">Dennis Frederick<\/td>\n<td style=\"text-align: left;\" colspan=\"3\"><strong><span style=\"color: #000000;\">HART<br \/>\n<\/span><\/strong><\/td>\n<td style=\"text-align: center;\" colspan=\"2\"><span class='tooltipsall tooltipsincontent classtoolTips151'>Pil<\/span><\/td>\n<td style=\"width: 5%; text-align: center;\"><span class='tooltipsall tooltipsincontent classtoolTips45'>RAFVR<\/span><\/td>\n<td style=\"text-align: center;\" colspan=\"2\">127352<\/td>\n<td style=\"width: 5%; text-align: center;\"><span style=\"color: #000000;\"><strong><span class='tooltipsall tooltipsincontent classtoolTips110'>KIA<\/span><br \/>\n<\/strong><\/span><\/td>\n<td style=\"text-align: left;\" colspan=\"4\"><\/td>\n<\/tr>\n<\/tbody>\n<\/table>\n<div id='gallery-1' class='gallery galleryid-9494 gallery-columns-2 gallery-size-thumbnail'><figure class='gallery-item'>\n\t\t\t<div class='gallery-icon portrait'>\n\t\t\t\t<a title=\"Hart\"  title=\"Hart\"  href='https:\/\/www.auzeau.fr\/39-45\/wp-content\/uploads\/Cimetieres\/60%20--\/78-Yvelines\/Mantes-la-Ville\/Hart.jpg'><img decoding=\"async\" width=\"150\" height=\"150\" src=\"https:\/\/www.auzeau.fr\/39-45\/wp-content\/uploads\/Cimetieres\/60 --\/78-Yvelines\/Mantes-la-Ville\/Hart-150x150.jpg\" class=\"attachment-thumbnail size-thumbnail\" alt=\"\" srcset=\"https:\/\/www.auzeau.fr\/39-45\/wp-content\/uploads\/Cimetieres\/60%20--\/78-Yvelines\/Mantes-la-Ville\/Hart-150x150.jpg 150w, https:\/\/www.auzeau.fr\/39-45\/wp-content\/uploads\/Cimetieres\/60%20--\/78-Yvelines\/Mantes-la-Ville\/Hart-50x50.jpg 50w\" sizes=\"(max-width: 150px) 100vw, 150px\" \/><\/a>\n\t\t\t<\/div><\/figure><figure class='gallery-item'>\n\t\t\t<div class='gallery-icon portrait'>\n\t\t\t\t<a title=\"Hart_DF\"  title=\"Hart_DF\"  href='https:\/\/www.auzeau.fr\/39-45\/wp-content\/uploads\/Cimetieres\/60%20--\/78-Yvelines\/Mantes-la-Ville\/Hart_DF.jpg'><img decoding=\"async\" width=\"150\" height=\"150\" src=\"https:\/\/www.auzeau.fr\/39-45\/wp-content\/uploads\/Cimetieres\/60 --\/78-Yvelines\/Mantes-la-Ville\/Hart_DF-150x150.jpg\" class=\"attachment-thumbnail size-thumbnail\" alt=\"\" srcset=\"https:\/\/www.auzeau.fr\/39-45\/wp-content\/uploads\/Cimetieres\/60%20--\/78-Yvelines\/Mantes-la-Ville\/Hart_DF-150x150.jpg 150w, https:\/\/www.auzeau.fr\/39-45\/wp-content\/uploads\/Cimetieres\/60%20--\/78-Yvelines\/Mantes-la-Ville\/Hart_DF-50x50.jpg 50w\" sizes=\"(max-width: 150px) 100vw, 150px\" \/><\/a>\n\t\t\t<\/div><\/figure>\n\t\t<\/div>\n\n<hr \/>\n<p style=\"text-align: center;\"><ul id=\"menu-78-yvelines\" class=\"menu\"><li id=\"menu-item-68166\" class=\"menu-item menu-item-type-post_type menu-item-object-page menu-item-68166\"><a href=\"https:\/\/www.auzeau.fr\/39-45\/france\/78-yvelines\/78-allainville-aux-bois\/\">78 \u2013 Allainville-aux-Bois<\/a><\/li>\n<li id=\"menu-item-68165\" class=\"menu-item menu-item-type-post_type menu-item-object-page menu-item-68165\"><a href=\"https:\/\/www.auzeau.fr\/39-45\/france\/78-yvelines\/78-aubergenville\/\">78 \u2013 Aubergenville<\/a><\/li>\n<li id=\"menu-item-68164\" class=\"menu-item menu-item-type-post_type menu-item-object-page menu-item-68164\"><a href=\"https:\/\/www.auzeau.fr\/39-45\/france\/78-yvelines\/78-coignieres\/\">78 \u2013 Coigni\u00e8res<\/a><\/li>\n<li id=\"menu-item-60578\" class=\"menu-item menu-item-type-post_type menu-item-object-page menu-item-60578\"><a href=\"https:\/\/www.auzeau.fr\/39-45\/france\/78-yvelines\/78-courgent\/\">78 \u2013 Courgent<\/a><\/li>\n<li id=\"menu-item-60580\" class=\"menu-item menu-item-type-post_type menu-item-object-page menu-item-60580\"><a href=\"https:\/\/www.auzeau.fr\/39-45\/france\/78-yvelines\/78-ecquevilly\/\">78 \u2013 Ecquevilly<\/a><\/li>\n<li id=\"menu-item-60579\" class=\"menu-item menu-item-type-post_type menu-item-object-page menu-item-60579\"><a href=\"https:\/\/www.auzeau.fr\/39-45\/france\/78-yvelines\/78-emance\/\">78 \u2013 \u00c9manc\u00e9<\/a><\/li>\n<li id=\"menu-item-71017\" class=\"menu-item menu-item-type-post_type menu-item-object-page menu-item-71017\"><a href=\"https:\/\/www.auzeau.fr\/39-45\/france\/78-yvelines\/78-fontenay-le-fleury\/\">78 \u2013 Fontenay-le-Fleury<\/a><\/li>\n<li id=\"menu-item-60581\" class=\"menu-item menu-item-type-post_type menu-item-object-page menu-item-60581\"><a href=\"https:\/\/www.auzeau.fr\/39-45\/france\/78-yvelines\/78-gambais\/\">78 \u2013 Gambais<\/a><\/li>\n<li id=\"menu-item-71016\" class=\"menu-item menu-item-type-post_type menu-item-object-page menu-item-71016\"><a href=\"https:\/\/www.auzeau.fr\/39-45\/france\/78-yvelines\/78-guyancourt\/\">78 \u2013 Guyancourt<\/a><\/li>\n<li id=\"menu-item-60582\" class=\"menu-item menu-item-type-post_type menu-item-object-page menu-item-60582\"><a href=\"https:\/\/www.auzeau.fr\/39-45\/france\/78-yvelines\/78-hermeray\/\">78 \u2013 Hermeray<\/a><\/li>\n<li id=\"menu-item-60583\" class=\"menu-item menu-item-type-post_type menu-item-object-page menu-item-60583\"><a href=\"https:\/\/www.auzeau.fr\/39-45\/france\/78-yvelines\/78-houdan\/\">78 \u2013 Houdan<\/a><\/li>\n<li id=\"menu-item-68163\" class=\"menu-item menu-item-type-post_type menu-item-object-page menu-item-68163\"><a href=\"https:\/\/www.auzeau.fr\/39-45\/france\/78-yvelines\/78-jouars-ponchartrain\/\">78 \u2013 Jouars-Ponchartrain<\/a><\/li>\n<li id=\"menu-item-60584\" class=\"menu-item menu-item-type-post_type menu-item-object-page menu-item-60584\"><a href=\"https:\/\/www.auzeau.fr\/39-45\/france\/78-yvelines\/78-la-boissiere-ecole\/\">78 \u2013 La Boissi\u00e8re-\u00c9cole<\/a><\/li>\n<li id=\"menu-item-68162\" class=\"menu-item menu-item-type-post_type menu-item-object-page menu-item-68162\"><a href=\"https:\/\/www.auzeau.fr\/39-45\/france\/78-yvelines\/78-la-celle-les-bordes\/\">78 \u2013 La Celle-Les-Bordes<\/a><\/li>\n<li id=\"menu-item-68161\" class=\"menu-item menu-item-type-post_type menu-item-object-page menu-item-68161\"><a href=\"https:\/\/www.auzeau.fr\/39-45\/france\/78-yvelines\/78-les-breviaires\/\">78 \u2013 Les Br\u00e9viaires<\/a><\/li>\n<li id=\"menu-item-71015\" class=\"menu-item menu-item-type-post_type menu-item-object-page menu-item-71015\"><a href=\"https:\/\/www.auzeau.fr\/39-45\/france\/78-yvelines\/78-les-mesnuls\/\">78 \u2013 Les Mesnuls<\/a><\/li>\n<li id=\"menu-item-68160\" class=\"menu-item menu-item-type-post_type menu-item-object-page menu-item-68160\"><a href=\"https:\/\/www.auzeau.fr\/39-45\/france\/78-yvelines\/78-mareil-le-guyon\/\">78 \u2013 Mareil-le-Guyon<\/a><\/li>\n<li id=\"menu-item-60585\" class=\"menu-item menu-item-type-post_type menu-item-object-page menu-item-60585\"><a href=\"https:\/\/www.auzeau.fr\/39-45\/france\/78-yvelines\/78-mantes-la-jolie\/\">78 \u2013 Mantes-la-Jolie Cimeti\u00e8re de Gassicourt<\/a><\/li>\n<li id=\"menu-item-60586\" class=\"menu-item menu-item-type-post_type menu-item-object-page menu-item-60586\"><a href=\"https:\/\/www.auzeau.fr\/39-45\/france\/78-yvelines\/78-mantes-la-ville\/\">78 \u2013 Mantes-la-Ville<\/a><\/li>\n<li id=\"menu-item-71014\" class=\"menu-item menu-item-type-post_type menu-item-object-page menu-item-71014\"><a href=\"https:\/\/www.auzeau.fr\/39-45\/france\/78-yvelines\/78-marly-le-roi\/\">78 \u2013 Marly-le-Roi<\/a><\/li>\n<li id=\"menu-item-60587\" class=\"menu-item menu-item-type-post_type menu-item-object-page menu-item-60587\"><a href=\"https:\/\/www.auzeau.fr\/39-45\/france\/78-yvelines\/78-montchauvet\/\">78 \u2013 Montchauvet<\/a><\/li>\n<li id=\"menu-item-71061\" class=\"menu-item menu-item-type-post_type menu-item-object-page menu-item-71061\"><a href=\"https:\/\/www.auzeau.fr\/39-45\/france\/78-yvelines\/78-perdreauville\/\">78 \u2013 Perdreauville<\/a><\/li>\n<li id=\"menu-item-71013\" class=\"menu-item menu-item-type-post_type menu-item-object-page menu-item-71013\"><a href=\"https:\/\/www.auzeau.fr\/39-45\/france\/78-yvelines\/78-plaisir\/\">78 \u2013 Plaisir<\/a><\/li>\n<li id=\"menu-item-60588\" class=\"menu-item menu-item-type-post_type menu-item-object-page menu-item-60588\"><a href=\"https:\/\/www.auzeau.fr\/39-45\/france\/78-yvelines\/78-poigny-la-foret\/\">78 \u2013 Poigny-la-For\u00eat<\/a><\/li>\n<li id=\"menu-item-71012\" class=\"menu-item menu-item-type-post_type menu-item-object-page menu-item-71012\"><a href=\"https:\/\/www.auzeau.fr\/39-45\/france\/78-yvelines\/78-saint-germain-en-laye\/\">78 \u2013 Saint-Germain-en-Laye<\/a><\/li>\n<li id=\"menu-item-60589\" class=\"menu-item menu-item-type-post_type menu-item-object-page menu-item-60589\"><a href=\"https:\/\/www.auzeau.fr\/39-45\/france\/78-yvelines\/78-saint-hilarion\/\">78 \u2013 Saint-Hilarion<\/a><\/li>\n<li id=\"menu-item-68167\" class=\"menu-item menu-item-type-post_type menu-item-object-page menu-item-68167\"><a href=\"https:\/\/www.auzeau.fr\/39-45\/france\/78-yvelines\/78-rambouillet\/\">78 \u2013 Rambouillet<\/a><\/li>\n<li id=\"menu-item-60590\" class=\"menu-item menu-item-type-post_type menu-item-object-page menu-item-60590\"><a href=\"https:\/\/www.auzeau.fr\/39-45\/france\/78-yvelines\/78-tacoignieres\/\">78 \u2013 Tacoigni\u00e8res<\/a><\/li>\n<li id=\"menu-item-60591\" class=\"menu-item menu-item-type-post_type menu-item-object-page menu-item-60591\"><a href=\"https:\/\/www.auzeau.fr\/39-45\/france\/78-yvelines\/78-thoiry\/\">78 \u2013 Thoiry<\/a><\/li>\n<li id=\"menu-item-71011\" class=\"menu-item menu-item-type-post_type menu-item-object-page menu-item-71011\"><a href=\"https:\/\/www.auzeau.fr\/39-45\/france\/78-yvelines\/78-versailles\/\">78 \u2013 Versailles<\/a><\/li>\n<li id=\"menu-item-71035\" class=\"menu-item menu-item-type-post_type menu-item-object-page menu-item-71035\"><a href=\"https:\/\/www.auzeau.fr\/39-45\/france\/78-yvelines\/78-viroflay\/\">78 \u2013 Viroflay<\/a><\/li>\n<\/ul>\n<script type=\"text\/javascript\"> toolTips('.classtoolTips19','Flying Officer'); <\/script><script type=\"text\/javascript\"> toolTips('.classtoolTips45','Royal Air Force Volunteer Reserve'); <\/script><script type=\"text\/javascript\"> toolTips('.classtoolTips98','Colonel'); <\/script><script type=\"text\/javascript\"> toolTips('.classtoolTips110','Tu\u00e9 au combat<br\/><br\/>Killed In Action'); <\/script><script type=\"text\/javascript\"> toolTips('.classtoolTips118','Canonnier'); <\/script><script type=\"text\/javascript\"> toolTips('.classtoolTips138','<strong>Piste Avanc\u00e9e d\\'Aviation<\/strong><br\/><br\/>A\u00e9rodromes temporaires construits par les Alli\u00e9s au cours de la Seconde Guerre mondiale durant la lib\u00e9ration de l\\'Europe.<br\/><br\/><strong>Advanced Landing Ground<\/strong><br\/><br\/>Temporary advance airfields constructed by the Allies during World War II during the liberation of Europe.'); <\/script><script type=\"text\/javascript\"> toolTips('.classtoolTips144','Royal Corps of Signals'); <\/script><script type=\"text\/javascript\"> toolTips('.classtoolTips146','Royal Air Force'); <\/script><script type=\"text\/javascript\"> toolTips('.classtoolTips151','Pilote<br\/><br\/>Pilot'); <\/script><script type=\"text\/javascript\"> toolTips('.classtoolTips153','Porucznik'); <\/script><script type=\"text\/javascript\"> toolTips('.classtoolTips185','Mitrailleur<br\/><br\/>Air Gunner'); <\/script><script type=\"text\/javascript\"> toolTips('.classtoolTips188','Bombardier<br\/><br\/>Air bomber'); <\/script><script type=\"text\/javascript\"> toolTips('.classtoolTips195','Enseigne de Vaisseau'); <\/script><script type=\"text\/javascript\"> toolTips('.classtoolTips197','Aircraftman'); <\/script><script type=\"text\/javascript\"> toolTips('.classtoolTips199','Radio Officer'); <\/script><script type=\"text\/javascript\"> toolTips('.classtoolTips201','Lieutenant'); <\/script>","protected":false},"excerpt":{"rendered":"<p>P51 Mustang FB166 QV- 19 Sqn Date : 07 ao\u00fbt 1944 Mission : Patrouille au-dessus de la Seine D\u00e9collage : ALG B12 \u00e0 Ellon (14) \u00e0 13:25 Causes de la perte : Vu explosant en vol durant l&#8217;attaque d&#8217;une barge sur la Seine Lieu de la perte : Mantes-la-jolie (78) Fg Off Dennis Frederick HART [&hellip;]<\/p>\n","protected":false},"author":1,"featured_media":0,"parent":107,"menu_order":0,"comment_status":"closed","ping_status":"closed","template":"template-full-width P-51.php","meta":{"_lmt_disableupdate":"yes","_lmt_disable":"","footnotes":""},"categories":[581],"tags":[880],"wf_page_folders":[3116],"class_list":["post-9494","page","type-page","status-publish","hentry","category-p51-mustang","tag-19-squadron"],"_links":{"self":[{"href":"https:\/\/www.auzeau.fr\/39-45\/wp-json\/wp\/v2\/pages\/9494","targetHints":{"allow":["GET"]}}],"collection":[{"href":"https:\/\/www.auzeau.fr\/39-45\/wp-json\/wp\/v2\/pages"}],"about":[{"href":"https:\/\/www.auzeau.fr\/39-45\/wp-json\/wp\/v2\/types\/page"}],"author":[{"embeddable":true,"href":"https:\/\/www.auzeau.fr\/39-45\/wp-json\/wp\/v2\/users\/1"}],"replies":[{"embeddable":true,"href":"https:\/\/www.auzeau.fr\/39-45\/wp-json\/wp\/v2\/comments?post=9494"}],"version-history":[{"count":0,"href":"https:\/\/www.auzeau.fr\/39-45\/wp-json\/wp\/v2\/pages\/9494\/revisions"}],"up":[{"embeddable":true,"href":"https:\/\/www.auzeau.fr\/39-45\/wp-json\/wp\/v2\/pages\/107"}],"wp:attachment":[{"href":"https:\/\/www.auzeau.fr\/39-45\/wp-json\/wp\/v2\/media?parent=9494"}],"wp:term":[{"taxonomy":"category","embeddable":true,"href":"https:\/\/www.auzeau.fr\/39-45\/wp-json\/wp\/v2\/categories?post=9494"},{"taxonomy":"post_tag","embeddable":true,"href":"https:\/\/www.auzeau.fr\/39-45\/wp-json\/wp\/v2\/tags?post=9494"},{"taxonomy":"wf_page_folders","embeddable":true,"href":"https:\/\/www.auzeau.fr\/39-45\/wp-json\/wp\/v2\/wf_page_folders?post=9494"}],"curies":[{"name":"wp","href":"https:\/\/api.w.org\/{rel}","templated":true}]}}