{"id":93707,"date":"2020-08-18T10:13:13","date_gmt":"2020-08-18T08:13:13","guid":{"rendered":"http:\/\/39-45.auzeau.fr\/?page_id=93707"},"modified":"2020-03-01T10:15:04","modified_gmt":"2020-03-01T09:15:04","slug":"infos-legales-contact","status":"publish","type":"page","link":"https:\/\/www.auzeau.fr\/39-45\/infos-legales-contact\/","title":{"rendered":"Infos l\u00e9gales \/ Contact"},"content":{"rendered":"\t\t<div data-elementor-type=\"wp-post\" data-elementor-id=\"93707\" class=\"elementor elementor-93707\">\n\t\t\t\t\t\t<section class=\"elementor-section elementor-top-section elementor-element elementor-element-020cfa2 elementor-section-boxed elementor-section-height-default elementor-section-height-default\" data-id=\"020cfa2\" data-element_type=\"section\" data-e-type=\"section\">\n\t\t\t\t\t\t<div class=\"elementor-container elementor-column-gap-default\">\n\t\t\t\t\t<div class=\"elementor-column elementor-col-50 elementor-top-column elementor-element elementor-element-6e60e43\" data-id=\"6e60e43\" data-element_type=\"column\" data-e-type=\"column\">\n\t\t\t<div class=\"elementor-widget-wrap elementor-element-populated\">\n\t\t\t\t\t\t<div class=\"elementor-element elementor-element-6594fa0 elementor-widget elementor-widget-text-editor\" data-id=\"6594fa0\" data-element_type=\"widget\" data-e-type=\"widget\" data-widget_type=\"text-editor.default\">\n\t\t\t\t<div class=\"elementor-widget-container\">\n\t\t\t\t\t\t\t\t\t<h3><span style=\"color: #000000;\"><strong>Termes et conditions d&#8217;utilisation du site<\/strong><\/span><\/h3><h3><em>Terms and conditions of use of the site<\/em><\/h3><ul><li><span style=\"color: #000000; background-color: #ffff00;\"><span class=\"\" title=\"\"><strong>Vous ne pouvez utiliser certaines photos du site que pour votre usage personnel et non commercial (voir ci-dessous sources des illustrations).<\/strong><\/span><\/span><br \/><ul style=\"list-style-type: circle;\"><li><span style=\"background-color: #ffff00;\"><strong><em><span style=\"color: #000000;\">You may only use some photos on the site for your personal, non-<\/span><\/em><\/strong><\/span><span style=\"background-color: #ffff00;\"><strong><em><span style=\"color: #000000;\">commercial use (see below sources of illustrations).<\/span><\/em><\/strong><\/span><\/li><\/ul><\/li><\/ul><ul><li>Les textes et informations contenus dans le site (\u00e0 l&#8217;exception des photos voir ci-dessus) sont librement r\u00e9utilisables. Ces informations sont donn\u00e9es \u00e0 titre purement indicatif et peuvent \u00eatre incompl\u00e8tes.<\/li><\/ul><ul><li>Les marques cit\u00e9es ou visibles sur ce site sont d\u00e9pos\u00e9es par les soci\u00e9t\u00e9s qui en sont propri\u00e9taires.<\/li><\/ul><ul><li>La mise en place d\u2019un lien hypertexte pointant vers le site est autoris\u00e9, sous r\u00e9serve :<br \/><ul style=\"list-style-type: circle;\"><li>Que les pages du site ne doivent pas \u00eatre imbriqu\u00e9es \u00e0 l\u2019int\u00e9rieur des pages d\u2019un autre site, mais accessible par l\u2019ouverture d\u2019une fen\u00eatre.<\/li><li>Mentionner la source qui pointera gr\u00e2ce \u00e0 un lien hypertexte directement sur le contenu vis\u00e9.<\/li><li>Les informations utilis\u00e9es ne doivent l\u2019\u00eatre qu\u2019\u00e0 des fins personnelles ou associatives ; toute utilisation \u00e0 des fins professionnelles, commerciales ou publicitaires est exclue.<\/li><li>Cette autorisation ne s\u2019applique pas aux sites internet diffusant des informations \u00e0 caract\u00e8re pol\u00e9mique, pornographique, x\u00e9nophobe ou pouvant, dans une plus large mesure porter atteinte \u00e0 la sensibilit\u00e9 du plus grand nombre.<\/li><\/ul><\/li><\/ul>\t\t\t\t\t\t\t\t<\/div>\n\t\t\t\t<\/div>\n\t\t\t\t\t<\/div>\n\t\t<\/div>\n\t\t\t\t<div class=\"elementor-column elementor-col-50 elementor-top-column elementor-element elementor-element-9c247b6\" data-id=\"9c247b6\" data-element_type=\"column\" data-e-type=\"column\" data-settings=\"{&quot;background_background&quot;:&quot;classic&quot;}\">\n\t\t\t<div class=\"elementor-widget-wrap elementor-element-populated\">\n\t\t\t\t\t\t<div class=\"elementor-element elementor-element-3ce44ba elementor-widget elementor-widget-shortcode\" data-id=\"3ce44ba\" data-element_type=\"widget\" data-e-type=\"widget\" data-widget_type=\"shortcode.default\">\n\t\t\t\t<div class=\"elementor-widget-container\">\n\t\t\t\t\t\t\t<div class=\"elementor-shortcode\">        <script type=\"text\/javascript\">\n         function cp_contactformtoemail_pform_doValidate_1(form)\n         {\n            document.cp_contactformtoemail_pform_1.cp_ref_page.value = document.location;\n            $dexQuery = jQuery.noConflict();            if (document.cp_contactformtoemail_pform_1.hdcaptcha_cp_contactformtoemail_post.value == '') { setTimeout( \"cp_contactformtoemail_cerror_1()\", 100); return false; }\n            var result = $dexQuery.ajax({ type: \"GET\", url: \"\/39-45?ps=_1&cp_contactformtoemail_pform_process=2&cp_contactformtoemail_id=1&inAdmin=1&ps=_1&hdcaptcha_cp_contactformtoemail_post=\"+document.cp_contactformtoemail_pform_1.hdcaptcha_cp_contactformtoemail_post.value, async: false }).responseText;\n            if (result.indexOf(\"captchafailed\") != -1) {\n                $dexQuery(\"#captchaimg_1\").attr('src', $dexQuery(\"#captchaimg_1\").attr('src')+'&'+Math.floor((Math.random() * 99999) + 1));\n                setTimeout( \"cp_contactformtoemail_cerror_1()\", 100);\n                return false;\n            } else             {\n                var cpefb_error = 0;\n                $dexQuery(\"#cp_contactformtoemail_pform_1\").find(\".cpefb_error\").each(function(index){\n                    if ($dexQuery(this).css(\"display\")!=\"none\")\n                        cpefb_error++;\n                    });\n                if (cpefb_error) return false;\n                if (document.cp_contactformtoemail_pform_1.cp_contactformtoemail_pform_status.value != '0')\n                           return false;\n                document.getElementById(\"refpage_1\").value = document.location;\n                cfte_blink(\".pbSubmit\");\n                document.cp_contactformtoemail_pform_1.cp_contactformtoemail_pform_status.value = '2';return true;            }\n         }\n         function cfte_blink(selector){\n                 try {\n                     $dexQuery = jQuery.noConflict();\n                     $dexQuery(selector).fadeOut(700, function(){\n                         $dexQuery(this).fadeIn(700, function(){\n                             try {\n                                 if (document.cp_contactformtoemail_pform_1.cp_contactformtoemail_pform_status.value != '0')\n                                     cfte_blink(this);\n                             } catch (e) {}\n                         });\n                     });\n                 } catch (e) {}\n         }\n         function cp_contactformtoemail_cerror_1(){$dexQuery = jQuery.noConflict();$dexQuery(\"#hdcaptcha_error_1\").css('top',$dexQuery(\"#hdcaptcha_cp_contactformtoemail_post_1\").outerHeight());$dexQuery(\"#hdcaptcha_error_1\").css(\"display\",\"inline\");}\n        <\/script>\n        <div id=\"cftedialog\" style=\"display:none;\">Thank you.<\/div>\n        <form class=\"cpp_form no-prefetch\" name=\"cp_contactformtoemail_pform_1\" id=\"cp_contactformtoemail_pform_1\" action=\"\/39-45\/infos-legales-contact\/?ahbnocache=441425\" method=\"post\" enctype=\"multipart\/form-data\" onsubmit=\"return cp_contactformtoemail_pform_doValidate_1(this);\"><input type=\"hidden\" name=\"cp_pform_psequence\" value=\"_1\" \/><input type=\"hidden\" name=\"cp_contactformtoemail_pform_process\" value=\"1\" \/><input type=\"hidden\" name=\"cp_contactformtoemail_id\" value=\"1\" \/><input type=\"hidden\" name=\"cp_ref_page\" value=\"\" \/><input type=\"hidden\" name=\"form_structure_1\" id=\"form_structure_1\" size=\"180\" value=\"[[{&quot;name&quot;:&quot;fieldname1&quot;,&quot;index&quot;:0,&quot;title&quot;:&quot;Votre nom :&quot;,&quot;shortlabel&quot;:&quot;&quot;,&quot;ftype&quot;:&quot;ftext&quot;,&quot;userhelp&quot;:&quot;&quot;,&quot;userhelpTooltip&quot;:&quot;&quot;,&quot;csslayout&quot;:&quot;&quot;,&quot;predefined&quot;:&quot;&quot;,&quot;predefinedClick&quot;:false,&quot;required&quot;:false,&quot;size&quot;:&quot;medium&quot;,&quot;minlength&quot;:&quot;&quot;,&quot;maxlength&quot;:&quot;&quot;,&quot;equalTo&quot;:&quot;&quot;},{&quot;name&quot;:&quot;email&quot;,&quot;index&quot;:1,&quot;title&quot;:&quot;Votre adresse \\u00e9lectronique :&quot;,&quot;ftype&quot;:&quot;femail&quot;,&quot;userhelp&quot;:&quot;&quot;,&quot;csslayout&quot;:&quot;&quot;,&quot;required&quot;:true,&quot;predefined&quot;:&quot;&quot;,&quot;size&quot;:&quot;medium&quot;,&quot;shortlabel&quot;:&quot;&quot;,&quot;userhelpTooltip&quot;:&quot;&quot;,&quot;predefinedClick&quot;:false,&quot;equalTo&quot;:&quot;&quot;},{&quot;name&quot;:&quot;subject&quot;,&quot;index&quot;:2,&quot;title&quot;:&quot;Objet du message :&quot;,&quot;required&quot;:false,&quot;ftype&quot;:&quot;ftext&quot;,&quot;userhelp&quot;:&quot;&quot;,&quot;csslayout&quot;:&quot;&quot;,&quot;predefined&quot;:&quot;&quot;,&quot;size&quot;:&quot;medium&quot;,&quot;shortlabel&quot;:&quot;&quot;,&quot;userhelpTooltip&quot;:&quot;&quot;,&quot;predefinedClick&quot;:false,&quot;minlength&quot;:&quot;&quot;,&quot;maxlength&quot;:&quot;&quot;,&quot;equalTo&quot;:&quot;&quot;},{&quot;name&quot;:&quot;message&quot;,&quot;index&quot;:3,&quot;size&quot;:&quot;large&quot;,&quot;required&quot;:true,&quot;title&quot;:&quot;Votre message :&quot;,&quot;ftype&quot;:&quot;ftextarea&quot;,&quot;userhelp&quot;:&quot;&quot;,&quot;csslayout&quot;:&quot;&quot;,&quot;predefined&quot;:&quot;\\u00e9crivez ici votre message\\n\\n\\n\\n\\n\\n\\n\\n\\n\\n&quot;,&quot;shortlabel&quot;:&quot;&quot;,&quot;userhelpTooltip&quot;:&quot;1&quot;,&quot;predefinedClick&quot;:true,&quot;minlength&quot;:&quot;5&quot;,&quot;maxlength&quot;:&quot;&quot;},{&quot;name&quot;:&quot;fieldname2&quot;,&quot;index&quot;:4,&quot;message&quot;:&quot;Gestion des donn\\u00e9es personnelles\\nLes donn\\u00e9es personnelles recueillies sur le site r\\u00e9sultent de la communication volontaire lors du d\\u00e9p\\u00f4t d\\u2019un message \\u00e9lectronique (informations non stock\\u00e9es).\\nLes donn\\u00e9es ainsi recueillies ne servent qu\\u2019\\u00e0 transmettre les \\u00e9l\\u00e9ments d\\u2019information demand\\u00e9s. Les donn\\u00e9es collect\\u00e9es ne feront l\\u2019objet d\\u2019aucune cession \\u00e0 des tiers ni d\\u2019aucun autre traitement.&quot;,&quot;shortlabel&quot;:&quot;&quot;,&quot;ftype&quot;:&quot;facceptance&quot;,&quot;userhelp&quot;:&quot;&quot;,&quot;userhelpTooltip&quot;:&quot;&quot;,&quot;csslayout&quot;:&quot;&quot;,&quot;title&quot;:&quot;Accept terms and conditions&quot;,&quot;value&quot;:&quot;I accept&quot;,&quot;required&quot;:true,&quot;url&quot;:&quot;&quot;}],[{&quot;title&quot;:&quot;Formulaire de Contact&quot;,&quot;description&quot;:&quot;Les champs marqu\\u00e9s d&#039;un * impliquent une r\\u00e9ponse obligatoire&quot;,&quot;formlayout&quot;:&quot;top_aligned&quot;}]]\" \/><input type=\"hidden\" name=\"refpage_1\" id=\"refpage_1\" value=\"\"><input type=\"hidden\" name=\"cp_contactformtoemail_pform_status\" value=\"0\" \/><input name=\"anonce\" type=\"hidden\" value=\"d8a806bb56\"\/><input name=\"cftehp\" id=\"cftehp_1\" type=\"hidden\" value=\"1\"\/>\r\n<div id=\"fbuilder\">    \r\n    <div id=\"fbuilder_1\">\r\n        <div id=\"formheader_1\"><\/div>\r\n        <div id=\"fieldlist_1\"><\/div>\r\n    <\/div>\r\n<\/div>    \r\n<div style=\"display:none\">\r\n<input name=\"cftecontrolmessage\" type=\"text\" value=\"\"\/> \r\n<div id=\"cpcaptchalayer_1\" class=\"cpcaptchalayer\">\r\n  Code de s\u00e9curit\u00e9:<br \/>\r\n  <img decoding=\"async\" src=\"\/39-45?cp_contactformtoemail_captcha=captcha&ps=_1&inAdmin=1&width=400&height=120&letter_count=8&min_size=30&max_size=25&noise=400&noiselength=100&bcolor=ffffff&border=000000&font=font2\"  id=\"captchaimg_1\" alt=\"security code\" border=\"0\" class=\"skip-lazy\"  \/>\r\n  <br \/>Merci d&#039;entrer le code de s\u00e9curit\u00e9:<br \/>\r\n  <div class=\"dfield\"><input type=\"text\" size=\"20\" name=\"hdcaptcha_cp_contactformtoemail_post\" id=\"hdcaptcha_cp_contactformtoemail_post_1\" value=\"\" \/>\r\n  <div class=\"cpefb_error message\" id=\"hdcaptcha_error_1\" generated=\"true\" style=\"display:none;position: absolute; left: 0px; top: 25px;\">Erreur dans le code de s\u00e9curit\u00e9.<\/div>\r\n  <\/div><br \/>  \r\n<\/div>\r\n<\/div>\r\n<div id=\"cp_subbtn_1\" class=\"cp_subbtn\">Envoyer<\/div>\r\n<\/form>\r\n<script>\r\ntry{document.getElementById(\"cftehp_1\").value=\"25\";}catch(e){}\r\n<\/script>\r\n<\/div>\n\t\t\t\t\t\t<\/div>\n\t\t\t\t<\/div>\n\t\t\t\t\t<\/div>\n\t\t<\/div>\n\t\t\t\t\t<\/div>\n\t\t<\/section>\n\t\t\t\t<section class=\"elementor-section elementor-top-section elementor-element elementor-element-eb73f43 elementor-section-boxed elementor-section-height-default elementor-section-height-default\" data-id=\"eb73f43\" data-element_type=\"section\" data-e-type=\"section\">\n\t\t\t\t\t\t<div class=\"elementor-container elementor-column-gap-default\">\n\t\t\t\t\t<div class=\"elementor-column elementor-col-100 elementor-top-column elementor-element elementor-element-be270da\" data-id=\"be270da\" data-element_type=\"column\" data-e-type=\"column\">\n\t\t\t<div class=\"elementor-widget-wrap elementor-element-populated\">\n\t\t\t\t\t\t<div class=\"elementor-element elementor-element-b4fce70 elementor-widget elementor-widget-text-editor\" data-id=\"b4fce70\" data-element_type=\"widget\" data-e-type=\"widget\" data-widget_type=\"text-editor.default\">\n\t\t\t\t<div class=\"elementor-widget-container\">\n\t\t\t\t\t\t\t\t\t<ul>\n \t<li><strong>Sources des illustrations :<\/strong><\/li>\n<\/ul>\n<table class=\" aligncenter\" style=\"width: 100%;\">\n<tbody>\n<tr>\n<td style=\"width: 30.3411%;\"><strong>Photos des s\u00e9pultures <\/strong>(<span class=\"tlid-translation translation\" lang=\"en\"><span class=\"\" title=\"\">Photos of the graves<\/span><\/span>)<strong> :<\/strong><\/td>\n<td style=\"width: 17.2352%;\"><strong><img decoding=\"async\" class=\"aligncenter wp-image-65843 size-full\" title=\"copyright\" src=\"https:\/\/www.auzeau.fr\/39-45\/wp-content\/uploads\/images\/liens-ext\/copyright.jpg\" alt=\"\" width=\"88\" height=\"38\" \/><\/strong><\/td>\n<td style=\"width: 15.6194%;\" colspan=\"2\"><span style=\"font-size: 8pt; background-color: #ffff00;\">Les photos sont la propri\u00e9t\u00e9 de leur auteur. Vous ne pouvez utiliser les photos uniquement pour votre usage personnel.<\/span>\n<span style=\"font-size: 8pt; background-color: #ffff00;\"><span class=\"JLqJ4b ChMk0b\" data-language-for-alternatives=\"en\" data-language-to-translate-into=\"fr\" data-phrase-index=\"0\" data-number-of-phrases=\"2\"><span class=\"Q4iAWc\">The photos are the property of their author.<\/span><\/span> <span class=\"JLqJ4b ChMk0b\" data-language-for-alternatives=\"en\" data-language-to-translate-into=\"fr\" data-phrase-index=\"1\" data-number-of-phrases=\"2\"><span class=\"Q4iAWc\">You may only use the photos for your personal use<\/span><\/span>.<\/span>\n<strong><a href=\"https:\/\/www.auzeau.fr\/39-45\/merci-aux-contributeurs-du-site\/\">Contributeurs (<span class=\"HwtZe\" lang=\"en\"><span class=\"jCAhz ChMk0b\"><span class=\"ryNqvb\">contributors<\/span><\/span><\/span>)<\/a>\n<\/strong><\/td>\n<\/tr>\n<tr style=\"height: 24px;\">\n<td style=\"height: 24px; width: 97.8456%;\" colspan=\"4\"><strong>Images du mat\u00e9riel militaire <\/strong>(avions, v\u00e9hicules,&#8230;..)<strong> :<\/strong><\/td>\n<\/tr>\n<tr style=\"height: 26px;\">\n<td style=\"height: 26px; width: 30.3411%;\">Photos noir et blanc (sauf mention contraire) :<\/td>\n<td style=\"height: 26px; width: 17.2352%;\"><a class=\"lien_ext\" href=\"https:\/\/www.awm.gov.au\/\" target=\"_blank\" rel=\"noopener\">Australian War Memorial<\/a><\/td>\n<td style=\"height: 26px; width: 15.6194%;\"><img decoding=\"async\" class=\"aligncenter wp-image-65842 size-full\" title=\"https:\/\/creativecommons.org\/publicdomain\/mark\/1.0\/deed.fr\" src=\"https:\/\/www.auzeau.fr\/39-45\/wp-content\/uploads\/images\/liens-ext\/Public-domain-88x31.png\" alt=\"\" width=\"88\" height=\"31\" \/><\/td>\n<td style=\"width: 34.6499%; height: 26px;\"><\/td>\n<\/tr>\n<tr style=\"height: 24px;\">\n<td style=\"height: 24px; width: 30.3411%;\">Photos couleurs (sauf mentions contraire) :<\/td>\n<td style=\"width: 17.2352%;\"><strong><img decoding=\"async\" class=\"aligncenter wp-image-65843 size-full\" title=\"copyright\" src=\"https:\/\/www.auzeau.fr\/39-45\/wp-content\/uploads\/images\/liens-ext\/copyright.jpg\" alt=\"\" width=\"88\" height=\"38\" \/><\/strong><\/td>\n<td style=\"width: 50.2693%; height: 24px;\" colspan=\"2\"><span style=\"font-size: 8pt; background-color: #ffff00;\"><span class=\"tlid-translation translation\" lang=\"fr\"><span class=\"\" title=\"\">Vous ne pouvez utiliser la photo <span style=\"color: #000000;\">uniquement pour votre usage personnel<\/span><\/span><\/span><\/span>\n<span style=\"font-size: 8pt;\"><span style=\"background-color: #ffff00;\">You may only use the photo <\/span><span style=\"color: #000000; background-color: #ffff00;\">for your personal use\n<\/span><\/span><\/td>\n<\/tr>\n<\/tbody>\n<\/table>\n<table class=\" aligncenter\" style=\"width: 100%;\">\n<tbody>\n<tr style=\"height: 24px;\">\n<td style=\"height: 24px; width: 48.616%;\" colspan=\"2\"><strong>Images des d\u00e9corations militaires :<\/strong><\/td>\n<td style=\"height: 24px; width: 16.006%;\"><\/td>\n<td style=\"width: 97.8415%; height: 24px;\"><\/td>\n<\/tr>\n<tr style=\"height: 24px;\">\n<td style=\"height: 24px; width: 31.0915%;\">Fran\u00e7aises Source :<\/td>\n<td style=\"height: 24px; width: 17.5245%;\"><a class=\"lien_ext\" href=\"http:\/\/fr.wikipedia.org\/wiki\/D%C3%A9corations_militaires_%28France%29\" target=\"_blank\" rel=\"noopener\">WIKIPEDIA<\/a><\/td>\n<td style=\"height: 24px; width: 16.006%; text-align: center; vertical-align: middle;\" rowspan=\"5\"><a href=\"https:\/\/creativecommons.org\/licenses\/by-sa\/3.0\/deed.fr\" target=\"_blank\" rel=\"noopener\"><img decoding=\"async\" class=\"aligncenter wp-image-65844 size-full\" title=\"CC BY-SA 3.0\" src=\"https:\/\/www.auzeau.fr\/39-45\/wp-content\/uploads\/images\/liens-ext\/by.png\" alt=\"CC BY-SA 3.0\" width=\"88\" height=\"35\" \/><\/a><\/td>\n<td style=\"width: 97.8415%; height: 24px;\"><\/td>\n<\/tr>\n<tr style=\"height: 24px;\">\n<td style=\"height: 24px; width: 31.0915%;\">Britaniques Source :<\/td>\n<td style=\"height: 24px; width: 17.5245%;\"><a class=\"lien_ext\" href=\"http:\/\/en.wikipedia.org\/wiki\/Orders,_decorations,_and_medals_of_the_United_Kingdom\" target=\"_blank\" rel=\"noopener\">WIKIPEDIA<\/a><\/td>\n<td style=\"width: 97.8415%; height: 24px;\"><\/td>\n<\/tr>\n<tr style=\"height: 24px;\">\n<td style=\"height: 24px; width: 31.0915%;\">Am\u00e9ricaines Source :<\/td>\n<td style=\"height: 24px; width: 17.5245%;\"><a class=\"lien_ext\" href=\"http:\/\/en.wikipedia.org\/wiki\/Awards_and_decorations_of_the_United_States_military\" target=\"_blank\" rel=\"noopener\">WIKIPEDIA<\/a><\/td>\n<td style=\"width: 97.8415%; height: 24px;\"><\/td>\n<\/tr>\n<tr style=\"height: 24px;\">\n<td style=\"height: 24px; width: 31.0915%;\">Polonaises Source :<\/td>\n<td style=\"height: 24px; width: 17.5245%;\"><a class=\"lien_ext\" href=\"http:\/\/en.wikipedia.org\/wiki\/Cross_of_Valor_%28Poland%29\">WIKIPEDIA<\/a><\/td>\n<td style=\"width: 97.8415%; height: 24px;\"><\/td>\n<\/tr>\n<tr style=\"height: 24px;\">\n<td style=\"height: 24px; width: 31.0915%;\">Holandaises Source :<\/td>\n<td style=\"height: 24px; width: 17.5245%;\"><a class=\"lien_ext\" href=\"http:\/\/en.wikipedia.org\/wiki\/Category:Military_awards_and_decorations_of_the_Netherlands\" target=\"_blank\" rel=\"noopener\">WIKIPEDIA<\/a><\/td>\n<td style=\"width: 97.8415%; height: 24px;\"><\/td>\n<\/tr>\n<\/tbody>\n<\/table>\n<h2><strong>Infos Cookies<\/strong><\/h2>\n<div><\/div>\n<ul>\n \t<li>La navigation sur le site ne provoque pas l\u2019installation de cookie(s) sur l\u2019ordinateur de l\u2019utilisateur.<\/li>\n \t<li>Le site n&#8217;affichant aucune publicit\u00e9 et n&#8217;utilisant aucun bouton des divers r\u00e9seaux sociaux, aucun cookie de ce type n&#8217;est utilis\u00e9 sur le site.<\/li>\n \t<li>La plupart des navigateurs acceptent automatiquement les cookies, <strong>mais ils fournissent des contr\u00f4les pour vous permettre de les bloquer ou de les supprimer.<\/strong>\n(<em>Veuillez consulter l&#8217;aide de votre navigateur<\/em>)<\/li>\n<\/ul>\n<p style=\"text-align: center;\"><em>\npour en savoir plus sur les cookies :\n<a class=\"lien_ext\" href=\"http:\/\/www.youronlinechoices.com\/fr\/\" target=\"_blank\" rel=\"noopener\">http:\/\/www.youronlinechoices.com\/fr\/<\/a> <a class=\"lien_ext\" href=\"http:\/\/www.allaboutcookies.org\/fr\/\" target=\"_blank\" rel=\"noopener\">http:\/\/www.allaboutcookies.org\/fr\/<\/a> <a class=\"lien_ext\" href=\"http:\/\/www.cnil.fr\/vos-droits\/vos-traces\/les-cookies\/\" target=\"_blank\" rel=\"noopener\">http:\/\/www.cnil.fr\/vos-droits\/vos-traces\/les-cookies\/<\/a><\/em><\/p>\n\n\n<hr \/>\n\n\n\n<hr \/>\n\n<table style=\"width: 100%; margin-left: auto; margin-right: auto;\" border=\"0\">\n<tbody>\n<tr>\n<td style=\"width: 33%; text-align: center; vertical-align: top;\"><strong>INFOS H\u00c9BERGEUR<\/strong>\n\n<a class=\"lien_ext\" href=\"https:\/\/www.strato.fr\/\" target=\"_blank\" rel=\"noopener\"><strong>STRATO <span class='tooltipsall tooltipsincontent classtoolTips185'>AG<\/span><\/strong><\/a>\n\nPascalstra\u00dfe 10,\n10587 Berlin\nAllemagne<\/td>\n<td style=\"text-align: center; vertical-align: top;\"><strong>Contact :<\/strong>\n\nutiliser le formulaire\ninclus dans cette page.<\/td>\n<td style=\"width: 33%; text-align: center; vertical-align: middle;\"><\/td>\n<\/tr>\n<\/tbody>\n<\/table>\n<p style=\"text-align: center;\"><em>Depuis le 01 novembre 2021 :<span style=\"color: #000000;\"> 51,685<\/span> visiteurs sont venus sur le site<\/em><\/p>\t\t\t\t\t\t\t\t<\/div>\n\t\t\t\t<\/div>\n\t\t\t\t\t<\/div>\n\t\t<\/div>\n\t\t\t\t\t<\/div>\n\t\t<\/section>\n\t\t\t\t<\/div>\n\t\t<script type=\"text\/javascript\"> toolTips('.classtoolTips52','Royal Electrical and Mechanical Engineers'); <\/script><script type=\"text\/javascript\"> toolTips('.classtoolTips63','Dispatcher'); <\/script><script type=\"text\/javascript\"> toolTips('.classtoolTips95','Leading Aircraftman'); <\/script><script type=\"text\/javascript\"> toolTips('.classtoolTips98','Colonel'); <\/script><script type=\"text\/javascript\"> toolTips('.classtoolTips114','Forces Fran\u00e7aises de l\\'Int\u00e9rieur'); <\/script><script type=\"text\/javascript\"> toolTips('.classtoolTips116','Navigateur<br\/><br\/>Navigator'); <\/script><script type=\"text\/javascript\"> toolTips('.classtoolTips133','<img class=\"aligncenter wp-image-66813 size-medium\" title=\"DCA 1\" src=\"https:\/\/www.auzeau.fr\/39-45\/wp-content\/uploads\/images\/Materiel\/DCA\/DCA-1-300x190.jpg\" alt=\"\" width=\"300\" height=\"190\" \/><br\/><br\/><img class=\"aligncenter wp-image-66814 size-medium\" title=\"DCA 2\" src=\"https:\/\/www.auzeau.fr\/39-45\/wp-content\/uploads\/images\/Materiel\/DCA\/DCA-2-300x190.jpg\" alt=\"\" width=\"300\" height=\"190\" \/><br\/><br\/><img class=\"aligncenter wp-image-66815 size-medium\" title=\"DCA 3\" src=\"https:\/\/www.auzeau.fr\/39-45\/wp-content\/uploads\/images\/Materiel\/DCA\/DCA-3-300x190.jpg\" alt=\"\" width=\"300\" height=\"190\" \/>'); <\/script><script type=\"text\/javascript\"> toolTips('.classtoolTips139','Section de Liaison A\u00e9rienne'); <\/script><script type=\"text\/javascript\"> toolTips('.classtoolTips150','Indemne<br\/><br\/>Unhurt'); <\/script><script type=\"text\/javascript\"> toolTips('.classtoolTips153','Porucznik'); <\/script><script type=\"text\/javascript\"> toolTips('.classtoolTips158','Midshipman'); <\/script><script type=\"text\/javascript\"> toolTips('.classtoolTips162','Telegraphist'); <\/script><script type=\"text\/javascript\"> toolTips('.classtoolTips169','Pointe'); <\/script><script type=\"text\/javascript\"> toolTips('.classtoolTips172','Admiral'); <\/script><script type=\"text\/javascript\"> toolTips('.classtoolTips185','Mitrailleur<br\/><br\/>Air Gunner'); <\/script><script type=\"text\/javascript\"> toolTips('.classtoolTips188','Bombardier<br\/><br\/>Air bomber'); <\/script><script type=\"text\/javascript\"> toolTips('.classtoolTips189','M\u00e9canicien volant<br\/><br\/>Flying Enginer'); <\/script><script type=\"text\/javascript\"> toolTips('.classtoolTips191','Ma\u00eetre'); <\/script><script type=\"text\/javascript\"> toolTips('.classtoolTips193','Royal Navy'); <\/script><script type=\"text\/javascript\"> toolTips('.classtoolTips196','second Ma\u00eetre'); <\/script><script type=\"text\/javascript\"> toolTips('.classtoolTips197','Aircraftman'); <\/script><script type=\"text\/javascript\"> toolTips('.classtoolTips199','Radio Officer'); <\/script><script type=\"text\/javascript\"> toolTips('.classtoolTips201','Lieutenant'); <\/script>","protected":false},"excerpt":{"rendered":"<p>Termes et conditions d&#8217;utilisation du site Terms and conditions of use of the site Vous ne pouvez utiliser certaines photos du site que pour votre usage personnel et non commercial (voir ci-dessous sources des illustrations). You may only use some photos on the site for your personal, non-commercial use (see below sources of illustrations). Les [&hellip;]<\/p>\n","protected":false},"author":1,"featured_media":0,"parent":0,"menu_order":0,"comment_status":"closed","ping_status":"closed","template":"","meta":{"_lmt_disableupdate":"yes","_lmt_disable":"","footnotes":""},"categories":[439],"tags":[],"wf_page_folders":[3163],"class_list":["post-93707","page","type-page","status-publish","hentry","category-1-classement"],"_links":{"self":[{"href":"https:\/\/www.auzeau.fr\/39-45\/wp-json\/wp\/v2\/pages\/93707","targetHints":{"allow":["GET"]}}],"collection":[{"href":"https:\/\/www.auzeau.fr\/39-45\/wp-json\/wp\/v2\/pages"}],"about":[{"href":"https:\/\/www.auzeau.fr\/39-45\/wp-json\/wp\/v2\/types\/page"}],"author":[{"embeddable":true,"href":"https:\/\/www.auzeau.fr\/39-45\/wp-json\/wp\/v2\/users\/1"}],"replies":[{"embeddable":true,"href":"https:\/\/www.auzeau.fr\/39-45\/wp-json\/wp\/v2\/comments?post=93707"}],"version-history":[{"count":0,"href":"https:\/\/www.auzeau.fr\/39-45\/wp-json\/wp\/v2\/pages\/93707\/revisions"}],"wp:attachment":[{"href":"https:\/\/www.auzeau.fr\/39-45\/wp-json\/wp\/v2\/media?parent=93707"}],"wp:term":[{"taxonomy":"category","embeddable":true,"href":"https:\/\/www.auzeau.fr\/39-45\/wp-json\/wp\/v2\/categories?post=93707"},{"taxonomy":"post_tag","embeddable":true,"href":"https:\/\/www.auzeau.fr\/39-45\/wp-json\/wp\/v2\/tags?post=93707"},{"taxonomy":"wf_page_folders","embeddable":true,"href":"https:\/\/www.auzeau.fr\/39-45\/wp-json\/wp\/v2\/wf_page_folders?post=93707"}],"curies":[{"name":"wp","href":"https:\/\/api.w.org\/{rel}","templated":true}]}}