{"id":7662,"date":"2017-08-18T17:35:08","date_gmt":"2017-08-18T15:35:08","guid":{"rendered":"http:\/\/www.auzeau.fr\/3945\/?page_id=7662"},"modified":"2023-07-15T16:07:06","modified_gmt":"2023-07-15T14:07:06","slug":"68-dessenheim","status":"publish","type":"page","link":"https:\/\/www.auzeau.fr\/39-45\/france\/68-haut-rhin\/68-dessenheim\/","title":{"rendered":"68 &#8211; Dessenheim"},"content":{"rendered":"<p><img fetchpriority=\"high\" decoding=\"async\" class=\"aligncenter size-full wp-image-58980\" title=\"Dessenheim\" src=\"https:\/\/www.auzeau.fr\/39-45\/wp-content\/uploads\/Cimetieres\/60 --\/68-Haut-Rhin\/Dessenheim\/Dessenheim.jpg\" alt=\"\" width=\"900\" height=\"450\" srcset=\"https:\/\/www.auzeau.fr\/39-45\/wp-content\/uploads\/Cimetieres\/60%20--\/68-Haut-Rhin\/Dessenheim\/Dessenheim.jpg 900w, https:\/\/www.auzeau.fr\/39-45\/wp-content\/uploads\/Cimetieres\/60%20--\/68-Haut-Rhin\/Dessenheim\/Dessenheim-300x150.jpg 300w, https:\/\/www.auzeau.fr\/39-45\/wp-content\/uploads\/Cimetieres\/60%20--\/68-Haut-Rhin\/Dessenheim\/Dessenheim-768x384.jpg 768w\" sizes=\"(max-width: 900px) 100vw, 900px\" \/><\/p>\n<table style=\"width: 100%;\" border=\"0\">\n<tbody>\n<tr>\n<td style=\"width: 5%;\"><\/td>\n<td style=\"width: 5%;\"><\/td>\n<td style=\"width: 5%;\"><\/td>\n<td style=\"width: 5%;\"><\/td>\n<td style=\"width: 5%;\"><\/td>\n<td style=\"width: 5%;\"><\/td>\n<td style=\"width: 5%;\"><\/td>\n<td style=\"width: 5%;\"><\/td>\n<td style=\"width: 5%;\"><\/td>\n<td style=\"width: 5%;\"><\/td>\n<td style=\"width: 5%;\"><\/td>\n<td style=\"width: 5%;\"><\/td>\n<td style=\"width: 5%;\"><\/td>\n<td style=\"width: 5%;\"><\/td>\n<td style=\"width: 5%;\"><\/td>\n<td style=\"width: 5%;\"><\/td>\n<td style=\"width: 5%;\"><\/td>\n<td style=\"width: 5%;\"><\/td>\n<td style=\"width: 5%;\"><\/td>\n<td style=\"width: 5%;\"><\/td>\n<\/tr>\n<tr>\n<td colspan=\"15\"><span style=\"color: #000000;\"><strong><span style=\"font-size: xx-large;\">P-47 Thunderbolt 42-20384<\/span><\/strong><\/span><\/td>\n<td style=\"text-align: center;\" colspan=\"5\"><strong><span style=\"font-size: xx-large;\">GC I\/5<\/span><\/strong><br \/>\n<strong>&#8220;CHAMPAGNE&#8221;<\/strong><\/td>\n<\/tr>\n<tr style=\"height: 40px;\">\n<td style=\"text-align: right;\" colspan=\"2\"><strong>Date :\u00a0<\/strong><\/td>\n<td colspan=\"5\"><em>04 f\u00e9vrier 1945<br \/>\n<\/em><\/td>\n<td style=\"text-align: right;\" colspan=\"3\"><strong>Mission :\u00a0<\/strong><\/td>\n<td colspan=\"10\"><em>OA-82 : attaque de colonnes ennemies\u00a0entre Neuf-Brisach (68) et Ensisheim (68)<\/em><\/td>\n<\/tr>\n<tr style=\"height: 40px;\">\n<td><\/td>\n<td><\/td>\n<td style=\"text-align: right;\" colspan=\"5\"><strong>D\u00e9collage :<br \/>\n<\/strong><\/td>\n<td colspan=\"10\"><em>Dole-Tavaux (39)<\/em><\/td>\n<td><\/td>\n<td><\/td>\n<td><\/td>\n<\/tr>\n<tr style=\"height: 40px;\">\n<td><\/td>\n<td><\/td>\n<td style=\"text-align: right;\" colspan=\"5\"><strong>Causes de la perte :\u00a0<\/strong><\/td>\n<td colspan=\"10\"><em>Abattu par la <span class='tooltipsall tooltipsincontent classtoolTips70'>Flak<\/span><\/em><\/td>\n<td><\/td>\n<td><\/td>\n<td><\/td>\n<\/tr>\n<tr style=\"height: 40px;\">\n<td><\/td>\n<td><\/td>\n<td style=\"text-align: right;\" colspan=\"5\"><strong>Lieu de la perte :\u00a0<\/strong><\/td>\n<td colspan=\"10\"><em>Dessenheim (68)<\/em><\/td>\n<td><\/td>\n<td><\/td>\n<td><\/td>\n<\/tr>\n<tr style=\"height: 60px;\">\n<td><img decoding=\"async\" class=\"size-full wp-image-47214 alignleft\" title=\"France\" src=\"https:\/\/www.auzeau.fr\/39-45\/wp-content\/uploads\/images\/Drapeaux\/France.png\" alt=\"France\" width=\"40\" height=\"20\" \/><\/td>\n<td><span class='tooltipsall tooltipsincontent classtoolTips174'>Cdt<\/span><\/td>\n<td colspan=\"5\">Edouard Edmond Raymond<\/td>\n<td colspan=\"4\"><strong><span style=\"color: #000000;\">MARIN LA MESLEE<\/span><br \/>\n<\/strong><\/td>\n<td><span class='tooltipsall tooltipsincontent classtoolTips132'>FAF<\/span><\/td>\n<td colspan=\"2\"><\/td>\n<td><span style=\"color: #000000;\"><strong><span class='tooltipsall tooltipsincontent classtoolTips110'>KIA<\/span><\/strong><\/span><\/td>\n<td colspan=\"5\"><img decoding=\"async\" class=\"size-full wp-image-47239 alignleft\" title=\"Chevalier-L\u00e9gion-dHonneur\" src=\"https:\/\/www.auzeau.fr\/39-45\/wp-content\/uploads\/images\/Medaille\/de7ad77f9fc044a1c8d501e35183a115.png\" alt=\"Chevalier de la L\u00e9gion d'Honneur\" width=\"72\" height=\"20\" \/>\u00a0<img loading=\"lazy\" decoding=\"async\" class=\"size-full wp-image-47270 alignleft\" title=\"Croix-de-Guerre-39-45\" src=\"https:\/\/www.auzeau.fr\/39-45\/wp-content\/uploads\/images\/Medaille\/Croix-de-Guerre-39-45.png\" alt=\"Croix-de-Guerre-39-45\" width=\"72\" height=\"20\" \/>\u00a0<img loading=\"lazy\" decoding=\"async\" class=\"size-full wp-image-47263 alignleft\" title=\"Distinguished-Flying-Cross-USA\" src=\"https:\/\/www.auzeau.fr\/39-45\/wp-content\/uploads\/images\/Medaille\/Distinguished-Flying-Cross-USA.png\" alt=\"\" width=\"71\" height=\"20\" \/> <span style=\"color: #000000;\"><strong><span class='tooltipsall tooltipsincontent classtoolTips126'>MPF<\/span><\/strong><\/span><\/td>\n<\/tr>\n<\/tbody>\n<\/table>\n<div id='gallery-1' class='gallery galleryid-7662 gallery-columns-4 gallery-size-thumbnail'><figure class='gallery-item'>\n\t\t\t<div class='gallery-icon landscape'>\n\t\t\t\t<a title=\"Dessenheim\"  title=\"Dessenheim\"  href='https:\/\/www.auzeau.fr\/39-45\/wp-content\/uploads\/Cimetieres\/60%20--\/68-Haut-Rhin\/Dessenheim\/Dessenheim_3.jpg'><img loading=\"lazy\" decoding=\"async\" width=\"150\" height=\"150\" src=\"https:\/\/www.auzeau.fr\/39-45\/wp-content\/uploads\/Cimetieres\/60 --\/68-Haut-Rhin\/Dessenheim\/Dessenheim_3-150x150.jpg\" class=\"attachment-thumbnail size-thumbnail\" alt=\"\" srcset=\"https:\/\/www.auzeau.fr\/39-45\/wp-content\/uploads\/Cimetieres\/60%20--\/68-Haut-Rhin\/Dessenheim\/Dessenheim_3-150x150.jpg 150w, https:\/\/www.auzeau.fr\/39-45\/wp-content\/uploads\/Cimetieres\/60%20--\/68-Haut-Rhin\/Dessenheim\/Dessenheim_3-50x50.jpg 50w\" sizes=\"(max-width: 150px) 100vw, 150px\" \/><\/a>\n\t\t\t<\/div><\/figure><figure class='gallery-item'>\n\t\t\t<div class='gallery-icon landscape'>\n\t\t\t\t<a title=\"Dessenheim\"  title=\"Dessenheim\"  href='https:\/\/www.auzeau.fr\/39-45\/wp-content\/uploads\/Cimetieres\/60%20--\/68-Haut-Rhin\/Dessenheim\/Dessenheim_4.jpg'><img loading=\"lazy\" decoding=\"async\" width=\"150\" height=\"150\" src=\"https:\/\/www.auzeau.fr\/39-45\/wp-content\/uploads\/Cimetieres\/60 --\/68-Haut-Rhin\/Dessenheim\/Dessenheim_4-150x150.jpg\" class=\"attachment-thumbnail size-thumbnail\" alt=\"\" srcset=\"https:\/\/www.auzeau.fr\/39-45\/wp-content\/uploads\/Cimetieres\/60%20--\/68-Haut-Rhin\/Dessenheim\/Dessenheim_4-150x150.jpg 150w, https:\/\/www.auzeau.fr\/39-45\/wp-content\/uploads\/Cimetieres\/60%20--\/68-Haut-Rhin\/Dessenheim\/Dessenheim_4-50x50.jpg 50w\" sizes=\"(max-width: 150px) 100vw, 150px\" \/><\/a>\n\t\t\t<\/div><\/figure><figure class='gallery-item'>\n\t\t\t<div class='gallery-icon landscape'>\n\t\t\t\t<a title=\"Dessenheim\"  title=\"Dessenheim\"  href='https:\/\/www.auzeau.fr\/39-45\/wp-content\/uploads\/Cimetieres\/60%20--\/68-Haut-Rhin\/Dessenheim\/Dessenheim_6.jpg'><img loading=\"lazy\" decoding=\"async\" width=\"150\" height=\"150\" src=\"https:\/\/www.auzeau.fr\/39-45\/wp-content\/uploads\/Cimetieres\/60 --\/68-Haut-Rhin\/Dessenheim\/Dessenheim_6-150x150.jpg\" class=\"attachment-thumbnail size-thumbnail\" alt=\"\" srcset=\"https:\/\/www.auzeau.fr\/39-45\/wp-content\/uploads\/Cimetieres\/60%20--\/68-Haut-Rhin\/Dessenheim\/Dessenheim_6-150x150.jpg 150w, https:\/\/www.auzeau.fr\/39-45\/wp-content\/uploads\/Cimetieres\/60%20--\/68-Haut-Rhin\/Dessenheim\/Dessenheim_6-50x50.jpg 50w\" sizes=\"(max-width: 150px) 100vw, 150px\" \/><\/a>\n\t\t\t<\/div><\/figure><figure class='gallery-item'>\n\t\t\t<div class='gallery-icon portrait'>\n\t\t\t\t<a title=\"Dessenheim\"  title=\"Dessenheim\"  href='https:\/\/www.auzeau.fr\/39-45\/wp-content\/uploads\/Cimetieres\/60%20--\/68-Haut-Rhin\/Dessenheim\/Dessenheim_5.jpg'><img loading=\"lazy\" decoding=\"async\" width=\"150\" height=\"150\" src=\"https:\/\/www.auzeau.fr\/39-45\/wp-content\/uploads\/Cimetieres\/60 --\/68-Haut-Rhin\/Dessenheim\/Dessenheim_5-150x150.jpg\" class=\"attachment-thumbnail size-thumbnail\" alt=\"\" srcset=\"https:\/\/www.auzeau.fr\/39-45\/wp-content\/uploads\/Cimetieres\/60%20--\/68-Haut-Rhin\/Dessenheim\/Dessenheim_5-150x150.jpg 150w, https:\/\/www.auzeau.fr\/39-45\/wp-content\/uploads\/Cimetieres\/60%20--\/68-Haut-Rhin\/Dessenheim\/Dessenheim_5-50x50.jpg 50w\" sizes=\"(max-width: 150px) 100vw, 150px\" \/><\/a>\n\t\t\t<\/div><\/figure>\n\t\t<\/div>\n\n<p style=\"text-align: center;\"><span style=\"font-size: 36pt; color: #000000;\"><strong>St\u00e8le \u00e0 Audresselles (62)<\/strong><\/span><br \/>\n<img loading=\"lazy\" decoding=\"async\" class=\"aligncenter size-full wp-image-109453\" title=\"Audresselles\" src=\"https:\/\/www.auzeau.fr\/39-45\/wp-content\/uploads\/Cimetieres\/60%20--\/62-Pas-de-Calais\/62%20-%20Audresselles\/Audresselles.JPG\" alt=\"\" width=\"900\" height=\"486\" \/><\/p>\n<div id='gallery-2' class='gallery galleryid-7662 gallery-columns-7 gallery-size-thumbnail'><figure class='gallery-item'>\n\t\t\t<div class='gallery-icon portrait'>\n\t\t\t\t<a title=\"Maison\"  title=\"Maison\"  href='https:\/\/www.auzeau.fr\/39-45\/wp-content\/uploads\/Cimetieres\/60%20--\/62-Pas-de-Calais\/62%20-%20Audresselles\/IMG_7068.JPG'><img loading=\"lazy\" decoding=\"async\" width=\"150\" height=\"150\" src=\"https:\/\/www.auzeau.fr\/39-45\/wp-content\/uploads\/Cimetieres\/60 --\/62-Pas-de-Calais\/62 - Audresselles\/IMG_7068-150x150.jpg\" class=\"attachment-thumbnail size-thumbnail\" alt=\"\" srcset=\"https:\/\/www.auzeau.fr\/39-45\/wp-content\/uploads\/Cimetieres\/60%20--\/62-Pas-de-Calais\/62%20-%20Audresselles\/IMG_7068-150x150.jpg 150w, https:\/\/www.auzeau.fr\/39-45\/wp-content\/uploads\/Cimetieres\/60%20--\/62-Pas-de-Calais\/62%20-%20Audresselles\/IMG_7068-50x50.jpg 50w\" sizes=\"(max-width: 150px) 100vw, 150px\" \/><\/a>\n\t\t\t<\/div><\/figure><figure class='gallery-item'>\n\t\t\t<div class='gallery-icon landscape'>\n\t\t\t\t<a title=\"Plaque de rue\"  title=\"Plaque de rue\"  href='https:\/\/www.auzeau.fr\/39-45\/wp-content\/uploads\/Cimetieres\/60%20--\/62-Pas-de-Calais\/62%20-%20Audresselles\/IMG_7069_00.JPG'><img loading=\"lazy\" decoding=\"async\" width=\"150\" height=\"150\" src=\"https:\/\/www.auzeau.fr\/39-45\/wp-content\/uploads\/Cimetieres\/60 --\/62-Pas-de-Calais\/62 - Audresselles\/IMG_7069_00-150x150.jpg\" class=\"attachment-thumbnail size-thumbnail\" alt=\"\" srcset=\"https:\/\/www.auzeau.fr\/39-45\/wp-content\/uploads\/Cimetieres\/60%20--\/62-Pas-de-Calais\/62%20-%20Audresselles\/IMG_7069_00-150x150.jpg 150w, https:\/\/www.auzeau.fr\/39-45\/wp-content\/uploads\/Cimetieres\/60%20--\/62-Pas-de-Calais\/62%20-%20Audresselles\/IMG_7069_00-50x50.jpg 50w\" sizes=\"(max-width: 150px) 100vw, 150px\" \/><\/a>\n\t\t\t<\/div><\/figure><figure class='gallery-item'>\n\t\t\t<div class='gallery-icon landscape'>\n\t\t\t\t<a title=\"St\u00e8le\"  title=\"St\u00e8le\"  href='https:\/\/www.auzeau.fr\/39-45\/wp-content\/uploads\/Cimetieres\/60%20--\/62-Pas-de-Calais\/62%20-%20Audresselles\/IMG_7070_00.JPG'><img loading=\"lazy\" decoding=\"async\" width=\"150\" height=\"150\" src=\"https:\/\/www.auzeau.fr\/39-45\/wp-content\/uploads\/Cimetieres\/60 --\/62-Pas-de-Calais\/62 - Audresselles\/IMG_7070_00-150x150.jpg\" class=\"attachment-thumbnail size-thumbnail\" alt=\"\" srcset=\"https:\/\/www.auzeau.fr\/39-45\/wp-content\/uploads\/Cimetieres\/60%20--\/62-Pas-de-Calais\/62%20-%20Audresselles\/IMG_7070_00-150x150.jpg 150w, https:\/\/www.auzeau.fr\/39-45\/wp-content\/uploads\/Cimetieres\/60%20--\/62-Pas-de-Calais\/62%20-%20Audresselles\/IMG_7070_00-50x50.jpg 50w\" sizes=\"(max-width: 150px) 100vw, 150px\" \/><\/a>\n\t\t\t<\/div><\/figure><figure class='gallery-item'>\n\t\t\t<div class='gallery-icon portrait'>\n\t\t\t\t<a title=\"Marin la Mesl\u00e9e\"  title=\"Marin la Mesl\u00e9e\"  href='https:\/\/www.auzeau.fr\/39-45\/wp-content\/uploads\/Cimetieres\/60%20--\/62-Pas-de-Calais\/62%20-%20Audresselles\/IMG_7071_00.JPG'><img loading=\"lazy\" decoding=\"async\" width=\"150\" height=\"150\" src=\"https:\/\/www.auzeau.fr\/39-45\/wp-content\/uploads\/Cimetieres\/60 --\/62-Pas-de-Calais\/62 - Audresselles\/IMG_7071_00-150x150.jpg\" class=\"attachment-thumbnail size-thumbnail\" alt=\"\" srcset=\"https:\/\/www.auzeau.fr\/39-45\/wp-content\/uploads\/Cimetieres\/60%20--\/62-Pas-de-Calais\/62%20-%20Audresselles\/IMG_7071_00-150x150.jpg 150w, https:\/\/www.auzeau.fr\/39-45\/wp-content\/uploads\/Cimetieres\/60%20--\/62-Pas-de-Calais\/62%20-%20Audresselles\/IMG_7071_00-50x50.jpg 50w\" sizes=\"(max-width: 150px) 100vw, 150px\" \/><\/a>\n\t\t\t<\/div><\/figure><figure class='gallery-item'>\n\t\t\t<div class='gallery-icon portrait'>\n\t\t\t\t<a title=\"Page 1\"  title=\"Page 1\"  href='https:\/\/www.auzeau.fr\/39-45\/wp-content\/uploads\/Cimetieres\/60%20--\/62-Pas-de-Calais\/62%20-%20Audresselles\/Page-1.JPG'><img loading=\"lazy\" decoding=\"async\" width=\"150\" height=\"150\" src=\"https:\/\/www.auzeau.fr\/39-45\/wp-content\/uploads\/Cimetieres\/60 --\/62-Pas-de-Calais\/62 - Audresselles\/Page-1-150x150.jpg\" class=\"attachment-thumbnail size-thumbnail\" alt=\"\" srcset=\"https:\/\/www.auzeau.fr\/39-45\/wp-content\/uploads\/Cimetieres\/60%20--\/62-Pas-de-Calais\/62%20-%20Audresselles\/Page-1-150x150.jpg 150w, https:\/\/www.auzeau.fr\/39-45\/wp-content\/uploads\/Cimetieres\/60%20--\/62-Pas-de-Calais\/62%20-%20Audresselles\/Page-1-50x50.jpg 50w\" sizes=\"(max-width: 150px) 100vw, 150px\" \/><\/a>\n\t\t\t<\/div><\/figure><figure class='gallery-item'>\n\t\t\t<div class='gallery-icon portrait'>\n\t\t\t\t<a title=\"Page 2\"  title=\"Page 2\"  href='https:\/\/www.auzeau.fr\/39-45\/wp-content\/uploads\/Cimetieres\/60%20--\/62-Pas-de-Calais\/62%20-%20Audresselles\/Page-2.JPG'><img loading=\"lazy\" decoding=\"async\" width=\"150\" height=\"150\" src=\"https:\/\/www.auzeau.fr\/39-45\/wp-content\/uploads\/Cimetieres\/60 --\/62-Pas-de-Calais\/62 - Audresselles\/Page-2-150x150.jpg\" class=\"attachment-thumbnail size-thumbnail\" alt=\"\" srcset=\"https:\/\/www.auzeau.fr\/39-45\/wp-content\/uploads\/Cimetieres\/60%20--\/62-Pas-de-Calais\/62%20-%20Audresselles\/Page-2-150x150.jpg 150w, https:\/\/www.auzeau.fr\/39-45\/wp-content\/uploads\/Cimetieres\/60%20--\/62-Pas-de-Calais\/62%20-%20Audresselles\/Page-2-50x50.jpg 50w\" sizes=\"(max-width: 150px) 100vw, 150px\" \/><\/a>\n\t\t\t<\/div><\/figure><figure class='gallery-item'>\n\t\t\t<div class='gallery-icon portrait'>\n\t\t\t\t<a title=\"Page 3\"  title=\"Page 3\"  href='https:\/\/www.auzeau.fr\/39-45\/wp-content\/uploads\/Cimetieres\/60%20--\/62-Pas-de-Calais\/62%20-%20Audresselles\/Page-3.JPG'><img loading=\"lazy\" decoding=\"async\" width=\"150\" height=\"150\" src=\"https:\/\/www.auzeau.fr\/39-45\/wp-content\/uploads\/Cimetieres\/60 --\/62-Pas-de-Calais\/62 - Audresselles\/Page-3-150x150.jpg\" class=\"attachment-thumbnail size-thumbnail\" alt=\"\" srcset=\"https:\/\/www.auzeau.fr\/39-45\/wp-content\/uploads\/Cimetieres\/60%20--\/62-Pas-de-Calais\/62%20-%20Audresselles\/Page-3-150x150.jpg 150w, https:\/\/www.auzeau.fr\/39-45\/wp-content\/uploads\/Cimetieres\/60%20--\/62-Pas-de-Calais\/62%20-%20Audresselles\/Page-3-50x50.jpg 50w\" sizes=\"(max-width: 150px) 100vw, 150px\" \/><\/a>\n\t\t\t<\/div><\/figure>\n\t\t<\/div>\n\n<p><span style=\"font-size: 8pt;\"><span style=\"color: #000000;\"><strong>15 juillet 2023 :<\/strong><\/span> Ajout photos de la st\u00e8le \u00e0 Audresselles (62)<br \/>\n<\/span><\/p>\n<hr \/>\n<p style=\"text-align: center;\"><ul id=\"menu-68-haut-rhin\" class=\"menu\"><li id=\"menu-item-58946\" class=\"menu-item menu-item-type-post_type menu-item-object-page menu-item-58946\"><a href=\"https:\/\/www.auzeau.fr\/39-45\/france\/68-haut-rhin\/68-altkirch-necropole-nationale\/\">68 \u2013 Altkirch N\u00e9cropole Nationale<\/a><\/li>\n<li id=\"menu-item-58947\" class=\"menu-item menu-item-type-post_type menu-item-object-page menu-item-58947\"><a href=\"https:\/\/www.auzeau.fr\/39-45\/france\/68-haut-rhin\/68-appenwihr\/\">68 \u2013 Appenwihr<\/a><\/li>\n<li id=\"menu-item-58948\" class=\"menu-item menu-item-type-post_type menu-item-object-page menu-item-58948\"><a href=\"https:\/\/www.auzeau.fr\/39-45\/france\/68-haut-rhin\/68-cernay-necropole-nationale\/\">68 \u2013 Cernay N\u00e9cropole Nationale<\/a><\/li>\n<li id=\"menu-item-58949\" class=\"menu-item menu-item-type-post_type menu-item-object-page menu-item-58949\"><a href=\"https:\/\/www.auzeau.fr\/39-45\/france\/68-haut-rhin\/68-colmar-necropole-nationale\/\">68 \u2013 Colmar N\u00e9cropole Nationale<\/a><\/li>\n<li id=\"menu-item-58950\" class=\"menu-item menu-item-type-post_type menu-item-object-page menu-item-58950\"><a href=\"https:\/\/www.auzeau.fr\/39-45\/france\/68-haut-rhin\/68-dessenheim\/\">68 \u2013 Dessenheim<\/a><\/li>\n<li id=\"menu-item-58951\" class=\"menu-item menu-item-type-post_type menu-item-object-page menu-item-58951\"><a href=\"https:\/\/www.auzeau.fr\/39-45\/france\/68-haut-rhin\/68-heiteren\/\">68 \u2013 Heiteren<\/a><\/li>\n<li id=\"menu-item-58952\" class=\"menu-item menu-item-type-post_type menu-item-object-page menu-item-58952\"><a href=\"https:\/\/www.auzeau.fr\/39-45\/france\/68-haut-rhin\/68-leimbach\/\">68 \u2013 Leimbach<\/a><\/li>\n<li id=\"menu-item-58953\" class=\"menu-item menu-item-type-post_type menu-item-object-page menu-item-58953\"><a href=\"https:\/\/www.auzeau.fr\/39-45\/france\/68-haut-rhin\/68-mulhouse-necropole-nationale\/\">68 \u2013 Mulhouse N\u00e9cropole Nationale<\/a><\/li>\n<li id=\"menu-item-58954\" class=\"menu-item menu-item-type-post_type menu-item-object-page menu-item-58954\"><a href=\"https:\/\/www.auzeau.fr\/39-45\/france\/68-haut-rhin\/68-munster\/\">68 \u2013 Munster<\/a><\/li>\n<li id=\"menu-item-68109\" class=\"menu-item menu-item-type-post_type menu-item-object-page menu-item-68109\"><a href=\"https:\/\/www.auzeau.fr\/39-45\/france\/68-haut-rhin\/68-sigolsheim-necropole-nationale\/\">68 \u2013 Sigolsheim N\u00e9cropole Nationale<\/a><\/li>\n<li id=\"menu-item-69892\" class=\"menu-item menu-item-type-post_type menu-item-object-page menu-item-69892\"><a href=\"https:\/\/www.auzeau.fr\/39-45\/france\/68-haut-rhin\/68-wintzenheim\/\">68 \u2013 Wintzenheim<\/a><\/li>\n<\/ul>\n<script type=\"text\/javascript\"> toolTips('.classtoolTips70','<img class=\"aligncenter wp-image-65848 size-full\" title=\"Flak18\" src=\"https:\/\/www.auzeau.fr\/39-45\/wp-content\/uploads\/images\/Materiel\/Flak18.JPG\" alt=\"\" width=\"640\" height=\"499\" \/><br\/><img class=\"aligncenter size-full wp-image-65849\" title=\"Flak30\" src=\"https:\/\/www.auzeau.fr\/39-45\/wp-content\/uploads\/images\/Materiel\/Flak30.JPG\" alt=\"\" width=\"640\" height=\"499\" \/>'); <\/script><script type=\"text\/javascript\"> toolTips('.classtoolTips98','Colonel'); <\/script><script type=\"text\/javascript\"> toolTips('.classtoolTips110','Tu\u00e9 au combat<br\/><br\/>Killed In Action'); <\/script><script type=\"text\/javascript\"> toolTips('.classtoolTips123','Secret Intelligence Service<br\/><br\/>Service Secret'); <\/script><script type=\"text\/javascript\"> toolTips('.classtoolTips126','Mort Pour la France'); <\/script><script type=\"text\/javascript\"> toolTips('.classtoolTips127','D\u00e9c\u00e9d\u00e9 en Service A\u00e9rien Command\u00e9'); <\/script><script type=\"text\/javascript\"> toolTips('.classtoolTips132','Force A\u00e9rienne Fran\u00e7aise<br\/><br\/>French Air Force'); <\/script><script type=\"text\/javascript\"> toolTips('.classtoolTips134','\u00c9vad\u00e9<br\/><br\/>Evaded'); <\/script><script type=\"text\/javascript\"> toolTips('.classtoolTips144','Royal Corps of Signals'); <\/script><script type=\"text\/javascript\"> toolTips('.classtoolTips153','Porucznik'); <\/script><script type=\"text\/javascript\"> toolTips('.classtoolTips159','Signalman'); <\/script><script type=\"text\/javascript\"> toolTips('.classtoolTips174','Commandant'); <\/script><script type=\"text\/javascript\"> toolTips('.classtoolTips185','Mitrailleur<br\/><br\/>Air Gunner'); <\/script><script type=\"text\/javascript\"> toolTips('.classtoolTips188','Bombardier<br\/><br\/>Air bomber'); <\/script><script type=\"text\/javascript\"> toolTips('.classtoolTips189','M\u00e9canicien volant<br\/><br\/>Flying Enginer'); <\/script><script type=\"text\/javascript\"> toolTips('.classtoolTips193','Royal Navy'); <\/script><script type=\"text\/javascript\"> toolTips('.classtoolTips195','Enseigne de Vaisseau'); <\/script><script type=\"text\/javascript\"> toolTips('.classtoolTips197','Aircraftman'); <\/script><script type=\"text\/javascript\"> toolTips('.classtoolTips199','Radio Officer'); <\/script><script type=\"text\/javascript\"> toolTips('.classtoolTips201','Lieutenant'); <\/script>","protected":false},"excerpt":{"rendered":"<p>P-47 Thunderbolt 42-20384 GC I\/5 &#8220;CHAMPAGNE&#8221; Date :\u00a0 04 f\u00e9vrier 1945 Mission :\u00a0 OA-82 : attaque de colonnes ennemies\u00a0entre Neuf-Brisach (68) et Ensisheim (68) D\u00e9collage : Dole-Tavaux (39) Causes de la perte :\u00a0 Abattu par la Flak Lieu de la perte :\u00a0 Dessenheim (68) Cdt Edouard Edmond Raymond MARIN LA MESLEE FAF KIA \u00a0\u00a0 MPF [&hellip;]<\/p>\n","protected":false},"author":1,"featured_media":0,"parent":101,"menu_order":0,"comment_status":"closed","ping_status":"closed","template":"template-full-width P-47.php","meta":{"_lmt_disableupdate":"yes","_lmt_disable":"","footnotes":""},"categories":[2043],"tags":[2044],"wf_page_folders":[3135],"class_list":["post-7662","page","type-page","status-publish","hentry","category-p47-thunderbolt","tag-gc-i-5-champagne"],"_links":{"self":[{"href":"https:\/\/www.auzeau.fr\/39-45\/wp-json\/wp\/v2\/pages\/7662","targetHints":{"allow":["GET"]}}],"collection":[{"href":"https:\/\/www.auzeau.fr\/39-45\/wp-json\/wp\/v2\/pages"}],"about":[{"href":"https:\/\/www.auzeau.fr\/39-45\/wp-json\/wp\/v2\/types\/page"}],"author":[{"embeddable":true,"href":"https:\/\/www.auzeau.fr\/39-45\/wp-json\/wp\/v2\/users\/1"}],"replies":[{"embeddable":true,"href":"https:\/\/www.auzeau.fr\/39-45\/wp-json\/wp\/v2\/comments?post=7662"}],"version-history":[{"count":0,"href":"https:\/\/www.auzeau.fr\/39-45\/wp-json\/wp\/v2\/pages\/7662\/revisions"}],"up":[{"embeddable":true,"href":"https:\/\/www.auzeau.fr\/39-45\/wp-json\/wp\/v2\/pages\/101"}],"wp:attachment":[{"href":"https:\/\/www.auzeau.fr\/39-45\/wp-json\/wp\/v2\/media?parent=7662"}],"wp:term":[{"taxonomy":"category","embeddable":true,"href":"https:\/\/www.auzeau.fr\/39-45\/wp-json\/wp\/v2\/categories?post=7662"},{"taxonomy":"post_tag","embeddable":true,"href":"https:\/\/www.auzeau.fr\/39-45\/wp-json\/wp\/v2\/tags?post=7662"},{"taxonomy":"wf_page_folders","embeddable":true,"href":"https:\/\/www.auzeau.fr\/39-45\/wp-json\/wp\/v2\/wf_page_folders?post=7662"}],"curies":[{"name":"wp","href":"https:\/\/api.w.org\/{rel}","templated":true}]}}