{"id":7635,"date":"2017-08-18T13:40:19","date_gmt":"2017-08-18T11:40:19","guid":{"rendered":"http:\/\/www.auzeau.fr\/3945\/?page_id=7635"},"modified":"2020-10-16T22:36:20","modified_gmt":"2020-10-16T20:36:20","slug":"67-selestat","status":"publish","type":"page","link":"https:\/\/www.auzeau.fr\/39-45\/france\/67-bas-rhin\/67-selestat\/","title":{"rendered":"67 &#8211; S\u00e9lestat"},"content":{"rendered":"<p><img fetchpriority=\"high\" decoding=\"async\" class=\"aligncenter size-full wp-image-58815\" title=\"Selestat\" src=\"https:\/\/www.auzeau.fr\/39-45\/wp-content\/uploads\/Cimetieres\/60 --\/67-Bas-Rhin\/Selestat\/Selestat.jpg\" alt=\"\" width=\"900\" height=\"450\" srcset=\"https:\/\/www.auzeau.fr\/39-45\/wp-content\/uploads\/Cimetieres\/60%20--\/67-Bas-Rhin\/Selestat\/Selestat.jpg 900w, https:\/\/www.auzeau.fr\/39-45\/wp-content\/uploads\/Cimetieres\/60%20--\/67-Bas-Rhin\/Selestat\/Selestat-300x150.jpg 300w, https:\/\/www.auzeau.fr\/39-45\/wp-content\/uploads\/Cimetieres\/60%20--\/67-Bas-Rhin\/Selestat\/Selestat-768x384.jpg 768w\" sizes=\"(max-width: 900px) 100vw, 900px\" \/><\/p>\n<table style=\"width: 100%;\" border=\"0\">\n<tbody>\n<tr>\n<td style=\"width: 5%;\"><\/td>\n<td style=\"width: 5%;\"><\/td>\n<td style=\"width: 5%;\"><\/td>\n<td style=\"width: 5%;\"><\/td>\n<td style=\"width: 5%;\"><\/td>\n<td style=\"width: 5%;\"><\/td>\n<td style=\"width: 5%;\"><\/td>\n<td style=\"width: 5%;\"><\/td>\n<td style=\"width: 5%;\"><\/td>\n<td style=\"width: 5%;\"><\/td>\n<td style=\"width: 5%;\"><\/td>\n<td style=\"width: 5%;\"><\/td>\n<td style=\"width: 5%;\"><\/td>\n<td style=\"width: 5%;\"><\/td>\n<td style=\"width: 5%;\"><\/td>\n<td style=\"width: 5%;\"><\/td>\n<td style=\"width: 5%;\"><\/td>\n<td style=\"width: 5%;\"><\/td>\n<td style=\"width: 5%;\"><\/td>\n<td style=\"width: 5%;\"><\/td>\n<\/tr>\n<tr>\n<td colspan=\"15\"><strong><span style=\"font-size: xx-large;\"><span style=\"color: #000000;\">LeO 451 n\u00b0 122<\/span><br \/>\n<\/span><\/strong><\/td>\n<td style=\"text-align: center;\" colspan=\"5\"><strong><span style=\"font-size: xx-large;\">GB I\/31<\/span><\/strong><\/td>\n<\/tr>\n<tr style=\"height: 40px;\">\n<td style=\"text-align: right;\" colspan=\"2\"><span style=\"font-size: 14px;\"><strong>Date :\u00a0<\/strong><\/span><\/td>\n<td colspan=\"5\"><span style=\"font-size: 14px;\"><em>17 mai 1940<\/em><\/span><\/td>\n<td style=\"text-align: right;\" colspan=\"3\"><span style=\"font-size: 14px;\"><strong>Mission :\u00a0<\/strong><\/span><\/td>\n<td colspan=\"10\"><span style=\"font-size: 14px;\"><em>Bombardement \u00e0 basse altitude d\u2019une colonne motoris\u00e9e sur la route Chimay\/Trelon<\/em><\/span><\/td>\n<\/tr>\n<tr style=\"height: 40px;\">\n<td><span style=\"font-size: 14px;\">\u00a0<\/span><\/td>\n<td><span style=\"font-size: 14px;\">\u00a0<\/span><\/td>\n<td style=\"text-align: right;\" colspan=\"5\"><span style=\"font-size: 14px;\"><strong>D\u00e9collage :\u2002<\/strong><\/span><\/td>\n<td colspan=\"10\"><span style=\"font-size: 14px;\"><em>Persan Beaumont (95)<\/em><\/span><\/td>\n<td><\/td>\n<td><\/td>\n<td><\/td>\n<\/tr>\n<tr style=\"height: 40px;\">\n<td><span style=\"font-size: 14px;\">\u00a0<\/span><\/td>\n<td><span style=\"font-size: 14px;\">\u00a0<\/span><\/td>\n<td style=\"text-align: right;\" colspan=\"5\"><span style=\"font-size: 14px;\"><strong>Causes de la perte :\u2002<\/strong><\/span><\/td>\n<td colspan=\"10\"><span style=\"font-size: 14px;\"><em>Abattu par par des <span class='tooltipsall tooltipsincontent classtoolTips27'>Me 109<\/span> de la 2e escadrille du I.\/JG 2<\/em><\/span><\/td>\n<td><\/td>\n<td><\/td>\n<td><\/td>\n<\/tr>\n<tr style=\"height: 40px;\">\n<td><span style=\"font-size: 14px;\">\u00a0<\/span><\/td>\n<td><span style=\"font-size: 14px;\">\u00a0<\/span><\/td>\n<td style=\"text-align: right;\" colspan=\"5\"><span style=\"font-size: 14px;\"><strong>Lieu de la perte :\u2002<\/strong><\/span><\/td>\n<td colspan=\"10\"><span style=\"font-size: 14px;\"><em>&#8220;La Voirie&#8221; \u00e0 Esqueheries (02)<\/em><\/span><\/td>\n<td><\/td>\n<td><\/td>\n<td><\/td>\n<\/tr>\n<tr style=\"height: 60px;\">\n<td><span style=\"font-size: 14px;\"><img decoding=\"async\" class=\"size-full wp-image-47214 alignleft\" title=\"France\" src=\"https:\/\/www.auzeau.fr\/39-45\/wp-content\/uploads\/images\/Drapeaux\/France.png\" alt=\"France\" width=\"40\" height=\"20\" \/><\/span><\/td>\n<td><span style=\"font-size: 14px;\"><span class='tooltipsall tooltipsincontent classtoolTips201'>Lt<\/span><\/span><\/td>\n<td colspan=\"5\"><span style=\"font-size: 14px;\">Gilbert Marcel<\/span><\/td>\n<td colspan=\"4\"><span style=\"font-size: 14px; color: #000000;\"><strong>BOUDOT<\/strong><\/span><\/td>\n<td style=\"text-align: center;\"><span style=\"font-size: 14px;\"><span class='tooltipsall tooltipsincontent classtoolTips120'>CdB<\/span><\/span><\/td>\n<td style=\"text-align: center;\" colspan=\"2\"><span style=\"font-size: 14px;\">\u00a0AAF<\/span><\/td>\n<td style=\"text-align: center;\"><span style=\"font-size: 14px;\"><span class='tooltipsall tooltipsincontent classtoolTips112'>WIA<\/span><\/span><\/td>\n<td colspan=\"5\"><img decoding=\"async\" class=\"size-full wp-image-47270 alignleft\" title=\"Croix-de-Guerre-39-45\" src=\"https:\/\/www.auzeau.fr\/39-45\/wp-content\/uploads\/images\/Medaille\/Croix-de-Guerre-39-45.png\" alt=\"Croix-de-Guerre-39-45\" width=\"72\" height=\"20\" \/><span style=\"font-size: 8pt;\"><span style=\"color: #000000;\"><strong><span class='tooltipsall tooltipsincontent classtoolTips148'>DOW<\/span><\/strong><\/span> le 18\/05\/1940 <\/span><span style=\"color: #000000;\"><strong><span class='tooltipsall tooltipsincontent classtoolTips126'>MPF<\/span> <\/strong><\/span><span style=\"font-size: 8pt;\"><a href=\"https:\/\/www.auzeau.fr\/39-45\/france\/71-saone-et-loire\/71-mesvres\/\">Inhum\u00e9 \u00e0 Mesvres (71)<\/a><br \/>\n<\/span><\/td>\n<\/tr>\n<tr style=\"height: 60px;\">\n<td><span style=\"font-size: 14px;\"><img decoding=\"async\" class=\"size-full wp-image-47214 alignleft\" title=\"France\" src=\"https:\/\/www.auzeau.fr\/39-45\/wp-content\/uploads\/images\/Drapeaux\/France.png\" alt=\"France\" width=\"40\" height=\"20\" \/><\/span><\/td>\n<td><span style=\"font-size: 14px;\"><span class='tooltipsall tooltipsincontent classtoolTips178'>ADC<\/span><\/span><\/td>\n<td colspan=\"5\"><span style=\"font-size: 14px;\">Ren\u00e9 Louis<\/span><\/td>\n<td colspan=\"4\"><span style=\"font-size: 14px; color: #000000;\"><strong>GAST<\/strong><\/span><\/td>\n<td style=\"text-align: center;\"><span style=\"font-size: 14px;\"><span class='tooltipsall tooltipsincontent classtoolTips185'>AG<\/span><\/span><\/td>\n<td style=\"text-align: center;\" colspan=\"2\"><span style=\"font-size: 14px;\">\u00a0AAF<\/span><\/td>\n<td style=\"text-align: center;\"><span style=\"font-size: 14px; color: #000000;\"><strong><span class='tooltipsall tooltipsincontent classtoolTips110'>KIA<\/span><\/strong><\/span><\/td>\n<td colspan=\"5\"><img loading=\"lazy\" decoding=\"async\" class=\"size-full wp-image-47288 alignleft\" title=\"Medaille Militaire\" src=\"https:\/\/www.auzeau.fr\/39-45\/wp-content\/uploads\/images\/Medaille\/Medaille-Militaire.png\" alt=\"Medaille Militaire\" width=\"72\" height=\"20\" \/> <span style=\"color: #000000;\"><strong><span class='tooltipsall tooltipsincontent classtoolTips126'>MPF<\/span><\/strong><\/span><em><img decoding=\"async\" class=\"size-full wp-image-47270 alignleft\" title=\"Croix-de-Guerre-39-45\" src=\"https:\/\/www.auzeau.fr\/39-45\/wp-content\/uploads\/images\/Medaille\/Croix-de-Guerre-39-45.png\" alt=\"Croix-de-Guerre-39-45\" width=\"72\" height=\"20\" \/><\/em><\/td>\n<\/tr>\n<tr style=\"height: 60px;\">\n<td><span style=\"font-size: 14px;\"><img decoding=\"async\" class=\"size-full wp-image-47214 alignleft\" title=\"France\" src=\"https:\/\/www.auzeau.fr\/39-45\/wp-content\/uploads\/images\/Drapeaux\/France.png\" alt=\"France\" width=\"40\" height=\"20\" \/><\/span><\/td>\n<td><span style=\"font-size: 14px;\"><span class='tooltipsall tooltipsincontent classtoolTips89'>SCH<\/span><\/span><\/td>\n<td colspan=\"5\"><span style=\"font-size: 14px;\">G\u00e9rard Louis Marcel<\/span><\/td>\n<td colspan=\"4\"><span style=\"font-size: 14px; color: #000000;\"><strong>GOMBERT<\/strong><\/span><\/td>\n<td style=\"text-align: center;\"><span style=\"font-size: 14px;\"><span class='tooltipsall tooltipsincontent classtoolTips151'>Pil<\/span><\/span><\/td>\n<td style=\"text-align: center;\" colspan=\"2\"><span style=\"font-size: 14px;\">\u00a0AAF<\/span><\/td>\n<td style=\"text-align: center;\"><span style=\"font-size: 14px; color: #000000;\"><strong><span class='tooltipsall tooltipsincontent classtoolTips110'>KIA<\/span><\/strong><\/span><\/td>\n<td colspan=\"5\"><img decoding=\"async\" class=\"size-full wp-image-47270 alignleft\" title=\"Croix-de-Guerre-39-45\" src=\"https:\/\/www.auzeau.fr\/39-45\/wp-content\/uploads\/images\/Medaille\/Croix-de-Guerre-39-45.png\" alt=\"Croix-de-Guerre-39-45\" width=\"72\" height=\"20\" \/><span style=\"color: #000000;\"><strong><span class='tooltipsall tooltipsincontent classtoolTips126'>MPF<\/span> <\/strong><\/span><span style=\"font-size: 8pt;\">Lieu d&#8217;inhumation inconnu<\/span><\/td>\n<\/tr>\n<tr style=\"height: 60px;\">\n<td><span style=\"font-size: 14px;\"><img decoding=\"async\" class=\"size-full wp-image-47214 alignleft\" title=\"France\" src=\"https:\/\/www.auzeau.fr\/39-45\/wp-content\/uploads\/images\/Drapeaux\/France.png\" alt=\"France\" width=\"40\" height=\"20\" \/><\/span><\/td>\n<td><span style=\"font-size: 14px;\"><span class='tooltipsall tooltipsincontent classtoolTips89'>SCH<\/span><\/span><\/td>\n<td colspan=\"5\"><span style=\"font-size: 14px;\">\u00a0Pierre<\/span><\/td>\n<td colspan=\"4\"><span style=\"font-size: 14px; color: #000000;\"><strong>LE GUELLEC<br \/>\n<\/strong><\/span><\/td>\n<td style=\"text-align: center;\"><span style=\"font-size: 14px;\"><span class='tooltipsall tooltipsincontent classtoolTips115'>WOP<\/span><\/span><\/td>\n<td style=\"text-align: center;\" colspan=\"2\"><span style=\"font-size: 14px;\">\u00a0AAF<\/span><\/td>\n<td style=\"text-align: center;\"><span style=\"font-size: 14px; color: #000000;\"><span class='tooltipsall tooltipsincontent classtoolTips150'>IND<\/span><\/span><\/td>\n<td colspan=\"5\"><span style=\"font-size: 14px;\"><em><img decoding=\"async\" class=\"size-full wp-image-47270 alignleft\" title=\"Croix-de-Guerre-39-45\" src=\"https:\/\/www.auzeau.fr\/39-45\/wp-content\/uploads\/images\/Medaille\/Croix-de-Guerre-39-45.png\" alt=\"Croix-de-Guerre-39-45\" width=\"72\" height=\"20\" \/><\/em><\/span><\/td>\n<\/tr>\n<\/tbody>\n<\/table>\n<div id='gallery-1' class='gallery galleryid-7635 gallery-columns-2 gallery-size-thumbnail'><figure class='gallery-item'>\n\t\t\t<div class='gallery-icon landscape'>\n\t\t\t\t<a title=\"Gast\"  title=\"Gast\"  href='https:\/\/www.auzeau.fr\/39-45\/wp-content\/uploads\/Cimetieres\/60%20--\/67-Bas-Rhin\/Selestat\/Gast_1.jpg'><img loading=\"lazy\" decoding=\"async\" width=\"150\" height=\"150\" src=\"https:\/\/www.auzeau.fr\/39-45\/wp-content\/uploads\/Cimetieres\/60 --\/67-Bas-Rhin\/Selestat\/Gast_1-150x150.jpg\" class=\"attachment-thumbnail size-thumbnail\" alt=\"\" srcset=\"https:\/\/www.auzeau.fr\/39-45\/wp-content\/uploads\/Cimetieres\/60%20--\/67-Bas-Rhin\/Selestat\/Gast_1-150x150.jpg 150w, https:\/\/www.auzeau.fr\/39-45\/wp-content\/uploads\/Cimetieres\/60%20--\/67-Bas-Rhin\/Selestat\/Gast_1-50x50.jpg 50w\" sizes=\"(max-width: 150px) 100vw, 150px\" \/><\/a>\n\t\t\t<\/div><\/figure><figure class='gallery-item'>\n\t\t\t<div class='gallery-icon landscape'>\n\t\t\t\t<a title=\"Gast\"  title=\"Gast\"  href='https:\/\/www.auzeau.fr\/39-45\/wp-content\/uploads\/Cimetieres\/60%20--\/67-Bas-Rhin\/Selestat\/Gast_2.jpg'><img loading=\"lazy\" decoding=\"async\" width=\"150\" height=\"150\" src=\"https:\/\/www.auzeau.fr\/39-45\/wp-content\/uploads\/Cimetieres\/60 --\/67-Bas-Rhin\/Selestat\/Gast_2-150x150.jpg\" class=\"attachment-thumbnail size-thumbnail\" alt=\"\" srcset=\"https:\/\/www.auzeau.fr\/39-45\/wp-content\/uploads\/Cimetieres\/60%20--\/67-Bas-Rhin\/Selestat\/Gast_2-150x150.jpg 150w, https:\/\/www.auzeau.fr\/39-45\/wp-content\/uploads\/Cimetieres\/60%20--\/67-Bas-Rhin\/Selestat\/Gast_2-50x50.jpg 50w\" sizes=\"(max-width: 150px) 100vw, 150px\" \/><\/a>\n\t\t\t<\/div><\/figure>\n\t\t<\/div>\n\n<p><span style=\"font-size: 10pt;\"><span style=\"color: #000000;\"><strong>16 octobre 2020 : <\/strong><\/span>Ajout du pr\u00e9nom du <span class='tooltipsall tooltipsincontent classtoolTips89'>SCH<\/span> LE GUELLEC<\/span><\/p>\n<hr \/>\n<p style=\"text-align: center;\"><ul id=\"menu-67-bas-rhin\" class=\"menu\"><li id=\"menu-item-58531\" class=\"menu-item menu-item-type-post_type menu-item-object-page menu-item-58531\"><a href=\"https:\/\/www.auzeau.fr\/39-45\/france\/67-bas-rhin\/67-artolsheim\/\">67 \u2013 Artolsheim<\/a><\/li>\n<li id=\"menu-item-58532\" class=\"menu-item menu-item-type-post_type menu-item-object-page menu-item-58532\"><a href=\"https:\/\/www.auzeau.fr\/39-45\/france\/67-bas-rhin\/67-colroy-la-roche\/\">67 \u2013 Colroy-la-Roche<\/a><\/li>\n<li id=\"menu-item-58533\" class=\"menu-item menu-item-type-post_type menu-item-object-page menu-item-58533\"><a href=\"https:\/\/www.auzeau.fr\/39-45\/france\/67-bas-rhin\/67-hagueneau-necropole-nationale\/\">67 \u2013 Hagueneau N\u00e9cropole Nationale<\/a><\/li>\n<li id=\"menu-item-58534\" class=\"menu-item menu-item-type-post_type menu-item-object-page menu-item-58534\"><a href=\"https:\/\/www.auzeau.fr\/39-45\/france\/67-bas-rhin\/67-hilsenheim\/\">67 \u2013 Hilsenheim<\/a><\/li>\n<li id=\"menu-item-58535\" class=\"menu-item menu-item-type-post_type menu-item-object-page menu-item-58535\"><a href=\"https:\/\/www.auzeau.fr\/39-45\/france\/67-bas-rhin\/67-hirschland\/\">67 \u2013 Hirschland<\/a><\/li>\n<li id=\"menu-item-58536\" class=\"menu-item menu-item-type-post_type menu-item-object-page menu-item-58536\"><a href=\"https:\/\/www.auzeau.fr\/39-45\/france\/67-bas-rhin\/67-mussig\/\">67 \u2013 Mussig<\/a><\/li>\n<li id=\"menu-item-58537\" class=\"menu-item menu-item-type-post_type menu-item-object-page menu-item-58537\"><a href=\"https:\/\/www.auzeau.fr\/39-45\/france\/67-bas-rhin\/67-ottrott\/\">67 \u2013 Ottrott<\/a><\/li>\n<li id=\"menu-item-58538\" class=\"menu-item menu-item-type-post_type menu-item-object-page menu-item-58538\"><a href=\"https:\/\/www.auzeau.fr\/39-45\/france\/67-bas-rhin\/67-ranrupt\/\">67 \u2013 Ranrupt N\u00e9cropole Nationale<\/a><\/li>\n<li id=\"menu-item-58539\" class=\"menu-item menu-item-type-post_type menu-item-object-page menu-item-58539\"><a href=\"https:\/\/www.auzeau.fr\/39-45\/france\/67-bas-rhin\/67-reutenbourg\/\">67 \u2013 Reutenbourg<\/a><\/li>\n<li id=\"menu-item-58540\" class=\"menu-item menu-item-type-post_type menu-item-object-page menu-item-58540\"><a href=\"https:\/\/www.auzeau.fr\/39-45\/france\/67-bas-rhin\/67-rimsdorf\/\">67 \u2013 Rimsdorf<\/a><\/li>\n<li id=\"menu-item-58541\" class=\"menu-item menu-item-type-post_type menu-item-object-page menu-item-58541\"><a href=\"https:\/\/www.auzeau.fr\/39-45\/france\/67-bas-rhin\/67-sarrewerden\/\">67 \u2013 Sarrewerden<\/a><\/li>\n<li id=\"menu-item-58542\" class=\"menu-item menu-item-type-post_type menu-item-object-page menu-item-58542\"><a href=\"https:\/\/www.auzeau.fr\/39-45\/france\/67-bas-rhin\/67-schoenau\/\">67 \u2013 Schoenau<\/a><\/li>\n<li id=\"menu-item-58543\" class=\"menu-item menu-item-type-post_type menu-item-object-page menu-item-58543\"><a href=\"https:\/\/www.auzeau.fr\/39-45\/france\/67-bas-rhin\/67-selestat\/\">67 \u2013 S\u00e9lestat<\/a><\/li>\n<li id=\"menu-item-58548\" class=\"menu-item menu-item-type-post_type menu-item-object-page menu-item-58548\"><a href=\"https:\/\/www.auzeau.fr\/39-45\/france\/67-bas-rhin\/67-sessenheim\/\">67 -Sessenheim<\/a><\/li>\n<li id=\"menu-item-58544\" class=\"menu-item menu-item-type-post_type menu-item-object-page menu-item-58544\"><a href=\"https:\/\/www.auzeau.fr\/39-45\/france\/67-bas-rhin\/67-soufflenheim\/\">67 \u2013 Soufflenheim<\/a><\/li>\n<li id=\"menu-item-58545\" class=\"menu-item menu-item-type-post_type menu-item-object-page menu-item-58545\"><a href=\"https:\/\/www.auzeau.fr\/39-45\/france\/67-bas-rhin\/67-strasbourg-necropole-nationale\/\">67 \u2013 Strasbourg N\u00e9cropole Nationale<\/a><\/li>\n<li id=\"menu-item-58546\" class=\"menu-item menu-item-type-post_type menu-item-object-page menu-item-58546\"><a href=\"https:\/\/www.auzeau.fr\/39-45\/france\/67-bas-rhin\/67-weyer\/\">67 \u2013 Weyer<\/a><\/li>\n<li id=\"menu-item-58547\" class=\"menu-item menu-item-type-post_type menu-item-object-page menu-item-58547\"><a href=\"https:\/\/www.auzeau.fr\/39-45\/france\/67-bas-rhin\/67-wintzenbach\/\">67 \u2013 Wintzenbach<\/a><\/li>\n<\/ul>\n<script type=\"text\/javascript\"> toolTips('.classtoolTips27','<img class=\"aligncenter wp-image-65839 size-full\" title=\"ME 109\" src=\"https:\/\/www.auzeau.fr\/39-45\/wp-content\/uploads\/Avions\/Allemand\/Me109.JPG\" alt=\"\" width=\"650\" height=\"357\" \/>'); <\/script><script type=\"text\/javascript\"> toolTips('.classtoolTips89','Sergent-Chef'); <\/script><script type=\"text\/javascript\"> toolTips('.classtoolTips98','Colonel'); <\/script><script type=\"text\/javascript\"> toolTips('.classtoolTips110','Tu\u00e9 au combat<br\/><br\/>Killed In Action'); <\/script><script type=\"text\/javascript\"> toolTips('.classtoolTips112','Bless\u00e9 au combat<br\/><br\/>Wounded in action'); <\/script><script type=\"text\/javascript\"> toolTips('.classtoolTips115','Op\u00e9rateur Radio<br\/><br\/>Wireless Op\u00e9rator'); <\/script><script type=\"text\/javascript\"> toolTips('.classtoolTips120','Chef de Bord'); <\/script><script type=\"text\/javascript\"> toolTips('.classtoolTips126','Mort Pour la France'); <\/script><script type=\"text\/javascript\"> toolTips('.classtoolTips136','Arm\u00e9e de l\u2019Air Fran\u00e7aise'); <\/script><script type=\"text\/javascript\"> toolTips('.classtoolTips144','Royal Corps of Signals'); <\/script><script type=\"text\/javascript\"> toolTips('.classtoolTips148','<strong>D\u00e9c\u00e9d\u00e9 de ses blessures<\/strong><br\/><br\/>concerne une personne qui a surv\u00e9cu pour atteindre un centre de traitement m\u00e9dical.<br\/><br\/><strong>Died of wounds<\/strong><br\/><br\/>concerns a person who survived to reach a medical treatment center.'); <\/script><script type=\"text\/javascript\"> toolTips('.classtoolTips150','Indemne<br\/><br\/>Unhurt'); <\/script><script type=\"text\/javascript\"> toolTips('.classtoolTips151','Pilote<br\/><br\/>Pilot'); <\/script><script type=\"text\/javascript\"> toolTips('.classtoolTips159','Signalman'); <\/script><script type=\"text\/javascript\"> toolTips('.classtoolTips178','Adjudant-Chef'); <\/script><script type=\"text\/javascript\"> toolTips('.classtoolTips182','Warrant Officer'); <\/script><script type=\"text\/javascript\"> toolTips('.classtoolTips185','Mitrailleur<br\/><br\/>Air Gunner'); <\/script><script type=\"text\/javascript\"> toolTips('.classtoolTips188','Bombardier<br\/><br\/>Air bomber'); <\/script><script type=\"text\/javascript\"> toolTips('.classtoolTips189','M\u00e9canicien volant<br\/><br\/>Flying Enginer'); <\/script><script type=\"text\/javascript\"> toolTips('.classtoolTips197','Aircraftman'); <\/script><script type=\"text\/javascript\"> toolTips('.classtoolTips199','Radio Officer'); <\/script><script type=\"text\/javascript\"> toolTips('.classtoolTips201','Lieutenant'); <\/script>","protected":false},"excerpt":{"rendered":"<p>LeO 451 n\u00b0 122 GB I\/31 Date :\u00a0 17 mai 1940 Mission :\u00a0 Bombardement \u00e0 basse altitude d\u2019une colonne motoris\u00e9e sur la route Chimay\/Trelon \u00a0 \u00a0 D\u00e9collage :\u2002 Persan Beaumont (95) \u00a0 \u00a0 Causes de la perte :\u2002 Abattu par par des Me 109 de la 2e escadrille du I.\/JG 2 \u00a0 \u00a0 Lieu de [&hellip;]<\/p>\n","protected":false},"author":1,"featured_media":0,"parent":99,"menu_order":0,"comment_status":"closed","ping_status":"closed","template":"template-full-width LEO451.php","meta":{"_lmt_disableupdate":"yes","_lmt_disable":"","footnotes":""},"categories":[350],"tags":[1792],"wf_page_folders":[3134],"class_list":["post-7635","page","type-page","status-publish","hentry","category-leo-451","tag-gb-i-31"],"_links":{"self":[{"href":"https:\/\/www.auzeau.fr\/39-45\/wp-json\/wp\/v2\/pages\/7635","targetHints":{"allow":["GET"]}}],"collection":[{"href":"https:\/\/www.auzeau.fr\/39-45\/wp-json\/wp\/v2\/pages"}],"about":[{"href":"https:\/\/www.auzeau.fr\/39-45\/wp-json\/wp\/v2\/types\/page"}],"author":[{"embeddable":true,"href":"https:\/\/www.auzeau.fr\/39-45\/wp-json\/wp\/v2\/users\/1"}],"replies":[{"embeddable":true,"href":"https:\/\/www.auzeau.fr\/39-45\/wp-json\/wp\/v2\/comments?post=7635"}],"version-history":[{"count":0,"href":"https:\/\/www.auzeau.fr\/39-45\/wp-json\/wp\/v2\/pages\/7635\/revisions"}],"up":[{"embeddable":true,"href":"https:\/\/www.auzeau.fr\/39-45\/wp-json\/wp\/v2\/pages\/99"}],"wp:attachment":[{"href":"https:\/\/www.auzeau.fr\/39-45\/wp-json\/wp\/v2\/media?parent=7635"}],"wp:term":[{"taxonomy":"category","embeddable":true,"href":"https:\/\/www.auzeau.fr\/39-45\/wp-json\/wp\/v2\/categories?post=7635"},{"taxonomy":"post_tag","embeddable":true,"href":"https:\/\/www.auzeau.fr\/39-45\/wp-json\/wp\/v2\/tags?post=7635"},{"taxonomy":"wf_page_folders","embeddable":true,"href":"https:\/\/www.auzeau.fr\/39-45\/wp-json\/wp\/v2\/wf_page_folders?post=7635"}],"curies":[{"name":"wp","href":"https:\/\/api.w.org\/{rel}","templated":true}]}}