{"id":73549,"date":"2020-03-15T08:15:37","date_gmt":"2020-03-15T07:15:37","guid":{"rendered":"http:\/\/39-45.auzeau.fr\/?page_id=73549"},"modified":"2021-06-28T00:00:03","modified_gmt":"2021-06-27T22:00:03","slug":"54-montauville-necropole-nationale-5","status":"publish","type":"page","link":"https:\/\/www.auzeau.fr\/39-45\/france\/54-meurthe-et-moselle\/54-montauville-necropole-nationale-5\/","title":{"rendered":"54 &#8211; Montauville N\u00e9cropole Nationale"},"content":{"rendered":"<p><img fetchpriority=\"high\" decoding=\"async\" class=\"aligncenter\" src=\"https:\/\/www.auzeau.fr\/39-45\/wp-content\/uploads\/Cimetieres\/31 -- 60\/54-Meurthe-et-Moselle\/54\/Montauville\/Montauville.jpg\" sizes=\"(max-width: 900px) 100vw, 900px\" srcset=\"https:\/\/www.auzeau.fr\/39-45\/wp-content\/uploads\/Cimetieres\/31%20--%2060\/54-Meurthe-et-Moselle\/54\/Montauville\/Montauville.jpg 900w, https:\/\/www.auzeau.fr\/39-45\/wp-content\/uploads\/Cimetieres\/31%20--%2060\/54-Meurthe-et-Moselle\/54\/Montauville\/Montauville-300x150.jpg 300w, https:\/\/www.auzeau.fr\/39-45\/wp-content\/uploads\/Cimetieres\/31%20--%2060\/54-Meurthe-et-Moselle\/54\/Montauville\/Montauville-768x385.jpg 768w\" alt=\"\" width=\"900\" height=\"451\" \/><\/p>\n<table style=\"width: 100%;\" border=\"0\">\n<tbody>\n<tr>\n<td style=\"width: 5%;\"><\/td>\n<td style=\"width: 5%;\"><\/td>\n<td style=\"width: 2%;\"><\/td>\n<td style=\"width: 8%;\"><\/td>\n<td style=\"width: 5%;\"><\/td>\n<td style=\"width: 5%;\"><\/td>\n<td style=\"width: 5%;\"><\/td>\n<td style=\"width: 2%;\"><\/td>\n<td style=\"width: 8%;\"><\/td>\n<td style=\"width: 2%;\"><\/td>\n<td style=\"width: 5%;\"><\/td>\n<td style=\"width: 3%;\"><\/td>\n<td style=\"width: 5%;\"><\/td>\n<td style=\"width: 5%;\"><\/td>\n<td style=\"width: 5%;\"><\/td>\n<td style=\"width: 5%;\"><\/td>\n<td style=\"width: 5%;\"><\/td>\n<td style=\"width: 5%;\"><\/td>\n<td style=\"width: 5%;\"><\/td>\n<td style=\"width: 10%;\"><\/td>\n<\/tr>\n<tr>\n<td style=\"width: 75%;\" colspan=\"16\"><span style=\"font-size: xx-large;\"><strong><span style=\"color: #000000;\">Spitfire PT965 NL-<\/span><\/strong><\/span><\/td>\n<td style=\"width: 25%; text-align: center;\" colspan=\"4\"><span style=\"font-size: xx-large;\"><strong>341 Sqn<\/strong><\/span><\/td>\n<\/tr>\n<tr>\n<td style=\"width: 75%;\" colspan=\"16\"><\/td>\n<td style=\"width: 25%; text-align: center;\" colspan=\"4\"><strong>GC III\/2 &#8220;Alsace&#8221;<\/strong><\/td>\n<\/tr>\n<tr style=\"height: 40px;\">\n<td style=\"text-align: right; width: 5%;\"><\/td>\n<td style=\"text-align: right; width: 5%;\"><\/td>\n<td style=\"text-align: right; width: 2%;\"><\/td>\n<td style=\"text-align: right; width: 8%;\"><\/td>\n<td style=\"text-align: right; width: 5%;\"><\/td>\n<td style=\"text-align: right; width: 5%;\"><\/td>\n<td style=\"text-align: right; width: 5%;\"><\/td>\n<td style=\"text-align: right; width: 2%;\"><\/td>\n<td style=\"text-align: right; width: 8%;\"><\/td>\n<td style=\"text-align: right; width: 2%;\"><\/td>\n<td style=\"text-align: right; width: 5%;\"><\/td>\n<td style=\"text-align: right; width: 3%;\"><\/td>\n<td style=\"text-align: right; width: 5%;\"><\/td>\n<td style=\"text-align: right; width: 5%;\"><\/td>\n<td style=\"text-align: right; width: 5%;\"><\/td>\n<td style=\"text-align: right; width: 5%;\"><\/td>\n<td style=\"text-align: right; width: 5%;\"><\/td>\n<td style=\"text-align: right; width: 5%;\"><\/td>\n<td style=\"text-align: right; width: 5%;\"><\/td>\n<td style=\"text-align: right; width: 10%;\"><\/td>\n<\/tr>\n<tr>\n<td style=\"text-align: right; width: 5%;\"><\/td>\n<td style=\"text-align: right; width: 5%;\"><span style=\"font-size: 14px;\"><strong>Date<\/strong><\/span><\/td>\n<td style=\"width: 2%; text-align: center;\"><strong>:<\/strong><\/td>\n<td style=\"width: 13%; text-align: left;\" colspan=\"2\"><span style=\"font-size: 14px;\"><em>26 novembre 1944<\/em><\/span><\/td>\n<td style=\"text-align: right; width: 5%;\"><\/td>\n<td style=\"text-align: right; width: 5%;\"><\/td>\n<td style=\"text-align: right; width: 2%;\"><\/td>\n<td style=\"text-align: right; width: 8%;\"><span style=\"font-size: 14px;\"><strong>Mission<\/strong><\/span><\/td>\n<td style=\"width: 2%; text-align: center;\"><strong><span style=\"font-size: 14px;\">:<\/span><\/strong><\/td>\n<td style=\"text-align: left; width: 53%;\" colspan=\"10\"><span style=\"font-size: 14px;\"><em>Escorte de 24 Boston allant bombarder des installations ferroviaires vers Deventer (Hollande)<\/em><\/span><\/td>\n<\/tr>\n<tr style=\"height: 40px;\">\n<td style=\"text-align: right; width: 5%;\"><\/td>\n<td style=\"text-align: right; width: 5%;\"><\/td>\n<td style=\"width: 2%; text-align: center;\"><\/td>\n<td style=\"width: 8%; text-align: left;\"><\/td>\n<td style=\"text-align: right; width: 5%;\"><\/td>\n<td style=\"text-align: right; width: 5%;\"><\/td>\n<td style=\"text-align: right; width: 5%;\"><\/td>\n<td style=\"text-align: right; width: 2%;\"><\/td>\n<td style=\"text-align: right; width: 8%;\"><\/td>\n<td style=\"width: 2%; text-align: center;\"><\/td>\n<td style=\"text-align: left; width: 5%;\"><\/td>\n<td style=\"text-align: left; width: 3%;\"><\/td>\n<td style=\"text-align: left; width: 5%;\"><\/td>\n<td style=\"text-align: left; width: 5%;\"><\/td>\n<td style=\"text-align: left; width: 5%;\"><\/td>\n<td style=\"text-align: left; width: 5%;\"><\/td>\n<td style=\"text-align: left; width: 5%;\"><\/td>\n<td style=\"text-align: left; width: 5%;\"><\/td>\n<td style=\"text-align: left; width: 5%;\"><\/td>\n<td style=\"text-align: left; width: 10%;\"><\/td>\n<\/tr>\n<tr style=\"height: 40px;\">\n<td style=\"text-align: right; width: 10%;\" colspan=\"2\"><\/td>\n<td style=\"width: 2%; text-align: center;\"><\/td>\n<td style=\"text-align: right; width: 23%;\" colspan=\"4\"><span style=\"font-size: 14px;\"><strong>D\u00e9collage<\/strong><\/span><\/td>\n<td style=\"width: 2%; text-align: center;\"><strong>:<\/strong><\/td>\n<td style=\"text-align: left; width: 63%;\" colspan=\"12\"><span style=\"font-size: 14px;\"><em><span class='tooltipsall tooltipsincontent classtoolTips138'>ALG<\/span> B-70 Antwerp-Deurne (Bel.) \u00e0 14:20<\/em><\/span><\/td>\n<\/tr>\n<tr style=\"height: 40px;\">\n<td style=\"text-align: right; width: 10%;\" colspan=\"2\"><\/td>\n<td style=\"width: 2%; text-align: center;\"><\/td>\n<td style=\"text-align: right; width: 23%;\" colspan=\"4\"><span style=\"font-size: 14px;\"><strong>Causes de la perte<br \/>\n<\/strong><\/span><\/td>\n<td style=\"width: 2%; text-align: center;\"><strong>:<br \/>\n<\/strong><\/td>\n<td style=\"text-align: left; width: 63%;\" colspan=\"12\"><span style=\"font-size: 14px;\"><em> Abattu par la <span class='tooltipsall tooltipsincontent classtoolTips70'>Flak<\/span><br \/>\n<\/em><\/span><\/td>\n<\/tr>\n<tr style=\"height: 40px;\">\n<td style=\"text-align: right; width: 10%;\" colspan=\"2\"><\/td>\n<td style=\"width: 2%; text-align: center;\"><\/td>\n<td style=\"text-align: right; width: 23%;\" colspan=\"4\"><span style=\"font-size: 14px;\"><strong>Lieu de la perte<br \/>\n<\/strong><\/span><\/td>\n<td style=\"width: 2%; text-align: center;\"><strong>:<br \/>\n<\/strong><\/td>\n<td style=\"text-align: left; width: 63%;\" colspan=\"12\"><span style=\"font-size: 14px;\"><em>R\u00e9gion de Arnhem (Hollande)<\/em><\/span><\/td>\n<\/tr>\n<tr style=\"height: 40px;\">\n<td style=\"width: 5%;\"><\/td>\n<td style=\"width: 5%;\"><\/td>\n<td style=\"width: 2%; text-align: center;\"><\/td>\n<td style=\"text-align: right; width: 8%;\"><\/td>\n<td style=\"text-align: right; width: 5%;\"><\/td>\n<td style=\"text-align: right; width: 5%;\"><\/td>\n<td style=\"text-align: right; width: 5%;\"><\/td>\n<td style=\"width: 2%; text-align: center;\"><\/td>\n<td style=\"text-align: left; width: 8%;\"><\/td>\n<td style=\"text-align: left; width: 2%;\"><\/td>\n<td style=\"text-align: left; width: 5%;\"><\/td>\n<td style=\"text-align: left; width: 3%;\"><\/td>\n<td style=\"text-align: left; width: 5%;\"><\/td>\n<td style=\"text-align: left; width: 5%;\"><\/td>\n<td style=\"text-align: left; width: 5%;\"><\/td>\n<td style=\"text-align: left; width: 5%;\"><\/td>\n<td style=\"text-align: left; width: 5%;\"><\/td>\n<td style=\"text-align: left; width: 5%;\"><\/td>\n<td style=\"text-align: left; width: 5%;\"><\/td>\n<td style=\"text-align: left; width: 10%;\"><\/td>\n<\/tr>\n<tr style=\"height: 60px;\">\n<td style=\"width: 5%;\"><img decoding=\"async\" src=\"https:\/\/www.auzeau.fr\/39-45\/wp-content\/uploads\/images\/Drapeaux\/France.png\" alt=\"France\" width=\"40\" height=\"20\" \/><\/td>\n<td style=\"width: 5%;\"><span class='tooltipsall tooltipsincontent classtoolTips170'>Cne<\/span><\/td>\n<td style=\"text-align: left;\" colspan=\"5\">Didier Maurice Andr\u00e9<\/td>\n<td style=\"text-align: left;\" colspan=\"3\"><span style=\"color: #000000;\"><strong>B\u00c9GUIN<\/strong><\/span><\/td>\n<td style=\"text-align: center;\" colspan=\"2\"><span class='tooltipsall tooltipsincontent classtoolTips151'>Pil<\/span><\/td>\n<td style=\"width: 5%; text-align: center;\"><span class='tooltipsall tooltipsincontent classtoolTips69'>FAFL<\/span><\/td>\n<td style=\"text-align: center;\" colspan=\"2\"><\/td>\n<td style=\"width: 5%; text-align: center;\"><span style=\"color: #000000;\"><strong><span class='tooltipsall tooltipsincontent classtoolTips110'>KIA<\/span><\/strong><\/span><\/td>\n<td style=\"text-align: left;\" colspan=\"4\"><img decoding=\"async\" title=\"Chevalier L\u00e9gion d'Honneur\" src=\"https:\/\/www.auzeau.fr\/39-45\/wp-content\/uploads\/images\/Medaille\/de7ad77f9fc044a1c8d501e35183a115.png\" alt=\"Chevalier de la L\u00e9gion d'Honneur\" width=\"72\" height=\"20\" \/>\u00a0<img loading=\"lazy\" decoding=\"async\" title=\"Compagnon de la Liberation\" src=\"https:\/\/www.auzeau.fr\/39-45\/wp-content\/uploads\/images\/Medaille\/Compagnon-de-la-Liberation.png\" alt=\"Compagnon de la Lib\u00e9ration\" width=\"73\" height=\"20\" \/>\u00a0 <img loading=\"lazy\" decoding=\"async\" title=\"Croix de Guerre 39-45\" src=\"https:\/\/www.auzeau.fr\/39-45\/wp-content\/uploads\/images\/Medaille\/Croix-de-Guerre-39-45.png\" alt=\"Croix de Guerre 39-45\" width=\"72\" height=\"20\" \/>\u00a0<img loading=\"lazy\" decoding=\"async\" title=\"Medaille de la Resistance\" src=\"https:\/\/www.auzeau.fr\/39-45\/wp-content\/uploads\/images\/Medaille\/Medaille-de-la-Resistance.svg_.png\" alt=\"M\u00e9daille de la R\u00e9sistance\" width=\"73\" height=\"20\" \/>\u00a0<img loading=\"lazy\" decoding=\"async\" title=\"Ordre de la Guerre patriotique de seconde classe\" src=\"https:\/\/www.auzeau.fr\/39-45\/wp-content\/uploads\/images\/Medaille\/Ordre-de-la-Guerre-patriotique-de-seconde-classe.png\" alt=\"Ordre de la Guerre patriotique de seconde classe\" width=\"70\" height=\"20\" \/>\u00a0<img loading=\"lazy\" decoding=\"async\" title=\"Ordre du drapeau rouge\" src=\"https:\/\/www.auzeau.fr\/39-45\/wp-content\/uploads\/images\/Medaille\/Ordre-du-drapeau-rouge.png\" alt=\"Ordre du drapeau rouge\" width=\"70\" height=\"20\" \/><strong> <span class='tooltipsall tooltipsincontent classtoolTips126'>MPF<\/span><\/strong><\/td>\n<\/tr>\n<\/tbody>\n<\/table>\n<div id='gallery-1' class='gallery galleryid-73549 gallery-columns-2 gallery-size-thumbnail'><figure class='gallery-item'>\n\t\t\t<div class='gallery-icon portrait'>\n\t\t\t\t<a title=\"Didier Beguin\"  title=\"Didier Beguin\"  href='https:\/\/www.auzeau.fr\/39-45\/wp-content\/uploads\/Cimetieres\/31%20--%2060\/54-Meurthe-et-Moselle\/54\/Montauville\/PT965\/Beguin-1.jpg'><img loading=\"lazy\" decoding=\"async\" width=\"150\" height=\"150\" src=\"https:\/\/www.auzeau.fr\/39-45\/wp-content\/uploads\/Cimetieres\/31 -- 60\/54-Meurthe-et-Moselle\/54\/Montauville\/PT965\/Beguin-1-150x150.jpg\" class=\"attachment-thumbnail size-thumbnail\" alt=\"\" srcset=\"https:\/\/www.auzeau.fr\/39-45\/wp-content\/uploads\/Cimetieres\/31%20--%2060\/54-Meurthe-et-Moselle\/54\/Montauville\/PT965\/Beguin-1-150x150.jpg 150w, https:\/\/www.auzeau.fr\/39-45\/wp-content\/uploads\/Cimetieres\/31%20--%2060\/54-Meurthe-et-Moselle\/54\/Montauville\/PT965\/Beguin-1-50x50.jpg 50w\" sizes=\"(max-width: 150px) 100vw, 150px\" \/><\/a>\n\t\t\t<\/div><\/figure><figure class='gallery-item'>\n\t\t\t<div class='gallery-icon landscape'>\n\t\t\t\t<a title=\"Didir Beguin\"  title=\"Didir Beguin\"  href='https:\/\/www.auzeau.fr\/39-45\/wp-content\/uploads\/Cimetieres\/31%20--%2060\/54-Meurthe-et-Moselle\/54\/Montauville\/PT965\/Beguin-2.jpg'><img loading=\"lazy\" decoding=\"async\" width=\"150\" height=\"150\" src=\"https:\/\/www.auzeau.fr\/39-45\/wp-content\/uploads\/Cimetieres\/31 -- 60\/54-Meurthe-et-Moselle\/54\/Montauville\/PT965\/Beguin-2-150x150.jpg\" class=\"attachment-thumbnail size-thumbnail\" alt=\"\" srcset=\"https:\/\/www.auzeau.fr\/39-45\/wp-content\/uploads\/Cimetieres\/31%20--%2060\/54-Meurthe-et-Moselle\/54\/Montauville\/PT965\/Beguin-2-150x150.jpg 150w, https:\/\/www.auzeau.fr\/39-45\/wp-content\/uploads\/Cimetieres\/31%20--%2060\/54-Meurthe-et-Moselle\/54\/Montauville\/PT965\/Beguin-2-50x50.jpg 50w\" sizes=\"(max-width: 150px) 100vw, 150px\" \/><\/a>\n\t\t\t<\/div><\/figure>\n\t\t<\/div>\n\n<table style=\"width: 100%; border-collapse: collapse; background-color: #dcdcdc;\">\n<tbody>\n<tr>\n<td style=\"width: 100%; text-align: center;\"><ul id=\"menu-54-montauville\" class=\"menu\"><li id=\"menu-item-74282\" class=\"menu-item menu-item-type-post_type menu-item-object-page menu-item-74282\"><a href=\"https:\/\/www.auzeau.fr\/39-45\/france\/54-meurthe-et-moselle\/54-montauville-necropole-nationale\/\">Bloch MB200 n\u00b0163<\/a><\/li>\n<li id=\"menu-item-74283\" class=\"menu-item menu-item-type-post_type menu-item-object-page menu-item-74283\"><a href=\"https:\/\/www.auzeau.fr\/39-45\/france\/54-meurthe-et-moselle\/54-montauville-necropole-nationale-2\/\">Bloch MB200 n\u00b0162<\/a><\/li>\n<li id=\"menu-item-74284\" class=\"menu-item menu-item-type-post_type menu-item-object-page menu-item-74284\"><a href=\"https:\/\/www.auzeau.fr\/39-45\/france\/54-meurthe-et-moselle\/54-montauville-necropole-nationale-3\/\">Halifax LW443<\/a><\/li>\n<li id=\"menu-item-74285\" class=\"menu-item menu-item-type-post_type menu-item-object-page menu-item-74285\"><a href=\"https:\/\/www.auzeau.fr\/39-45\/france\/54-meurthe-et-moselle\/54-montauville-necropole-nationale-4\/\">Halifax NA546<\/a><\/li>\n<li id=\"menu-item-74286\" class=\"menu-item menu-item-type-post_type menu-item-object-page menu-item-74286\"><a href=\"https:\/\/www.auzeau.fr\/39-45\/france\/54-meurthe-et-moselle\/54-montauville-necropole-nationale-5\/\">Spitfire PT965<\/a><\/li>\n<li id=\"menu-item-74287\" class=\"menu-item menu-item-type-post_type menu-item-object-page menu-item-74287\"><a href=\"https:\/\/www.auzeau.fr\/39-45\/france\/54-meurthe-et-moselle\/54-montauville-necropole-nationale-6\/\">Halifax PN179<\/a><\/li>\n<li id=\"menu-item-74288\" class=\"menu-item menu-item-type-post_type menu-item-object-page menu-item-74288\"><a href=\"https:\/\/www.auzeau.fr\/39-45\/france\/54-meurthe-et-moselle\/54-montauville-necropole-nationale-7\/\">Halifax MZ738<\/a><\/li>\n<li id=\"menu-item-74289\" class=\"menu-item menu-item-type-post_type menu-item-object-page menu-item-74289\"><a href=\"https:\/\/www.auzeau.fr\/39-45\/france\/54-meurthe-et-moselle\/54-montauville-necropole-nationale-8\/\">Halifax NP921<\/a><\/li>\n<\/ul><\/td>\n<\/tr>\n<\/tbody>\n<\/table>\n<hr \/>\n<p style=\"text-align: center;\"><ul id=\"menu-54-meurthe-et-moselle\" class=\"menu\"><li id=\"menu-item-73712\" class=\"menu-item menu-item-type-post_type menu-item-object-page menu-item-73712\"><a href=\"https:\/\/www.auzeau.fr\/39-45\/france\/54-meurthe-et-moselle\/54-abbeville-les-conflans\/\">54 \u2013 Abb\u00e9ville-l\u00e8s-Conflans<\/a><\/li>\n<li id=\"menu-item-73711\" class=\"menu-item menu-item-type-post_type menu-item-object-page menu-item-73711\"><a href=\"https:\/\/www.auzeau.fr\/39-45\/france\/54-meurthe-et-moselle\/54-aingeray\/\">54 \u2013 Aingeray<\/a><\/li>\n<li id=\"menu-item-73710\" class=\"menu-item menu-item-type-post_type menu-item-object-page menu-item-73710\"><a href=\"https:\/\/www.auzeau.fr\/39-45\/france\/54-meurthe-et-moselle\/54-blamont\/\">54 \u2013 Blamont<\/a><\/li>\n<li id=\"menu-item-66729\" class=\"menu-item menu-item-type-custom menu-item-object-custom menu-item-66729\"><a href=\"http:\/\/39-45.auzeau.fr\/france\/54-meurthe-et-moselle\/54-choloy-war-cemetery\/\">54 &#8211; Choloy War Cemetery<\/a><\/li>\n<li id=\"menu-item-73709\" class=\"menu-item menu-item-type-post_type menu-item-object-page menu-item-73709\"><a href=\"https:\/\/www.auzeau.fr\/39-45\/france\/54-meurthe-et-moselle\/54-embermenil\/\">54 \u2013 Embermenil<\/a><\/li>\n<li id=\"menu-item-73723\" class=\"menu-item menu-item-type-post_type menu-item-object-page menu-item-73723\"><a href=\"https:\/\/www.auzeau.fr\/39-45\/france\/54-meurthe-et-moselle\/54-glonville\/\">54 \u2013 Glonville<\/a><\/li>\n<li id=\"menu-item-74178\" class=\"menu-item menu-item-type-post_type menu-item-object-page menu-item-74178\"><a href=\"https:\/\/www.auzeau.fr\/39-45\/france\/54-meurthe-et-moselle\/54-haroue\/\">54 \u2013 Harou\u00e9<\/a><\/li>\n<li id=\"menu-item-74177\" class=\"menu-item menu-item-type-post_type menu-item-object-page menu-item-74177\"><a href=\"https:\/\/www.auzeau.fr\/39-45\/france\/54-meurthe-et-moselle\/54-jaulny\/\">54 \u2013 Jaulny<\/a><\/li>\n<li id=\"menu-item-74179\" class=\"menu-item menu-item-type-post_type menu-item-object-page menu-item-74179\"><a href=\"https:\/\/www.auzeau.fr\/39-45\/france\/54-meurthe-et-moselle\/54-joeuf\/\">54 \u2013 Joeuf<\/a><\/li>\n<li id=\"menu-item-74176\" class=\"menu-item menu-item-type-post_type menu-item-object-page menu-item-74176\"><a href=\"https:\/\/www.auzeau.fr\/39-45\/france\/54-meurthe-et-moselle\/54-longuyon\/\">54 \u2013 Longuyon<\/a><\/li>\n<li id=\"menu-item-74175\" class=\"menu-item menu-item-type-post_type menu-item-object-page menu-item-74175\"><a href=\"https:\/\/www.auzeau.fr\/39-45\/france\/54-meurthe-et-moselle\/54-millery\/\">54 \u2013 Millery<\/a><\/li>\n<li id=\"menu-item-74271\" class=\"menu-item menu-item-type-post_type menu-item-object-page menu-item-74271\"><a href=\"https:\/\/www.auzeau.fr\/39-45\/france\/54-meurthe-et-moselle\/54-montauville-necropole-nationale\/\">54 \u2013 Montauville <em>N\u00e9cropole Nationale<\/em><\/a><\/li>\n<li id=\"menu-item-74174\" class=\"menu-item menu-item-type-post_type menu-item-object-page menu-item-74174\"><a href=\"https:\/\/www.auzeau.fr\/39-45\/france\/54-meurthe-et-moselle\/54-norroy-les-pont-a-mousson\/\">54 \u2013 Norroy-l\u00e8s-Pont-\u00e0-Mousson<\/a><\/li>\n<li id=\"menu-item-74173\" class=\"menu-item menu-item-type-post_type menu-item-object-page menu-item-74173\"><a href=\"https:\/\/www.auzeau.fr\/39-45\/france\/54-meurthe-et-moselle\/54-petitmont\/\">54 \u2013 Petitmont<\/a><\/li>\n<li id=\"menu-item-74348\" class=\"menu-item menu-item-type-post_type menu-item-object-page menu-item-74348\"><a href=\"https:\/\/www.auzeau.fr\/39-45\/france\/54-meurthe-et-moselle\/54-pierrepont-necropole-nationale\/\">54 \u2013 Pierrepont <em>N\u00e9cropole Nationale<\/em><\/a><\/li>\n<li id=\"menu-item-74347\" class=\"menu-item menu-item-type-post_type menu-item-object-page menu-item-74347\"><a href=\"https:\/\/www.auzeau.fr\/39-45\/france\/54-meurthe-et-moselle\/54-selaincourt\/\">54 \u2013 Selaincourt<\/a><\/li>\n<li id=\"menu-item-74346\" class=\"menu-item menu-item-type-post_type menu-item-object-page menu-item-74346\"><a href=\"https:\/\/www.auzeau.fr\/39-45\/france\/54-meurthe-et-moselle\/54-sorneville\/\">54 \u2013 Sorn\u00e9ville<\/a><\/li>\n<li id=\"menu-item-74279\" class=\"menu-item menu-item-type-post_type menu-item-object-page menu-item-74279\"><a href=\"https:\/\/www.auzeau.fr\/39-45\/france\/54-meurthe-et-moselle\/54-thiebaumenil\/\">54 \u2013 Thi\u00e9baum\u00e9nil<\/a><\/li>\n<li id=\"menu-item-74345\" class=\"menu-item menu-item-type-post_type menu-item-object-page menu-item-74345\"><a href=\"https:\/\/www.auzeau.fr\/39-45\/france\/54-meurthe-et-moselle\/54-tramont-lassus\/\">54 \u2013 Tramont-Lassus<\/a><\/li>\n<li id=\"menu-item-74280\" class=\"menu-item menu-item-type-post_type menu-item-object-page menu-item-74280\"><a href=\"https:\/\/www.auzeau.fr\/39-45\/france\/54-meurthe-et-moselle\/54-val-de-briey\/\">54 \u2013 Val de Briey (Briey)<\/a><\/li>\n<li id=\"menu-item-74349\" class=\"menu-item menu-item-type-post_type menu-item-object-page menu-item-74349\"><a href=\"https:\/\/www.auzeau.fr\/39-45\/france\/54-meurthe-et-moselle\/54-villers-sous-preny\/\">54 \u2013 Villers-sous-Pr\u00e9ny<\/a><\/li>\n<\/ul>\n<script type=\"text\/javascript\"> toolTips('.classtoolTips69','Force A\u00e9rienne Fran\u00e7aise Libre<br\/><br\/>Free French Air Force'); <\/script><script type=\"text\/javascript\"> toolTips('.classtoolTips70','<img class=\"aligncenter wp-image-65848 size-full\" title=\"Flak18\" src=\"https:\/\/www.auzeau.fr\/39-45\/wp-content\/uploads\/images\/Materiel\/Flak18.JPG\" alt=\"\" width=\"640\" height=\"499\" \/><br\/><img class=\"aligncenter size-full wp-image-65849\" title=\"Flak30\" src=\"https:\/\/www.auzeau.fr\/39-45\/wp-content\/uploads\/images\/Materiel\/Flak30.JPG\" alt=\"\" width=\"640\" height=\"499\" \/>'); <\/script><script type=\"text\/javascript\"> toolTips('.classtoolTips98','Colonel'); <\/script><script type=\"text\/javascript\"> toolTips('.classtoolTips110','Tu\u00e9 au combat<br\/><br\/>Killed In Action'); <\/script><script type=\"text\/javascript\"> toolTips('.classtoolTips123','Secret Intelligence Service<br\/><br\/>Service Secret'); <\/script><script type=\"text\/javascript\"> toolTips('.classtoolTips126','Mort Pour la France'); <\/script><script type=\"text\/javascript\"> toolTips('.classtoolTips127','D\u00e9c\u00e9d\u00e9 en Service A\u00e9rien Command\u00e9'); <\/script><script type=\"text\/javascript\"> toolTips('.classtoolTips132','Force A\u00e9rienne Fran\u00e7aise<br\/><br\/>French Air Force'); <\/script><script type=\"text\/javascript\"> toolTips('.classtoolTips134','\u00c9vad\u00e9<br\/><br\/>Evaded'); <\/script><script type=\"text\/javascript\"> toolTips('.classtoolTips138','<strong>Piste Avanc\u00e9e d\\'Aviation<\/strong><br\/><br\/>A\u00e9rodromes temporaires construits par les Alli\u00e9s au cours de la Seconde Guerre mondiale durant la lib\u00e9ration de l\\'Europe.<br\/><br\/><strong>Advanced Landing Ground<\/strong><br\/><br\/>Temporary advance airfields constructed by the Allies during World War II during the liberation of Europe.'); <\/script><script type=\"text\/javascript\"> toolTips('.classtoolTips144','Royal Corps of Signals'); <\/script><script type=\"text\/javascript\"> toolTips('.classtoolTips151','Pilote<br\/><br\/>Pilot'); <\/script><script type=\"text\/javascript\"> toolTips('.classtoolTips153','Porucznik'); <\/script><script type=\"text\/javascript\"> toolTips('.classtoolTips170','Capitaine'); <\/script><script type=\"text\/javascript\"> toolTips('.classtoolTips173','Leading Airman'); <\/script><script type=\"text\/javascript\"> toolTips('.classtoolTips185','Mitrailleur<br\/><br\/>Air Gunner'); <\/script><script type=\"text\/javascript\"> toolTips('.classtoolTips188','Bombardier<br\/><br\/>Air bomber'); <\/script><script type=\"text\/javascript\"> toolTips('.classtoolTips189','M\u00e9canicien volant<br\/><br\/>Flying Enginer'); <\/script><script type=\"text\/javascript\"> toolTips('.classtoolTips193','Royal Navy'); <\/script><script type=\"text\/javascript\"> toolTips('.classtoolTips195','Enseigne de Vaisseau'); <\/script><script type=\"text\/javascript\"> toolTips('.classtoolTips197','Aircraftman'); <\/script><script type=\"text\/javascript\"> toolTips('.classtoolTips199','Radio Officer'); <\/script><script type=\"text\/javascript\"> toolTips('.classtoolTips201','Lieutenant'); <\/script>","protected":false},"excerpt":{"rendered":"<p>Spitfire PT965 NL- 341 Sqn GC III\/2 &#8220;Alsace&#8221; Date : 26 novembre 1944 Mission : Escorte de 24 Boston allant bombarder des installations ferroviaires vers Deventer (Hollande) D\u00e9collage : ALG B-70 Antwerp-Deurne (Bel.) \u00e0 14:20 Causes de la perte : Abattu par la Flak Lieu de la perte : R\u00e9gion de Arnhem (Hollande) Cne Didier [&hellip;]<\/p>\n","protected":false},"author":1,"featured_media":0,"parent":65706,"menu_order":0,"comment_status":"closed","ping_status":"closed","template":"template-full-width Spitfire.php","meta":{"_lmt_disableupdate":"yes","_lmt_disable":"","footnotes":""},"categories":[586],"tags":[2094,3349],"wf_page_folders":[3142],"class_list":["post-73549","page","type-page","status-publish","hentry","category-spitfire","tag-341-squadron","tag-groupe-alsace"],"_links":{"self":[{"href":"https:\/\/www.auzeau.fr\/39-45\/wp-json\/wp\/v2\/pages\/73549","targetHints":{"allow":["GET"]}}],"collection":[{"href":"https:\/\/www.auzeau.fr\/39-45\/wp-json\/wp\/v2\/pages"}],"about":[{"href":"https:\/\/www.auzeau.fr\/39-45\/wp-json\/wp\/v2\/types\/page"}],"author":[{"embeddable":true,"href":"https:\/\/www.auzeau.fr\/39-45\/wp-json\/wp\/v2\/users\/1"}],"replies":[{"embeddable":true,"href":"https:\/\/www.auzeau.fr\/39-45\/wp-json\/wp\/v2\/comments?post=73549"}],"version-history":[{"count":0,"href":"https:\/\/www.auzeau.fr\/39-45\/wp-json\/wp\/v2\/pages\/73549\/revisions"}],"up":[{"embeddable":true,"href":"https:\/\/www.auzeau.fr\/39-45\/wp-json\/wp\/v2\/pages\/65706"}],"wp:attachment":[{"href":"https:\/\/www.auzeau.fr\/39-45\/wp-json\/wp\/v2\/media?parent=73549"}],"wp:term":[{"taxonomy":"category","embeddable":true,"href":"https:\/\/www.auzeau.fr\/39-45\/wp-json\/wp\/v2\/categories?post=73549"},{"taxonomy":"post_tag","embeddable":true,"href":"https:\/\/www.auzeau.fr\/39-45\/wp-json\/wp\/v2\/tags?post=73549"},{"taxonomy":"wf_page_folders","embeddable":true,"href":"https:\/\/www.auzeau.fr\/39-45\/wp-json\/wp\/v2\/wf_page_folders?post=73549"}],"curies":[{"name":"wp","href":"https:\/\/api.w.org\/{rel}","templated":true}]}}