{"id":73405,"date":"2020-02-29T09:47:31","date_gmt":"2020-02-29T08:47:31","guid":{"rendered":"http:\/\/39-45.auzeau.fr\/?page_id=73405"},"modified":"2021-06-28T19:45:37","modified_gmt":"2021-06-28T17:45:37","slug":"54-haroue","status":"publish","type":"page","link":"https:\/\/www.auzeau.fr\/39-45\/france\/54-meurthe-et-moselle\/54-haroue\/","title":{"rendered":"54 &#8211; Harou\u00e9"},"content":{"rendered":"<p><img fetchpriority=\"high\" decoding=\"async\" class=\"aligncenter\" src=\"https:\/\/www.auzeau.fr\/39-45\/wp-content\/uploads\/Cimetieres\/31 -- 60\/54-Meurthe-et-Moselle\/54\/Haroue\/Haroue.jpg\" sizes=\"(max-width: 900px) 100vw, 900px\" srcset=\"https:\/\/www.auzeau.fr\/39-45\/wp-content\/uploads\/Cimetieres\/31%20--%2060\/54-Meurthe-et-Moselle\/54\/Haroue\/Haroue.jpg 900w, https:\/\/www.auzeau.fr\/39-45\/wp-content\/uploads\/Cimetieres\/31%20--%2060\/54-Meurthe-et-Moselle\/54\/Haroue\/Haroue-300x133.jpg 300w, https:\/\/www.auzeau.fr\/39-45\/wp-content\/uploads\/Cimetieres\/31%20--%2060\/54-Meurthe-et-Moselle\/54\/Haroue\/Haroue-768x340.jpg 768w\" alt=\"\" width=\"900\" height=\"399\" \/><\/p>\n<table style=\"width: 100%;\" border=\"0\">\n<tbody>\n<tr>\n<td style=\"width: 5%;\"><\/td>\n<td style=\"width: 5%;\"><\/td>\n<td style=\"width: 2%;\"><\/td>\n<td style=\"width: 8%;\"><\/td>\n<td style=\"width: 5%;\"><\/td>\n<td style=\"width: 5%;\"><\/td>\n<td style=\"width: 5%;\"><\/td>\n<td style=\"width: 2%;\"><\/td>\n<td style=\"width: 8%;\"><\/td>\n<td style=\"width: 2%;\"><\/td>\n<td style=\"width: 5%;\"><\/td>\n<td style=\"width: 3%;\"><\/td>\n<td style=\"width: 5%;\"><\/td>\n<td style=\"width: 5%;\"><\/td>\n<td style=\"width: 5%;\"><\/td>\n<td style=\"width: 5%;\"><\/td>\n<td style=\"width: 5%;\"><\/td>\n<td style=\"width: 5%;\"><\/td>\n<td style=\"width: 5%;\"><\/td>\n<td style=\"width: 10%;\"><\/td>\n<\/tr>\n<tr>\n<td style=\"width: 75%;\" colspan=\"16\"><span style=\"font-size: xx-large;\"><strong><span style=\"color: #000000;\">Bloch MB174 n\u00b0 9<\/span><\/strong><\/span><\/td>\n<td style=\"width: 25%; text-align: center;\" colspan=\"4\"><span style=\"font-size: xx-large;\"><strong>GR II\/33<\/strong><\/span><\/td>\n<\/tr>\n<tr>\n<td style=\"width: 75%;\" colspan=\"16\"><\/td>\n<td style=\"width: 25%; text-align: center;\" colspan=\"4\"><\/td>\n<\/tr>\n<tr style=\"height: 40px;\">\n<td style=\"text-align: right; width: 5%;\"><\/td>\n<td style=\"text-align: right; width: 5%;\"><\/td>\n<td style=\"text-align: right; width: 2%;\"><\/td>\n<td style=\"text-align: right; width: 8%;\"><\/td>\n<td style=\"text-align: right; width: 5%;\"><\/td>\n<td style=\"text-align: right; width: 5%;\"><\/td>\n<td style=\"text-align: right; width: 5%;\"><\/td>\n<td style=\"text-align: right; width: 2%;\"><\/td>\n<td style=\"text-align: right; width: 8%;\"><\/td>\n<td style=\"text-align: right; width: 2%;\"><\/td>\n<td style=\"text-align: right; width: 5%;\"><\/td>\n<td style=\"text-align: right; width: 3%;\"><\/td>\n<td style=\"text-align: right; width: 5%;\"><\/td>\n<td style=\"text-align: right; width: 5%;\"><\/td>\n<td style=\"text-align: right; width: 5%;\"><\/td>\n<td style=\"text-align: right; width: 5%;\"><\/td>\n<td style=\"text-align: right; width: 5%;\"><\/td>\n<td style=\"text-align: right; width: 5%;\"><\/td>\n<td style=\"text-align: right; width: 5%;\"><\/td>\n<td style=\"text-align: right; width: 10%;\"><\/td>\n<\/tr>\n<tr>\n<td style=\"text-align: right; width: 5%;\"><\/td>\n<td style=\"text-align: right; width: 5%;\"><span style=\"font-size: 14px;\"><strong>Date<\/strong><\/span><\/td>\n<td style=\"width: 2%; text-align: center;\"><strong>:<\/strong><\/td>\n<td style=\"width: 13%; text-align: left;\" colspan=\"2\"><span style=\"font-size: 14px;\"><em>17 mai 1940<br \/>\n<\/em><\/span><\/td>\n<td style=\"text-align: right; width: 5%;\"><\/td>\n<td style=\"text-align: right; width: 5%;\"><\/td>\n<td style=\"text-align: right; width: 2%;\"><\/td>\n<td style=\"text-align: right; width: 8%;\"><span style=\"font-size: 14px;\"><strong>Mission<\/strong><\/span><\/td>\n<td style=\"width: 2%; text-align: center;\"><strong><span style=\"font-size: 14px;\">:<\/span><\/strong><\/td>\n<td style=\"text-align: left; width: 53%;\" colspan=\"10\"><span style=\"font-size: 14px;\"><em>Retour \u00e0 Warmwell par Swanage and Portland<\/em><\/span><span style=\"font-size: 14px;\"><em><br \/>\n<\/em><\/span><\/td>\n<\/tr>\n<tr style=\"height: 40px;\">\n<td style=\"text-align: right; width: 5%;\"><\/td>\n<td style=\"text-align: right; width: 5%;\"><\/td>\n<td style=\"width: 2%; text-align: center;\"><\/td>\n<td style=\"width: 8%; text-align: left;\"><\/td>\n<td style=\"text-align: right; width: 5%;\"><\/td>\n<td style=\"text-align: right; width: 5%;\"><\/td>\n<td style=\"text-align: right; width: 5%;\"><\/td>\n<td style=\"text-align: right; width: 2%;\"><\/td>\n<td style=\"text-align: right; width: 8%;\"><\/td>\n<td style=\"width: 2%; text-align: center;\"><\/td>\n<td style=\"text-align: left; width: 5%;\"><\/td>\n<td style=\"text-align: left; width: 3%;\"><\/td>\n<td style=\"text-align: left; width: 5%;\"><\/td>\n<td style=\"text-align: left; width: 5%;\"><\/td>\n<td style=\"text-align: left; width: 5%;\"><\/td>\n<td style=\"text-align: left; width: 5%;\"><\/td>\n<td style=\"text-align: left; width: 5%;\"><\/td>\n<td style=\"text-align: left; width: 5%;\"><\/td>\n<td style=\"text-align: left; width: 5%;\"><\/td>\n<td style=\"text-align: left; width: 10%;\"><\/td>\n<\/tr>\n<tr style=\"height: 40px;\">\n<td style=\"text-align: right; width: 10%;\" colspan=\"2\"><\/td>\n<td style=\"width: 2%; text-align: center;\"><\/td>\n<td style=\"text-align: right; width: 23%;\" colspan=\"4\"><span style=\"font-size: 14px;\"><strong>D\u00e9collage<\/strong><\/span><\/td>\n<td style=\"width: 2%; text-align: center;\"><strong>:<\/strong><\/td>\n<td style=\"text-align: left; width: 63%;\" colspan=\"12\"><span style=\"font-size: 14px;\"><em>Nangis (77) \u00e0<\/em><\/span><\/td>\n<\/tr>\n<tr style=\"height: 40px;\">\n<td style=\"text-align: right; width: 10%;\" colspan=\"2\"><\/td>\n<td style=\"width: 2%; text-align: center;\"><\/td>\n<td style=\"text-align: right; width: 23%;\" colspan=\"4\"><span style=\"font-size: 14px;\"><strong>Causes de la perte<br \/>\n<\/strong><\/span><\/td>\n<td style=\"width: 2%; text-align: center;\"><strong>:<br \/>\n<\/strong><\/td>\n<td style=\"text-align: left; width: 63%;\" colspan=\"12\"><span style=\"font-size: 14px;\"><em>Touch\u00e9 par la <span class='tooltipsall tooltipsincontent classtoolTips70'>Flak<\/span>, le pilote r\u00e9ussi \u00e0 se poser sur le terrrain du Bourget (93)<\/em><\/span><\/td>\n<\/tr>\n<tr style=\"height: 40px;\">\n<td style=\"text-align: right; width: 10%;\" colspan=\"2\"><\/td>\n<td style=\"width: 2%; text-align: center;\"><\/td>\n<td style=\"text-align: right; width: 23%;\" colspan=\"4\"><span style=\"font-size: 14px;\"><strong>Lieu de la perte<br \/>\n<\/strong><\/span><\/td>\n<td style=\"width: 2%; text-align: center;\"><strong>:<br \/>\n<\/strong><\/td>\n<td style=\"text-align: left; width: 63%;\" colspan=\"12\"><span style=\"font-size: 14px;\"><em>Au-dessus Grisy-les-Pl\u00e2tres (95) pour un raison inconnu le mitrailleur \u00e9vacue en parachute mais heurte de la t\u00eate l\u2019empennage de l&#8217;appareil<\/em><\/span><\/td>\n<\/tr>\n<tr style=\"height: 40px;\">\n<td style=\"width: 5%;\"><\/td>\n<td style=\"width: 5%;\"><\/td>\n<td style=\"width: 2%; text-align: center;\"><\/td>\n<td style=\"text-align: right; width: 8%;\"><\/td>\n<td style=\"text-align: right; width: 5%;\"><\/td>\n<td style=\"text-align: right; width: 5%;\"><\/td>\n<td style=\"text-align: right; width: 5%;\"><\/td>\n<td style=\"width: 2%; text-align: center;\"><\/td>\n<td style=\"text-align: left; width: 8%;\"><\/td>\n<td style=\"text-align: left; width: 2%;\"><\/td>\n<td style=\"text-align: left; width: 5%;\"><\/td>\n<td style=\"text-align: left; width: 3%;\"><\/td>\n<td style=\"text-align: left; width: 5%;\"><\/td>\n<td style=\"text-align: left; width: 5%;\"><\/td>\n<td style=\"text-align: left; width: 5%;\"><\/td>\n<td style=\"text-align: left; width: 5%;\"><\/td>\n<td style=\"text-align: left; width: 5%;\"><\/td>\n<td style=\"text-align: left; width: 5%;\"><\/td>\n<td style=\"text-align: left; width: 5%;\"><\/td>\n<td style=\"text-align: left; width: 10%;\"><\/td>\n<\/tr>\n<tr style=\"height: 60px;\">\n<td style=\"width: 5%;\"><img decoding=\"async\" src=\"https:\/\/www.auzeau.fr\/39-45\/wp-content\/uploads\/images\/Drapeaux\/France.png\" alt=\"France\" width=\"40\" height=\"20\" \/><\/td>\n<td style=\"width: 5%;\"><span class='tooltipsall tooltipsincontent classtoolTips170'>Cne<\/span><\/td>\n<td style=\"text-align: left;\" colspan=\"5\">Henri<\/td>\n<td style=\"text-align: left;\" colspan=\"3\"><span style=\"color: #000000;\"><strong>CHERY<\/strong><\/span><\/td>\n<td style=\"text-align: center;\" colspan=\"2\"><span class='tooltipsall tooltipsincontent classtoolTips117'>Obs<\/span><\/td>\n<td style=\"width: 5%; text-align: center;\"><span class='tooltipsall tooltipsincontent classtoolTips136'>AAF<\/span><\/td>\n<td style=\"text-align: center;\" colspan=\"2\"><\/td>\n<td style=\"width: 5%; text-align: center;\"><span class='tooltipsall tooltipsincontent classtoolTips150'>IND<\/span><\/td>\n<td style=\"text-align: left;\" colspan=\"4\"><\/td>\n<\/tr>\n<tr style=\"height: 60px;\">\n<td style=\"width: 5%;\"><img decoding=\"async\" src=\"https:\/\/www.auzeau.fr\/39-45\/wp-content\/uploads\/images\/Drapeaux\/France.png\" alt=\"France\" width=\"40\" height=\"20\" \/><\/td>\n<td style=\"width: 5%;\"><span class='tooltipsall tooltipsincontent classtoolTips201'>Lt<\/span><\/td>\n<td style=\"text-align: left;\" colspan=\"5\">Jules \u00c9mile Henri<\/td>\n<td style=\"text-align: left;\" colspan=\"3\"><span style=\"color: #000000;\"><strong>HOCHED\u00c9<\/strong><\/span><\/td>\n<td style=\"text-align: center;\" colspan=\"2\"><span class='tooltipsall tooltipsincontent classtoolTips151'>Pil<\/span><\/td>\n<td style=\"width: 5%; text-align: center;\"><span class='tooltipsall tooltipsincontent classtoolTips136'>AAF<\/span><\/td>\n<td style=\"text-align: center;\" colspan=\"2\"><\/td>\n<td style=\"width: 5%; text-align: center;\"><span class='tooltipsall tooltipsincontent classtoolTips150'>IND<\/span><\/td>\n<td style=\"text-align: left;\" colspan=\"4\"><span style=\"font-size: 8pt;\">se tue le 28\/06\/1943 au Cap Matifou (Alg\u00e9rie) durant un vol d&#8217;entrainement sur le P-38 &#8220;Lightning&#8221; n\u00b0 2142<\/span><\/td>\n<\/tr>\n<tr style=\"height: 60px;\">\n<td style=\"width: 5%;\"><img decoding=\"async\" src=\"https:\/\/www.auzeau.fr\/39-45\/wp-content\/uploads\/images\/Drapeaux\/France.png\" alt=\"France\" width=\"40\" height=\"20\" \/><\/td>\n<td style=\"width: 5%;\"><span class='tooltipsall tooltipsincontent classtoolTips179'>Adj<\/span><\/td>\n<td style=\"text-align: left;\" colspan=\"5\">Georges Jean Pierre L\u00e9opold G\u00e9rard<\/td>\n<td style=\"text-align: left;\" colspan=\"3\"><span style=\"color: #000000;\"><strong>MILLET<\/strong><\/span><\/td>\n<td style=\"text-align: center;\" colspan=\"2\"><span class='tooltipsall tooltipsincontent classtoolTips185'>AG<\/span><\/td>\n<td style=\"width: 5%; text-align: center;\"><span class='tooltipsall tooltipsincontent classtoolTips136'>AAF<\/span><\/td>\n<td style=\"text-align: center;\" colspan=\"2\">884<\/td>\n<td style=\"width: 5%; text-align: center;\"><strong><span class='tooltipsall tooltipsincontent classtoolTips125'>NBC<\/span><\/strong><\/td>\n<td style=\"text-align: left;\" colspan=\"4\"><strong><span class='tooltipsall tooltipsincontent classtoolTips126'>MPF<\/span> <\/strong><img decoding=\"async\" title=\"Croix-de-Guerre-39-45\" src=\"https:\/\/www.auzeau.fr\/39-45\/wp-content\/uploads\/images\/Medaille\/Croix-de-Guerre-39-45.png\" alt=\"Medaille - Croix-de-Guerre-39-45.png\" width=\"72\" height=\"20\" \/><\/td>\n<\/tr>\n<\/tbody>\n<\/table>\n<div id='gallery-1' class='gallery galleryid-73405 gallery-columns-2 gallery-size-thumbnail'><figure class='gallery-item'>\n\t\t\t<div class='gallery-icon landscape'>\n\t\t\t\t<a title=\"Goerges Millet\"  title=\"Goerges Millet\"  href='https:\/\/www.auzeau.fr\/39-45\/wp-content\/uploads\/Cimetieres\/31%20--%2060\/54-Meurthe-et-Moselle\/54\/Haroue\/Millet-1.jpg'><img loading=\"lazy\" decoding=\"async\" width=\"150\" height=\"150\" src=\"https:\/\/www.auzeau.fr\/39-45\/wp-content\/uploads\/Cimetieres\/31 -- 60\/54-Meurthe-et-Moselle\/54\/Haroue\/Millet-1-150x150.jpg\" class=\"attachment-thumbnail size-thumbnail\" alt=\"\" srcset=\"https:\/\/www.auzeau.fr\/39-45\/wp-content\/uploads\/Cimetieres\/31%20--%2060\/54-Meurthe-et-Moselle\/54\/Haroue\/Millet-1-150x150.jpg 150w, https:\/\/www.auzeau.fr\/39-45\/wp-content\/uploads\/Cimetieres\/31%20--%2060\/54-Meurthe-et-Moselle\/54\/Haroue\/Millet-1-50x50.jpg 50w\" sizes=\"(max-width: 150px) 100vw, 150px\" \/><\/a>\n\t\t\t<\/div><\/figure><figure class='gallery-item'>\n\t\t\t<div class='gallery-icon landscape'>\n\t\t\t\t<a title=\"Georges Millet\"  title=\"Georges Millet\"  href='https:\/\/www.auzeau.fr\/39-45\/wp-content\/uploads\/Cimetieres\/31%20--%2060\/54-Meurthe-et-Moselle\/54\/Haroue\/Millet-2.jpg'><img loading=\"lazy\" decoding=\"async\" width=\"150\" height=\"150\" src=\"https:\/\/www.auzeau.fr\/39-45\/wp-content\/uploads\/Cimetieres\/31 -- 60\/54-Meurthe-et-Moselle\/54\/Haroue\/Millet-2-150x150.jpg\" class=\"attachment-thumbnail size-thumbnail\" alt=\"\" srcset=\"https:\/\/www.auzeau.fr\/39-45\/wp-content\/uploads\/Cimetieres\/31%20--%2060\/54-Meurthe-et-Moselle\/54\/Haroue\/Millet-2-150x150.jpg 150w, https:\/\/www.auzeau.fr\/39-45\/wp-content\/uploads\/Cimetieres\/31%20--%2060\/54-Meurthe-et-Moselle\/54\/Haroue\/Millet-2-50x50.jpg 50w\" sizes=\"(max-width: 150px) 100vw, 150px\" \/><\/a>\n\t\t\t<\/div><\/figure>\n\t\t<\/div>\n\n<hr \/>\n<p style=\"text-align: center;\"><ul id=\"menu-54-meurthe-et-moselle\" class=\"menu\"><li id=\"menu-item-73712\" class=\"menu-item menu-item-type-post_type menu-item-object-page menu-item-73712\"><a href=\"https:\/\/www.auzeau.fr\/39-45\/france\/54-meurthe-et-moselle\/54-abbeville-les-conflans\/\">54 \u2013 Abb\u00e9ville-l\u00e8s-Conflans<\/a><\/li>\n<li id=\"menu-item-73711\" class=\"menu-item menu-item-type-post_type menu-item-object-page menu-item-73711\"><a href=\"https:\/\/www.auzeau.fr\/39-45\/france\/54-meurthe-et-moselle\/54-aingeray\/\">54 \u2013 Aingeray<\/a><\/li>\n<li id=\"menu-item-73710\" class=\"menu-item menu-item-type-post_type menu-item-object-page menu-item-73710\"><a href=\"https:\/\/www.auzeau.fr\/39-45\/france\/54-meurthe-et-moselle\/54-blamont\/\">54 \u2013 Blamont<\/a><\/li>\n<li id=\"menu-item-66729\" class=\"menu-item menu-item-type-custom menu-item-object-custom menu-item-66729\"><a href=\"http:\/\/39-45.auzeau.fr\/france\/54-meurthe-et-moselle\/54-choloy-war-cemetery\/\">54 &#8211; Choloy War Cemetery<\/a><\/li>\n<li id=\"menu-item-73709\" class=\"menu-item menu-item-type-post_type menu-item-object-page menu-item-73709\"><a href=\"https:\/\/www.auzeau.fr\/39-45\/france\/54-meurthe-et-moselle\/54-embermenil\/\">54 \u2013 Embermenil<\/a><\/li>\n<li id=\"menu-item-73723\" class=\"menu-item menu-item-type-post_type menu-item-object-page menu-item-73723\"><a href=\"https:\/\/www.auzeau.fr\/39-45\/france\/54-meurthe-et-moselle\/54-glonville\/\">54 \u2013 Glonville<\/a><\/li>\n<li id=\"menu-item-74178\" class=\"menu-item menu-item-type-post_type menu-item-object-page menu-item-74178\"><a href=\"https:\/\/www.auzeau.fr\/39-45\/france\/54-meurthe-et-moselle\/54-haroue\/\">54 \u2013 Harou\u00e9<\/a><\/li>\n<li id=\"menu-item-74177\" class=\"menu-item menu-item-type-post_type menu-item-object-page menu-item-74177\"><a href=\"https:\/\/www.auzeau.fr\/39-45\/france\/54-meurthe-et-moselle\/54-jaulny\/\">54 \u2013 Jaulny<\/a><\/li>\n<li id=\"menu-item-74179\" class=\"menu-item menu-item-type-post_type menu-item-object-page menu-item-74179\"><a href=\"https:\/\/www.auzeau.fr\/39-45\/france\/54-meurthe-et-moselle\/54-joeuf\/\">54 \u2013 Joeuf<\/a><\/li>\n<li id=\"menu-item-74176\" class=\"menu-item menu-item-type-post_type menu-item-object-page menu-item-74176\"><a href=\"https:\/\/www.auzeau.fr\/39-45\/france\/54-meurthe-et-moselle\/54-longuyon\/\">54 \u2013 Longuyon<\/a><\/li>\n<li id=\"menu-item-74175\" class=\"menu-item menu-item-type-post_type menu-item-object-page menu-item-74175\"><a href=\"https:\/\/www.auzeau.fr\/39-45\/france\/54-meurthe-et-moselle\/54-millery\/\">54 \u2013 Millery<\/a><\/li>\n<li id=\"menu-item-74271\" class=\"menu-item menu-item-type-post_type menu-item-object-page menu-item-74271\"><a href=\"https:\/\/www.auzeau.fr\/39-45\/france\/54-meurthe-et-moselle\/54-montauville-necropole-nationale\/\">54 \u2013 Montauville <em>N\u00e9cropole Nationale<\/em><\/a><\/li>\n<li id=\"menu-item-74174\" class=\"menu-item menu-item-type-post_type menu-item-object-page menu-item-74174\"><a href=\"https:\/\/www.auzeau.fr\/39-45\/france\/54-meurthe-et-moselle\/54-norroy-les-pont-a-mousson\/\">54 \u2013 Norroy-l\u00e8s-Pont-\u00e0-Mousson<\/a><\/li>\n<li id=\"menu-item-74173\" class=\"menu-item menu-item-type-post_type menu-item-object-page menu-item-74173\"><a href=\"https:\/\/www.auzeau.fr\/39-45\/france\/54-meurthe-et-moselle\/54-petitmont\/\">54 \u2013 Petitmont<\/a><\/li>\n<li id=\"menu-item-74348\" class=\"menu-item menu-item-type-post_type menu-item-object-page menu-item-74348\"><a href=\"https:\/\/www.auzeau.fr\/39-45\/france\/54-meurthe-et-moselle\/54-pierrepont-necropole-nationale\/\">54 \u2013 Pierrepont <em>N\u00e9cropole Nationale<\/em><\/a><\/li>\n<li id=\"menu-item-74347\" class=\"menu-item menu-item-type-post_type menu-item-object-page menu-item-74347\"><a href=\"https:\/\/www.auzeau.fr\/39-45\/france\/54-meurthe-et-moselle\/54-selaincourt\/\">54 \u2013 Selaincourt<\/a><\/li>\n<li id=\"menu-item-74346\" class=\"menu-item menu-item-type-post_type menu-item-object-page menu-item-74346\"><a href=\"https:\/\/www.auzeau.fr\/39-45\/france\/54-meurthe-et-moselle\/54-sorneville\/\">54 \u2013 Sorn\u00e9ville<\/a><\/li>\n<li id=\"menu-item-74279\" class=\"menu-item menu-item-type-post_type menu-item-object-page menu-item-74279\"><a href=\"https:\/\/www.auzeau.fr\/39-45\/france\/54-meurthe-et-moselle\/54-thiebaumenil\/\">54 \u2013 Thi\u00e9baum\u00e9nil<\/a><\/li>\n<li id=\"menu-item-74345\" class=\"menu-item menu-item-type-post_type menu-item-object-page menu-item-74345\"><a href=\"https:\/\/www.auzeau.fr\/39-45\/france\/54-meurthe-et-moselle\/54-tramont-lassus\/\">54 \u2013 Tramont-Lassus<\/a><\/li>\n<li id=\"menu-item-74280\" class=\"menu-item menu-item-type-post_type menu-item-object-page menu-item-74280\"><a href=\"https:\/\/www.auzeau.fr\/39-45\/france\/54-meurthe-et-moselle\/54-val-de-briey\/\">54 \u2013 Val de Briey (Briey)<\/a><\/li>\n<li id=\"menu-item-74349\" class=\"menu-item menu-item-type-post_type menu-item-object-page menu-item-74349\"><a href=\"https:\/\/www.auzeau.fr\/39-45\/france\/54-meurthe-et-moselle\/54-villers-sous-preny\/\">54 \u2013 Villers-sous-Pr\u00e9ny<\/a><\/li>\n<\/ul>\n<script type=\"text\/javascript\"> toolTips('.classtoolTips70','<img class=\"aligncenter wp-image-65848 size-full\" title=\"Flak18\" src=\"https:\/\/www.auzeau.fr\/39-45\/wp-content\/uploads\/images\/Materiel\/Flak18.JPG\" alt=\"\" width=\"640\" height=\"499\" \/><br\/><img class=\"aligncenter size-full wp-image-65849\" title=\"Flak30\" src=\"https:\/\/www.auzeau.fr\/39-45\/wp-content\/uploads\/images\/Materiel\/Flak30.JPG\" alt=\"\" width=\"640\" height=\"499\" \/>'); <\/script><script type=\"text\/javascript\"> toolTips('.classtoolTips98','Colonel'); <\/script><script type=\"text\/javascript\"> toolTips('.classtoolTips117','Observateur<br\/><br\/>Oberver'); <\/script><script type=\"text\/javascript\"> toolTips('.classtoolTips125','Perte hors combat<br\/><br\/>No Battle Casualty'); <\/script><script type=\"text\/javascript\"> toolTips('.classtoolTips126','Mort Pour la France'); <\/script><script type=\"text\/javascript\"> toolTips('.classtoolTips136','Arm\u00e9e de l\u2019Air Fran\u00e7aise'); <\/script><script type=\"text\/javascript\"> toolTips('.classtoolTips138','<strong>Piste Avanc\u00e9e d\\'Aviation<\/strong><br\/><br\/>A\u00e9rodromes temporaires construits par les Alli\u00e9s au cours de la Seconde Guerre mondiale durant la lib\u00e9ration de l\\'Europe.<br\/><br\/><strong>Advanced Landing Ground<\/strong><br\/><br\/>Temporary advance airfields constructed by the Allies during World War II during the liberation of Europe.'); <\/script><script type=\"text\/javascript\"> toolTips('.classtoolTips141','<img class=\"aligncenter size-full wp-image-74450\" title=\"Boeing B-17G Flying Fortress \u201cThe Pink Lady\u201d\" src=\"https:\/\/www.auzeau.fr\/39-45\/wp-content\/uploads\/Avions\/Slider\/Accueil\/F-AZDX_B17_LFPB_2009_034_DxO.webp\" alt=\"Boeing B-17G Flying Fortress \u201cThe Pink Lady\u201d\" width=\"1100\" height=\"275\" \/>'); <\/script><script type=\"text\/javascript\"> toolTips('.classtoolTips144','Royal Corps of Signals'); <\/script><script type=\"text\/javascript\"> toolTips('.classtoolTips150','Indemne<br\/><br\/>Unhurt'); <\/script><script type=\"text\/javascript\"> toolTips('.classtoolTips151','Pilote<br\/><br\/>Pilot'); <\/script><script type=\"text\/javascript\"> toolTips('.classtoolTips153','Porucznik'); <\/script><script type=\"text\/javascript\"> toolTips('.classtoolTips170','Capitaine'); <\/script><script type=\"text\/javascript\"> toolTips('.classtoolTips173','Leading Airman'); <\/script><script type=\"text\/javascript\"> toolTips('.classtoolTips179','Adjudant'); <\/script><script type=\"text\/javascript\"> toolTips('.classtoolTips185','Mitrailleur<br\/><br\/>Air Gunner'); <\/script><script type=\"text\/javascript\"> toolTips('.classtoolTips188','Bombardier<br\/><br\/>Air bomber'); <\/script><script type=\"text\/javascript\"> toolTips('.classtoolTips189','M\u00e9canicien volant<br\/><br\/>Flying Enginer'); <\/script><script type=\"text\/javascript\"> toolTips('.classtoolTips193','Royal Navy'); <\/script><script type=\"text\/javascript\"> toolTips('.classtoolTips195','Enseigne de Vaisseau'); <\/script><script type=\"text\/javascript\"> toolTips('.classtoolTips197','Aircraftman'); <\/script><script type=\"text\/javascript\"> toolTips('.classtoolTips199','Radio Officer'); <\/script><script type=\"text\/javascript\"> toolTips('.classtoolTips201','Lieutenant'); <\/script>","protected":false},"excerpt":{"rendered":"<p>Bloch MB174 n\u00b0 9 GR II\/33 Date : 17 mai 1940 Mission : Retour \u00e0 Warmwell par Swanage and Portland D\u00e9collage : Nangis (77) \u00e0 Causes de la perte : Touch\u00e9 par la Flak, le pilote r\u00e9ussi \u00e0 se poser sur le terrrain du Bourget (93) Lieu de la perte : Au-dessus Grisy-les-Pl\u00e2tres (95) pour [&hellip;]<\/p>\n","protected":false},"author":1,"featured_media":0,"parent":65706,"menu_order":0,"comment_status":"closed","ping_status":"closed","template":"template-full-width MB174.php","meta":{"_lmt_disableupdate":"yes","_lmt_disable":"","footnotes":""},"categories":[3502],"tags":[1947],"wf_page_folders":[3142],"class_list":["post-73405","page","type-page","status-publish","hentry","category-bloch-mb174","tag-gr-ii-33"],"_links":{"self":[{"href":"https:\/\/www.auzeau.fr\/39-45\/wp-json\/wp\/v2\/pages\/73405","targetHints":{"allow":["GET"]}}],"collection":[{"href":"https:\/\/www.auzeau.fr\/39-45\/wp-json\/wp\/v2\/pages"}],"about":[{"href":"https:\/\/www.auzeau.fr\/39-45\/wp-json\/wp\/v2\/types\/page"}],"author":[{"embeddable":true,"href":"https:\/\/www.auzeau.fr\/39-45\/wp-json\/wp\/v2\/users\/1"}],"replies":[{"embeddable":true,"href":"https:\/\/www.auzeau.fr\/39-45\/wp-json\/wp\/v2\/comments?post=73405"}],"version-history":[{"count":0,"href":"https:\/\/www.auzeau.fr\/39-45\/wp-json\/wp\/v2\/pages\/73405\/revisions"}],"up":[{"embeddable":true,"href":"https:\/\/www.auzeau.fr\/39-45\/wp-json\/wp\/v2\/pages\/65706"}],"wp:attachment":[{"href":"https:\/\/www.auzeau.fr\/39-45\/wp-json\/wp\/v2\/media?parent=73405"}],"wp:term":[{"taxonomy":"category","embeddable":true,"href":"https:\/\/www.auzeau.fr\/39-45\/wp-json\/wp\/v2\/categories?post=73405"},{"taxonomy":"post_tag","embeddable":true,"href":"https:\/\/www.auzeau.fr\/39-45\/wp-json\/wp\/v2\/tags?post=73405"},{"taxonomy":"wf_page_folders","embeddable":true,"href":"https:\/\/www.auzeau.fr\/39-45\/wp-json\/wp\/v2\/wf_page_folders?post=73405"}],"curies":[{"name":"wp","href":"https:\/\/api.w.org\/{rel}","templated":true}]}}