{"id":72825,"date":"2020-02-16T08:26:35","date_gmt":"2020-02-16T07:26:35","guid":{"rendered":"http:\/\/39-45.auzeau.fr\/?page_id=72825"},"modified":"2021-06-27T19:06:59","modified_gmt":"2021-06-27T17:06:59","slug":"55-verdun-necropole-nationale-5","status":"publish","type":"page","link":"https:\/\/www.auzeau.fr\/39-45\/france\/55-meuse\/55-verdun-necropole-nationale-5\/","title":{"rendered":"55 &#8211; Verdun N\u00e9cropole Nationale"},"content":{"rendered":"<p><img fetchpriority=\"high\" decoding=\"async\" class=\"aligncenter\" src=\"https:\/\/www.auzeau.fr\/39-45\/wp-content\/uploads\/Cimetieres\/31 -- 60\/55-Meuse\/Verdun\/Verdun.jpg\" sizes=\"(max-width: 900px) 100vw, 900px\" srcset=\"https:\/\/www.auzeau.fr\/39-45\/wp-content\/uploads\/Cimetieres\/31%20--%2060\/55-Meuse\/Verdun\/Verdun.jpg 900w, https:\/\/www.auzeau.fr\/39-45\/wp-content\/uploads\/Cimetieres\/31%20--%2060\/55-Meuse\/Verdun\/Verdun-300x139.jpg 300w, https:\/\/www.auzeau.fr\/39-45\/wp-content\/uploads\/Cimetieres\/31%20--%2060\/55-Meuse\/Verdun\/Verdun-768x355.jpg 768w\" alt=\"\" width=\"900\" height=\"416\" \/><\/p>\n<table style=\"width: 100%;\" border=\"0\">\n<tbody>\n<tr>\n<td style=\"width: 5%;\"><\/td>\n<td style=\"width: 5%;\"><\/td>\n<td style=\"width: 2%;\"><\/td>\n<td style=\"width: 8%;\"><\/td>\n<td style=\"width: 5%;\"><\/td>\n<td style=\"width: 5%;\"><\/td>\n<td style=\"width: 5%;\"><\/td>\n<td style=\"width: 2%;\"><\/td>\n<td style=\"width: 8%;\"><\/td>\n<td style=\"width: 2%;\"><\/td>\n<td style=\"width: 5%;\"><\/td>\n<td style=\"width: 3%;\"><\/td>\n<td style=\"width: 5%;\"><\/td>\n<td style=\"width: 5%;\"><\/td>\n<td style=\"width: 5%;\"><\/td>\n<td style=\"width: 5%;\"><\/td>\n<td style=\"width: 5%;\"><\/td>\n<td style=\"width: 5%;\"><\/td>\n<td style=\"width: 5%;\"><\/td>\n<td style=\"width: 10%;\"><\/td>\n<\/tr>\n<tr>\n<td style=\"width: 75%;\" colspan=\"16\"><span style=\"font-size: xx-large;\"><strong><span style=\"color: #000000;\">Mosquito LR424 DH-<\/span><\/strong><\/span><\/td>\n<td style=\"width: 25%; text-align: center;\" colspan=\"4\"><span style=\"font-size: xx-large;\"><strong>540 Sqn<\/strong><\/span><\/td>\n<\/tr>\n<tr>\n<td style=\"width: 75%;\" colspan=\"16\"><\/td>\n<td style=\"width: 25%; text-align: center;\" colspan=\"4\"><\/td>\n<\/tr>\n<tr style=\"height: 40px;\">\n<td style=\"text-align: right; width: 5%;\"><\/td>\n<td style=\"text-align: right; width: 5%;\"><\/td>\n<td style=\"text-align: right; width: 2%;\"><\/td>\n<td style=\"text-align: right; width: 8%;\"><\/td>\n<td style=\"text-align: right; width: 5%;\"><\/td>\n<td style=\"text-align: right; width: 5%;\"><\/td>\n<td style=\"text-align: right; width: 5%;\"><\/td>\n<td style=\"text-align: right; width: 2%;\"><\/td>\n<td style=\"text-align: right; width: 8%;\"><\/td>\n<td style=\"text-align: right; width: 2%;\"><\/td>\n<td style=\"text-align: right; width: 5%;\"><\/td>\n<td style=\"text-align: right; width: 3%;\"><\/td>\n<td style=\"text-align: right; width: 5%;\"><\/td>\n<td style=\"text-align: right; width: 5%;\"><\/td>\n<td style=\"text-align: right; width: 5%;\"><\/td>\n<td style=\"text-align: right; width: 5%;\"><\/td>\n<td style=\"text-align: right; width: 5%;\"><\/td>\n<td style=\"text-align: right; width: 5%;\"><\/td>\n<td style=\"text-align: right; width: 5%;\"><\/td>\n<td style=\"text-align: right; width: 10%;\"><\/td>\n<\/tr>\n<tr>\n<td style=\"text-align: right; width: 5%;\"><\/td>\n<td style=\"text-align: right; width: 5%;\"><span style=\"font-size: 14px;\"><strong>Date<\/strong><\/span><\/td>\n<td style=\"width: 2%; text-align: center;\"><strong>:<\/strong><\/td>\n<td style=\"width: 13%; text-align: left;\" colspan=\"2\"><span style=\"font-size: 14px;\"><em>10 avril 1944<br \/>\n<\/em><\/span><\/td>\n<td style=\"text-align: right; width: 5%;\"><\/td>\n<td style=\"text-align: right; width: 5%;\"><\/td>\n<td style=\"text-align: right; width: 2%;\"><\/td>\n<td style=\"text-align: right; width: 8%;\"><span style=\"font-size: 14px;\"><strong>Mission<\/strong><\/span><\/td>\n<td style=\"width: 2%; text-align: center;\"><strong><span style=\"font-size: 14px;\">:<\/span><\/strong><\/td>\n<td style=\"text-align: left; width: 53%;\" colspan=\"10\"><span style=\"font-size: 14px;\"><em>Reconnaissance Photo sur Friederichshafen (Allemagne)<\/em><\/span><\/td>\n<\/tr>\n<tr style=\"height: 40px;\">\n<td style=\"text-align: right; width: 5%;\"><\/td>\n<td style=\"text-align: right; width: 5%;\"><\/td>\n<td style=\"width: 2%; text-align: center;\"><\/td>\n<td style=\"width: 8%; text-align: left;\"><\/td>\n<td style=\"text-align: right; width: 5%;\"><\/td>\n<td style=\"text-align: right; width: 5%;\"><\/td>\n<td style=\"text-align: right; width: 5%;\"><\/td>\n<td style=\"text-align: right; width: 2%;\"><\/td>\n<td style=\"text-align: right; width: 8%;\"><\/td>\n<td style=\"width: 2%; text-align: center;\"><\/td>\n<td style=\"text-align: left; width: 5%;\"><\/td>\n<td style=\"text-align: left; width: 3%;\"><\/td>\n<td style=\"text-align: left; width: 5%;\"><\/td>\n<td style=\"text-align: left; width: 5%;\"><\/td>\n<td style=\"text-align: left; width: 5%;\"><\/td>\n<td style=\"text-align: left; width: 5%;\"><\/td>\n<td style=\"text-align: left; width: 5%;\"><\/td>\n<td style=\"text-align: left; width: 5%;\"><\/td>\n<td style=\"text-align: left; width: 5%;\"><\/td>\n<td style=\"text-align: left; width: 10%;\"><\/td>\n<\/tr>\n<tr style=\"height: 40px;\">\n<td style=\"text-align: right; width: 10%;\" colspan=\"2\"><\/td>\n<td style=\"width: 2%; text-align: center;\"><\/td>\n<td style=\"text-align: right; width: 23%;\" colspan=\"4\"><span style=\"font-size: 14px;\"><strong>D\u00e9collage<\/strong><\/span><\/td>\n<td style=\"width: 2%; text-align: center;\"><strong>:<\/strong><\/td>\n<td style=\"text-align: left; width: 63%;\" colspan=\"12\"><span style=\"font-size: 14px;\"><em>Benson \u00e0 15:55<\/em><\/span><\/td>\n<\/tr>\n<tr style=\"height: 40px;\">\n<td style=\"text-align: right; width: 10%;\" colspan=\"2\"><\/td>\n<td style=\"width: 2%; text-align: center;\"><\/td>\n<td style=\"text-align: right; width: 23%;\" colspan=\"4\"><span style=\"font-size: 14px;\"><strong>Causes de la perte<br \/>\n<\/strong><\/span><\/td>\n<td style=\"width: 2%; text-align: center;\"><strong>:<br \/>\n<\/strong><\/td>\n<td style=\"text-align: left; width: 63%;\" colspan=\"12\"><span style=\"font-size: 14px;\"><em> Abattu en combat a\u00e9rien<br \/>\n<\/em><\/span><\/td>\n<\/tr>\n<tr style=\"height: 40px;\">\n<td style=\"text-align: right; width: 10%;\" colspan=\"2\"><\/td>\n<td style=\"width: 2%; text-align: center;\"><\/td>\n<td style=\"text-align: right; width: 23%;\" colspan=\"4\"><span style=\"font-size: 14px;\"><strong>Lieu de la perte<br \/>\n<\/strong><\/span><\/td>\n<td style=\"width: 2%; text-align: center;\"><strong>:<br \/>\n<\/strong><\/td>\n<td style=\"text-align: left; width: 63%;\" colspan=\"12\"><span style=\"font-size: 14px;\"><em>Dombras-Dimbley (55)<\/em><\/span><\/td>\n<\/tr>\n<tr style=\"height: 40px;\">\n<td style=\"width: 5%;\"><\/td>\n<td style=\"width: 5%;\"><\/td>\n<td style=\"width: 2%; text-align: center;\"><\/td>\n<td style=\"text-align: right; width: 8%;\"><\/td>\n<td style=\"text-align: right; width: 5%;\"><\/td>\n<td style=\"text-align: right; width: 5%;\"><\/td>\n<td style=\"text-align: right; width: 5%;\"><\/td>\n<td style=\"width: 2%; text-align: center;\"><\/td>\n<td style=\"text-align: left; width: 8%;\"><\/td>\n<td style=\"text-align: left; width: 2%;\"><\/td>\n<td style=\"text-align: left; width: 5%;\"><\/td>\n<td style=\"text-align: left; width: 3%;\"><\/td>\n<td style=\"text-align: left; width: 5%;\"><\/td>\n<td style=\"text-align: left; width: 5%;\"><\/td>\n<td style=\"text-align: left; width: 5%;\"><\/td>\n<td style=\"text-align: left; width: 5%;\"><\/td>\n<td style=\"text-align: left; width: 5%;\"><\/td>\n<td style=\"text-align: left; width: 5%;\"><\/td>\n<td style=\"text-align: left; width: 5%;\"><\/td>\n<td style=\"text-align: left; width: 10%;\"><\/td>\n<\/tr>\n<tr style=\"height: 60px;\">\n<td style=\"width: 5%;\"><img decoding=\"async\" src=\"https:\/\/www.auzeau.fr\/39-45\/wp-content\/uploads\/images\/Drapeaux\/Angleterre.png\" alt=\"Royaume Uni\" width=\"40\" height=\"20\" \/><\/td>\n<td style=\"width: 5%;\"><span class='tooltipsall tooltipsincontent classtoolTips19'>Fg Off<\/span><\/td>\n<td style=\"text-align: left;\" colspan=\"5\">Frederick Vernon<\/td>\n<td style=\"text-align: left;\" colspan=\"3\"><span style=\"color: #000000;\"><strong>LEGON<\/strong><\/span><\/td>\n<td style=\"text-align: center;\" colspan=\"2\"><span class='tooltipsall tooltipsincontent classtoolTips151'>Pil<\/span><\/td>\n<td style=\"width: 5%; text-align: center;\"><span class='tooltipsall tooltipsincontent classtoolTips45'>RAFVR<\/span><\/td>\n<td style=\"text-align: center;\" colspan=\"2\">128578<\/td>\n<td style=\"width: 5%; text-align: center;\"><span style=\"color: #000000;\"><strong><span class='tooltipsall tooltipsincontent classtoolTips110'>KIA<\/span><\/strong><\/span><\/td>\n<td style=\"text-align: left;\" colspan=\"4\"><\/td>\n<\/tr>\n<tr style=\"height: 60px;\">\n<td style=\"width: 5%;\"><img decoding=\"async\" src=\"https:\/\/www.auzeau.fr\/39-45\/wp-content\/uploads\/images\/Drapeaux\/Angleterre.png\" alt=\"Royaume Uni\" width=\"40\" height=\"20\" \/><\/td>\n<td style=\"width: 5%;\"><span class='tooltipsall tooltipsincontent classtoolTips19'>Fg Off<\/span><\/td>\n<td style=\"text-align: left;\" colspan=\"5\">John William<\/td>\n<td style=\"text-align: left;\" colspan=\"3\"><span style=\"color: #000000;\"><strong>SWANN<\/strong><\/span><\/td>\n<td style=\"text-align: center;\" colspan=\"2\"><span class='tooltipsall tooltipsincontent classtoolTips116'>Nav<\/span><\/td>\n<td style=\"width: 5%; text-align: center;\"><span class='tooltipsall tooltipsincontent classtoolTips45'>RAFVR<\/span><\/td>\n<td style=\"text-align: center;\" colspan=\"2\">161040<\/td>\n<td style=\"width: 5%; text-align: center;\"><span class='tooltipsall tooltipsincontent classtoolTips113'>POW<\/span><\/td>\n<td style=\"text-align: left;\" colspan=\"4\"><\/td>\n<\/tr>\n<\/tbody>\n<\/table>\n<div id='gallery-1' class='gallery galleryid-72825 gallery-columns-1 gallery-size-thumbnail'><figure class='gallery-item'>\n\t\t\t<div class='gallery-icon portrait'>\n\t\t\t\t<a title=\"Legon\"  title=\"Legon\"  href='https:\/\/www.auzeau.fr\/39-45\/wp-content\/uploads\/Cimetieres\/31%20--%2060\/55-Meuse\/Verdun\/LR424\/Legon.jpg'><img decoding=\"async\" width=\"150\" height=\"150\" src=\"https:\/\/www.auzeau.fr\/39-45\/wp-content\/uploads\/Cimetieres\/31 -- 60\/55-Meuse\/Verdun\/LR424\/Legon-150x150.jpg\" class=\"attachment-thumbnail size-thumbnail\" alt=\"\" srcset=\"https:\/\/www.auzeau.fr\/39-45\/wp-content\/uploads\/Cimetieres\/31%20--%2060\/55-Meuse\/Verdun\/LR424\/Legon-150x150.jpg 150w, https:\/\/www.auzeau.fr\/39-45\/wp-content\/uploads\/Cimetieres\/31%20--%2060\/55-Meuse\/Verdun\/LR424\/Legon-50x50.jpg 50w\" sizes=\"(max-width: 150px) 100vw, 150px\" \/><\/a>\n\t\t\t<\/div><\/figure>\n\t\t<\/div>\n\n<table style=\"width: 100%; border-collapse: collapse; background-color: #dcdcdc;\">\n<tbody>\n<tr>\n<td style=\"width: 100%; text-align: center;\"><ul id=\"menu-55-verdun\" class=\"menu\"><li id=\"menu-item-73671\" class=\"menu-item menu-item-type-post_type menu-item-object-page menu-item-73671\"><a href=\"https:\/\/www.auzeau.fr\/39-45\/france\/55-meuse\/55-verdun-necropole-nationale\/\">Bloch MB131 n\u00b0 ??<\/a><\/li>\n<li id=\"menu-item-73672\" class=\"menu-item menu-item-type-post_type menu-item-object-page menu-item-73672\"><a href=\"https:\/\/www.auzeau.fr\/39-45\/france\/55-meuse\/55-verdun-necropole-nationale-2\/\">Bloch MB174 n\u00b0 11<\/a><\/li>\n<li id=\"menu-item-73673\" class=\"menu-item menu-item-type-post_type menu-item-object-page menu-item-73673\"><a href=\"https:\/\/www.auzeau.fr\/39-45\/france\/55-meuse\/55-verdun-necropole-nationale-3\/\">Potez 637 n\u00b0 35<\/a><\/li>\n<li id=\"menu-item-73674\" class=\"menu-item menu-item-type-post_type menu-item-object-page menu-item-73674\"><a href=\"https:\/\/www.auzeau.fr\/39-45\/france\/55-meuse\/55-verdun-necropole-nationale-4\/\">Stirling BK697<\/a><\/li>\n<li id=\"menu-item-73675\" class=\"menu-item menu-item-type-post_type menu-item-object-page menu-item-73675\"><a href=\"https:\/\/www.auzeau.fr\/39-45\/france\/55-meuse\/55-verdun-necropole-nationale-5\/\">Mosquito LR424<\/a><\/li>\n<\/ul><\/td>\n<\/tr>\n<\/tbody>\n<\/table>\n<hr \/>\n<p style=\"text-align: center;\"><ul id=\"menu-55-meuse\" class=\"menu\"><li id=\"menu-item-73168\" class=\"menu-item menu-item-type-post_type menu-item-object-page menu-item-73168\"><a href=\"https:\/\/www.auzeau.fr\/39-45\/france\/55-meuse\/55-ancerville\/\">55 \u2013 Ancerville<\/a><\/li>\n<li id=\"menu-item-73169\" class=\"menu-item menu-item-type-post_type menu-item-object-page menu-item-73169\"><a href=\"https:\/\/www.auzeau.fr\/39-45\/france\/55-meuse\/55-belleray-necropole-nationale\/\">55 \u2013 Belleray <em>N\u00e9cropole Nationale<\/em><\/a><\/li>\n<li id=\"menu-item-73170\" class=\"menu-item menu-item-type-post_type menu-item-object-page menu-item-73170\"><a href=\"https:\/\/www.auzeau.fr\/39-45\/france\/55-meuse\/55-biencourt-sur-orge\/\">55 \u2013 Biencourt-sur-Orge<\/a><\/li>\n<li id=\"menu-item-73171\" class=\"menu-item menu-item-type-post_type menu-item-object-page menu-item-73171\"><a href=\"https:\/\/www.auzeau.fr\/39-45\/france\/55-meuse\/55-brabant-le-roi\/\">55 \u2013 Brabant-le-Roi<\/a><\/li>\n<li id=\"menu-item-73172\" class=\"menu-item menu-item-type-post_type menu-item-object-page menu-item-73172\"><a href=\"https:\/\/www.auzeau.fr\/39-45\/france\/55-meuse\/55-bure\/\">55 \u2013 Bure<\/a><\/li>\n<li id=\"menu-item-73173\" class=\"menu-item menu-item-type-post_type menu-item-object-page menu-item-73173\"><a href=\"https:\/\/www.auzeau.fr\/39-45\/france\/55-meuse\/55-courouvre\/\">55 \u2013 Courouvre<\/a><\/li>\n<li id=\"menu-item-73174\" class=\"menu-item menu-item-type-post_type menu-item-object-page menu-item-73174\"><a href=\"https:\/\/www.auzeau.fr\/39-45\/france\/55-meuse\/55-lachalade\/\">55 \u2013 Lachalade<\/a><\/li>\n<li id=\"menu-item-73175\" class=\"menu-item menu-item-type-post_type menu-item-object-page menu-item-73175\"><a href=\"https:\/\/www.auzeau.fr\/39-45\/france\/55-meuse\/55-les-souhesmes\/\">55 \u2013 Les Souhesmes<\/a><\/li>\n<li id=\"menu-item-73176\" class=\"menu-item menu-item-type-post_type menu-item-object-page menu-item-73176\"><a href=\"https:\/\/www.auzeau.fr\/39-45\/france\/55-meuse\/55-louppy-le-chateau\/\">55 \u2013 Louppy-le-Ch\u00e2teau<\/a><\/li>\n<li id=\"menu-item-73177\" class=\"menu-item menu-item-type-post_type menu-item-object-page menu-item-73177\"><a href=\"https:\/\/www.auzeau.fr\/39-45\/france\/55-meuse\/55-marson-sur-barboure\/\">55 \u2013 Marson-sur-Barboure<\/a><\/li>\n<li id=\"menu-item-73465\" class=\"menu-item menu-item-type-post_type menu-item-object-page menu-item-73465\"><a href=\"https:\/\/www.auzeau.fr\/39-45\/france\/55-meuse\/55-montiers-sur-saulx\/\">55 \u2013 Montiers-sur-Saulx<\/a><\/li>\n<li id=\"menu-item-73463\" class=\"menu-item menu-item-type-post_type menu-item-object-page menu-item-73463\"><a href=\"https:\/\/www.auzeau.fr\/39-45\/france\/55-meuse\/55-nant-le-grand\/\">55 \u2013 Nant-le-Grand<\/a><\/li>\n<li id=\"menu-item-73462\" class=\"menu-item menu-item-type-post_type menu-item-object-page menu-item-73462\"><a href=\"https:\/\/www.auzeau.fr\/39-45\/france\/55-meuse\/55-nicey-sur-aire\/\">55 \u2013 Nicey-sur-Aire<\/a><\/li>\n<li id=\"menu-item-73456\" class=\"menu-item menu-item-type-post_type menu-item-object-page menu-item-73456\"><a href=\"https:\/\/www.auzeau.fr\/39-45\/france\/55-meuse\/55-noyers-le-val\/\">55 \u2013 Noyers-le-Val<\/a><\/li>\n<li id=\"menu-item-73461\" class=\"menu-item menu-item-type-post_type menu-item-object-page menu-item-73461\"><a href=\"https:\/\/www.auzeau.fr\/39-45\/france\/55-meuse\/55-rupt-aux-nonains\/\">55 \u2013 Rupt-aux-Nonains<\/a><\/li>\n<li id=\"menu-item-73460\" class=\"menu-item menu-item-type-post_type menu-item-object-page menu-item-73460\"><a href=\"https:\/\/www.auzeau.fr\/39-45\/france\/55-meuse\/55-souilly\/\">55 \u2013 Souilly<\/a><\/li>\n<li id=\"menu-item-73459\" class=\"menu-item menu-item-type-post_type menu-item-object-page menu-item-73459\"><a href=\"https:\/\/www.auzeau.fr\/39-45\/france\/55-meuse\/55-ugny-sur-meuse\/\">55 \u2013 Ugny-sur-Meuse<\/a><\/li>\n<li id=\"menu-item-73466\" class=\"menu-item menu-item-type-post_type menu-item-object-page menu-item-73466\"><a href=\"https:\/\/www.auzeau.fr\/39-45\/france\/55-meuse\/55-val-dornain-bussy-la-cote\/\">55 &#8211; Val d&#8217;Ornain (Bussy-la-C\u00f4te)<\/a><\/li>\n<li id=\"menu-item-73458\" class=\"menu-item menu-item-type-post_type menu-item-object-page menu-item-73458\"><a href=\"https:\/\/www.auzeau.fr\/39-45\/france\/55-meuse\/55-vavincourt\/\">55 \u2013 Vavincourt<\/a><\/li>\n<li id=\"menu-item-73676\" class=\"menu-item menu-item-type-post_type menu-item-object-page menu-item-73676\"><a href=\"https:\/\/www.auzeau.fr\/39-45\/france\/55-meuse\/55-verdun-necropole-nationale\/\">55 \u2013 Verdun <em>N\u00e9cropole Nationale<\/em><\/a><\/li>\n<li id=\"menu-item-73457\" class=\"menu-item menu-item-type-post_type menu-item-object-page menu-item-73457\"><a href=\"https:\/\/www.auzeau.fr\/39-45\/france\/55-meuse\/55-void-vacon\/\">55 \u2013 Void-Vacon<\/a><\/li>\n<\/ul>\n<script type=\"text\/javascript\"> toolTips('.classtoolTips19','Flying Officer'); <\/script><script type=\"text\/javascript\"> toolTips('.classtoolTips45','Royal Air Force Volunteer Reserve'); <\/script><script type=\"text\/javascript\"> toolTips('.classtoolTips95','Leading Aircraftman'); <\/script><script type=\"text\/javascript\"> toolTips('.classtoolTips98','Colonel'); <\/script><script type=\"text\/javascript\"> toolTips('.classtoolTips110','Tu\u00e9 au combat<br\/><br\/>Killed In Action'); <\/script><script type=\"text\/javascript\"> toolTips('.classtoolTips113','Prisonnier de Guerre<br\/><br\/>Prisoner Of War'); <\/script><script type=\"text\/javascript\"> toolTips('.classtoolTips116','Navigateur<br\/><br\/>Navigator'); <\/script><script type=\"text\/javascript\"> toolTips('.classtoolTips141','<img class=\"aligncenter size-full wp-image-74450\" title=\"Boeing B-17G Flying Fortress \u201cThe Pink Lady\u201d\" src=\"https:\/\/www.auzeau.fr\/39-45\/wp-content\/uploads\/Avions\/Slider\/Accueil\/F-AZDX_B17_LFPB_2009_034_DxO.webp\" alt=\"Boeing B-17G Flying Fortress \u201cThe Pink Lady\u201d\" width=\"1100\" height=\"275\" \/>'); <\/script><script type=\"text\/javascript\"> toolTips('.classtoolTips144','Royal Corps of Signals'); <\/script><script type=\"text\/javascript\"> toolTips('.classtoolTips146','Royal Air Force'); <\/script><script type=\"text\/javascript\"> toolTips('.classtoolTips151','Pilote<br\/><br\/>Pilot'); <\/script><script type=\"text\/javascript\"> toolTips('.classtoolTips153','Porucznik'); <\/script><script type=\"text\/javascript\"> toolTips('.classtoolTips185','Mitrailleur<br\/><br\/>Air Gunner'); <\/script><script type=\"text\/javascript\"> toolTips('.classtoolTips188','Bombardier<br\/><br\/>Air bomber'); <\/script><script type=\"text\/javascript\"> toolTips('.classtoolTips189','M\u00e9canicien volant<br\/><br\/>Flying Enginer'); <\/script><script type=\"text\/javascript\"> toolTips('.classtoolTips193','Royal Navy'); <\/script><script type=\"text\/javascript\"> toolTips('.classtoolTips196','second Ma\u00eetre'); <\/script><script type=\"text\/javascript\"> toolTips('.classtoolTips197','Aircraftman'); <\/script><script type=\"text\/javascript\"> toolTips('.classtoolTips199','Radio Officer'); <\/script><script type=\"text\/javascript\"> toolTips('.classtoolTips201','Lieutenant'); <\/script>","protected":false},"excerpt":{"rendered":"<p>Mosquito LR424 DH- 540 Sqn Date : 10 avril 1944 Mission : Reconnaissance Photo sur Friederichshafen (Allemagne) D\u00e9collage : Benson \u00e0 15:55 Causes de la perte : Abattu en combat a\u00e9rien Lieu de la perte : Dombras-Dimbley (55) Fg Off Frederick Vernon LEGON Pil RAFVR 128578 KIA Fg Off John William SWANN Nav RAFVR 161040 [&hellip;]<\/p>\n","protected":false},"author":1,"featured_media":0,"parent":72216,"menu_order":0,"comment_status":"closed","ping_status":"closed","template":"template-full-width Mosquito.php","meta":{"_lmt_disableupdate":"yes","_lmt_disable":"","footnotes":""},"categories":[590],"tags":[3507],"wf_page_folders":[3492],"class_list":["post-72825","page","type-page","status-publish","hentry","category-mosquito","tag-540-squadron"],"_links":{"self":[{"href":"https:\/\/www.auzeau.fr\/39-45\/wp-json\/wp\/v2\/pages\/72825","targetHints":{"allow":["GET"]}}],"collection":[{"href":"https:\/\/www.auzeau.fr\/39-45\/wp-json\/wp\/v2\/pages"}],"about":[{"href":"https:\/\/www.auzeau.fr\/39-45\/wp-json\/wp\/v2\/types\/page"}],"author":[{"embeddable":true,"href":"https:\/\/www.auzeau.fr\/39-45\/wp-json\/wp\/v2\/users\/1"}],"replies":[{"embeddable":true,"href":"https:\/\/www.auzeau.fr\/39-45\/wp-json\/wp\/v2\/comments?post=72825"}],"version-history":[{"count":0,"href":"https:\/\/www.auzeau.fr\/39-45\/wp-json\/wp\/v2\/pages\/72825\/revisions"}],"up":[{"embeddable":true,"href":"https:\/\/www.auzeau.fr\/39-45\/wp-json\/wp\/v2\/pages\/72216"}],"wp:attachment":[{"href":"https:\/\/www.auzeau.fr\/39-45\/wp-json\/wp\/v2\/media?parent=72825"}],"wp:term":[{"taxonomy":"category","embeddable":true,"href":"https:\/\/www.auzeau.fr\/39-45\/wp-json\/wp\/v2\/categories?post=72825"},{"taxonomy":"post_tag","embeddable":true,"href":"https:\/\/www.auzeau.fr\/39-45\/wp-json\/wp\/v2\/tags?post=72825"},{"taxonomy":"wf_page_folders","embeddable":true,"href":"https:\/\/www.auzeau.fr\/39-45\/wp-json\/wp\/v2\/wf_page_folders?post=72825"}],"curies":[{"name":"wp","href":"https:\/\/api.w.org\/{rel}","templated":true}]}}