{"id":71781,"date":"2019-12-31T09:43:53","date_gmt":"2019-12-31T08:43:53","guid":{"rendered":"http:\/\/39-45.auzeau.fr\/?page_id=71781"},"modified":"2021-06-23T08:44:32","modified_gmt":"2021-06-23T06:44:32","slug":"88-neufchateau-necropole-nationale","status":"publish","type":"page","link":"https:\/\/www.auzeau.fr\/39-45\/france\/88-vosges\/88-neufchateau-necropole-nationale\/","title":{"rendered":"88 &#8211; Neufch\u00e2teau N\u00e9cropole Nationale"},"content":{"rendered":"<p><img fetchpriority=\"high\" decoding=\"async\" class=\"aligncenter\" src=\"https:\/\/www.auzeau.fr\/39-45\/wp-content\/uploads\/Cimetieres\/60 --\/88 - Vosges\/Neufchateau\/Neuchateau.jpg\" sizes=\"(max-width: 900px) 100vw, 900px\" srcset=\"https:\/\/www.auzeau.fr\/39-45\/wp-content\/uploads\/Cimetieres\/60%20--\/88%20-%20Vosges\/Neufchateau\/Neuchateau.jpg 900w, https:\/\/www.auzeau.fr\/39-45\/wp-content\/uploads\/Cimetieres\/60%20--\/88%20-%20Vosges\/Neufchateau\/Neuchateau-300x148.jpg 300w, https:\/\/www.auzeau.fr\/39-45\/wp-content\/uploads\/Cimetieres\/60%20--\/88%20-%20Vosges\/Neufchateau\/Neuchateau-768x378.jpg 768w\" alt=\"\" width=\"900\" height=\"443\" \/><\/p>\n<table style=\"width: 100%;\" border=\"0\">\n<tbody>\n<tr>\n<td style=\"width: 5%;\"><\/td>\n<td style=\"width: 5%;\"><\/td>\n<td style=\"width: 2%;\"><\/td>\n<td style=\"width: 8%;\"><\/td>\n<td style=\"width: 5%;\"><\/td>\n<td style=\"width: 5%;\"><\/td>\n<td style=\"width: 5%;\"><\/td>\n<td style=\"width: 2%;\"><\/td>\n<td style=\"width: 8%;\"><\/td>\n<td style=\"width: 2%;\"><\/td>\n<td style=\"width: 5%;\"><\/td>\n<td style=\"width: 3%;\"><\/td>\n<td style=\"width: 5%;\"><\/td>\n<td style=\"width: 5%;\"><\/td>\n<td style=\"width: 5%;\"><\/td>\n<td style=\"width: 5%;\"><\/td>\n<td style=\"width: 5%;\"><\/td>\n<td style=\"width: 5%;\"><\/td>\n<td style=\"width: 5%;\"><\/td>\n<td style=\"width: 10%;\"><\/td>\n<\/tr>\n<tr>\n<td style=\"width: 75%;\" colspan=\"16\"><span style=\"font-size: xx-large;\"><strong><span style=\"color: #000000;\">Potez 63.11 n\u00b0 173<br \/>\n<\/span><\/strong><\/span><\/td>\n<td style=\"width: 25%; text-align: center;\" colspan=\"4\"><span style=\"font-size: xx-large;\"><strong>GR I\/36<br \/>\n<\/strong><\/span><\/td>\n<\/tr>\n<tr>\n<td style=\"width: 75%;\" colspan=\"16\"><\/td>\n<td style=\"width: 25%; text-align: center;\" colspan=\"4\"><\/td>\n<\/tr>\n<tr style=\"height: 40px;\">\n<td style=\"text-align: right; width: 5%;\"><\/td>\n<td style=\"text-align: right; width: 5%;\"><\/td>\n<td style=\"text-align: right; width: 2%;\"><\/td>\n<td style=\"text-align: right; width: 8%;\"><\/td>\n<td style=\"text-align: right; width: 5%;\"><\/td>\n<td style=\"text-align: right; width: 5%;\"><\/td>\n<td style=\"text-align: right; width: 5%;\"><\/td>\n<td style=\"text-align: right; width: 2%;\"><\/td>\n<td style=\"text-align: right; width: 8%;\"><\/td>\n<td style=\"text-align: right; width: 2%;\"><\/td>\n<td style=\"text-align: right; width: 5%;\"><\/td>\n<td style=\"text-align: right; width: 3%;\"><\/td>\n<td style=\"text-align: right; width: 5%;\"><\/td>\n<td style=\"text-align: right; width: 5%;\"><\/td>\n<td style=\"text-align: right; width: 5%;\"><\/td>\n<td style=\"text-align: right; width: 5%;\"><\/td>\n<td style=\"text-align: right; width: 5%;\"><\/td>\n<td style=\"text-align: right; width: 5%;\"><\/td>\n<td style=\"text-align: right; width: 5%;\"><\/td>\n<td style=\"text-align: right; width: 10%;\"><\/td>\n<\/tr>\n<tr>\n<td style=\"text-align: right; width: 5%;\"><\/td>\n<td style=\"text-align: right; width: 5%;\"><span style=\"font-size: 14px;\"><strong>Date<\/strong><\/span><\/td>\n<td style=\"width: 2%; text-align: center;\"><strong>:<\/strong><\/td>\n<td style=\"width: 13%; text-align: left;\" colspan=\"2\"><span style=\"font-size: 14px;\"><em>14 mai 1940<br \/>\n<\/em><\/span><\/td>\n<td style=\"text-align: right; width: 5%;\"><\/td>\n<td style=\"text-align: right; width: 5%;\"><\/td>\n<td style=\"text-align: right; width: 2%;\"><\/td>\n<td style=\"text-align: right; width: 8%;\"><span style=\"font-size: 14px;\"><strong>Mission<\/strong><\/span><\/td>\n<td style=\"width: 2%; text-align: center;\"><strong><span style=\"font-size: 14px;\">:<\/span><\/strong><\/td>\n<td style=\"text-align: left; width: 53%;\" colspan=\"10\"><span style=\"font-size: 14px;\"><em>Reconnaissance profonde dans les lignes ennemies<\/em><\/span><\/td>\n<\/tr>\n<tr style=\"height: 40px;\">\n<td style=\"text-align: right; width: 5%;\"><\/td>\n<td style=\"text-align: right; width: 5%;\"><\/td>\n<td style=\"width: 2%; text-align: center;\"><\/td>\n<td style=\"width: 8%; text-align: left;\"><\/td>\n<td style=\"text-align: right; width: 5%;\"><\/td>\n<td style=\"text-align: right; width: 5%;\"><\/td>\n<td style=\"text-align: right; width: 5%;\"><\/td>\n<td style=\"text-align: right; width: 2%;\"><\/td>\n<td style=\"text-align: right; width: 8%;\"><\/td>\n<td style=\"width: 2%; text-align: center;\"><\/td>\n<td style=\"text-align: left; width: 5%;\"><\/td>\n<td style=\"text-align: left; width: 3%;\"><\/td>\n<td style=\"text-align: left; width: 5%;\"><\/td>\n<td style=\"text-align: left; width: 5%;\"><\/td>\n<td style=\"text-align: left; width: 5%;\"><\/td>\n<td style=\"text-align: left; width: 5%;\"><\/td>\n<td style=\"text-align: left; width: 5%;\"><\/td>\n<td style=\"text-align: left; width: 5%;\"><\/td>\n<td style=\"text-align: left; width: 5%;\"><\/td>\n<td style=\"text-align: left; width: 10%;\"><\/td>\n<\/tr>\n<tr style=\"height: 40px;\">\n<td style=\"text-align: right; width: 10%;\" colspan=\"2\"><\/td>\n<td style=\"width: 2%; text-align: center;\"><\/td>\n<td style=\"text-align: right; width: 23%;\" colspan=\"4\"><span style=\"font-size: 14px;\"><strong>D\u00e9collage<\/strong><\/span><\/td>\n<td style=\"width: 2%; text-align: center;\"><strong>:<\/strong><\/td>\n<td style=\"text-align: left; width: 63%;\" colspan=\"12\">Martigny-l\u00e8s-Gerbonvaux \u00e0 00:30<span style=\"font-size: 14px;\"><em><br \/>\n<\/em><\/span><\/td>\n<\/tr>\n<tr style=\"height: 40px;\">\n<td style=\"text-align: right; width: 10%;\" colspan=\"2\"><\/td>\n<td style=\"width: 2%; text-align: center;\"><\/td>\n<td style=\"text-align: right; width: 23%;\" colspan=\"4\"><span style=\"font-size: 14px;\"><strong>Causes de la perte<br \/>\n<\/strong><\/span><\/td>\n<td style=\"width: 2%; text-align: center;\"><strong>:<br \/>\n<\/strong><\/td>\n<td style=\"text-align: left; width: 63%;\" colspan=\"12\"><span style=\"font-size: 14px;\"><em>Gravement endommag\u00e9 par la <span class='tooltipsall tooltipsincontent classtoolTips70'>Flak<\/span> durant sa mission, s&#8217;\u00e9crase pr\u00e8s du terrain de Martigny-les-Gerbonvaux.<\/em><\/span><\/td>\n<\/tr>\n<tr style=\"height: 40px;\">\n<td style=\"text-align: right; width: 10%;\" colspan=\"2\"><\/td>\n<td style=\"width: 2%; text-align: center;\"><\/td>\n<td style=\"text-align: right; width: 23%;\" colspan=\"4\"><span style=\"font-size: 14px;\"><strong>Lieu de la perte<br \/>\n<\/strong><\/span><\/td>\n<td style=\"width: 2%; text-align: center;\"><strong>:<br \/>\n<\/strong><\/td>\n<td style=\"text-align: left; width: 63%;\" colspan=\"12\"><span style=\"font-size: 14px;\"><em>Autigny-la-Tour (88)<\/em><\/span><\/td>\n<\/tr>\n<tr style=\"height: 40px;\">\n<td style=\"width: 5%;\"><\/td>\n<td style=\"width: 5%;\"><\/td>\n<td style=\"width: 2%; text-align: center;\"><\/td>\n<td style=\"text-align: right; width: 8%;\"><\/td>\n<td style=\"text-align: right; width: 5%;\"><\/td>\n<td style=\"text-align: right; width: 5%;\"><\/td>\n<td style=\"text-align: right; width: 5%;\"><\/td>\n<td style=\"width: 2%; text-align: center;\"><\/td>\n<td style=\"text-align: left; width: 8%;\"><\/td>\n<td style=\"text-align: left; width: 2%;\"><\/td>\n<td style=\"text-align: left; width: 5%;\"><\/td>\n<td style=\"text-align: left; width: 3%;\"><\/td>\n<td style=\"text-align: left; width: 5%;\"><\/td>\n<td style=\"text-align: left; width: 5%;\"><\/td>\n<td style=\"text-align: left; width: 5%;\"><\/td>\n<td style=\"text-align: left; width: 5%;\"><\/td>\n<td style=\"text-align: left; width: 5%;\"><\/td>\n<td style=\"text-align: left; width: 5%;\"><\/td>\n<td style=\"text-align: left; width: 5%;\"><\/td>\n<td style=\"text-align: left; width: 10%;\"><\/td>\n<\/tr>\n<tr style=\"height: 60px;\">\n<td style=\"width: 5%;\"><span style=\"font-size: 14px;\"><img decoding=\"async\" class=\"size-full wp-image-47214 alignleft\" title=\"France\" src=\"https:\/\/www.auzeau.fr\/39-45\/wp-content\/uploads\/images\/Drapeaux\/France.png\" alt=\"France\" width=\"40\" height=\"20\" \/><\/span><\/td>\n<td style=\"width: 5%;\"><span class='tooltipsall tooltipsincontent classtoolTips89'>SCH<\/span><\/td>\n<td style=\"text-align: left;\" colspan=\"5\">Jean<\/td>\n<td style=\"text-align: left;\" colspan=\"3\"><strong><span style=\"color: #000000;\">F\u00c8VRE<br \/>\n<\/span><\/strong><\/td>\n<td style=\"text-align: center;\" colspan=\"2\"><span class='tooltipsall tooltipsincontent classtoolTips185'>AG<\/span><\/td>\n<td style=\"width: 5%; text-align: center;\"><span class='tooltipsall tooltipsincontent classtoolTips136'>AAF<\/span><\/td>\n<td style=\"text-align: center;\" colspan=\"2\"><\/td>\n<td style=\"width: 5%; text-align: center;\"><span style=\"color: #000000;\"><span class='tooltipsall tooltipsincontent classtoolTips112'>WIA<\/span> <span class='tooltipsall tooltipsincontent classtoolTips113'>POW<\/span><strong><br \/>\n<\/strong><\/span><\/td>\n<td style=\"text-align: left;\" colspan=\"4\"><strong>\u00a0<\/strong><\/td>\n<\/tr>\n<tr style=\"height: 60px;\">\n<td style=\"width: 5%;\"><span style=\"font-size: 14px;\"><img decoding=\"async\" class=\"size-full wp-image-47214 alignleft\" title=\"France\" src=\"https:\/\/www.auzeau.fr\/39-45\/wp-content\/uploads\/images\/Drapeaux\/France.png\" alt=\"France\" width=\"40\" height=\"20\" \/><\/span><\/td>\n<td style=\"width: 5%;\"><span class='tooltipsall tooltipsincontent classtoolTips170'>Cne<\/span><\/td>\n<td style=\"text-align: left;\" colspan=\"5\">Marius<\/td>\n<td style=\"text-align: left;\" colspan=\"3\"><strong><span style=\"color: #000000;\">LOUCHARD<br \/>\n<\/span><\/strong><\/td>\n<td style=\"text-align: center;\" colspan=\"2\"><span class='tooltipsall tooltipsincontent classtoolTips151'>Pil<\/span><\/td>\n<td style=\"width: 5%; text-align: center;\"><span class='tooltipsall tooltipsincontent classtoolTips136'>AAF<\/span><\/td>\n<td style=\"text-align: center;\" colspan=\"2\"><\/td>\n<td style=\"width: 5%; text-align: center;\"><span style=\"color: #000000;\"><strong><span class='tooltipsall tooltipsincontent classtoolTips110'>KIA<\/span><br \/>\n<\/strong><\/span><\/td>\n<td style=\"text-align: left;\" colspan=\"4\"><strong><img decoding=\"async\" class=\"size-full wp-image-47239 alignleft\" title=\"Chevalier L\u00e9gion d'Honneur\" src=\"https:\/\/www.auzeau.fr\/39-45\/wp-content\/uploads\/images\/Medaille\/de7ad77f9fc044a1c8d501e35183a115.png\" alt=\"Chevalier de la L\u00e9gion d'Honneur\" width=\"72\" height=\"20\" \/><span class='tooltipsall tooltipsincontent classtoolTips126'>MPF<\/span><\/strong><\/td>\n<\/tr>\n<tr style=\"height: 60px;\">\n<td style=\"width: 5%;\"><img loading=\"lazy\" decoding=\"async\" class=\"alignleft\" src=\"https:\/\/www.auzeau.fr\/39-45\/wp-content\/uploads\/images\/Drapeaux\/France.png\" alt=\"France\" width=\"40\" height=\"20\" \/><\/td>\n<td style=\"width: 5%;\"><span class='tooltipsall tooltipsincontent classtoolTips201'>Lt<\/span><\/td>\n<td style=\"text-align: left;\" colspan=\"5\">Louis Joseph<\/td>\n<td style=\"text-align: left;\" colspan=\"3\"><span style=\"color: #000000;\"><strong>PIERRAT<\/strong><\/span><\/td>\n<td style=\"text-align: center;\" colspan=\"2\"><span class='tooltipsall tooltipsincontent classtoolTips117'>Obs<\/span><\/td>\n<td style=\"width: 5%; text-align: center;\"><span class='tooltipsall tooltipsincontent classtoolTips136'>AAF<\/span><\/td>\n<td style=\"text-align: center;\" colspan=\"2\"><\/td>\n<td style=\"width: 5%; text-align: center;\"><strong><span style=\"color: #000000;\"><span class='tooltipsall tooltipsincontent classtoolTips110'>KIA<\/span><\/span><\/strong><\/td>\n<td style=\"text-align: left;\" colspan=\"4\"><strong><img decoding=\"async\" class=\"size-full wp-image-47239 alignleft\" title=\"Chevalier L\u00e9gion d'Honneur\" src=\"https:\/\/www.auzeau.fr\/39-45\/wp-content\/uploads\/images\/Medaille\/de7ad77f9fc044a1c8d501e35183a115.png\" alt=\"Chevalier de la L\u00e9gion d'Honneur\" width=\"72\" height=\"20\" \/><span class='tooltipsall tooltipsincontent classtoolTips126'>MPF<\/span><\/strong><\/td>\n<\/tr>\n<\/tbody>\n<\/table>\n<div id='gallery-1' class='gallery galleryid-71781 gallery-columns-4 gallery-size-thumbnail'><figure class='gallery-item'>\n\t\t\t<div class='gallery-icon portrait'>\n\t\t\t\t<a title=\"Marius Louchard\"  title=\"Marius Louchard\"  href='https:\/\/www.auzeau.fr\/39-45\/wp-content\/uploads\/Cimetieres\/60%20--\/88%20-%20Vosges\/Neufchateau\/173\/Louchard-1.jpg'><img loading=\"lazy\" decoding=\"async\" width=\"150\" height=\"150\" src=\"https:\/\/www.auzeau.fr\/39-45\/wp-content\/uploads\/Cimetieres\/60 --\/88 - Vosges\/Neufchateau\/173\/Louchard-1-150x150.jpg\" class=\"attachment-thumbnail size-thumbnail\" alt=\"\" srcset=\"https:\/\/www.auzeau.fr\/39-45\/wp-content\/uploads\/Cimetieres\/60%20--\/88%20-%20Vosges\/Neufchateau\/173\/Louchard-1-150x150.jpg 150w, https:\/\/www.auzeau.fr\/39-45\/wp-content\/uploads\/Cimetieres\/60%20--\/88%20-%20Vosges\/Neufchateau\/173\/Louchard-1-50x50.jpg 50w\" sizes=\"(max-width: 150px) 100vw, 150px\" \/><\/a>\n\t\t\t<\/div><\/figure><figure class='gallery-item'>\n\t\t\t<div class='gallery-icon landscape'>\n\t\t\t\t<a title=\"Marius Louchard\"  title=\"Marius Louchard\"  href='https:\/\/www.auzeau.fr\/39-45\/wp-content\/uploads\/Cimetieres\/60%20--\/88%20-%20Vosges\/Neufchateau\/173\/Louchard-2.jpg'><img loading=\"lazy\" decoding=\"async\" width=\"150\" height=\"150\" src=\"https:\/\/www.auzeau.fr\/39-45\/wp-content\/uploads\/Cimetieres\/60 --\/88 - Vosges\/Neufchateau\/173\/Louchard-2-150x150.jpg\" class=\"attachment-thumbnail size-thumbnail\" alt=\"\" srcset=\"https:\/\/www.auzeau.fr\/39-45\/wp-content\/uploads\/Cimetieres\/60%20--\/88%20-%20Vosges\/Neufchateau\/173\/Louchard-2-150x150.jpg 150w, https:\/\/www.auzeau.fr\/39-45\/wp-content\/uploads\/Cimetieres\/60%20--\/88%20-%20Vosges\/Neufchateau\/173\/Louchard-2-50x50.jpg 50w\" sizes=\"(max-width: 150px) 100vw, 150px\" \/><\/a>\n\t\t\t<\/div><\/figure><figure class='gallery-item'>\n\t\t\t<div class='gallery-icon portrait'>\n\t\t\t\t<a title=\"Louis Pierrat\"  title=\"Louis Pierrat\"  href='https:\/\/www.auzeau.fr\/39-45\/wp-content\/uploads\/Cimetieres\/60%20--\/88%20-%20Vosges\/Neufchateau\/173\/Pierrat-1.jpg'><img loading=\"lazy\" decoding=\"async\" width=\"150\" height=\"150\" src=\"https:\/\/www.auzeau.fr\/39-45\/wp-content\/uploads\/Cimetieres\/60 --\/88 - Vosges\/Neufchateau\/173\/Pierrat-1-150x150.jpg\" class=\"attachment-thumbnail size-thumbnail\" alt=\"\" srcset=\"https:\/\/www.auzeau.fr\/39-45\/wp-content\/uploads\/Cimetieres\/60%20--\/88%20-%20Vosges\/Neufchateau\/173\/Pierrat-1-150x150.jpg 150w, https:\/\/www.auzeau.fr\/39-45\/wp-content\/uploads\/Cimetieres\/60%20--\/88%20-%20Vosges\/Neufchateau\/173\/Pierrat-1-50x50.jpg 50w\" sizes=\"(max-width: 150px) 100vw, 150px\" \/><\/a>\n\t\t\t<\/div><\/figure><figure class='gallery-item'>\n\t\t\t<div class='gallery-icon landscape'>\n\t\t\t\t<a title=\"Louis Pierrat\"  title=\"Louis Pierrat\"  href='https:\/\/www.auzeau.fr\/39-45\/wp-content\/uploads\/Cimetieres\/60%20--\/88%20-%20Vosges\/Neufchateau\/173\/Pierrat-2.jpg'><img loading=\"lazy\" decoding=\"async\" width=\"150\" height=\"150\" src=\"https:\/\/www.auzeau.fr\/39-45\/wp-content\/uploads\/Cimetieres\/60 --\/88 - Vosges\/Neufchateau\/173\/Pierrat-2-150x150.jpg\" class=\"attachment-thumbnail size-thumbnail\" alt=\"\" srcset=\"https:\/\/www.auzeau.fr\/39-45\/wp-content\/uploads\/Cimetieres\/60%20--\/88%20-%20Vosges\/Neufchateau\/173\/Pierrat-2-150x150.jpg 150w, https:\/\/www.auzeau.fr\/39-45\/wp-content\/uploads\/Cimetieres\/60%20--\/88%20-%20Vosges\/Neufchateau\/173\/Pierrat-2-50x50.jpg 50w\" sizes=\"(max-width: 150px) 100vw, 150px\" \/><\/a>\n\t\t\t<\/div><\/figure>\n\t\t<\/div>\n\n<table style=\"width: 100%; border-collapse: collapse; background-color: #dcdcdc;\">\n<tbody>\n<tr>\n<td style=\"width: 100%; text-align: center;\"><ul id=\"menu-88-neufchateau\" class=\"menu\"><li id=\"menu-item-72866\" class=\"menu-item menu-item-type-post_type menu-item-object-page menu-item-72866\"><a href=\"https:\/\/www.auzeau.fr\/39-45\/france\/88-vosges\/88-neufchateau-necropole-nationale\/\">Potez 63.11 n\u00b0 173<\/a><\/li>\n<li id=\"menu-item-72865\" class=\"menu-item menu-item-type-post_type menu-item-object-page menu-item-72865\"><a href=\"https:\/\/www.auzeau.fr\/39-45\/france\/88-vosges\/88-neufchateau-necropole-nationale-2\/\">Potez 63.11 n\u00b0 426<\/a><\/li>\n<li id=\"menu-item-72864\" class=\"menu-item menu-item-type-post_type menu-item-object-page menu-item-72864\"><a href=\"https:\/\/www.auzeau.fr\/39-45\/france\/88-vosges\/88-neufchateau-necropole-nationale-3\/\">Lancaster LM206<\/a><\/li>\n<\/ul><\/td>\n<\/tr>\n<\/tbody>\n<\/table>\n<hr \/>\n<p style=\"text-align: center;\"><ul id=\"menu-88-vosges\" class=\"menu\"><li id=\"menu-item-72855\" class=\"menu-item menu-item-type-post_type menu-item-object-page menu-item-72855\"><a href=\"https:\/\/www.auzeau.fr\/39-45\/france\/88-vosges\/88-charmes\/\">88 \u2013 Charmes <em>Military Cemetery Essegney<\/em><\/a><\/li>\n<li id=\"menu-item-72853\" class=\"menu-item menu-item-type-post_type menu-item-object-page menu-item-72853\"><a href=\"https:\/\/www.auzeau.fr\/39-45\/france\/88-vosges\/88-chaumousey\/\">88 \u2013 Chaumousey<\/a><\/li>\n<li id=\"menu-item-72852\" class=\"menu-item menu-item-type-post_type menu-item-object-page menu-item-72852\"><a href=\"https:\/\/www.auzeau.fr\/39-45\/france\/88-vosges\/88-cornimont\/\">88 \u2013 Cornimont<\/a><\/li>\n<li id=\"menu-item-72851\" class=\"menu-item menu-item-type-post_type menu-item-object-page menu-item-72851\"><a href=\"https:\/\/www.auzeau.fr\/39-45\/france\/88-vosges\/88-epinal-cimetiere-de-saint-laurent\/\">88 \u2013 \u00c9pinal <em>Cimeti\u00e8re de Saint-Laurent<\/em><\/a><\/li>\n<li id=\"menu-item-72850\" class=\"menu-item menu-item-type-post_type menu-item-object-page menu-item-72850\"><a href=\"https:\/\/www.auzeau.fr\/39-45\/france\/88-vosges\/88-granges-aumontzey\/\">88 \u2013 Granges-Aumontzey<\/a><\/li>\n<li id=\"menu-item-72849\" class=\"menu-item menu-item-type-post_type menu-item-object-page menu-item-72849\"><a href=\"https:\/\/www.auzeau.fr\/39-45\/france\/88-vosges\/88-jeuxey\/\">88 \u2013 Jeuxey<\/a><\/li>\n<li id=\"menu-item-72848\" class=\"menu-item menu-item-type-post_type menu-item-object-page menu-item-72848\"><a href=\"https:\/\/www.auzeau.fr\/39-45\/france\/88-vosges\/88-mirecourt\/\">88 \u2013 Mirecourt<\/a><\/li>\n<li id=\"menu-item-72847\" class=\"menu-item menu-item-type-post_type menu-item-object-page menu-item-72847\"><a href=\"https:\/\/www.auzeau.fr\/39-45\/france\/88-vosges\/88-neufchateau-necropole-nationale\/\">88 \u2013 Neufch\u00e2teau <em>N\u00e9cropole Nationale<\/em><\/a><\/li>\n<li id=\"menu-item-72856\" class=\"menu-item menu-item-type-post_type menu-item-object-page menu-item-72856\"><a href=\"https:\/\/www.auzeau.fr\/39-45\/france\/88-vosges\/88-rambervillers\/\">88 \u2013 Rambervillers<\/a><\/li>\n<li id=\"menu-item-72857\" class=\"menu-item menu-item-type-post_type menu-item-object-page menu-item-72857\"><a href=\"https:\/\/www.auzeau.fr\/39-45\/france\/88-vosges\/88-nomexy\/\">88 \u2013 Nomexy<\/a><\/li>\n<li id=\"menu-item-72858\" class=\"menu-item menu-item-type-post_type menu-item-object-page menu-item-72858\"><a href=\"https:\/\/www.auzeau.fr\/39-45\/france\/88-vosges\/88-saulcy-sur-meuse\/\">88 \u2013 Saulcy-sur-Meuse<\/a><\/li>\n<\/ul>\n<script type=\"text\/javascript\"> toolTips('.classtoolTips57','Centre de r\u00e9ception\u00a0des avions de\u00a0s\u00e9rie'); <\/script><script type=\"text\/javascript\"> toolTips('.classtoolTips70','<img class=\"aligncenter wp-image-65848 size-full\" title=\"Flak18\" src=\"https:\/\/www.auzeau.fr\/39-45\/wp-content\/uploads\/images\/Materiel\/Flak18.JPG\" alt=\"\" width=\"640\" height=\"499\" \/><br\/><img class=\"aligncenter size-full wp-image-65849\" title=\"Flak30\" src=\"https:\/\/www.auzeau.fr\/39-45\/wp-content\/uploads\/images\/Materiel\/Flak30.JPG\" alt=\"\" width=\"640\" height=\"499\" \/>'); <\/script><script type=\"text\/javascript\"> toolTips('.classtoolTips89','Sergent-Chef'); <\/script><script type=\"text\/javascript\"> toolTips('.classtoolTips98','Colonel'); <\/script><script type=\"text\/javascript\"> toolTips('.classtoolTips110','Tu\u00e9 au combat<br\/><br\/>Killed In Action'); <\/script><script type=\"text\/javascript\"> toolTips('.classtoolTips112','Bless\u00e9 au combat<br\/><br\/>Wounded in action'); <\/script><script type=\"text\/javascript\"> toolTips('.classtoolTips113','Prisonnier de Guerre<br\/><br\/>Prisoner Of War'); <\/script><script type=\"text\/javascript\"> toolTips('.classtoolTips117','Observateur<br\/><br\/>Oberver'); <\/script><script type=\"text\/javascript\"> toolTips('.classtoolTips126','Mort Pour la France'); <\/script><script type=\"text\/javascript\"> toolTips('.classtoolTips134','\u00c9vad\u00e9<br\/><br\/>Evaded'); <\/script><script type=\"text\/javascript\"> toolTips('.classtoolTips136','Arm\u00e9e de l\u2019Air Fran\u00e7aise'); <\/script><script type=\"text\/javascript\"> toolTips('.classtoolTips144','Royal Corps of Signals'); <\/script><script type=\"text\/javascript\"> toolTips('.classtoolTips151','Pilote<br\/><br\/>Pilot'); <\/script><script type=\"text\/javascript\"> toolTips('.classtoolTips153','Porucznik'); <\/script><script type=\"text\/javascript\"> toolTips('.classtoolTips170','Capitaine'); <\/script><script type=\"text\/javascript\"> toolTips('.classtoolTips185','Mitrailleur<br\/><br\/>Air Gunner'); <\/script><script type=\"text\/javascript\"> toolTips('.classtoolTips188','Bombardier<br\/><br\/>Air bomber'); <\/script><script type=\"text\/javascript\"> toolTips('.classtoolTips189','M\u00e9canicien volant<br\/><br\/>Flying Enginer'); <\/script><script type=\"text\/javascript\"> toolTips('.classtoolTips193','Royal Navy'); <\/script><script type=\"text\/javascript\"> toolTips('.classtoolTips195','Enseigne de Vaisseau'); <\/script><script type=\"text\/javascript\"> toolTips('.classtoolTips197','Aircraftman'); <\/script><script type=\"text\/javascript\"> toolTips('.classtoolTips199','Radio Officer'); <\/script><script type=\"text\/javascript\"> toolTips('.classtoolTips201','Lieutenant'); <\/script>","protected":false},"excerpt":{"rendered":"<p>Potez 63.11 n\u00b0 173 GR I\/36 Date : 14 mai 1940 Mission : Reconnaissance profonde dans les lignes ennemies D\u00e9collage : Martigny-l\u00e8s-Gerbonvaux \u00e0 00:30 Causes de la perte : Gravement endommag\u00e9 par la Flak durant sa mission, s&#8217;\u00e9crase pr\u00e8s du terrain de Martigny-les-Gerbonvaux. Lieu de la perte : Autigny-la-Tour (88) SCH Jean F\u00c8VRE AG AAF [&hellip;]<\/p>\n","protected":false},"author":1,"featured_media":0,"parent":71545,"menu_order":0,"comment_status":"closed","ping_status":"closed","template":"template-full-width Potez 63.php","meta":{"_lmt_disableupdate":"yes","_lmt_disable":"","footnotes":""},"categories":[414],"tags":[3454],"wf_page_folders":[3446],"class_list":["post-71781","page","type-page","status-publish","hentry","category-potez-63-11","tag-gr-i-36"],"_links":{"self":[{"href":"https:\/\/www.auzeau.fr\/39-45\/wp-json\/wp\/v2\/pages\/71781","targetHints":{"allow":["GET"]}}],"collection":[{"href":"https:\/\/www.auzeau.fr\/39-45\/wp-json\/wp\/v2\/pages"}],"about":[{"href":"https:\/\/www.auzeau.fr\/39-45\/wp-json\/wp\/v2\/types\/page"}],"author":[{"embeddable":true,"href":"https:\/\/www.auzeau.fr\/39-45\/wp-json\/wp\/v2\/users\/1"}],"replies":[{"embeddable":true,"href":"https:\/\/www.auzeau.fr\/39-45\/wp-json\/wp\/v2\/comments?post=71781"}],"version-history":[{"count":0,"href":"https:\/\/www.auzeau.fr\/39-45\/wp-json\/wp\/v2\/pages\/71781\/revisions"}],"up":[{"embeddable":true,"href":"https:\/\/www.auzeau.fr\/39-45\/wp-json\/wp\/v2\/pages\/71545"}],"wp:attachment":[{"href":"https:\/\/www.auzeau.fr\/39-45\/wp-json\/wp\/v2\/media?parent=71781"}],"wp:term":[{"taxonomy":"category","embeddable":true,"href":"https:\/\/www.auzeau.fr\/39-45\/wp-json\/wp\/v2\/categories?post=71781"},{"taxonomy":"post_tag","embeddable":true,"href":"https:\/\/www.auzeau.fr\/39-45\/wp-json\/wp\/v2\/tags?post=71781"},{"taxonomy":"wf_page_folders","embeddable":true,"href":"https:\/\/www.auzeau.fr\/39-45\/wp-json\/wp\/v2\/wf_page_folders?post=71781"}],"curies":[{"name":"wp","href":"https:\/\/api.w.org\/{rel}","templated":true}]}}