{"id":71326,"date":"2019-12-15T09:13:42","date_gmt":"2019-12-15T08:13:42","guid":{"rendered":"http:\/\/39-45.auzeau.fr\/?page_id=71326"},"modified":"2021-06-27T10:43:43","modified_gmt":"2021-06-27T08:43:43","slug":"57-metz-chambriere","status":"publish","type":"page","link":"https:\/\/www.auzeau.fr\/39-45\/france\/57-moselle\/57-metz-chambriere\/","title":{"rendered":"57 &#8211; Metz N\u00e9cropole nationale"},"content":{"rendered":"<p><img fetchpriority=\"high\" decoding=\"async\" class=\"aligncenter\" src=\"https:\/\/www.auzeau.fr\/39-45\/wp-content\/uploads\/Cimetieres\/31 -- 60\/57 - Moselle\/57 - Metz-Chambriere\/Metz-Necropole.jpg\" sizes=\"(max-width: 900px) 100vw, 900px\" srcset=\"https:\/\/www.auzeau.fr\/39-45\/wp-content\/uploads\/Cimetieres\/31%20--%2060\/57%20-%20Moselle\/57%20-%20Metz-Chambriere\/Metz-Necropole.jpg 900w, https:\/\/www.auzeau.fr\/39-45\/wp-content\/uploads\/Cimetieres\/31%20--%2060\/57%20-%20Moselle\/57%20-%20Metz-Chambriere\/Metz-Necropole-300x188.jpg 300w, https:\/\/www.auzeau.fr\/39-45\/wp-content\/uploads\/Cimetieres\/31%20--%2060\/57%20-%20Moselle\/57%20-%20Metz-Chambriere\/Metz-Necropole-768x482.jpg 768w\" alt=\"\" width=\"900\" height=\"565\" \/><\/p>\n<table style=\"width: 100%;\" border=\"0\">\n<tbody>\n<tr>\n<td style=\"width: 5%;\"><\/td>\n<td style=\"width: 5%;\"><\/td>\n<td style=\"width: 2%;\"><\/td>\n<td style=\"width: 8%;\"><\/td>\n<td style=\"width: 5%;\"><\/td>\n<td style=\"width: 5%;\"><\/td>\n<td style=\"width: 5%;\"><\/td>\n<td style=\"width: 2%;\"><\/td>\n<td style=\"width: 8%;\"><\/td>\n<td style=\"width: 2%;\"><\/td>\n<td style=\"width: 5%;\"><\/td>\n<td style=\"width: 3%;\"><\/td>\n<td style=\"width: 5%;\"><\/td>\n<td style=\"width: 5%;\"><\/td>\n<td style=\"width: 5%;\"><\/td>\n<td style=\"width: 5%;\"><\/td>\n<td style=\"width: 5%;\"><\/td>\n<td style=\"width: 5%;\"><\/td>\n<td style=\"width: 5%;\"><\/td>\n<td style=\"width: 10%;\"><\/td>\n<\/tr>\n<tr>\n<td style=\"width: 75%;\" colspan=\"16\"><span style=\"font-size: xx-large;\"><strong><span style=\"color: #000000;\">Potez 637 n\u00b0 4<\/span><\/strong><\/span><\/td>\n<td style=\"width: 25%; text-align: center;\" colspan=\"4\"><span style=\"font-size: xx-large;\"><strong>GR II\/52<\/strong><\/span><\/td>\n<\/tr>\n<tr>\n<td style=\"width: 75%;\" colspan=\"16\"><\/td>\n<td style=\"width: 25%; text-align: center;\" colspan=\"4\"><\/td>\n<\/tr>\n<tr style=\"height: 40px;\">\n<td style=\"text-align: right; width: 5%;\"><\/td>\n<td style=\"text-align: right; width: 5%;\"><\/td>\n<td style=\"text-align: right; width: 2%;\"><\/td>\n<td style=\"text-align: right; width: 8%;\"><\/td>\n<td style=\"text-align: right; width: 5%;\"><\/td>\n<td style=\"text-align: right; width: 5%;\"><\/td>\n<td style=\"text-align: right; width: 5%;\"><\/td>\n<td style=\"text-align: right; width: 2%;\"><\/td>\n<td style=\"text-align: right; width: 8%;\"><\/td>\n<td style=\"text-align: right; width: 2%;\"><\/td>\n<td style=\"text-align: right; width: 5%;\"><\/td>\n<td style=\"text-align: right; width: 3%;\"><\/td>\n<td style=\"text-align: right; width: 5%;\"><\/td>\n<td style=\"text-align: right; width: 5%;\"><\/td>\n<td style=\"text-align: right; width: 5%;\"><\/td>\n<td style=\"text-align: right; width: 5%;\"><\/td>\n<td style=\"text-align: right; width: 5%;\"><\/td>\n<td style=\"text-align: right; width: 5%;\"><\/td>\n<td style=\"text-align: right; width: 5%;\"><\/td>\n<td style=\"text-align: right; width: 10%;\"><\/td>\n<\/tr>\n<tr>\n<td style=\"text-align: right; width: 5%;\"><\/td>\n<td style=\"text-align: right; width: 5%;\"><span style=\"font-size: 14px;\"><strong>Date<\/strong><\/span><\/td>\n<td style=\"width: 2%; text-align: center;\"><strong>:<\/strong><\/td>\n<td style=\"width: 13%; text-align: left;\" colspan=\"2\"><span style=\"font-size: 14px;\"><em>27 septembre 1939<\/em><\/span><\/td>\n<td style=\"text-align: right; width: 5%;\"><\/td>\n<td style=\"text-align: right; width: 5%;\"><\/td>\n<td style=\"text-align: right; width: 2%;\"><\/td>\n<td style=\"text-align: right; width: 8%;\"><span style=\"font-size: 14px;\"><strong>Mission<\/strong><\/span><\/td>\n<td style=\"width: 2%; text-align: center;\"><strong><span style=\"font-size: 14px;\">:<\/span><\/strong><\/td>\n<td style=\"text-align: left; width: 53%;\" colspan=\"10\"><span style=\"font-size: 14px;\"><em>Reconnaissance au dessus de l&#8217;Allemagne<\/em><\/span><\/td>\n<\/tr>\n<tr style=\"height: 40px;\">\n<td style=\"text-align: right; width: 5%;\"><\/td>\n<td style=\"text-align: right; width: 5%;\"><\/td>\n<td style=\"width: 2%; text-align: center;\"><\/td>\n<td style=\"width: 8%; text-align: left;\"><\/td>\n<td style=\"text-align: right; width: 5%;\"><\/td>\n<td style=\"text-align: right; width: 5%;\"><\/td>\n<td style=\"text-align: right; width: 5%;\"><\/td>\n<td style=\"text-align: right; width: 2%;\"><\/td>\n<td style=\"text-align: right; width: 8%;\"><\/td>\n<td style=\"width: 2%; text-align: center;\"><\/td>\n<td style=\"text-align: left; width: 5%;\"><\/td>\n<td style=\"text-align: left; width: 3%;\"><\/td>\n<td style=\"text-align: left; width: 5%;\"><\/td>\n<td style=\"text-align: left; width: 5%;\"><\/td>\n<td style=\"text-align: left; width: 5%;\"><\/td>\n<td style=\"text-align: left; width: 5%;\"><\/td>\n<td style=\"text-align: left; width: 5%;\"><\/td>\n<td style=\"text-align: left; width: 5%;\"><\/td>\n<td style=\"text-align: left; width: 5%;\"><\/td>\n<td style=\"text-align: left; width: 10%;\"><\/td>\n<\/tr>\n<tr style=\"height: 40px;\">\n<td style=\"text-align: right; width: 10%;\" colspan=\"2\"><\/td>\n<td style=\"width: 2%; text-align: center;\"><\/td>\n<td style=\"text-align: right; width: 23%;\" colspan=\"4\"><span style=\"font-size: 14px;\"><strong>D\u00e9collage<\/strong><\/span><\/td>\n<td style=\"width: 2%; text-align: center;\"><strong>:<\/strong><\/td>\n<td style=\"text-align: left; width: 63%;\" colspan=\"12\"><span style=\"font-size: 14px;\"><em>Herb\u00e9viller (54) \u00e0 17:00<\/em><\/span><\/td>\n<\/tr>\n<tr style=\"height: 40px;\">\n<td style=\"text-align: right; width: 10%;\" colspan=\"2\"><\/td>\n<td style=\"width: 2%; text-align: center;\"><\/td>\n<td style=\"text-align: right; width: 23%;\" colspan=\"4\"><span style=\"font-size: 14px;\"><strong>Causes de la perte<br \/>\n<\/strong><\/span><\/td>\n<td style=\"width: 2%; text-align: center;\"><strong>:<br \/>\n<\/strong><\/td>\n<td style=\"text-align: left; width: 63%;\" colspan=\"12\"><span style=\"font-size: 14px;\"><em>Abattu en combat a\u00e9rien par des <span class='tooltipsall tooltipsincontent classtoolTips27'>Bf 109<\/span> (Leutnant HIBRADT, du I.\/JG53)<\/em><\/span><\/td>\n<\/tr>\n<tr style=\"height: 40px;\">\n<td style=\"text-align: right; width: 10%;\" colspan=\"2\"><\/td>\n<td style=\"width: 2%; text-align: center;\"><\/td>\n<td style=\"text-align: right; width: 23%;\" colspan=\"4\"><span style=\"font-size: 14px;\"><strong>Lieu de la perte<br \/>\n<\/strong><\/span><\/td>\n<td style=\"width: 2%; text-align: center;\"><strong>:<br \/>\n<\/strong><\/td>\n<td style=\"text-align: left; width: 63%;\" colspan=\"12\"><span style=\"font-size: 14px;\"><em>Tenteling (57)<\/em><\/span><\/td>\n<\/tr>\n<tr style=\"height: 40px;\">\n<td style=\"width: 5%;\"><\/td>\n<td style=\"width: 5%;\"><\/td>\n<td style=\"width: 2%; text-align: center;\"><\/td>\n<td style=\"text-align: right; width: 8%;\"><\/td>\n<td style=\"text-align: right; width: 5%;\"><\/td>\n<td style=\"text-align: right; width: 5%;\"><\/td>\n<td style=\"text-align: right; width: 5%;\"><\/td>\n<td style=\"width: 2%; text-align: center;\"><\/td>\n<td style=\"text-align: left; width: 8%;\"><\/td>\n<td style=\"text-align: left; width: 2%;\"><\/td>\n<td style=\"text-align: left; width: 5%;\"><\/td>\n<td style=\"text-align: left; width: 3%;\"><\/td>\n<td style=\"text-align: left; width: 5%;\"><\/td>\n<td style=\"text-align: left; width: 5%;\"><\/td>\n<td style=\"text-align: left; width: 5%;\"><\/td>\n<td style=\"text-align: left; width: 5%;\"><\/td>\n<td style=\"text-align: left; width: 5%;\"><\/td>\n<td style=\"text-align: left; width: 5%;\"><\/td>\n<td style=\"text-align: left; width: 5%;\"><\/td>\n<td style=\"text-align: left; width: 10%;\"><\/td>\n<\/tr>\n<tr style=\"height: 60px;\">\n<td style=\"width: 5%;\"><img decoding=\"async\" src=\"https:\/\/www.auzeau.fr\/39-45\/wp-content\/uploads\/images\/Drapeaux\/France.png\" alt=\"France\" width=\"40\" height=\"20\" \/><\/td>\n<td style=\"width: 5%;\"><span class='tooltipsall tooltipsincontent classtoolTips51'>Cplc<\/span><\/td>\n<td style=\"text-align: left;\" colspan=\"5\">Jean-Louis<\/td>\n<td style=\"text-align: left;\" colspan=\"3\"><span style=\"color: #000000;\"><strong>BIOLETTI<\/strong><\/span><\/td>\n<td style=\"text-align: center;\" colspan=\"2\"><span class='tooltipsall tooltipsincontent classtoolTips185'>AG<\/span><\/td>\n<td style=\"width: 5%; text-align: center;\"><span class='tooltipsall tooltipsincontent classtoolTips136'>AAF<\/span><\/td>\n<td style=\"text-align: center;\" colspan=\"2\"><\/td>\n<td style=\"width: 5%; text-align: center;\"><span style=\"color: #000000;\"><strong><span class='tooltipsall tooltipsincontent classtoolTips110'>KIA<\/span><\/strong><\/span><\/td>\n<td style=\"text-align: left;\" colspan=\"4\"><img decoding=\"async\" title=\"Croix de Guerre 39-45\" src=\"https:\/\/www.auzeau.fr\/39-45\/wp-content\/uploads\/images\/Medaille\/Croix-de-Guerre-39-45.png\" alt=\"Croix de Guerre 39-45\" width=\"72\" height=\"20\" \/> <strong><span class='tooltipsall tooltipsincontent classtoolTips126'>MPF<\/span><\/strong> <a href=\"https:\/\/www.auzeau.fr\/39-45\/france\/88-vosges\/88-epinal-cimetiere-de-saint-laurent\/\"><span style=\"font-size: 8pt;\">Inhum\u00e9 \u00e0 \u00c9pinal Cimiti\u00e8re de Saint-Laurent (88)<\/span><\/a><\/td>\n<\/tr>\n<tr style=\"height: 60px;\">\n<td style=\"width: 5%;\"><img decoding=\"async\" src=\"https:\/\/www.auzeau.fr\/39-45\/wp-content\/uploads\/images\/Drapeaux\/France.png\" alt=\"France\" width=\"40\" height=\"20\" \/><\/td>\n<td style=\"width: 5%;\"><span class='tooltipsall tooltipsincontent classtoolTips201'>Lt<\/span><\/td>\n<td style=\"text-align: left;\" colspan=\"5\">Guillaume Henri<\/td>\n<td style=\"text-align: left;\" colspan=\"3\"><span style=\"color: #000000;\"><strong>DU PARC<\/strong><\/span><\/td>\n<td style=\"text-align: center;\" colspan=\"2\"><span class='tooltipsall tooltipsincontent classtoolTips120'>CdB<\/span><\/td>\n<td style=\"width: 5%; text-align: center;\"><span class='tooltipsall tooltipsincontent classtoolTips136'>AAF<\/span><\/td>\n<td style=\"text-align: center;\" colspan=\"2\"><\/td>\n<td style=\"width: 5%; text-align: center;\"><strong><span class='tooltipsall tooltipsincontent classtoolTips110'>KIA<\/span><\/strong><\/td>\n<td style=\"text-align: left;\" colspan=\"4\"><img loading=\"lazy\" decoding=\"async\" title=\"Chevalier-L\u00e9gion-dHonneur\" src=\"https:\/\/www.auzeau.fr\/39-45\/wp-content\/uploads\/images\/Medaille\/de7ad77f9fc044a1c8d501e35183a115.png\" alt=\"Chevalier de la L\u00e9gion d'Honneur\" width=\"72\" height=\"20\" \/> \u00a0<img loading=\"lazy\" decoding=\"async\" title=\"Croix-de-Guerre-39-45\" src=\"https:\/\/www.auzeau.fr\/39-45\/wp-content\/uploads\/images\/Medaille\/Croix-de-Guerre-39-45.png\" alt=\"Croix de Guerre 39-45\" width=\"72\" height=\"20\" \/> <strong><span class='tooltipsall tooltipsincontent classtoolTips126'>MPF<\/span><\/strong> <span style=\"font-size: 8pt;\">Lieu d&#8217;inhumation inconnu<\/span><\/td>\n<\/tr>\n<tr style=\"height: 60px;\">\n<td style=\"width: 5%;\"><img decoding=\"async\" src=\"https:\/\/www.auzeau.fr\/39-45\/wp-content\/uploads\/images\/Drapeaux\/France.png\" alt=\"France\" width=\"40\" height=\"20\" \/><\/td>\n<td style=\"width: 5%;\"><span class='tooltipsall tooltipsincontent classtoolTips178'>ADC<\/span><\/td>\n<td style=\"text-align: left;\" colspan=\"5\">Kl\u00e9ber<\/td>\n<td style=\"text-align: left;\" colspan=\"3\"><span style=\"color: #000000;\"><strong>SAUDRY<\/strong><\/span><\/td>\n<td style=\"text-align: center;\" colspan=\"2\"><span class='tooltipsall tooltipsincontent classtoolTips151'>Pil<\/span><\/td>\n<td style=\"width: 5%; text-align: center;\"><span class='tooltipsall tooltipsincontent classtoolTips136'>AAF<\/span><\/td>\n<td style=\"text-align: center;\" colspan=\"2\"><\/td>\n<td style=\"width: 5%; text-align: center;\"><strong><span class='tooltipsall tooltipsincontent classtoolTips110'>KIA<\/span><\/strong><\/td>\n<td style=\"text-align: left;\" colspan=\"4\"><strong><span class='tooltipsall tooltipsincontent classtoolTips126'>MPF<\/span><\/strong><\/td>\n<\/tr>\n<\/tbody>\n<\/table>\n<div id='gallery-1' class='gallery galleryid-71326 gallery-columns-2 gallery-size-thumbnail'><figure class='gallery-item'>\n\t\t\t<div class='gallery-icon portrait'>\n\t\t\t\t<a title=\"Kl\u00e9ber Saudry\"  title=\"Kl\u00e9ber Saudry\"  href='https:\/\/www.auzeau.fr\/39-45\/wp-content\/uploads\/Cimetieres\/31%20--%2060\/57%20-%20Moselle\/57%20-%20Metz-Chambriere\/Potez%20637%204\/Saudry-1.jpg'><img loading=\"lazy\" decoding=\"async\" width=\"150\" height=\"150\" src=\"https:\/\/www.auzeau.fr\/39-45\/wp-content\/uploads\/Cimetieres\/31 -- 60\/57 - Moselle\/57 - Metz-Chambriere\/Potez 637 4\/Saudry-1-150x150.jpg\" class=\"attachment-thumbnail size-thumbnail\" alt=\"\" srcset=\"https:\/\/www.auzeau.fr\/39-45\/wp-content\/uploads\/Cimetieres\/31%20--%2060\/57%20-%20Moselle\/57%20-%20Metz-Chambriere\/Potez%20637%204\/Saudry-1-150x150.jpg 150w, https:\/\/www.auzeau.fr\/39-45\/wp-content\/uploads\/Cimetieres\/31%20--%2060\/57%20-%20Moselle\/57%20-%20Metz-Chambriere\/Potez%20637%204\/Saudry-1-50x50.jpg 50w\" sizes=\"(max-width: 150px) 100vw, 150px\" \/><\/a>\n\t\t\t<\/div><\/figure><figure class='gallery-item'>\n\t\t\t<div class='gallery-icon landscape'>\n\t\t\t\t<a title=\"Kl\u00e9ber Saudry\"  title=\"Kl\u00e9ber Saudry\"  href='https:\/\/www.auzeau.fr\/39-45\/wp-content\/uploads\/Cimetieres\/31%20--%2060\/57%20-%20Moselle\/57%20-%20Metz-Chambriere\/Potez%20637%204\/Saudry-2.jpg'><img loading=\"lazy\" decoding=\"async\" width=\"150\" height=\"150\" src=\"https:\/\/www.auzeau.fr\/39-45\/wp-content\/uploads\/Cimetieres\/31 -- 60\/57 - Moselle\/57 - Metz-Chambriere\/Potez 637 4\/Saudry-2-150x150.jpg\" class=\"attachment-thumbnail size-thumbnail\" alt=\"\" srcset=\"https:\/\/www.auzeau.fr\/39-45\/wp-content\/uploads\/Cimetieres\/31%20--%2060\/57%20-%20Moselle\/57%20-%20Metz-Chambriere\/Potez%20637%204\/Saudry-2-150x150.jpg 150w, https:\/\/www.auzeau.fr\/39-45\/wp-content\/uploads\/Cimetieres\/31%20--%2060\/57%20-%20Moselle\/57%20-%20Metz-Chambriere\/Potez%20637%204\/Saudry-2-50x50.jpg 50w\" sizes=\"(max-width: 150px) 100vw, 150px\" \/><\/a>\n\t\t\t<\/div><\/figure>\n\t\t<\/div>\n\n<table style=\"width: 100%; border-collapse: collapse; background-color: #dcdcdc;\">\n<tbody>\n<tr>\n<td style=\"width: 100%; text-align: center;\"><ul id=\"menu-57-metz-chambriere\" class=\"menu\"><li id=\"menu-item-72354\" class=\"menu-item menu-item-type-post_type menu-item-object-page menu-item-72354\"><a href=\"https:\/\/www.auzeau.fr\/39-45\/france\/57-moselle\/57-metz-chambriere\/\">Potez 637 n\u00b0 4<\/a><\/li>\n<li id=\"menu-item-72355\" class=\"menu-item menu-item-type-post_type menu-item-object-page menu-item-72355\"><a href=\"https:\/\/www.auzeau.fr\/39-45\/france\/57-moselle\/57-metz-necropole-nationale-de-chambriere-2\/\">Curtiss H75A1 n\u00b0 95<\/a><\/li>\n<li id=\"menu-item-72357\" class=\"menu-item menu-item-type-post_type menu-item-object-page menu-item-72357\"><a href=\"https:\/\/www.auzeau.fr\/39-45\/france\/57-moselle\/57-metz-necropole-nationale-de-chambriere-3\/\">Hurricane L1967<\/a><\/li>\n<li id=\"menu-item-72356\" class=\"menu-item menu-item-type-post_type menu-item-object-page menu-item-72356\"><a href=\"https:\/\/www.auzeau.fr\/39-45\/france\/57-moselle\/57-metz-necropole-nationale-de-chambriere-4\/\">Hurricane N2385<\/a><\/li>\n<li id=\"menu-item-72358\" class=\"menu-item menu-item-type-post_type menu-item-object-page menu-item-72358\"><a href=\"https:\/\/www.auzeau.fr\/39-45\/france\/57-moselle\/57-metz-necropole-nationale-de-chambriere-5\/\">Hurricane L1671<\/a><\/li>\n<li id=\"menu-item-72359\" class=\"menu-item menu-item-type-post_type menu-item-object-page menu-item-72359\"><a href=\"https:\/\/www.auzeau.fr\/39-45\/france\/57-moselle\/57-metz-necropole-nationale-de-chambriere-6\/\">MS406 n\u00b0 592<\/a><\/li>\n<li id=\"menu-item-72361\" class=\"menu-item menu-item-type-post_type menu-item-object-page menu-item-72361\"><a href=\"https:\/\/www.auzeau.fr\/39-45\/france\/57-moselle\/57-metz-necropole-nationale-de-chambriere-7\/\">Hurricane N2364<\/a><\/li>\n<li id=\"menu-item-72360\" class=\"menu-item menu-item-type-post_type menu-item-object-page menu-item-72360\"><a href=\"https:\/\/www.auzeau.fr\/39-45\/france\/57-moselle\/57-metz-necropole-nationale-de-chambriere-8\/\">Blenheim L9249<\/a><\/li>\n<li id=\"menu-item-72362\" class=\"menu-item menu-item-type-post_type menu-item-object-page menu-item-72362\"><a href=\"https:\/\/www.auzeau.fr\/39-45\/france\/57-moselle\/57-metz-necropole-nationale-de-chambriere-9\/\">Potez 637 n\u00b0 36<\/a><\/li>\n<li id=\"menu-item-72363\" class=\"menu-item menu-item-type-post_type menu-item-object-page menu-item-72363\"><a href=\"https:\/\/www.auzeau.fr\/39-45\/france\/57-moselle\/57-metz-necropole-nationale-de-chambriere-10\/\">Hurricane P2570<\/a><\/li>\n<li id=\"menu-item-72364\" class=\"menu-item menu-item-type-post_type menu-item-object-page menu-item-72364\"><a href=\"https:\/\/www.auzeau.fr\/39-45\/france\/57-moselle\/57-metz-necropole-nationale-de-chambriere-11\/\">MS406 n\u00b0 ??<\/a><\/li>\n<\/ul><\/td>\n<\/tr>\n<\/tbody>\n<\/table>\n<hr \/>\n<p style=\"text-align: center;\"><ul id=\"menu-57-moselle\" class=\"menu\"><li id=\"menu-item-72010\" class=\"menu-item menu-item-type-post_type menu-item-object-page menu-item-72010\"><a href=\"https:\/\/www.auzeau.fr\/39-45\/france\/57-moselle\/57-benestroff\/\">57 \u2013 B\u00e9nestroff<\/a><\/li>\n<li id=\"menu-item-72011\" class=\"menu-item menu-item-type-post_type menu-item-object-page menu-item-72011\"><a href=\"https:\/\/www.auzeau.fr\/39-45\/france\/57-moselle\/57-bermering\/\">57 \u2013 Bermering<\/a><\/li>\n<li id=\"menu-item-72012\" class=\"menu-item menu-item-type-post_type menu-item-object-page menu-item-72012\"><a href=\"https:\/\/www.auzeau.fr\/39-45\/france\/57-moselle\/57-chateau-voue\/\">57 \u2013 Ch\u00e2teau-Vou\u00e9<\/a><\/li>\n<li id=\"menu-item-72013\" class=\"menu-item menu-item-type-post_type menu-item-object-page menu-item-72013\"><a href=\"https:\/\/www.auzeau.fr\/39-45\/france\/57-moselle\/57-dieuze\/\">57 \u2013 Dieuze <em>Cimeti\u00e8re Polonais<\/em><\/a><\/li>\n<li id=\"menu-item-72014\" class=\"menu-item menu-item-type-post_type menu-item-object-page menu-item-72014\"><a href=\"https:\/\/www.auzeau.fr\/39-45\/france\/57-moselle\/57-marly\/\">57 \u2013 Marly<\/a><\/li>\n<li id=\"menu-item-72015\" class=\"menu-item menu-item-type-post_type menu-item-object-page menu-item-72015\"><a href=\"https:\/\/www.auzeau.fr\/39-45\/france\/57-moselle\/57-marsal\/\">57 \u2013 Marsal<\/a><\/li>\n<li id=\"menu-item-72365\" class=\"menu-item menu-item-type-post_type menu-item-object-page menu-item-72365\"><a href=\"https:\/\/www.auzeau.fr\/39-45\/france\/57-moselle\/57-metz-cimetiere-est\/\">57 &#8211; Metz <em>Cimeti\u00e8re de l&#8217;Est<\/em><\/a><\/li>\n<li id=\"menu-item-72367\" class=\"menu-item menu-item-type-post_type menu-item-object-page menu-item-72367\"><a href=\"https:\/\/www.auzeau.fr\/39-45\/france\/57-moselle\/57-metz-chambriere\/\">57 \u2013 Metz <em>N\u00e9cropole nationale de Chambri\u00e8re<\/em><\/a><\/li>\n<li id=\"menu-item-102885\" class=\"menu-item menu-item-type-post_type menu-item-object-page menu-item-102885\"><a href=\"https:\/\/www.auzeau.fr\/39-45\/france\/57-moselle\/57-schalbach\/\">57 \u2013 Schalbach<\/a><\/li>\n<\/ul>\n<script type=\"text\/javascript\"> toolTips('.classtoolTips27','<img class=\"aligncenter wp-image-65839 size-full\" title=\"ME 109\" src=\"https:\/\/www.auzeau.fr\/39-45\/wp-content\/uploads\/Avions\/Allemand\/Me109.JPG\" alt=\"\" width=\"650\" height=\"357\" \/>'); <\/script><script type=\"text\/javascript\"> toolTips('.classtoolTips51','Caporal-Chef'); <\/script><script type=\"text\/javascript\"> toolTips('.classtoolTips89','Sergent-Chef'); <\/script><script type=\"text\/javascript\"> toolTips('.classtoolTips90','Caporal<br\/><br\/>Corporal'); <\/script><script type=\"text\/javascript\"> toolTips('.classtoolTips98','Colonel'); <\/script><script type=\"text\/javascript\"> toolTips('.classtoolTips110','Tu\u00e9 au combat<br\/><br\/>Killed In Action'); <\/script><script type=\"text\/javascript\"> toolTips('.classtoolTips118','Canonnier'); <\/script><script type=\"text\/javascript\"> toolTips('.classtoolTips120','Chef de Bord'); <\/script><script type=\"text\/javascript\"> toolTips('.classtoolTips126','Mort Pour la France'); <\/script><script type=\"text\/javascript\"> toolTips('.classtoolTips134','\u00c9vad\u00e9<br\/><br\/>Evaded'); <\/script><script type=\"text\/javascript\"> toolTips('.classtoolTips136','Arm\u00e9e de l\u2019Air Fran\u00e7aise'); <\/script><script type=\"text\/javascript\"> toolTips('.classtoolTips144','Royal Corps of Signals'); <\/script><script type=\"text\/javascript\"> toolTips('.classtoolTips151','Pilote<br\/><br\/>Pilot'); <\/script><script type=\"text\/javascript\"> toolTips('.classtoolTips153','Porucznik'); <\/script><script type=\"text\/javascript\"> toolTips('.classtoolTips162','Telegraphist'); <\/script><script type=\"text\/javascript\"> toolTips('.classtoolTips169','Pointe'); <\/script><script type=\"text\/javascript\"> toolTips('.classtoolTips178','Adjudant-Chef'); <\/script><script type=\"text\/javascript\"> toolTips('.classtoolTips185','Mitrailleur<br\/><br\/>Air Gunner'); <\/script><script type=\"text\/javascript\"> toolTips('.classtoolTips188','Bombardier<br\/><br\/>Air bomber'); <\/script><script type=\"text\/javascript\"> toolTips('.classtoolTips189','M\u00e9canicien volant<br\/><br\/>Flying Enginer'); <\/script><script type=\"text\/javascript\"> toolTips('.classtoolTips195','Enseigne de Vaisseau'); <\/script><script type=\"text\/javascript\"> toolTips('.classtoolTips197','Aircraftman'); <\/script><script type=\"text\/javascript\"> toolTips('.classtoolTips199','Radio Officer'); <\/script><script type=\"text\/javascript\"> toolTips('.classtoolTips201','Lieutenant'); <\/script>","protected":false},"excerpt":{"rendered":"<p>Potez 637 n\u00b0 4 GR II\/52 Date : 27 septembre 1939 Mission : Reconnaissance au dessus de l&#8217;Allemagne D\u00e9collage : Herb\u00e9viller (54) \u00e0 17:00 Causes de la perte : Abattu en combat a\u00e9rien par des Bf 109 (Leutnant HIBRADT, du I.\/JG53) Lieu de la perte : Tenteling (57) Cplc Jean-Louis BIOLETTI AG AAF KIA MPF [&hellip;]<\/p>\n","protected":false},"author":1,"featured_media":0,"parent":71275,"menu_order":0,"comment_status":"closed","ping_status":"closed","template":"template-full-width Potez 63.php","meta":{"_lmt_disableupdate":"yes","_lmt_disable":"","footnotes":""},"categories":[1999],"tags":[2000],"wf_page_folders":[3420],"class_list":["post-71326","page","type-page","status-publish","hentry","category-potez-637","tag-gr-ii-52"],"_links":{"self":[{"href":"https:\/\/www.auzeau.fr\/39-45\/wp-json\/wp\/v2\/pages\/71326","targetHints":{"allow":["GET"]}}],"collection":[{"href":"https:\/\/www.auzeau.fr\/39-45\/wp-json\/wp\/v2\/pages"}],"about":[{"href":"https:\/\/www.auzeau.fr\/39-45\/wp-json\/wp\/v2\/types\/page"}],"author":[{"embeddable":true,"href":"https:\/\/www.auzeau.fr\/39-45\/wp-json\/wp\/v2\/users\/1"}],"replies":[{"embeddable":true,"href":"https:\/\/www.auzeau.fr\/39-45\/wp-json\/wp\/v2\/comments?post=71326"}],"version-history":[{"count":0,"href":"https:\/\/www.auzeau.fr\/39-45\/wp-json\/wp\/v2\/pages\/71326\/revisions"}],"up":[{"embeddable":true,"href":"https:\/\/www.auzeau.fr\/39-45\/wp-json\/wp\/v2\/pages\/71275"}],"wp:attachment":[{"href":"https:\/\/www.auzeau.fr\/39-45\/wp-json\/wp\/v2\/media?parent=71326"}],"wp:term":[{"taxonomy":"category","embeddable":true,"href":"https:\/\/www.auzeau.fr\/39-45\/wp-json\/wp\/v2\/categories?post=71326"},{"taxonomy":"post_tag","embeddable":true,"href":"https:\/\/www.auzeau.fr\/39-45\/wp-json\/wp\/v2\/tags?post=71326"},{"taxonomy":"wf_page_folders","embeddable":true,"href":"https:\/\/www.auzeau.fr\/39-45\/wp-json\/wp\/v2\/wf_page_folders?post=71326"}],"curies":[{"name":"wp","href":"https:\/\/api.w.org\/{rel}","templated":true}]}}