{"id":70533,"date":"2019-09-01T07:55:19","date_gmt":"2019-09-01T05:55:19","guid":{"rendered":"http:\/\/39-45.auzeau.fr\/?page_id=70533"},"modified":"2021-06-25T19:32:45","modified_gmt":"2021-06-25T17:32:45","slug":"77-verneuil-l-etang","status":"publish","type":"page","link":"https:\/\/www.auzeau.fr\/39-45\/france\/77-seine-et-marne\/77-verneuil-l-etang\/","title":{"rendered":"77 &#8211; Verneuil-l&#8217;\u00c9tang"},"content":{"rendered":"<p><img fetchpriority=\"high\" decoding=\"async\" class=\"aligncenter\" src=\"https:\/\/www.auzeau.fr\/39-45\/wp-content\/uploads\/Cimetieres\/60 --\/77 - Seine-et-Marne\/Verneuil-l-Etang\/Verneuil-l-Etang.jpg\" sizes=\"(max-width: 900px) 100vw, 900px\" srcset=\"https:\/\/www.auzeau.fr\/39-45\/wp-content\/uploads\/Cimetieres\/60%20--\/77%20-%20Seine-et-Marne\/Verneuil-l-Etang\/Verneuil-l-Etang.jpg 900w, https:\/\/www.auzeau.fr\/39-45\/wp-content\/uploads\/Cimetieres\/60%20--\/77%20-%20Seine-et-Marne\/Verneuil-l-Etang\/Verneuil-l-Etang-300x124.jpg 300w, https:\/\/www.auzeau.fr\/39-45\/wp-content\/uploads\/Cimetieres\/60%20--\/77%20-%20Seine-et-Marne\/Verneuil-l-Etang\/Verneuil-l-Etang-768x317.jpg 768w\" alt=\"\" width=\"900\" height=\"371\" \/><\/p>\n<table style=\"width: 100%;\" border=\"0\">\n<tbody>\n<tr>\n<td style=\"width: 5%;\"><\/td>\n<td style=\"width: 5%;\"><\/td>\n<td style=\"width: 2%;\"><\/td>\n<td style=\"width: 8%;\"><\/td>\n<td style=\"width: 5%;\"><\/td>\n<td style=\"width: 5%;\"><\/td>\n<td style=\"width: 5%;\"><\/td>\n<td style=\"width: 2%;\"><\/td>\n<td style=\"width: 8%;\"><\/td>\n<td style=\"width: 2%;\"><\/td>\n<td style=\"width: 5%;\"><\/td>\n<td style=\"width: 3%;\"><\/td>\n<td style=\"width: 5%;\"><\/td>\n<td style=\"width: 5%;\"><\/td>\n<td style=\"width: 5%;\"><\/td>\n<td style=\"width: 5%;\"><\/td>\n<td style=\"width: 5%;\"><\/td>\n<td style=\"width: 5%;\"><\/td>\n<td style=\"width: 5%;\"><\/td>\n<td style=\"width: 10%;\"><\/td>\n<\/tr>\n<tr>\n<td style=\"width: 75%;\" colspan=\"16\"><span style=\"font-size: xx-large;\"><strong><span style=\"color: #000000;\">Curtiss H75A1 n\u00b0 34<\/span><\/strong><\/span><\/td>\n<td style=\"width: 25%; text-align: center;\" colspan=\"4\"><span style=\"font-size: xx-large;\"><strong>GC I\/5<br \/>\n<\/strong><\/span><\/td>\n<\/tr>\n<tr>\n<td style=\"width: 75%;\" colspan=\"16\">Matricule <span class='tooltipsall tooltipsincontent classtoolTips136'>AAF<\/span> : X-833\u00a0\u00a0\u00a0\u00a0\u00a0\u00a0\u00a0\u00a0\u00a0 N\u00b0 de s\u00e9rie : 12831<\/td>\n<td style=\"width: 25%; text-align: center;\" colspan=\"4\"><strong>2e Escadrille<\/strong><\/td>\n<\/tr>\n<tr style=\"height: 40px;\">\n<td style=\"text-align: right; width: 5%;\"><\/td>\n<td style=\"text-align: right; width: 5%;\"><\/td>\n<td style=\"text-align: right; width: 2%;\"><\/td>\n<td style=\"text-align: right; width: 8%;\"><\/td>\n<td style=\"text-align: right; width: 5%;\"><\/td>\n<td style=\"text-align: right; width: 5%;\"><\/td>\n<td style=\"text-align: right; width: 5%;\"><\/td>\n<td style=\"text-align: right; width: 2%;\"><\/td>\n<td style=\"text-align: right; width: 8%;\"><\/td>\n<td style=\"text-align: right; width: 2%;\"><\/td>\n<td style=\"text-align: right; width: 5%;\"><\/td>\n<td style=\"text-align: right; width: 3%;\"><\/td>\n<td style=\"text-align: right; width: 5%;\"><\/td>\n<td style=\"text-align: right; width: 5%;\"><\/td>\n<td style=\"text-align: right; width: 5%;\"><\/td>\n<td style=\"text-align: right; width: 5%;\"><\/td>\n<td style=\"text-align: right; width: 5%;\"><\/td>\n<td style=\"text-align: right; width: 5%;\"><\/td>\n<td style=\"text-align: right; width: 5%;\"><\/td>\n<td style=\"text-align: right; width: 10%;\"><\/td>\n<\/tr>\n<tr>\n<td style=\"text-align: right; width: 5%;\"><\/td>\n<td style=\"text-align: right; width: 5%;\"><span style=\"font-size: 14px;\"><strong>Date<\/strong><\/span><\/td>\n<td style=\"width: 2%; text-align: center;\"><strong>:<\/strong><\/td>\n<td style=\"width: 13%; text-align: left;\" colspan=\"2\"><span style=\"font-size: 14px;\"><em>30 septembre 1939<\/em><\/span><\/td>\n<td style=\"text-align: right; width: 5%;\"><\/td>\n<td style=\"text-align: right; width: 5%;\"><\/td>\n<td style=\"text-align: right; width: 2%;\"><\/td>\n<td style=\"text-align: right; width: 8%;\"><span style=\"font-size: 14px;\"><strong>Mission<\/strong><\/span><\/td>\n<td style=\"width: 2%; text-align: center;\"><strong><span style=\"font-size: 14px;\">:<\/span><\/strong><\/td>\n<td style=\"text-align: left; width: 53%;\" colspan=\"10\"><span style=\"font-size: 14px;\"><em>\u00a0<\/em><\/span><\/td>\n<\/tr>\n<tr style=\"height: 40px;\">\n<td style=\"text-align: right; width: 5%;\"><\/td>\n<td style=\"text-align: right; width: 5%;\"><\/td>\n<td style=\"width: 2%; text-align: center;\"><\/td>\n<td style=\"width: 8%; text-align: left;\"><\/td>\n<td style=\"text-align: right; width: 5%;\"><\/td>\n<td style=\"text-align: right; width: 5%;\"><\/td>\n<td style=\"text-align: right; width: 5%;\"><\/td>\n<td style=\"text-align: right; width: 2%;\"><\/td>\n<td style=\"text-align: right; width: 8%;\"><\/td>\n<td style=\"width: 2%; text-align: center;\"><\/td>\n<td style=\"text-align: left; width: 5%;\"><\/td>\n<td style=\"text-align: left; width: 3%;\"><\/td>\n<td style=\"text-align: left; width: 5%;\"><\/td>\n<td style=\"text-align: left; width: 5%;\"><\/td>\n<td style=\"text-align: left; width: 5%;\"><\/td>\n<td style=\"text-align: left; width: 5%;\"><\/td>\n<td style=\"text-align: left; width: 5%;\"><\/td>\n<td style=\"text-align: left; width: 5%;\"><\/td>\n<td style=\"text-align: left; width: 5%;\"><\/td>\n<td style=\"text-align: left; width: 10%;\"><\/td>\n<\/tr>\n<tr style=\"height: 40px;\">\n<td style=\"text-align: right; width: 10%;\" colspan=\"2\"><\/td>\n<td style=\"width: 2%; text-align: center;\"><\/td>\n<td style=\"text-align: right; width: 23%;\" colspan=\"4\"><span style=\"font-size: 14px;\"><strong>D\u00e9collage<\/strong><\/span><\/td>\n<td style=\"width: 2%; text-align: center;\"><strong>:<\/strong><\/td>\n<td style=\"text-align: left; width: 63%;\" colspan=\"12\"><span style=\"font-size: 14px;\"><em>Suippes (51)<\/em><\/span><\/td>\n<\/tr>\n<tr style=\"height: 40px;\">\n<td style=\"text-align: right; width: 10%;\" colspan=\"2\"><\/td>\n<td style=\"width: 2%; text-align: center;\"><\/td>\n<td style=\"text-align: right; width: 23%;\" colspan=\"4\"><span style=\"font-size: 14px;\"><strong>Causes de la perte<br \/>\n<\/strong><\/span><\/td>\n<td style=\"width: 2%; text-align: center;\"><strong>:<br \/>\n<\/strong><\/td>\n<td style=\"text-align: left; width: 63%;\" colspan=\"12\"><span style=\"font-size: 14px;\"><em> Abattu en combat a\u00e9rien contre des <span class='tooltipsall tooltipsincontent classtoolTips27'>Me 109<\/span><\/em><\/span><\/td>\n<\/tr>\n<tr style=\"height: 40px;\">\n<td style=\"text-align: right; width: 10%;\" colspan=\"2\"><\/td>\n<td style=\"width: 2%; text-align: center;\"><\/td>\n<td style=\"text-align: right; width: 23%;\" colspan=\"4\"><span style=\"font-size: 14px;\"><strong>Lieu de la perte<br \/>\n<\/strong><\/span><\/td>\n<td style=\"width: 2%; text-align: center;\"><strong>:<br \/>\n<\/strong><\/td>\n<td style=\"text-align: left; width: 63%;\" colspan=\"12\"><span style=\"font-size: 14px;\"><em>For\u00eat de Bergholtz pr\u00e8s de Ritzing (57)<\/em><\/span><\/td>\n<\/tr>\n<tr style=\"height: 40px;\">\n<td style=\"width: 5%;\"><\/td>\n<td style=\"width: 5%;\"><\/td>\n<td style=\"width: 2%; text-align: center;\"><\/td>\n<td style=\"text-align: right; width: 8%;\"><\/td>\n<td style=\"text-align: right; width: 5%;\"><\/td>\n<td style=\"text-align: right; width: 5%;\"><\/td>\n<td style=\"text-align: right; width: 5%;\"><\/td>\n<td style=\"width: 2%; text-align: center;\"><\/td>\n<td style=\"text-align: left; width: 8%;\"><\/td>\n<td style=\"text-align: left; width: 2%;\"><\/td>\n<td style=\"text-align: left; width: 5%;\"><\/td>\n<td style=\"text-align: left; width: 3%;\"><\/td>\n<td style=\"text-align: left; width: 5%;\"><\/td>\n<td style=\"text-align: left; width: 5%;\"><\/td>\n<td style=\"text-align: left; width: 5%;\"><\/td>\n<td style=\"text-align: left; width: 5%;\"><\/td>\n<td style=\"text-align: left; width: 5%;\"><\/td>\n<td style=\"text-align: left; width: 5%;\"><\/td>\n<td style=\"text-align: left; width: 5%;\"><\/td>\n<td style=\"text-align: left; width: 10%;\"><\/td>\n<\/tr>\n<tr style=\"height: 60px;\">\n<td style=\"width: 5%;\"><img decoding=\"async\" class=\"aligncenter size-full wp-image-47214\" title=\"France\" src=\"https:\/\/www.auzeau.fr\/39-45\/wp-content\/uploads\/images\/Drapeaux\/France.png\" alt=\"France\" width=\"40\" height=\"20\" \/><\/td>\n<td style=\"width: 5%;\"><span class='tooltipsall tooltipsincontent classtoolTips96'>Sgt<\/span><\/td>\n<td style=\"text-align: left;\" colspan=\"5\">Jacques Henri<\/td>\n<td style=\"text-align: left;\" colspan=\"3\"><strong>LE PREUX<\/strong><\/td>\n<td style=\"text-align: center;\" colspan=\"2\"><span class='tooltipsall tooltipsincontent classtoolTips151'>Pil<\/span><\/td>\n<td style=\"width: 5%; text-align: center;\"><\/td>\n<td style=\"text-align: center;\" colspan=\"2\"><span class='tooltipsall tooltipsincontent classtoolTips136'>AAF<\/span><\/td>\n<td style=\"width: 5%; text-align: center;\"><strong><span class='tooltipsall tooltipsincontent classtoolTips110'>KIA<\/span><\/strong><\/td>\n<td style=\"text-align: left;\" colspan=\"4\"><img decoding=\"async\" title=\"Medaille Militaire\" src=\"https:\/\/www.auzeau.fr\/39-45\/wp-content\/uploads\/images\/Medaille\/Medaille-Militaire.png\" alt=\"M\u00e9daille Militaire\" width=\"72\" height=\"20\" \/><img loading=\"lazy\" decoding=\"async\" title=\"Croix-de-Guerre-39-45\" src=\"https:\/\/www.auzeau.fr\/39-45\/wp-content\/uploads\/images\/Medaille\/Croix-de-Guerre-39-45.png\" alt=\"Croix de Guerre 39-45\" width=\"72\" height=\"20\" \/>\u00a0 <strong><span class='tooltipsall tooltipsincontent classtoolTips126'>MPF<\/span><\/strong><\/td>\n<\/tr>\n<\/tbody>\n<\/table>\n<div id='gallery-1' class='gallery galleryid-70533 gallery-columns-2 gallery-size-thumbnail'><figure class='gallery-item'>\n\t\t\t<div class='gallery-icon portrait'>\n\t\t\t\t<a title=\"Lepreux\"  title=\"Lepreux\"  href='https:\/\/www.auzeau.fr\/39-45\/wp-content\/uploads\/Cimetieres\/60%20--\/77%20-%20Seine-et-Marne\/Verneuil-l-Etang\/Lepreux-1.jpg'><img loading=\"lazy\" decoding=\"async\" width=\"150\" height=\"150\" src=\"https:\/\/www.auzeau.fr\/39-45\/wp-content\/uploads\/Cimetieres\/60 --\/77 - Seine-et-Marne\/Verneuil-l-Etang\/Lepreux-1-150x150.jpg\" class=\"attachment-thumbnail size-thumbnail\" alt=\"\" srcset=\"https:\/\/www.auzeau.fr\/39-45\/wp-content\/uploads\/Cimetieres\/60%20--\/77%20-%20Seine-et-Marne\/Verneuil-l-Etang\/Lepreux-1-150x150.jpg 150w, https:\/\/www.auzeau.fr\/39-45\/wp-content\/uploads\/Cimetieres\/60%20--\/77%20-%20Seine-et-Marne\/Verneuil-l-Etang\/Lepreux-1-50x50.jpg 50w\" sizes=\"(max-width: 150px) 100vw, 150px\" \/><\/a>\n\t\t\t<\/div><\/figure><figure class='gallery-item'>\n\t\t\t<div class='gallery-icon landscape'>\n\t\t\t\t<a title=\"Lepreux\"  title=\"Lepreux\"  href='https:\/\/www.auzeau.fr\/39-45\/wp-content\/uploads\/Cimetieres\/60%20--\/77%20-%20Seine-et-Marne\/Verneuil-l-Etang\/Lepreux-2.jpg'><img loading=\"lazy\" decoding=\"async\" width=\"150\" height=\"150\" src=\"https:\/\/www.auzeau.fr\/39-45\/wp-content\/uploads\/Cimetieres\/60 --\/77 - Seine-et-Marne\/Verneuil-l-Etang\/Lepreux-2-150x150.jpg\" class=\"attachment-thumbnail size-thumbnail\" alt=\"\" srcset=\"https:\/\/www.auzeau.fr\/39-45\/wp-content\/uploads\/Cimetieres\/60%20--\/77%20-%20Seine-et-Marne\/Verneuil-l-Etang\/Lepreux-2-150x150.jpg 150w, https:\/\/www.auzeau.fr\/39-45\/wp-content\/uploads\/Cimetieres\/60%20--\/77%20-%20Seine-et-Marne\/Verneuil-l-Etang\/Lepreux-2-50x50.jpg 50w\" sizes=\"(max-width: 150px) 100vw, 150px\" \/><\/a>\n\t\t\t<\/div><\/figure>\n\t\t<\/div>\n\n<hr \/>\n<p style=\"text-align: center;\"><ul id=\"menu-77-seine-et-marne\" class=\"menu\"><li id=\"menu-item-110113\" class=\"menu-item menu-item-type-post_type menu-item-object-page menu-item-110113\"><a href=\"https:\/\/www.auzeau.fr\/39-45\/france\/77-seine-et-marne\/77-bransles\/\">77 \u2013 Bransles<\/a><\/li>\n<li id=\"menu-item-110119\" class=\"menu-item menu-item-type-post_type menu-item-object-page menu-item-110119\"><a href=\"https:\/\/www.auzeau.fr\/39-45\/france\/77-seine-et-marne\/77-chaintreaux\/\">77 \u2013 Chaintreaux<\/a><\/li>\n<li id=\"menu-item-70684\" class=\"menu-item menu-item-type-post_type menu-item-object-page menu-item-70684\"><a href=\"https:\/\/www.auzeau.fr\/39-45\/france\/77-seine-et-marne\/77-dontilly\/\">77 \u2013 Dontilly<\/a><\/li>\n<li id=\"menu-item-113596\" class=\"menu-item menu-item-type-post_type menu-item-object-page menu-item-113596\"><a href=\"https:\/\/www.auzeau.fr\/39-45\/france\/77-seine-et-marne\/77-fontainebleau\/\">77 \u2013 Fontainebleau<\/a><\/li>\n<li id=\"menu-item-110118\" class=\"menu-item menu-item-type-post_type menu-item-object-page menu-item-110118\"><a href=\"https:\/\/www.auzeau.fr\/39-45\/france\/77-seine-et-marne\/77-fontenailles\/\">77 \u2013 Fontenailles<\/a><\/li>\n<li id=\"menu-item-70683\" class=\"menu-item menu-item-type-post_type menu-item-object-page menu-item-70683\"><a href=\"https:\/\/www.auzeau.fr\/39-45\/france\/77-seine-et-marne\/77-forfry\/\">77 \u2013 Forfry<\/a><\/li>\n<li id=\"menu-item-70687\" class=\"menu-item menu-item-type-post_type menu-item-object-page menu-item-70687\"><a href=\"https:\/\/www.auzeau.fr\/39-45\/france\/77-seine-et-marne\/77-la-ferte-sous-jouarre\/\">77 \u2013 La Fert\u00e9-sous-Jouarre Cimeti\u00e8re national franco-britannique du ch\u00e2teau de Perreuse<\/a><\/li>\n<li id=\"menu-item-70682\" class=\"menu-item menu-item-type-post_type menu-item-object-page menu-item-70682\"><a href=\"https:\/\/www.auzeau.fr\/39-45\/france\/77-seine-et-marne\/77-marcilly\/\">77 \u2013 Marcilly<\/a><\/li>\n<li id=\"menu-item-70681\" class=\"menu-item menu-item-type-post_type menu-item-object-page menu-item-70681\"><a href=\"https:\/\/www.auzeau.fr\/39-45\/france\/77-seine-et-marne\/77-marolles-sur-seine\/\">77 \u2013 Marolles-sur-Seine<\/a><\/li>\n<li id=\"menu-item-70680\" class=\"menu-item menu-item-type-post_type menu-item-object-page menu-item-70680\"><a href=\"https:\/\/www.auzeau.fr\/39-45\/france\/77-seine-et-marne\/77-montigny-le-guesdier\/\">77 \u2013 Montigny-le-Guesdier<\/a><\/li>\n<li id=\"menu-item-70688\" class=\"menu-item menu-item-type-post_type menu-item-object-page menu-item-70688\"><a href=\"https:\/\/www.auzeau.fr\/39-45\/france\/77-seine-et-marne\/77-pecy\/\">77 \u2013 P\u00e9cy<\/a><\/li>\n<li id=\"menu-item-70686\" class=\"menu-item menu-item-type-post_type menu-item-object-page menu-item-70686\"><a href=\"https:\/\/www.auzeau.fr\/39-45\/france\/77-seine-et-marne\/77-reau\/\">77 \u2013 R\u00e9au<\/a><\/li>\n<li id=\"menu-item-70715\" class=\"menu-item menu-item-type-post_type menu-item-object-page menu-item-70715\"><a href=\"https:\/\/www.auzeau.fr\/39-45\/france\/77-seine-et-marne\/77-ussy-sur-marne\/\">77 \u2013 Ussy-sur-Marne<\/a><\/li>\n<li id=\"menu-item-113595\" class=\"menu-item menu-item-type-post_type menu-item-object-page menu-item-113595\"><a href=\"https:\/\/www.auzeau.fr\/39-45\/france\/77-seine-et-marne\/77-vaudoue\/\">77 \u2013 Vaudou\u00e9<\/a><\/li>\n<li id=\"menu-item-102031\" class=\"menu-item menu-item-type-post_type menu-item-object-page menu-item-102031\"><a href=\"https:\/\/www.auzeau.fr\/39-45\/france\/77-seine-et-marne\/77-vaux-le-penil\/\">77 \u2013 Vaux-le-P\u00e9nil<\/a><\/li>\n<li id=\"menu-item-70685\" class=\"menu-item menu-item-type-post_type menu-item-object-page menu-item-70685\"><a href=\"https:\/\/www.auzeau.fr\/39-45\/france\/77-seine-et-marne\/77-verneuil-l-etang\/\">77 \u2013 Verneuil-l\u2019\u00c9tang<\/a><\/li>\n<\/ul>\n<script type=\"text\/javascript\"> toolTips('.classtoolTips27','<img class=\"aligncenter wp-image-65839 size-full\" title=\"ME 109\" src=\"https:\/\/www.auzeau.fr\/39-45\/wp-content\/uploads\/Avions\/Allemand\/Me109.JPG\" alt=\"\" width=\"650\" height=\"357\" \/>'); <\/script><script type=\"text\/javascript\"> toolTips('.classtoolTips96','Sergent<br\/><br\/>Sergeant'); <\/script><script type=\"text\/javascript\"> toolTips('.classtoolTips98','Colonel'); <\/script><script type=\"text\/javascript\"> toolTips('.classtoolTips110','Tu\u00e9 au combat<br\/><br\/>Killed In Action'); <\/script><script type=\"text\/javascript\"> toolTips('.classtoolTips126','Mort Pour la France'); <\/script><script type=\"text\/javascript\"> toolTips('.classtoolTips136','Arm\u00e9e de l\u2019Air Fran\u00e7aise'); <\/script><script type=\"text\/javascript\"> toolTips('.classtoolTips144','Royal Corps of Signals'); <\/script><script type=\"text\/javascript\"> toolTips('.classtoolTips151','Pilote<br\/><br\/>Pilot'); <\/script><script type=\"text\/javascript\"> toolTips('.classtoolTips153','Porucznik'); <\/script><script type=\"text\/javascript\"> toolTips('.classtoolTips169','Pointe'); <\/script><script type=\"text\/javascript\"> toolTips('.classtoolTips185','Mitrailleur<br\/><br\/>Air Gunner'); <\/script><script type=\"text\/javascript\"> toolTips('.classtoolTips188','Bombardier<br\/><br\/>Air bomber'); <\/script><script type=\"text\/javascript\"> toolTips('.classtoolTips189','M\u00e9canicien volant<br\/><br\/>Flying Enginer'); <\/script><script type=\"text\/javascript\"> toolTips('.classtoolTips193','Royal Navy'); <\/script><script type=\"text\/javascript\"> toolTips('.classtoolTips197','Aircraftman'); <\/script><script type=\"text\/javascript\"> toolTips('.classtoolTips199','Radio Officer'); <\/script><script type=\"text\/javascript\"> toolTips('.classtoolTips201','Lieutenant'); <\/script>","protected":false},"excerpt":{"rendered":"<p>Curtiss H75A1 n\u00b0 34 GC I\/5 Matricule AAF : X-833\u00a0\u00a0\u00a0\u00a0\u00a0\u00a0\u00a0\u00a0\u00a0 N\u00b0 de s\u00e9rie : 12831 2e Escadrille Date : 30 septembre 1939 Mission : \u00a0 D\u00e9collage : Suippes (51) Causes de la perte : Abattu en combat a\u00e9rien contre des Me 109 Lieu de la perte : For\u00eat de Bergholtz pr\u00e8s de Ritzing (57) Sgt [&hellip;]<\/p>\n","protected":false},"author":1,"featured_media":0,"parent":70521,"menu_order":0,"comment_status":"closed","ping_status":"closed","template":"template-full-width Curtiss H75.php","meta":{"_lmt_disableupdate":"yes","_lmt_disable":"","footnotes":""},"categories":[320],"tags":[1548],"wf_page_folders":[3345],"class_list":["post-70533","page","type-page","status-publish","hentry","category-curtiss-h75","tag-gc-i-5"],"_links":{"self":[{"href":"https:\/\/www.auzeau.fr\/39-45\/wp-json\/wp\/v2\/pages\/70533","targetHints":{"allow":["GET"]}}],"collection":[{"href":"https:\/\/www.auzeau.fr\/39-45\/wp-json\/wp\/v2\/pages"}],"about":[{"href":"https:\/\/www.auzeau.fr\/39-45\/wp-json\/wp\/v2\/types\/page"}],"author":[{"embeddable":true,"href":"https:\/\/www.auzeau.fr\/39-45\/wp-json\/wp\/v2\/users\/1"}],"replies":[{"embeddable":true,"href":"https:\/\/www.auzeau.fr\/39-45\/wp-json\/wp\/v2\/comments?post=70533"}],"version-history":[{"count":0,"href":"https:\/\/www.auzeau.fr\/39-45\/wp-json\/wp\/v2\/pages\/70533\/revisions"}],"up":[{"embeddable":true,"href":"https:\/\/www.auzeau.fr\/39-45\/wp-json\/wp\/v2\/pages\/70521"}],"wp:attachment":[{"href":"https:\/\/www.auzeau.fr\/39-45\/wp-json\/wp\/v2\/media?parent=70533"}],"wp:term":[{"taxonomy":"category","embeddable":true,"href":"https:\/\/www.auzeau.fr\/39-45\/wp-json\/wp\/v2\/categories?post=70533"},{"taxonomy":"post_tag","embeddable":true,"href":"https:\/\/www.auzeau.fr\/39-45\/wp-json\/wp\/v2\/tags?post=70533"},{"taxonomy":"wf_page_folders","embeddable":true,"href":"https:\/\/www.auzeau.fr\/39-45\/wp-json\/wp\/v2\/wf_page_folders?post=70533"}],"curies":[{"name":"wp","href":"https:\/\/api.w.org\/{rel}","templated":true}]}}