{"id":70526,"date":"2019-09-01T07:55:19","date_gmt":"2019-09-01T05:55:19","guid":{"rendered":"http:\/\/39-45.auzeau.fr\/?page_id=70526"},"modified":"2021-06-25T19:51:08","modified_gmt":"2021-06-25T17:51:08","slug":"77-reau","status":"publish","type":"page","link":"https:\/\/www.auzeau.fr\/39-45\/france\/77-seine-et-marne\/77-reau\/","title":{"rendered":"77 &#8211; R\u00e9au"},"content":{"rendered":"<p><img fetchpriority=\"high\" decoding=\"async\" class=\"aligncenter\" src=\"https:\/\/www.auzeau.fr\/39-45\/wp-content\/uploads\/Cimetieres\/60 --\/77 - Seine-et-Marne\/Ussy-sur-Marne\/Ussy-sur-Marne.jpg\" sizes=\"(max-width: 900px) 100vw, 900px\" srcset=\"https:\/\/www.auzeau.fr\/39-45\/wp-content\/uploads\/Cimetieres\/60%20--\/77%20-%20Seine-et-Marne\/Ussy-sur-Marne\/Ussy-sur-Marne.jpg 900w, https:\/\/www.auzeau.fr\/39-45\/wp-content\/uploads\/Cimetieres\/60%20--\/77%20-%20Seine-et-Marne\/Ussy-sur-Marne\/Ussy-sur-Marne-300x150.jpg 300w, https:\/\/www.auzeau.fr\/39-45\/wp-content\/uploads\/Cimetieres\/60%20--\/77%20-%20Seine-et-Marne\/Ussy-sur-Marne\/Ussy-sur-Marne-768x384.jpg 768w\" alt=\"\" width=\"900\" height=\"450\" \/><\/p>\n<table style=\"width: 100%;\" border=\"0\">\n<tbody>\n<tr>\n<td style=\"width: 5%;\"><\/td>\n<td style=\"width: 5%;\"><\/td>\n<td style=\"width: 2%;\"><\/td>\n<td style=\"width: 8%;\"><\/td>\n<td style=\"width: 5%;\"><\/td>\n<td style=\"width: 5%;\"><\/td>\n<td style=\"width: 5%;\"><\/td>\n<td style=\"width: 2%;\"><\/td>\n<td style=\"width: 8%;\"><\/td>\n<td style=\"width: 2%;\"><\/td>\n<td style=\"width: 5%;\"><\/td>\n<td style=\"width: 3%;\"><\/td>\n<td style=\"width: 5%;\"><\/td>\n<td style=\"width: 5%;\"><\/td>\n<td style=\"width: 5%;\"><\/td>\n<td style=\"width: 5%;\"><\/td>\n<td style=\"width: 5%;\"><\/td>\n<td style=\"width: 5%;\"><\/td>\n<td style=\"width: 5%;\"><\/td>\n<td style=\"width: 10%;\"><\/td>\n<\/tr>\n<tr>\n<td style=\"width: 75%;\" colspan=\"16\"><span style=\"font-size: xx-large;\"><strong><span style=\"color: #000000;\">P51 Mustang AM160 RU-<\/span><\/strong><\/span><\/td>\n<td style=\"width: 25%; text-align: center;\" colspan=\"4\"><span style=\"font-size: xx-large;\"><strong>414 Sqn<\/strong><\/span><\/td>\n<\/tr>\n<tr>\n<td style=\"width: 75%;\" colspan=\"16\"><\/td>\n<td style=\"width: 25%; text-align: center;\" colspan=\"4\"><\/td>\n<\/tr>\n<tr style=\"height: 40px;\">\n<td style=\"text-align: right; width: 5%;\"><\/td>\n<td style=\"text-align: right; width: 5%;\"><\/td>\n<td style=\"text-align: right; width: 2%;\"><\/td>\n<td style=\"text-align: right; width: 8%;\"><\/td>\n<td style=\"text-align: right; width: 5%;\"><\/td>\n<td style=\"text-align: right; width: 5%;\"><\/td>\n<td style=\"text-align: right; width: 5%;\"><\/td>\n<td style=\"text-align: right; width: 2%;\"><\/td>\n<td style=\"text-align: right; width: 8%;\"><\/td>\n<td style=\"text-align: right; width: 2%;\"><\/td>\n<td style=\"text-align: right; width: 5%;\"><\/td>\n<td style=\"text-align: right; width: 3%;\"><\/td>\n<td style=\"text-align: right; width: 5%;\"><\/td>\n<td style=\"text-align: right; width: 5%;\"><\/td>\n<td style=\"text-align: right; width: 5%;\"><\/td>\n<td style=\"text-align: right; width: 5%;\"><\/td>\n<td style=\"text-align: right; width: 5%;\"><\/td>\n<td style=\"text-align: right; width: 5%;\"><\/td>\n<td style=\"text-align: right; width: 5%;\"><\/td>\n<td style=\"text-align: right; width: 10%;\"><\/td>\n<\/tr>\n<tr>\n<td style=\"text-align: right; width: 5%;\"><\/td>\n<td style=\"text-align: right; width: 5%;\"><span style=\"font-size: 14px;\"><strong>Date<\/strong><\/span><\/td>\n<td style=\"width: 2%; text-align: center;\"><strong>:<\/strong><\/td>\n<td style=\"width: 13%; text-align: left;\" colspan=\"2\"><span style=\"font-size: 14px;\"><em>21 ao\u00fbt 1943<br \/>\n<\/em><\/span><\/td>\n<td style=\"text-align: right; width: 5%;\"><\/td>\n<td style=\"text-align: right; width: 5%;\"><\/td>\n<td style=\"text-align: right; width: 2%;\"><\/td>\n<td style=\"text-align: right; width: 8%;\"><span style=\"font-size: 14px;\"><strong>Mission<\/strong><\/span><\/td>\n<td style=\"width: 2%; text-align: center;\"><strong><span style=\"font-size: 14px;\">:<\/span><\/strong><\/td>\n<td style=\"text-align: left; width: 53%;\" colspan=\"10\"><span style=\"font-size: 14px;\"><em><span class='tooltipsall tooltipsincontent classtoolTips31'>Ranger<\/span> dans la r\u00e9gion parisienne<\/em><\/span><\/td>\n<\/tr>\n<tr style=\"height: 40px;\">\n<td style=\"text-align: right; width: 5%;\"><\/td>\n<td style=\"text-align: right; width: 5%;\"><\/td>\n<td style=\"width: 2%; text-align: center;\"><\/td>\n<td style=\"width: 8%; text-align: left;\"><\/td>\n<td style=\"text-align: right; width: 5%;\"><\/td>\n<td style=\"text-align: right; width: 5%;\"><\/td>\n<td style=\"text-align: right; width: 5%;\"><\/td>\n<td style=\"text-align: right; width: 2%;\"><\/td>\n<td style=\"text-align: right; width: 8%;\"><\/td>\n<td style=\"width: 2%; text-align: center;\"><\/td>\n<td style=\"text-align: left; width: 5%;\"><\/td>\n<td style=\"text-align: left; width: 3%;\"><\/td>\n<td style=\"text-align: left; width: 5%;\"><\/td>\n<td style=\"text-align: left; width: 5%;\"><\/td>\n<td style=\"text-align: left; width: 5%;\"><\/td>\n<td style=\"text-align: left; width: 5%;\"><\/td>\n<td style=\"text-align: left; width: 5%;\"><\/td>\n<td style=\"text-align: left; width: 5%;\"><\/td>\n<td style=\"text-align: left; width: 5%;\"><\/td>\n<td style=\"text-align: left; width: 10%;\"><\/td>\n<\/tr>\n<tr style=\"height: 40px;\">\n<td style=\"text-align: right; width: 10%;\" colspan=\"2\"><\/td>\n<td style=\"width: 2%; text-align: center;\"><\/td>\n<td style=\"text-align: right; width: 23%;\" colspan=\"4\"><span style=\"font-size: 14px;\"><strong>D\u00e9collage<\/strong><\/span><\/td>\n<td style=\"width: 2%; text-align: center;\"><strong>:<\/strong><\/td>\n<td style=\"text-align: left; width: 63%;\" colspan=\"12\"><span style=\"font-size: 14px;\"><em>Ashford \u00e0 16:00<\/em><\/span><\/td>\n<\/tr>\n<tr style=\"height: 40px;\">\n<td style=\"text-align: right; width: 10%;\" colspan=\"2\"><\/td>\n<td style=\"width: 2%; text-align: center;\"><\/td>\n<td style=\"text-align: right; width: 23%;\" colspan=\"4\"><span style=\"font-size: 14px;\"><strong>Causes de la perte<br \/>\n<\/strong><\/span><\/td>\n<td style=\"width: 2%; text-align: center;\"><strong>:<br \/>\n<\/strong><\/td>\n<td style=\"text-align: left; width: 63%;\" colspan=\"12\"><span style=\"font-size: 14px;\"><em>Le <span class='tooltipsall tooltipsincontent classtoolTips33'>Flt <span class='tooltipsall tooltipsincontent classtoolTips201'>Lt<\/span><\/span> STOVER qui accompagnait le <span class='tooltipsall tooltipsincontent classtoolTips19'>Fg Off<\/span> Theriault estime que ce dernier volant \u00e0 tr\u00e8s basse altitude a heurt\u00e9 un obstacle pr\u00e8s du sol.<\/em><\/span><\/td>\n<\/tr>\n<tr style=\"height: 40px;\">\n<td style=\"text-align: right; width: 10%;\" colspan=\"2\"><\/td>\n<td style=\"width: 2%; text-align: center;\"><\/td>\n<td style=\"text-align: right; width: 23%;\" colspan=\"4\"><span style=\"font-size: 14px;\"><strong>Lieu de la perte<br \/>\n<\/strong><\/span><\/td>\n<td style=\"width: 2%; text-align: center;\"><strong>:<br \/>\n<\/strong><\/td>\n<td style=\"text-align: left; width: 63%;\" colspan=\"12\"><span style=\"font-size: 14px;\"><em>vers R\u00e9au (77)<\/em><\/span><\/td>\n<\/tr>\n<tr style=\"height: 40px;\">\n<td style=\"width: 5%;\"><\/td>\n<td style=\"width: 5%;\"><\/td>\n<td style=\"width: 2%; text-align: center;\"><\/td>\n<td style=\"text-align: right; width: 8%;\"><\/td>\n<td style=\"text-align: right; width: 5%;\"><\/td>\n<td style=\"text-align: right; width: 5%;\"><\/td>\n<td style=\"text-align: right; width: 5%;\"><\/td>\n<td style=\"width: 2%; text-align: center;\"><\/td>\n<td style=\"text-align: left; width: 8%;\"><\/td>\n<td style=\"text-align: left; width: 2%;\"><\/td>\n<td style=\"text-align: left; width: 5%;\"><\/td>\n<td style=\"text-align: left; width: 3%;\"><\/td>\n<td style=\"text-align: left; width: 5%;\"><\/td>\n<td style=\"text-align: left; width: 5%;\"><\/td>\n<td style=\"text-align: left; width: 5%;\"><\/td>\n<td style=\"text-align: left; width: 5%;\"><\/td>\n<td style=\"text-align: left; width: 5%;\"><\/td>\n<td style=\"text-align: left; width: 5%;\"><\/td>\n<td style=\"text-align: left; width: 5%;\"><\/td>\n<td style=\"text-align: left; width: 10%;\"><\/td>\n<\/tr>\n<tr style=\"height: 60px;\">\n<td style=\"width: 5%;\"><img decoding=\"async\" src=\"https:\/\/www.auzeau.fr\/39-45\/wp-content\/uploads\/images\/Drapeaux\/Canada.png\" alt=\"Canada\" width=\"40\" height=\"20\" \/><\/td>\n<td style=\"width: 5%;\"><span class='tooltipsall tooltipsincontent classtoolTips19'>Fg Off<\/span><\/td>\n<td style=\"text-align: left;\" colspan=\"5\">Louis Phillip<\/td>\n<td style=\"text-align: left;\" colspan=\"3\"><strong>THERIAULT<\/strong><\/td>\n<td style=\"text-align: center;\" colspan=\"2\"><span class='tooltipsall tooltipsincontent classtoolTips151'>Pil<\/span><\/td>\n<td style=\"width: 5%; text-align: center;\"><span class='tooltipsall tooltipsincontent classtoolTips78'>RCAF<\/span><\/td>\n<td style=\"text-align: center;\" colspan=\"2\">J\/13595<\/td>\n<td style=\"width: 5%; text-align: center;\"><strong><span class='tooltipsall tooltipsincontent classtoolTips110'>KIA<\/span><\/strong><\/td>\n<td style=\"text-align: left;\" colspan=\"4\"><\/td>\n<\/tr>\n<\/tbody>\n<\/table>\n<div id='gallery-1' class='gallery galleryid-70526 gallery-columns-2 gallery-size-thumbnail'><figure class='gallery-item'>\n\t\t\t<div class='gallery-icon portrait'>\n\t\t\t\t<a title=\"P51 AM160\"  title=\"P51 AM160\"  href='https:\/\/www.auzeau.fr\/39-45\/wp-content\/uploads\/Cimetieres\/60%20--\/77%20-%20Seine-et-Marne\/Reau\/P51-AM160.jpg'><img decoding=\"async\" width=\"150\" height=\"150\" src=\"https:\/\/www.auzeau.fr\/39-45\/wp-content\/uploads\/Cimetieres\/60 --\/77 - Seine-et-Marne\/Reau\/P51-AM160-150x150.jpg\" class=\"attachment-thumbnail size-thumbnail\" alt=\"\" srcset=\"https:\/\/www.auzeau.fr\/39-45\/wp-content\/uploads\/Cimetieres\/60%20--\/77%20-%20Seine-et-Marne\/Reau\/P51-AM160-150x150.jpg 150w, https:\/\/www.auzeau.fr\/39-45\/wp-content\/uploads\/Cimetieres\/60%20--\/77%20-%20Seine-et-Marne\/Reau\/P51-AM160-50x50.jpg 50w\" sizes=\"(max-width: 150px) 100vw, 150px\" \/><\/a>\n\t\t\t<\/div><\/figure><figure class='gallery-item'>\n\t\t\t<div class='gallery-icon portrait'>\n\t\t\t\t<a title=\"Theriault\"  title=\"Theriault\"  href='https:\/\/www.auzeau.fr\/39-45\/wp-content\/uploads\/Cimetieres\/60%20--\/77%20-%20Seine-et-Marne\/Reau\/Theriault.jpg'><img loading=\"lazy\" decoding=\"async\" width=\"150\" height=\"150\" src=\"https:\/\/www.auzeau.fr\/39-45\/wp-content\/uploads\/Cimetieres\/60 --\/77 - Seine-et-Marne\/Reau\/Theriault-150x150.jpg\" class=\"attachment-thumbnail size-thumbnail\" alt=\"\" srcset=\"https:\/\/www.auzeau.fr\/39-45\/wp-content\/uploads\/Cimetieres\/60%20--\/77%20-%20Seine-et-Marne\/Reau\/Theriault-150x150.jpg 150w, https:\/\/www.auzeau.fr\/39-45\/wp-content\/uploads\/Cimetieres\/60%20--\/77%20-%20Seine-et-Marne\/Reau\/Theriault-50x50.jpg 50w\" sizes=\"(max-width: 150px) 100vw, 150px\" \/><\/a>\n\t\t\t<\/div><\/figure>\n\t\t<\/div>\n\n<hr \/>\n<p style=\"text-align: center;\"><ul id=\"menu-77-seine-et-marne\" class=\"menu\"><li id=\"menu-item-110113\" class=\"menu-item menu-item-type-post_type menu-item-object-page menu-item-110113\"><a href=\"https:\/\/www.auzeau.fr\/39-45\/france\/77-seine-et-marne\/77-bransles\/\">77 \u2013 Bransles<\/a><\/li>\n<li id=\"menu-item-110119\" class=\"menu-item menu-item-type-post_type menu-item-object-page menu-item-110119\"><a href=\"https:\/\/www.auzeau.fr\/39-45\/france\/77-seine-et-marne\/77-chaintreaux\/\">77 \u2013 Chaintreaux<\/a><\/li>\n<li id=\"menu-item-70684\" class=\"menu-item menu-item-type-post_type menu-item-object-page menu-item-70684\"><a href=\"https:\/\/www.auzeau.fr\/39-45\/france\/77-seine-et-marne\/77-dontilly\/\">77 \u2013 Dontilly<\/a><\/li>\n<li id=\"menu-item-113596\" class=\"menu-item menu-item-type-post_type menu-item-object-page menu-item-113596\"><a href=\"https:\/\/www.auzeau.fr\/39-45\/france\/77-seine-et-marne\/77-fontainebleau\/\">77 \u2013 Fontainebleau<\/a><\/li>\n<li id=\"menu-item-110118\" class=\"menu-item menu-item-type-post_type menu-item-object-page menu-item-110118\"><a href=\"https:\/\/www.auzeau.fr\/39-45\/france\/77-seine-et-marne\/77-fontenailles\/\">77 \u2013 Fontenailles<\/a><\/li>\n<li id=\"menu-item-70683\" class=\"menu-item menu-item-type-post_type menu-item-object-page menu-item-70683\"><a href=\"https:\/\/www.auzeau.fr\/39-45\/france\/77-seine-et-marne\/77-forfry\/\">77 \u2013 Forfry<\/a><\/li>\n<li id=\"menu-item-70687\" class=\"menu-item menu-item-type-post_type menu-item-object-page menu-item-70687\"><a href=\"https:\/\/www.auzeau.fr\/39-45\/france\/77-seine-et-marne\/77-la-ferte-sous-jouarre\/\">77 \u2013 La Fert\u00e9-sous-Jouarre Cimeti\u00e8re national franco-britannique du ch\u00e2teau de Perreuse<\/a><\/li>\n<li id=\"menu-item-70682\" class=\"menu-item menu-item-type-post_type menu-item-object-page menu-item-70682\"><a href=\"https:\/\/www.auzeau.fr\/39-45\/france\/77-seine-et-marne\/77-marcilly\/\">77 \u2013 Marcilly<\/a><\/li>\n<li id=\"menu-item-70681\" class=\"menu-item menu-item-type-post_type menu-item-object-page menu-item-70681\"><a href=\"https:\/\/www.auzeau.fr\/39-45\/france\/77-seine-et-marne\/77-marolles-sur-seine\/\">77 \u2013 Marolles-sur-Seine<\/a><\/li>\n<li id=\"menu-item-70680\" class=\"menu-item menu-item-type-post_type menu-item-object-page menu-item-70680\"><a href=\"https:\/\/www.auzeau.fr\/39-45\/france\/77-seine-et-marne\/77-montigny-le-guesdier\/\">77 \u2013 Montigny-le-Guesdier<\/a><\/li>\n<li id=\"menu-item-70688\" class=\"menu-item menu-item-type-post_type menu-item-object-page menu-item-70688\"><a href=\"https:\/\/www.auzeau.fr\/39-45\/france\/77-seine-et-marne\/77-pecy\/\">77 \u2013 P\u00e9cy<\/a><\/li>\n<li id=\"menu-item-70686\" class=\"menu-item menu-item-type-post_type menu-item-object-page menu-item-70686\"><a href=\"https:\/\/www.auzeau.fr\/39-45\/france\/77-seine-et-marne\/77-reau\/\">77 \u2013 R\u00e9au<\/a><\/li>\n<li id=\"menu-item-70715\" class=\"menu-item menu-item-type-post_type menu-item-object-page menu-item-70715\"><a href=\"https:\/\/www.auzeau.fr\/39-45\/france\/77-seine-et-marne\/77-ussy-sur-marne\/\">77 \u2013 Ussy-sur-Marne<\/a><\/li>\n<li id=\"menu-item-113595\" class=\"menu-item menu-item-type-post_type menu-item-object-page menu-item-113595\"><a href=\"https:\/\/www.auzeau.fr\/39-45\/france\/77-seine-et-marne\/77-vaudoue\/\">77 \u2013 Vaudou\u00e9<\/a><\/li>\n<li id=\"menu-item-102031\" class=\"menu-item menu-item-type-post_type menu-item-object-page menu-item-102031\"><a href=\"https:\/\/www.auzeau.fr\/39-45\/france\/77-seine-et-marne\/77-vaux-le-penil\/\">77 \u2013 Vaux-le-P\u00e9nil<\/a><\/li>\n<li id=\"menu-item-70685\" class=\"menu-item menu-item-type-post_type menu-item-object-page menu-item-70685\"><a href=\"https:\/\/www.auzeau.fr\/39-45\/france\/77-seine-et-marne\/77-verneuil-l-etang\/\">77 \u2013 Verneuil-l\u2019\u00c9tang<\/a><\/li>\n<\/ul>\n<script type=\"text\/javascript\"> toolTips('.classtoolTips19','Flying Officer'); <\/script><script type=\"text\/javascript\"> toolTips('.classtoolTips31','Vols libres au dessus du territoire ennemi afin d\u2019occuper et de combattre la chasse ennemi<br\/><br\/>Freelance flights over enemy teritory, the intention was to occupy and tire ennemy fighters'); <\/script><script type=\"text\/javascript\"> toolTips('.classtoolTips33','Flight Lieutenant'); <\/script><script type=\"text\/javascript\"> toolTips('.classtoolTips78','Aviation Royale Canadienne<br\/><br\/>Royal Canadian Air Force'); <\/script><script type=\"text\/javascript\"> toolTips('.classtoolTips98','Colonel'); <\/script><script type=\"text\/javascript\"> toolTips('.classtoolTips110','Tu\u00e9 au combat<br\/><br\/>Killed In Action'); <\/script><script type=\"text\/javascript\"> toolTips('.classtoolTips117','Observateur<br\/><br\/>Oberver'); <\/script><script type=\"text\/javascript\"> toolTips('.classtoolTips118','Canonnier'); <\/script><script type=\"text\/javascript\"> toolTips('.classtoolTips144','Royal Corps of Signals'); <\/script><script type=\"text\/javascript\"> toolTips('.classtoolTips151','Pilote<br\/><br\/>Pilot'); <\/script><script type=\"text\/javascript\"> toolTips('.classtoolTips153','Porucznik'); <\/script><script type=\"text\/javascript\"> toolTips('.classtoolTips185','Mitrailleur<br\/><br\/>Air Gunner'); <\/script><script type=\"text\/javascript\"> toolTips('.classtoolTips188','Bombardier<br\/><br\/>Air bomber'); <\/script><script type=\"text\/javascript\"> toolTips('.classtoolTips189','M\u00e9canicien volant<br\/><br\/>Flying Enginer'); <\/script><script type=\"text\/javascript\"> toolTips('.classtoolTips193','Royal Navy'); <\/script><script type=\"text\/javascript\"> toolTips('.classtoolTips197','Aircraftman'); <\/script><script type=\"text\/javascript\"> toolTips('.classtoolTips199','Radio Officer'); <\/script><script type=\"text\/javascript\"> toolTips('.classtoolTips201','Lieutenant'); <\/script>","protected":false},"excerpt":{"rendered":"<p>P51 Mustang AM160 RU- 414 Sqn Date : 21 ao\u00fbt 1943 Mission : Ranger dans la r\u00e9gion parisienne D\u00e9collage : Ashford \u00e0 16:00 Causes de la perte : Le Flt Lt STOVER qui accompagnait le Fg Off Theriault estime que ce dernier volant \u00e0 tr\u00e8s basse altitude a heurt\u00e9 un obstacle pr\u00e8s du sol. Lieu [&hellip;]<\/p>\n","protected":false},"author":1,"featured_media":0,"parent":70521,"menu_order":0,"comment_status":"closed","ping_status":"closed","template":"template-full-width P-51.php","meta":{"_lmt_disableupdate":"yes","_lmt_disable":"","footnotes":""},"categories":[581],"tags":[707],"wf_page_folders":[3345],"class_list":["post-70526","page","type-page","status-publish","hentry","category-p51-mustang","tag-414-squadron"],"_links":{"self":[{"href":"https:\/\/www.auzeau.fr\/39-45\/wp-json\/wp\/v2\/pages\/70526","targetHints":{"allow":["GET"]}}],"collection":[{"href":"https:\/\/www.auzeau.fr\/39-45\/wp-json\/wp\/v2\/pages"}],"about":[{"href":"https:\/\/www.auzeau.fr\/39-45\/wp-json\/wp\/v2\/types\/page"}],"author":[{"embeddable":true,"href":"https:\/\/www.auzeau.fr\/39-45\/wp-json\/wp\/v2\/users\/1"}],"replies":[{"embeddable":true,"href":"https:\/\/www.auzeau.fr\/39-45\/wp-json\/wp\/v2\/comments?post=70526"}],"version-history":[{"count":0,"href":"https:\/\/www.auzeau.fr\/39-45\/wp-json\/wp\/v2\/pages\/70526\/revisions"}],"up":[{"embeddable":true,"href":"https:\/\/www.auzeau.fr\/39-45\/wp-json\/wp\/v2\/pages\/70521"}],"wp:attachment":[{"href":"https:\/\/www.auzeau.fr\/39-45\/wp-json\/wp\/v2\/media?parent=70526"}],"wp:term":[{"taxonomy":"category","embeddable":true,"href":"https:\/\/www.auzeau.fr\/39-45\/wp-json\/wp\/v2\/categories?post=70526"},{"taxonomy":"post_tag","embeddable":true,"href":"https:\/\/www.auzeau.fr\/39-45\/wp-json\/wp\/v2\/tags?post=70526"},{"taxonomy":"wf_page_folders","embeddable":true,"href":"https:\/\/www.auzeau.fr\/39-45\/wp-json\/wp\/v2\/wf_page_folders?post=70526"}],"curies":[{"name":"wp","href":"https:\/\/api.w.org\/{rel}","templated":true}]}}