{"id":70359,"date":"2019-08-03T15:51:41","date_gmt":"2019-08-03T13:51:41","guid":{"rendered":"http:\/\/39-45.auzeau.fr\/?page_id=70359"},"modified":"2019-08-03T15:51:41","modified_gmt":"2019-08-03T15:51:41","slug":"33-marcenais","status":"publish","type":"page","link":"https:\/\/www.auzeau.fr\/39-45\/france\/33-gironde\/33-marcenais\/","title":{"rendered":"33 &#8211; Marcenais"},"content":{"rendered":"<p><img fetchpriority=\"high\" decoding=\"async\" class=\"aligncenter\" src=\"https:\/\/www.auzeau.fr\/39-45\/wp-content\/uploads\/Cimetieres\/31 -- 60\/33 - Gironde\/Marcenais\/Marcenais.jpg\" alt=\"\" width=\"900\" height=\"485\" \/><\/p>\n<p>&nbsp;<\/p>\n<table style=\"width: 100%;\" border=\"0\">\n<tbody>\n<tr>\n<td style=\"width: 5%;\"><\/td>\n<td style=\"width: 5%;\"><\/td>\n<td style=\"width: 2%;\"><\/td>\n<td style=\"width: 8%;\"><\/td>\n<td style=\"width: 5%;\"><\/td>\n<td style=\"width: 5%;\"><\/td>\n<td style=\"width: 5%;\"><\/td>\n<td style=\"width: 2%;\"><\/td>\n<td style=\"width: 8%;\"><\/td>\n<td style=\"width: 2%;\"><\/td>\n<td style=\"width: 5%;\"><\/td>\n<td style=\"width: 3%;\"><\/td>\n<td style=\"width: 5%;\"><\/td>\n<td style=\"width: 5%;\"><\/td>\n<td style=\"width: 5%;\"><\/td>\n<td style=\"width: 5%;\"><\/td>\n<td style=\"width: 5%;\"><\/td>\n<td style=\"width: 5%;\"><\/td>\n<td style=\"width: 5%;\"><\/td>\n<td style=\"width: 10%;\"><\/td>\n<\/tr>\n<tr>\n<td style=\"width: 75%;\" colspan=\"16\"><span style=\"font-size: xx-large;\"><strong><span style=\"color: #000000;\">Glenn Martin 167F n\u00b0765<\/span><\/strong><\/span><\/td>\n<td style=\"width: 25%; text-align: center;\" colspan=\"4\"><span style=\"font-size: xx-large;\"><strong>groupe Bretagne<br \/>\n<\/strong><\/span><\/td>\n<\/tr>\n<tr>\n<td style=\"width: 75%;\" colspan=\"16\"><\/td>\n<td style=\"width: 25%; text-align: center;\" colspan=\"4\"><\/td>\n<\/tr>\n<tr style=\"height: 40px;\">\n<td style=\"text-align: right; width: 5%;\"><\/td>\n<td style=\"text-align: right; width: 5%;\"><\/td>\n<td style=\"text-align: right; width: 2%;\"><\/td>\n<td style=\"text-align: right; width: 8%;\"><\/td>\n<td style=\"text-align: right; width: 5%;\"><\/td>\n<td style=\"text-align: right; width: 5%;\"><\/td>\n<td style=\"text-align: right; width: 5%;\"><\/td>\n<td style=\"text-align: right; width: 2%;\"><\/td>\n<td style=\"text-align: right; width: 8%;\"><\/td>\n<td style=\"text-align: right; width: 2%;\"><\/td>\n<td style=\"text-align: right; width: 5%;\"><\/td>\n<td style=\"text-align: right; width: 3%;\"><\/td>\n<td style=\"text-align: right; width: 5%;\"><\/td>\n<td style=\"text-align: right; width: 5%;\"><\/td>\n<td style=\"text-align: right; width: 5%;\"><\/td>\n<td style=\"text-align: right; width: 5%;\"><\/td>\n<td style=\"text-align: right; width: 5%;\"><\/td>\n<td style=\"text-align: right; width: 5%;\"><\/td>\n<td style=\"text-align: right; width: 5%;\"><\/td>\n<td style=\"text-align: right; width: 10%;\"><\/td>\n<\/tr>\n<tr>\n<td style=\"text-align: right; width: 5%;\"><\/td>\n<td style=\"text-align: right; width: 5%;\"><span style=\"font-size: 14px;\"><strong>Date<\/strong><\/span><\/td>\n<td style=\"width: 2%; text-align: center;\"><strong>:<\/strong><\/td>\n<td style=\"width: 13%; text-align: left;\" colspan=\"2\"><span style=\"font-size: 14px;\"><em>05 novembre 1942<\/em><\/span><\/td>\n<td style=\"text-align: right; width: 5%;\"><\/td>\n<td style=\"text-align: right; width: 5%;\"><\/td>\n<td style=\"text-align: right; width: 2%;\"><\/td>\n<td style=\"text-align: right; width: 8%;\"><span style=\"font-size: 14px;\"><strong>Mission<\/strong><\/span><\/td>\n<td style=\"width: 2%; text-align: center;\"><strong><span style=\"font-size: 14px;\">:<\/span><\/strong><\/td>\n<td style=\"text-align: left; width: 53%;\" colspan=\"10\"><span style=\"font-size: 14px;\"><em>Reconnaissance sur le Fezzan (Libye)<\/em><\/span><\/td>\n<\/tr>\n<tr style=\"height: 40px;\">\n<td style=\"text-align: right; width: 5%;\"><\/td>\n<td style=\"text-align: right; width: 5%;\"><\/td>\n<td style=\"width: 2%; text-align: center;\"><\/td>\n<td style=\"width: 8%; text-align: left;\"><\/td>\n<td style=\"text-align: right; width: 5%;\"><\/td>\n<td style=\"text-align: right; width: 5%;\"><\/td>\n<td style=\"text-align: right; width: 5%;\"><\/td>\n<td style=\"text-align: right; width: 2%;\"><\/td>\n<td style=\"text-align: right; width: 8%;\"><\/td>\n<td style=\"width: 2%; text-align: center;\"><\/td>\n<td style=\"text-align: left; width: 5%;\"><\/td>\n<td style=\"text-align: left; width: 3%;\"><\/td>\n<td style=\"text-align: left; width: 5%;\"><\/td>\n<td style=\"text-align: left; width: 5%;\"><\/td>\n<td style=\"text-align: left; width: 5%;\"><\/td>\n<td style=\"text-align: left; width: 5%;\"><\/td>\n<td style=\"text-align: left; width: 5%;\"><\/td>\n<td style=\"text-align: left; width: 5%;\"><\/td>\n<td style=\"text-align: left; width: 5%;\"><\/td>\n<td style=\"text-align: left; width: 10%;\"><\/td>\n<\/tr>\n<tr style=\"height: 40px;\">\n<td style=\"text-align: right; width: 10%;\" colspan=\"2\"><\/td>\n<td style=\"width: 2%; text-align: center;\"><\/td>\n<td style=\"text-align: right; width: 23%;\" colspan=\"4\"><span style=\"font-size: 14px;\"><strong>D\u00e9collage<\/strong><\/span><\/td>\n<td style=\"width: 2%; text-align: center;\"><strong>:<\/strong><\/td>\n<td style=\"text-align: left; width: 63%;\" colspan=\"12\"><span style=\"font-size: 14px;\"><em>Zouar (Tchad)<\/em><\/span><\/td>\n<\/tr>\n<tr style=\"height: 40px;\">\n<td style=\"text-align: right; width: 10%;\" colspan=\"2\"><\/td>\n<td style=\"width: 2%; text-align: center;\"><\/td>\n<td style=\"text-align: right; width: 23%;\" colspan=\"4\"><span style=\"font-size: 14px;\"><strong>Causes de la perte<br \/>\n<\/strong><\/span><\/td>\n<td style=\"width: 2%; text-align: center;\"><strong>:<br \/>\n<\/strong><\/td>\n<td style=\"text-align: left; width: 63%;\" colspan=\"12\"><span style=\"font-size: 14px;\"><em>S&#8217;\u00e9crase au d\u00e9collage<\/em><\/span><\/td>\n<\/tr>\n<tr style=\"height: 40px;\">\n<td style=\"text-align: right; width: 10%;\" colspan=\"2\"><\/td>\n<td style=\"width: 2%; text-align: center;\"><\/td>\n<td style=\"text-align: right; width: 23%;\" colspan=\"4\"><span style=\"font-size: 14px;\"><strong>Lieu de la perte<br \/>\n<\/strong><\/span><\/td>\n<td style=\"width: 2%; text-align: center;\"><strong>:<br \/>\n<\/strong><\/td>\n<td style=\"text-align: left; width: 63%;\" colspan=\"12\"><span style=\"font-size: 14px;\"><em>Zouar (Tchad)<\/em><\/span><\/td>\n<\/tr>\n<tr style=\"height: 40px;\">\n<td style=\"width: 5%;\"><\/td>\n<td style=\"width: 5%;\"><\/td>\n<td style=\"width: 2%; text-align: center;\"><\/td>\n<td style=\"text-align: right; width: 8%;\"><\/td>\n<td style=\"text-align: right; width: 5%;\"><\/td>\n<td style=\"text-align: right; width: 5%;\"><\/td>\n<td style=\"text-align: right; width: 5%;\"><\/td>\n<td style=\"width: 2%; text-align: center;\"><\/td>\n<td style=\"text-align: left; width: 8%;\"><\/td>\n<td style=\"text-align: left; width: 2%;\"><\/td>\n<td style=\"text-align: left; width: 5%;\"><\/td>\n<td style=\"text-align: left; width: 3%;\"><\/td>\n<td style=\"text-align: left; width: 5%;\"><\/td>\n<td style=\"text-align: left; width: 5%;\"><\/td>\n<td style=\"text-align: left; width: 5%;\"><\/td>\n<td style=\"text-align: left; width: 5%;\"><\/td>\n<td style=\"text-align: left; width: 5%;\"><\/td>\n<td style=\"text-align: left; width: 5%;\"><\/td>\n<td style=\"text-align: left; width: 5%;\"><\/td>\n<td style=\"text-align: left; width: 10%;\"><\/td>\n<\/tr>\n<tr style=\"height: 60px;\">\n<td style=\"width: 5%;\"><img decoding=\"async\" class=\"alignleft\" src=\"https:\/\/www.auzeau.fr\/39-45\/wp-content\/uploads\/images\/Drapeaux\/France.png\" alt=\"France\" width=\"40\" height=\"20\" \/><\/td>\n<td style=\"width: 5%;\"><span class='tooltipsall tooltipsincontent classtoolTips89'>SCH<\/span><\/td>\n<td style=\"text-align: left;\" colspan=\"5\">Etienne<\/td>\n<td style=\"text-align: left;\" colspan=\"3\"><strong><span style=\"color: #000000;\">DROUET<\/span><\/strong><\/td>\n<td style=\"text-align: center;\" colspan=\"2\"><span class='tooltipsall tooltipsincontent classtoolTips117'>Obs<\/span><\/td>\n<td style=\"width: 5%; text-align: center;\"><span class='tooltipsall tooltipsincontent classtoolTips69'>FAFL<\/span><\/td>\n<td style=\"text-align: center;\" colspan=\"2\">30.577<\/td>\n<td style=\"width: 5%; text-align: center;\"><span style=\"color: #000000;\"><strong><span class='tooltipsall tooltipsincontent classtoolTips125'>NBC<\/span><\/strong><\/span><\/td>\n<td style=\"text-align: left;\" colspan=\"4\"><img decoding=\"async\" title=\"Croix-de-Guerre-39-45\" src=\"https:\/\/www.auzeau.fr\/39-45\/wp-content\/uploads\/images\/Medaille\/Croix-de-Guerre-39-45.png\" alt=\"Croix de Guerre 39-45\" width=\"72\" height=\"20\" \/>\u00a0<img loading=\"lazy\" decoding=\"async\" title=\"M\u00e9daille de la R\u00e9sistance\" src=\"https:\/\/www.auzeau.fr\/39-45\/wp-content\/uploads\/images\/Medaille\/Medaille_de_la_Resistance.png\" alt=\"M\u00e9daille de la R\u00e9sistance\" width=\"73\" height=\"20\" \/> <strong><span class='tooltipsall tooltipsincontent classtoolTips126'>MPF<\/span><\/strong><\/td>\n<\/tr>\n<tr style=\"height: 60px;\">\n<td style=\"width: 5%;\"><img decoding=\"async\" class=\"alignleft\" src=\"https:\/\/www.auzeau.fr\/39-45\/wp-content\/uploads\/images\/Drapeaux\/France.png\" alt=\"France\" width=\"40\" height=\"20\" \/><\/td>\n<td style=\"width: 5%;\"><span class='tooltipsall tooltipsincontent classtoolTips96'>Sgt<\/span><\/td>\n<td style=\"text-align: left;\" colspan=\"5\"><\/td>\n<td style=\"text-align: left;\" colspan=\"3\"><strong><span style=\"color: #000000;\">SAILLARD<\/span><\/strong><\/td>\n<td style=\"text-align: center;\" colspan=\"2\"><span class='tooltipsall tooltipsincontent classtoolTips185'>AG<\/span><\/td>\n<td style=\"width: 5%; text-align: center;\"><span class='tooltipsall tooltipsincontent classtoolTips132'>FAF<\/span><\/td>\n<td style=\"text-align: center;\" colspan=\"2\"><\/td>\n<td style=\"width: 5%; text-align: center;\">INJ<\/td>\n<td style=\"text-align: left;\" colspan=\"4\"><\/td>\n<\/tr>\n<tr style=\"height: 60px;\">\n<td style=\"width: 5%;\"><img decoding=\"async\" class=\"alignleft\" src=\"https:\/\/www.auzeau.fr\/39-45\/wp-content\/uploads\/images\/Drapeaux\/France.png\" alt=\"France\" width=\"40\" height=\"20\" \/><\/td>\n<td style=\"width: 5%;\"><span class='tooltipsall tooltipsincontent classtoolTips174'>Cdt<\/span><\/td>\n<td style=\"text-align: left;\" colspan=\"5\">Pierre<\/td>\n<td style=\"text-align: left;\" colspan=\"3\"><strong>TASSIN de SAINT PEREUSE<\/strong><\/td>\n<td style=\"text-align: center;\" colspan=\"2\"><span class='tooltipsall tooltipsincontent classtoolTips151'>Pil<\/span><\/td>\n<td style=\"width: 5%; text-align: center;\"><span class='tooltipsall tooltipsincontent classtoolTips69'>FAFL<\/span><\/td>\n<td style=\"text-align: center;\" colspan=\"2\"><\/td>\n<td style=\"width: 5%; text-align: center;\"><span class='tooltipsall tooltipsincontent classtoolTips150'>IND<\/span><\/td>\n<td style=\"text-align: left;\" colspan=\"4\"><img loading=\"lazy\" decoding=\"async\" title=\"Commandeur-Legion-dHonneur\" src=\"https:\/\/www.auzeau.fr\/39-45\/wp-content\/uploads\/images\/Medaille\/Commandeur-Legion-dHonneur.png\" alt=\"Commandeur Legion d'Honneur\" width=\"73\" height=\"20\" \/> <img loading=\"lazy\" decoding=\"async\" title=\"Compagnon-de-la-Liberation\" src=\"https:\/\/www.auzeau.fr\/39-45\/wp-content\/uploads\/images\/Medaille\/Compagnon-de-la-Liberation.png\" alt=\"Compagnon de la Lib\u00e9ration\" width=\"73\" height=\"20\" \/> <img decoding=\"async\" title=\"Croix-de-Guerre-39-45\" src=\"https:\/\/www.auzeau.fr\/39-45\/wp-content\/uploads\/images\/Medaille\/Croix-de-Guerre-39-45.png\" alt=\"Croix de Guerre 39-45\" width=\"72\" height=\"20\" \/> <img loading=\"lazy\" decoding=\"async\" title=\"M\u00e9daille de la R\u00e9sistance avec rosette\" src=\"https:\/\/www.auzeau.fr\/39-45\/wp-content\/uploads\/images\/Medaille\/Medaille-de-la-Resistance-avec-rosette.svg_.png\" alt=\"M\u00e9daille de la R\u00e9sistance avec rosette\" width=\"73\" height=\"20\" \/> <img loading=\"lazy\" decoding=\"async\" title=\"M\u00e9daille coloniale\" src=\"https:\/\/www.auzeau.fr\/39-45\/wp-content\/uploads\/images\/Medaille\/Medaille-coloniale.png\" alt=\"M\u00e9daille coloniale\" width=\"72\" height=\"20\" \/> <img loading=\"lazy\" decoding=\"async\" title=\"Distinguished-Flying-Cross\" src=\"https:\/\/www.auzeau.fr\/39-45\/wp-content\/uploads\/images\/Medaille\/Distinguished-Flying-Cross.png\" alt=\"Distinguished-Flying-Cross\" width=\"73\" height=\"20\" \/><\/td>\n<\/tr>\n<\/tbody>\n<\/table>\n<div id='gallery-1' class='gallery galleryid-70359 gallery-columns-3 gallery-size-thumbnail'><figure class='gallery-item'>\n\t\t\t<div class='gallery-icon portrait'>\n\t\t\t\t<a title=\"Etienne Drouet\"  title=\"Etienne Drouet\"  href='https:\/\/www.auzeau.fr\/39-45\/wp-content\/uploads\/Cimetieres\/31%20--%2060\/33%20-%20Gironde\/Marcenais\/Drouet-1.jpg'><img loading=\"lazy\" decoding=\"async\" width=\"150\" height=\"150\" src=\"https:\/\/www.auzeau.fr\/39-45\/wp-content\/uploads\/Cimetieres\/31 -- 60\/33 - Gironde\/Marcenais\/Drouet-1-150x150.jpg\" class=\"attachment-thumbnail size-thumbnail\" alt=\"\" srcset=\"https:\/\/www.auzeau.fr\/39-45\/wp-content\/uploads\/Cimetieres\/31%20--%2060\/33%20-%20Gironde\/Marcenais\/Drouet-1-150x150.jpg 150w, https:\/\/www.auzeau.fr\/39-45\/wp-content\/uploads\/Cimetieres\/31%20--%2060\/33%20-%20Gironde\/Marcenais\/Drouet-1-50x50.jpg 50w\" sizes=\"(max-width: 150px) 100vw, 150px\" \/><\/a>\n\t\t\t<\/div><\/figure><figure class='gallery-item'>\n\t\t\t<div class='gallery-icon portrait'>\n\t\t\t\t<a title=\"Etienne Drouet\"  title=\"Etienne Drouet\"  href='https:\/\/www.auzeau.fr\/39-45\/wp-content\/uploads\/Cimetieres\/31%20--%2060\/33%20-%20Gironde\/Marcenais\/Drouet-2.jpg'><img loading=\"lazy\" decoding=\"async\" width=\"150\" height=\"150\" src=\"https:\/\/www.auzeau.fr\/39-45\/wp-content\/uploads\/Cimetieres\/31 -- 60\/33 - Gironde\/Marcenais\/Drouet-2-150x150.jpg\" class=\"attachment-thumbnail size-thumbnail\" alt=\"\" srcset=\"https:\/\/www.auzeau.fr\/39-45\/wp-content\/uploads\/Cimetieres\/31%20--%2060\/33%20-%20Gironde\/Marcenais\/Drouet-2-150x150.jpg 150w, https:\/\/www.auzeau.fr\/39-45\/wp-content\/uploads\/Cimetieres\/31%20--%2060\/33%20-%20Gironde\/Marcenais\/Drouet-2-50x50.jpg 50w\" sizes=\"(max-width: 150px) 100vw, 150px\" \/><\/a>\n\t\t\t<\/div><\/figure><figure class='gallery-item'>\n\t\t\t<div class='gallery-icon portrait'>\n\t\t\t\t<a title=\"Etienne Drouet\"  title=\"Etienne Drouet\"  href='https:\/\/www.auzeau.fr\/39-45\/wp-content\/uploads\/Cimetieres\/31%20--%2060\/33%20-%20Gironde\/Marcenais\/Drouet-3.jpg'><img loading=\"lazy\" decoding=\"async\" width=\"150\" height=\"150\" src=\"https:\/\/www.auzeau.fr\/39-45\/wp-content\/uploads\/Cimetieres\/31 -- 60\/33 - Gironde\/Marcenais\/Drouet-3-150x150.jpg\" class=\"attachment-thumbnail size-thumbnail\" alt=\"\" srcset=\"https:\/\/www.auzeau.fr\/39-45\/wp-content\/uploads\/Cimetieres\/31%20--%2060\/33%20-%20Gironde\/Marcenais\/Drouet-3-150x150.jpg 150w, https:\/\/www.auzeau.fr\/39-45\/wp-content\/uploads\/Cimetieres\/31%20--%2060\/33%20-%20Gironde\/Marcenais\/Drouet-3-50x50.jpg 50w\" sizes=\"(max-width: 150px) 100vw, 150px\" \/><\/a>\n\t\t\t<\/div><\/figure>\n\t\t<\/div>\n\n<h1 style=\"text-align: center;\"><span style=\"color: #000000;\"><strong><span style=\"font-size: 36pt;\">Monument aux morts de Marcenais<\/span><\/strong><\/span><\/h1>\n<p><img loading=\"lazy\" decoding=\"async\" class=\"aligncenter\" src=\"https:\/\/www.auzeau.fr\/39-45\/wp-content\/uploads\/Cimetieres\/31 -- 60\/33 - Gironde\/Marcenais\/MaM.jpg\" alt=\"\" width=\"900\" height=\"450\" \/><\/p>\n<div id='gallery-2' class='gallery galleryid-70359 gallery-columns-2 gallery-size-thumbnail'><figure class='gallery-item'>\n\t\t\t<div class='gallery-icon portrait'>\n\t\t\t\t<a title=\"Momument aux Morts\"  title=\"Momument aux Morts\"  href='https:\/\/www.auzeau.fr\/39-45\/wp-content\/uploads\/Cimetieres\/31%20--%2060\/33%20-%20Gironde\/Marcenais\/MaM-1.jpg'><img loading=\"lazy\" decoding=\"async\" width=\"150\" height=\"150\" src=\"https:\/\/www.auzeau.fr\/39-45\/wp-content\/uploads\/Cimetieres\/31 -- 60\/33 - Gironde\/Marcenais\/MaM-1-150x150.jpg\" class=\"attachment-thumbnail size-thumbnail\" alt=\"\" srcset=\"https:\/\/www.auzeau.fr\/39-45\/wp-content\/uploads\/Cimetieres\/31%20--%2060\/33%20-%20Gironde\/Marcenais\/MaM-1-150x150.jpg 150w, https:\/\/www.auzeau.fr\/39-45\/wp-content\/uploads\/Cimetieres\/31%20--%2060\/33%20-%20Gironde\/Marcenais\/MaM-1-50x50.jpg 50w\" sizes=\"(max-width: 150px) 100vw, 150px\" \/><\/a>\n\t\t\t<\/div><\/figure><figure class='gallery-item'>\n\t\t\t<div class='gallery-icon landscape'>\n\t\t\t\t<a title=\"Momument aux Morts\"  title=\"Momument aux Morts\"  href='https:\/\/www.auzeau.fr\/39-45\/wp-content\/uploads\/Cimetieres\/31%20--%2060\/33%20-%20Gironde\/Marcenais\/MaM-2.jpg'><img loading=\"lazy\" decoding=\"async\" width=\"150\" height=\"150\" src=\"https:\/\/www.auzeau.fr\/39-45\/wp-content\/uploads\/Cimetieres\/31 -- 60\/33 - Gironde\/Marcenais\/MaM-2-150x150.jpg\" class=\"attachment-thumbnail size-thumbnail\" alt=\"\" srcset=\"https:\/\/www.auzeau.fr\/39-45\/wp-content\/uploads\/Cimetieres\/31%20--%2060\/33%20-%20Gironde\/Marcenais\/MaM-2-150x150.jpg 150w, https:\/\/www.auzeau.fr\/39-45\/wp-content\/uploads\/Cimetieres\/31%20--%2060\/33%20-%20Gironde\/Marcenais\/MaM-2-50x50.jpg 50w\" sizes=\"(max-width: 150px) 100vw, 150px\" \/><\/a>\n\t\t\t<\/div><\/figure>\n\t\t<\/div>\n\n<hr \/>\n<p style=\"text-align: center;\"><ul id=\"menu-33-gironde\" class=\"menu\"><li id=\"menu-item-70586\" class=\"menu-item menu-item-type-post_type menu-item-object-page menu-item-70586\"><a href=\"https:\/\/www.auzeau.fr\/39-45\/france\/33-gironde\/33-ambares-et-lagrave\/\">33 \u2013 Ambar\u00e8s-et-Lagrave<\/a><\/li>\n<li id=\"menu-item-70585\" class=\"menu-item menu-item-type-post_type menu-item-object-page menu-item-70585\"><a href=\"https:\/\/www.auzeau.fr\/39-45\/france\/33-gironde\/33-bordeaux-cimetiere-nord\/\">33 \u2013 Bordeaux <em>Cimeti\u00e8re Nord<\/em><\/a><\/li>\n<li id=\"menu-item-70588\" class=\"menu-item menu-item-type-post_type menu-item-object-page menu-item-70588\"><a href=\"https:\/\/www.auzeau.fr\/39-45\/france\/33-gironde\/33-hourtin\/\">33 \u2013 Hourtin<\/a><\/li>\n<li id=\"menu-item-70584\" class=\"menu-item menu-item-type-post_type menu-item-object-page menu-item-70584\"><a href=\"https:\/\/www.auzeau.fr\/39-45\/france\/33-gironde\/33-lacanau\/\">33 \u2013 Lacanau<\/a><\/li>\n<li id=\"menu-item-70590\" class=\"menu-item menu-item-type-post_type menu-item-object-page menu-item-70590\"><a href=\"https:\/\/www.auzeau.fr\/39-45\/france\/33-gironde\/33-le-verdon-sur-mer\/\">33 \u2013 Le Verdon-sur-Mer<\/a><\/li>\n<li id=\"menu-item-70617\" class=\"menu-item menu-item-type-post_type menu-item-object-page menu-item-70617\"><a href=\"https:\/\/www.auzeau.fr\/39-45\/france\/33-gironde\/33-marcenais\/\">33 \u2013 Marcenais<\/a><\/li>\n<li id=\"menu-item-70594\" class=\"menu-item menu-item-type-post_type menu-item-object-page menu-item-70594\"><a href=\"https:\/\/www.auzeau.fr\/39-45\/france\/33-gironde\/33-naujac-sur-mer\/\">33 \u2013 Naujac-sur-Mer<\/a><\/li>\n<li id=\"menu-item-70587\" class=\"menu-item menu-item-type-post_type menu-item-object-page menu-item-70587\"><a href=\"https:\/\/www.auzeau.fr\/39-45\/france\/33-gironde\/33-soulac-sur-mer\/\">33 \u2013 Soulac-sur-Mer<\/a><\/li>\n<li id=\"menu-item-70583\" class=\"menu-item menu-item-type-post_type menu-item-object-page menu-item-70583\"><a href=\"https:\/\/www.auzeau.fr\/39-45\/france\/33-gironde\/33-talence\/\">33 \u2013 Talence<\/a><\/li>\n<li id=\"menu-item-70582\" class=\"menu-item menu-item-type-post_type menu-item-object-page menu-item-70582\"><a href=\"https:\/\/www.auzeau.fr\/39-45\/france\/33-gironde\/33-villenave-d-ornon\/\">33 &#8211; Villenave-d&#8217;Ornon<\/a><\/li>\n<\/ul>\n<script type=\"text\/javascript\"> toolTips('.classtoolTips57','Centre de r\u00e9ception\u00a0des avions de\u00a0s\u00e9rie'); <\/script><script type=\"text\/javascript\"> toolTips('.classtoolTips69','Force A\u00e9rienne Fran\u00e7aise Libre<br\/><br\/>Free French Air Force'); <\/script><script type=\"text\/javascript\"> toolTips('.classtoolTips89','Sergent-Chef'); <\/script><script type=\"text\/javascript\"> toolTips('.classtoolTips95','Leading Aircraftman'); <\/script><script type=\"text\/javascript\"> toolTips('.classtoolTips96','Sergent<br\/><br\/>Sergeant'); <\/script><script type=\"text\/javascript\"> toolTips('.classtoolTips98','Colonel'); <\/script><script type=\"text\/javascript\"> toolTips('.classtoolTips116','Navigateur<br\/><br\/>Navigator'); <\/script><script type=\"text\/javascript\"> toolTips('.classtoolTips117','Observateur<br\/><br\/>Oberver'); <\/script><script type=\"text\/javascript\"> toolTips('.classtoolTips118','Canonnier'); <\/script><script type=\"text\/javascript\"> toolTips('.classtoolTips123','Secret Intelligence Service<br\/><br\/>Service Secret'); <\/script><script type=\"text\/javascript\"> toolTips('.classtoolTips125','Perte hors combat<br\/><br\/>No Battle Casualty'); <\/script><script type=\"text\/javascript\"> toolTips('.classtoolTips126','Mort Pour la France'); <\/script><script type=\"text\/javascript\"> toolTips('.classtoolTips132','Force A\u00e9rienne Fran\u00e7aise<br\/><br\/>French Air Force'); <\/script><script type=\"text\/javascript\"> toolTips('.classtoolTips144','Royal Corps of Signals'); <\/script><script type=\"text\/javascript\"> toolTips('.classtoolTips150','Indemne<br\/><br\/>Unhurt'); <\/script><script type=\"text\/javascript\"> toolTips('.classtoolTips151','Pilote<br\/><br\/>Pilot'); <\/script><script type=\"text\/javascript\"> toolTips('.classtoolTips153','Porucznik'); <\/script><script type=\"text\/javascript\"> toolTips('.classtoolTips174','Commandant'); <\/script><script type=\"text\/javascript\"> toolTips('.classtoolTips185','Mitrailleur<br\/><br\/>Air Gunner'); <\/script><script type=\"text\/javascript\"> toolTips('.classtoolTips188','Bombardier<br\/><br\/>Air bomber'); <\/script><script type=\"text\/javascript\"> toolTips('.classtoolTips189','M\u00e9canicien volant<br\/><br\/>Flying Enginer'); <\/script><script type=\"text\/javascript\"> toolTips('.classtoolTips193','Royal Navy'); <\/script><script type=\"text\/javascript\"> toolTips('.classtoolTips197','Aircraftman'); <\/script><script type=\"text\/javascript\"> toolTips('.classtoolTips199','Radio Officer'); <\/script><script type=\"text\/javascript\"> toolTips('.classtoolTips201','Lieutenant'); <\/script>","protected":false},"excerpt":{"rendered":"<p>&nbsp; Glenn Martin 167F n\u00b0765 groupe Bretagne Date : 05 novembre 1942 Mission : Reconnaissance sur le Fezzan (Libye) D\u00e9collage : Zouar (Tchad) Causes de la perte : S&#8217;\u00e9crase au d\u00e9collage Lieu de la perte : Zouar (Tchad) SCH Etienne DROUET Obs FAFL 30.577 NBC \u00a0 MPF Sgt SAILLARD AG FAF INJ Cdt Pierre TASSIN [&hellip;]<\/p>\n","protected":false},"author":1,"featured_media":0,"parent":70556,"menu_order":0,"comment_status":"closed","ping_status":"closed","template":"template-full-width Glen Martin.php","meta":{"_lmt_disableupdate":"yes","_lmt_disable":"","footnotes":""},"categories":[928],"tags":[3331],"wf_page_folders":[3329],"class_list":["post-70359","page","type-page","status-publish","hentry","category-glenn-martin-167f","tag-groupe-bretagne"],"_links":{"self":[{"href":"https:\/\/www.auzeau.fr\/39-45\/wp-json\/wp\/v2\/pages\/70359","targetHints":{"allow":["GET"]}}],"collection":[{"href":"https:\/\/www.auzeau.fr\/39-45\/wp-json\/wp\/v2\/pages"}],"about":[{"href":"https:\/\/www.auzeau.fr\/39-45\/wp-json\/wp\/v2\/types\/page"}],"author":[{"embeddable":true,"href":"https:\/\/www.auzeau.fr\/39-45\/wp-json\/wp\/v2\/users\/1"}],"replies":[{"embeddable":true,"href":"https:\/\/www.auzeau.fr\/39-45\/wp-json\/wp\/v2\/comments?post=70359"}],"version-history":[{"count":0,"href":"https:\/\/www.auzeau.fr\/39-45\/wp-json\/wp\/v2\/pages\/70359\/revisions"}],"up":[{"embeddable":true,"href":"https:\/\/www.auzeau.fr\/39-45\/wp-json\/wp\/v2\/pages\/70556"}],"wp:attachment":[{"href":"https:\/\/www.auzeau.fr\/39-45\/wp-json\/wp\/v2\/media?parent=70359"}],"wp:term":[{"taxonomy":"category","embeddable":true,"href":"https:\/\/www.auzeau.fr\/39-45\/wp-json\/wp\/v2\/categories?post=70359"},{"taxonomy":"post_tag","embeddable":true,"href":"https:\/\/www.auzeau.fr\/39-45\/wp-json\/wp\/v2\/tags?post=70359"},{"taxonomy":"wf_page_folders","embeddable":true,"href":"https:\/\/www.auzeau.fr\/39-45\/wp-json\/wp\/v2\/wf_page_folders?post=70359"}],"curies":[{"name":"wp","href":"https:\/\/api.w.org\/{rel}","templated":true}]}}