{"id":70358,"date":"2019-08-04T08:13:00","date_gmt":"2019-08-04T06:13:00","guid":{"rendered":"http:\/\/39-45.auzeau.fr\/?page_id=70358"},"modified":"2019-08-04T08:13:01","modified_gmt":"2019-08-04T08:13:01","slug":"33-le-verdon-sur-mer-2","status":"publish","type":"page","link":"https:\/\/www.auzeau.fr\/39-45\/france\/33-gironde\/33-le-verdon-sur-mer-2\/","title":{"rendered":"33 &#8211; Le Verdon-sur-Mer"},"content":{"rendered":"<p><img fetchpriority=\"high\" decoding=\"async\" class=\"aligncenter\" title=\"Le Verdon-sur-Mer\" src=\"https:\/\/www.auzeau.fr\/39-45\/wp-content\/uploads\/Cimetieres\/31 -- 60\/33 - Gironde\/Le-verdon\/Verdon-sur-Mer.jpg\" alt=\"Le Verdon-sur-Mer\" width=\"900\" height=\"504\" \/><\/p>\n<table style=\"width: 100%;\" border=\"0\">\n<tbody>\n<tr>\n<td style=\"width: 5%;\"><\/td>\n<td style=\"width: 5%;\"><\/td>\n<td style=\"width: 2%;\"><\/td>\n<td style=\"width: 8%;\"><\/td>\n<td style=\"width: 5%;\"><\/td>\n<td style=\"width: 5%;\"><\/td>\n<td style=\"width: 5%;\"><\/td>\n<td style=\"width: 2%;\"><\/td>\n<td style=\"width: 8%;\"><\/td>\n<td style=\"width: 2%;\"><\/td>\n<td style=\"width: 5%;\"><\/td>\n<td style=\"width: 3%;\"><\/td>\n<td style=\"width: 5%;\"><\/td>\n<td style=\"width: 5%;\"><\/td>\n<td style=\"width: 5%;\"><\/td>\n<td style=\"width: 5%;\"><\/td>\n<td style=\"width: 5%;\"><\/td>\n<td style=\"width: 5%;\"><\/td>\n<td style=\"width: 5%;\"><\/td>\n<td style=\"width: 10%;\"><\/td>\n<\/tr>\n<tr>\n<td style=\"width: 75%;\" colspan=\"16\"><span style=\"font-size: xx-large;\"><strong><span style=\"color: #000000;\">Mosquito LR346 DM-A<\/span><\/strong><\/span><\/td>\n<td style=\"width: 25%; text-align: center;\" colspan=\"4\"><span style=\"font-size: xx-large;\"><strong>248 Sqn<\/strong><\/span><\/td>\n<\/tr>\n<tr>\n<td style=\"width: 75%;\" colspan=\"16\"><\/td>\n<td style=\"width: 25%; text-align: center;\" colspan=\"4\"><\/td>\n<\/tr>\n<tr style=\"height: 40px;\">\n<td style=\"text-align: right; width: 5%;\"><\/td>\n<td style=\"text-align: right; width: 5%;\"><\/td>\n<td style=\"text-align: right; width: 2%;\"><\/td>\n<td style=\"text-align: right; width: 8%;\"><\/td>\n<td style=\"text-align: right; width: 5%;\"><\/td>\n<td style=\"text-align: right; width: 5%;\"><\/td>\n<td style=\"text-align: right; width: 5%;\"><\/td>\n<td style=\"text-align: right; width: 2%;\"><\/td>\n<td style=\"text-align: right; width: 8%;\"><\/td>\n<td style=\"text-align: right; width: 2%;\"><\/td>\n<td style=\"text-align: right; width: 5%;\"><\/td>\n<td style=\"text-align: right; width: 3%;\"><\/td>\n<td style=\"text-align: right; width: 5%;\"><\/td>\n<td style=\"text-align: right; width: 5%;\"><\/td>\n<td style=\"text-align: right; width: 5%;\"><\/td>\n<td style=\"text-align: right; width: 5%;\"><\/td>\n<td style=\"text-align: right; width: 5%;\"><\/td>\n<td style=\"text-align: right; width: 5%;\"><\/td>\n<td style=\"text-align: right; width: 5%;\"><\/td>\n<td style=\"text-align: right; width: 10%;\"><\/td>\n<\/tr>\n<tr>\n<td style=\"text-align: right; width: 5%;\"><\/td>\n<td style=\"text-align: right; width: 5%;\"><span style=\"font-size: 14px;\"><strong>Date<\/strong><\/span><\/td>\n<td style=\"width: 2%; text-align: center;\"><strong>:<\/strong><\/td>\n<td style=\"width: 13%; text-align: left;\" colspan=\"2\"><span style=\"font-size: 14px;\"><em>14 ao\u00fbt 1944<br \/>\n<\/em><\/span><\/td>\n<td style=\"text-align: right; width: 5%;\"><\/td>\n<td style=\"text-align: right; width: 5%;\"><\/td>\n<td style=\"text-align: right; width: 2%;\"><\/td>\n<td style=\"text-align: right; width: 8%;\"><span style=\"font-size: 14px;\"><strong>Mission<\/strong><\/span><\/td>\n<td style=\"width: 2%; text-align: center;\"><strong><span style=\"font-size: 14px;\">:<\/span><\/strong><\/td>\n<td style=\"text-align: left; width: 53%;\" colspan=\"10\"><span style=\"font-size: 14px;\"><em>Attaque de navires dans l&#8217;estuaire de la Gironde<\/em><\/span><\/td>\n<\/tr>\n<tr style=\"height: 40px;\">\n<td style=\"text-align: right; width: 5%;\"><\/td>\n<td style=\"text-align: right; width: 5%;\"><\/td>\n<td style=\"width: 2%; text-align: center;\"><\/td>\n<td style=\"width: 8%; text-align: left;\"><\/td>\n<td style=\"text-align: right; width: 5%;\"><\/td>\n<td style=\"text-align: right; width: 5%;\"><\/td>\n<td style=\"text-align: right; width: 5%;\"><\/td>\n<td style=\"text-align: right; width: 2%;\"><\/td>\n<td style=\"text-align: right; width: 8%;\"><\/td>\n<td style=\"width: 2%; text-align: center;\"><\/td>\n<td style=\"text-align: left; width: 5%;\"><\/td>\n<td style=\"text-align: left; width: 3%;\"><\/td>\n<td style=\"text-align: left; width: 5%;\"><\/td>\n<td style=\"text-align: left; width: 5%;\"><\/td>\n<td style=\"text-align: left; width: 5%;\"><\/td>\n<td style=\"text-align: left; width: 5%;\"><\/td>\n<td style=\"text-align: left; width: 5%;\"><\/td>\n<td style=\"text-align: left; width: 5%;\"><\/td>\n<td style=\"text-align: left; width: 5%;\"><\/td>\n<td style=\"text-align: left; width: 10%;\"><\/td>\n<\/tr>\n<tr style=\"height: 40px;\">\n<td style=\"text-align: right; width: 10%;\" colspan=\"2\"><\/td>\n<td style=\"width: 2%; text-align: center;\"><\/td>\n<td style=\"text-align: right; width: 23%;\" colspan=\"4\"><span style=\"font-size: 14px;\"><strong>D\u00e9collage<\/strong><\/span><\/td>\n<td style=\"width: 2%; text-align: center;\"><strong>:<\/strong><\/td>\n<td style=\"text-align: left; width: 63%;\" colspan=\"12\"><span style=\"font-size: 14px;\"><em>Portreath \u00e0<\/em><\/span><\/td>\n<\/tr>\n<tr style=\"height: 40px;\">\n<td style=\"text-align: right; width: 10%;\" colspan=\"2\"><\/td>\n<td style=\"width: 2%; text-align: center;\"><\/td>\n<td style=\"text-align: right; width: 23%;\" colspan=\"4\"><span style=\"font-size: 14px;\"><strong>Causes de la perte<br \/>\n<\/strong><\/span><\/td>\n<td style=\"width: 2%; text-align: center;\"><strong>:<br \/>\n<\/strong><\/td>\n<td style=\"text-align: left; width: 63%;\" colspan=\"12\"><span style=\"font-size: 14px;\"><em> Abattu en combat a\u00e9rien contre des <span class='tooltipsall tooltipsincontent classtoolTips27'>Me 109<\/span><\/em><\/span><\/td>\n<\/tr>\n<tr style=\"height: 40px;\">\n<td style=\"text-align: right; width: 10%;\" colspan=\"2\"><\/td>\n<td style=\"width: 2%; text-align: center;\"><\/td>\n<td style=\"text-align: right; width: 23%;\" colspan=\"4\"><span style=\"font-size: 14px;\"><strong>Lieu de la perte<br \/>\n<\/strong><\/span><\/td>\n<td style=\"width: 2%; text-align: center;\"><strong>:<br \/>\n<\/strong><\/td>\n<td style=\"text-align: left; width: 63%;\" colspan=\"12\"><span style=\"font-size: 14px;\"><em>Le Verdon-sur-Mer (33)<\/em><\/span><\/td>\n<\/tr>\n<tr style=\"height: 40px;\">\n<td style=\"width: 5%;\"><\/td>\n<td style=\"width: 5%;\"><\/td>\n<td style=\"width: 2%; text-align: center;\"><\/td>\n<td style=\"text-align: right; width: 8%;\"><\/td>\n<td style=\"text-align: right; width: 5%;\"><\/td>\n<td style=\"text-align: right; width: 5%;\"><\/td>\n<td style=\"text-align: right; width: 5%;\"><\/td>\n<td style=\"width: 2%; text-align: center;\"><\/td>\n<td style=\"text-align: left; width: 8%;\"><\/td>\n<td style=\"text-align: left; width: 2%;\"><\/td>\n<td style=\"text-align: left; width: 5%;\"><\/td>\n<td style=\"text-align: left; width: 3%;\"><\/td>\n<td style=\"text-align: left; width: 5%;\"><\/td>\n<td style=\"text-align: left; width: 5%;\"><\/td>\n<td style=\"text-align: left; width: 5%;\"><\/td>\n<td style=\"text-align: left; width: 5%;\"><\/td>\n<td style=\"text-align: left; width: 5%;\"><\/td>\n<td style=\"text-align: left; width: 5%;\"><\/td>\n<td style=\"text-align: left; width: 5%;\"><\/td>\n<td style=\"text-align: left; width: 10%;\"><\/td>\n<\/tr>\n<tr style=\"height: 60px;\">\n<td style=\"width: 5%;\"><img decoding=\"async\" class=\"alignleft\" src=\"https:\/\/www.auzeau.fr\/39-45\/wp-content\/uploads\/images\/Drapeaux\/Angleterre.png\" alt=\"Royaume Uni\" width=\"40\" height=\"20\" \/><\/td>\n<td style=\"width: 5%;\"><span class='tooltipsall tooltipsincontent classtoolTips182'>WO<\/span><\/td>\n<td style=\"text-align: left;\" colspan=\"5\">Geoffrey Gordon<\/td>\n<td style=\"text-align: left;\" colspan=\"3\"><strong><span style=\"color: #000000;\">HARKER<\/span><\/strong><\/td>\n<td style=\"text-align: center;\" colspan=\"2\"><span class='tooltipsall tooltipsincontent classtoolTips116'>Nav<\/span><\/td>\n<td style=\"width: 5%; text-align: center;\"><span class='tooltipsall tooltipsincontent classtoolTips45'>RAFVR<\/span><\/td>\n<td style=\"text-align: center;\" colspan=\"2\">1315133<\/td>\n<td style=\"width: 5%; text-align: center;\"><span style=\"color: #000000;\"><strong><span class='tooltipsall tooltipsincontent classtoolTips110'>KIA<\/span><\/strong><\/span><\/td>\n<td style=\"text-align: left;\" colspan=\"4\"><\/td>\n<\/tr>\n<tr style=\"height: 60px;\">\n<td style=\"width: 5%;\"><img decoding=\"async\" class=\"alignleft\" src=\"https:\/\/www.auzeau.fr\/39-45\/wp-content\/uploads\/images\/Drapeaux\/Angleterre.png\" alt=\"Royaume Uni\" width=\"40\" height=\"20\" \/><\/td>\n<td style=\"width: 5%;\"><span class='tooltipsall tooltipsincontent classtoolTips182'>WO<\/span><\/td>\n<td style=\"text-align: left;\" colspan=\"5\">Lionel Douglas<\/td>\n<td style=\"text-align: left;\" colspan=\"3\"><strong><span style=\"color: #000000;\">STODDART<\/span><\/strong><\/td>\n<td style=\"text-align: center;\" colspan=\"2\"><span class='tooltipsall tooltipsincontent classtoolTips151'>Pil<\/span><\/td>\n<td style=\"width: 5%; text-align: center;\"><span class='tooltipsall tooltipsincontent classtoolTips45'>RAFVR<\/span><\/td>\n<td style=\"text-align: center;\" colspan=\"2\">1315133<\/td>\n<td style=\"width: 5%; text-align: center;\"><span style=\"color: #000000;\"><strong><span class='tooltipsall tooltipsincontent classtoolTips110'>KIA<\/span><\/strong><\/span><\/td>\n<td style=\"text-align: left;\" colspan=\"4\"><\/td>\n<\/tr>\n<\/tbody>\n<\/table>\n<div id='gallery-1' class='gallery galleryid-70358 gallery-columns-2 gallery-size-thumbnail'><figure class='gallery-item'>\n\t\t\t<div class='gallery-icon portrait'>\n\t\t\t\t<a title=\"Harker\"  title=\"Harker\"  href='https:\/\/www.auzeau.fr\/39-45\/wp-content\/uploads\/Cimetieres\/31%20--%2060\/33%20-%20Gironde\/Le-verdon\/LR346\/Harker.jpg'><img decoding=\"async\" width=\"150\" height=\"150\" src=\"https:\/\/www.auzeau.fr\/39-45\/wp-content\/uploads\/Cimetieres\/31 -- 60\/33 - Gironde\/Le-verdon\/LR346\/Harker-150x150.jpg\" class=\"attachment-thumbnail size-thumbnail\" alt=\"\" srcset=\"https:\/\/www.auzeau.fr\/39-45\/wp-content\/uploads\/Cimetieres\/31%20--%2060\/33%20-%20Gironde\/Le-verdon\/LR346\/Harker-150x150.jpg 150w, https:\/\/www.auzeau.fr\/39-45\/wp-content\/uploads\/Cimetieres\/31%20--%2060\/33%20-%20Gironde\/Le-verdon\/LR346\/Harker-50x50.jpg 50w\" sizes=\"(max-width: 150px) 100vw, 150px\" \/><\/a>\n\t\t\t<\/div><\/figure><figure class='gallery-item'>\n\t\t\t<div class='gallery-icon portrait'>\n\t\t\t\t<a title=\"Stoddart\"  title=\"Stoddart\"  href='https:\/\/www.auzeau.fr\/39-45\/wp-content\/uploads\/Cimetieres\/31%20--%2060\/33%20-%20Gironde\/Le-verdon\/LR346\/Stoddart.jpg'><img loading=\"lazy\" decoding=\"async\" width=\"150\" height=\"150\" src=\"https:\/\/www.auzeau.fr\/39-45\/wp-content\/uploads\/Cimetieres\/31 -- 60\/33 - Gironde\/Le-verdon\/LR346\/Stoddart-150x150.jpg\" class=\"attachment-thumbnail size-thumbnail\" alt=\"\" srcset=\"https:\/\/www.auzeau.fr\/39-45\/wp-content\/uploads\/Cimetieres\/31%20--%2060\/33%20-%20Gironde\/Le-verdon\/LR346\/Stoddart-150x150.jpg 150w, https:\/\/www.auzeau.fr\/39-45\/wp-content\/uploads\/Cimetieres\/31%20--%2060\/33%20-%20Gironde\/Le-verdon\/LR346\/Stoddart-50x50.jpg 50w\" sizes=\"(max-width: 150px) 100vw, 150px\" \/><\/a>\n\t\t\t<\/div><\/figure>\n\t\t<\/div>\n\n<table style=\"width: 100%; border-collapse: collapse; background-color: #dcdcdc;\">\n<tbody>\n<tr>\n<td style=\"width: 100%; text-align: center;\"><ul id=\"menu-33-le-verdon-sur-mer\" class=\"menu\"><li id=\"menu-item-70597\" class=\"menu-item menu-item-type-post_type menu-item-object-page menu-item-70597\"><a href=\"https:\/\/www.auzeau.fr\/39-45\/france\/33-gironde\/33-le-verdon-sur-mer\/\">Hampden X2983<\/a><\/li>\n<li id=\"menu-item-70598\" class=\"menu-item menu-item-type-post_type menu-item-object-page menu-item-70598\"><a href=\"https:\/\/www.auzeau.fr\/39-45\/france\/33-gironde\/33-le-verdon-sur-mer-2\/\">Mosquito LR346<\/a><\/li>\n<li id=\"menu-item-70596\" class=\"menu-item menu-item-type-post_type menu-item-object-page menu-item-70596\"><a href=\"https:\/\/www.auzeau.fr\/39-45\/france\/33-gironde\/33-le-verdon-sur-mer-3\/\">Beaufighter NE198<\/a><\/li>\n<\/ul><\/td>\n<\/tr>\n<\/tbody>\n<\/table>\n<hr \/>\n<p style=\"text-align: center;\"><ul id=\"menu-33-gironde\" class=\"menu\"><li id=\"menu-item-70586\" class=\"menu-item menu-item-type-post_type menu-item-object-page menu-item-70586\"><a href=\"https:\/\/www.auzeau.fr\/39-45\/france\/33-gironde\/33-ambares-et-lagrave\/\">33 \u2013 Ambar\u00e8s-et-Lagrave<\/a><\/li>\n<li id=\"menu-item-70585\" class=\"menu-item menu-item-type-post_type menu-item-object-page menu-item-70585\"><a href=\"https:\/\/www.auzeau.fr\/39-45\/france\/33-gironde\/33-bordeaux-cimetiere-nord\/\">33 \u2013 Bordeaux <em>Cimeti\u00e8re Nord<\/em><\/a><\/li>\n<li id=\"menu-item-70588\" class=\"menu-item menu-item-type-post_type menu-item-object-page menu-item-70588\"><a href=\"https:\/\/www.auzeau.fr\/39-45\/france\/33-gironde\/33-hourtin\/\">33 \u2013 Hourtin<\/a><\/li>\n<li id=\"menu-item-70584\" class=\"menu-item menu-item-type-post_type menu-item-object-page menu-item-70584\"><a href=\"https:\/\/www.auzeau.fr\/39-45\/france\/33-gironde\/33-lacanau\/\">33 \u2013 Lacanau<\/a><\/li>\n<li id=\"menu-item-70590\" class=\"menu-item menu-item-type-post_type menu-item-object-page menu-item-70590\"><a href=\"https:\/\/www.auzeau.fr\/39-45\/france\/33-gironde\/33-le-verdon-sur-mer\/\">33 \u2013 Le Verdon-sur-Mer<\/a><\/li>\n<li id=\"menu-item-70617\" class=\"menu-item menu-item-type-post_type menu-item-object-page menu-item-70617\"><a href=\"https:\/\/www.auzeau.fr\/39-45\/france\/33-gironde\/33-marcenais\/\">33 \u2013 Marcenais<\/a><\/li>\n<li id=\"menu-item-70594\" class=\"menu-item menu-item-type-post_type menu-item-object-page menu-item-70594\"><a href=\"https:\/\/www.auzeau.fr\/39-45\/france\/33-gironde\/33-naujac-sur-mer\/\">33 \u2013 Naujac-sur-Mer<\/a><\/li>\n<li id=\"menu-item-70587\" class=\"menu-item menu-item-type-post_type menu-item-object-page menu-item-70587\"><a href=\"https:\/\/www.auzeau.fr\/39-45\/france\/33-gironde\/33-soulac-sur-mer\/\">33 \u2013 Soulac-sur-Mer<\/a><\/li>\n<li id=\"menu-item-70583\" class=\"menu-item menu-item-type-post_type menu-item-object-page menu-item-70583\"><a href=\"https:\/\/www.auzeau.fr\/39-45\/france\/33-gironde\/33-talence\/\">33 \u2013 Talence<\/a><\/li>\n<li id=\"menu-item-70582\" class=\"menu-item menu-item-type-post_type menu-item-object-page menu-item-70582\"><a href=\"https:\/\/www.auzeau.fr\/39-45\/france\/33-gironde\/33-villenave-d-ornon\/\">33 &#8211; Villenave-d&#8217;Ornon<\/a><\/li>\n<\/ul>\n<script type=\"text\/javascript\"> toolTips('.classtoolTips27','<img class=\"aligncenter wp-image-65839 size-full\" title=\"ME 109\" src=\"https:\/\/www.auzeau.fr\/39-45\/wp-content\/uploads\/Avions\/Allemand\/Me109.JPG\" alt=\"\" width=\"650\" height=\"357\" \/>'); <\/script><script type=\"text\/javascript\"> toolTips('.classtoolTips45','Royal Air Force Volunteer Reserve'); <\/script><script type=\"text\/javascript\"> toolTips('.classtoolTips95','Leading Aircraftman'); <\/script><script type=\"text\/javascript\"> toolTips('.classtoolTips98','Colonel'); <\/script><script type=\"text\/javascript\"> toolTips('.classtoolTips110','Tu\u00e9 au combat<br\/><br\/>Killed In Action'); <\/script><script type=\"text\/javascript\"> toolTips('.classtoolTips116','Navigateur<br\/><br\/>Navigator'); <\/script><script type=\"text\/javascript\"> toolTips('.classtoolTips118','Canonnier'); <\/script><script type=\"text\/javascript\"> toolTips('.classtoolTips144','Royal Corps of Signals'); <\/script><script type=\"text\/javascript\"> toolTips('.classtoolTips146','Royal Air Force'); <\/script><script type=\"text\/javascript\"> toolTips('.classtoolTips151','Pilote<br\/><br\/>Pilot'); <\/script><script type=\"text\/javascript\"> toolTips('.classtoolTips153','Porucznik'); <\/script><script type=\"text\/javascript\"> toolTips('.classtoolTips154','Groupe de Liaisons A\u00e9riennes'); <\/script><script type=\"text\/javascript\"> toolTips('.classtoolTips182','Warrant Officer'); <\/script><script type=\"text\/javascript\"> toolTips('.classtoolTips185','Mitrailleur<br\/><br\/>Air Gunner'); <\/script><script type=\"text\/javascript\"> toolTips('.classtoolTips188','Bombardier<br\/><br\/>Air bomber'); <\/script><script type=\"text\/javascript\"> toolTips('.classtoolTips189','M\u00e9canicien volant<br\/><br\/>Flying Enginer'); <\/script><script type=\"text\/javascript\"> toolTips('.classtoolTips193','Royal Navy'); <\/script><script type=\"text\/javascript\"> toolTips('.classtoolTips197','Aircraftman'); <\/script><script type=\"text\/javascript\"> toolTips('.classtoolTips199','Radio Officer'); <\/script><script type=\"text\/javascript\"> toolTips('.classtoolTips201','Lieutenant'); <\/script>","protected":false},"excerpt":{"rendered":"<p>Mosquito LR346 DM-A 248 Sqn Date : 14 ao\u00fbt 1944 Mission : Attaque de navires dans l&#8217;estuaire de la Gironde D\u00e9collage : Portreath \u00e0 Causes de la perte : Abattu en combat a\u00e9rien contre des Me 109 Lieu de la perte : Le Verdon-sur-Mer (33) WO Geoffrey Gordon HARKER Nav RAFVR 1315133 KIA WO Lionel [&hellip;]<\/p>\n","protected":false},"author":1,"featured_media":0,"parent":70556,"menu_order":0,"comment_status":"closed","ping_status":"closed","template":"template-full-width Mosquito.php","meta":{"_lmt_disableupdate":"yes","_lmt_disable":"","footnotes":""},"categories":[590],"tags":[1161],"wf_page_folders":[3329],"class_list":["post-70358","page","type-page","status-publish","hentry","category-mosquito","tag-248-squadron"],"_links":{"self":[{"href":"https:\/\/www.auzeau.fr\/39-45\/wp-json\/wp\/v2\/pages\/70358","targetHints":{"allow":["GET"]}}],"collection":[{"href":"https:\/\/www.auzeau.fr\/39-45\/wp-json\/wp\/v2\/pages"}],"about":[{"href":"https:\/\/www.auzeau.fr\/39-45\/wp-json\/wp\/v2\/types\/page"}],"author":[{"embeddable":true,"href":"https:\/\/www.auzeau.fr\/39-45\/wp-json\/wp\/v2\/users\/1"}],"replies":[{"embeddable":true,"href":"https:\/\/www.auzeau.fr\/39-45\/wp-json\/wp\/v2\/comments?post=70358"}],"version-history":[{"count":0,"href":"https:\/\/www.auzeau.fr\/39-45\/wp-json\/wp\/v2\/pages\/70358\/revisions"}],"up":[{"embeddable":true,"href":"https:\/\/www.auzeau.fr\/39-45\/wp-json\/wp\/v2\/pages\/70556"}],"wp:attachment":[{"href":"https:\/\/www.auzeau.fr\/39-45\/wp-json\/wp\/v2\/media?parent=70358"}],"wp:term":[{"taxonomy":"category","embeddable":true,"href":"https:\/\/www.auzeau.fr\/39-45\/wp-json\/wp\/v2\/categories?post=70358"},{"taxonomy":"post_tag","embeddable":true,"href":"https:\/\/www.auzeau.fr\/39-45\/wp-json\/wp\/v2\/tags?post=70358"},{"taxonomy":"wf_page_folders","embeddable":true,"href":"https:\/\/www.auzeau.fr\/39-45\/wp-json\/wp\/v2\/wf_page_folders?post=70358"}],"curies":[{"name":"wp","href":"https:\/\/api.w.org\/{rel}","templated":true}]}}