{"id":70145,"date":"2019-09-12T08:00:34","date_gmt":"2019-09-12T06:00:34","guid":{"rendered":"http:\/\/39-45.auzeau.fr\/?page_id=70145"},"modified":"2021-06-26T22:13:11","modified_gmt":"2021-06-26T20:13:11","slug":"78-viroflay-4","status":"publish","type":"page","link":"https:\/\/www.auzeau.fr\/39-45\/france\/78-yvelines\/78-viroflay-4\/","title":{"rendered":"78 &#8211; Viroflay"},"content":{"rendered":"<p><img fetchpriority=\"high\" decoding=\"async\" class=\"aligncenter\" src=\"https:\/\/www.auzeau.fr\/39-45\/wp-content\/uploads\/Cimetieres\/60 --\/78-Yvelines\/Viroflay\/Viroflay.jpg\" sizes=\"(max-width: 900px) 100vw, 900px\" srcset=\"https:\/\/www.auzeau.fr\/39-45\/wp-content\/uploads\/Cimetieres\/60%20--\/78-Yvelines\/Viroflay\/Viroflay.jpg 900w, https:\/\/www.auzeau.fr\/39-45\/wp-content\/uploads\/Cimetieres\/60%20--\/78-Yvelines\/Viroflay\/Viroflay-300x157.jpg 300w, https:\/\/www.auzeau.fr\/39-45\/wp-content\/uploads\/Cimetieres\/60%20--\/78-Yvelines\/Viroflay\/Viroflay-768x403.jpg 768w\" alt=\"\" width=\"900\" height=\"472\" \/><\/p>\n<table style=\"width: 100%;\" border=\"0\">\n<tbody>\n<tr>\n<td style=\"width: 5%;\"><\/td>\n<td style=\"width: 5%;\"><\/td>\n<td style=\"width: 2%;\"><\/td>\n<td style=\"width: 8%;\"><\/td>\n<td style=\"width: 5%;\"><\/td>\n<td style=\"width: 5%;\"><\/td>\n<td style=\"width: 5%;\"><\/td>\n<td style=\"width: 2%;\"><\/td>\n<td style=\"width: 8%;\"><\/td>\n<td style=\"width: 2%;\"><\/td>\n<td style=\"width: 5%;\"><\/td>\n<td style=\"width: 3%;\"><\/td>\n<td style=\"width: 5%;\"><\/td>\n<td style=\"width: 5%;\"><\/td>\n<td style=\"width: 5%;\"><\/td>\n<td style=\"width: 5%;\"><\/td>\n<td style=\"width: 5%;\"><\/td>\n<td style=\"width: 5%;\"><\/td>\n<td style=\"width: 5%;\"><\/td>\n<td style=\"width: 10%;\"><\/td>\n<\/tr>\n<tr>\n<td style=\"width: 75%;\" colspan=\"16\"><span style=\"font-size: xx-large;\"><strong><span style=\"color: #000000;\">Typhoon JR329 SA-R<\/span><\/strong><\/span><\/td>\n<td style=\"width: 25%; text-align: center;\" colspan=\"4\"><span style=\"font-size: xx-large;\"><strong>486 Sqn<\/strong><\/span><\/td>\n<\/tr>\n<tr>\n<td style=\"width: 75%;\" colspan=\"16\"><\/td>\n<td style=\"width: 25%; text-align: center;\" colspan=\"4\"><\/td>\n<\/tr>\n<tr style=\"height: 40px;\">\n<td style=\"text-align: right; width: 5%;\"><\/td>\n<td style=\"text-align: right; width: 5%;\"><span style=\"font-size: 14px;\"><strong>Date<\/strong><\/span><\/td>\n<td style=\"width: 2%; text-align: center;\"><strong>:<\/strong><\/td>\n<td style=\"width: 13%; text-align: left;\" colspan=\"2\"><span style=\"font-size: 14px;\"><em>14 janvier 1944<\/em><\/span><\/td>\n<td style=\"text-align: right; width: 5%;\"><\/td>\n<td style=\"text-align: right; width: 5%;\"><\/td>\n<td style=\"text-align: right; width: 2%;\"><\/td>\n<td style=\"text-align: right; width: 8%;\"><span style=\"font-size: 14px;\"><strong>Mission<\/strong><\/span><\/td>\n<td style=\"width: 2%; text-align: center;\"><strong><span style=\"font-size: 14px;\">:<\/span><\/strong><\/td>\n<td style=\"text-align: left; width: 53%;\" colspan=\"10\"><span style=\"font-size: 14px;\"><em>Attaque de site de <span class='tooltipsall tooltipsincontent classtoolTips192'>V1<\/span> vers Saint-Sa\u00ebns (76) puis <span class='tooltipsall tooltipsincontent classtoolTips48'>Sweep<\/span> dans la r\u00e9gion parisienne<\/em><\/span><\/td>\n<\/tr>\n<tr style=\"height: 40px;\">\n<td style=\"text-align: right; width: 10%;\" colspan=\"2\"><\/td>\n<td style=\"width: 2%; text-align: center;\"><\/td>\n<td style=\"text-align: right; width: 23%;\" colspan=\"4\"><span style=\"font-size: 14px;\"><strong>D\u00e9collage<\/strong><\/span><\/td>\n<td style=\"width: 2%; text-align: center;\"><strong>:<\/strong><\/td>\n<td style=\"text-align: left; width: 63%;\" colspan=\"12\"><span style=\"font-size: 14px;\"><em>Tangmere \u00e0 10:10<\/em><\/span><\/td>\n<\/tr>\n<tr style=\"height: 40px;\">\n<td style=\"text-align: right; width: 10%;\" colspan=\"2\"><\/td>\n<td style=\"width: 2%; text-align: center;\"><\/td>\n<td style=\"text-align: right; width: 23%;\" colspan=\"4\"><span style=\"font-size: 14px;\"><strong>Causes de la perte<br \/>\n<\/strong><\/span><\/td>\n<td style=\"width: 2%; text-align: center;\"><strong>:<br \/>\n<\/strong><\/td>\n<td style=\"text-align: left; width: 63%;\" colspan=\"12\"><span style=\"font-size: 14px;\"><em> Abattu par la <span class='tooltipsall tooltipsincontent classtoolTips70'>Flak<\/span><br \/>\n<\/em><\/span><\/td>\n<\/tr>\n<tr style=\"height: 40px;\">\n<td style=\"text-align: right; width: 10%;\" colspan=\"2\"><\/td>\n<td style=\"width: 2%; text-align: center;\"><\/td>\n<td style=\"text-align: right; width: 23%;\" colspan=\"4\"><span style=\"font-size: 14px;\"><strong>Lieu de la perte<br \/>\n<\/strong><\/span><\/td>\n<td style=\"width: 2%; text-align: center;\"><strong>:<br \/>\n<\/strong><\/td>\n<td style=\"text-align: left; width: 63%;\" colspan=\"12\">Triel-sur-Seine (78)<\/td>\n<\/tr>\n<tr style=\"height: 60px;\">\n<td style=\"width: 5%;\"><img decoding=\"async\" src=\"https:\/\/www.auzeau.fr\/39-45\/wp-content\/uploads\/images\/Drapeaux\/New-Zeland.png\" alt=\"New Zeland\" width=\"40\" height=\"20\" \/><\/td>\n<td style=\"width: 5%;\"><span class='tooltipsall tooltipsincontent classtoolTips19'>Fg Off<\/span><\/td>\n<td style=\"text-align: left;\" colspan=\"5\">Gibson<\/td>\n<td style=\"text-align: left;\" colspan=\"3\"><span style=\"color: #000000;\"><strong>PHILIP<\/strong><\/span><\/td>\n<td style=\"text-align: center;\" colspan=\"2\"><span class='tooltipsall tooltipsincontent classtoolTips151'>Pil<\/span><\/td>\n<td style=\"width: 5%; text-align: center;\"><span class='tooltipsall tooltipsincontent classtoolTips44'>RNZAF<\/span><\/td>\n<td style=\"text-align: center;\" colspan=\"2\">412265<\/td>\n<td style=\"width: 5%; text-align: center;\"><span style=\"color: #000000;\"><strong><span class='tooltipsall tooltipsincontent classtoolTips110'>KIA<\/span><\/strong><\/span><\/td>\n<td style=\"text-align: left;\" colspan=\"4\"><\/td>\n<\/tr>\n<\/tbody>\n<\/table>\n<figure class=\"gallery-item\"><div id='gallery-1' class='gallery galleryid-70145 gallery-columns-1 gallery-size-thumbnail'><figure class='gallery-item'>\n\t\t\t<div class='gallery-icon portrait'>\n\t\t\t\t<a title=\"Philip\"  title=\"Philip\"  href='https:\/\/www.auzeau.fr\/39-45\/wp-content\/uploads\/Cimetieres\/60%20--\/78-Yvelines\/Viroflay\/JR329\/Philip.jpg'><img decoding=\"async\" width=\"150\" height=\"150\" src=\"https:\/\/www.auzeau.fr\/39-45\/wp-content\/uploads\/Cimetieres\/60 --\/78-Yvelines\/Viroflay\/JR329\/Philip-150x150.jpg\" class=\"attachment-thumbnail size-thumbnail\" alt=\"\" srcset=\"https:\/\/www.auzeau.fr\/39-45\/wp-content\/uploads\/Cimetieres\/60%20--\/78-Yvelines\/Viroflay\/JR329\/Philip-150x150.jpg 150w, https:\/\/www.auzeau.fr\/39-45\/wp-content\/uploads\/Cimetieres\/60%20--\/78-Yvelines\/Viroflay\/JR329\/Philip-50x50.jpg 50w\" sizes=\"(max-width: 150px) 100vw, 150px\" \/><\/a>\n\t\t\t<\/div><\/figure>\n\t\t<\/div>\n<\/figure>\n<table style=\"width: 100%; background-color: #dcdcdc;\">\n<tbody>\n<tr style=\"background-color: #e0e0e0;\">\n<td style=\"background-color: #e0e0e0; text-align: center;\"><ul id=\"menu-78-viroflay\" class=\"menu\"><li id=\"menu-item-70863\" class=\"menu-item menu-item-type-post_type menu-item-object-page menu-item-70863\"><a href=\"https:\/\/www.auzeau.fr\/39-45\/france\/78-yvelines\/78-viroflay\/\">Halifax W1065<\/a><\/li>\n<li id=\"menu-item-70864\" class=\"menu-item menu-item-type-post_type menu-item-object-page menu-item-70864\"><a href=\"https:\/\/www.auzeau.fr\/39-45\/france\/78-yvelines\/78-viroflay-2\/\">Wellington X3706<\/a><\/li>\n<li id=\"menu-item-70866\" class=\"menu-item menu-item-type-post_type menu-item-object-page menu-item-70866\"><a href=\"https:\/\/www.auzeau.fr\/39-45\/france\/78-yvelines\/78-viroflay-3\/\">Wellington X3715<\/a><\/li>\n<li id=\"menu-item-70853\" class=\"menu-item menu-item-type-post_type menu-item-object-page menu-item-70853\"><a href=\"https:\/\/www.auzeau.fr\/39-45\/france\/78-yvelines\/78-viroflay-4\/\">Wellington Z1388<\/a><\/li>\n<li id=\"menu-item-70865\" class=\"menu-item menu-item-type-post_type menu-item-object-page menu-item-70865\"><a href=\"https:\/\/www.auzeau.fr\/39-45\/france\/78-yvelines\/78-viroflay-5\/\">Wellington X3715<\/a><\/li>\n<li id=\"menu-item-70854\" class=\"menu-item menu-item-type-post_type menu-item-object-page menu-item-70854\"><a href=\"https:\/\/www.auzeau.fr\/39-45\/france\/78-yvelines\/78-viroflay-6\/\">Lancaster LL860<\/a><\/li>\n<li id=\"menu-item-70855\" class=\"menu-item menu-item-type-post_type menu-item-object-page menu-item-70855\"><a href=\"https:\/\/www.auzeau.fr\/39-45\/france\/78-yvelines\/78-viroflay-7\/\">Stirling BF524<\/a><\/li>\n<li id=\"menu-item-70856\" class=\"menu-item menu-item-type-post_type menu-item-object-page menu-item-70856\"><a href=\"https:\/\/www.auzeau.fr\/39-45\/france\/78-yvelines\/78-viroflay-8\/\">Lancaster LM534<\/a><\/li>\n<li id=\"menu-item-70857\" class=\"menu-item menu-item-type-post_type menu-item-object-page menu-item-70857\"><a href=\"https:\/\/www.auzeau.fr\/39-45\/france\/78-yvelines\/78-viroflay-9\/\">Lancaster ND765<\/a><\/li>\n<li id=\"menu-item-70858\" class=\"menu-item menu-item-type-post_type menu-item-object-page menu-item-70858\"><a href=\"https:\/\/www.auzeau.fr\/39-45\/france\/78-yvelines\/78-viroflay-10\/\">Halifax LW684<\/a><\/li>\n<li id=\"menu-item-70859\" class=\"menu-item menu-item-type-post_type menu-item-object-page menu-item-70859\"><a href=\"https:\/\/www.auzeau.fr\/39-45\/france\/78-yvelines\/78-viroflay-11\/\">Lancaster ME696<\/a><\/li>\n<li id=\"menu-item-70860\" class=\"menu-item menu-item-type-post_type menu-item-object-page menu-item-70860\"><a href=\"https:\/\/www.auzeau.fr\/39-45\/france\/78-yvelines\/78-viroflay-12\/\">Lancaster ME853<\/a><\/li>\n<li id=\"menu-item-70861\" class=\"menu-item menu-item-type-post_type menu-item-object-page menu-item-70861\"><a href=\"https:\/\/www.auzeau.fr\/39-45\/france\/78-yvelines\/78-viroflay-13\/\">Lancaster ND346<\/a><\/li>\n<li id=\"menu-item-70862\" class=\"menu-item menu-item-type-post_type menu-item-object-page menu-item-70862\"><a href=\"https:\/\/www.auzeau.fr\/39-45\/france\/78-yvelines\/78-viroflay-14\/\">B24 Liberator AL584<\/a><\/li>\n<\/ul><\/td>\n<\/tr>\n<\/tbody>\n<\/table>\n<hr \/>\n<p style=\"text-align: center;\"><ul id=\"menu-78-yvelines\" class=\"menu\"><li id=\"menu-item-68166\" class=\"menu-item menu-item-type-post_type menu-item-object-page menu-item-68166\"><a href=\"https:\/\/www.auzeau.fr\/39-45\/france\/78-yvelines\/78-allainville-aux-bois\/\">78 \u2013 Allainville-aux-Bois<\/a><\/li>\n<li id=\"menu-item-68165\" class=\"menu-item menu-item-type-post_type menu-item-object-page menu-item-68165\"><a href=\"https:\/\/www.auzeau.fr\/39-45\/france\/78-yvelines\/78-aubergenville\/\">78 \u2013 Aubergenville<\/a><\/li>\n<li id=\"menu-item-68164\" class=\"menu-item menu-item-type-post_type menu-item-object-page menu-item-68164\"><a href=\"https:\/\/www.auzeau.fr\/39-45\/france\/78-yvelines\/78-coignieres\/\">78 \u2013 Coigni\u00e8res<\/a><\/li>\n<li id=\"menu-item-60578\" class=\"menu-item menu-item-type-post_type menu-item-object-page menu-item-60578\"><a href=\"https:\/\/www.auzeau.fr\/39-45\/france\/78-yvelines\/78-courgent\/\">78 \u2013 Courgent<\/a><\/li>\n<li id=\"menu-item-60580\" class=\"menu-item menu-item-type-post_type menu-item-object-page menu-item-60580\"><a href=\"https:\/\/www.auzeau.fr\/39-45\/france\/78-yvelines\/78-ecquevilly\/\">78 \u2013 Ecquevilly<\/a><\/li>\n<li id=\"menu-item-60579\" class=\"menu-item menu-item-type-post_type menu-item-object-page menu-item-60579\"><a href=\"https:\/\/www.auzeau.fr\/39-45\/france\/78-yvelines\/78-emance\/\">78 \u2013 \u00c9manc\u00e9<\/a><\/li>\n<li id=\"menu-item-71017\" class=\"menu-item menu-item-type-post_type menu-item-object-page menu-item-71017\"><a href=\"https:\/\/www.auzeau.fr\/39-45\/france\/78-yvelines\/78-fontenay-le-fleury\/\">78 \u2013 Fontenay-le-Fleury<\/a><\/li>\n<li id=\"menu-item-60581\" class=\"menu-item menu-item-type-post_type menu-item-object-page menu-item-60581\"><a href=\"https:\/\/www.auzeau.fr\/39-45\/france\/78-yvelines\/78-gambais\/\">78 \u2013 Gambais<\/a><\/li>\n<li id=\"menu-item-71016\" class=\"menu-item menu-item-type-post_type menu-item-object-page menu-item-71016\"><a href=\"https:\/\/www.auzeau.fr\/39-45\/france\/78-yvelines\/78-guyancourt\/\">78 \u2013 Guyancourt<\/a><\/li>\n<li id=\"menu-item-60582\" class=\"menu-item menu-item-type-post_type menu-item-object-page menu-item-60582\"><a href=\"https:\/\/www.auzeau.fr\/39-45\/france\/78-yvelines\/78-hermeray\/\">78 \u2013 Hermeray<\/a><\/li>\n<li id=\"menu-item-60583\" class=\"menu-item menu-item-type-post_type menu-item-object-page menu-item-60583\"><a href=\"https:\/\/www.auzeau.fr\/39-45\/france\/78-yvelines\/78-houdan\/\">78 \u2013 Houdan<\/a><\/li>\n<li id=\"menu-item-68163\" class=\"menu-item menu-item-type-post_type menu-item-object-page menu-item-68163\"><a href=\"https:\/\/www.auzeau.fr\/39-45\/france\/78-yvelines\/78-jouars-ponchartrain\/\">78 \u2013 Jouars-Ponchartrain<\/a><\/li>\n<li id=\"menu-item-60584\" class=\"menu-item menu-item-type-post_type menu-item-object-page menu-item-60584\"><a href=\"https:\/\/www.auzeau.fr\/39-45\/france\/78-yvelines\/78-la-boissiere-ecole\/\">78 \u2013 La Boissi\u00e8re-\u00c9cole<\/a><\/li>\n<li id=\"menu-item-68162\" class=\"menu-item menu-item-type-post_type menu-item-object-page menu-item-68162\"><a href=\"https:\/\/www.auzeau.fr\/39-45\/france\/78-yvelines\/78-la-celle-les-bordes\/\">78 \u2013 La Celle-Les-Bordes<\/a><\/li>\n<li id=\"menu-item-68161\" class=\"menu-item menu-item-type-post_type menu-item-object-page menu-item-68161\"><a href=\"https:\/\/www.auzeau.fr\/39-45\/france\/78-yvelines\/78-les-breviaires\/\">78 \u2013 Les Br\u00e9viaires<\/a><\/li>\n<li id=\"menu-item-71015\" class=\"menu-item menu-item-type-post_type menu-item-object-page menu-item-71015\"><a href=\"https:\/\/www.auzeau.fr\/39-45\/france\/78-yvelines\/78-les-mesnuls\/\">78 \u2013 Les Mesnuls<\/a><\/li>\n<li id=\"menu-item-68160\" class=\"menu-item menu-item-type-post_type menu-item-object-page menu-item-68160\"><a href=\"https:\/\/www.auzeau.fr\/39-45\/france\/78-yvelines\/78-mareil-le-guyon\/\">78 \u2013 Mareil-le-Guyon<\/a><\/li>\n<li id=\"menu-item-60585\" class=\"menu-item menu-item-type-post_type menu-item-object-page menu-item-60585\"><a href=\"https:\/\/www.auzeau.fr\/39-45\/france\/78-yvelines\/78-mantes-la-jolie\/\">78 \u2013 Mantes-la-Jolie Cimeti\u00e8re de Gassicourt<\/a><\/li>\n<li id=\"menu-item-60586\" class=\"menu-item menu-item-type-post_type menu-item-object-page menu-item-60586\"><a href=\"https:\/\/www.auzeau.fr\/39-45\/france\/78-yvelines\/78-mantes-la-ville\/\">78 \u2013 Mantes-la-Ville<\/a><\/li>\n<li id=\"menu-item-71014\" class=\"menu-item menu-item-type-post_type menu-item-object-page menu-item-71014\"><a href=\"https:\/\/www.auzeau.fr\/39-45\/france\/78-yvelines\/78-marly-le-roi\/\">78 \u2013 Marly-le-Roi<\/a><\/li>\n<li id=\"menu-item-60587\" class=\"menu-item menu-item-type-post_type menu-item-object-page menu-item-60587\"><a href=\"https:\/\/www.auzeau.fr\/39-45\/france\/78-yvelines\/78-montchauvet\/\">78 \u2013 Montchauvet<\/a><\/li>\n<li id=\"menu-item-71061\" class=\"menu-item menu-item-type-post_type menu-item-object-page menu-item-71061\"><a href=\"https:\/\/www.auzeau.fr\/39-45\/france\/78-yvelines\/78-perdreauville\/\">78 \u2013 Perdreauville<\/a><\/li>\n<li id=\"menu-item-71013\" class=\"menu-item menu-item-type-post_type menu-item-object-page menu-item-71013\"><a href=\"https:\/\/www.auzeau.fr\/39-45\/france\/78-yvelines\/78-plaisir\/\">78 \u2013 Plaisir<\/a><\/li>\n<li id=\"menu-item-60588\" class=\"menu-item menu-item-type-post_type menu-item-object-page menu-item-60588\"><a href=\"https:\/\/www.auzeau.fr\/39-45\/france\/78-yvelines\/78-poigny-la-foret\/\">78 \u2013 Poigny-la-For\u00eat<\/a><\/li>\n<li id=\"menu-item-71012\" class=\"menu-item menu-item-type-post_type menu-item-object-page menu-item-71012\"><a href=\"https:\/\/www.auzeau.fr\/39-45\/france\/78-yvelines\/78-saint-germain-en-laye\/\">78 \u2013 Saint-Germain-en-Laye<\/a><\/li>\n<li id=\"menu-item-60589\" class=\"menu-item menu-item-type-post_type menu-item-object-page menu-item-60589\"><a href=\"https:\/\/www.auzeau.fr\/39-45\/france\/78-yvelines\/78-saint-hilarion\/\">78 \u2013 Saint-Hilarion<\/a><\/li>\n<li id=\"menu-item-68167\" class=\"menu-item menu-item-type-post_type menu-item-object-page menu-item-68167\"><a href=\"https:\/\/www.auzeau.fr\/39-45\/france\/78-yvelines\/78-rambouillet\/\">78 \u2013 Rambouillet<\/a><\/li>\n<li id=\"menu-item-60590\" class=\"menu-item menu-item-type-post_type menu-item-object-page menu-item-60590\"><a href=\"https:\/\/www.auzeau.fr\/39-45\/france\/78-yvelines\/78-tacoignieres\/\">78 \u2013 Tacoigni\u00e8res<\/a><\/li>\n<li id=\"menu-item-60591\" class=\"menu-item menu-item-type-post_type menu-item-object-page menu-item-60591\"><a href=\"https:\/\/www.auzeau.fr\/39-45\/france\/78-yvelines\/78-thoiry\/\">78 \u2013 Thoiry<\/a><\/li>\n<li id=\"menu-item-71011\" class=\"menu-item menu-item-type-post_type menu-item-object-page menu-item-71011\"><a href=\"https:\/\/www.auzeau.fr\/39-45\/france\/78-yvelines\/78-versailles\/\">78 \u2013 Versailles<\/a><\/li>\n<li id=\"menu-item-71035\" class=\"menu-item menu-item-type-post_type menu-item-object-page menu-item-71035\"><a href=\"https:\/\/www.auzeau.fr\/39-45\/france\/78-yvelines\/78-viroflay\/\">78 \u2013 Viroflay<\/a><\/li>\n<\/ul>\n<script type=\"text\/javascript\"> toolTips('.classtoolTips19','Flying Officer'); <\/script><script type=\"text\/javascript\"> toolTips('.classtoolTips44','Royal New Zealand Air Force'); <\/script><script type=\"text\/javascript\"> toolTips('.classtoolTips48','Formation offensive des chasseurs (ou chasseurs-bombardiers) en territoire ennemi visant \u00e0 occuper l\u2019ennemi<br\/><br\/>Offensive formation of fighters (or fighter-bombers) over ennemi territory designed to draw the ennemy'); <\/script><script type=\"text\/javascript\"> toolTips('.classtoolTips70','<img class=\"aligncenter wp-image-65848 size-full\" title=\"Flak18\" src=\"https:\/\/www.auzeau.fr\/39-45\/wp-content\/uploads\/images\/Materiel\/Flak18.JPG\" alt=\"\" width=\"640\" height=\"499\" \/><br\/><img class=\"aligncenter size-full wp-image-65849\" title=\"Flak30\" src=\"https:\/\/www.auzeau.fr\/39-45\/wp-content\/uploads\/images\/Materiel\/Flak30.JPG\" alt=\"\" width=\"640\" height=\"499\" \/>'); <\/script><script type=\"text\/javascript\"> toolTips('.classtoolTips98','Colonel'); <\/script><script type=\"text\/javascript\"> toolTips('.classtoolTips110','Tu\u00e9 au combat<br\/><br\/>Killed In Action'); <\/script><script type=\"text\/javascript\"> toolTips('.classtoolTips144','Royal Corps of Signals'); <\/script><script type=\"text\/javascript\"> toolTips('.classtoolTips151','Pilote<br\/><br\/>Pilot'); <\/script><script type=\"text\/javascript\"> toolTips('.classtoolTips153','Porucznik'); <\/script><script type=\"text\/javascript\"> toolTips('.classtoolTips185','Mitrailleur<br\/><br\/>Air Gunner'); <\/script><script type=\"text\/javascript\"> toolTips('.classtoolTips188','Bombardier<br\/><br\/>Air bomber'); <\/script><script type=\"text\/javascript\"> toolTips('.classtoolTips189','M\u00e9canicien volant<br\/><br\/>Flying Enginer'); <\/script><script type=\"text\/javascript\"> toolTips('.classtoolTips192','<img class=\"aligncenter size-full wp-image-65858\" title=\"Rampe_V1\" src=\"https:\/\/www.auzeau.fr\/39-45\/wp-content\/uploads\/Avions\/Allemand\/Rampe_V1.jpg\" alt=\"\" width=\"640\" height=\"426\" \/><br\/><img class=\"aligncenter size-full wp-image-65859\" title=\"V1\" src=\"https:\/\/www.auzeau.fr\/39-45\/wp-content\/uploads\/Avions\/Allemand\/V1.jpg\" alt=\"\" width=\"640\" height=\"424\" \/>'); <\/script><script type=\"text\/javascript\"> toolTips('.classtoolTips193','Royal Navy'); <\/script><script type=\"text\/javascript\"> toolTips('.classtoolTips195','Enseigne de Vaisseau'); <\/script><script type=\"text\/javascript\"> toolTips('.classtoolTips197','Aircraftman'); <\/script><script type=\"text\/javascript\"> toolTips('.classtoolTips199','Radio Officer'); <\/script><script type=\"text\/javascript\"> toolTips('.classtoolTips201','Lieutenant'); <\/script>","protected":false},"excerpt":{"rendered":"<p>Typhoon JR329 SA-R 486 Sqn Date : 14 janvier 1944 Mission : Attaque de site de V1 vers Saint-Sa\u00ebns (76) puis Sweep dans la r\u00e9gion parisienne D\u00e9collage : Tangmere \u00e0 10:10 Causes de la perte : Abattu par la Flak Lieu de la perte : Triel-sur-Seine (78) Fg Off Gibson PHILIP Pil RNZAF 412265 KIA<\/p>\n","protected":false},"author":1,"featured_media":0,"parent":107,"menu_order":0,"comment_status":"closed","ping_status":"closed","template":"template-full-width Typhoon.php","meta":{"_lmt_disableupdate":"yes","_lmt_disable":"","footnotes":""},"categories":[384],"tags":[1083],"wf_page_folders":[3116],"class_list":["post-70145","page","type-page","status-publish","hentry","category-typhoon","tag-486-squadron"],"_links":{"self":[{"href":"https:\/\/www.auzeau.fr\/39-45\/wp-json\/wp\/v2\/pages\/70145","targetHints":{"allow":["GET"]}}],"collection":[{"href":"https:\/\/www.auzeau.fr\/39-45\/wp-json\/wp\/v2\/pages"}],"about":[{"href":"https:\/\/www.auzeau.fr\/39-45\/wp-json\/wp\/v2\/types\/page"}],"author":[{"embeddable":true,"href":"https:\/\/www.auzeau.fr\/39-45\/wp-json\/wp\/v2\/users\/1"}],"replies":[{"embeddable":true,"href":"https:\/\/www.auzeau.fr\/39-45\/wp-json\/wp\/v2\/comments?post=70145"}],"version-history":[{"count":0,"href":"https:\/\/www.auzeau.fr\/39-45\/wp-json\/wp\/v2\/pages\/70145\/revisions"}],"up":[{"embeddable":true,"href":"https:\/\/www.auzeau.fr\/39-45\/wp-json\/wp\/v2\/pages\/107"}],"wp:attachment":[{"href":"https:\/\/www.auzeau.fr\/39-45\/wp-json\/wp\/v2\/media?parent=70145"}],"wp:term":[{"taxonomy":"category","embeddable":true,"href":"https:\/\/www.auzeau.fr\/39-45\/wp-json\/wp\/v2\/categories?post=70145"},{"taxonomy":"post_tag","embeddable":true,"href":"https:\/\/www.auzeau.fr\/39-45\/wp-json\/wp\/v2\/tags?post=70145"},{"taxonomy":"wf_page_folders","embeddable":true,"href":"https:\/\/www.auzeau.fr\/39-45\/wp-json\/wp\/v2\/wf_page_folders?post=70145"}],"curies":[{"name":"wp","href":"https:\/\/api.w.org\/{rel}","templated":true}]}}