{"id":69976,"date":"2019-10-02T07:26:29","date_gmt":"2019-10-02T05:26:29","guid":{"rendered":"http:\/\/39-45.auzeau.fr\/?page_id=69976"},"modified":"2021-11-01T10:09:12","modified_gmt":"2021-11-01T09:09:12","slug":"78-guyancourt","status":"publish","type":"page","link":"https:\/\/www.auzeau.fr\/39-45\/france\/78-yvelines\/78-guyancourt\/","title":{"rendered":"78 &#8211; Guyancourt"},"content":{"rendered":"<p><img fetchpriority=\"high\" decoding=\"async\" class=\"aligncenter\" src=\"https:\/\/www.auzeau.fr\/39-45\/wp-content\/uploads\/Cimetieres\/60 --\/78-Yvelines\/Guyancourt\/Guyancourt.jpg\" sizes=\"(max-width: 900px) 100vw, 900px\" srcset=\"https:\/\/www.auzeau.fr\/39-45\/wp-content\/uploads\/Cimetieres\/60%20--\/78-Yvelines\/Guyancourt\/Guyancourt.jpg 900w, https:\/\/www.auzeau.fr\/39-45\/wp-content\/uploads\/Cimetieres\/60%20--\/78-Yvelines\/Guyancourt\/Guyancourt-300x150.jpg 300w, https:\/\/www.auzeau.fr\/39-45\/wp-content\/uploads\/Cimetieres\/60%20--\/78-Yvelines\/Guyancourt\/Guyancourt-768x384.jpg 768w\" alt=\"\" width=\"900\" height=\"450\" \/><\/p>\n<table style=\"width: 100%;\" border=\"0\">\n<tbody>\n<tr>\n<td style=\"width: 5%;\"><\/td>\n<td style=\"width: 5%;\"><\/td>\n<td style=\"width: 2%;\"><\/td>\n<td style=\"width: 8%;\"><\/td>\n<td style=\"width: 5%;\"><\/td>\n<td style=\"width: 5%;\"><\/td>\n<td style=\"width: 5%;\"><\/td>\n<td style=\"width: 2%;\"><\/td>\n<td style=\"width: 8%;\"><\/td>\n<td style=\"width: 2%;\"><\/td>\n<td style=\"width: 5%;\"><\/td>\n<td style=\"width: 3%;\"><\/td>\n<td style=\"width: 5%;\"><\/td>\n<td style=\"width: 5%;\"><\/td>\n<td style=\"width: 5%;\"><\/td>\n<td style=\"width: 5%;\"><\/td>\n<td style=\"width: 5%;\"><\/td>\n<td style=\"width: 5%;\"><\/td>\n<td style=\"width: 5%;\"><\/td>\n<td style=\"width: 10%;\"><\/td>\n<\/tr>\n<tr>\n<td style=\"width: 75%;\" colspan=\"16\"><span style=\"font-size: xx-large;\"><strong><span style=\"color: #000000;\">Wellington BK559<br \/>\n<\/span><\/strong><\/span><\/td>\n<td style=\"width: 25%; text-align: center;\" colspan=\"4\"><span style=\"font-size: xx-large;\"><strong>30 <span class='tooltipsall tooltipsincontent classtoolTips104'>OTU<\/span><br \/>\n<\/strong><\/span><\/td>\n<\/tr>\n<tr>\n<td style=\"width: 75%;\" colspan=\"16\"><\/td>\n<td style=\"width: 25%; text-align: center;\" colspan=\"4\"><\/td>\n<\/tr>\n<tr style=\"height: 40px;\">\n<td style=\"text-align: right; width: 5%;\"><\/td>\n<td style=\"text-align: right; width: 5%;\"><span style=\"font-size: 14px;\"><strong>Date<\/strong><\/span><\/td>\n<td style=\"width: 2%; text-align: center;\"><strong>:<\/strong><\/td>\n<td style=\"width: 13%; text-align: left;\" colspan=\"2\"><span style=\"font-size: 14px;\"><em>12 juin 1943<br \/>\n<\/em><\/span><\/td>\n<td style=\"text-align: right; width: 5%;\"><\/td>\n<td style=\"text-align: right; width: 5%;\"><\/td>\n<td style=\"text-align: right; width: 2%;\"><\/td>\n<td style=\"text-align: right; width: 8%;\"><span style=\"font-size: 14px;\"><strong>Mission<\/strong><\/span><\/td>\n<td style=\"width: 2%; text-align: center;\"><strong><span style=\"font-size: 14px;\">:<\/span><\/strong><\/td>\n<td style=\"text-align: left; width: 53%;\" colspan=\"10\"><span style=\"font-size: 14px;\"><em><span class='tooltipsall tooltipsincontent classtoolTips28'>Nickel<\/span> largage de tracts sur Nantes (44)<\/em><\/span><span style=\"font-size: 14px;\"><em><br \/>\n<\/em><\/span><\/td>\n<\/tr>\n<tr style=\"height: 40px;\">\n<td style=\"text-align: right; width: 10%;\" colspan=\"2\"><\/td>\n<td style=\"width: 2%; text-align: center;\"><\/td>\n<td style=\"text-align: right; width: 23%;\" colspan=\"4\"><span style=\"font-size: 14px;\"><strong>D\u00e9collage<\/strong><\/span><\/td>\n<td style=\"width: 2%; text-align: center;\"><strong>:<\/strong><\/td>\n<td style=\"text-align: left; width: 63%;\" colspan=\"12\"><span style=\"font-size: 14px;\"><em>Hixon \u00e0 23:00<\/em><\/span><span style=\"font-size: 14px;\"><em><br \/>\n<\/em><\/span><\/td>\n<\/tr>\n<tr style=\"height: 40px;\">\n<td style=\"text-align: right; width: 10%;\" colspan=\"2\"><\/td>\n<td style=\"width: 2%; text-align: center;\"><\/td>\n<td style=\"text-align: right; width: 23%;\" colspan=\"4\"><span style=\"font-size: 14px;\"><strong>Causes de la perte<br \/>\n<\/strong><\/span><\/td>\n<td style=\"width: 2%; text-align: center;\"><strong>:<br \/>\n<\/strong><\/td>\n<td style=\"text-align: left; width: 63%;\" colspan=\"12\"><span style=\"font-size: 14px;\"><em>L&#8217;appareil \u00e9gar\u00e9 s&#8217;\u00e9crase \u00e0 court de carburant. partiellement \u00e9vacu\u00e9<\/em><\/span><\/td>\n<\/tr>\n<tr style=\"height: 40px;\">\n<td style=\"text-align: right; width: 10%;\" colspan=\"2\"><\/td>\n<td style=\"width: 2%; text-align: center;\"><\/td>\n<td style=\"text-align: right; width: 23%;\" colspan=\"4\"><span style=\"font-size: 14px;\"><strong>Lieu de la perte<br \/>\n<\/strong><\/span><\/td>\n<td style=\"width: 2%; text-align: center;\"><strong>:<br \/>\n<\/strong><\/td>\n<td style=\"text-align: left; width: 63%;\" colspan=\"12\"><span style=\"font-size: 14px;\"><em>Ch\u00e2teau de M\u00e9ridon \u00e0 Chevreuse (78)<br \/>\n<\/em><\/span><\/td>\n<\/tr>\n<tr style=\"height: 60px;\">\n<td style=\"width: 5%;\"><span style=\"font-size: 14px;\"><img decoding=\"async\" class=\"alignleft\" src=\"https:\/\/www.auzeau.fr\/39-45\/wp-content\/uploads\/images\/Drapeaux\/Angleterre.png\" alt=\"Royaume Uni\" width=\"40\" height=\"20\" \/><\/span><\/td>\n<td style=\"width: 5%;\"><span class='tooltipsall tooltipsincontent classtoolTips183'>FS<\/span><\/td>\n<td style=\"text-align: left;\" colspan=\"5\">Horace John David<\/td>\n<td style=\"text-align: left;\" colspan=\"3\"><strong><span style=\"color: #000000;\">ADAMS<br \/>\n<\/span><\/strong><\/td>\n<td style=\"text-align: center;\" colspan=\"2\"><span class='tooltipsall tooltipsincontent classtoolTips185'>AG<\/span><\/td>\n<td style=\"width: 5%; text-align: center;\"><span class='tooltipsall tooltipsincontent classtoolTips45'>RAFVR<\/span><\/td>\n<td style=\"text-align: center;\" colspan=\"2\">1456552<\/td>\n<td style=\"width: 5%; text-align: center;\"><span style=\"color: #000000;\"><span class='tooltipsall tooltipsincontent classtoolTips113'>POW<\/span><strong><br \/>\n<\/strong><\/span><\/td>\n<td style=\"text-align: left;\" colspan=\"4\"><\/td>\n<\/tr>\n<tr style=\"height: 60px;\">\n<td style=\"width: 5%;\"><span style=\"font-size: 14px;\"><img decoding=\"async\" class=\"alignleft\" src=\"https:\/\/www.auzeau.fr\/39-45\/wp-content\/uploads\/images\/Drapeaux\/Angleterre.png\" alt=\"Royaume Uni\" width=\"40\" height=\"20\" \/><\/span><\/td>\n<td style=\"width: 5%;\"><span class='tooltipsall tooltipsincontent classtoolTips96'>Sgt<\/span><\/td>\n<td style=\"text-align: left;\" colspan=\"5\">Cyril Edward<\/td>\n<td style=\"text-align: left;\" colspan=\"3\"><strong><span style=\"color: #000000;\">BARTHOLOMEW<br \/>\n<\/span><\/strong><\/td>\n<td style=\"text-align: center;\" colspan=\"2\"><span class='tooltipsall tooltipsincontent classtoolTips185'>AG<\/span><\/td>\n<td style=\"width: 5%; text-align: center;\"><span class='tooltipsall tooltipsincontent classtoolTips45'>RAFVR<\/span><\/td>\n<td style=\"text-align: center;\" colspan=\"2\">1621796<\/td>\n<td style=\"width: 5%; text-align: center;\"><span style=\"color: #000000;\"><span class='tooltipsall tooltipsincontent classtoolTips113'>POW<\/span><br \/>\n<\/span><\/td>\n<td style=\"text-align: left;\" colspan=\"4\"><\/td>\n<\/tr>\n<tr style=\"height: 60px;\">\n<td style=\"width: 5%;\"><img decoding=\"async\" class=\"alignleft\" src=\"https:\/\/www.auzeau.fr\/39-45\/wp-content\/uploads\/images\/Drapeaux\/Canada.png\" alt=\"Canada\" width=\"40\" height=\"20\" \/><\/td>\n<td style=\"width: 5%;\"><span class='tooltipsall tooltipsincontent classtoolTips96'>Sgt<\/span><\/td>\n<td style=\"text-align: left;\" colspan=\"5\">Delmas Murray<\/td>\n<td style=\"text-align: left;\" colspan=\"3\"><strong><span style=\"color: #000000;\">DAVIS<br \/>\n<\/span><\/strong><\/td>\n<td style=\"text-align: center;\" colspan=\"2\"><span class='tooltipsall tooltipsincontent classtoolTips116'>Nav<\/span><\/td>\n<td style=\"width: 5%; text-align: center;\"><span class='tooltipsall tooltipsincontent classtoolTips78'>RCAF<\/span><\/td>\n<td style=\"text-align: center;\" colspan=\"2\">R\/125221<\/td>\n<td style=\"width: 5%; text-align: center;\"><span style=\"color: #000000;\"><span class='tooltipsall tooltipsincontent classtoolTips134'>EVA<\/span><br \/>\n<\/span><\/td>\n<td style=\"text-align: left;\" colspan=\"4\"><span style=\"color: #000000;\"><strong><span class='tooltipsall tooltipsincontent classtoolTips125'>NBC<\/span><\/strong><\/span><span style=\"font-size: 10pt;\"> dans les Pyr\u00e9n\u00e9es en voulant rejoindre Gibraltar. <a href=\"https:\/\/www.auzeau.fr\/39-45\/france\/13-bouches-du-rhone\/13-marseille-mazargues-war-cemetery-5\/\">Inhum\u00e9 au cimeti\u00e8re de Marseille Mazargues (13)<\/a><\/span><\/td>\n<\/tr>\n<tr style=\"height: 60px;\">\n<td style=\"width: 5%;\"><img loading=\"lazy\" decoding=\"async\" class=\"alignleft\" src=\"https:\/\/www.auzeau.fr\/39-45\/wp-content\/uploads\/images\/Drapeaux\/Australie.png\" alt=\"Australie\" width=\"40\" height=\"20\" \/><\/td>\n<td style=\"width: 5%;\"><span class='tooltipsall tooltipsincontent classtoolTips183'>FS<\/span><\/td>\n<td style=\"text-align: left;\" colspan=\"5\">Thomas George<\/td>\n<td style=\"text-align: left;\" colspan=\"3\"><strong><span style=\"color: #000000;\">DELLAR<br \/>\n<\/span><\/strong><\/td>\n<td style=\"text-align: center;\" colspan=\"2\"><span class='tooltipsall tooltipsincontent classtoolTips151'>Pil<\/span><\/td>\n<td style=\"width: 5%; text-align: center;\"><span class='tooltipsall tooltipsincontent classtoolTips77'>RAAF<\/span><\/td>\n<td style=\"text-align: center;\" colspan=\"2\">409522<\/td>\n<td style=\"width: 5%; text-align: center;\"><span style=\"color: #000000;\"><strong><span class='tooltipsall tooltipsincontent classtoolTips110'>KIA<\/span><\/strong><br \/>\n<\/span><\/td>\n<td style=\"text-align: left;\" colspan=\"4\"><\/td>\n<\/tr>\n<tr style=\"height: 60px;\">\n<td style=\"width: 5%;\"><img decoding=\"async\" class=\"alignleft\" src=\"https:\/\/www.auzeau.fr\/39-45\/wp-content\/uploads\/images\/Drapeaux\/Angleterre.png\" alt=\"Royaume Uni\" width=\"40\" height=\"20\" \/><\/td>\n<td style=\"width: 5%;\"><span class='tooltipsall tooltipsincontent classtoolTips183'>FS<\/span><\/td>\n<td style=\"text-align: left;\" colspan=\"5\">James Graham<\/td>\n<td style=\"text-align: left;\" colspan=\"3\"><strong><span style=\"color: #000000;\">PERFECT<br \/>\n<\/span><\/strong><\/td>\n<td style=\"text-align: center;\" colspan=\"2\"><span class='tooltipsall tooltipsincontent classtoolTips188'>AB<\/span><\/td>\n<td style=\"width: 5%; text-align: center;\"><span class='tooltipsall tooltipsincontent classtoolTips45'>RAFVR<\/span><\/td>\n<td style=\"text-align: center;\" colspan=\"2\">1324555<\/td>\n<td style=\"width: 5%; text-align: center;\"><span style=\"color: #000000;\"><span class='tooltipsall tooltipsincontent classtoolTips113'>POW<\/span><strong><br \/>\n<\/strong><\/span><\/td>\n<td style=\"text-align: left;\" colspan=\"4\"><\/td>\n<\/tr>\n<tr style=\"height: 60px;\">\n<td style=\"width: 5%;\"><img decoding=\"async\" class=\"alignleft\" src=\"https:\/\/www.auzeau.fr\/39-45\/wp-content\/uploads\/images\/Drapeaux\/Angleterre.png\" alt=\"Royaume Uni\" width=\"40\" height=\"20\" \/><\/td>\n<td style=\"width: 5%;\"><span class='tooltipsall tooltipsincontent classtoolTips96'>Sgt<\/span><\/td>\n<td style=\"text-align: left;\" colspan=\"5\">Bernard Charles<\/td>\n<td style=\"text-align: left;\" colspan=\"3\"><strong><span style=\"color: #000000;\">REEVES<br \/>\n<\/span><\/strong><\/td>\n<td style=\"text-align: center;\" colspan=\"2\"><span class='tooltipsall tooltipsincontent classtoolTips115'>WOP<\/span><\/td>\n<td style=\"width: 5%; text-align: center;\"><span class='tooltipsall tooltipsincontent classtoolTips45'>RAFVR<\/span><\/td>\n<td style=\"text-align: center;\" colspan=\"2\">1321751<\/td>\n<td style=\"width: 5%; text-align: center;\"><span style=\"color: #000000;\"><span class='tooltipsall tooltipsincontent classtoolTips134'>EVA<\/span><br \/>\n<\/span><\/td>\n<td style=\"text-align: left;\" colspan=\"4\"><\/td>\n<\/tr>\n<\/tbody>\n<\/table>\n<figure><div id='gallery-1' class='gallery galleryid-69976 gallery-columns-2 gallery-size-thumbnail'><figure class='gallery-item'>\n\t\t\t<div class='gallery-icon portrait'>\n\t\t\t\t<a title=\"Wellington BK559\"  title=\"Wellington BK559\"  href='https:\/\/www.auzeau.fr\/39-45\/wp-content\/uploads\/Cimetieres\/60%20--\/78-Yvelines\/Guyancourt\/Wellington-BK559.jpg'><img loading=\"lazy\" decoding=\"async\" width=\"150\" height=\"150\" src=\"https:\/\/www.auzeau.fr\/39-45\/wp-content\/uploads\/Cimetieres\/60 --\/78-Yvelines\/Guyancourt\/Wellington-BK559-150x150.jpg\" class=\"attachment-thumbnail size-thumbnail\" alt=\"\" srcset=\"https:\/\/www.auzeau.fr\/39-45\/wp-content\/uploads\/Cimetieres\/60%20--\/78-Yvelines\/Guyancourt\/Wellington-BK559-150x150.jpg 150w, https:\/\/www.auzeau.fr\/39-45\/wp-content\/uploads\/Cimetieres\/60%20--\/78-Yvelines\/Guyancourt\/Wellington-BK559-50x50.jpg 50w\" sizes=\"(max-width: 150px) 100vw, 150px\" \/><\/a>\n\t\t\t<\/div><\/figure><figure class='gallery-item'>\n\t\t\t<div class='gallery-icon portrait'>\n\t\t\t\t<a title=\"Dellar\"  title=\"Dellar\"  href='https:\/\/www.auzeau.fr\/39-45\/wp-content\/uploads\/Cimetieres\/60%20--\/78-Yvelines\/Guyancourt\/Dellar.jpg'><img loading=\"lazy\" decoding=\"async\" width=\"150\" height=\"150\" src=\"https:\/\/www.auzeau.fr\/39-45\/wp-content\/uploads\/Cimetieres\/60 --\/78-Yvelines\/Guyancourt\/Dellar-150x150.jpg\" class=\"attachment-thumbnail size-thumbnail\" alt=\"\" srcset=\"https:\/\/www.auzeau.fr\/39-45\/wp-content\/uploads\/Cimetieres\/60%20--\/78-Yvelines\/Guyancourt\/Dellar-150x150.jpg 150w, https:\/\/www.auzeau.fr\/39-45\/wp-content\/uploads\/Cimetieres\/60%20--\/78-Yvelines\/Guyancourt\/Dellar-50x50.jpg 50w\" sizes=\"(max-width: 150px) 100vw, 150px\" \/><\/a>\n\t\t\t<\/div><\/figure>\n\t\t<\/div>\n\n<p>&nbsp;<\/figure>\n<p><span style=\"font-size: 8pt;\"><span style=\"color: #000000;\"><strong>09 mai 2020<\/strong><\/span> : Ajout des pr\u00e9noms du <span class='tooltipsall tooltipsincontent classtoolTips183'>FS<\/span> PERFECT<\/span><\/p>\n<p><span style=\"font-size: 8pt;\"><span style=\"color: #000000;\"><strong>21 juin 2021<\/strong><\/span> : Ajout des pr\u00e9noms du <span class='tooltipsall tooltipsincontent classtoolTips183'>FS<\/span> ADAMS et <span class='tooltipsall tooltipsincontent classtoolTips96'>Sgt<\/span> BARTHOLOMEW<\/span><\/p>\n<hr \/>\n<p style=\"text-align: center;\"><ul id=\"menu-78-yvelines\" class=\"menu\"><li id=\"menu-item-68166\" class=\"menu-item menu-item-type-post_type menu-item-object-page menu-item-68166\"><a href=\"https:\/\/www.auzeau.fr\/39-45\/france\/78-yvelines\/78-allainville-aux-bois\/\">78 \u2013 Allainville-aux-Bois<\/a><\/li>\n<li id=\"menu-item-68165\" class=\"menu-item menu-item-type-post_type menu-item-object-page menu-item-68165\"><a href=\"https:\/\/www.auzeau.fr\/39-45\/france\/78-yvelines\/78-aubergenville\/\">78 \u2013 Aubergenville<\/a><\/li>\n<li id=\"menu-item-68164\" class=\"menu-item menu-item-type-post_type menu-item-object-page menu-item-68164\"><a href=\"https:\/\/www.auzeau.fr\/39-45\/france\/78-yvelines\/78-coignieres\/\">78 \u2013 Coigni\u00e8res<\/a><\/li>\n<li id=\"menu-item-60578\" class=\"menu-item menu-item-type-post_type menu-item-object-page menu-item-60578\"><a href=\"https:\/\/www.auzeau.fr\/39-45\/france\/78-yvelines\/78-courgent\/\">78 \u2013 Courgent<\/a><\/li>\n<li id=\"menu-item-60580\" class=\"menu-item menu-item-type-post_type menu-item-object-page menu-item-60580\"><a href=\"https:\/\/www.auzeau.fr\/39-45\/france\/78-yvelines\/78-ecquevilly\/\">78 \u2013 Ecquevilly<\/a><\/li>\n<li id=\"menu-item-60579\" class=\"menu-item menu-item-type-post_type menu-item-object-page menu-item-60579\"><a href=\"https:\/\/www.auzeau.fr\/39-45\/france\/78-yvelines\/78-emance\/\">78 \u2013 \u00c9manc\u00e9<\/a><\/li>\n<li id=\"menu-item-71017\" class=\"menu-item menu-item-type-post_type menu-item-object-page menu-item-71017\"><a href=\"https:\/\/www.auzeau.fr\/39-45\/france\/78-yvelines\/78-fontenay-le-fleury\/\">78 \u2013 Fontenay-le-Fleury<\/a><\/li>\n<li id=\"menu-item-60581\" class=\"menu-item menu-item-type-post_type menu-item-object-page menu-item-60581\"><a href=\"https:\/\/www.auzeau.fr\/39-45\/france\/78-yvelines\/78-gambais\/\">78 \u2013 Gambais<\/a><\/li>\n<li id=\"menu-item-71016\" class=\"menu-item menu-item-type-post_type menu-item-object-page menu-item-71016\"><a href=\"https:\/\/www.auzeau.fr\/39-45\/france\/78-yvelines\/78-guyancourt\/\">78 \u2013 Guyancourt<\/a><\/li>\n<li id=\"menu-item-60582\" class=\"menu-item menu-item-type-post_type menu-item-object-page menu-item-60582\"><a href=\"https:\/\/www.auzeau.fr\/39-45\/france\/78-yvelines\/78-hermeray\/\">78 \u2013 Hermeray<\/a><\/li>\n<li id=\"menu-item-60583\" class=\"menu-item menu-item-type-post_type menu-item-object-page menu-item-60583\"><a href=\"https:\/\/www.auzeau.fr\/39-45\/france\/78-yvelines\/78-houdan\/\">78 \u2013 Houdan<\/a><\/li>\n<li id=\"menu-item-68163\" class=\"menu-item menu-item-type-post_type menu-item-object-page menu-item-68163\"><a href=\"https:\/\/www.auzeau.fr\/39-45\/france\/78-yvelines\/78-jouars-ponchartrain\/\">78 \u2013 Jouars-Ponchartrain<\/a><\/li>\n<li id=\"menu-item-60584\" class=\"menu-item menu-item-type-post_type menu-item-object-page menu-item-60584\"><a href=\"https:\/\/www.auzeau.fr\/39-45\/france\/78-yvelines\/78-la-boissiere-ecole\/\">78 \u2013 La Boissi\u00e8re-\u00c9cole<\/a><\/li>\n<li id=\"menu-item-68162\" class=\"menu-item menu-item-type-post_type menu-item-object-page menu-item-68162\"><a href=\"https:\/\/www.auzeau.fr\/39-45\/france\/78-yvelines\/78-la-celle-les-bordes\/\">78 \u2013 La Celle-Les-Bordes<\/a><\/li>\n<li id=\"menu-item-68161\" class=\"menu-item menu-item-type-post_type menu-item-object-page menu-item-68161\"><a href=\"https:\/\/www.auzeau.fr\/39-45\/france\/78-yvelines\/78-les-breviaires\/\">78 \u2013 Les Br\u00e9viaires<\/a><\/li>\n<li id=\"menu-item-71015\" class=\"menu-item menu-item-type-post_type menu-item-object-page menu-item-71015\"><a href=\"https:\/\/www.auzeau.fr\/39-45\/france\/78-yvelines\/78-les-mesnuls\/\">78 \u2013 Les Mesnuls<\/a><\/li>\n<li id=\"menu-item-68160\" class=\"menu-item menu-item-type-post_type menu-item-object-page menu-item-68160\"><a href=\"https:\/\/www.auzeau.fr\/39-45\/france\/78-yvelines\/78-mareil-le-guyon\/\">78 \u2013 Mareil-le-Guyon<\/a><\/li>\n<li id=\"menu-item-60585\" class=\"menu-item menu-item-type-post_type menu-item-object-page menu-item-60585\"><a href=\"https:\/\/www.auzeau.fr\/39-45\/france\/78-yvelines\/78-mantes-la-jolie\/\">78 \u2013 Mantes-la-Jolie Cimeti\u00e8re de Gassicourt<\/a><\/li>\n<li id=\"menu-item-60586\" class=\"menu-item menu-item-type-post_type menu-item-object-page menu-item-60586\"><a href=\"https:\/\/www.auzeau.fr\/39-45\/france\/78-yvelines\/78-mantes-la-ville\/\">78 \u2013 Mantes-la-Ville<\/a><\/li>\n<li id=\"menu-item-71014\" class=\"menu-item menu-item-type-post_type menu-item-object-page menu-item-71014\"><a href=\"https:\/\/www.auzeau.fr\/39-45\/france\/78-yvelines\/78-marly-le-roi\/\">78 \u2013 Marly-le-Roi<\/a><\/li>\n<li id=\"menu-item-60587\" class=\"menu-item menu-item-type-post_type menu-item-object-page menu-item-60587\"><a href=\"https:\/\/www.auzeau.fr\/39-45\/france\/78-yvelines\/78-montchauvet\/\">78 \u2013 Montchauvet<\/a><\/li>\n<li id=\"menu-item-71061\" class=\"menu-item menu-item-type-post_type menu-item-object-page menu-item-71061\"><a href=\"https:\/\/www.auzeau.fr\/39-45\/france\/78-yvelines\/78-perdreauville\/\">78 \u2013 Perdreauville<\/a><\/li>\n<li id=\"menu-item-71013\" class=\"menu-item menu-item-type-post_type menu-item-object-page menu-item-71013\"><a href=\"https:\/\/www.auzeau.fr\/39-45\/france\/78-yvelines\/78-plaisir\/\">78 \u2013 Plaisir<\/a><\/li>\n<li id=\"menu-item-60588\" class=\"menu-item menu-item-type-post_type menu-item-object-page menu-item-60588\"><a href=\"https:\/\/www.auzeau.fr\/39-45\/france\/78-yvelines\/78-poigny-la-foret\/\">78 \u2013 Poigny-la-For\u00eat<\/a><\/li>\n<li id=\"menu-item-71012\" class=\"menu-item menu-item-type-post_type menu-item-object-page menu-item-71012\"><a href=\"https:\/\/www.auzeau.fr\/39-45\/france\/78-yvelines\/78-saint-germain-en-laye\/\">78 \u2013 Saint-Germain-en-Laye<\/a><\/li>\n<li id=\"menu-item-60589\" class=\"menu-item menu-item-type-post_type menu-item-object-page menu-item-60589\"><a href=\"https:\/\/www.auzeau.fr\/39-45\/france\/78-yvelines\/78-saint-hilarion\/\">78 \u2013 Saint-Hilarion<\/a><\/li>\n<li id=\"menu-item-68167\" class=\"menu-item menu-item-type-post_type menu-item-object-page menu-item-68167\"><a href=\"https:\/\/www.auzeau.fr\/39-45\/france\/78-yvelines\/78-rambouillet\/\">78 \u2013 Rambouillet<\/a><\/li>\n<li id=\"menu-item-60590\" class=\"menu-item menu-item-type-post_type menu-item-object-page menu-item-60590\"><a href=\"https:\/\/www.auzeau.fr\/39-45\/france\/78-yvelines\/78-tacoignieres\/\">78 \u2013 Tacoigni\u00e8res<\/a><\/li>\n<li id=\"menu-item-60591\" class=\"menu-item menu-item-type-post_type menu-item-object-page menu-item-60591\"><a href=\"https:\/\/www.auzeau.fr\/39-45\/france\/78-yvelines\/78-thoiry\/\">78 \u2013 Thoiry<\/a><\/li>\n<li id=\"menu-item-71011\" class=\"menu-item menu-item-type-post_type menu-item-object-page menu-item-71011\"><a href=\"https:\/\/www.auzeau.fr\/39-45\/france\/78-yvelines\/78-versailles\/\">78 \u2013 Versailles<\/a><\/li>\n<li id=\"menu-item-71035\" class=\"menu-item menu-item-type-post_type menu-item-object-page menu-item-71035\"><a href=\"https:\/\/www.auzeau.fr\/39-45\/france\/78-yvelines\/78-viroflay\/\">78 \u2013 Viroflay<\/a><\/li>\n<\/ul>\n<script type=\"text\/javascript\"> toolTips('.classtoolTips28','Raids a\u00e9riens, dans lesquels l\u2019armement offensif \u00e9tait remplac\u00e9 par une multitude de tracts.<br\/><br\/>Air raids, in which offensive armament was replaced by loads of leaflets.'); <\/script><script type=\"text\/javascript\"> toolTips('.classtoolTips45','Royal Air Force Volunteer Reserve'); <\/script><script type=\"text\/javascript\"> toolTips('.classtoolTips57','Centre de r\u00e9ception\u00a0des avions de\u00a0s\u00e9rie'); <\/script><script type=\"text\/javascript\"> toolTips('.classtoolTips77','Royal Australian Air Force'); <\/script><script type=\"text\/javascript\"> toolTips('.classtoolTips78','Aviation Royale Canadienne<br\/><br\/>Royal Canadian Air Force'); <\/script><script type=\"text\/javascript\"> toolTips('.classtoolTips96','Sergent<br\/><br\/>Sergeant'); <\/script><script type=\"text\/javascript\"> toolTips('.classtoolTips98','Colonel'); <\/script><script type=\"text\/javascript\"> toolTips('.classtoolTips104','Operational Training Unit<br\/><br\/>Unit\u00e9 de Formation Op\u00e9rationnelle'); <\/script><script type=\"text\/javascript\"> toolTips('.classtoolTips110','Tu\u00e9 au combat<br\/><br\/>Killed In Action'); <\/script><script type=\"text\/javascript\"> toolTips('.classtoolTips113','Prisonnier de Guerre<br\/><br\/>Prisoner Of War'); <\/script><script type=\"text\/javascript\"> toolTips('.classtoolTips115','Op\u00e9rateur Radio<br\/><br\/>Wireless Op\u00e9rator'); <\/script><script type=\"text\/javascript\"> toolTips('.classtoolTips116','Navigateur<br\/><br\/>Navigator'); <\/script><script type=\"text\/javascript\"> toolTips('.classtoolTips118','Canonnier'); <\/script><script type=\"text\/javascript\"> toolTips('.classtoolTips125','Perte hors combat<br\/><br\/>No Battle Casualty'); <\/script><script type=\"text\/javascript\"> toolTips('.classtoolTips134','\u00c9vad\u00e9<br\/><br\/>Evaded'); <\/script><script type=\"text\/javascript\"> toolTips('.classtoolTips136','Arm\u00e9e de l\u2019Air Fran\u00e7aise'); <\/script><script type=\"text\/javascript\"> toolTips('.classtoolTips144','Royal Corps of Signals'); <\/script><script type=\"text\/javascript\"> toolTips('.classtoolTips146','Royal Air Force'); <\/script><script type=\"text\/javascript\"> toolTips('.classtoolTips150','Indemne<br\/><br\/>Unhurt'); <\/script><script type=\"text\/javascript\"> toolTips('.classtoolTips151','Pilote<br\/><br\/>Pilot'); <\/script><script type=\"text\/javascript\"> toolTips('.classtoolTips153','Porucznik'); <\/script><script type=\"text\/javascript\"> toolTips('.classtoolTips182','Warrant Officer'); <\/script><script type=\"text\/javascript\"> toolTips('.classtoolTips183','Flight Sergeant'); <\/script><script type=\"text\/javascript\"> toolTips('.classtoolTips185','Mitrailleur<br\/><br\/>Air Gunner'); <\/script><script type=\"text\/javascript\"> toolTips('.classtoolTips188','Bombardier<br\/><br\/>Air bomber'); <\/script><script type=\"text\/javascript\"> toolTips('.classtoolTips189','M\u00e9canicien volant<br\/><br\/>Flying Enginer'); <\/script><script type=\"text\/javascript\"> toolTips('.classtoolTips193','Royal Navy'); <\/script><script type=\"text\/javascript\"> toolTips('.classtoolTips195','Enseigne de Vaisseau'); <\/script><script type=\"text\/javascript\"> toolTips('.classtoolTips197','Aircraftman'); <\/script><script type=\"text\/javascript\"> toolTips('.classtoolTips199','Radio Officer'); <\/script><script type=\"text\/javascript\"> toolTips('.classtoolTips201','Lieutenant'); <\/script>","protected":false},"excerpt":{"rendered":"<p>Wellington BK559 30 OTU Date : 12 juin 1943 Mission : Nickel largage de tracts sur Nantes (44) D\u00e9collage : Hixon \u00e0 23:00 Causes de la perte : L&#8217;appareil \u00e9gar\u00e9 s&#8217;\u00e9crase \u00e0 court de carburant. partiellement \u00e9vacu\u00e9 Lieu de la perte : Ch\u00e2teau de M\u00e9ridon \u00e0 Chevreuse (78) FS Horace John David ADAMS AG RAFVR [&hellip;]<\/p>\n","protected":false},"author":1,"featured_media":0,"parent":107,"menu_order":0,"comment_status":"closed","ping_status":"closed","template":"template-full-width Wellington.php","meta":{"_lmt_disableupdate":"yes","_lmt_disable":"","footnotes":""},"categories":[364],"tags":[3284],"wf_page_folders":[3116],"class_list":["post-69976","page","type-page","status-publish","hentry","category-wellington","tag-30-otu"],"_links":{"self":[{"href":"https:\/\/www.auzeau.fr\/39-45\/wp-json\/wp\/v2\/pages\/69976","targetHints":{"allow":["GET"]}}],"collection":[{"href":"https:\/\/www.auzeau.fr\/39-45\/wp-json\/wp\/v2\/pages"}],"about":[{"href":"https:\/\/www.auzeau.fr\/39-45\/wp-json\/wp\/v2\/types\/page"}],"author":[{"embeddable":true,"href":"https:\/\/www.auzeau.fr\/39-45\/wp-json\/wp\/v2\/users\/1"}],"replies":[{"embeddable":true,"href":"https:\/\/www.auzeau.fr\/39-45\/wp-json\/wp\/v2\/comments?post=69976"}],"version-history":[{"count":0,"href":"https:\/\/www.auzeau.fr\/39-45\/wp-json\/wp\/v2\/pages\/69976\/revisions"}],"up":[{"embeddable":true,"href":"https:\/\/www.auzeau.fr\/39-45\/wp-json\/wp\/v2\/pages\/107"}],"wp:attachment":[{"href":"https:\/\/www.auzeau.fr\/39-45\/wp-json\/wp\/v2\/media?parent=69976"}],"wp:term":[{"taxonomy":"category","embeddable":true,"href":"https:\/\/www.auzeau.fr\/39-45\/wp-json\/wp\/v2\/categories?post=69976"},{"taxonomy":"post_tag","embeddable":true,"href":"https:\/\/www.auzeau.fr\/39-45\/wp-json\/wp\/v2\/tags?post=69976"},{"taxonomy":"wf_page_folders","embeddable":true,"href":"https:\/\/www.auzeau.fr\/39-45\/wp-json\/wp\/v2\/wf_page_folders?post=69976"}],"curies":[{"name":"wp","href":"https:\/\/api.w.org\/{rel}","templated":true}]}}