{"id":69628,"date":"2019-08-01T08:02:03","date_gmt":"2019-08-01T06:02:03","guid":{"rendered":"http:\/\/39-45.auzeau.fr\/?page_id=69628"},"modified":"2019-08-01T08:02:03","modified_gmt":"2019-08-01T08:02:03","slug":"36-indre","status":"publish","type":"page","link":"https:\/\/www.auzeau.fr\/39-45\/france\/36-indre\/","title":{"rendered":"36 &#8211; Indre"},"content":{"rendered":"<p><img decoding=\"async\" class=\"aligncenter size-full wp-image-69597\" title=\"36 Pt\" src=\"https:\/\/www.auzeau.fr\/39-45\/wp-content\/uploads\/images\/Departement\/36-Pt.png\" alt=\"\" width=\"110\" height=\"112\" srcset=\"https:\/\/www.auzeau.fr\/39-45\/wp-content\/uploads\/images\/Departement\/36-Pt.png 110w, https:\/\/www.auzeau.fr\/39-45\/wp-content\/uploads\/images\/Departement\/36-Pt-50x50.png 50w\" sizes=\"(max-width: 110px) 100vw, 110px\" \/><div class=\"leaflet-map WPLeafletMap\" style=\"height:1000px; width:100%;\"><\/div><script>\nwindow.WPLeafletMapPlugin = window.WPLeafletMapPlugin || [];\nwindow.WPLeafletMapPlugin.push(function WPLeafletMapShortcode() {\/*<script>*\/\nvar baseUrl = atob('aHR0cHM6Ly97c30udGlsZS5vcGVuc3RyZWV0bWFwLm9yZy97en0ve3h9L3t5fS5wbmc=');\nvar base = (!baseUrl && window.MQ) ?\n    window.MQ.mapLayer() : L.tileLayer(baseUrl,\n        L.Util.extend({}, {\n            detectRetina: 0,\n        },\n        {\"subdomains\":\"abc\",\"noWrap\":false,\"maxZoom\":20}        )\n    );\n    var options = L.Util.extend({}, {\n        layers: [base],\n        attributionControl: false\n    },\n    {\"zoomControl\":true,\"scrollWheelZoom\":true,\"doubleClickZoom\":false,\"fitBounds\":true,\"minZoom\":0,\"maxZoom\":20,\"maxBounds\":null,\"attribution\":\"<a href=\\\"http:\\\/\\\/leafletjs.com\\\" title=\\\"Une biblioth\\u00e8que JS pour des cartes interactives\\\">Leaflet<\\\/a>; \\u00a9 <a href=\\\"http:\\\/\\\/www.openstreetmap.org\\\/copyright\\\">OpenStreetMap<\\\/a> contributeurs\"},\n    {});\nwindow.WPLeafletMapPlugin.createMap(options).setView([46.761482007599,3.93310546875],6);window.WPLeafletMapPlugin.createScale({});});<\/script>\n<script>\nwindow.WPLeafletMapPlugin = window.WPLeafletMapPlugin || [];\nwindow.WPLeafletMapPlugin.push(function WPLeafletMarkerShortcode() {\/*<script>*\/\nvar map = window.WPLeafletMapPlugin.getCurrentMap();\nvar group = window.WPLeafletMapPlugin.getCurrentGroup();\nvar marker_options = window.WPLeafletMapPlugin.getIconOptions({\"iconUrl\":\"https:\\\/\\\/www.auzeau.fr\\\/39-45\\\/wp-content\\\/uploads\\\/images\\\/Punaises\\\/ROYAL.png\",\"iconSize\":\"40,40\",\"iconAnchor\":\"0,40\"});\nvar marker = L.marker(\n    [47.099902,1.965577],\n    marker_options\n);\nvar is_image = map.is_image_map;\nif (marker_options.draggable) {\n    marker.on('dragend', function () {\n        var latlng = this.getLatLng();\n        var lat = latlng.lat;\n        var lng = latlng.lng;\n        if (is_image) {\n            console.log('leaflet-marker y=' + lat + ' x=' + lng);\n        } else {\n            console.log('leaflet-marker lat=' + lat + ' lng=' + lng);\n        }\n    });\n}\nmarker.addTo( group );\nmarker.bindPopup(window.WPLeafletMapPlugin.unescape(' Saint-Pierre-de-Jards ')).openPopup();window.WPLeafletMapPlugin.markers.push( marker );\n        });<\/script>\n<script>\nwindow.WPLeafletMapPlugin = window.WPLeafletMapPlugin || [];\nwindow.WPLeafletMapPlugin.push(function WPLeafletMarkerShortcode() {\/*<script>*\/\nvar map = window.WPLeafletMapPlugin.getCurrentMap();\nvar group = window.WPLeafletMapPlugin.getCurrentGroup();\nvar marker_options = window.WPLeafletMapPlugin.getIconOptions({\"iconUrl\":\"https:\\\/\\\/www.auzeau.fr\\\/39-45\\\/wp-content\\\/uploads\\\/images\\\/Punaises\\\/FRANCE.png\",\"iconSize\":\"40,40\",\"iconAnchor\":\"0,40\"});\nvar marker = L.marker(\n    [46.817749,1.70393],\n    marker_options\n);\nvar is_image = map.is_image_map;\nif (marker_options.draggable) {\n    marker.on('dragend', function () {\n        var latlng = this.getLatLng();\n        var lat = latlng.lat;\n        var lng = latlng.lng;\n        if (is_image) {\n            console.log('leaflet-marker y=' + lat + ' x=' + lng);\n        } else {\n            console.log('leaflet-marker lat=' + lat + ' lng=' + lng);\n        }\n    });\n}\nmarker.addTo( group );\nmarker.bindPopup(window.WPLeafletMapPlugin.unescape(' Ch\u00e2teauroux ')).openPopup();window.WPLeafletMapPlugin.markers.push( marker );\n        });<\/script>\n<script>\nwindow.WPLeafletMapPlugin = window.WPLeafletMapPlugin || [];\nwindow.WPLeafletMapPlugin.push(function WPLeafletMarkerShortcode() {\/*<script>*\/\nvar map = window.WPLeafletMapPlugin.getCurrentMap();\nvar group = window.WPLeafletMapPlugin.getCurrentGroup();\nvar marker_options = window.WPLeafletMapPlugin.getIconOptions({\"iconUrl\":\"https:\\\/\\\/www.auzeau.fr\\\/39-45\\\/wp-content\\\/uploads\\\/images\\\/Punaises\\\/FRANCE.png\",\"iconSize\":\"40,40\",\"iconAnchor\":\"0,40\"});\nvar marker = L.marker(\n    [46.51433,1.312624],\n    marker_options\n);\nvar is_image = map.is_image_map;\nif (marker_options.draggable) {\n    marker.on('dragend', function () {\n        var latlng = this.getLatLng();\n        var lat = latlng.lat;\n        var lng = latlng.lng;\n        if (is_image) {\n            console.log('leaflet-marker y=' + lat + ' x=' + lng);\n        } else {\n            console.log('leaflet-marker lat=' + lat + ' lng=' + lng);\n        }\n    });\n}\nmarker.addTo( group );\nmarker.bindPopup(window.WPLeafletMapPlugin.unescape(' Prissac ')).openPopup();window.WPLeafletMapPlugin.markers.push( marker );\n        });<\/script>\n<script>\nwindow.WPLeafletMapPlugin = window.WPLeafletMapPlugin || [];\nwindow.WPLeafletMapPlugin.push(function WPLeafletMarkerShortcode() {\/*<script>*\/\nvar map = window.WPLeafletMapPlugin.getCurrentMap();\nvar group = window.WPLeafletMapPlugin.getCurrentGroup();\nvar marker_options = window.WPLeafletMapPlugin.getIconOptions({\"iconUrl\":\"https:\\\/\\\/www.auzeau.fr\\\/39-45\\\/wp-content\\\/uploads\\\/images\\\/Punaises\\\/FRANCE.png\",\"iconSize\":\"40,40\",\"iconAnchor\":\"0,40\"});\nvar marker = L.marker(\n    [46.600397,1.512997],\n    marker_options\n);\nvar is_image = map.is_image_map;\nif (marker_options.draggable) {\n    marker.on('dragend', function () {\n        var latlng = this.getLatLng();\n        var lat = latlng.lat;\n        var lng = latlng.lng;\n        if (is_image) {\n            console.log('leaflet-marker y=' + lat + ' x=' + lng);\n        } else {\n            console.log('leaflet-marker lat=' + lat + ' lng=' + lng);\n        }\n    });\n}\nmarker.addTo( group );\nmarker.bindPopup(window.WPLeafletMapPlugin.unescape(' Saint Marcel ')).openPopup();window.WPLeafletMapPlugin.markers.push( marker );\n        });<\/script>\n<script>\nwindow.WPLeafletMapPlugin = window.WPLeafletMapPlugin || [];\nwindow.WPLeafletMapPlugin.push(function WPLeafletMarkerShortcode() {\/*<script>*\/\nvar map = window.WPLeafletMapPlugin.getCurrentMap();\nvar group = window.WPLeafletMapPlugin.getCurrentGroup();\nvar marker_options = window.WPLeafletMapPlugin.getIconOptions({\"iconUrl\":\"https:\\\/\\\/www.auzeau.fr\\\/39-45\\\/wp-content\\\/uploads\\\/images\\\/Punaises\\\/FRANCE.png\",\"iconSize\":\"40,40\",\"iconAnchor\":\"0,40\"});\nvar marker = L.marker(\n    [47.076864,1.810383],\n    marker_options\n);\nvar is_image = map.is_image_map;\nif (marker_options.draggable) {\n    marker.on('dragend', function () {\n        var latlng = this.getLatLng();\n        var lat = latlng.lat;\n        var lng = latlng.lng;\n        if (is_image) {\n            console.log('leaflet-marker y=' + lat + ' x=' + lng);\n        } else {\n            console.log('leaflet-marker lat=' + lat + ' lng=' + lng);\n        }\n    });\n}\nmarker.addTo( group );\nmarker.bindPopup(window.WPLeafletMapPlugin.unescape(' Vatan ')).openPopup();window.WPLeafletMapPlugin.markers.push( marker );\n        });<\/script>\n<script>\nwindow.WPLeafletMapPlugin = window.WPLeafletMapPlugin || [];\nwindow.WPLeafletMapPlugin.push(function WPLeafletMarkerShortcode() {\/*<script>*\/\nvar map = window.WPLeafletMapPlugin.getCurrentMap();\nvar group = window.WPLeafletMapPlugin.getCurrentGroup();\nvar marker_options = window.WPLeafletMapPlugin.getIconOptions({\"iconUrl\":\"https:\\\/\\\/www.auzeau.fr\\\/39-45\\\/wp-content\\\/uploads\\\/images\\\/Punaises\\\/FRANCE.png\",\"iconSize\":\"40,40\",\"iconAnchor\":\"0,40\"});\nvar marker = L.marker(\n    [46.8915,1.428915],\n    marker_options\n);\nvar is_image = map.is_image_map;\nif (marker_options.draggable) {\n    marker.on('dragend', function () {\n        var latlng = this.getLatLng();\n        var lat = latlng.lat;\n        var lng = latlng.lng;\n        if (is_image) {\n            console.log('leaflet-marker y=' + lat + ' x=' + lng);\n        } else {\n            console.log('leaflet-marker lat=' + lat + ' lng=' + lng);\n        }\n    });\n}\nmarker.addTo( group );\nmarker.bindPopup(window.WPLeafletMapPlugin.unescape(' Buzan\u00e7ais ')).openPopup();window.WPLeafletMapPlugin.markers.push( marker );\n        });<\/script>\n<hr \/>\n<p style=\"text-align: center;\"><ul id=\"menu-36-indre\" class=\"menu\"><li id=\"menu-item-113588\" class=\"menu-item menu-item-type-post_type menu-item-object-page menu-item-113588\"><a href=\"https:\/\/www.auzeau.fr\/39-45\/france\/36-indre\/36-buzancais\/\">36 \u2013 Buzan\u00e7ais<\/a><\/li>\n<li id=\"menu-item-104554\" class=\"menu-item menu-item-type-post_type menu-item-object-page menu-item-104554\"><a href=\"https:\/\/www.auzeau.fr\/39-45\/france\/36-indre\/36-chateauroux\/\">36 \u2013 Ch\u00e2teauroux<\/a><\/li>\n<li id=\"menu-item-104555\" class=\"menu-item menu-item-type-post_type menu-item-object-page menu-item-104555\"><a href=\"https:\/\/www.auzeau.fr\/39-45\/france\/36-indre\/36-prissac\/\">36 \u2013 Prissac<\/a><\/li>\n<li id=\"menu-item-104553\" class=\"menu-item menu-item-type-post_type menu-item-object-page menu-item-104553\"><a href=\"https:\/\/www.auzeau.fr\/39-45\/france\/36-indre\/36-saint-marcel\/\">36 \u2013 Saint-Marcel<\/a><\/li>\n<li id=\"menu-item-70204\" class=\"menu-item menu-item-type-post_type menu-item-object-page menu-item-70204\"><a href=\"https:\/\/www.auzeau.fr\/39-45\/france\/36-indre\/36-saint-pierre-de-jards\/\">36 \u2013 Saint-Pierre-de-Jards<\/a><\/li>\n<li id=\"menu-item-104552\" class=\"menu-item menu-item-type-post_type menu-item-object-page menu-item-104552\"><a href=\"https:\/\/www.auzeau.fr\/39-45\/france\/36-indre\/36-vatan\/\">36 \u2013 Vatan<\/a><\/li>\n<\/ul>\n<script type=\"text\/javascript\"> toolTips('.classtoolTips82','Chorazy'); <\/script><script type=\"text\/javascript\"> toolTips('.classtoolTips127','D\u00e9c\u00e9d\u00e9 en Service A\u00e9rien Command\u00e9'); <\/script><script type=\"text\/javascript\"> toolTips('.classtoolTips144','Royal Corps of Signals'); <\/script><script type=\"text\/javascript\"> toolTips('.classtoolTips148','<strong>D\u00e9c\u00e9d\u00e9 de ses blessures<\/strong><br\/><br\/>concerne une personne qui a surv\u00e9cu pour atteindre un centre de traitement m\u00e9dical.<br\/><br\/><strong>Died of wounds<\/strong><br\/><br\/>concerns a person who survived to reach a medical treatment center.'); <\/script><script type=\"text\/javascript\"> toolTips('.classtoolTips150','Indemne<br\/><br\/>Unhurt'); <\/script><script type=\"text\/javascript\"> toolTips('.classtoolTips183','Flight Sergeant'); <\/script><script type=\"text\/javascript\"> toolTips('.classtoolTips185','Mitrailleur<br\/><br\/>Air Gunner'); <\/script><script type=\"text\/javascript\"> toolTips('.classtoolTips186','Zone d\u2019Atterrissage<br\/><br\/>Landing Zone'); <\/script><script type=\"text\/javascript\"> toolTips('.classtoolTips188','Bombardier<br\/><br\/>Air bomber'); <\/script><script type=\"text\/javascript\"> toolTips('.classtoolTips197','Aircraftman'); <\/script><script type=\"text\/javascript\"> toolTips('.classtoolTips199','Radio Officer'); <\/script><script type=\"text\/javascript\"> toolTips('.classtoolTips201','Lieutenant'); <\/script>","protected":false},"excerpt":{"rendered":"","protected":false},"author":1,"featured_media":0,"parent":32,"menu_order":0,"comment_status":"closed","ping_status":"closed","template":"","meta":{"_lmt_disableupdate":"yes","_lmt_disable":"","footnotes":""},"categories":[3447],"tags":[],"wf_page_folders":[3255,3106],"class_list":["post-69628","page","type-page","status-publish","hentry","category-departement"],"_links":{"self":[{"href":"https:\/\/www.auzeau.fr\/39-45\/wp-json\/wp\/v2\/pages\/69628","targetHints":{"allow":["GET"]}}],"collection":[{"href":"https:\/\/www.auzeau.fr\/39-45\/wp-json\/wp\/v2\/pages"}],"about":[{"href":"https:\/\/www.auzeau.fr\/39-45\/wp-json\/wp\/v2\/types\/page"}],"author":[{"embeddable":true,"href":"https:\/\/www.auzeau.fr\/39-45\/wp-json\/wp\/v2\/users\/1"}],"replies":[{"embeddable":true,"href":"https:\/\/www.auzeau.fr\/39-45\/wp-json\/wp\/v2\/comments?post=69628"}],"version-history":[{"count":0,"href":"https:\/\/www.auzeau.fr\/39-45\/wp-json\/wp\/v2\/pages\/69628\/revisions"}],"up":[{"embeddable":true,"href":"https:\/\/www.auzeau.fr\/39-45\/wp-json\/wp\/v2\/pages\/32"}],"wp:attachment":[{"href":"https:\/\/www.auzeau.fr\/39-45\/wp-json\/wp\/v2\/media?parent=69628"}],"wp:term":[{"taxonomy":"category","embeddable":true,"href":"https:\/\/www.auzeau.fr\/39-45\/wp-json\/wp\/v2\/categories?post=69628"},{"taxonomy":"post_tag","embeddable":true,"href":"https:\/\/www.auzeau.fr\/39-45\/wp-json\/wp\/v2\/tags?post=69628"},{"taxonomy":"wf_page_folders","embeddable":true,"href":"https:\/\/www.auzeau.fr\/39-45\/wp-json\/wp\/v2\/wf_page_folders?post=69628"}],"curies":[{"name":"wp","href":"https:\/\/api.w.org\/{rel}","templated":true}]}}