{"id":69568,"date":"2019-07-14T14:53:53","date_gmt":"2019-07-14T12:53:53","guid":{"rendered":"http:\/\/39-45.auzeau.fr\/?page_id=69568"},"modified":"2021-06-23T15:22:25","modified_gmt":"2021-06-23T13:22:25","slug":"41-theillay","status":"publish","type":"page","link":"https:\/\/www.auzeau.fr\/39-45\/france\/41-loir-et-cher\/41-theillay\/","title":{"rendered":"41 &#8211; Theillay"},"content":{"rendered":"<p><img fetchpriority=\"high\" decoding=\"async\" class=\"aligncenter\" src=\"https:\/\/www.auzeau.fr\/39-45\/wp-content\/uploads\/Cimetieres\/31 -- 60\/41-Loir-et-Cher\/Theillay\/Theillay.jpg\" sizes=\"(max-width: 900px) 100vw, 900px\" srcset=\"https:\/\/www.auzeau.fr\/39-45\/wp-content\/uploads\/Cimetieres\/31%20--%2060\/41-Loir-et-Cher\/Theillay\/Theillay.jpg 900w, https:\/\/www.auzeau.fr\/39-45\/wp-content\/uploads\/Cimetieres\/31%20--%2060\/41-Loir-et-Cher\/Theillay\/Theillay-300x142.jpg 300w, https:\/\/www.auzeau.fr\/39-45\/wp-content\/uploads\/Cimetieres\/31%20--%2060\/41-Loir-et-Cher\/Theillay\/Theillay-768x364.jpg 768w\" alt=\"\" width=\"900\" height=\"427\" \/><\/p>\n<table style=\"width: 100%;\" border=\"0\">\n<tbody>\n<tr>\n<td style=\"width: 5%;\"><\/td>\n<td style=\"width: 5%;\"><\/td>\n<td style=\"width: 2%;\"><\/td>\n<td style=\"width: 8%;\"><\/td>\n<td style=\"width: 5%;\"><\/td>\n<td style=\"width: 5%;\"><\/td>\n<td style=\"width: 5%;\"><\/td>\n<td style=\"width: 2%;\"><\/td>\n<td style=\"width: 8%;\"><\/td>\n<td style=\"width: 2%;\"><\/td>\n<td style=\"width: 5%;\"><\/td>\n<td style=\"width: 3%;\"><\/td>\n<td style=\"width: 5%;\"><\/td>\n<td style=\"width: 5%;\"><\/td>\n<td style=\"width: 5%;\"><\/td>\n<td style=\"width: 5%;\"><\/td>\n<td style=\"width: 5%;\"><\/td>\n<td style=\"width: 5%;\"><\/td>\n<td style=\"width: 5%;\"><\/td>\n<td style=\"width: 10%;\"><\/td>\n<\/tr>\n<tr>\n<td style=\"width: 75%;\" colspan=\"16\"><span style=\"font-size: xx-large;\"><strong><span style=\"color: #000000;\">Lancaster ND952 UM-E2<br \/>\n<\/span><\/strong><\/span><\/td>\n<td style=\"width: 25%; text-align: center;\" colspan=\"4\"><span style=\"font-size: xx-large;\"><strong>626 Sqn<\/strong><\/span><\/td>\n<\/tr>\n<tr>\n<td style=\"width: 75%;\" colspan=\"16\"><\/td>\n<td style=\"width: 25%; text-align: center;\" colspan=\"4\"><\/td>\n<\/tr>\n<tr style=\"height: 40px;\">\n<td style=\"text-align: right; width: 5%;\"><\/td>\n<td style=\"text-align: right; width: 5%;\"><\/td>\n<td style=\"text-align: right; width: 2%;\"><\/td>\n<td style=\"text-align: right; width: 8%;\"><\/td>\n<td style=\"text-align: right; width: 5%;\"><\/td>\n<td style=\"text-align: right; width: 5%;\"><\/td>\n<td style=\"text-align: right; width: 5%;\"><\/td>\n<td style=\"text-align: right; width: 2%;\"><\/td>\n<td style=\"text-align: right; width: 8%;\"><\/td>\n<td style=\"text-align: right; width: 2%;\"><\/td>\n<td style=\"text-align: right; width: 5%;\"><\/td>\n<td style=\"text-align: right; width: 3%;\"><\/td>\n<td style=\"text-align: right; width: 5%;\"><\/td>\n<td style=\"text-align: right; width: 5%;\"><\/td>\n<td style=\"text-align: right; width: 5%;\"><\/td>\n<td style=\"text-align: right; width: 5%;\"><\/td>\n<td style=\"text-align: right; width: 5%;\"><\/td>\n<td style=\"text-align: right; width: 5%;\"><\/td>\n<td style=\"text-align: right; width: 5%;\"><\/td>\n<td style=\"text-align: right; width: 10%;\"><\/td>\n<\/tr>\n<tr>\n<td style=\"text-align: right; width: 5%;\"><\/td>\n<td style=\"text-align: right; width: 5%;\"><span style=\"font-size: 14px;\"><strong>Date<\/strong><\/span><\/td>\n<td style=\"width: 2%; text-align: center;\"><strong>:<\/strong><\/td>\n<td style=\"width: 13%; text-align: left;\" colspan=\"2\"><span style=\"font-size: 14px;\"><em>01 juillet 1944<br \/>\n<\/em><\/span><\/td>\n<td style=\"text-align: right; width: 5%;\"><\/td>\n<td style=\"text-align: right; width: 5%;\"><\/td>\n<td style=\"text-align: right; width: 2%;\"><\/td>\n<td style=\"text-align: right; width: 8%;\"><span style=\"font-size: 14px;\"><strong>Mission<\/strong><\/span><\/td>\n<td style=\"width: 2%; text-align: center;\"><strong><span style=\"font-size: 14px;\">:<\/span><\/strong><\/td>\n<td style=\"text-align: left; width: 53%;\" colspan=\"10\"><span style=\"font-size: 14px;\"><em>Bombardement d&#8217;installations ferroviaires \u00e0 Vierzon (18)<\/em><\/span><\/td>\n<\/tr>\n<tr style=\"height: 40px;\">\n<td style=\"text-align: right; width: 5%;\"><\/td>\n<td style=\"text-align: right; width: 5%;\"><\/td>\n<td style=\"width: 2%; text-align: center;\"><\/td>\n<td style=\"width: 8%; text-align: left;\"><\/td>\n<td style=\"text-align: right; width: 5%;\"><\/td>\n<td style=\"text-align: right; width: 5%;\"><\/td>\n<td style=\"text-align: right; width: 5%;\"><\/td>\n<td style=\"text-align: right; width: 2%;\"><\/td>\n<td style=\"text-align: right; width: 8%;\"><\/td>\n<td style=\"width: 2%; text-align: center;\"><\/td>\n<td style=\"text-align: left; width: 5%;\"><\/td>\n<td style=\"text-align: left; width: 3%;\"><\/td>\n<td style=\"text-align: left; width: 5%;\"><\/td>\n<td style=\"text-align: left; width: 5%;\"><\/td>\n<td style=\"text-align: left; width: 5%;\"><\/td>\n<td style=\"text-align: left; width: 5%;\"><\/td>\n<td style=\"text-align: left; width: 5%;\"><\/td>\n<td style=\"text-align: left; width: 5%;\"><\/td>\n<td style=\"text-align: left; width: 5%;\"><\/td>\n<td style=\"text-align: left; width: 10%;\"><\/td>\n<\/tr>\n<tr style=\"height: 40px;\">\n<td style=\"text-align: right; width: 10%;\" colspan=\"2\"><\/td>\n<td style=\"width: 2%; text-align: center;\"><\/td>\n<td style=\"text-align: right; width: 23%;\" colspan=\"4\"><span style=\"font-size: 14px;\"><strong>D\u00e9collage<\/strong><\/span><\/td>\n<td style=\"width: 2%; text-align: center;\"><strong>:<\/strong><\/td>\n<td style=\"text-align: left; width: 63%;\" colspan=\"12\"><span style=\"font-size: 14px;\"><em>Wickenby \u00e0 22:10<\/em><\/span><\/td>\n<\/tr>\n<tr style=\"height: 40px;\">\n<td style=\"text-align: right; width: 10%;\" colspan=\"2\"><\/td>\n<td style=\"width: 2%; text-align: center;\"><\/td>\n<td style=\"text-align: right; width: 23%;\" colspan=\"4\"><span style=\"font-size: 14px;\"><strong>Causes de la perte<br \/>\n<\/strong><\/span><\/td>\n<td style=\"width: 2%; text-align: center;\"><strong>:<br \/>\n<\/strong><\/td>\n<td style=\"text-align: left; width: 63%;\" colspan=\"12\"><span style=\"font-size: 14px;\"><em> Abattu par la <span class='tooltipsall tooltipsincontent classtoolTips70'>Flak<\/span><br \/>\n<\/em><\/span><\/td>\n<\/tr>\n<tr style=\"height: 40px;\">\n<td style=\"text-align: right; width: 10%;\" colspan=\"2\"><\/td>\n<td style=\"width: 2%; text-align: center;\"><\/td>\n<td style=\"text-align: right; width: 23%;\" colspan=\"4\"><span style=\"font-size: 14px;\"><strong>Lieu de la perte<br \/>\n<\/strong><\/span><\/td>\n<td style=\"width: 2%; text-align: center;\"><strong>:<br \/>\n<\/strong><\/td>\n<td style=\"text-align: left; width: 63%;\" colspan=\"12\"><span style=\"font-size: 14px;\"><em>Theillay (41)<\/em><\/span><\/td>\n<\/tr>\n<tr style=\"height: 40px;\">\n<td style=\"width: 5%;\"><\/td>\n<td style=\"width: 5%;\"><\/td>\n<td style=\"width: 2%; text-align: center;\"><\/td>\n<td style=\"text-align: right; width: 8%;\"><\/td>\n<td style=\"text-align: right; width: 5%;\"><\/td>\n<td style=\"text-align: right; width: 5%;\"><\/td>\n<td style=\"text-align: right; width: 5%;\"><\/td>\n<td style=\"width: 2%; text-align: center;\"><\/td>\n<td style=\"text-align: left; width: 8%;\"><\/td>\n<td style=\"text-align: left; width: 2%;\"><\/td>\n<td style=\"text-align: left; width: 5%;\"><\/td>\n<td style=\"text-align: left; width: 3%;\"><\/td>\n<td style=\"text-align: left; width: 5%;\"><\/td>\n<td style=\"text-align: left; width: 5%;\"><\/td>\n<td style=\"text-align: left; width: 5%;\"><\/td>\n<td style=\"text-align: left; width: 5%;\"><\/td>\n<td style=\"text-align: left; width: 5%;\"><\/td>\n<td style=\"text-align: left; width: 5%;\"><\/td>\n<td style=\"text-align: left; width: 5%;\"><\/td>\n<td style=\"text-align: left; width: 10%;\"><\/td>\n<\/tr>\n<tr style=\"height: 60px;\">\n<td style=\"width: 5%;\"><img decoding=\"async\" class=\"alignleft\" src=\"https:\/\/www.auzeau.fr\/39-45\/wp-content\/uploads\/images\/Drapeaux\/Canada.png\" alt=\"Canada\" width=\"40\" height=\"20\" \/><\/td>\n<td style=\"width: 5%;\"><span class='tooltipsall tooltipsincontent classtoolTips12'>Plt Off<\/span><\/td>\n<td style=\"text-align: left;\" colspan=\"5\">David Cornfoot<\/td>\n<td style=\"text-align: left;\" colspan=\"3\"><strong><span style=\"color: #000000;\">BROWN<br \/>\n<\/span><\/strong><\/td>\n<td style=\"text-align: center;\" colspan=\"2\"><span class='tooltipsall tooltipsincontent classtoolTips185'>AG<\/span><\/td>\n<td style=\"width: 5%; text-align: center;\"><span class='tooltipsall tooltipsincontent classtoolTips78'>RCAF<\/span><\/td>\n<td style=\"text-align: center;\" colspan=\"2\">J\/89961<\/td>\n<td style=\"width: 5%; text-align: center;\"><span style=\"color: #000000;\"><strong><span class='tooltipsall tooltipsincontent classtoolTips110'>KIA<\/span><br \/>\n<\/strong><\/span><\/td>\n<td style=\"text-align: left;\" colspan=\"4\"><\/td>\n<\/tr>\n<tr style=\"height: 60px;\">\n<td style=\"width: 5%;\"><img decoding=\"async\" class=\"alignleft\" src=\"https:\/\/www.auzeau.fr\/39-45\/wp-content\/uploads\/images\/Drapeaux\/Angleterre.png\" alt=\"Royaume Uni\" width=\"40\" height=\"20\" \/><\/td>\n<td style=\"width: 5%;\"><span class='tooltipsall tooltipsincontent classtoolTips96'>Sgt<\/span><\/td>\n<td style=\"text-align: left;\" colspan=\"5\">Charles Edward Percy<\/td>\n<td style=\"text-align: left;\" colspan=\"3\"><span style=\"color: #000000;\"><strong>FISHER<\/strong><\/span><\/td>\n<td style=\"text-align: center;\" colspan=\"2\"><span class='tooltipsall tooltipsincontent classtoolTips188'>AB<\/span><\/td>\n<td style=\"width: 5%; text-align: center;\"><span class='tooltipsall tooltipsincontent classtoolTips45'>RAFVR<\/span><\/td>\n<td style=\"text-align: center;\" colspan=\"2\">1473246<\/td>\n<td style=\"width: 5%; text-align: center;\"><span class='tooltipsall tooltipsincontent classtoolTips113'>POW<\/span><\/td>\n<td style=\"text-align: left;\" colspan=\"4\"><\/td>\n<\/tr>\n<tr style=\"height: 60px;\">\n<td style=\"width: 5%;\"><img decoding=\"async\" class=\"alignleft\" src=\"https:\/\/www.auzeau.fr\/39-45\/wp-content\/uploads\/images\/Drapeaux\/Angleterre.png\" alt=\"Royaume Uni\" width=\"40\" height=\"20\" \/><\/td>\n<td style=\"width: 5%;\"><span class='tooltipsall tooltipsincontent classtoolTips182'>WO<\/span><\/td>\n<td style=\"text-align: left;\" colspan=\"5\">Walter George<\/td>\n<td style=\"text-align: left;\" colspan=\"3\"><span style=\"color: #000000;\"><strong>HAMMOND<br \/>\n<\/strong><\/span><\/td>\n<td style=\"text-align: center;\" colspan=\"2\"><span class='tooltipsall tooltipsincontent classtoolTips115'>WOP<\/span><\/td>\n<td style=\"width: 5%; text-align: center;\"><span class='tooltipsall tooltipsincontent classtoolTips45'>RAFVR<\/span><\/td>\n<td style=\"text-align: center;\" colspan=\"2\">1154252<\/td>\n<td style=\"width: 5%; text-align: center;\"><span class='tooltipsall tooltipsincontent classtoolTips134'>EVA<\/span><\/td>\n<td style=\"text-align: left;\" colspan=\"4\"><\/td>\n<\/tr>\n<tr style=\"height: 60px;\">\n<td style=\"width: 5%;\"><img decoding=\"async\" class=\"alignleft\" src=\"https:\/\/www.auzeau.fr\/39-45\/wp-content\/uploads\/images\/Drapeaux\/Angleterre.png\" alt=\"Royaume Uni\" width=\"40\" height=\"20\" \/><\/td>\n<td style=\"width: 5%;\"><span class='tooltipsall tooltipsincontent classtoolTips12'>Plt Off<\/span><\/td>\n<td style=\"text-align: left;\" colspan=\"5\">Archibald<\/td>\n<td style=\"text-align: left;\" colspan=\"3\"><span style=\"color: #000000;\"><strong>ORR<br \/>\n<\/strong><\/span><\/td>\n<td style=\"text-align: center;\" colspan=\"2\"><span class='tooltipsall tooltipsincontent classtoolTips151'>Pil<\/span><\/td>\n<td style=\"width: 5%; text-align: center;\"><span class='tooltipsall tooltipsincontent classtoolTips146'>RAF<\/span><\/td>\n<td style=\"text-align: center;\" colspan=\"2\">54772<\/td>\n<td style=\"width: 5%; text-align: center;\"><span style=\"color: #000000;\"><strong><span class='tooltipsall tooltipsincontent classtoolTips110'>KIA<\/span><\/strong><\/span><\/td>\n<td style=\"text-align: left;\" colspan=\"4\"><\/td>\n<\/tr>\n<tr style=\"height: 60px;\">\n<td style=\"width: 5%;\"><img decoding=\"async\" class=\"alignleft\" src=\"https:\/\/www.auzeau.fr\/39-45\/wp-content\/uploads\/images\/Drapeaux\/Canada.png\" alt=\"Canada\" width=\"40\" height=\"20\" \/><\/td>\n<td style=\"width: 5%;\"><span class='tooltipsall tooltipsincontent classtoolTips19'>Fg Off<\/span><\/td>\n<td style=\"text-align: left;\" colspan=\"5\">Benjamin A.J.<\/td>\n<td style=\"text-align: left;\" colspan=\"3\"><span style=\"color: #000000;\"><strong>SOLBERG<br \/>\n<\/strong><\/span><\/td>\n<td style=\"text-align: center;\" colspan=\"2\"><span class='tooltipsall tooltipsincontent classtoolTips116'>Nav<\/span><\/td>\n<td style=\"width: 5%; text-align: center;\"><span class='tooltipsall tooltipsincontent classtoolTips78'>RCAF<\/span><\/td>\n<td style=\"text-align: center;\" colspan=\"2\">J\/89289<\/td>\n<td style=\"width: 5%; text-align: center;\"><span style=\"color: #000000;\"><span class='tooltipsall tooltipsincontent classtoolTips113'>POW<\/span><strong><br \/>\n<\/strong><\/span><\/td>\n<td style=\"text-align: left;\" colspan=\"4\"><\/td>\n<\/tr>\n<tr style=\"height: 60px;\">\n<td style=\"width: 5%;\"><img decoding=\"async\" class=\"alignleft\" src=\"https:\/\/www.auzeau.fr\/39-45\/wp-content\/uploads\/images\/Drapeaux\/Angleterre.png\" alt=\"Royaume Uni\" width=\"40\" height=\"20\" \/><\/td>\n<td style=\"width: 5%;\"><span class='tooltipsall tooltipsincontent classtoolTips96'>Sgt<\/span><\/td>\n<td style=\"text-align: left;\" colspan=\"5\">Sidney<\/td>\n<td style=\"text-align: left;\" colspan=\"3\"><span style=\"color: #000000;\"><strong>STONE<br \/>\n<\/strong><\/span><\/td>\n<td style=\"text-align: center;\" colspan=\"2\"><span class='tooltipsall tooltipsincontent classtoolTips185'>AG<\/span><\/td>\n<td style=\"width: 5%; text-align: center;\"><span class='tooltipsall tooltipsincontent classtoolTips45'>RAFVR<\/span><\/td>\n<td style=\"text-align: center;\" colspan=\"2\">1816613<\/td>\n<td style=\"width: 5%; text-align: center;\"><span style=\"color: #000000;\"><strong><span class='tooltipsall tooltipsincontent classtoolTips110'>KIA<\/span><\/strong><br \/>\n<\/span><\/td>\n<td style=\"text-align: left;\" colspan=\"4\"><\/td>\n<\/tr>\n<tr style=\"height: 60px;\">\n<td style=\"width: 5%;\"><img decoding=\"async\" class=\"alignleft\" src=\"https:\/\/www.auzeau.fr\/39-45\/wp-content\/uploads\/images\/Drapeaux\/Angleterre.png\" alt=\"Royaume Uni\" width=\"40\" height=\"20\" \/><\/td>\n<td style=\"width: 5%;\"><span class='tooltipsall tooltipsincontent classtoolTips96'>Sgt<\/span><\/td>\n<td style=\"text-align: left;\" colspan=\"5\">Thomas<\/td>\n<td style=\"text-align: left;\" colspan=\"3\"><span style=\"color: #000000;\"><strong>WHITE<br \/>\n<\/strong><\/span><\/td>\n<td style=\"text-align: center;\" colspan=\"2\"><span class='tooltipsall tooltipsincontent classtoolTips189'>FE<\/span><\/td>\n<td style=\"width: 5%; text-align: center;\"><span class='tooltipsall tooltipsincontent classtoolTips45'>RAFVR<\/span><\/td>\n<td style=\"text-align: center;\" colspan=\"2\">925205<\/td>\n<td style=\"width: 5%; text-align: center;\"><span style=\"color: #000000;\"><strong><span class='tooltipsall tooltipsincontent classtoolTips110'>KIA<\/span><br \/>\n<\/strong><\/span><\/td>\n<td style=\"text-align: left;\" colspan=\"4\"><\/td>\n<\/tr>\n<\/tbody>\n<\/table>\n<div id='gallery-1' class='gallery galleryid-69568 gallery-columns-4 gallery-size-thumbnail'><figure class='gallery-item'>\n\t\t\t<div class='gallery-icon portrait'>\n\t\t\t\t<a title=\"Lancaster_ND952\"  title=\"Lancaster_ND952\"  href='https:\/\/www.auzeau.fr\/39-45\/wp-content\/uploads\/Cimetieres\/31%20--%2060\/41-Loir-et-Cher\/Theillay\/Lancaster_ND952.jpg'><img loading=\"lazy\" decoding=\"async\" width=\"150\" height=\"150\" src=\"https:\/\/www.auzeau.fr\/39-45\/wp-content\/uploads\/Cimetieres\/31 -- 60\/41-Loir-et-Cher\/Theillay\/Lancaster_ND952-150x150.jpg\" class=\"attachment-thumbnail size-thumbnail\" alt=\"\" srcset=\"https:\/\/www.auzeau.fr\/39-45\/wp-content\/uploads\/Cimetieres\/31%20--%2060\/41-Loir-et-Cher\/Theillay\/Lancaster_ND952-150x150.jpg 150w, https:\/\/www.auzeau.fr\/39-45\/wp-content\/uploads\/Cimetieres\/31%20--%2060\/41-Loir-et-Cher\/Theillay\/Lancaster_ND952-50x50.jpg 50w\" sizes=\"(max-width: 150px) 100vw, 150px\" \/><\/a>\n\t\t\t<\/div><\/figure><figure class='gallery-item'>\n\t\t\t<div class='gallery-icon portrait'>\n\t\t\t\t<a title=\"Brown_Orr\"  title=\"Brown_Orr\"  href='https:\/\/www.auzeau.fr\/39-45\/wp-content\/uploads\/Cimetieres\/31%20--%2060\/41-Loir-et-Cher\/Theillay\/Brown_Orr.jpg'><img loading=\"lazy\" decoding=\"async\" width=\"150\" height=\"150\" src=\"https:\/\/www.auzeau.fr\/39-45\/wp-content\/uploads\/Cimetieres\/31 -- 60\/41-Loir-et-Cher\/Theillay\/Brown_Orr-150x150.jpg\" class=\"attachment-thumbnail size-thumbnail\" alt=\"\" srcset=\"https:\/\/www.auzeau.fr\/39-45\/wp-content\/uploads\/Cimetieres\/31%20--%2060\/41-Loir-et-Cher\/Theillay\/Brown_Orr-150x150.jpg 150w, https:\/\/www.auzeau.fr\/39-45\/wp-content\/uploads\/Cimetieres\/31%20--%2060\/41-Loir-et-Cher\/Theillay\/Brown_Orr-50x50.jpg 50w\" sizes=\"(max-width: 150px) 100vw, 150px\" \/><\/a>\n\t\t\t<\/div><\/figure><figure class='gallery-item'>\n\t\t\t<div class='gallery-icon portrait'>\n\t\t\t\t<a title=\"Stone_White\"  title=\"Stone_White\"  href='https:\/\/www.auzeau.fr\/39-45\/wp-content\/uploads\/Cimetieres\/31%20--%2060\/41-Loir-et-Cher\/Theillay\/Stone_White.jpg'><img loading=\"lazy\" decoding=\"async\" width=\"150\" height=\"150\" src=\"https:\/\/www.auzeau.fr\/39-45\/wp-content\/uploads\/Cimetieres\/31 -- 60\/41-Loir-et-Cher\/Theillay\/Stone_White-150x150.jpg\" class=\"attachment-thumbnail size-thumbnail\" alt=\"\" srcset=\"https:\/\/www.auzeau.fr\/39-45\/wp-content\/uploads\/Cimetieres\/31%20--%2060\/41-Loir-et-Cher\/Theillay\/Stone_White-150x150.jpg 150w, https:\/\/www.auzeau.fr\/39-45\/wp-content\/uploads\/Cimetieres\/31%20--%2060\/41-Loir-et-Cher\/Theillay\/Stone_White-50x50.jpg 50w\" sizes=\"(max-width: 150px) 100vw, 150px\" \/><\/a>\n\t\t\t<\/div><\/figure><figure class='gallery-item'>\n\t\t\t<div class='gallery-icon landscape'>\n\t\t\t\t<a title=\"Plaque\"  title=\"Plaque\"  href='https:\/\/www.auzeau.fr\/39-45\/wp-content\/uploads\/Cimetieres\/31%20--%2060\/41-Loir-et-Cher\/Theillay\/Plaque.jpg'><img loading=\"lazy\" decoding=\"async\" width=\"150\" height=\"150\" src=\"https:\/\/www.auzeau.fr\/39-45\/wp-content\/uploads\/Cimetieres\/31 -- 60\/41-Loir-et-Cher\/Theillay\/Plaque-150x150.jpg\" class=\"attachment-thumbnail size-thumbnail\" alt=\"\" srcset=\"https:\/\/www.auzeau.fr\/39-45\/wp-content\/uploads\/Cimetieres\/31%20--%2060\/41-Loir-et-Cher\/Theillay\/Plaque-150x150.jpg 150w, https:\/\/www.auzeau.fr\/39-45\/wp-content\/uploads\/Cimetieres\/31%20--%2060\/41-Loir-et-Cher\/Theillay\/Plaque-50x50.jpg 50w\" sizes=\"(max-width: 150px) 100vw, 150px\" \/><\/a>\n\t\t\t<\/div><\/figure>\n\t\t<\/div>\n\n<p><span style=\"font-size: 8pt;\"><strong><span style=\"color: #000000;\">20 septembre 2020<\/span><\/strong> : Ajout des pr\u00e9noms du <span class='tooltipsall tooltipsincontent classtoolTips96'>Sgt<\/span> FISHER et <span class='tooltipsall tooltipsincontent classtoolTips182'>WO<\/span> HAMMOND<\/span><\/p>\n<hr \/>\n<p style=\"text-align: center;\"><ul id=\"menu-41-loir-et-cher\" class=\"menu\"><li id=\"menu-item-54056\" class=\"menu-item menu-item-type-post_type menu-item-object-page menu-item-54056\"><a href=\"https:\/\/www.auzeau.fr\/39-45\/france\/41-loir-et-cher\/41-artins\/\">41 \u2013 Artins<\/a><\/li>\n<li id=\"menu-item-54057\" class=\"menu-item menu-item-type-post_type menu-item-object-page menu-item-54057\"><a href=\"https:\/\/www.auzeau.fr\/39-45\/france\/41-loir-et-cher\/41-droue\/\">41 \u2013 Drou\u00e9<\/a><\/li>\n<li id=\"menu-item-54058\" class=\"menu-item menu-item-type-post_type menu-item-object-page menu-item-54058\"><a href=\"https:\/\/www.auzeau.fr\/39-45\/france\/41-loir-et-cher\/41-la-ferte-saint-cyr\/\">41 \u2013 La Fert\u00e9-Saint-Cyr<\/a><\/li>\n<li id=\"menu-item-54059\" class=\"menu-item menu-item-type-post_type menu-item-object-page menu-item-54059\"><a href=\"https:\/\/www.auzeau.fr\/39-45\/france\/41-loir-et-cher\/41-langon\/\">41 \u2013 Langon<\/a><\/li>\n<li id=\"menu-item-54060\" class=\"menu-item menu-item-type-post_type menu-item-object-page menu-item-54060\"><a href=\"https:\/\/www.auzeau.fr\/39-45\/france\/41-loir-et-cher\/41-mondoubleau\/\">41 \u2013 Mondoubleau<\/a><\/li>\n<li id=\"menu-item-104359\" class=\"menu-item menu-item-type-post_type menu-item-object-page menu-item-104359\"><a href=\"https:\/\/www.auzeau.fr\/39-45\/france\/41-loir-et-cher\/41-romorantin-lanthenay\/\">41 \u2013 Romorantin-Lanthenay<\/a><\/li>\n<li id=\"menu-item-69899\" class=\"menu-item menu-item-type-post_type menu-item-object-page menu-item-69899\"><a href=\"https:\/\/www.auzeau.fr\/39-45\/france\/41-loir-et-cher\/41-saint-laurent-des-eaux\/\">41 \u2013 Saint-Laurent-des-Eaux<\/a><\/li>\n<li id=\"menu-item-69898\" class=\"menu-item menu-item-type-post_type menu-item-object-page menu-item-69898\"><a href=\"https:\/\/www.auzeau.fr\/39-45\/france\/41-loir-et-cher\/41-saint-viatre\/\">41 \u2013 Saint-Viatre<\/a><\/li>\n<li id=\"menu-item-69897\" class=\"menu-item menu-item-type-post_type menu-item-object-page menu-item-69897\"><a href=\"https:\/\/www.auzeau.fr\/39-45\/france\/41-loir-et-cher\/41-seris\/\">41 \u2013 S\u00e9ris<\/a><\/li>\n<li id=\"menu-item-69896\" class=\"menu-item menu-item-type-post_type menu-item-object-page menu-item-69896\"><a href=\"https:\/\/www.auzeau.fr\/39-45\/france\/41-loir-et-cher\/41-theillay\/\">41 \u2013 Theillay<\/a><\/li>\n<li id=\"menu-item-54061\" class=\"menu-item menu-item-type-post_type menu-item-object-page menu-item-54061\"><a href=\"https:\/\/www.auzeau.fr\/39-45\/france\/41-loir-et-cher\/41-vernou-en-sologne\/\">41 \u2013 Vernou-en-Sologne<\/a><\/li>\n<li id=\"menu-item-54062\" class=\"menu-item menu-item-type-post_type menu-item-object-page menu-item-54062\"><a href=\"https:\/\/www.auzeau.fr\/39-45\/france\/41-loir-et-cher\/41-vouzon\/\">41 \u2013 Vouzon<\/a><\/li>\n<\/ul>\n<script type=\"text\/javascript\"> toolTips('.classtoolTips12','Pilot Officer'); <\/script><script type=\"text\/javascript\"> toolTips('.classtoolTips19','Flying Officer'); <\/script><script type=\"text\/javascript\"> toolTips('.classtoolTips45','Royal Air Force Volunteer Reserve'); <\/script><script type=\"text\/javascript\"> toolTips('.classtoolTips70','<img class=\"aligncenter wp-image-65848 size-full\" title=\"Flak18\" src=\"https:\/\/www.auzeau.fr\/39-45\/wp-content\/uploads\/images\/Materiel\/Flak18.JPG\" alt=\"\" width=\"640\" height=\"499\" \/><br\/><img class=\"aligncenter size-full wp-image-65849\" title=\"Flak30\" src=\"https:\/\/www.auzeau.fr\/39-45\/wp-content\/uploads\/images\/Materiel\/Flak30.JPG\" alt=\"\" width=\"640\" height=\"499\" \/>'); <\/script><script type=\"text\/javascript\"> toolTips('.classtoolTips78','Aviation Royale Canadienne<br\/><br\/>Royal Canadian Air Force'); <\/script><script type=\"text\/javascript\"> toolTips('.classtoolTips96','Sergent<br\/><br\/>Sergeant'); <\/script><script type=\"text\/javascript\"> toolTips('.classtoolTips98','Colonel'); <\/script><script type=\"text\/javascript\"> toolTips('.classtoolTips110','Tu\u00e9 au combat<br\/><br\/>Killed In Action'); <\/script><script type=\"text\/javascript\"> toolTips('.classtoolTips113','Prisonnier de Guerre<br\/><br\/>Prisoner Of War'); <\/script><script type=\"text\/javascript\"> toolTips('.classtoolTips115','Op\u00e9rateur Radio<br\/><br\/>Wireless Op\u00e9rator'); <\/script><script type=\"text\/javascript\"> toolTips('.classtoolTips116','Navigateur<br\/><br\/>Navigator'); <\/script><script type=\"text\/javascript\"> toolTips('.classtoolTips118','Canonnier'); <\/script><script type=\"text\/javascript\"> toolTips('.classtoolTips134','\u00c9vad\u00e9<br\/><br\/>Evaded'); <\/script><script type=\"text\/javascript\"> toolTips('.classtoolTips144','Royal Corps of Signals'); <\/script><script type=\"text\/javascript\"> toolTips('.classtoolTips146','Royal Air Force'); <\/script><script type=\"text\/javascript\"> toolTips('.classtoolTips151','Pilote<br\/><br\/>Pilot'); <\/script><script type=\"text\/javascript\"> toolTips('.classtoolTips153','Porucznik'); <\/script><script type=\"text\/javascript\"> toolTips('.classtoolTips169','Pointe'); <\/script><script type=\"text\/javascript\"> toolTips('.classtoolTips182','Warrant Officer'); <\/script><script type=\"text\/javascript\"> toolTips('.classtoolTips185','Mitrailleur<br\/><br\/>Air Gunner'); <\/script><script type=\"text\/javascript\"> toolTips('.classtoolTips188','Bombardier<br\/><br\/>Air bomber'); <\/script><script type=\"text\/javascript\"> toolTips('.classtoolTips189','M\u00e9canicien volant<br\/><br\/>Flying Enginer'); <\/script><script type=\"text\/javascript\"> toolTips('.classtoolTips193','Royal Navy'); <\/script><script type=\"text\/javascript\"> toolTips('.classtoolTips195','Enseigne de Vaisseau'); <\/script><script type=\"text\/javascript\"> toolTips('.classtoolTips197','Aircraftman'); <\/script><script type=\"text\/javascript\"> toolTips('.classtoolTips199','Radio Officer'); <\/script><script type=\"text\/javascript\"> toolTips('.classtoolTips201','Lieutenant'); <\/script>","protected":false},"excerpt":{"rendered":"<p>Lancaster ND952 UM-E2 626 Sqn Date : 01 juillet 1944 Mission : Bombardement d&#8217;installations ferroviaires \u00e0 Vierzon (18) D\u00e9collage : Wickenby \u00e0 22:10 Causes de la perte : Abattu par la Flak Lieu de la perte : Theillay (41) Plt Off David Cornfoot BROWN AG RCAF J\/89961 KIA Sgt Charles Edward Percy FISHER AB RAFVR [&hellip;]<\/p>\n","protected":false},"author":1,"featured_media":0,"parent":73,"menu_order":0,"comment_status":"closed","ping_status":"closed","template":"template-full-width Lancaster.php","meta":{"_lmt_disableupdate":"yes","_lmt_disable":"","footnotes":""},"categories":[323],"tags":[1690],"wf_page_folders":[3136],"class_list":["post-69568","page","type-page","status-publish","hentry","category-lancaster","tag-626-squadron"],"_links":{"self":[{"href":"https:\/\/www.auzeau.fr\/39-45\/wp-json\/wp\/v2\/pages\/69568","targetHints":{"allow":["GET"]}}],"collection":[{"href":"https:\/\/www.auzeau.fr\/39-45\/wp-json\/wp\/v2\/pages"}],"about":[{"href":"https:\/\/www.auzeau.fr\/39-45\/wp-json\/wp\/v2\/types\/page"}],"author":[{"embeddable":true,"href":"https:\/\/www.auzeau.fr\/39-45\/wp-json\/wp\/v2\/users\/1"}],"replies":[{"embeddable":true,"href":"https:\/\/www.auzeau.fr\/39-45\/wp-json\/wp\/v2\/comments?post=69568"}],"version-history":[{"count":0,"href":"https:\/\/www.auzeau.fr\/39-45\/wp-json\/wp\/v2\/pages\/69568\/revisions"}],"up":[{"embeddable":true,"href":"https:\/\/www.auzeau.fr\/39-45\/wp-json\/wp\/v2\/pages\/73"}],"wp:attachment":[{"href":"https:\/\/www.auzeau.fr\/39-45\/wp-json\/wp\/v2\/media?parent=69568"}],"wp:term":[{"taxonomy":"category","embeddable":true,"href":"https:\/\/www.auzeau.fr\/39-45\/wp-json\/wp\/v2\/categories?post=69568"},{"taxonomy":"post_tag","embeddable":true,"href":"https:\/\/www.auzeau.fr\/39-45\/wp-json\/wp\/v2\/tags?post=69568"},{"taxonomy":"wf_page_folders","embeddable":true,"href":"https:\/\/www.auzeau.fr\/39-45\/wp-json\/wp\/v2\/wf_page_folders?post=69568"}],"curies":[{"name":"wp","href":"https:\/\/api.w.org\/{rel}","templated":true}]}}