{"id":6837,"date":"2017-08-16T11:56:26","date_gmt":"2017-08-16T09:56:26","guid":{"rendered":"http:\/\/www.auzeau.fr\/3945\/?page_id=6837"},"modified":"2018-03-01T08:11:17","modified_gmt":"2018-03-01T06:11:17","slug":"60-flavacourt","status":"publish","type":"page","link":"https:\/\/www.auzeau.fr\/39-45\/france\/60-oise\/60-flavacourt\/","title":{"rendered":"60 &#8211; Flavacourt"},"content":{"rendered":"<p><img fetchpriority=\"high\" decoding=\"async\" class=\"aligncenter size-full wp-image-57595\" title=\"Flavacourt\" src=\"https:\/\/www.auzeau.fr\/39-45\/wp-content\/uploads\/Cimetieres\/31 -- 60\/60-Oise\/Flavacourt\/Flavacourt.jpg\" alt=\"\" width=\"900\" height=\"478\" srcset=\"https:\/\/www.auzeau.fr\/39-45\/wp-content\/uploads\/Cimetieres\/31%20--%2060\/60-Oise\/Flavacourt\/Flavacourt.jpg 900w, https:\/\/www.auzeau.fr\/39-45\/wp-content\/uploads\/Cimetieres\/31%20--%2060\/60-Oise\/Flavacourt\/Flavacourt-300x159.jpg 300w, https:\/\/www.auzeau.fr\/39-45\/wp-content\/uploads\/Cimetieres\/31%20--%2060\/60-Oise\/Flavacourt\/Flavacourt-768x408.jpg 768w\" sizes=\"(max-width: 900px) 100vw, 900px\" \/><\/p>\n<table style=\"width: 100%;\" border=\"0\">\n<tbody>\n<tr>\n<td style=\"width: 5%;\"><\/td>\n<td style=\"width: 5%;\"><\/td>\n<td style=\"width: 5%;\"><\/td>\n<td style=\"width: 5%;\"><\/td>\n<td style=\"width: 5%;\"><\/td>\n<td style=\"width: 5%;\"><\/td>\n<td style=\"width: 5%;\"><\/td>\n<td style=\"width: 5%;\"><\/td>\n<td style=\"width: 5%;\"><\/td>\n<td style=\"width: 5%;\"><\/td>\n<td style=\"width: 5%;\"><\/td>\n<td style=\"width: 5%;\"><\/td>\n<td style=\"width: 5%;\"><\/td>\n<td style=\"width: 5%;\"><\/td>\n<td style=\"width: 5%;\"><\/td>\n<td style=\"width: 5%;\"><\/td>\n<td style=\"width: 5%;\"><\/td>\n<td style=\"width: 5%;\"><\/td>\n<td style=\"width: 5%;\"><\/td>\n<td style=\"width: 5%;\"><\/td>\n<\/tr>\n<tr>\n<td colspan=\"15\"><span style=\"font-size: xx-large;\"><strong><span style=\"color: #000000;\">Mosquito MM586 KP-<\/span><br \/>\n<\/strong><\/span><\/td>\n<td style=\"text-align: center;\" colspan=\"5\"><span style=\"font-size: xx-large;\"><strong>409 Sqn<\/strong><\/span><\/td>\n<\/tr>\n<tr style=\"height: 40px;\">\n<td style=\"text-align: right;\" colspan=\"2\"><span style=\"font-size: 14px;\"><strong>Date :<br \/>\n<\/strong><\/span><\/td>\n<td colspan=\"5\"><span style=\"font-size: 14px;\"><em>\u00a020 septembre 1944<br \/>\n<\/em><\/span><\/td>\n<td style=\"text-align: right;\" colspan=\"3\"><span style=\"font-size: 14px;\"><strong>Mission :<br \/>\n<\/strong><\/span><\/td>\n<td colspan=\"10\"><span style=\"font-size: 14px;\"><em>\u00a0Vol solo de St Andr\u00e9 de l&#8217;Eure (27) \u00e0 Lille (59) \u00e0 la recherche d&#8217;un \u00e9quipage port\u00e9 disparu (<span class='tooltipsall tooltipsincontent classtoolTips183'>FS<\/span> Leslie &#8211; F\/S Thurgood)<br \/>\n<\/em><\/span><\/td>\n<\/tr>\n<tr style=\"height: 40px;\">\n<td><span style=\"font-size: 14px;\">\u00a0<\/span><\/td>\n<td><span style=\"font-size: 14px;\">\u00a0<\/span><\/td>\n<td style=\"text-align: right;\" colspan=\"5\"><span style=\"font-size: 14px;\"><strong>D\u00e9collage :<\/strong><\/span><\/td>\n<td colspan=\"10\"><span style=\"font-size: 14px;\"><em>\u00a0ALG B24 \u00e0 Saint Andr\u00e9 de l&#8217;Eure (27)<\/em><\/span><\/td>\n<td><span style=\"font-size: 14px;\">\u00a0<\/span><\/td>\n<td><span style=\"font-size: 14px;\">\u00a0<\/span><\/td>\n<td><span style=\"font-size: 14px;\">\u00a0<\/span><\/td>\n<\/tr>\n<tr style=\"height: 40px;\">\n<td><span style=\"font-size: 14px;\">\u00a0<\/span><\/td>\n<td><span style=\"font-size: 14px;\">\u00a0<\/span><\/td>\n<td style=\"text-align: right;\" colspan=\"5\"><span style=\"font-size: 14px;\"><strong>Causes de la perte :<\/strong><\/span><\/td>\n<td colspan=\"10\"><span style=\"font-size: 14px;\"><em>\u00a0En raison du mauvais temps percute le sol<\/em><\/span><\/td>\n<td><span style=\"font-size: 14px;\">\u00a0<\/span><\/td>\n<td><span style=\"font-size: 14px;\">\u00a0<\/span><\/td>\n<td><span style=\"font-size: 14px;\">\u00a0<\/span><\/td>\n<\/tr>\n<tr style=\"height: 40px;\">\n<td><span style=\"font-size: 14px;\">\u00a0<\/span><\/td>\n<td><span style=\"font-size: 14px;\">\u00a0<\/span><\/td>\n<td style=\"text-align: right;\" colspan=\"5\"><span style=\"font-size: 14px;\"><strong>Lieu de la perte :<\/strong><\/span><\/td>\n<td colspan=\"10\"><span style=\"font-size: 14px;\"><em>\u00a0&#8220;La Croix Blanche&#8221; \u00e0 Flavacourt (60)<\/em><\/span><\/td>\n<td><span style=\"font-size: 14px;\">\u00a0<\/span><\/td>\n<td><span style=\"font-size: 14px;\">\u00a0<\/span><\/td>\n<td><span style=\"font-size: 14px;\">\u00a0<\/span><\/td>\n<\/tr>\n<tr style=\"height: 60px;\">\n<td><span style=\"font-size: 14px;\"><img decoding=\"async\" class=\"size-full wp-image-47210 alignleft\" title=\"Canada\" src=\"https:\/\/www.auzeau.fr\/39-45\/wp-content\/uploads\/images\/Drapeaux\/Canada.png\" alt=\"\" width=\"40\" height=\"20\" \/><\/span><\/td>\n<td><span style=\"font-size: 14px;\"><span class='tooltipsall tooltipsincontent classtoolTips18'>Wg <span class='tooltipsall tooltipsincontent classtoolTips171'>Cdr<\/span><\/span><\/span><\/td>\n<td colspan=\"5\"><span style=\"font-size: 14px;\">Massey Williamson<\/span><\/td>\n<td colspan=\"4\"><span style=\"font-size: 14px; color: #000000;\"><strong>BEVERIDGE<\/strong><\/span><\/td>\n<td><span style=\"font-size: 14px;\"><span class='tooltipsall tooltipsincontent classtoolTips78'>RCAF<\/span><\/span><\/td>\n<td colspan=\"2\"><span style=\"font-size: 14px;\">J\/15070<\/span><\/td>\n<td><span style=\"font-size: 14px; color: #000000;\"><strong><span class='tooltipsall tooltipsincontent classtoolTips110'>KIA<\/span><\/strong><\/span><\/td>\n<td colspan=\"5\"><a href=\"https:\/\/www.auzeau.fr\/39-45\/france\/14-calvados\/14-beny-sur-mer-11\/\"><span style=\"font-size: 10pt;\"><em>(Pilote du Mosquito MM587)<\/em><\/span><\/a><\/td>\n<\/tr>\n<\/tbody>\n<\/table>\n<div id='gallery-1' class='gallery galleryid-6837 gallery-columns-3 gallery-size-thumbnail'><figure class='gallery-item'>\n\t\t\t<div class='gallery-icon portrait'>\n\t\t\t\t<a title=\"M.W. BEVERIDGE\"  title=\"M.W. BEVERIDGE\"  href='https:\/\/www.auzeau.fr\/39-45\/wp-content\/uploads\/Cimetieres\/31%20--%2060\/60-Oise\/Flavacourt\/IMGP0868.jpg'><img decoding=\"async\" width=\"150\" height=\"150\" src=\"https:\/\/www.auzeau.fr\/39-45\/wp-content\/uploads\/Cimetieres\/31 -- 60\/60-Oise\/Flavacourt\/IMGP0868-150x150.jpg\" class=\"attachment-thumbnail size-thumbnail\" alt=\"\" srcset=\"https:\/\/www.auzeau.fr\/39-45\/wp-content\/uploads\/Cimetieres\/31%20--%2060\/60-Oise\/Flavacourt\/IMGP0868-150x150.jpg 150w, https:\/\/www.auzeau.fr\/39-45\/wp-content\/uploads\/Cimetieres\/31%20--%2060\/60-Oise\/Flavacourt\/IMGP0868-50x50.jpg 50w\" sizes=\"(max-width: 150px) 100vw, 150px\" \/><\/a>\n\t\t\t<\/div><\/figure><figure class='gallery-item'>\n\t\t\t<div class='gallery-icon portrait'>\n\t\t\t\t<a title=\"M.W. BEVERIDGE\"  title=\"M.W. BEVERIDGE\"  href='https:\/\/www.auzeau.fr\/39-45\/wp-content\/uploads\/Cimetieres\/31%20--%2060\/60-Oise\/Flavacourt\/IMGP0866.jpg'><img loading=\"lazy\" decoding=\"async\" width=\"150\" height=\"150\" src=\"https:\/\/www.auzeau.fr\/39-45\/wp-content\/uploads\/Cimetieres\/31 -- 60\/60-Oise\/Flavacourt\/IMGP0866-150x150.jpg\" class=\"attachment-thumbnail size-thumbnail\" alt=\"\" srcset=\"https:\/\/www.auzeau.fr\/39-45\/wp-content\/uploads\/Cimetieres\/31%20--%2060\/60-Oise\/Flavacourt\/IMGP0866-150x150.jpg 150w, https:\/\/www.auzeau.fr\/39-45\/wp-content\/uploads\/Cimetieres\/31%20--%2060\/60-Oise\/Flavacourt\/IMGP0866-50x50.jpg 50w\" sizes=\"(max-width: 150px) 100vw, 150px\" \/><\/a>\n\t\t\t<\/div><\/figure><figure class='gallery-item'>\n\t\t\t<div class='gallery-icon portrait'>\n\t\t\t\t<a title=\"M.W. BEVERIDGE\"  title=\"M.W. BEVERIDGE\"  href='https:\/\/www.auzeau.fr\/39-45\/wp-content\/uploads\/Cimetieres\/31%20--%2060\/60-Oise\/Flavacourt\/IMGP0869.jpg'><img loading=\"lazy\" decoding=\"async\" width=\"150\" height=\"150\" src=\"https:\/\/www.auzeau.fr\/39-45\/wp-content\/uploads\/Cimetieres\/31 -- 60\/60-Oise\/Flavacourt\/IMGP0869-150x150.jpg\" class=\"attachment-thumbnail size-thumbnail\" alt=\"\" srcset=\"https:\/\/www.auzeau.fr\/39-45\/wp-content\/uploads\/Cimetieres\/31%20--%2060\/60-Oise\/Flavacourt\/IMGP0869-150x150.jpg 150w, https:\/\/www.auzeau.fr\/39-45\/wp-content\/uploads\/Cimetieres\/31%20--%2060\/60-Oise\/Flavacourt\/IMGP0869-50x50.jpg 50w\" sizes=\"(max-width: 150px) 100vw, 150px\" \/><\/a>\n\t\t\t<\/div><\/figure>\n\t\t<\/div>\n\n<p style=\"text-align: center;\"><span style=\"font-size: 36pt; color: #000000;\"><strong>Monument aux morts de Flavacourt (60)<\/strong><\/span><\/p>\n<div id='gallery-2' class='gallery galleryid-6837 gallery-columns-2 gallery-size-thumbnail'><figure class='gallery-item'>\n\t\t\t<div class='gallery-icon portrait'>\n\t\t\t\t<a title=\"Monument aux Morts\"  title=\"Monument aux Morts\"  href='https:\/\/www.auzeau.fr\/39-45\/wp-content\/uploads\/Cimetieres\/31%20--%2060\/60-Oise\/Flavacourt\/IMGP0863.jpg'><img loading=\"lazy\" decoding=\"async\" width=\"150\" height=\"150\" src=\"https:\/\/www.auzeau.fr\/39-45\/wp-content\/uploads\/Cimetieres\/31 -- 60\/60-Oise\/Flavacourt\/IMGP0863-150x150.jpg\" class=\"attachment-thumbnail size-thumbnail\" alt=\"\" srcset=\"https:\/\/www.auzeau.fr\/39-45\/wp-content\/uploads\/Cimetieres\/31%20--%2060\/60-Oise\/Flavacourt\/IMGP0863-150x150.jpg 150w, https:\/\/www.auzeau.fr\/39-45\/wp-content\/uploads\/Cimetieres\/31%20--%2060\/60-Oise\/Flavacourt\/IMGP0863-50x50.jpg 50w\" sizes=\"(max-width: 150px) 100vw, 150px\" \/><\/a>\n\t\t\t<\/div><\/figure><figure class='gallery-item'>\n\t\t\t<div class='gallery-icon portrait'>\n\t\t\t\t<a title=\"Monument aux Morts\"  title=\"Monument aux Morts\"  href='https:\/\/www.auzeau.fr\/39-45\/wp-content\/uploads\/Cimetieres\/31%20--%2060\/60-Oise\/Flavacourt\/IMGP0864.jpg'><img loading=\"lazy\" decoding=\"async\" width=\"150\" height=\"150\" src=\"https:\/\/www.auzeau.fr\/39-45\/wp-content\/uploads\/Cimetieres\/31 -- 60\/60-Oise\/Flavacourt\/IMGP0864-150x150.jpg\" class=\"attachment-thumbnail size-thumbnail\" alt=\"\" srcset=\"https:\/\/www.auzeau.fr\/39-45\/wp-content\/uploads\/Cimetieres\/31%20--%2060\/60-Oise\/Flavacourt\/IMGP0864-150x150.jpg 150w, https:\/\/www.auzeau.fr\/39-45\/wp-content\/uploads\/Cimetieres\/31%20--%2060\/60-Oise\/Flavacourt\/IMGP0864-50x50.jpg 50w\" sizes=\"(max-width: 150px) 100vw, 150px\" \/><\/a>\n\t\t\t<\/div><\/figure>\n\t\t<\/div>\n\n<hr \/>\n<p style=\"text-align: center;\"><ul id=\"menu-60-oise\" class=\"menu\"><li id=\"menu-item-102880\" class=\"menu-item menu-item-type-post_type menu-item-object-page menu-item-102880\"><a href=\"https:\/\/www.auzeau.fr\/39-45\/france\/60-oise\/60-auger-saint-vincent\/\">60 \u2013 Auger-Saint-Vincent<\/a><\/li>\n<li id=\"menu-item-56871\" class=\"menu-item menu-item-type-post_type menu-item-object-page menu-item-56871\"><a href=\"https:\/\/www.auzeau.fr\/39-45\/france\/60-oise\/60-beaumont-les-nonains\/\">60 \u2013 Beaumont-les-Nonains<\/a><\/li>\n<li id=\"menu-item-102879\" class=\"menu-item menu-item-type-post_type menu-item-object-page menu-item-102879\"><a href=\"https:\/\/www.auzeau.fr\/39-45\/france\/60-oise\/60-beaurepaire\/\">60 \u2013 Beaurepaire<\/a><\/li>\n<li id=\"menu-item-56872\" class=\"menu-item menu-item-type-post_type menu-item-object-page menu-item-56872\"><a href=\"https:\/\/www.auzeau.fr\/39-45\/france\/60-oise\/60-beauvais-necropole-nationale\/\">60 \u2013 Beauvais N\u00e9cropole Nationale<\/a><\/li>\n<li id=\"menu-item-56873\" class=\"menu-item menu-item-type-post_type menu-item-object-page menu-item-56873\"><a href=\"https:\/\/www.auzeau.fr\/39-45\/france\/60-oise\/60-belloy\/\">60 \u2013 Belloy<\/a><\/li>\n<li id=\"menu-item-56874\" class=\"menu-item menu-item-type-post_type menu-item-object-page menu-item-56874\"><a href=\"https:\/\/www.auzeau.fr\/39-45\/france\/60-oise\/60-blargies\/\">60 \u2013 Blargies<\/a><\/li>\n<li id=\"menu-item-56875\" class=\"menu-item menu-item-type-post_type menu-item-object-page menu-item-56875\"><a href=\"https:\/\/www.auzeau.fr\/39-45\/france\/60-oise\/60-boran-sur-oise\/\">60 \u2013 Boran-sur-Oise<\/a><\/li>\n<li id=\"menu-item-56876\" class=\"menu-item menu-item-type-post_type menu-item-object-page menu-item-56876\"><a href=\"https:\/\/www.auzeau.fr\/39-45\/france\/60-oise\/60-cambronne-les-ribecourt-necropole-nationale\/\">60 \u2013 Cambronne-l\u00e8s-Ribecourt N\u00e9cropole Nationale<\/a><\/li>\n<li id=\"menu-item-56877\" class=\"menu-item menu-item-type-post_type menu-item-object-page menu-item-56877\"><a href=\"https:\/\/www.auzeau.fr\/39-45\/france\/60-oise\/60-campagne\/\">60 \u2013 Campagne<\/a><\/li>\n<li id=\"menu-item-56878\" class=\"menu-item menu-item-type-post_type menu-item-object-page menu-item-56878\"><a href=\"https:\/\/www.auzeau.fr\/39-45\/france\/60-oise\/60-chantilly\/\">60 \u2013 Chantilly<\/a><\/li>\n<li id=\"menu-item-56879\" class=\"menu-item menu-item-type-post_type menu-item-object-page menu-item-56879\"><a href=\"https:\/\/www.auzeau.fr\/39-45\/france\/60-oise\/60-courcelles-les-gisors\/\">60 \u2013 Courcelles-les-Gisors<\/a><\/li>\n<li id=\"menu-item-56880\" class=\"menu-item menu-item-type-post_type menu-item-object-page menu-item-56880\"><a href=\"https:\/\/www.auzeau.fr\/39-45\/france\/60-oise\/60-cramoisy\/\">60 \u2013 Cramoisy<\/a><\/li>\n<li id=\"menu-item-56881\" class=\"menu-item menu-item-type-post_type menu-item-object-page menu-item-56881\"><a href=\"https:\/\/www.auzeau.fr\/39-45\/france\/60-oise\/60-creil\/\">60 \u2013 Creil<\/a><\/li>\n<li id=\"menu-item-71582\" class=\"menu-item menu-item-type-post_type menu-item-object-page menu-item-71582\"><a href=\"https:\/\/www.auzeau.fr\/39-45\/france\/60-oise\/60-feigneux\/\">60 \u2013 Feigneux<\/a><\/li>\n<li id=\"menu-item-56882\" class=\"menu-item menu-item-type-post_type menu-item-object-page menu-item-56882\"><a href=\"https:\/\/www.auzeau.fr\/39-45\/france\/60-oise\/60-flavacourt\/\">60 \u2013 Flavacourt<\/a><\/li>\n<li id=\"menu-item-71580\" class=\"menu-item menu-item-type-post_type menu-item-object-page menu-item-71580\"><a href=\"https:\/\/www.auzeau.fr\/39-45\/france\/60-oise\/60-fresnoy-la-riviere\/\">60 \u2013 Fresnoy-la-Rivi\u00e8re<\/a><\/li>\n<li id=\"menu-item-56883\" class=\"menu-item menu-item-type-post_type menu-item-object-page menu-item-56883\"><a href=\"https:\/\/www.auzeau.fr\/39-45\/france\/60-oise\/60-gannes\/\">60 \u2013 Gannes<\/a><\/li>\n<li id=\"menu-item-56884\" class=\"menu-item menu-item-type-post_type menu-item-object-page menu-item-56884\"><a href=\"https:\/\/www.auzeau.fr\/39-45\/france\/60-oise\/60-lannoy-lacuillere\/\">60 \u2013 Lannoy-Lacuill\u00e8re<\/a><\/li>\n<li id=\"menu-item-56885\" class=\"menu-item menu-item-type-post_type menu-item-object-page menu-item-56885\"><a href=\"https:\/\/www.auzeau.fr\/39-45\/france\/60-oise\/60-moliens\/\">60 \u2013 Moliens<\/a><\/li>\n<li id=\"menu-item-71581\" class=\"menu-item menu-item-type-post_type menu-item-object-page menu-item-71581\"><a href=\"https:\/\/www.auzeau.fr\/39-45\/france\/60-oise\/60-morienval\/\">60 \u2013 Morienval<\/a><\/li>\n<li id=\"menu-item-56886\" class=\"menu-item menu-item-type-post_type menu-item-object-page menu-item-56886\"><a href=\"https:\/\/www.auzeau.fr\/39-45\/france\/60-oise\/60-moulin-sous-touvent\/\">60 \u2013 Moulin-sous-Touvent<\/a><\/li>\n<li id=\"menu-item-56887\" class=\"menu-item menu-item-type-post_type menu-item-object-page menu-item-56887\"><a href=\"https:\/\/www.auzeau.fr\/39-45\/france\/60-oise\/60-orry-la-ville-cimetiere-militaire-neerlandais\/\">60 \u2013 Orry-la-Ville Cimeti\u00e8re militaire n\u00e9erlandais<\/a><\/li>\n<li id=\"menu-item-56888\" class=\"menu-item menu-item-type-post_type menu-item-object-page menu-item-56888\"><a href=\"https:\/\/www.auzeau.fr\/39-45\/france\/60-oise\/60-quinquempoix\/\">60 \u2013 Quinquempoix<\/a><\/li>\n<li id=\"menu-item-56889\" class=\"menu-item menu-item-type-post_type menu-item-object-page menu-item-56889\"><a href=\"https:\/\/www.auzeau.fr\/39-45\/france\/60-oise\/60-remy\/\">60 \u2013 R\u00e9my<\/a><\/li>\n<li id=\"menu-item-56890\" class=\"menu-item menu-item-type-post_type menu-item-object-page menu-item-56890\"><a href=\"https:\/\/www.auzeau.fr\/39-45\/france\/60-oise\/60-ricquebourg\/\">60 \u2013 Ricquebourg<\/a><\/li>\n<li id=\"menu-item-56891\" class=\"menu-item menu-item-type-post_type menu-item-object-page menu-item-56891\"><a href=\"https:\/\/www.auzeau.fr\/39-45\/france\/60-oise\/60-romescamps\/\">60 \u2013 Romescamps<\/a><\/li>\n<li id=\"menu-item-56892\" class=\"menu-item menu-item-type-post_type menu-item-object-page menu-item-56892\"><a href=\"https:\/\/www.auzeau.fr\/39-45\/france\/60-oise\/60-sains-morainvillers\/\">60 \u2013 Sains-Morainvillers<\/a><\/li>\n<li id=\"menu-item-56893\" class=\"menu-item menu-item-type-post_type menu-item-object-page menu-item-56893\"><a href=\"https:\/\/www.auzeau.fr\/39-45\/france\/60-oise\/60-sainte-genevieve\/\">60 \u2013 Sainte Genevi\u00e8ve<\/a><\/li>\n<li id=\"menu-item-56894\" class=\"menu-item menu-item-type-post_type menu-item-object-page menu-item-56894\"><a href=\"https:\/\/www.auzeau.fr\/39-45\/france\/60-oise\/60-senantes\/\">60 \u2013 Senantes<\/a><\/li>\n<li id=\"menu-item-56895\" class=\"menu-item menu-item-type-post_type menu-item-object-page menu-item-56895\"><a href=\"https:\/\/www.auzeau.fr\/39-45\/france\/60-oise\/60-senlis-necropole-nationale\/\">60 \u2013 Senlis N\u00e9cropole Nationale<\/a><\/li>\n<li id=\"menu-item-56896\" class=\"menu-item menu-item-type-post_type menu-item-object-page menu-item-56896\"><a href=\"https:\/\/www.auzeau.fr\/39-45\/france\/60-oise\/60-thiescourt-necropole-nationale\/\">60 \u2013 Thiescourt N\u00e9cropole Nationale<\/a><\/li>\n<li id=\"menu-item-56897\" class=\"menu-item menu-item-type-post_type menu-item-object-page menu-item-56897\"><a href=\"https:\/\/www.auzeau.fr\/39-45\/france\/60-oise\/60-thieux\/\">60 \u2013 Thieux<\/a><\/li>\n<li id=\"menu-item-56898\" class=\"menu-item menu-item-type-post_type menu-item-object-page menu-item-56898\"><a href=\"https:\/\/www.auzeau.fr\/39-45\/france\/60-oise\/60-trie-la-ville\/\">60 \u2013 Trie-la-Ville<\/a><\/li>\n<\/ul>\n<script type=\"text\/javascript\"> toolTips('.classtoolTips18','Wing commander'); <\/script><script type=\"text\/javascript\"> toolTips('.classtoolTips63','Dispatcher'); <\/script><script type=\"text\/javascript\"> toolTips('.classtoolTips78','Aviation Royale Canadienne<br\/><br\/>Royal Canadian Air Force'); <\/script><script type=\"text\/javascript\"> toolTips('.classtoolTips95','Leading Aircraftman'); <\/script><script type=\"text\/javascript\"> toolTips('.classtoolTips98','Colonel'); <\/script><script type=\"text\/javascript\"> toolTips('.classtoolTips110','Tu\u00e9 au combat<br\/><br\/>Killed In Action'); <\/script><script type=\"text\/javascript\"> toolTips('.classtoolTips118','Canonnier'); <\/script><script type=\"text\/javascript\"> toolTips('.classtoolTips138','<strong>Piste Avanc\u00e9e d\\'Aviation<\/strong><br\/><br\/>A\u00e9rodromes temporaires construits par les Alli\u00e9s au cours de la Seconde Guerre mondiale durant la lib\u00e9ration de l\\'Europe.<br\/><br\/><strong>Advanced Landing Ground<\/strong><br\/><br\/>Temporary advance airfields constructed by the Allies during World War II during the liberation of Europe.'); <\/script><script type=\"text\/javascript\"> toolTips('.classtoolTips144','Royal Corps of Signals'); <\/script><script type=\"text\/javascript\"> toolTips('.classtoolTips151','Pilote<br\/><br\/>Pilot'); <\/script><script type=\"text\/javascript\"> toolTips('.classtoolTips153','Porucznik'); <\/script><script type=\"text\/javascript\"> toolTips('.classtoolTips169','Pointe'); <\/script><script type=\"text\/javascript\"> toolTips('.classtoolTips171','Commander'); <\/script><script type=\"text\/javascript\"> toolTips('.classtoolTips183','Flight Sergeant'); <\/script><script type=\"text\/javascript\"> toolTips('.classtoolTips185','Mitrailleur<br\/><br\/>Air Gunner'); <\/script><script type=\"text\/javascript\"> toolTips('.classtoolTips188','Bombardier<br\/><br\/>Air bomber'); <\/script><script type=\"text\/javascript\"> toolTips('.classtoolTips189','M\u00e9canicien volant<br\/><br\/>Flying Enginer'); <\/script><script type=\"text\/javascript\"> toolTips('.classtoolTips194','Lieutenant de Vaisseau'); <\/script><script type=\"text\/javascript\"> toolTips('.classtoolTips195','Enseigne de Vaisseau'); <\/script><script type=\"text\/javascript\"> toolTips('.classtoolTips197','Aircraftman'); <\/script><script type=\"text\/javascript\"> toolTips('.classtoolTips199','Radio Officer'); <\/script><script type=\"text\/javascript\"> toolTips('.classtoolTips201','Lieutenant'); <\/script>","protected":false},"excerpt":{"rendered":"<p>Mosquito MM586 KP- 409 Sqn Date : \u00a020 septembre 1944 Mission : \u00a0Vol solo de St Andr\u00e9 de l&#8217;Eure (27) \u00e0 Lille (59) \u00e0 la recherche d&#8217;un \u00e9quipage port\u00e9 disparu (FS Leslie &#8211; F\/S Thurgood) \u00a0 \u00a0 D\u00e9collage : \u00a0ALG B24 \u00e0 Saint Andr\u00e9 de l&#8217;Eure (27) \u00a0 \u00a0 \u00a0 \u00a0 \u00a0 Causes de la [&hellip;]<\/p>\n","protected":false},"author":1,"featured_media":0,"parent":93,"menu_order":0,"comment_status":"closed","ping_status":"closed","template":"template-full-width Mosquito.php","meta":{"_lmt_disableupdate":"yes","_lmt_disable":"","footnotes":""},"categories":[590],"tags":[591],"wf_page_folders":[3127],"class_list":["post-6837","page","type-page","status-publish","hentry","category-mosquito","tag-409-squadron"],"_links":{"self":[{"href":"https:\/\/www.auzeau.fr\/39-45\/wp-json\/wp\/v2\/pages\/6837","targetHints":{"allow":["GET"]}}],"collection":[{"href":"https:\/\/www.auzeau.fr\/39-45\/wp-json\/wp\/v2\/pages"}],"about":[{"href":"https:\/\/www.auzeau.fr\/39-45\/wp-json\/wp\/v2\/types\/page"}],"author":[{"embeddable":true,"href":"https:\/\/www.auzeau.fr\/39-45\/wp-json\/wp\/v2\/users\/1"}],"replies":[{"embeddable":true,"href":"https:\/\/www.auzeau.fr\/39-45\/wp-json\/wp\/v2\/comments?post=6837"}],"version-history":[{"count":0,"href":"https:\/\/www.auzeau.fr\/39-45\/wp-json\/wp\/v2\/pages\/6837\/revisions"}],"up":[{"embeddable":true,"href":"https:\/\/www.auzeau.fr\/39-45\/wp-json\/wp\/v2\/pages\/93"}],"wp:attachment":[{"href":"https:\/\/www.auzeau.fr\/39-45\/wp-json\/wp\/v2\/media?parent=6837"}],"wp:term":[{"taxonomy":"category","embeddable":true,"href":"https:\/\/www.auzeau.fr\/39-45\/wp-json\/wp\/v2\/categories?post=6837"},{"taxonomy":"post_tag","embeddable":true,"href":"https:\/\/www.auzeau.fr\/39-45\/wp-json\/wp\/v2\/tags?post=6837"},{"taxonomy":"wf_page_folders","embeddable":true,"href":"https:\/\/www.auzeau.fr\/39-45\/wp-json\/wp\/v2\/wf_page_folders?post=6837"}],"curies":[{"name":"wp","href":"https:\/\/api.w.org\/{rel}","templated":true}]}}