{"id":6797,"date":"2017-08-15T23:20:10","date_gmt":"2017-08-15T21:20:10","guid":{"rendered":"http:\/\/www.auzeau.fr\/3945\/?page_id=6797"},"modified":"2017-08-08T21:58:54","modified_gmt":"2017-08-08T19:58:54","slug":"60-boran-sur-oise","status":"publish","type":"page","link":"https:\/\/www.auzeau.fr\/39-45\/france\/60-oise\/60-boran-sur-oise\/","title":{"rendered":"60 &#8211; Boran-sur-Oise"},"content":{"rendered":"<p><img fetchpriority=\"high\" decoding=\"async\" class=\"aligncenter size-full wp-image-57310\" title=\"Boran_sur_Oise\" src=\"https:\/\/www.auzeau.fr\/39-45\/wp-content\/uploads\/Cimetieres\/31 -- 60\/60-Oise\/Boran\/Boran_sur_Oise.jpg\" alt=\"\" width=\"900\" height=\"398\" srcset=\"https:\/\/www.auzeau.fr\/39-45\/wp-content\/uploads\/Cimetieres\/31%20--%2060\/60-Oise\/Boran\/Boran_sur_Oise.jpg 900w, https:\/\/www.auzeau.fr\/39-45\/wp-content\/uploads\/Cimetieres\/31%20--%2060\/60-Oise\/Boran\/Boran_sur_Oise-300x133.jpg 300w, https:\/\/www.auzeau.fr\/39-45\/wp-content\/uploads\/Cimetieres\/31%20--%2060\/60-Oise\/Boran\/Boran_sur_Oise-768x340.jpg 768w\" sizes=\"(max-width: 900px) 100vw, 900px\" \/><\/p>\n<table style=\"width: 100%;\">\n<tbody>\n<tr>\n<td style=\"width: 5%;\"><a name=\"bloch_551\"><\/a><\/td>\n<td style=\"width: 5%;\"><\/td>\n<td style=\"width: 5%;\"><\/td>\n<td style=\"width: 5%;\"><\/td>\n<td style=\"width: 5%;\"><\/td>\n<td style=\"width: 5%;\"><\/td>\n<td style=\"width: 5%;\"><\/td>\n<td style=\"width: 5%;\"><\/td>\n<td style=\"width: 5%;\"><\/td>\n<td style=\"width: 5%;\"><\/td>\n<td style=\"width: 5%;\"><\/td>\n<td style=\"width: 5%;\"><\/td>\n<td style=\"width: 5%;\"><\/td>\n<td style=\"width: 5%;\"><\/td>\n<td style=\"width: 5%;\"><\/td>\n<td style=\"width: 5%;\"><\/td>\n<td style=\"width: 5%;\"><\/td>\n<td style=\"width: 5%;\"><\/td>\n<td style=\"width: 5%;\"><\/td>\n<td style=\"width: 5%;\"><\/td>\n<\/tr>\n<tr>\n<td colspan=\"15\"><span style=\"color: #000000;\"><strong><span style=\"font-size: xx-large;\">Bloch MB152 n\u00b0551<\/span><\/strong><\/span><br \/>\nMatricule <span class='tooltipsall tooltipsincontent classtoolTips136'>AAF<\/span> :<\/td>\n<td style=\"text-align: center;\" colspan=\"5\"><strong><span style=\"font-size: xx-large;\">GC I\/1<\/span><\/strong><br \/>\n<strong>1ere Escadrille<\/strong><\/td>\n<\/tr>\n<tr style=\"background-color: 40;\">\n<td style=\"text-align: right;\" colspan=\"2\"><span style=\"font-size: 14px;\"> <strong>Date :<br \/>\n<\/strong><\/span><\/td>\n<td colspan=\"5\"><span style=\"font-size: 14px;\"><em> 3 juin 1940<br \/>\n<\/em><\/span><\/td>\n<td><\/td>\n<td style=\"text-align: right;\" colspan=\"2\"><span style=\"font-size: 14px;\"><strong>Mission : <\/strong><\/span><\/td>\n<td colspan=\"10\"><span style=\"font-size: 14px;\"><em><span class='tooltipsall tooltipsincontent classtoolTips31'>Ranger<\/span> au nord de la Seine<br \/>\n<\/em><\/span><\/td>\n<\/tr>\n<tr style=\"background-color: 40;\">\n<td><\/td>\n<td><\/td>\n<td style=\"text-align: right;\" colspan=\"5\"><span style=\"font-size: 14px;\"><strong>D\u00e9collage :<br \/>\n<\/strong><\/span><\/td>\n<td colspan=\"10\"><span style=\"font-size: 14px;\"><em> &#8220;Les Aigles&#8221; \u00e0 Chantilly (60)<br \/>\n<\/em><\/span><\/td>\n<td><\/td>\n<td><\/td>\n<td><\/td>\n<\/tr>\n<tr style=\"background-color: 40;\">\n<td><\/td>\n<td><\/td>\n<td style=\"text-align: right;\" colspan=\"5\"><span style=\"font-size: 14px;\"><strong>Causes de la perte :<br \/>\n<\/strong><\/span><\/td>\n<td colspan=\"10\"><span style=\"font-size: 14px;\"><em> Abattu en combat a\u00e9rien par des <span class='tooltipsall tooltipsincontent classtoolTips22'>Bf 110<\/span><br \/>\n<\/em><\/span><\/td>\n<td><\/td>\n<td><\/td>\n<td><\/td>\n<\/tr>\n<tr style=\"background-color: 40;\">\n<td><\/td>\n<td><\/td>\n<td style=\"text-align: right;\" colspan=\"5\"><span style=\"font-size: 14px;\"><strong>Lieu de la perte : <\/strong><\/span><\/td>\n<td colspan=\"10\"><span style=\"font-size: 14px;\"><em> Boran-sur-Oise (60)<br \/>\n<\/em><\/span><\/td>\n<td><\/td>\n<td><\/td>\n<td><\/td>\n<\/tr>\n<tr style=\"height: 60px;\">\n<td><span style=\"font-size: 14px;\"><img decoding=\"async\" class=\"size-full wp-image-47214 alignleft\" title=\"France\" src=\"https:\/\/www.auzeau.fr\/39-45\/wp-content\/uploads\/images\/Drapeaux\/France.png\" alt=\"France\" width=\"40\" height=\"20\" \/><\/span><\/td>\n<td><span style=\"font-size: 14px;\"><span class='tooltipsall tooltipsincontent classtoolTips181'>SLT<\/span><\/span><\/td>\n<td colspan=\"5\"><span style=\"font-size: 14px;\">Pierre<\/span><\/td>\n<td colspan=\"4\"><span style=\"font-size: 14px; color: #000000;\"><strong>TR\u00c9BOD<\/strong><\/span><\/td>\n<td><span style=\"font-size: 14px;\"><span class='tooltipsall tooltipsincontent classtoolTips136'>AAF<\/span><\/span><\/td>\n<td colspan=\"2\"><\/td>\n<td><span style=\"font-size: 14px; color: #000000;\"><strong><span class='tooltipsall tooltipsincontent classtoolTips110'>KIA<\/span><\/strong><\/span><\/td>\n<td colspan=\"5\"><strong><span style=\"color: #000000;\"><span class='tooltipsall tooltipsincontent classtoolTips126'>MPF<\/span><\/span><\/strong><\/td>\n<\/tr>\n<tr>\n<td colspan=\"20\" height=\"20\"><\/td>\n<\/tr>\n<tr>\n<td colspan=\"20\"><div id='gallery-1' class='gallery galleryid-6797 gallery-columns-3 gallery-size-thumbnail'><figure class='gallery-item'>\n\t\t\t<div class='gallery-icon portrait'>\n\t\t\t\t<a title=\"TREBOD\"  title=\"TREBOD\"  href='https:\/\/www.auzeau.fr\/39-45\/wp-content\/uploads\/Cimetieres\/31%20--%2060\/60-Oise\/Boran\/Bloch\/P._TREBOD_1.jpg'><img decoding=\"async\" width=\"150\" height=\"150\" src=\"https:\/\/www.auzeau.fr\/39-45\/wp-content\/uploads\/Cimetieres\/31 -- 60\/60-Oise\/Boran\/Bloch\/P._TREBOD_1-150x150.jpg\" class=\"attachment-thumbnail size-thumbnail\" alt=\"\" srcset=\"https:\/\/www.auzeau.fr\/39-45\/wp-content\/uploads\/Cimetieres\/31%20--%2060\/60-Oise\/Boran\/Bloch\/P._TREBOD_1-150x150.jpg 150w, https:\/\/www.auzeau.fr\/39-45\/wp-content\/uploads\/Cimetieres\/31%20--%2060\/60-Oise\/Boran\/Bloch\/P._TREBOD_1-50x50.jpg 50w\" sizes=\"(max-width: 150px) 100vw, 150px\" \/><\/a>\n\t\t\t<\/div><\/figure><figure class='gallery-item'>\n\t\t\t<div class='gallery-icon landscape'>\n\t\t\t\t<a title=\"TREBOD\"  title=\"TREBOD\"  href='https:\/\/www.auzeau.fr\/39-45\/wp-content\/uploads\/Cimetieres\/31%20--%2060\/60-Oise\/Boran\/Bloch\/P._TREBOD_2.jpg'><img loading=\"lazy\" decoding=\"async\" width=\"150\" height=\"150\" src=\"https:\/\/www.auzeau.fr\/39-45\/wp-content\/uploads\/Cimetieres\/31 -- 60\/60-Oise\/Boran\/Bloch\/P._TREBOD_2-150x150.jpg\" class=\"attachment-thumbnail size-thumbnail\" alt=\"\" srcset=\"https:\/\/www.auzeau.fr\/39-45\/wp-content\/uploads\/Cimetieres\/31%20--%2060\/60-Oise\/Boran\/Bloch\/P._TREBOD_2-150x150.jpg 150w, https:\/\/www.auzeau.fr\/39-45\/wp-content\/uploads\/Cimetieres\/31%20--%2060\/60-Oise\/Boran\/Bloch\/P._TREBOD_2-50x50.jpg 50w\" sizes=\"(max-width: 150px) 100vw, 150px\" \/><\/a>\n\t\t\t<\/div><\/figure><figure class='gallery-item'>\n\t\t\t<div class='gallery-icon portrait'>\n\t\t\t\t<a title=\"TREBOD\"  title=\"TREBOD\"  href='https:\/\/www.auzeau.fr\/39-45\/wp-content\/uploads\/Cimetieres\/31%20--%2060\/60-Oise\/Boran\/Bloch\/P._TREBOD_3.jpg'><img loading=\"lazy\" decoding=\"async\" width=\"150\" height=\"150\" src=\"https:\/\/www.auzeau.fr\/39-45\/wp-content\/uploads\/Cimetieres\/31 -- 60\/60-Oise\/Boran\/Bloch\/P._TREBOD_3-150x150.jpg\" class=\"attachment-thumbnail size-thumbnail\" alt=\"\" srcset=\"https:\/\/www.auzeau.fr\/39-45\/wp-content\/uploads\/Cimetieres\/31%20--%2060\/60-Oise\/Boran\/Bloch\/P._TREBOD_3-150x150.jpg 150w, https:\/\/www.auzeau.fr\/39-45\/wp-content\/uploads\/Cimetieres\/31%20--%2060\/60-Oise\/Boran\/Bloch\/P._TREBOD_3-50x50.jpg 50w\" sizes=\"(max-width: 150px) 100vw, 150px\" \/><\/a>\n\t\t\t<\/div><\/figure>\n\t\t<\/div>\n<\/td>\n<\/tr>\n<\/tbody>\n<\/table>\n<table>\n<tbody>\n<tr>\n<td style=\"background-color: #dcdcdc; text-align: center; vertical-align: middle;\">\n<p style=\"text-align: center;\"><ul id=\"menu-60-boran\" class=\"menu\"><li id=\"menu-item-57333\" class=\"menu-item menu-item-type-post_type menu-item-object-page menu-item-57333\"><a href=\"https:\/\/www.auzeau.fr\/39-45\/france\/60-oise\/60-boran-sur-oise\/\">Bloch MB152 n\u00b0551<\/a><\/li>\n<li id=\"menu-item-57350\" class=\"menu-item menu-item-type-post_type menu-item-object-page menu-item-57350\"><a href=\"https:\/\/www.auzeau.fr\/39-45\/france\/60-oise\/60-boran-sur-oise-2\/\">Lancaster ME745<\/a><\/li>\n<li id=\"menu-item-57349\" class=\"menu-item menu-item-type-post_type menu-item-object-page menu-item-57349\"><a href=\"https:\/\/www.auzeau.fr\/39-45\/france\/60-oise\/60-boran-sur-oise-3\/\">Halifax LW572<\/a><\/li>\n<li id=\"menu-item-57348\" class=\"menu-item menu-item-type-post_type menu-item-object-page menu-item-57348\"><a href=\"https:\/\/www.auzeau.fr\/39-45\/france\/60-oise\/60-boran-sur-oise-4\/\">Lancaster ME853<\/a><\/li>\n<li id=\"menu-item-57347\" class=\"menu-item menu-item-type-post_type menu-item-object-page menu-item-57347\"><a href=\"https:\/\/www.auzeau.fr\/39-45\/france\/60-oise\/60-boran-sur-oise-5\/\">Lancaster ND346<\/a><\/li>\n<li id=\"menu-item-57346\" class=\"menu-item menu-item-type-post_type menu-item-object-page menu-item-57346\"><a href=\"https:\/\/www.auzeau.fr\/39-45\/france\/60-oise\/60-boran-sur-oise-6\/\">Halifax LV959<\/a><\/li>\n<\/ul>\n<\/td>\n<\/tr>\n<\/tbody>\n<\/table>\n<hr \/>\n<p style=\"text-align: center;\"><ul id=\"menu-60-oise\" class=\"menu\"><li id=\"menu-item-102880\" class=\"menu-item menu-item-type-post_type menu-item-object-page menu-item-102880\"><a href=\"https:\/\/www.auzeau.fr\/39-45\/france\/60-oise\/60-auger-saint-vincent\/\">60 \u2013 Auger-Saint-Vincent<\/a><\/li>\n<li id=\"menu-item-56871\" class=\"menu-item menu-item-type-post_type menu-item-object-page menu-item-56871\"><a href=\"https:\/\/www.auzeau.fr\/39-45\/france\/60-oise\/60-beaumont-les-nonains\/\">60 \u2013 Beaumont-les-Nonains<\/a><\/li>\n<li id=\"menu-item-102879\" class=\"menu-item menu-item-type-post_type menu-item-object-page menu-item-102879\"><a href=\"https:\/\/www.auzeau.fr\/39-45\/france\/60-oise\/60-beaurepaire\/\">60 \u2013 Beaurepaire<\/a><\/li>\n<li id=\"menu-item-56872\" class=\"menu-item menu-item-type-post_type menu-item-object-page menu-item-56872\"><a href=\"https:\/\/www.auzeau.fr\/39-45\/france\/60-oise\/60-beauvais-necropole-nationale\/\">60 \u2013 Beauvais N\u00e9cropole Nationale<\/a><\/li>\n<li id=\"menu-item-56873\" class=\"menu-item menu-item-type-post_type menu-item-object-page menu-item-56873\"><a href=\"https:\/\/www.auzeau.fr\/39-45\/france\/60-oise\/60-belloy\/\">60 \u2013 Belloy<\/a><\/li>\n<li id=\"menu-item-56874\" class=\"menu-item menu-item-type-post_type menu-item-object-page menu-item-56874\"><a href=\"https:\/\/www.auzeau.fr\/39-45\/france\/60-oise\/60-blargies\/\">60 \u2013 Blargies<\/a><\/li>\n<li id=\"menu-item-56875\" class=\"menu-item menu-item-type-post_type menu-item-object-page menu-item-56875\"><a href=\"https:\/\/www.auzeau.fr\/39-45\/france\/60-oise\/60-boran-sur-oise\/\">60 \u2013 Boran-sur-Oise<\/a><\/li>\n<li id=\"menu-item-56876\" class=\"menu-item menu-item-type-post_type menu-item-object-page menu-item-56876\"><a href=\"https:\/\/www.auzeau.fr\/39-45\/france\/60-oise\/60-cambronne-les-ribecourt-necropole-nationale\/\">60 \u2013 Cambronne-l\u00e8s-Ribecourt N\u00e9cropole Nationale<\/a><\/li>\n<li id=\"menu-item-56877\" class=\"menu-item menu-item-type-post_type menu-item-object-page menu-item-56877\"><a href=\"https:\/\/www.auzeau.fr\/39-45\/france\/60-oise\/60-campagne\/\">60 \u2013 Campagne<\/a><\/li>\n<li id=\"menu-item-56878\" class=\"menu-item menu-item-type-post_type menu-item-object-page menu-item-56878\"><a href=\"https:\/\/www.auzeau.fr\/39-45\/france\/60-oise\/60-chantilly\/\">60 \u2013 Chantilly<\/a><\/li>\n<li id=\"menu-item-56879\" class=\"menu-item menu-item-type-post_type menu-item-object-page menu-item-56879\"><a href=\"https:\/\/www.auzeau.fr\/39-45\/france\/60-oise\/60-courcelles-les-gisors\/\">60 \u2013 Courcelles-les-Gisors<\/a><\/li>\n<li id=\"menu-item-56880\" class=\"menu-item menu-item-type-post_type menu-item-object-page menu-item-56880\"><a href=\"https:\/\/www.auzeau.fr\/39-45\/france\/60-oise\/60-cramoisy\/\">60 \u2013 Cramoisy<\/a><\/li>\n<li id=\"menu-item-56881\" class=\"menu-item menu-item-type-post_type menu-item-object-page menu-item-56881\"><a href=\"https:\/\/www.auzeau.fr\/39-45\/france\/60-oise\/60-creil\/\">60 \u2013 Creil<\/a><\/li>\n<li id=\"menu-item-71582\" class=\"menu-item menu-item-type-post_type menu-item-object-page menu-item-71582\"><a href=\"https:\/\/www.auzeau.fr\/39-45\/france\/60-oise\/60-feigneux\/\">60 \u2013 Feigneux<\/a><\/li>\n<li id=\"menu-item-56882\" class=\"menu-item menu-item-type-post_type menu-item-object-page menu-item-56882\"><a href=\"https:\/\/www.auzeau.fr\/39-45\/france\/60-oise\/60-flavacourt\/\">60 \u2013 Flavacourt<\/a><\/li>\n<li id=\"menu-item-71580\" class=\"menu-item menu-item-type-post_type menu-item-object-page menu-item-71580\"><a href=\"https:\/\/www.auzeau.fr\/39-45\/france\/60-oise\/60-fresnoy-la-riviere\/\">60 \u2013 Fresnoy-la-Rivi\u00e8re<\/a><\/li>\n<li id=\"menu-item-56883\" class=\"menu-item menu-item-type-post_type menu-item-object-page menu-item-56883\"><a href=\"https:\/\/www.auzeau.fr\/39-45\/france\/60-oise\/60-gannes\/\">60 \u2013 Gannes<\/a><\/li>\n<li id=\"menu-item-56884\" class=\"menu-item menu-item-type-post_type menu-item-object-page menu-item-56884\"><a href=\"https:\/\/www.auzeau.fr\/39-45\/france\/60-oise\/60-lannoy-lacuillere\/\">60 \u2013 Lannoy-Lacuill\u00e8re<\/a><\/li>\n<li id=\"menu-item-56885\" class=\"menu-item menu-item-type-post_type menu-item-object-page menu-item-56885\"><a href=\"https:\/\/www.auzeau.fr\/39-45\/france\/60-oise\/60-moliens\/\">60 \u2013 Moliens<\/a><\/li>\n<li id=\"menu-item-71581\" class=\"menu-item menu-item-type-post_type menu-item-object-page menu-item-71581\"><a href=\"https:\/\/www.auzeau.fr\/39-45\/france\/60-oise\/60-morienval\/\">60 \u2013 Morienval<\/a><\/li>\n<li id=\"menu-item-56886\" class=\"menu-item menu-item-type-post_type menu-item-object-page menu-item-56886\"><a href=\"https:\/\/www.auzeau.fr\/39-45\/france\/60-oise\/60-moulin-sous-touvent\/\">60 \u2013 Moulin-sous-Touvent<\/a><\/li>\n<li id=\"menu-item-56887\" class=\"menu-item menu-item-type-post_type menu-item-object-page menu-item-56887\"><a href=\"https:\/\/www.auzeau.fr\/39-45\/france\/60-oise\/60-orry-la-ville-cimetiere-militaire-neerlandais\/\">60 \u2013 Orry-la-Ville Cimeti\u00e8re militaire n\u00e9erlandais<\/a><\/li>\n<li id=\"menu-item-56888\" class=\"menu-item menu-item-type-post_type menu-item-object-page menu-item-56888\"><a href=\"https:\/\/www.auzeau.fr\/39-45\/france\/60-oise\/60-quinquempoix\/\">60 \u2013 Quinquempoix<\/a><\/li>\n<li id=\"menu-item-56889\" class=\"menu-item menu-item-type-post_type menu-item-object-page menu-item-56889\"><a href=\"https:\/\/www.auzeau.fr\/39-45\/france\/60-oise\/60-remy\/\">60 \u2013 R\u00e9my<\/a><\/li>\n<li id=\"menu-item-56890\" class=\"menu-item menu-item-type-post_type menu-item-object-page menu-item-56890\"><a href=\"https:\/\/www.auzeau.fr\/39-45\/france\/60-oise\/60-ricquebourg\/\">60 \u2013 Ricquebourg<\/a><\/li>\n<li id=\"menu-item-56891\" class=\"menu-item menu-item-type-post_type menu-item-object-page menu-item-56891\"><a href=\"https:\/\/www.auzeau.fr\/39-45\/france\/60-oise\/60-romescamps\/\">60 \u2013 Romescamps<\/a><\/li>\n<li id=\"menu-item-56892\" class=\"menu-item menu-item-type-post_type menu-item-object-page menu-item-56892\"><a href=\"https:\/\/www.auzeau.fr\/39-45\/france\/60-oise\/60-sains-morainvillers\/\">60 \u2013 Sains-Morainvillers<\/a><\/li>\n<li id=\"menu-item-56893\" class=\"menu-item menu-item-type-post_type menu-item-object-page menu-item-56893\"><a href=\"https:\/\/www.auzeau.fr\/39-45\/france\/60-oise\/60-sainte-genevieve\/\">60 \u2013 Sainte Genevi\u00e8ve<\/a><\/li>\n<li id=\"menu-item-56894\" class=\"menu-item menu-item-type-post_type menu-item-object-page menu-item-56894\"><a href=\"https:\/\/www.auzeau.fr\/39-45\/france\/60-oise\/60-senantes\/\">60 \u2013 Senantes<\/a><\/li>\n<li id=\"menu-item-56895\" class=\"menu-item menu-item-type-post_type menu-item-object-page menu-item-56895\"><a href=\"https:\/\/www.auzeau.fr\/39-45\/france\/60-oise\/60-senlis-necropole-nationale\/\">60 \u2013 Senlis N\u00e9cropole Nationale<\/a><\/li>\n<li id=\"menu-item-56896\" class=\"menu-item menu-item-type-post_type menu-item-object-page menu-item-56896\"><a href=\"https:\/\/www.auzeau.fr\/39-45\/france\/60-oise\/60-thiescourt-necropole-nationale\/\">60 \u2013 Thiescourt N\u00e9cropole Nationale<\/a><\/li>\n<li id=\"menu-item-56897\" class=\"menu-item menu-item-type-post_type menu-item-object-page menu-item-56897\"><a href=\"https:\/\/www.auzeau.fr\/39-45\/france\/60-oise\/60-thieux\/\">60 \u2013 Thieux<\/a><\/li>\n<li id=\"menu-item-56898\" class=\"menu-item menu-item-type-post_type menu-item-object-page menu-item-56898\"><a href=\"https:\/\/www.auzeau.fr\/39-45\/france\/60-oise\/60-trie-la-ville\/\">60 \u2013 Trie-la-Ville<\/a><\/li>\n<\/ul>\n<script type=\"text\/javascript\"> toolTips('.classtoolTips22','<img class=\"aligncenter size-full wp-image-65864\" title=\"Bf110\" src=\"https:\/\/www.auzeau.fr\/39-45\/wp-content\/uploads\/Avions\/Allemand\/Messerschmitt-Me110.jpg\" alt=\"\" width=\"442\" height=\"653\" \/>'); <\/script><script type=\"text\/javascript\"> toolTips('.classtoolTips31','Vols libres au dessus du territoire ennemi afin d\u2019occuper et de combattre la chasse ennemi<br\/><br\/>Freelance flights over enemy teritory, the intention was to occupy and tire ennemy fighters'); <\/script><script type=\"text\/javascript\"> toolTips('.classtoolTips95','Leading Aircraftman'); <\/script><script type=\"text\/javascript\"> toolTips('.classtoolTips98','Colonel'); <\/script><script type=\"text\/javascript\"> toolTips('.classtoolTips110','Tu\u00e9 au combat<br\/><br\/>Killed In Action'); <\/script><script type=\"text\/javascript\"> toolTips('.classtoolTips126','Mort Pour la France'); <\/script><script type=\"text\/javascript\"> toolTips('.classtoolTips136','Arm\u00e9e de l\u2019Air Fran\u00e7aise'); <\/script><script type=\"text\/javascript\"> toolTips('.classtoolTips144','Royal Corps of Signals'); <\/script><script type=\"text\/javascript\"> toolTips('.classtoolTips153','Porucznik'); <\/script><script type=\"text\/javascript\"> toolTips('.classtoolTips158','Midshipman'); <\/script><script type=\"text\/javascript\"> toolTips('.classtoolTips181','Sous-Lieutenant'); <\/script><script type=\"text\/javascript\"> toolTips('.classtoolTips185','Mitrailleur<br\/><br\/>Air Gunner'); <\/script><script type=\"text\/javascript\"> toolTips('.classtoolTips188','Bombardier<br\/><br\/>Air bomber'); <\/script><script type=\"text\/javascript\"> toolTips('.classtoolTips189','M\u00e9canicien volant<br\/><br\/>Flying Enginer'); <\/script><script type=\"text\/javascript\"> toolTips('.classtoolTips194','Lieutenant de Vaisseau'); <\/script><script type=\"text\/javascript\"> toolTips('.classtoolTips195','Enseigne de Vaisseau'); <\/script><script type=\"text\/javascript\"> toolTips('.classtoolTips197','Aircraftman'); <\/script><script type=\"text\/javascript\"> toolTips('.classtoolTips199','Radio Officer'); <\/script><script type=\"text\/javascript\"> toolTips('.classtoolTips201','Lieutenant'); <\/script>","protected":false},"excerpt":{"rendered":"<p>Bloch MB152 n\u00b0551 Matricule AAF : GC I\/1 1ere Escadrille Date : 3 juin 1940 Mission : Ranger au nord de la Seine D\u00e9collage : &#8220;Les Aigles&#8221; \u00e0 Chantilly (60) Causes de la perte : Abattu en combat a\u00e9rien par des Bf 110 Lieu de la perte : Boran-sur-Oise (60) SLT Pierre TR\u00c9BOD AAF KIA [&hellip;]<\/p>\n","protected":false},"author":1,"featured_media":0,"parent":93,"menu_order":0,"comment_status":"closed","ping_status":"closed","template":"template-full-width MB152.php","meta":{"_lmt_disableupdate":"yes","_lmt_disable":"","footnotes":""},"categories":[418],"tags":[1774],"wf_page_folders":[3127],"class_list":["post-6797","page","type-page","status-publish","hentry","category-bloch-mb152","tag-gc-i-1"],"_links":{"self":[{"href":"https:\/\/www.auzeau.fr\/39-45\/wp-json\/wp\/v2\/pages\/6797","targetHints":{"allow":["GET"]}}],"collection":[{"href":"https:\/\/www.auzeau.fr\/39-45\/wp-json\/wp\/v2\/pages"}],"about":[{"href":"https:\/\/www.auzeau.fr\/39-45\/wp-json\/wp\/v2\/types\/page"}],"author":[{"embeddable":true,"href":"https:\/\/www.auzeau.fr\/39-45\/wp-json\/wp\/v2\/users\/1"}],"replies":[{"embeddable":true,"href":"https:\/\/www.auzeau.fr\/39-45\/wp-json\/wp\/v2\/comments?post=6797"}],"version-history":[{"count":0,"href":"https:\/\/www.auzeau.fr\/39-45\/wp-json\/wp\/v2\/pages\/6797\/revisions"}],"up":[{"embeddable":true,"href":"https:\/\/www.auzeau.fr\/39-45\/wp-json\/wp\/v2\/pages\/93"}],"wp:attachment":[{"href":"https:\/\/www.auzeau.fr\/39-45\/wp-json\/wp\/v2\/media?parent=6797"}],"wp:term":[{"taxonomy":"category","embeddable":true,"href":"https:\/\/www.auzeau.fr\/39-45\/wp-json\/wp\/v2\/categories?post=6797"},{"taxonomy":"post_tag","embeddable":true,"href":"https:\/\/www.auzeau.fr\/39-45\/wp-json\/wp\/v2\/tags?post=6797"},{"taxonomy":"wf_page_folders","embeddable":true,"href":"https:\/\/www.auzeau.fr\/39-45\/wp-json\/wp\/v2\/wf_page_folders?post=6797"}],"curies":[{"name":"wp","href":"https:\/\/api.w.org\/{rel}","templated":true}]}}