{"id":67840,"date":"2019-02-28T08:57:21","date_gmt":"2019-02-28T07:57:21","guid":{"rendered":"http:\/\/39-45.auzeau.fr\/?page_id=67840"},"modified":"2019-02-28T07:06:03","modified_gmt":"2019-02-28T05:06:03","slug":"56-lamor-plage","status":"publish","type":"page","link":"https:\/\/www.auzeau.fr\/39-45\/france\/56-morbihan\/56-lamor-plage\/","title":{"rendered":"56 &#8211; Lamor-Plage"},"content":{"rendered":"<p><img fetchpriority=\"high\" decoding=\"async\" class=\"aligncenter size-full wp-image-67791\" title=\"Larmor-Plage\" src=\"https:\/\/www.auzeau.fr\/39-45\/wp-content\/uploads\/Cimetieres\/31 -- 60\/56-Morbihan\/Lamor-Plage\/Larmor-Plage.jpg\" alt=\"\" width=\"900\" height=\"482\" srcset=\"https:\/\/www.auzeau.fr\/39-45\/wp-content\/uploads\/Cimetieres\/31%20--%2060\/56-Morbihan\/Lamor-Plage\/Larmor-Plage.jpg 900w, https:\/\/www.auzeau.fr\/39-45\/wp-content\/uploads\/Cimetieres\/31%20--%2060\/56-Morbihan\/Lamor-Plage\/Larmor-Plage-300x161.jpg 300w, https:\/\/www.auzeau.fr\/39-45\/wp-content\/uploads\/Cimetieres\/31%20--%2060\/56-Morbihan\/Lamor-Plage\/Larmor-Plage-768x411.jpg 768w\" sizes=\"(max-width: 900px) 100vw, 900px\" \/><\/p>\n<table style=\"width: 100%; height: 494px;\" border=\"0\">\n<tbody>\n<tr style=\"height: 21px;\">\n<td style=\"width: 5%; height: 21px;\"><\/td>\n<td style=\"width: 5%; height: 21px;\"><\/td>\n<td style=\"width: 5%; height: 21px;\"><\/td>\n<td style=\"width: 5%; height: 21px;\"><\/td>\n<td style=\"width: 5%; height: 21px;\"><\/td>\n<td style=\"width: 5%; height: 21px;\"><\/td>\n<td style=\"width: 5%; height: 21px;\"><\/td>\n<td style=\"width: 5%; height: 21px;\"><\/td>\n<td style=\"width: 5%; height: 21px;\"><\/td>\n<td style=\"width: 5%; height: 21px;\"><\/td>\n<td style=\"width: 5%; height: 21px;\"><\/td>\n<td style=\"width: 5%; height: 21px;\"><\/td>\n<td style=\"width: 5%; height: 21px;\"><\/td>\n<td style=\"width: 5%; height: 21px;\"><\/td>\n<td style=\"width: 5%; height: 21px;\"><\/td>\n<td style=\"width: 5.12121%; height: 21px;\"><\/td>\n<td style=\"width: 4.87879%; height: 21px;\"><\/td>\n<td style=\"width: 5%; height: 21px;\"><\/td>\n<td style=\"width: 5%; height: 21px;\"><\/td>\n<td style=\"width: 5%; height: 21px;\"><\/td>\n<\/tr>\n<tr style=\"height: 48px;\">\n<td style=\"width: 75%; height: 48px;\" colspan=\"15\"><span style=\"font-size: xx-large; color: #000000;\"><strong>Lysander ?<br \/>\n<\/strong><\/span><\/td>\n<td style=\"text-align: center; width: 25%; height: 48px;\" colspan=\"5\"><strong><span style=\"font-size: xx-large;\">Groupe de Combat n\u00b01<br \/>\n<\/span><\/strong><\/td>\n<\/tr>\n<tr style=\"height: 40px;\">\n<td style=\"text-align: right; width: 10%; height: 21px;\" colspan=\"2\"><strong>Date : <\/strong><\/td>\n<td style=\"width: 25%; height: 21px;\" colspan=\"5\"><em> \u00a011 novembre 1940<br \/>\n<\/em><\/td>\n<td style=\"text-align: right; width: 15%; height: 21px;\" colspan=\"3\"><strong>Mission : <\/strong><\/td>\n<td style=\"width: 50%; height: 21px;\" colspan=\"10\"><em>\u00a0Vol de liaison Kribi &#8211; Douala (Cameroun)<br \/>\n<\/em><\/td>\n<\/tr>\n<tr style=\"height: 40px;\">\n<td style=\"width: 5%; height: 21px;\"><\/td>\n<td style=\"width: 5%; height: 21px;\"><\/td>\n<td style=\"text-align: right; width: 25%; height: 21px;\" colspan=\"5\"><strong>D\u00e9collage :<\/strong><\/td>\n<td style=\"width: 50%; height: 21px;\" colspan=\"10\"><em>\u00a0\u00a0Kribi (Cameroun)<br \/>\n<\/em><\/td>\n<td style=\"width: 5%; height: 21px;\"><\/td>\n<td style=\"width: 5%; height: 21px;\"><\/td>\n<td style=\"width: 5%; height: 21px;\"><\/td>\n<\/tr>\n<tr style=\"height: 40px;\">\n<td style=\"width: 5%; height: 21px;\"><\/td>\n<td style=\"width: 5%; height: 21px;\"><\/td>\n<td style=\"text-align: right; width: 25%; height: 21px;\" colspan=\"5\"><strong>Causes de la perte :<\/strong><\/td>\n<td style=\"width: 65%; height: 21px;\" colspan=\"13\"><em>\u00a0\u00a0Au d\u00e9collage, l\u2019avion s&#8217;est soudainement cabr\u00e9 puis a d\u00e9croch\u00e9.<br \/>\n<\/em><\/td>\n<\/tr>\n<tr style=\"height: 40px;\">\n<td style=\"width: 5%; height: 21px;\"><\/td>\n<td style=\"width: 5%; height: 21px;\"><\/td>\n<td style=\"text-align: right; width: 25%; height: 21px;\" colspan=\"5\"><strong>Lieu de la perte :<br \/>\n<\/strong><\/td>\n<td style=\"width: 50%; height: 21px;\" colspan=\"10\"><em>\u00a0Kribi (Cameroun)<\/em><\/td>\n<td style=\"width: 5%; height: 21px;\"><\/td>\n<td style=\"width: 5%; height: 21px;\"><\/td>\n<td style=\"width: 5%; height: 21px;\"><\/td>\n<\/tr>\n<tr style=\"height: 60px;\">\n<td style=\"width: 5%; height: 31px;\"><img decoding=\"async\" class=\"size-full wp-image-47214 alignleft\" title=\"France\" src=\"https:\/\/www.auzeau.fr\/39-45\/wp-content\/uploads\/images\/Drapeaux\/France.png\" alt=\"France\" width=\"40\" height=\"20\" \/><\/td>\n<td style=\"width: 5%; height: 31px;\"><span class='tooltipsall tooltipsincontent classtoolTips96'>Sgt<\/span><\/td>\n<td style=\"width: 25%; height: 31px;\" colspan=\"5\">\u00c9douard Ludovic Marcel<\/td>\n<td style=\"width: 15%; height: 31px;\" colspan=\"3\"><span style=\"color: #000000;\"><strong>G\u00c9RARD<br \/>\n<\/strong><\/span><\/td>\n<td style=\"width: 5%; height: 31px;\"><span class='tooltipsall tooltipsincontent classtoolTips151'>Pil<\/span><\/td>\n<td style=\"text-align: center; width: 5%; height: 31px;\"><span class='tooltipsall tooltipsincontent classtoolTips69'>FAFL<\/span><\/td>\n<td style=\"width: 10%; height: 31px;\" colspan=\"2\">27.101<\/td>\n<td style=\"width: 5%; height: 31px; text-align: center;\"><span style=\"color: #000000;\"><strong><span class='tooltipsall tooltipsincontent classtoolTips125'>NBC<\/span><\/strong><\/span><\/td>\n<td style=\"width: 25%; height: 31px;\" colspan=\"5\"><span style=\"color: #000000;\"><strong><span class='tooltipsall tooltipsincontent classtoolTips126'>MPF<\/span><\/strong><\/span><\/td>\n<\/tr>\n<tr style=\"height: 60px;\">\n<td style=\"width: 5%; height: 31px;\"><img decoding=\"async\" class=\"size-full wp-image-47214 alignleft\" title=\"France\" src=\"https:\/\/www.auzeau.fr\/39-45\/wp-content\/uploads\/images\/Drapeaux\/France.png\" alt=\"France\" width=\"40\" height=\"20\" \/><\/td>\n<td style=\"width: 5%; height: 31px;\"><span class='tooltipsall tooltipsincontent classtoolTips89'>SCH<\/span><\/td>\n<td style=\"width: 25%; height: 31px;\" colspan=\"5\">Raymond Jean<\/td>\n<td style=\"width: 15%; height: 31px;\" colspan=\"3\"><span style=\"color: #000000;\"><strong>LACOMBE<br \/>\n<\/strong><\/span><\/td>\n<td style=\"width: 5%; height: 31px;\"><span class='tooltipsall tooltipsincontent classtoolTips115'>WOP<\/span> <span class='tooltipsall tooltipsincontent classtoolTips185'>AG<\/span><\/td>\n<td style=\"text-align: center; width: 5%; height: 31px;\"><span class='tooltipsall tooltipsincontent classtoolTips69'>FAFL<\/span><\/td>\n<td style=\"width: 10%; height: 31px;\" colspan=\"2\">30.259<\/td>\n<td style=\"width: 5%; height: 31px; text-align: center;\"><span style=\"color: #000000;\"><strong><span class='tooltipsall tooltipsincontent classtoolTips125'>NBC<\/span><\/strong><\/span><\/td>\n<td style=\"width: 25%; height: 31px;\" colspan=\"5\"><span style=\"color: #000000;\"><strong><span class='tooltipsall tooltipsincontent classtoolTips126'>MPF<\/span> \u00a0 \u00a0 \u00a0 \u00a0<\/strong><\/span><span style=\"font-size: 8pt;\"> <a href=\"https:\/\/www.auzeau.fr\/39-45\/france\/34-herault\/34-clermont-de-lherault\/\">Inhum\u00e9 \u00e0 Clermont-de-l&#8217;H\u00e9rault (34)<\/a><\/span><span style=\"color: #000000;\"><strong><br \/>\n<\/strong><\/span><\/td>\n<\/tr>\n<tr style=\"height: 21px;\">\n<td style=\"width: 100%; height: 21px;\" colspan=\"20\" height=\"20\"><\/td>\n<\/tr>\n<tr style=\"height: 194px;\">\n<td style=\"width: 100%; height: 194px;\" colspan=\"20\"><div id='gallery-1' class='gallery galleryid-67840 gallery-columns-2 gallery-size-thumbnail'><figure class='gallery-item'>\n\t\t\t<div class='gallery-icon portrait'>\n\t\t\t\t<a title=\"Gerard\"  title=\"Gerard\"  href='https:\/\/www.auzeau.fr\/39-45\/wp-content\/uploads\/Cimetieres\/31%20--%2060\/56-Morbihan\/Lamor-Plage\/Gerard-1.jpg'><img decoding=\"async\" width=\"150\" height=\"150\" src=\"https:\/\/www.auzeau.fr\/39-45\/wp-content\/uploads\/Cimetieres\/31 -- 60\/56-Morbihan\/Lamor-Plage\/Gerard-1-150x150.jpg\" class=\"attachment-thumbnail size-thumbnail\" alt=\"G\u00e9rard\" srcset=\"https:\/\/www.auzeau.fr\/39-45\/wp-content\/uploads\/Cimetieres\/31%20--%2060\/56-Morbihan\/Lamor-Plage\/Gerard-1-150x150.jpg 150w, https:\/\/www.auzeau.fr\/39-45\/wp-content\/uploads\/Cimetieres\/31%20--%2060\/56-Morbihan\/Lamor-Plage\/Gerard-1-50x50.jpg 50w\" sizes=\"(max-width: 150px) 100vw, 150px\" \/><\/a>\n\t\t\t<\/div><\/figure><figure class='gallery-item'>\n\t\t\t<div class='gallery-icon landscape'>\n\t\t\t\t<a title=\"Gerard\"  title=\"Gerard\"  href='https:\/\/www.auzeau.fr\/39-45\/wp-content\/uploads\/Cimetieres\/31%20--%2060\/56-Morbihan\/Lamor-Plage\/Gerard-2.jpg'><img loading=\"lazy\" decoding=\"async\" width=\"150\" height=\"150\" src=\"https:\/\/www.auzeau.fr\/39-45\/wp-content\/uploads\/Cimetieres\/31 -- 60\/56-Morbihan\/Lamor-Plage\/Gerard-2-150x150.jpg\" class=\"attachment-thumbnail size-thumbnail\" alt=\"G\u00e9rard\" srcset=\"https:\/\/www.auzeau.fr\/39-45\/wp-content\/uploads\/Cimetieres\/31%20--%2060\/56-Morbihan\/Lamor-Plage\/Gerard-2-150x150.jpg 150w, https:\/\/www.auzeau.fr\/39-45\/wp-content\/uploads\/Cimetieres\/31%20--%2060\/56-Morbihan\/Lamor-Plage\/Gerard-2-50x50.jpg 50w\" sizes=\"(max-width: 150px) 100vw, 150px\" \/><\/a>\n\t\t\t<\/div><\/figure>\n\t\t<\/div>\n<\/td>\n<\/tr>\n<\/tbody>\n<\/table>\n<hr \/>\n<ul id=\"menu-56-morbihan\" class=\"menu\"><li id=\"menu-item-55636\" class=\"menu-item menu-item-type-post_type menu-item-object-page menu-item-55636\"><a href=\"https:\/\/www.auzeau.fr\/39-45\/france\/56-morbihan\/56-gavres\/\">56 \u2013 Gavres<\/a><\/li>\n<li id=\"menu-item-55637\" class=\"menu-item menu-item-type-post_type menu-item-object-page menu-item-55637\"><a href=\"https:\/\/www.auzeau.fr\/39-45\/france\/56-morbihan\/56-guidel\/\">56 \u2013 Guidel<\/a><\/li>\n<li id=\"menu-item-101551\" class=\"menu-item menu-item-type-post_type menu-item-object-page menu-item-101551\"><a href=\"https:\/\/www.auzeau.fr\/39-45\/france\/56-morbihan\/56-hennebont-cimetiere-de-st-caradec\/\">56 \u2013 Hennebont Cimeti\u00e8re de St Caradec<\/a><\/li>\n<li id=\"menu-item-68201\" class=\"menu-item menu-item-type-post_type menu-item-object-page menu-item-68201\"><a href=\"https:\/\/www.auzeau.fr\/39-45\/france\/56-morbihan\/56-ile-aux-moines\/\">56 \u2013 Ile-aux-Moines<\/a><\/li>\n<li id=\"menu-item-68200\" class=\"menu-item menu-item-type-post_type menu-item-object-page menu-item-68200\"><a href=\"https:\/\/www.auzeau.fr\/39-45\/france\/56-morbihan\/56-la-trinite-sur-mer\/\">56 \u2013 La Trinit\u00e9-sur-Mer<\/a><\/li>\n<li id=\"menu-item-68199\" class=\"menu-item menu-item-type-post_type menu-item-object-page menu-item-68199\"><a href=\"https:\/\/www.auzeau.fr\/39-45\/france\/56-morbihan\/56-lamor-plage\/\">56 \u2013 Lamor-Plage<\/a><\/li>\n<li id=\"menu-item-55638\" class=\"menu-item menu-item-type-post_type menu-item-object-page menu-item-55638\"><a href=\"https:\/\/www.auzeau.fr\/39-45\/france\/56-morbihan\/56-lanester\/\">56 \u2013 Lanester<\/a><\/li>\n<li id=\"menu-item-55639\" class=\"menu-item menu-item-type-post_type menu-item-object-page menu-item-55639\"><a href=\"https:\/\/www.auzeau.fr\/39-45\/france\/56-morbihan\/56-lorient\/\">56 \u2013 Lorient<\/a><\/li>\n<li id=\"menu-item-68198\" class=\"menu-item menu-item-type-post_type menu-item-object-page menu-item-68198\"><a href=\"https:\/\/www.auzeau.fr\/39-45\/france\/56-morbihan\/56-penestin\/\">56 \u2013 P\u00e9nestin<\/a><\/li>\n<li id=\"menu-item-68197\" class=\"menu-item menu-item-type-post_type menu-item-object-page menu-item-68197\"><a href=\"https:\/\/www.auzeau.fr\/39-45\/france\/56-morbihan\/56-plougoumelen\/\">56 \u2013 Plougoumelen<\/a><\/li>\n<li id=\"menu-item-68203\" class=\"menu-item menu-item-type-post_type menu-item-object-page menu-item-68203\"><a href=\"https:\/\/www.auzeau.fr\/39-45\/france\/56-morbihan\/56-quiberon\/\">56 \u2013 Quiberon<\/a><\/li>\n<li id=\"menu-item-55640\" class=\"menu-item menu-item-type-post_type menu-item-object-page menu-item-55640\"><a href=\"https:\/\/www.auzeau.fr\/39-45\/france\/56-morbihan\/56-reguiny\/\">56 \u2013 R\u00e9guiny<\/a><\/li>\n<li id=\"menu-item-69830\" class=\"menu-item menu-item-type-post_type menu-item-object-page menu-item-69830\"><a href=\"https:\/\/www.auzeau.fr\/39-45\/france\/56-morbihan\/56-sainte-anne-d-auray\/\">56 &#8211; Sainte-Anne-d&#8217;Auray N\u00e9cropole nationale<\/a><\/li>\n<li id=\"menu-item-68195\" class=\"menu-item menu-item-type-post_type menu-item-object-page menu-item-68195\"><a href=\"https:\/\/www.auzeau.fr\/39-45\/france\/56-morbihan\/56-sarzeau\/\">56 \u2013 Sarzeau<\/a><\/li>\n<li id=\"menu-item-68194\" class=\"menu-item menu-item-type-post_type menu-item-object-page menu-item-68194\"><a href=\"https:\/\/www.auzeau.fr\/39-45\/france\/56-morbihan\/56-vannes\/\">56 \u2013 Vannes<\/a><\/li>\n<\/ul>\n<script type=\"text\/javascript\"> toolTips('.classtoolTips69','Force A\u00e9rienne Fran\u00e7aise Libre<br\/><br\/>Free French Air Force'); <\/script><script type=\"text\/javascript\"> toolTips('.classtoolTips89','Sergent-Chef'); <\/script><script type=\"text\/javascript\"> toolTips('.classtoolTips95','Leading Aircraftman'); <\/script><script type=\"text\/javascript\"> toolTips('.classtoolTips96','Sergent<br\/><br\/>Sergeant'); <\/script><script type=\"text\/javascript\"> toolTips('.classtoolTips98','Colonel'); <\/script><script type=\"text\/javascript\"> toolTips('.classtoolTips115','Op\u00e9rateur Radio<br\/><br\/>Wireless Op\u00e9rator'); <\/script><script type=\"text\/javascript\"> toolTips('.classtoolTips125','Perte hors combat<br\/><br\/>No Battle Casualty'); <\/script><script type=\"text\/javascript\"> toolTips('.classtoolTips126','Mort Pour la France'); <\/script><script type=\"text\/javascript\"> toolTips('.classtoolTips132','Force A\u00e9rienne Fran\u00e7aise<br\/><br\/>French Air Force'); <\/script><script type=\"text\/javascript\"> toolTips('.classtoolTips144','Royal Corps of Signals'); <\/script><script type=\"text\/javascript\"> toolTips('.classtoolTips151','Pilote<br\/><br\/>Pilot'); <\/script><script type=\"text\/javascript\"> toolTips('.classtoolTips153','Porucznik'); <\/script><script type=\"text\/javascript\"> toolTips('.classtoolTips173','Leading Airman'); <\/script><script type=\"text\/javascript\"> toolTips('.classtoolTips182','Warrant Officer'); <\/script><script type=\"text\/javascript\"> toolTips('.classtoolTips185','Mitrailleur<br\/><br\/>Air Gunner'); <\/script><script type=\"text\/javascript\"> toolTips('.classtoolTips188','Bombardier<br\/><br\/>Air bomber'); <\/script><script type=\"text\/javascript\"> toolTips('.classtoolTips189','M\u00e9canicien volant<br\/><br\/>Flying Enginer'); <\/script><script type=\"text\/javascript\"> toolTips('.classtoolTips197','Aircraftman'); <\/script><script type=\"text\/javascript\"> toolTips('.classtoolTips199','Radio Officer'); <\/script><script type=\"text\/javascript\"> toolTips('.classtoolTips201','Lieutenant'); <\/script>","protected":false},"excerpt":{"rendered":"<p>Lysander ? Groupe de Combat n\u00b01 Date : \u00a011 novembre 1940 Mission : \u00a0Vol de liaison Kribi &#8211; Douala (Cameroun) D\u00e9collage : \u00a0\u00a0Kribi (Cameroun) Causes de la perte : \u00a0\u00a0Au d\u00e9collage, l\u2019avion s&#8217;est soudainement cabr\u00e9 puis a d\u00e9croch\u00e9. Lieu de la perte : \u00a0Kribi (Cameroun) Sgt \u00c9douard Ludovic Marcel G\u00c9RARD Pil FAFL 27.101 NBC MPF [&hellip;]<\/p>\n","protected":false},"author":1,"featured_media":0,"parent":43153,"menu_order":0,"comment_status":"closed","ping_status":"closed","template":"template-full-width Lysander.php","meta":{"_lmt_disableupdate":"yes","_lmt_disable":"","footnotes":""},"categories":[359],"tags":[3052],"wf_page_folders":[3110],"class_list":["post-67840","page","type-page","status-publish","hentry","category-lysander","tag-groupe-de-combat-n1"],"_links":{"self":[{"href":"https:\/\/www.auzeau.fr\/39-45\/wp-json\/wp\/v2\/pages\/67840","targetHints":{"allow":["GET"]}}],"collection":[{"href":"https:\/\/www.auzeau.fr\/39-45\/wp-json\/wp\/v2\/pages"}],"about":[{"href":"https:\/\/www.auzeau.fr\/39-45\/wp-json\/wp\/v2\/types\/page"}],"author":[{"embeddable":true,"href":"https:\/\/www.auzeau.fr\/39-45\/wp-json\/wp\/v2\/users\/1"}],"replies":[{"embeddable":true,"href":"https:\/\/www.auzeau.fr\/39-45\/wp-json\/wp\/v2\/comments?post=67840"}],"version-history":[{"count":0,"href":"https:\/\/www.auzeau.fr\/39-45\/wp-json\/wp\/v2\/pages\/67840\/revisions"}],"up":[{"embeddable":true,"href":"https:\/\/www.auzeau.fr\/39-45\/wp-json\/wp\/v2\/pages\/43153"}],"wp:attachment":[{"href":"https:\/\/www.auzeau.fr\/39-45\/wp-json\/wp\/v2\/media?parent=67840"}],"wp:term":[{"taxonomy":"category","embeddable":true,"href":"https:\/\/www.auzeau.fr\/39-45\/wp-json\/wp\/v2\/categories?post=67840"},{"taxonomy":"post_tag","embeddable":true,"href":"https:\/\/www.auzeau.fr\/39-45\/wp-json\/wp\/v2\/tags?post=67840"},{"taxonomy":"wf_page_folders","embeddable":true,"href":"https:\/\/www.auzeau.fr\/39-45\/wp-json\/wp\/v2\/wf_page_folders?post=67840"}],"curies":[{"name":"wp","href":"https:\/\/api.w.org\/{rel}","templated":true}]}}