{"id":67625,"date":"2019-02-15T18:10:51","date_gmt":"2019-02-15T17:10:51","guid":{"rendered":"http:\/\/39-45.auzeau.fr\/?page_id=67625"},"modified":"2019-02-13T21:50:39","modified_gmt":"2019-02-13T19:50:39","slug":"45-saint-jean-de-braye","status":"publish","type":"page","link":"https:\/\/www.auzeau.fr\/39-45\/france\/45-loiret\/45-saint-jean-de-braye\/","title":{"rendered":"45 &#8211; Saint-Jean-de-Braye"},"content":{"rendered":"<p><img fetchpriority=\"high\" decoding=\"async\" class=\"aligncenter size-full wp-image-67575\" title=\"St jean de Braye\" src=\"https:\/\/www.auzeau.fr\/39-45\/wp-content\/uploads\/Cimetieres\/31 -- 60\/45-Loiret\/Saint_jean_de_braye\/St-jean-de-Braye.jpg\" alt=\"\" width=\"900\" height=\"386\" srcset=\"https:\/\/www.auzeau.fr\/39-45\/wp-content\/uploads\/Cimetieres\/31%20--%2060\/45-Loiret\/Saint_jean_de_braye\/St-jean-de-Braye.jpg 900w, https:\/\/www.auzeau.fr\/39-45\/wp-content\/uploads\/Cimetieres\/31%20--%2060\/45-Loiret\/Saint_jean_de_braye\/St-jean-de-Braye-300x129.jpg 300w, https:\/\/www.auzeau.fr\/39-45\/wp-content\/uploads\/Cimetieres\/31%20--%2060\/45-Loiret\/Saint_jean_de_braye\/St-jean-de-Braye-768x329.jpg 768w\" sizes=\"(max-width: 900px) 100vw, 900px\" \/><\/p>\n<table style=\"width: 100%; height: 521px;\" border=\"0\">\n<tbody>\n<tr style=\"height: 21px;\">\n<td style=\"width: 5%; height: 21px;\"><\/td>\n<td style=\"width: 5%; height: 21px;\"><\/td>\n<td style=\"width: 5%; height: 21px;\"><\/td>\n<td style=\"width: 5%; height: 21px;\"><\/td>\n<td style=\"width: 5%; height: 21px;\"><\/td>\n<td style=\"width: 5%; height: 21px;\"><\/td>\n<td style=\"width: 5%; height: 21px;\"><\/td>\n<td style=\"width: 5%; height: 21px;\"><\/td>\n<td style=\"width: 5%; height: 21px;\"><\/td>\n<td style=\"width: 5%; height: 21px;\"><\/td>\n<td style=\"width: 5%; height: 21px;\"><\/td>\n<td style=\"width: 5%; height: 21px;\"><\/td>\n<td style=\"width: 5%; height: 21px;\"><\/td>\n<td style=\"width: 5%; height: 21px;\"><\/td>\n<td style=\"width: 5%; height: 21px;\"><\/td>\n<td style=\"width: 5%; height: 21px;\"><\/td>\n<td style=\"width: 5%; height: 21px;\"><\/td>\n<td style=\"width: 5%; height: 21px;\"><\/td>\n<td style=\"width: 5%; height: 21px;\"><\/td>\n<td style=\"width: 5%; height: 21px;\"><\/td>\n<\/tr>\n<tr style=\"height: 48px;\">\n<td style=\"width: 75%; height: 48px;\" colspan=\"15\"><span style=\"color: #000000;\"><strong><span style=\"font-size: xx-large;\">Spitfire TB381 NL-L<\/span><\/strong><br \/>\n<\/span><\/td>\n<td class=\"tableau_cell_centre\" style=\"text-align: center; width: 25%; height: 48px;\" colspan=\"5\"><span style=\"font-size: xx-large;\"><strong>341 Sqn<br \/>\n<\/strong><\/span><\/td>\n<\/tr>\n<tr style=\"height: 28px;\">\n<td style=\"width: 75%; height: 28px;\" colspan=\"15\"><\/td>\n<td class=\"tableau_cell_centre\" style=\"text-align: center; width: 25%; height: 28px;\" colspan=\"5\"><strong><span style=\"font-size: 14pt;\">&#8220;Alsace&#8221;<\/span><\/strong><\/td>\n<\/tr>\n<tr style=\"height: 40px;\">\n<td style=\"text-align: right; width: 10%; height: 21px;\" colspan=\"2\"><span style=\"font-size: 14px;\"><strong>Date : <\/strong><\/span><\/td>\n<td style=\"width: 25%; height: 21px;\" colspan=\"5\"><span style=\"font-size: 14px;\"><em>10 avril 1945<br \/>\n<\/em><\/span><\/td>\n<td style=\"text-align: right; width: 15%; height: 21px;\" colspan=\"3\"><span style=\"font-size: 14px;\"><strong>Mission : <\/strong><\/span><\/td>\n<td style=\"width: 50%; height: 21px;\" colspan=\"10\"><em>Reconnaissance arm\u00e9e dans le N-E de la Hollande<\/em><\/td>\n<\/tr>\n<tr style=\"height: 40px;\">\n<td style=\"width: 5%; height: 21px;\"><\/td>\n<td style=\"width: 5%; height: 21px;\"><\/td>\n<td style=\"text-align: right; width: 25%; height: 21px;\" colspan=\"5\"><span style=\"font-size: 14px;\"><strong>D\u00e9collage : <\/strong><\/span><\/td>\n<td style=\"width: 50%; height: 21px;\" colspan=\"10\"><em><span class='tooltipsall tooltipsincontent classtoolTips138'>ALG<\/span> B85 Schijndel \u00e0 16:00<\/em><\/td>\n<td style=\"width: 5%; height: 21px;\"><\/td>\n<td style=\"width: 5%; height: 21px;\"><\/td>\n<td style=\"width: 5%; height: 21px;\"><\/td>\n<\/tr>\n<tr style=\"height: 40px;\">\n<td style=\"width: 5%; height: 43px;\"><\/td>\n<td style=\"width: 5%; height: 43px;\"><\/td>\n<td style=\"text-align: right; width: 25%; height: 43px;\" colspan=\"5\"><span style=\"font-size: 14px;\"><strong>Causes de la perte : <\/strong><\/span><\/td>\n<td style=\"width: 50%; height: 43px;\" colspan=\"13\"><em>Abattu par la <span class='tooltipsall tooltipsincontent classtoolTips70'>Flak<\/span> \u00e9vacue l&#8217;appareil mais le parachute s\u2019accroche dans l\u2019empennage<br \/>\n<\/em><\/td>\n<\/tr>\n<tr style=\"height: 40px;\">\n<td style=\"width: 5%; height: 21px;\"><\/td>\n<td style=\"width: 5%; height: 21px;\"><\/td>\n<td style=\"text-align: right; width: 25%; height: 21px;\" colspan=\"5\"><span style=\"font-size: 14px;\"><strong>Lieu de la perte :<br \/>\n<\/strong><\/span><\/td>\n<td style=\"width: 50%; height: 21px;\" colspan=\"10\"><em>Hemrik (PB)<\/em><\/td>\n<td style=\"width: 5%; height: 21px;\"><\/td>\n<td style=\"width: 5%; height: 21px;\"><\/td>\n<td style=\"width: 5%; height: 21px;\"><\/td>\n<\/tr>\n<tr style=\"height: 103px;\">\n<td style=\"width: 5%; height: 103px;\"><span style=\"font-size: 14px;\"><img decoding=\"async\" class=\"size-full wp-image-47214 alignleft\" title=\"France\" src=\"https:\/\/www.auzeau.fr\/39-45\/wp-content\/uploads\/images\/Drapeaux\/France.png\" alt=\"France\" width=\"40\" height=\"20\" \/><\/span><\/td>\n<td style=\"width: 5%; height: 103px;\"><span style=\"font-size: 14px;\"><span class='tooltipsall tooltipsincontent classtoolTips181'>SLT<\/span><\/span><\/td>\n<td style=\"width: 25%; height: 103px;\" colspan=\"5\"><span style=\"font-size: 14px;\">Arnaud Charles Marie<br \/>\n<\/span><\/td>\n<td style=\"width: 20%; height: 103px;\" colspan=\"4\"><span style=\"font-size: 14px; color: #000000;\"><strong>DE SAXC\u00c9<br \/>\n<\/strong><\/span><\/td>\n<td style=\"text-align: center; width: 5%; height: 103px;\"><span style=\"font-size: 14px;\"><span class='tooltipsall tooltipsincontent classtoolTips69'>FAFL<\/span><\/span><\/td>\n<td style=\"width: 10%; text-align: center; height: 103px;\" colspan=\"2\">30.166<\/td>\n<td style=\"width: 5%; height: 103px;\"><span style=\"font-size: 14px; color: #000000;\"><strong><span class='tooltipsall tooltipsincontent classtoolTips110'>KIA<\/span><\/strong><\/span><\/td>\n<td style=\"width: 25%; height: 103px;\" colspan=\"5\"><span style=\"font-size: 8pt;\"><em><img decoding=\"async\" class=\"size-full wp-image-47239 alignleft\" title=\"Chevalier-L\u00e9gion-dHonneur\" src=\"https:\/\/www.auzeau.fr\/39-45\/wp-content\/uploads\/images\/Medaille\/de7ad77f9fc044a1c8d501e35183a115.png\" alt=\"Chevalier de la L\u00e9gion d'Honneur\" width=\"72\" height=\"20\" \/><\/em><\/span><img loading=\"lazy\" decoding=\"async\" class=\"size-full wp-image-47288 alignleft\" title=\"Medaille Militaire\" src=\"https:\/\/www.auzeau.fr\/39-45\/wp-content\/uploads\/images\/Medaille\/Medaille-Militaire.png\" alt=\"M\u00e9daille Militaire\" width=\"72\" height=\"20\" \/><img loading=\"lazy\" decoding=\"async\" class=\"size-full wp-image-47270 alignleft\" title=\"Croix-de-Guerre-39-45\" src=\"https:\/\/www.auzeau.fr\/39-45\/wp-content\/uploads\/images\/Medaille\/Croix-de-Guerre-39-45.png\" alt=\"Croix de Guerre 39-45\" width=\"72\" height=\"20\" \/><img loading=\"lazy\" decoding=\"async\" class=\"size-full wp-image-47290 alignleft\" title=\"Medaille de la Resistance\" src=\"https:\/\/www.auzeau.fr\/39-45\/wp-content\/uploads\/images\/Medaille\/Medaille-de-la-Resistance.svg_.png\" alt=\"M\u00e9daille de la R\u00e9sistance\" width=\"73\" height=\"20\" \/><img loading=\"lazy\" decoding=\"async\" class=\"size-full wp-image-47284 alignleft\" title=\"Air-Medal (USA)\" src=\"https:\/\/www.auzeau.fr\/39-45\/wp-content\/uploads\/images\/Medaille\/Air-Medal.png\" alt=\"Air-Medal (USA)\" width=\"71\" height=\"20\" \/> <span style=\"color: #000000;\"><strong><span class='tooltipsall tooltipsincontent classtoolTips126'>MPF<\/span><\/strong><\/span><\/td>\n<\/tr>\n<tr style=\"height: 21px;\">\n<td style=\"width: 100%; height: 21px;\" colspan=\"20\" height=\"20\"><\/td>\n<\/tr>\n<tr style=\"height: 194px;\">\n<td style=\"width: 100%; height: 194px;\" colspan=\"20\"><div id='gallery-1' class='gallery galleryid-67625 gallery-columns-2 gallery-size-thumbnail'><figure class='gallery-item'>\n\t\t\t<div class='gallery-icon portrait'>\n\t\t\t\t<a title=\"De Saxce\"  title=\"De Saxce\"  href='https:\/\/www.auzeau.fr\/39-45\/wp-content\/uploads\/Cimetieres\/31%20--%2060\/45-Loiret\/Saint_jean_de_braye\/De-Saxce-1.jpg'><img loading=\"lazy\" decoding=\"async\" width=\"150\" height=\"150\" src=\"https:\/\/www.auzeau.fr\/39-45\/wp-content\/uploads\/Cimetieres\/31 -- 60\/45-Loiret\/Saint_jean_de_braye\/De-Saxce-1-150x150.jpg\" class=\"attachment-thumbnail size-thumbnail\" alt=\"\" srcset=\"https:\/\/www.auzeau.fr\/39-45\/wp-content\/uploads\/Cimetieres\/31%20--%2060\/45-Loiret\/Saint_jean_de_braye\/De-Saxce-1-150x150.jpg 150w, https:\/\/www.auzeau.fr\/39-45\/wp-content\/uploads\/Cimetieres\/31%20--%2060\/45-Loiret\/Saint_jean_de_braye\/De-Saxce-1-50x50.jpg 50w\" sizes=\"(max-width: 150px) 100vw, 150px\" \/><\/a>\n\t\t\t<\/div><\/figure><figure class='gallery-item'>\n\t\t\t<div class='gallery-icon landscape'>\n\t\t\t\t<a title=\"De Saxce\"  title=\"De Saxce\"  href='https:\/\/www.auzeau.fr\/39-45\/wp-content\/uploads\/Cimetieres\/31%20--%2060\/45-Loiret\/Saint_jean_de_braye\/De-Saxce-2.jpg'><img loading=\"lazy\" decoding=\"async\" width=\"150\" height=\"150\" src=\"https:\/\/www.auzeau.fr\/39-45\/wp-content\/uploads\/Cimetieres\/31 -- 60\/45-Loiret\/Saint_jean_de_braye\/De-Saxce-2-150x150.jpg\" class=\"attachment-thumbnail size-thumbnail\" alt=\"\" srcset=\"https:\/\/www.auzeau.fr\/39-45\/wp-content\/uploads\/Cimetieres\/31%20--%2060\/45-Loiret\/Saint_jean_de_braye\/De-Saxce-2-150x150.jpg 150w, https:\/\/www.auzeau.fr\/39-45\/wp-content\/uploads\/Cimetieres\/31%20--%2060\/45-Loiret\/Saint_jean_de_braye\/De-Saxce-2-50x50.jpg 50w\" sizes=\"(max-width: 150px) 100vw, 150px\" \/><\/a>\n\t\t\t<\/div><\/figure>\n\t\t<\/div>\n<\/td>\n<\/tr>\n<\/tbody>\n<\/table>\n<hr \/>\n<p style=\"text-align: center;\"><ul id=\"menu-45-loiret\" class=\"menu\"><li id=\"menu-item-68159\" class=\"menu-item menu-item-type-post_type menu-item-object-page menu-item-68159\"><a href=\"https:\/\/www.auzeau.fr\/39-45\/france\/45-loiret\/45-chaingy\/\">45 \u2013 Chaingy<\/a><\/li>\n<li id=\"menu-item-54952\" class=\"menu-item menu-item-type-post_type menu-item-object-page menu-item-54952\"><a href=\"https:\/\/www.auzeau.fr\/39-45\/france\/45-loiret\/45-fleury-les-aubrais-necropole-nationale\/\">45 \u2013 Fleury-les-Aubrais N\u00e9cropole Nationale<\/a><\/li>\n<li id=\"menu-item-54953\" class=\"menu-item menu-item-type-post_type menu-item-object-page menu-item-54953\"><a href=\"https:\/\/www.auzeau.fr\/39-45\/france\/45-loiret\/45-jouy-le-potier\/\">45 \u2013 Jouy-le-Potier<\/a><\/li>\n<li id=\"menu-item-54954\" class=\"menu-item menu-item-type-post_type menu-item-object-page menu-item-54954\"><a href=\"https:\/\/www.auzeau.fr\/39-45\/france\/45-loiret\/45-la-ferte-saint-aubin\/\">45 \u2013 La Fert\u00e9-Saint-Aubin<\/a><\/li>\n<li id=\"menu-item-54955\" class=\"menu-item menu-item-type-post_type menu-item-object-page menu-item-54955\"><a href=\"https:\/\/www.auzeau.fr\/39-45\/france\/45-loiret\/45-loury\/\">45 \u2013 Loury<\/a><\/li>\n<li id=\"menu-item-54956\" class=\"menu-item menu-item-type-post_type menu-item-object-page menu-item-54956\"><a href=\"https:\/\/www.auzeau.fr\/39-45\/france\/45-loiret\/45-orleans\/\">45 \u2013 Orl\u00e9ans<\/a><\/li>\n<li id=\"menu-item-54957\" class=\"menu-item menu-item-type-post_type menu-item-object-page menu-item-54957\"><a href=\"https:\/\/www.auzeau.fr\/39-45\/france\/45-loiret\/45-rebrechien\/\">45 \u2013 R\u00e9br\u00e9chien<\/a><\/li>\n<li id=\"menu-item-54958\" class=\"menu-item menu-item-type-post_type menu-item-object-page menu-item-54958\"><a href=\"https:\/\/www.auzeau.fr\/39-45\/france\/45-loiret\/45-saint-cyr-en-val\/\">45 \u2013 Saint-Cyr-en-Val<\/a><\/li>\n<li id=\"menu-item-68158\" class=\"menu-item menu-item-type-post_type menu-item-object-page menu-item-68158\"><a href=\"https:\/\/www.auzeau.fr\/39-45\/france\/45-loiret\/45-saint-jean-de-braye\/\">45 \u2013 Saint-Jean-de-Braye<\/a><\/li>\n<\/ul>\n<script type=\"text\/javascript\"> toolTips('.classtoolTips69','Force A\u00e9rienne Fran\u00e7aise Libre<br\/><br\/>Free French Air Force'); <\/script><script type=\"text\/javascript\"> toolTips('.classtoolTips70','<img class=\"aligncenter wp-image-65848 size-full\" title=\"Flak18\" src=\"https:\/\/www.auzeau.fr\/39-45\/wp-content\/uploads\/images\/Materiel\/Flak18.JPG\" alt=\"\" width=\"640\" height=\"499\" \/><br\/><img class=\"aligncenter size-full wp-image-65849\" title=\"Flak30\" src=\"https:\/\/www.auzeau.fr\/39-45\/wp-content\/uploads\/images\/Materiel\/Flak30.JPG\" alt=\"\" width=\"640\" height=\"499\" \/>'); <\/script><script type=\"text\/javascript\"> toolTips('.classtoolTips89','Sergent-Chef'); <\/script><script type=\"text\/javascript\"> toolTips('.classtoolTips98','Colonel'); <\/script><script type=\"text\/javascript\"> toolTips('.classtoolTips110','Tu\u00e9 au combat<br\/><br\/>Killed In Action'); <\/script><script type=\"text\/javascript\"> toolTips('.classtoolTips123','Secret Intelligence Service<br\/><br\/>Service Secret'); <\/script><script type=\"text\/javascript\"> toolTips('.classtoolTips126','Mort Pour la France'); <\/script><script type=\"text\/javascript\"> toolTips('.classtoolTips127','D\u00e9c\u00e9d\u00e9 en Service A\u00e9rien Command\u00e9'); <\/script><script type=\"text\/javascript\"> toolTips('.classtoolTips132','Force A\u00e9rienne Fran\u00e7aise<br\/><br\/>French Air Force'); <\/script><script type=\"text\/javascript\"> toolTips('.classtoolTips134','\u00c9vad\u00e9<br\/><br\/>Evaded'); <\/script><script type=\"text\/javascript\"> toolTips('.classtoolTips138','<strong>Piste Avanc\u00e9e d\\'Aviation<\/strong><br\/><br\/>A\u00e9rodromes temporaires construits par les Alli\u00e9s au cours de la Seconde Guerre mondiale durant la lib\u00e9ration de l\\'Europe.<br\/><br\/><strong>Advanced Landing Ground<\/strong><br\/><br\/>Temporary advance airfields constructed by the Allies during World War II during the liberation of Europe.'); <\/script><script type=\"text\/javascript\"> toolTips('.classtoolTips144','Royal Corps of Signals'); <\/script><script type=\"text\/javascript\"> toolTips('.classtoolTips153','Porucznik'); <\/script><script type=\"text\/javascript\"> toolTips('.classtoolTips181','Sous-Lieutenant'); <\/script><script type=\"text\/javascript\"> toolTips('.classtoolTips185','Mitrailleur<br\/><br\/>Air Gunner'); <\/script><script type=\"text\/javascript\"> toolTips('.classtoolTips188','Bombardier<br\/><br\/>Air bomber'); <\/script><script type=\"text\/javascript\"> toolTips('.classtoolTips189','M\u00e9canicien volant<br\/><br\/>Flying Enginer'); <\/script><script type=\"text\/javascript\"> toolTips('.classtoolTips193','Royal Navy'); <\/script><script type=\"text\/javascript\"> toolTips('.classtoolTips195','Enseigne de Vaisseau'); <\/script><script type=\"text\/javascript\"> toolTips('.classtoolTips197','Aircraftman'); <\/script><script type=\"text\/javascript\"> toolTips('.classtoolTips199','Radio Officer'); <\/script><script type=\"text\/javascript\"> toolTips('.classtoolTips201','Lieutenant'); <\/script>","protected":false},"excerpt":{"rendered":"<p>Spitfire TB381 NL-L 341 Sqn &#8220;Alsace&#8221; Date : 10 avril 1945 Mission : Reconnaissance arm\u00e9e dans le N-E de la Hollande D\u00e9collage : ALG B85 Schijndel \u00e0 16:00 Causes de la perte : Abattu par la Flak \u00e9vacue l&#8217;appareil mais le parachute s\u2019accroche dans l\u2019empennage Lieu de la perte : Hemrik (PB) SLT Arnaud Charles [&hellip;]<\/p>\n","protected":false},"author":1,"featured_media":0,"parent":79,"menu_order":0,"comment_status":"closed","ping_status":"closed","template":"template-full-width Spitfire.php","meta":{"_lmt_disableupdate":"yes","_lmt_disable":"","footnotes":""},"categories":[586],"tags":[2094,3025],"wf_page_folders":[3112],"class_list":["post-67625","page","type-page","status-publish","hentry","category-spitfire","tag-341-squadron","tag-alsace"],"_links":{"self":[{"href":"https:\/\/www.auzeau.fr\/39-45\/wp-json\/wp\/v2\/pages\/67625","targetHints":{"allow":["GET"]}}],"collection":[{"href":"https:\/\/www.auzeau.fr\/39-45\/wp-json\/wp\/v2\/pages"}],"about":[{"href":"https:\/\/www.auzeau.fr\/39-45\/wp-json\/wp\/v2\/types\/page"}],"author":[{"embeddable":true,"href":"https:\/\/www.auzeau.fr\/39-45\/wp-json\/wp\/v2\/users\/1"}],"replies":[{"embeddable":true,"href":"https:\/\/www.auzeau.fr\/39-45\/wp-json\/wp\/v2\/comments?post=67625"}],"version-history":[{"count":0,"href":"https:\/\/www.auzeau.fr\/39-45\/wp-json\/wp\/v2\/pages\/67625\/revisions"}],"up":[{"embeddable":true,"href":"https:\/\/www.auzeau.fr\/39-45\/wp-json\/wp\/v2\/pages\/79"}],"wp:attachment":[{"href":"https:\/\/www.auzeau.fr\/39-45\/wp-json\/wp\/v2\/media?parent=67625"}],"wp:term":[{"taxonomy":"category","embeddable":true,"href":"https:\/\/www.auzeau.fr\/39-45\/wp-json\/wp\/v2\/categories?post=67625"},{"taxonomy":"post_tag","embeddable":true,"href":"https:\/\/www.auzeau.fr\/39-45\/wp-json\/wp\/v2\/tags?post=67625"},{"taxonomy":"wf_page_folders","embeddable":true,"href":"https:\/\/www.auzeau.fr\/39-45\/wp-json\/wp\/v2\/wf_page_folders?post=67625"}],"curies":[{"name":"wp","href":"https:\/\/api.w.org\/{rel}","templated":true}]}}