{"id":67576,"date":"2019-02-15T18:10:51","date_gmt":"2019-02-15T17:10:51","guid":{"rendered":"http:\/\/39-45.auzeau.fr\/?page_id=67576"},"modified":"2021-06-24T07:54:48","modified_gmt":"2021-06-24T05:54:48","slug":"45-chaingy","status":"publish","type":"page","link":"https:\/\/www.auzeau.fr\/39-45\/france\/45-loiret\/45-chaingy\/","title":{"rendered":"45 &#8211; Chaingy"},"content":{"rendered":"<p><img fetchpriority=\"high\" decoding=\"async\" class=\"aligncenter size-full wp-image-67570\" title=\"Chaingy\" src=\"https:\/\/www.auzeau.fr\/39-45\/wp-content\/uploads\/Cimetieres\/31 -- 60\/45-Loiret\/Chaingy\/Chaingy.jpg\" alt=\"\" width=\"900\" height=\"386\" srcset=\"https:\/\/www.auzeau.fr\/39-45\/wp-content\/uploads\/Cimetieres\/31%20--%2060\/45-Loiret\/Chaingy\/Chaingy.jpg 900w, https:\/\/www.auzeau.fr\/39-45\/wp-content\/uploads\/Cimetieres\/31%20--%2060\/45-Loiret\/Chaingy\/Chaingy-300x129.jpg 300w, https:\/\/www.auzeau.fr\/39-45\/wp-content\/uploads\/Cimetieres\/31%20--%2060\/45-Loiret\/Chaingy\/Chaingy-768x329.jpg 768w\" sizes=\"(max-width: 900px) 100vw, 900px\" \/><\/p>\n<table style=\"width: 100%;\" border=\"0\">\n<tbody>\n<tr>\n<td style=\"width: 5%;\"><\/td>\n<td style=\"width: 5%;\"><\/td>\n<td style=\"width: 5%;\"><\/td>\n<td style=\"width: 5%;\"><\/td>\n<td style=\"width: 5%;\"><\/td>\n<td style=\"width: 5%;\"><\/td>\n<td style=\"width: 5%;\"><\/td>\n<td style=\"width: 5%;\"><\/td>\n<td style=\"width: 5%;\"><\/td>\n<td style=\"width: 5%;\"><\/td>\n<td style=\"width: 5%;\"><\/td>\n<td style=\"width: 5%;\"><\/td>\n<td style=\"width: 5%;\"><\/td>\n<td style=\"width: 5%;\"><\/td>\n<td style=\"width: 5%;\"><\/td>\n<td style=\"width: 5%;\"><\/td>\n<td style=\"width: 5%;\"><\/td>\n<td style=\"width: 5%;\"><\/td>\n<td style=\"width: 5%;\"><\/td>\n<td style=\"width: 5%;\"><\/td>\n<\/tr>\n<tr>\n<td style=\"width: 75%;\" colspan=\"15\"><span style=\"color: #000000;\"><strong><span style=\"font-size: xx-large;\">A24-B\u00a0 Dauntless 42-54549<\/span><\/strong><br \/>\n<\/span><\/td>\n<td class=\"tableau_cell_centre\" style=\"text-align: center; width: 25%;\" colspan=\"5\"><span style=\"font-size: xx-large;\"><strong>GCB I\/18 &#8220;Vend\u00e9e&#8221;<br \/>\n<\/strong><\/span><\/td>\n<\/tr>\n<tr>\n<td style=\"width: 75%;\" colspan=\"15\"><\/td>\n<td class=\"tableau_cell_centre\" style=\"text-align: center; width: 25%;\" colspan=\"5\"><\/td>\n<\/tr>\n<tr style=\"height: 40px;\">\n<td style=\"text-align: right; width: 10%;\" colspan=\"2\"><span style=\"font-size: 14px;\"><strong>Date : <\/strong><\/span><\/td>\n<td style=\"width: 25%;\" colspan=\"5\"><span style=\"font-size: 14px;\"><em>\u00a006 novembre 1944<br \/>\n<\/em><\/span><\/td>\n<td style=\"text-align: right; width: 15%;\" colspan=\"3\"><span style=\"font-size: 14px;\"><strong>Mission : <\/strong><\/span><\/td>\n<td style=\"width: 50%;\" colspan=\"10\">\u00a0<em>Reconnaissance et harc\u00e8lement des troupes ennemies<\/em><\/td>\n<\/tr>\n<tr style=\"height: 40px;\">\n<td style=\"width: 5%;\"><\/td>\n<td style=\"width: 5%;\"><\/td>\n<td style=\"text-align: right; width: 25%;\" colspan=\"5\"><span style=\"font-size: 14px;\"><strong>D\u00e9collage : <\/strong><\/span><\/td>\n<td style=\"width: 50%;\" colspan=\"10\"><\/td>\n<td style=\"width: 5%;\"><\/td>\n<td style=\"width: 5%;\"><\/td>\n<td style=\"width: 5%;\"><\/td>\n<\/tr>\n<tr style=\"height: 40px;\">\n<td style=\"width: 5%;\"><\/td>\n<td style=\"width: 5%;\"><\/td>\n<td style=\"text-align: right; width: 25%;\" colspan=\"5\"><span style=\"font-size: 14px;\"><strong>Causes de la perte : <\/strong><\/span><\/td>\n<td style=\"width: 50%;\" colspan=\"10\"><em>\u00a0Abattu par la <span class='tooltipsall tooltipsincontent classtoolTips70'>Flak<\/span><\/em><\/td>\n<td style=\"width: 5%;\"><\/td>\n<td style=\"width: 5%;\"><\/td>\n<td style=\"width: 5%;\"><\/td>\n<\/tr>\n<tr style=\"height: 40px;\">\n<td style=\"width: 5%;\"><\/td>\n<td style=\"width: 5%;\"><\/td>\n<td style=\"text-align: right; width: 25%;\" colspan=\"5\"><span style=\"font-size: 14px;\"><strong>Lieu de la perte :<br \/>\n<\/strong><\/span><\/td>\n<td style=\"width: 50%;\" colspan=\"10\"><em><span style=\"font-size: 14px;\">\u00a0&#8220;Kerfresec&#8221; \u00e0 Sainte-H\u00e9l\u00e8ne (56)<\/span><\/em><\/td>\n<td style=\"width: 5%;\"><\/td>\n<td style=\"width: 5%;\"><\/td>\n<td style=\"width: 5%;\"><\/td>\n<\/tr>\n<tr style=\"height: 60px;\">\n<td style=\"width: 5%;\"><span style=\"font-size: 14px;\"><img decoding=\"async\" class=\"size-full wp-image-47214 alignleft\" title=\"France\" src=\"https:\/\/www.auzeau.fr\/39-45\/wp-content\/uploads\/images\/Drapeaux\/France.png\" alt=\"France\" width=\"40\" height=\"20\" \/><\/span><\/td>\n<td style=\"width: 5%;\"><span style=\"font-size: 14px;\"><span class='tooltipsall tooltipsincontent classtoolTips170'>Cne<\/span><\/span><\/td>\n<td style=\"width: 25%;\" colspan=\"5\"><span style=\"font-size: 14px;\">Jean Lucien Georges<br \/>\n<\/span><\/td>\n<td style=\"width: 20%;\" colspan=\"4\"><span style=\"font-size: 14px; color: #000000;\"><strong>BOUCHERIE<\/strong><\/span><\/td>\n<td style=\"text-align: center; width: 5%;\"><span style=\"font-size: 14px;\"><span class='tooltipsall tooltipsincontent classtoolTips136'>AAF<\/span><\/span><\/td>\n<td style=\"width: 10%; text-align: center;\" colspan=\"2\"><span class='tooltipsall tooltipsincontent classtoolTips185'>AG<\/span><\/td>\n<td style=\"width: 5%;\"><span style=\"font-size: 14px; color: #000000;\"><strong><span class='tooltipsall tooltipsincontent classtoolTips110'>KIA<\/span><\/strong><\/span><\/td>\n<td style=\"width: 25%;\" colspan=\"5\"><span style=\"font-size: 14px;\"><span style=\"color: #000000;\"><strong><span class='tooltipsall tooltipsincontent classtoolTips126'>MPF<\/span> \u00a0<\/strong><\/span><span style=\"font-size: 8pt;\"><em><a href=\"https:\/\/www.auzeau.fr\/39-45\/france\/56-morbihan\/56-sainte-anne-d-auray-4\/\">Inhum\u00e9 \u00e0 Auray (56)<\/a><\/em><\/span><\/span><\/td>\n<\/tr>\n<tr style=\"height: 60px;\">\n<td style=\"width: 5%;\"><span style=\"font-size: 14px;\"><img decoding=\"async\" class=\"size-full wp-image-47214 alignleft\" title=\"France\" src=\"https:\/\/www.auzeau.fr\/39-45\/wp-content\/uploads\/images\/Drapeaux\/France.png\" alt=\"France\" width=\"40\" height=\"20\" \/><\/span><\/td>\n<td style=\"width: 5%;\"><span style=\"font-size: 14px;\"><span class='tooltipsall tooltipsincontent classtoolTips89'>SCH<\/span><\/span><\/td>\n<td style=\"width: 25%;\" colspan=\"5\"><span style=\"font-size: 14px;\">Albin<\/span><\/td>\n<td style=\"width: 20%;\" colspan=\"4\"><span style=\"font-size: 14px; color: #000000;\"><strong>RUET<\/strong><\/span><\/td>\n<td style=\"text-align: center; width: 5%;\"><span style=\"font-size: 14px;\"><span class='tooltipsall tooltipsincontent classtoolTips136'>AAF<\/span><\/span><\/td>\n<td style=\"width: 10%; text-align: center;\" colspan=\"2\"><span class='tooltipsall tooltipsincontent classtoolTips151'>Pil<\/span><\/td>\n<td style=\"width: 5%;\"><span style=\"font-size: 14px; color: #000000;\"><strong><span class='tooltipsall tooltipsincontent classtoolTips110'>KIA<\/span><\/strong><\/span><\/td>\n<td style=\"width: 25%;\" colspan=\"5\"><strong><span style=\"color: #000000;\"><span class='tooltipsall tooltipsincontent classtoolTips126'>MPF<\/span><\/span><\/strong><img decoding=\"async\" class=\"size-full wp-image-47270 alignleft\" title=\"Croix-de-Guerre-39-45\" src=\"https:\/\/www.auzeau.fr\/39-45\/wp-content\/uploads\/images\/Medaille\/Croix-de-Guerre-39-45.png\" alt=\"Croix de Guerre 39-45\" width=\"72\" height=\"20\" \/><\/td>\n<\/tr>\n<tr>\n<td style=\"width: 100%;\" colspan=\"20\" height=\"20\"><\/td>\n<\/tr>\n<tr>\n<td style=\"width: 100%;\" colspan=\"20\"><div id='gallery-1' class='gallery galleryid-67576 gallery-columns-2 gallery-size-thumbnail'><figure class='gallery-item'>\n\t\t\t<div class='gallery-icon portrait'>\n\t\t\t\t<a title=\"Ruet\"  title=\"Ruet\"  href='https:\/\/www.auzeau.fr\/39-45\/wp-content\/uploads\/Cimetieres\/31%20--%2060\/45-Loiret\/Chaingy\/Ruet-1.jpg'><img loading=\"lazy\" decoding=\"async\" width=\"150\" height=\"150\" src=\"https:\/\/www.auzeau.fr\/39-45\/wp-content\/uploads\/Cimetieres\/31 -- 60\/45-Loiret\/Chaingy\/Ruet-1-150x150.jpg\" class=\"attachment-thumbnail size-thumbnail\" alt=\"\" srcset=\"https:\/\/www.auzeau.fr\/39-45\/wp-content\/uploads\/Cimetieres\/31%20--%2060\/45-Loiret\/Chaingy\/Ruet-1-150x150.jpg 150w, https:\/\/www.auzeau.fr\/39-45\/wp-content\/uploads\/Cimetieres\/31%20--%2060\/45-Loiret\/Chaingy\/Ruet-1-50x50.jpg 50w\" sizes=\"(max-width: 150px) 100vw, 150px\" \/><\/a>\n\t\t\t<\/div><\/figure><figure class='gallery-item'>\n\t\t\t<div class='gallery-icon landscape'>\n\t\t\t\t<a title=\"Ruet\"  title=\"Ruet\"  href='https:\/\/www.auzeau.fr\/39-45\/wp-content\/uploads\/Cimetieres\/31%20--%2060\/45-Loiret\/Chaingy\/Ruet-2.jpg'><img loading=\"lazy\" decoding=\"async\" width=\"150\" height=\"150\" src=\"https:\/\/www.auzeau.fr\/39-45\/wp-content\/uploads\/Cimetieres\/31 -- 60\/45-Loiret\/Chaingy\/Ruet-2-150x150.jpg\" class=\"attachment-thumbnail size-thumbnail\" alt=\"\" srcset=\"https:\/\/www.auzeau.fr\/39-45\/wp-content\/uploads\/Cimetieres\/31%20--%2060\/45-Loiret\/Chaingy\/Ruet-2-150x150.jpg 150w, https:\/\/www.auzeau.fr\/39-45\/wp-content\/uploads\/Cimetieres\/31%20--%2060\/45-Loiret\/Chaingy\/Ruet-2-300x300.jpg 300w, https:\/\/www.auzeau.fr\/39-45\/wp-content\/uploads\/Cimetieres\/31%20--%2060\/45-Loiret\/Chaingy\/Ruet-2-768x768.jpg 768w, https:\/\/www.auzeau.fr\/39-45\/wp-content\/uploads\/Cimetieres\/31%20--%2060\/45-Loiret\/Chaingy\/Ruet-2-50x50.jpg 50w, https:\/\/www.auzeau.fr\/39-45\/wp-content\/uploads\/Cimetieres\/31%20--%2060\/45-Loiret\/Chaingy\/Ruet-2.jpg 900w\" sizes=\"(max-width: 150px) 100vw, 150px\" \/><\/a>\n\t\t\t<\/div><\/figure>\n\t\t<\/div>\n<\/td>\n<\/tr>\n<\/tbody>\n<\/table>\n<hr \/>\n<p style=\"text-align: center;\"><ul id=\"menu-45-loiret\" class=\"menu\"><li id=\"menu-item-68159\" class=\"menu-item menu-item-type-post_type menu-item-object-page menu-item-68159\"><a href=\"https:\/\/www.auzeau.fr\/39-45\/france\/45-loiret\/45-chaingy\/\">45 \u2013 Chaingy<\/a><\/li>\n<li id=\"menu-item-54952\" class=\"menu-item menu-item-type-post_type menu-item-object-page menu-item-54952\"><a href=\"https:\/\/www.auzeau.fr\/39-45\/france\/45-loiret\/45-fleury-les-aubrais-necropole-nationale\/\">45 \u2013 Fleury-les-Aubrais N\u00e9cropole Nationale<\/a><\/li>\n<li id=\"menu-item-54953\" class=\"menu-item menu-item-type-post_type menu-item-object-page menu-item-54953\"><a href=\"https:\/\/www.auzeau.fr\/39-45\/france\/45-loiret\/45-jouy-le-potier\/\">45 \u2013 Jouy-le-Potier<\/a><\/li>\n<li id=\"menu-item-54954\" class=\"menu-item menu-item-type-post_type menu-item-object-page menu-item-54954\"><a href=\"https:\/\/www.auzeau.fr\/39-45\/france\/45-loiret\/45-la-ferte-saint-aubin\/\">45 \u2013 La Fert\u00e9-Saint-Aubin<\/a><\/li>\n<li id=\"menu-item-54955\" class=\"menu-item menu-item-type-post_type menu-item-object-page menu-item-54955\"><a href=\"https:\/\/www.auzeau.fr\/39-45\/france\/45-loiret\/45-loury\/\">45 \u2013 Loury<\/a><\/li>\n<li id=\"menu-item-54956\" class=\"menu-item menu-item-type-post_type menu-item-object-page menu-item-54956\"><a href=\"https:\/\/www.auzeau.fr\/39-45\/france\/45-loiret\/45-orleans\/\">45 \u2013 Orl\u00e9ans<\/a><\/li>\n<li id=\"menu-item-54957\" class=\"menu-item menu-item-type-post_type menu-item-object-page menu-item-54957\"><a href=\"https:\/\/www.auzeau.fr\/39-45\/france\/45-loiret\/45-rebrechien\/\">45 \u2013 R\u00e9br\u00e9chien<\/a><\/li>\n<li id=\"menu-item-54958\" class=\"menu-item menu-item-type-post_type menu-item-object-page menu-item-54958\"><a href=\"https:\/\/www.auzeau.fr\/39-45\/france\/45-loiret\/45-saint-cyr-en-val\/\">45 \u2013 Saint-Cyr-en-Val<\/a><\/li>\n<li id=\"menu-item-68158\" class=\"menu-item menu-item-type-post_type menu-item-object-page menu-item-68158\"><a href=\"https:\/\/www.auzeau.fr\/39-45\/france\/45-loiret\/45-saint-jean-de-braye\/\">45 \u2013 Saint-Jean-de-Braye<\/a><\/li>\n<\/ul>\n<script type=\"text\/javascript\"> toolTips('.classtoolTips70','<img class=\"aligncenter wp-image-65848 size-full\" title=\"Flak18\" src=\"https:\/\/www.auzeau.fr\/39-45\/wp-content\/uploads\/images\/Materiel\/Flak18.JPG\" alt=\"\" width=\"640\" height=\"499\" \/><br\/><img class=\"aligncenter size-full wp-image-65849\" title=\"Flak30\" src=\"https:\/\/www.auzeau.fr\/39-45\/wp-content\/uploads\/images\/Materiel\/Flak30.JPG\" alt=\"\" width=\"640\" height=\"499\" \/>'); <\/script><script type=\"text\/javascript\"> toolTips('.classtoolTips89','Sergent-Chef'); <\/script><script type=\"text\/javascript\"> toolTips('.classtoolTips98','Colonel'); <\/script><script type=\"text\/javascript\"> toolTips('.classtoolTips110','Tu\u00e9 au combat<br\/><br\/>Killed In Action'); <\/script><script type=\"text\/javascript\"> toolTips('.classtoolTips126','Mort Pour la France'); <\/script><script type=\"text\/javascript\"> toolTips('.classtoolTips136','Arm\u00e9e de l\u2019Air Fran\u00e7aise'); <\/script><script type=\"text\/javascript\"> toolTips('.classtoolTips144','Royal Corps of Signals'); <\/script><script type=\"text\/javascript\"> toolTips('.classtoolTips151','Pilote<br\/><br\/>Pilot'); <\/script><script type=\"text\/javascript\"> toolTips('.classtoolTips153','Porucznik'); <\/script><script type=\"text\/javascript\"> toolTips('.classtoolTips170','Capitaine'); <\/script><script type=\"text\/javascript\"> toolTips('.classtoolTips185','Mitrailleur<br\/><br\/>Air Gunner'); <\/script><script type=\"text\/javascript\"> toolTips('.classtoolTips188','Bombardier<br\/><br\/>Air bomber'); <\/script><script type=\"text\/javascript\"> toolTips('.classtoolTips189','M\u00e9canicien volant<br\/><br\/>Flying Enginer'); <\/script><script type=\"text\/javascript\"> toolTips('.classtoolTips197','Aircraftman'); <\/script><script type=\"text\/javascript\"> toolTips('.classtoolTips199','Radio Officer'); <\/script><script type=\"text\/javascript\"> toolTips('.classtoolTips201','Lieutenant'); <\/script>","protected":false},"excerpt":{"rendered":"<p>A24-B\u00a0 Dauntless 42-54549 GCB I\/18 &#8220;Vend\u00e9e&#8221; Date : \u00a006 novembre 1944 Mission : \u00a0Reconnaissance et harc\u00e8lement des troupes ennemies D\u00e9collage : Causes de la perte : \u00a0Abattu par la Flak Lieu de la perte : \u00a0&#8220;Kerfresec&#8221; \u00e0 Sainte-H\u00e9l\u00e8ne (56) Cne Jean Lucien Georges BOUCHERIE AAF AG KIA MPF \u00a0Inhum\u00e9 \u00e0 Auray (56) SCH Albin RUET [&hellip;]<\/p>\n","protected":false},"author":1,"featured_media":0,"parent":79,"menu_order":0,"comment_status":"closed","ping_status":"closed","template":"template-full-width Dauntless.php","meta":{"_lmt_disableupdate":"yes","_lmt_disable":"","footnotes":""},"categories":[825],"tags":[3024],"wf_page_folders":[3112],"class_list":["post-67576","page","type-page","status-publish","hentry","category-dsb-dauntless","tag-gc-i-18-vendee"],"_links":{"self":[{"href":"https:\/\/www.auzeau.fr\/39-45\/wp-json\/wp\/v2\/pages\/67576","targetHints":{"allow":["GET"]}}],"collection":[{"href":"https:\/\/www.auzeau.fr\/39-45\/wp-json\/wp\/v2\/pages"}],"about":[{"href":"https:\/\/www.auzeau.fr\/39-45\/wp-json\/wp\/v2\/types\/page"}],"author":[{"embeddable":true,"href":"https:\/\/www.auzeau.fr\/39-45\/wp-json\/wp\/v2\/users\/1"}],"replies":[{"embeddable":true,"href":"https:\/\/www.auzeau.fr\/39-45\/wp-json\/wp\/v2\/comments?post=67576"}],"version-history":[{"count":0,"href":"https:\/\/www.auzeau.fr\/39-45\/wp-json\/wp\/v2\/pages\/67576\/revisions"}],"up":[{"embeddable":true,"href":"https:\/\/www.auzeau.fr\/39-45\/wp-json\/wp\/v2\/pages\/79"}],"wp:attachment":[{"href":"https:\/\/www.auzeau.fr\/39-45\/wp-json\/wp\/v2\/media?parent=67576"}],"wp:term":[{"taxonomy":"category","embeddable":true,"href":"https:\/\/www.auzeau.fr\/39-45\/wp-json\/wp\/v2\/categories?post=67576"},{"taxonomy":"post_tag","embeddable":true,"href":"https:\/\/www.auzeau.fr\/39-45\/wp-json\/wp\/v2\/tags?post=67576"},{"taxonomy":"wf_page_folders","embeddable":true,"href":"https:\/\/www.auzeau.fr\/39-45\/wp-json\/wp\/v2\/wf_page_folders?post=67576"}],"curies":[{"name":"wp","href":"https:\/\/api.w.org\/{rel}","templated":true}]}}