{"id":67542,"date":"2019-01-31T16:07:36","date_gmt":"2019-01-31T15:07:36","guid":{"rendered":"http:\/\/39-45.auzeau.fr\/?page_id=67542"},"modified":"2020-05-28T14:33:26","modified_gmt":"2020-05-28T12:33:26","slug":"37-tours-cimetiere-saint-symphorien-2","status":"publish","type":"page","link":"https:\/\/www.auzeau.fr\/39-45\/france\/37-indre-et-loire\/37-tours-cimetiere-saint-symphorien-2\/","title":{"rendered":"37 &#8211; Tours Cimeti\u00e8re Saint Symphorien"},"content":{"rendered":"<p><img fetchpriority=\"high\" decoding=\"async\" class=\"aligncenter size-full wp-image-67520\" title=\"Saint_Symphorien\" src=\"https:\/\/www.auzeau.fr\/39-45\/wp-content\/uploads\/Cimetieres\/31 -- 60\/37-Indre-et-Loire\/Tours_St_Symphorien\/Saint_Symphorien.jpg\" alt=\"\" width=\"900\" height=\"450\" srcset=\"https:\/\/www.auzeau.fr\/39-45\/wp-content\/uploads\/Cimetieres\/31%20--%2060\/37-Indre-et-Loire\/Tours_St_Symphorien\/Saint_Symphorien.jpg 900w, https:\/\/www.auzeau.fr\/39-45\/wp-content\/uploads\/Cimetieres\/31%20--%2060\/37-Indre-et-Loire\/Tours_St_Symphorien\/Saint_Symphorien-300x150.jpg 300w, https:\/\/www.auzeau.fr\/39-45\/wp-content\/uploads\/Cimetieres\/31%20--%2060\/37-Indre-et-Loire\/Tours_St_Symphorien\/Saint_Symphorien-768x384.jpg 768w\" sizes=\"(max-width: 900px) 100vw, 900px\" \/><\/p>\n<table style=\"width: 100%;\" border=\"0\">\n<tbody>\n<tr>\n<td style=\"width: 5%;\"><\/td>\n<td style=\"width: 5%;\"><\/td>\n<td style=\"width: 5%;\"><\/td>\n<td style=\"width: 5%;\"><\/td>\n<td style=\"width: 5%;\"><\/td>\n<td style=\"width: 5%;\"><\/td>\n<td style=\"width: 5%;\"><\/td>\n<td style=\"width: 5%;\"><\/td>\n<td style=\"width: 5%;\"><\/td>\n<td style=\"width: 5%;\"><\/td>\n<td style=\"width: 5%;\"><\/td>\n<td style=\"width: 5%;\"><\/td>\n<td style=\"width: 5%;\"><\/td>\n<td style=\"width: 5%;\"><\/td>\n<td style=\"width: 5%;\"><\/td>\n<td style=\"width: 5%;\"><\/td>\n<td style=\"width: 5%;\"><\/td>\n<td style=\"width: 5%;\"><\/td>\n<td style=\"width: 5%;\"><\/td>\n<td style=\"width: 5%;\"><\/td>\n<\/tr>\n<tr>\n<td style=\"width: 75%;\" colspan=\"15\"><strong><span style=\"font-size: xx-large;\"><span style=\"color: #000000;\">Lancaster ND344 LQ-V<\/span><br \/>\n<\/span><\/strong><\/td>\n<td style=\"text-align: center; width: 25%;\" colspan=\"5\"><strong><span style=\"font-size: xx-large;\">405 Sqn<br \/>\n<\/span><\/strong><\/td>\n<\/tr>\n<tr style=\"height: 40px;\">\n<td style=\"text-align: right; width: 10%;\" colspan=\"2\"><span style=\"font-size: 14px;\"><strong>Date : <\/strong><\/span><\/td>\n<td style=\"width: 25%;\" colspan=\"5\"><span style=\"font-size: 14px;\"><em>12 juin 1944<br \/>\n<\/em><\/span><\/td>\n<td style=\"text-align: right; width: 15%;\" colspan=\"3\"><span style=\"font-size: 14px;\"><strong>Mission : <\/strong><\/span><\/td>\n<td style=\"width: 50%;\" colspan=\"10\"><span style=\"font-size: 14px;\"><em>Bombardement d&#8217;installations ferroviaires \u00e0 Tours (37)<\/em><br \/>\n<\/span><\/td>\n<\/tr>\n<tr style=\"height: 40px;\">\n<td style=\"width: 5%;\"><\/td>\n<td style=\"width: 5%;\"><\/td>\n<td style=\"text-align: right; width: 25%;\" colspan=\"5\"><span style=\"font-size: 14px;\"><strong>D\u00e9collage :<\/strong><\/span><\/td>\n<td style=\"width: 50%;\" colspan=\"10\"><span style=\"font-size: 14px;\"><em>Gransden Lodge \u00e0 22:10<br \/>\n<\/em><\/span><\/td>\n<td style=\"width: 5%;\"><\/td>\n<td style=\"width: 5%;\"><\/td>\n<td style=\"width: 5%;\"><\/td>\n<\/tr>\n<tr style=\"height: 40px;\">\n<td style=\"width: 5%;\"><\/td>\n<td style=\"width: 5%;\"><\/td>\n<td style=\"text-align: right; width: 25%;\" colspan=\"5\"><span style=\"font-size: 14px;\"><strong>Causes de la perte :<\/strong><\/span><\/td>\n<td style=\"width: 65%;\" colspan=\"13\"><span style=\"font-size: 14px;\"><em>Abattu par la <span class='tooltipsall tooltipsincontent classtoolTips70'>Flak<\/span><br \/>\n<\/em><\/span><\/td>\n<\/tr>\n<tr style=\"height: 40px;\">\n<td style=\"width: 5%;\"><\/td>\n<td style=\"width: 5%;\"><\/td>\n<td style=\"text-align: right; width: 25%;\" colspan=\"5\"><span style=\"font-size: 14px;\"><strong>Lieu de la perte :<br \/>\n<\/strong><\/span><\/td>\n<td style=\"width: 50%;\" colspan=\"10\"><span style=\"font-size: 14px;\"><em>vers Vouvray (37)<\/em><\/span><\/td>\n<td style=\"width: 5%;\"><\/td>\n<td style=\"width: 5%;\"><\/td>\n<td style=\"width: 5%;\"><\/td>\n<\/tr>\n<tr style=\"height: 60px;\">\n<td style=\"width: 5%;\"><span style=\"font-size: 14px;\"><img decoding=\"async\" class=\"size-full wp-image-47215 alignleft\" title=\"Royaume Uni\" src=\"https:\/\/www.auzeau.fr\/39-45\/wp-content\/uploads\/images\/Drapeaux\/Angleterre.png\" alt=\"Royaume Uni\" width=\"40\" height=\"20\" \/><\/span><\/td>\n<td style=\"width: 5%;\"><span style=\"font-size: 14px;\"><span class='tooltipsall tooltipsincontent classtoolTips96'>Sgt<\/span><\/span><\/td>\n<td style=\"width: 25%;\" colspan=\"5\"><span style=\"font-size: 14px;\">Frederick Cyril<br \/>\n<\/span><\/td>\n<td style=\"width: 15%;\" colspan=\"3\"><span style=\"font-size: 14px; color: #000000;\"><strong>BAILEY<\/strong><\/span><\/td>\n<td style=\"width: 5%;\"><span class='tooltipsall tooltipsincontent classtoolTips185'>AG<\/span><\/td>\n<td style=\"width: 5%;\"><span style=\"font-size: 14px;\"><span class='tooltipsall tooltipsincontent classtoolTips45'>RAFVR<\/span><\/span><\/td>\n<td style=\"width: 10%;\" colspan=\"2\">1817259<\/td>\n<td style=\"width: 5%;\"><span style=\"font-size: 14px;\"><span class='tooltipsall tooltipsincontent classtoolTips134'>EVA<\/span><\/span><\/td>\n<td style=\"width: 25%;\" colspan=\"5\"><\/td>\n<\/tr>\n<tr style=\"height: 60px;\">\n<td style=\"width: 5%;\"><span style=\"font-size: 14px;\"><img decoding=\"async\" class=\"size-full wp-image-47215 alignleft\" title=\"Royaume Uni\" src=\"https:\/\/www.auzeau.fr\/39-45\/wp-content\/uploads\/images\/Drapeaux\/Angleterre.png\" alt=\"Royaume Uni\" width=\"40\" height=\"20\" \/><\/span><\/td>\n<td style=\"width: 5%;\"><span style=\"font-size: 14px;\"><span class='tooltipsall tooltipsincontent classtoolTips96'>Sgt<\/span><\/span><\/td>\n<td style=\"width: 25%;\" colspan=\"5\"><span style=\"font-size: 14px;\">Harry<br \/>\n<\/span><\/td>\n<td style=\"width: 15%;\" colspan=\"3\"><span style=\"font-size: 14px; color: #000000;\"><strong>BRAITHWAITE<\/strong><\/span><\/td>\n<td style=\"width: 5%;\"><span class='tooltipsall tooltipsincontent classtoolTips185'>AG<\/span><\/td>\n<td style=\"width: 5%;\"><span style=\"font-size: 14px;\"><span class='tooltipsall tooltipsincontent classtoolTips45'>RAFVR<\/span><\/span><\/td>\n<td style=\"width: 10%;\" colspan=\"2\">1685138<\/td>\n<td style=\"width: 5%;\"><span style=\"font-size: 14px;\"><span class='tooltipsall tooltipsincontent classtoolTips134'>EVA<\/span><\/span><\/td>\n<td style=\"width: 25%;\" colspan=\"5\"><\/td>\n<\/tr>\n<tr style=\"height: 60px;\">\n<td style=\"width: 5%;\"><span style=\"font-size: 14px;\"><img decoding=\"async\" class=\"size-full wp-image-47210 alignleft\" title=\"Canada\" src=\"https:\/\/www.auzeau.fr\/39-45\/wp-content\/uploads\/images\/Drapeaux\/Canada.png\" alt=\"Canada\" width=\"40\" height=\"20\" \/><\/span><\/td>\n<td style=\"width: 5%;\"><span style=\"font-size: 14px;\"><span class='tooltipsall tooltipsincontent classtoolTips19'>Fg Off<\/span><\/span><\/td>\n<td style=\"width: 25%;\" colspan=\"5\"><span style=\"font-size: 14px;\">James McVicar<br \/>\n<\/span><\/td>\n<td style=\"width: 15%;\" colspan=\"3\"><span style=\"font-size: 14px; color: #000000;\"><strong>CLEMENT<\/strong><\/span><\/td>\n<td style=\"width: 5%;\"><span class='tooltipsall tooltipsincontent classtoolTips188'>AB<\/span><\/td>\n<td style=\"width: 5%;\"><span style=\"font-size: 14px;\"><span class='tooltipsall tooltipsincontent classtoolTips78'>RCAF<\/span><\/span><\/td>\n<td style=\"width: 10%;\" colspan=\"2\">J\/24656<\/td>\n<td style=\"width: 5%;\"><span style=\"font-size: 14px;\"><span class='tooltipsall tooltipsincontent classtoolTips134'>EVA<\/span><\/span><\/td>\n<td style=\"width: 25%;\" colspan=\"5\"><em><span style=\"font-size: 8pt;\">Captur\u00e9 le 24\/07\/44.\u00a0 Ex\u00e9cut\u00e9 par la gestapo le 09\/08\/44<\/span><\/em><\/td>\n<\/tr>\n<tr style=\"height: 60px;\">\n<td style=\"width: 5%;\"><span style=\"font-size: 14px;\"><img decoding=\"async\" class=\"size-full wp-image-47215 alignleft\" title=\"Royaume Uni\" src=\"https:\/\/www.auzeau.fr\/39-45\/wp-content\/uploads\/images\/Drapeaux\/Angleterre.png\" alt=\"Royaume Uni\" width=\"40\" height=\"20\" \/><\/span><\/td>\n<td style=\"width: 5%;\"><span style=\"font-size: 14px;\"><span class='tooltipsall tooltipsincontent classtoolTips96'>Sgt<\/span><\/span><\/td>\n<td style=\"width: 25%;\" colspan=\"5\"><span style=\"font-size: 14px;\">Alfred George<br \/>\n<\/span><\/td>\n<td style=\"width: 15%;\" colspan=\"3\"><span style=\"font-size: 14px; color: #000000;\"><strong>DEAKIN<\/strong><\/span><\/td>\n<td style=\"width: 5%;\"><span class='tooltipsall tooltipsincontent classtoolTips189'>FE<\/span><\/td>\n<td style=\"width: 5%;\"><span style=\"font-size: 14px;\"><span class='tooltipsall tooltipsincontent classtoolTips45'>RAFVR<\/span><\/span><\/td>\n<td style=\"width: 10%;\" colspan=\"2\">1818772<\/td>\n<td style=\"width: 5%;\"><span style=\"font-size: 14px;\"><span class='tooltipsall tooltipsincontent classtoolTips134'>EVA<\/span><\/span><\/td>\n<td style=\"width: 25%;\" colspan=\"5\"><\/td>\n<\/tr>\n<tr style=\"height: 60px;\">\n<td style=\"width: 5%;\"><span style=\"font-size: 14px;\"><img decoding=\"async\" class=\"size-full wp-image-47215 alignleft\" title=\"Royaume Uni\" src=\"https:\/\/www.auzeau.fr\/39-45\/wp-content\/uploads\/images\/Drapeaux\/Angleterre.png\" alt=\"Royaume Uni\" width=\"40\" height=\"20\" \/><\/span><\/td>\n<td style=\"width: 5%;\"><span style=\"font-size: 14px;\"><span class='tooltipsall tooltipsincontent classtoolTips183'>FS<\/span><\/span><\/td>\n<td style=\"width: 25%;\" colspan=\"5\"><span style=\"font-size: 14px;\">Francis<br \/>\n<\/span><\/td>\n<td style=\"width: 15%;\" colspan=\"3\"><span style=\"font-size: 14px; color: #000000;\"><strong>DEVINE<\/strong><\/span><\/td>\n<td style=\"width: 5%;\"><span class='tooltipsall tooltipsincontent classtoolTips115'>WOP<\/span><\/td>\n<td style=\"width: 5%;\"><span style=\"font-size: 14px;\"><span class='tooltipsall tooltipsincontent classtoolTips45'>RAFVR<\/span><\/span><\/td>\n<td style=\"width: 10%;\" colspan=\"2\">1496959<\/td>\n<td style=\"width: 5%;\"><span style=\"font-size: 14px;\"><span class='tooltipsall tooltipsincontent classtoolTips113'>POW<\/span><\/span><\/td>\n<td style=\"width: 25%;\" colspan=\"5\"><\/td>\n<\/tr>\n<tr style=\"height: 60px;\">\n<td style=\"width: 5%;\"><span style=\"font-size: 14px;\"><img decoding=\"async\" class=\"size-full wp-image-47210 alignleft\" title=\"Canada\" src=\"https:\/\/www.auzeau.fr\/39-45\/wp-content\/uploads\/images\/Drapeaux\/Canada.png\" alt=\"Canada\" width=\"40\" height=\"20\" \/><\/span><\/td>\n<td style=\"width: 5%;\"><span style=\"font-size: 14px;\"><span class='tooltipsall tooltipsincontent classtoolTips12'>Plt Off<\/span><\/span><\/td>\n<td style=\"width: 25%;\" colspan=\"5\"><span style=\"font-size: 14px;\">Dick Ewart<br \/>\n<\/span><\/td>\n<td style=\"width: 15%;\" colspan=\"3\"><span style=\"font-size: 14px; color: #000000;\"><strong>MELCOMBE<\/strong><\/span><\/td>\n<td style=\"width: 5%;\"><span class='tooltipsall tooltipsincontent classtoolTips151'>Pil<\/span><\/td>\n<td style=\"width: 5%;\"><span style=\"font-size: 14px;\"><span class='tooltipsall tooltipsincontent classtoolTips78'>RCAF<\/span><\/span><\/td>\n<td style=\"width: 10%;\" colspan=\"2\">J\/86023<\/td>\n<td style=\"width: 5%;\"><span style=\"font-size: 14px;\"><span class='tooltipsall tooltipsincontent classtoolTips134'>EVA<\/span><\/span><\/td>\n<td style=\"width: 25%;\" colspan=\"5\"><\/td>\n<\/tr>\n<tr style=\"height: 60px;\">\n<td style=\"width: 5%;\"><span style=\"font-size: 14px;\"><img decoding=\"async\" class=\"size-full wp-image-47210 alignleft\" title=\"Canada\" src=\"https:\/\/www.auzeau.fr\/39-45\/wp-content\/uploads\/images\/Drapeaux\/Canada.png\" alt=\"Canada\" width=\"40\" height=\"20\" \/><\/span><\/td>\n<td style=\"width: 5%;\"><span style=\"font-size: 14px;\"><span class='tooltipsall tooltipsincontent classtoolTips19'>Fg Off<\/span><\/span><\/td>\n<td style=\"width: 25%;\" colspan=\"5\"><span style=\"font-size: 14px;\">J.W.<br \/>\n<\/span><\/td>\n<td style=\"width: 15%;\" colspan=\"3\"><span style=\"font-size: 14px; color: #000000;\"><strong>WEST<\/strong><\/span><\/td>\n<td style=\"width: 5%;\"><span class='tooltipsall tooltipsincontent classtoolTips116'>Nav<\/span><\/td>\n<td style=\"width: 5%;\"><span style=\"font-size: 14px;\"><span class='tooltipsall tooltipsincontent classtoolTips78'>RCAF<\/span><\/span><\/td>\n<td style=\"width: 10%;\" colspan=\"2\">J\/20716<\/td>\n<td style=\"width: 5%;\"><span style=\"font-size: 14px;\"><span class='tooltipsall tooltipsincontent classtoolTips134'>EVA<\/span><\/span><\/td>\n<td style=\"width: 25%;\" colspan=\"5\"><\/td>\n<\/tr>\n<tr>\n<td style=\"width: 100%;\" colspan=\"20\" height=\"20\"><\/td>\n<\/tr>\n<tr>\n<td style=\"width: 100%;\" colspan=\"20\"><div id='gallery-1' class='gallery galleryid-67542 gallery-columns-3 gallery-size-thumbnail'><figure class='gallery-item'>\n\t\t\t<div class='gallery-icon portrait'>\n\t\t\t\t<a title=\"Lancaster ND344\"  title=\"Lancaster ND344\"  href='https:\/\/www.auzeau.fr\/39-45\/wp-content\/uploads\/Cimetieres\/31%20--%2060\/37-Indre-et-Loire\/Tours_St_Symphorien\/ND344\/Lancaster-ND344.jpg'><img loading=\"lazy\" decoding=\"async\" width=\"150\" height=\"150\" src=\"https:\/\/www.auzeau.fr\/39-45\/wp-content\/uploads\/Cimetieres\/31 -- 60\/37-Indre-et-Loire\/Tours_St_Symphorien\/ND344\/Lancaster-ND344-150x150.jpg\" class=\"attachment-thumbnail size-thumbnail\" alt=\"\" srcset=\"https:\/\/www.auzeau.fr\/39-45\/wp-content\/uploads\/Cimetieres\/31%20--%2060\/37-Indre-et-Loire\/Tours_St_Symphorien\/ND344\/Lancaster-ND344-150x150.jpg 150w, https:\/\/www.auzeau.fr\/39-45\/wp-content\/uploads\/Cimetieres\/31%20--%2060\/37-Indre-et-Loire\/Tours_St_Symphorien\/ND344\/Lancaster-ND344-50x50.jpg 50w\" sizes=\"(max-width: 150px) 100vw, 150px\" \/><\/a>\n\t\t\t<\/div><\/figure><figure class='gallery-item'>\n\t\t\t<div class='gallery-icon portrait'>\n\t\t\t\t<a title=\"Clement\"  title=\"Clement\"  href='https:\/\/www.auzeau.fr\/39-45\/wp-content\/uploads\/Cimetieres\/31%20--%2060\/37-Indre-et-Loire\/Tours_St_Symphorien\/ND344\/Clement.jpg'><img loading=\"lazy\" decoding=\"async\" width=\"150\" height=\"150\" src=\"https:\/\/www.auzeau.fr\/39-45\/wp-content\/uploads\/Cimetieres\/31 -- 60\/37-Indre-et-Loire\/Tours_St_Symphorien\/ND344\/Clement-150x150.jpg\" class=\"attachment-thumbnail size-thumbnail\" alt=\"\" srcset=\"https:\/\/www.auzeau.fr\/39-45\/wp-content\/uploads\/Cimetieres\/31%20--%2060\/37-Indre-et-Loire\/Tours_St_Symphorien\/ND344\/Clement-150x150.jpg 150w, https:\/\/www.auzeau.fr\/39-45\/wp-content\/uploads\/Cimetieres\/31%20--%2060\/37-Indre-et-Loire\/Tours_St_Symphorien\/ND344\/Clement-50x50.jpg 50w\" sizes=\"(max-width: 150px) 100vw, 150px\" \/><\/a>\n\t\t\t<\/div><\/figure><figure class='gallery-item'>\n\t\t\t<div class='gallery-icon portrait'>\n\t\t\t\t<a title=\"Clement\"  title=\"Clement\"  href='https:\/\/www.auzeau.fr\/39-45\/wp-content\/uploads\/Cimetieres\/31%20--%2060\/37-Indre-et-Loire\/Tours_St_Symphorien\/ND344\/Clement-2.jpg'><img loading=\"lazy\" decoding=\"async\" width=\"150\" height=\"150\" src=\"https:\/\/www.auzeau.fr\/39-45\/wp-content\/uploads\/Cimetieres\/31 -- 60\/37-Indre-et-Loire\/Tours_St_Symphorien\/ND344\/Clement-2-150x150.jpg\" class=\"attachment-thumbnail size-thumbnail\" alt=\"\" srcset=\"https:\/\/www.auzeau.fr\/39-45\/wp-content\/uploads\/Cimetieres\/31%20--%2060\/37-Indre-et-Loire\/Tours_St_Symphorien\/ND344\/Clement-2-150x150.jpg 150w, https:\/\/www.auzeau.fr\/39-45\/wp-content\/uploads\/Cimetieres\/31%20--%2060\/37-Indre-et-Loire\/Tours_St_Symphorien\/ND344\/Clement-2-50x50.jpg 50w\" sizes=\"(max-width: 150px) 100vw, 150px\" \/><\/a>\n\t\t\t<\/div><\/figure>\n\t\t<\/div>\n<\/td>\n<\/tr>\n<tr>\n<td style=\"width: 100%;\" colspan=\"20\"><span style=\"font-size: 10pt;\"><span style=\"color: #000000;\"><strong>12 mai 2020<\/strong><\/span> : Ajout des pr\u00e9noms des <span class='tooltipsall tooltipsincontent classtoolTips96'>Sgt<\/span> BAILEY, BRAITHWAITE et du <span class='tooltipsall tooltipsincontent classtoolTips183'>FS<\/span> DEVINE<br \/>\n<span style=\"color: #000000;\"><strong>28 mai 2020<\/strong><\/span> : Ajout des pr\u00e9noms du <span class='tooltipsall tooltipsincontent classtoolTips12'>Plt Off<\/span> MELCOMBE<br \/>\n<\/span><\/td>\n<\/tr>\n<\/tbody>\n<\/table>\n<table style=\"width: 100%; border-collapse: collapse;\" border=\"0\">\n<tbody>\n<tr>\n<td style=\"background-color: #dcdcdc; width: 100%; text-align: center; vertical-align: middle;\"><ul id=\"menu-37-tour-saint-symphorien\" class=\"menu\"><li id=\"menu-item-68104\" class=\"menu-item menu-item-type-post_type menu-item-object-page menu-item-68104\"><a href=\"https:\/\/www.auzeau.fr\/39-45\/france\/37-indre-et-loire\/37-tours-cimetiere-saint-symphorien\/\">MS406 n\u00b0286<\/a><\/li>\n<li id=\"menu-item-68103\" class=\"menu-item menu-item-type-post_type menu-item-object-page menu-item-68103\"><a href=\"https:\/\/www.auzeau.fr\/39-45\/france\/37-indre-et-loire\/37-tours-cimetiere-saint-symphorien-2\/\">Lancaster ND344<\/a><\/li>\n<\/ul><\/td>\n<\/tr>\n<\/tbody>\n<\/table>\n<hr \/>\n<p style=\"text-align: center;\"><ul id=\"menu-37-indre-et-loire\" class=\"menu\"><li id=\"menu-item-53990\" class=\"menu-item menu-item-type-post_type menu-item-object-page menu-item-53990\"><a href=\"https:\/\/www.auzeau.fr\/39-45\/france\/37-indre-et-loire\/37-chateau-renault\/\">37 \u2013 Ch\u00e2teau-Renault<\/a><\/li>\n<li id=\"menu-item-67602\" class=\"menu-item menu-item-type-post_type menu-item-object-page menu-item-67602\"><a href=\"https:\/\/www.auzeau.fr\/39-45\/france\/37-indre-et-loire\/37-civray-de-touraine\/\">37 \u2013 Civray-de-Touraine<\/a><\/li>\n<li id=\"menu-item-67322\" class=\"menu-item menu-item-type-post_type menu-item-object-page menu-item-67322\"><a href=\"https:\/\/www.auzeau.fr\/39-45\/france\/37-indre-et-loire\/37-joue-les-tours\/\">37 \u2013 Jou\u00e9-l\u00e8s-Tours<\/a><\/li>\n<li id=\"menu-item-68106\" class=\"menu-item menu-item-type-post_type menu-item-object-page menu-item-68106\"><a href=\"https:\/\/www.auzeau.fr\/39-45\/france\/37-indre-et-loire\/37-la-riche\/\">37 \u2013 La Riche<\/a><\/li>\n<li id=\"menu-item-53991\" class=\"menu-item menu-item-type-post_type menu-item-object-page menu-item-53991\"><a href=\"https:\/\/www.auzeau.fr\/39-45\/france\/37-indre-et-loire\/37-lignieres-de-touraine\/\">37 \u2013 Ligni\u00e8res-de-Touraine<\/a><\/li>\n<li id=\"menu-item-68108\" class=\"menu-item menu-item-type-post_type menu-item-object-page menu-item-68108\"><a href=\"https:\/\/www.auzeau.fr\/39-45\/france\/37-indre-et-loire\/37-rochecorbon\/\">37 \u2013 Rochecorbon<\/a><\/li>\n<li id=\"menu-item-68105\" class=\"menu-item menu-item-type-post_type menu-item-object-page menu-item-68105\"><a href=\"https:\/\/www.auzeau.fr\/39-45\/france\/37-indre-et-loire\/37-tours-cimetiere-la-salle\/\">37 \u2013 Tours Cimeti\u00e8re La Salle<\/a><\/li>\n<li id=\"menu-item-68107\" class=\"menu-item menu-item-type-post_type menu-item-object-page menu-item-68107\"><a href=\"https:\/\/www.auzeau.fr\/39-45\/france\/37-indre-et-loire\/37-tours-cimetiere-saint-symphorien\/\">37 \u2013 Tours Cimeti\u00e8re Saint Symphorien<\/a><\/li>\n<\/ul>\n<script type=\"text\/javascript\"> toolTips('.classtoolTips12','Pilot Officer'); <\/script><script type=\"text\/javascript\"> toolTips('.classtoolTips19','Flying Officer'); <\/script><script type=\"text\/javascript\"> toolTips('.classtoolTips45','Royal Air Force Volunteer Reserve'); <\/script><script type=\"text\/javascript\"> toolTips('.classtoolTips70','<img class=\"aligncenter wp-image-65848 size-full\" title=\"Flak18\" src=\"https:\/\/www.auzeau.fr\/39-45\/wp-content\/uploads\/images\/Materiel\/Flak18.JPG\" alt=\"\" width=\"640\" height=\"499\" \/><br\/><img class=\"aligncenter size-full wp-image-65849\" title=\"Flak30\" src=\"https:\/\/www.auzeau.fr\/39-45\/wp-content\/uploads\/images\/Materiel\/Flak30.JPG\" alt=\"\" width=\"640\" height=\"499\" \/>'); <\/script><script type=\"text\/javascript\"> toolTips('.classtoolTips78','Aviation Royale Canadienne<br\/><br\/>Royal Canadian Air Force'); <\/script><script type=\"text\/javascript\"> toolTips('.classtoolTips96','Sergent<br\/><br\/>Sergeant'); <\/script><script type=\"text\/javascript\"> toolTips('.classtoolTips98','Colonel'); <\/script><script type=\"text\/javascript\"> toolTips('.classtoolTips113','Prisonnier de Guerre<br\/><br\/>Prisoner Of War'); <\/script><script type=\"text\/javascript\"> toolTips('.classtoolTips115','Op\u00e9rateur Radio<br\/><br\/>Wireless Op\u00e9rator'); <\/script><script type=\"text\/javascript\"> toolTips('.classtoolTips116','Navigateur<br\/><br\/>Navigator'); <\/script><script type=\"text\/javascript\"> toolTips('.classtoolTips118','Canonnier'); <\/script><script type=\"text\/javascript\"> toolTips('.classtoolTips134','\u00c9vad\u00e9<br\/><br\/>Evaded'); <\/script><script type=\"text\/javascript\"> toolTips('.classtoolTips144','Royal Corps of Signals'); <\/script><script type=\"text\/javascript\"> toolTips('.classtoolTips146','Royal Air Force'); <\/script><script type=\"text\/javascript\"> toolTips('.classtoolTips150','Indemne<br\/><br\/>Unhurt'); <\/script><script type=\"text\/javascript\"> toolTips('.classtoolTips151','Pilote<br\/><br\/>Pilot'); <\/script><script type=\"text\/javascript\"> toolTips('.classtoolTips153','Porucznik'); <\/script><script type=\"text\/javascript\"> toolTips('.classtoolTips158','Midshipman'); <\/script><script type=\"text\/javascript\"> toolTips('.classtoolTips182','Warrant Officer'); <\/script><script type=\"text\/javascript\"> toolTips('.classtoolTips183','Flight Sergeant'); <\/script><script type=\"text\/javascript\"> toolTips('.classtoolTips184','Capitaine de Vaisseau'); <\/script><script type=\"text\/javascript\"> toolTips('.classtoolTips185','Mitrailleur<br\/><br\/>Air Gunner'); <\/script><script type=\"text\/javascript\"> toolTips('.classtoolTips188','Bombardier<br\/><br\/>Air bomber'); <\/script><script type=\"text\/javascript\"> toolTips('.classtoolTips189','M\u00e9canicien volant<br\/><br\/>Flying Enginer'); <\/script><script type=\"text\/javascript\"> toolTips('.classtoolTips195','Enseigne de Vaisseau'); <\/script><script type=\"text\/javascript\"> toolTips('.classtoolTips197','Aircraftman'); <\/script><script type=\"text\/javascript\"> toolTips('.classtoolTips199','Radio Officer'); <\/script><script type=\"text\/javascript\"> toolTips('.classtoolTips201','Lieutenant'); <\/script>","protected":false},"excerpt":{"rendered":"<p>Lancaster ND344 LQ-V 405 Sqn Date : 12 juin 1944 Mission : Bombardement d&#8217;installations ferroviaires \u00e0 Tours (37) D\u00e9collage : Gransden Lodge \u00e0 22:10 Causes de la perte : Abattu par la Flak Lieu de la perte : vers Vouvray (37) Sgt Frederick Cyril BAILEY AG RAFVR 1817259 EVA Sgt Harry BRAITHWAITE AG RAFVR 1685138 [&hellip;]<\/p>\n","protected":false},"author":1,"featured_media":0,"parent":71,"menu_order":0,"comment_status":"closed","ping_status":"closed","template":"template-full-width Lancaster.php","meta":{"_lmt_disableupdate":"yes","_lmt_disable":"","footnotes":""},"categories":[323],"tags":[336],"wf_page_folders":[3121],"class_list":["post-67542","page","type-page","status-publish","hentry","category-lancaster","tag-405-squadron"],"_links":{"self":[{"href":"https:\/\/www.auzeau.fr\/39-45\/wp-json\/wp\/v2\/pages\/67542","targetHints":{"allow":["GET"]}}],"collection":[{"href":"https:\/\/www.auzeau.fr\/39-45\/wp-json\/wp\/v2\/pages"}],"about":[{"href":"https:\/\/www.auzeau.fr\/39-45\/wp-json\/wp\/v2\/types\/page"}],"author":[{"embeddable":true,"href":"https:\/\/www.auzeau.fr\/39-45\/wp-json\/wp\/v2\/users\/1"}],"replies":[{"embeddable":true,"href":"https:\/\/www.auzeau.fr\/39-45\/wp-json\/wp\/v2\/comments?post=67542"}],"version-history":[{"count":0,"href":"https:\/\/www.auzeau.fr\/39-45\/wp-json\/wp\/v2\/pages\/67542\/revisions"}],"up":[{"embeddable":true,"href":"https:\/\/www.auzeau.fr\/39-45\/wp-json\/wp\/v2\/pages\/71"}],"wp:attachment":[{"href":"https:\/\/www.auzeau.fr\/39-45\/wp-json\/wp\/v2\/media?parent=67542"}],"wp:term":[{"taxonomy":"category","embeddable":true,"href":"https:\/\/www.auzeau.fr\/39-45\/wp-json\/wp\/v2\/categories?post=67542"},{"taxonomy":"post_tag","embeddable":true,"href":"https:\/\/www.auzeau.fr\/39-45\/wp-json\/wp\/v2\/tags?post=67542"},{"taxonomy":"wf_page_folders","embeddable":true,"href":"https:\/\/www.auzeau.fr\/39-45\/wp-json\/wp\/v2\/wf_page_folders?post=67542"}],"curies":[{"name":"wp","href":"https:\/\/api.w.org\/{rel}","templated":true}]}}