{"id":67532,"date":"2019-01-31T16:07:37","date_gmt":"2019-01-31T15:07:37","guid":{"rendered":"http:\/\/39-45.auzeau.fr\/?page_id=67532"},"modified":"2021-03-02T10:29:25","modified_gmt":"2021-03-02T09:29:25","slug":"37-tours-cimetiere-la-salle-3","status":"publish","type":"page","link":"https:\/\/www.auzeau.fr\/39-45\/france\/37-indre-et-loire\/37-tours-cimetiere-la-salle-3\/","title":{"rendered":"37 &#8211; Tours Cimeti\u00e8re La Salle"},"content":{"rendered":"<p><img fetchpriority=\"high\" decoding=\"async\" class=\"aligncenter size-full wp-image-67514\" title=\"Tours_Lasalle\" src=\"https:\/\/www.auzeau.fr\/39-45\/wp-content\/uploads\/Cimetieres\/31 -- 60\/37-Indre-et-Loire\/Tours_La_Salle\/Tours_Lasalle.jpg\" alt=\"\" width=\"900\" height=\"450\" srcset=\"https:\/\/www.auzeau.fr\/39-45\/wp-content\/uploads\/Cimetieres\/31%20--%2060\/37-Indre-et-Loire\/Tours_La_Salle\/Tours_Lasalle.jpg 900w, https:\/\/www.auzeau.fr\/39-45\/wp-content\/uploads\/Cimetieres\/31%20--%2060\/37-Indre-et-Loire\/Tours_La_Salle\/Tours_Lasalle-300x150.jpg 300w, https:\/\/www.auzeau.fr\/39-45\/wp-content\/uploads\/Cimetieres\/31%20--%2060\/37-Indre-et-Loire\/Tours_La_Salle\/Tours_Lasalle-768x384.jpg 768w\" sizes=\"(max-width: 900px) 100vw, 900px\" \/><\/p>\n<table style=\"width: 100%;\" border=\"0\">\n<tbody>\n<tr>\n<td style=\"width: 5%;\"><\/td>\n<td style=\"width: 5%;\"><\/td>\n<td style=\"width: 5%;\"><\/td>\n<td style=\"width: 5%;\"><\/td>\n<td style=\"width: 5%;\"><\/td>\n<td style=\"width: 5%;\"><\/td>\n<td style=\"width: 5%;\"><\/td>\n<td style=\"width: 5%;\"><\/td>\n<td style=\"width: 5%;\"><\/td>\n<td style=\"width: 5%;\"><\/td>\n<td style=\"width: 5%;\"><\/td>\n<td style=\"width: 5%;\"><\/td>\n<td style=\"width: 5%;\"><\/td>\n<td style=\"width: 5%;\"><\/td>\n<td style=\"width: 5%;\"><\/td>\n<td style=\"width: 5%;\"><\/td>\n<td style=\"width: 5%;\"><\/td>\n<td style=\"width: 5%;\"><\/td>\n<td style=\"width: 5%;\"><\/td>\n<td style=\"width: 5%;\"><\/td>\n<\/tr>\n<tr>\n<td style=\"width: 75%;\" colspan=\"15\"><strong><span style=\"font-size: xx-large;\"><span style=\"color: #000000;\">LeO 451 n\u00b0106<\/span><br \/>\n<\/span><\/strong><\/td>\n<td style=\"text-align: center; width: 25%;\" colspan=\"5\"><strong><span style=\"font-size: xx-large;\">GB I\/31<br \/>\n<\/span><\/strong><\/td>\n<\/tr>\n<tr style=\"height: 40px;\">\n<td style=\"text-align: right; width: 10%;\" colspan=\"2\"><span style=\"font-size: 14px;\"><strong>Date : <\/strong><\/span><\/td>\n<td style=\"width: 25%;\" colspan=\"5\"><span style=\"font-size: 14px;\"><em>20 mai 1940<br \/>\n<\/em><\/span><\/td>\n<td style=\"text-align: right; width: 15%;\" colspan=\"3\"><span style=\"font-size: 14px;\"><strong>Mission : <\/strong><\/span><\/td>\n<td style=\"width: 50%;\" colspan=\"10\"><span style=\"font-size: 14px;\"> <em>Bombardement de colonnes motoris\u00e9s entre Albert et Amiens<\/em><br \/>\n<\/span><\/td>\n<\/tr>\n<tr style=\"height: 40px;\">\n<td style=\"width: 5%;\"><\/td>\n<td style=\"width: 5%;\"><\/td>\n<td style=\"text-align: right; width: 25%;\" colspan=\"5\"><span style=\"font-size: 14px;\"><strong>D\u00e9collage :<\/strong><\/span><\/td>\n<td style=\"width: 50%;\" colspan=\"10\"><span style=\"font-size: 14px;\"><em>Claye-Souilly<\/em><\/span><\/td>\n<td style=\"width: 5%;\"><\/td>\n<td style=\"width: 5%;\"><\/td>\n<td style=\"width: 5%;\"><\/td>\n<\/tr>\n<tr style=\"height: 40px;\">\n<td style=\"width: 5%;\"><\/td>\n<td style=\"width: 5%;\"><\/td>\n<td style=\"text-align: right; width: 25%;\" colspan=\"5\"><span style=\"font-size: 14px;\"><strong>Causes de la perte :<\/strong><\/span><\/td>\n<td style=\"width: 65%;\" colspan=\"13\"><span style=\"font-size: 14px;\"><em> Un moteur endommag\u00e9 par la <span class='tooltipsall tooltipsincontent classtoolTips70'>Flak<\/span> est abattu par des chasseurs. Appareil \u00e9vacu\u00e9<br \/>\n<\/em><\/span><\/td>\n<\/tr>\n<tr style=\"height: 40px;\">\n<td style=\"width: 5%;\"><\/td>\n<td style=\"width: 5%;\"><\/td>\n<td style=\"text-align: right; width: 25%;\" colspan=\"5\"><span style=\"font-size: 14px;\"><strong>Lieu de la perte :<br \/>\n<\/strong><\/span><\/td>\n<td style=\"width: 50%;\" colspan=\"10\"><span style=\"font-size: 14px;\"><em><span style=\"color: #000000;\">Lawarde-Mauger-l&#8217;Hortoy (80)<\/span><\/em><\/span><\/td>\n<td style=\"width: 5%;\"><\/td>\n<td style=\"width: 5%;\"><\/td>\n<td style=\"width: 5%;\"><\/td>\n<\/tr>\n<tr style=\"height: 60px;\">\n<td style=\"width: 5%;\"><span style=\"font-size: 14px;\"><img decoding=\"async\" class=\"size-full wp-image-47214 alignleft\" title=\"France\" src=\"https:\/\/www.auzeau.fr\/39-45\/wp-content\/uploads\/images\/Drapeaux\/France.png\" alt=\"France\" width=\"40\" height=\"20\" \/><\/span><\/td>\n<td style=\"width: 5%;\"><span style=\"font-size: 14px;\"><span class='tooltipsall tooltipsincontent classtoolTips89'>SCH<\/span><\/span><\/td>\n<td style=\"width: 25%;\" colspan=\"5\"><span style=\"font-size: 14px;\">Jean<br \/>\n<\/span><\/td>\n<td style=\"width: 15%;\" colspan=\"3\"><span style=\"font-size: 14px; color: #000000;\"><strong>DESNEUX<\/strong><\/span><\/td>\n<td style=\"width: 5%;\"><span style=\"font-size: 14px;\"><span class='tooltipsall tooltipsincontent classtoolTips185'>AG<\/span><\/span><\/td>\n<td style=\"width: 5%;\"><span style=\"font-size: 14px;\"><span class='tooltipsall tooltipsincontent classtoolTips136'>AAF<\/span><\/span><\/td>\n<td style=\"width: 10%;\" colspan=\"2\"><\/td>\n<td style=\"width: 5%;\"><span style=\"font-size: 14px;\"><span class='tooltipsall tooltipsincontent classtoolTips112'>WIA<\/span><\/span><\/td>\n<td style=\"width: 25%;\" colspan=\"5\"><span style=\"font-size: 8pt;\"><img decoding=\"async\" class=\"size-full wp-image-47270 alignleft\" title=\"Croix-de-Guerre-39-45\" src=\"https:\/\/www.auzeau.fr\/39-45\/wp-content\/uploads\/images\/Medaille\/Croix-de-Guerre-39-45.png\" alt=\"Croix de Guerre 39-45\" width=\"72\" height=\"20\" \/><span style=\"color: #000000;\"><strong><span class='tooltipsall tooltipsincontent classtoolTips148'>DOW<\/span><\/strong><\/span><em> le 06\/06\/1946 Gravement bless\u00e9 aux poumons<\/em><\/span> <span style=\"color: #000000;\"><strong><span class='tooltipsall tooltipsincontent classtoolTips126'>MPF<\/span><\/strong><\/span><\/td>\n<\/tr>\n<tr style=\"height: 60px;\">\n<td style=\"width: 5%;\"><span style=\"font-size: 14px;\"><img decoding=\"async\" class=\"size-full wp-image-47214 alignleft\" title=\"France\" src=\"https:\/\/www.auzeau.fr\/39-45\/wp-content\/uploads\/images\/Drapeaux\/France.png\" alt=\"France\" width=\"40\" height=\"20\" \/><\/span><\/td>\n<td style=\"width: 5%;\"><span style=\"font-size: 14px;\"><span class='tooltipsall tooltipsincontent classtoolTips201'>Lt<\/span><\/span><\/td>\n<td style=\"width: 25%;\" colspan=\"5\"><span style=\"font-size: 14px;\">Henri Gabriel<br \/>\n<\/span><\/td>\n<td style=\"width: 15%;\" colspan=\"3\"><span style=\"font-size: 14px; color: #000000;\"><strong>HOURTIC<\/strong><\/span><\/td>\n<td style=\"width: 5%;\"><span style=\"font-size: 14px;\"><span class='tooltipsall tooltipsincontent classtoolTips120'>CdB<\/span><\/span><\/td>\n<td style=\"width: 5%;\"><span style=\"font-size: 14px;\"><span class='tooltipsall tooltipsincontent classtoolTips136'>AAF<\/span><br \/>\n<\/span><\/td>\n<td style=\"width: 10%;\" colspan=\"2\"><\/td>\n<td style=\"width: 5%;\"><span style=\"font-size: 14px;\"><span class='tooltipsall tooltipsincontent classtoolTips112'>WIA<\/span><\/span><\/td>\n<td style=\"width: 25%;\" colspan=\"5\"><img loading=\"lazy\" decoding=\"async\" class=\"size-full wp-image-47239 alignleft\" title=\"Chevalier L\u00e9gion d'Honneur\" src=\"https:\/\/www.auzeau.fr\/39-45\/wp-content\/uploads\/images\/Medaille\/de7ad77f9fc044a1c8d501e35183a115.png\" alt=\"Chevalier de la L\u00e9gion d'Honneur\" width=\"72\" height=\"20\" \/><\/td>\n<\/tr>\n<tr style=\"height: 60px;\">\n<td style=\"width: 5%;\"><span style=\"font-size: 14px;\"><img decoding=\"async\" class=\"size-full wp-image-47214 alignleft\" title=\"France\" src=\"https:\/\/www.auzeau.fr\/39-45\/wp-content\/uploads\/images\/Drapeaux\/France.png\" alt=\"France\" width=\"40\" height=\"20\" \/><\/span><\/td>\n<td style=\"width: 5%;\"><span style=\"font-size: 14px;\"><span class='tooltipsall tooltipsincontent classtoolTips90'>Cpl<\/span><\/span><\/td>\n<td style=\"width: 25%;\" colspan=\"5\"><span style=\"font-size: 14px;\">Jean<br \/>\n<\/span><\/td>\n<td style=\"width: 15%;\" colspan=\"3\"><span style=\"font-size: 14px; color: #000000;\"><strong>ROGER<\/strong><\/span><\/td>\n<td style=\"width: 5%;\"><span style=\"font-size: 14px;\"><span class='tooltipsall tooltipsincontent classtoolTips185'>AG<\/span><\/span><\/td>\n<td style=\"width: 5%;\"><span style=\"font-size: 14px;\"><span class='tooltipsall tooltipsincontent classtoolTips136'>AAF<\/span><br \/>\n<\/span><\/td>\n<td style=\"width: 10%;\" colspan=\"2\"><\/td>\n<td style=\"width: 5%;\"><span style=\"font-size: 14px;\"><span class='tooltipsall tooltipsincontent classtoolTips112'>WIA<\/span><\/span><\/td>\n<td style=\"width: 25%;\" colspan=\"5\"><\/td>\n<\/tr>\n<tr style=\"height: 60px;\">\n<td style=\"width: 5%;\"><span style=\"font-size: 14px;\"><img decoding=\"async\" class=\"size-full wp-image-47214 alignleft\" title=\"France\" src=\"https:\/\/www.auzeau.fr\/39-45\/wp-content\/uploads\/images\/Drapeaux\/France.png\" alt=\"France\" width=\"40\" height=\"20\" \/><\/span><\/td>\n<td style=\"width: 5%;\"><span style=\"font-size: 14px;\"><span class='tooltipsall tooltipsincontent classtoolTips179'>Adj<\/span><\/span><\/td>\n<td style=\"width: 25%;\" colspan=\"5\"><span style=\"font-size: 14px;\"> Jacques<\/span><\/td>\n<td style=\"width: 15%;\" colspan=\"3\"><span style=\"font-size: 14px; color: #000000;\"><strong>TANCHOUX<\/strong><\/span><\/td>\n<td style=\"width: 5%;\"><span style=\"font-size: 14px;\"><span class='tooltipsall tooltipsincontent classtoolTips151'>Pil<\/span><\/span><\/td>\n<td style=\"width: 5%;\"><span style=\"font-size: 14px;\"><span class='tooltipsall tooltipsincontent classtoolTips136'>AAF<\/span><br \/>\n<\/span><\/td>\n<td style=\"width: 10%;\" colspan=\"2\"><\/td>\n<td style=\"width: 5%;\"><span style=\"font-size: 14px;\"><span class='tooltipsall tooltipsincontent classtoolTips112'>WIA<\/span><\/span><\/td>\n<td style=\"width: 25%;\" colspan=\"5\"><img loading=\"lazy\" decoding=\"async\" class=\"size-full wp-image-47288 alignleft\" title=\"Medaille Militaire\" src=\"https:\/\/www.auzeau.fr\/39-45\/wp-content\/uploads\/images\/Medaille\/Medaille-Militaire.png\" alt=\"M\u00e9daille Militaire\" width=\"72\" height=\"20\" \/><img loading=\"lazy\" decoding=\"async\" class=\"size-full wp-image-47270 alignleft\" title=\"Croix de Guerre 39-45\" src=\"https:\/\/www.auzeau.fr\/39-45\/wp-content\/uploads\/images\/Medaille\/Croix-de-Guerre-39-45.png\" alt=\"Croix de Guerre 39-45\" width=\"72\" height=\"20\" \/><\/td>\n<\/tr>\n<tr>\n<td style=\"width: 100%;\" colspan=\"20\" height=\"20\"><\/td>\n<\/tr>\n<tr>\n<td style=\"width: 100%;\" colspan=\"20\"><div id='gallery-1' class='gallery galleryid-67532 gallery-columns-3 gallery-size-thumbnail'><figure class='gallery-item'>\n\t\t\t<div class='gallery-icon portrait'>\n\t\t\t\t<a title=\"Desneux\"  title=\"Desneux\"  href='https:\/\/www.auzeau.fr\/39-45\/wp-content\/uploads\/Cimetieres\/31%20--%2060\/37-Indre-et-Loire\/Tours_La_Salle\/LeO106\/Desneux.jpg'><img loading=\"lazy\" decoding=\"async\" width=\"150\" height=\"150\" src=\"https:\/\/www.auzeau.fr\/39-45\/wp-content\/uploads\/Cimetieres\/31 -- 60\/37-Indre-et-Loire\/Tours_La_Salle\/LeO106\/Desneux-150x150.jpg\" class=\"attachment-thumbnail size-thumbnail\" alt=\"\" srcset=\"https:\/\/www.auzeau.fr\/39-45\/wp-content\/uploads\/Cimetieres\/31%20--%2060\/37-Indre-et-Loire\/Tours_La_Salle\/LeO106\/Desneux-150x150.jpg 150w, https:\/\/www.auzeau.fr\/39-45\/wp-content\/uploads\/Cimetieres\/31%20--%2060\/37-Indre-et-Loire\/Tours_La_Salle\/LeO106\/Desneux-50x50.jpg 50w\" sizes=\"(max-width: 150px) 100vw, 150px\" \/><\/a>\n\t\t\t<\/div><\/figure><figure class='gallery-item'>\n\t\t\t<div class='gallery-icon landscape'>\n\t\t\t\t<a title=\"Desneux\"  title=\"Desneux\"  href='https:\/\/www.auzeau.fr\/39-45\/wp-content\/uploads\/Cimetieres\/31%20--%2060\/37-Indre-et-Loire\/Tours_La_Salle\/LeO106\/Desneux-1.jpg'><img loading=\"lazy\" decoding=\"async\" width=\"150\" height=\"150\" src=\"https:\/\/www.auzeau.fr\/39-45\/wp-content\/uploads\/Cimetieres\/31 -- 60\/37-Indre-et-Loire\/Tours_La_Salle\/LeO106\/Desneux-1-150x150.jpg\" class=\"attachment-thumbnail size-thumbnail\" alt=\"\" srcset=\"https:\/\/www.auzeau.fr\/39-45\/wp-content\/uploads\/Cimetieres\/31%20--%2060\/37-Indre-et-Loire\/Tours_La_Salle\/LeO106\/Desneux-1-150x150.jpg 150w, https:\/\/www.auzeau.fr\/39-45\/wp-content\/uploads\/Cimetieres\/31%20--%2060\/37-Indre-et-Loire\/Tours_La_Salle\/LeO106\/Desneux-1-50x50.jpg 50w\" sizes=\"(max-width: 150px) 100vw, 150px\" \/><\/a>\n\t\t\t<\/div><\/figure><figure class='gallery-item'>\n\t\t\t<div class='gallery-icon portrait'>\n\t\t\t\t<a title=\"Desneux\"  title=\"Desneux\"  href='https:\/\/www.auzeau.fr\/39-45\/wp-content\/uploads\/Cimetieres\/31%20--%2060\/37-Indre-et-Loire\/Tours_La_Salle\/LeO106\/Desneux-3.jpg'><img loading=\"lazy\" decoding=\"async\" width=\"150\" height=\"150\" src=\"https:\/\/www.auzeau.fr\/39-45\/wp-content\/uploads\/Cimetieres\/31 -- 60\/37-Indre-et-Loire\/Tours_La_Salle\/LeO106\/Desneux-3-150x150.jpg\" class=\"attachment-thumbnail size-thumbnail\" alt=\"\" srcset=\"https:\/\/www.auzeau.fr\/39-45\/wp-content\/uploads\/Cimetieres\/31%20--%2060\/37-Indre-et-Loire\/Tours_La_Salle\/LeO106\/Desneux-3-150x150.jpg 150w, https:\/\/www.auzeau.fr\/39-45\/wp-content\/uploads\/Cimetieres\/31%20--%2060\/37-Indre-et-Loire\/Tours_La_Salle\/LeO106\/Desneux-3-50x50.jpg 50w\" sizes=\"(max-width: 150px) 100vw, 150px\" \/><\/a>\n\t\t\t<\/div><\/figure>\n\t\t<\/div>\n<\/td>\n<\/tr>\n<\/tbody>\n<\/table>\n<p><span style=\"font-size: 8pt;\"><span style=\"color: #000000;\"><strong>02 mars 2021 :<\/strong><\/span> Ajout de la l\u00e9gion d&#8217;honneur du <span class='tooltipsall tooltipsincontent classtoolTips201'>Lt<\/span> HOURTIC<\/span><\/p>\n<table style=\"width: 100%; border-collapse: collapse;\" border=\"0\">\n<tbody>\n<tr>\n<td style=\"background-color: #dcdcdc; width: 100%; text-align: center; vertical-align: middle;\"><ul id=\"menu-37-tour-la-salle\" class=\"menu\"><li id=\"menu-item-68102\" class=\"menu-item menu-item-type-post_type menu-item-object-page menu-item-68102\"><a href=\"https:\/\/www.auzeau.fr\/39-45\/france\/37-indre-et-loire\/37-tours-cimetiere-la-salle\/\">MB210 n\u00b0 183<\/a><\/li>\n<li id=\"menu-item-68101\" class=\"menu-item menu-item-type-post_type menu-item-object-page menu-item-68101\"><a href=\"https:\/\/www.auzeau.fr\/39-45\/france\/37-indre-et-loire\/37-tours-cimetiere-la-salle-2\/\">LeO 451 n\u00b0 111<\/a><\/li>\n<li id=\"menu-item-68100\" class=\"menu-item menu-item-type-post_type menu-item-object-page menu-item-68100\"><a href=\"https:\/\/www.auzeau.fr\/39-45\/france\/37-indre-et-loire\/37-tours-cimetiere-la-salle-3\/\">LeO 451 n\u00b0 106<\/a><\/li>\n<li id=\"menu-item-113581\" class=\"menu-item menu-item-type-post_type menu-item-object-page menu-item-113581\"><a href=\"https:\/\/www.auzeau.fr\/39-45\/france\/37-indre-et-loire\/37-tours-cimetiere-la-salle-4\/\">Douglas A-24 n\u00b0 528<\/a><\/li>\n<\/ul><\/td>\n<\/tr>\n<\/tbody>\n<\/table>\n<hr \/>\n<p style=\"text-align: center;\"><ul id=\"menu-37-indre-et-loire\" class=\"menu\"><li id=\"menu-item-53990\" class=\"menu-item menu-item-type-post_type menu-item-object-page menu-item-53990\"><a href=\"https:\/\/www.auzeau.fr\/39-45\/france\/37-indre-et-loire\/37-chateau-renault\/\">37 \u2013 Ch\u00e2teau-Renault<\/a><\/li>\n<li id=\"menu-item-67602\" class=\"menu-item menu-item-type-post_type menu-item-object-page menu-item-67602\"><a href=\"https:\/\/www.auzeau.fr\/39-45\/france\/37-indre-et-loire\/37-civray-de-touraine\/\">37 \u2013 Civray-de-Touraine<\/a><\/li>\n<li id=\"menu-item-67322\" class=\"menu-item menu-item-type-post_type menu-item-object-page menu-item-67322\"><a href=\"https:\/\/www.auzeau.fr\/39-45\/france\/37-indre-et-loire\/37-joue-les-tours\/\">37 \u2013 Jou\u00e9-l\u00e8s-Tours<\/a><\/li>\n<li id=\"menu-item-68106\" class=\"menu-item menu-item-type-post_type menu-item-object-page menu-item-68106\"><a href=\"https:\/\/www.auzeau.fr\/39-45\/france\/37-indre-et-loire\/37-la-riche\/\">37 \u2013 La Riche<\/a><\/li>\n<li id=\"menu-item-53991\" class=\"menu-item menu-item-type-post_type menu-item-object-page menu-item-53991\"><a href=\"https:\/\/www.auzeau.fr\/39-45\/france\/37-indre-et-loire\/37-lignieres-de-touraine\/\">37 \u2013 Ligni\u00e8res-de-Touraine<\/a><\/li>\n<li id=\"menu-item-68108\" class=\"menu-item menu-item-type-post_type menu-item-object-page menu-item-68108\"><a href=\"https:\/\/www.auzeau.fr\/39-45\/france\/37-indre-et-loire\/37-rochecorbon\/\">37 \u2013 Rochecorbon<\/a><\/li>\n<li id=\"menu-item-68105\" class=\"menu-item menu-item-type-post_type menu-item-object-page menu-item-68105\"><a href=\"https:\/\/www.auzeau.fr\/39-45\/france\/37-indre-et-loire\/37-tours-cimetiere-la-salle\/\">37 \u2013 Tours Cimeti\u00e8re La Salle<\/a><\/li>\n<li id=\"menu-item-68107\" class=\"menu-item menu-item-type-post_type menu-item-object-page menu-item-68107\"><a href=\"https:\/\/www.auzeau.fr\/39-45\/france\/37-indre-et-loire\/37-tours-cimetiere-saint-symphorien\/\">37 \u2013 Tours Cimeti\u00e8re Saint Symphorien<\/a><\/li>\n<\/ul>\n<script type=\"text\/javascript\"> toolTips('.classtoolTips70','<img class=\"aligncenter wp-image-65848 size-full\" title=\"Flak18\" src=\"https:\/\/www.auzeau.fr\/39-45\/wp-content\/uploads\/images\/Materiel\/Flak18.JPG\" alt=\"\" width=\"640\" height=\"499\" \/><br\/><img class=\"aligncenter size-full wp-image-65849\" title=\"Flak30\" src=\"https:\/\/www.auzeau.fr\/39-45\/wp-content\/uploads\/images\/Materiel\/Flak30.JPG\" alt=\"\" width=\"640\" height=\"499\" \/>'); <\/script><script type=\"text\/javascript\"> toolTips('.classtoolTips89','Sergent-Chef'); <\/script><script type=\"text\/javascript\"> toolTips('.classtoolTips90','Caporal<br\/><br\/>Corporal'); <\/script><script type=\"text\/javascript\"> toolTips('.classtoolTips98','Colonel'); <\/script><script type=\"text\/javascript\"> toolTips('.classtoolTips112','Bless\u00e9 au combat<br\/><br\/>Wounded in action'); <\/script><script type=\"text\/javascript\"> toolTips('.classtoolTips120','Chef de Bord'); <\/script><script type=\"text\/javascript\"> toolTips('.classtoolTips126','Mort Pour la France'); <\/script><script type=\"text\/javascript\"> toolTips('.classtoolTips134','\u00c9vad\u00e9<br\/><br\/>Evaded'); <\/script><script type=\"text\/javascript\"> toolTips('.classtoolTips136','Arm\u00e9e de l\u2019Air Fran\u00e7aise'); <\/script><script type=\"text\/javascript\"> toolTips('.classtoolTips144','Royal Corps of Signals'); <\/script><script type=\"text\/javascript\"> toolTips('.classtoolTips148','<strong>D\u00e9c\u00e9d\u00e9 de ses blessures<\/strong><br\/><br\/>concerne une personne qui a surv\u00e9cu pour atteindre un centre de traitement m\u00e9dical.<br\/><br\/><strong>Died of wounds<\/strong><br\/><br\/>concerns a person who survived to reach a medical treatment center.'); <\/script><script type=\"text\/javascript\"> toolTips('.classtoolTips150','Indemne<br\/><br\/>Unhurt'); <\/script><script type=\"text\/javascript\"> toolTips('.classtoolTips151','Pilote<br\/><br\/>Pilot'); <\/script><script type=\"text\/javascript\"> toolTips('.classtoolTips153','Porucznik'); <\/script><script type=\"text\/javascript\"> toolTips('.classtoolTips154','Groupe de Liaisons A\u00e9riennes'); <\/script><script type=\"text\/javascript\"> toolTips('.classtoolTips158','Midshipman'); <\/script><script type=\"text\/javascript\"> toolTips('.classtoolTips179','Adjudant'); <\/script><script type=\"text\/javascript\"> toolTips('.classtoolTips185','Mitrailleur<br\/><br\/>Air Gunner'); <\/script><script type=\"text\/javascript\"> toolTips('.classtoolTips188','Bombardier<br\/><br\/>Air bomber'); <\/script><script type=\"text\/javascript\"> toolTips('.classtoolTips189','M\u00e9canicien volant<br\/><br\/>Flying Enginer'); <\/script><script type=\"text\/javascript\"> toolTips('.classtoolTips195','Enseigne de Vaisseau'); <\/script><script type=\"text\/javascript\"> toolTips('.classtoolTips197','Aircraftman'); <\/script><script type=\"text\/javascript\"> toolTips('.classtoolTips199','Radio Officer'); <\/script><script type=\"text\/javascript\"> toolTips('.classtoolTips201','Lieutenant'); <\/script>","protected":false},"excerpt":{"rendered":"<p>LeO 451 n\u00b0106 GB I\/31 Date : 20 mai 1940 Mission : Bombardement de colonnes motoris\u00e9s entre Albert et Amiens D\u00e9collage : Claye-Souilly Causes de la perte : Un moteur endommag\u00e9 par la Flak est abattu par des chasseurs. Appareil \u00e9vacu\u00e9 Lieu de la perte : Lawarde-Mauger-l&#8217;Hortoy (80) SCH Jean DESNEUX AG AAF WIA DOW [&hellip;]<\/p>\n","protected":false},"author":1,"featured_media":0,"parent":71,"menu_order":0,"comment_status":"closed","ping_status":"closed","template":"template-full-width LEO451.php","meta":{"_lmt_disableupdate":"yes","_lmt_disable":"","footnotes":""},"categories":[350],"tags":[3019],"wf_page_folders":[3121],"class_list":["post-67532","page","type-page","status-publish","hentry","category-leo-451","tag-gao-ii-31"],"_links":{"self":[{"href":"https:\/\/www.auzeau.fr\/39-45\/wp-json\/wp\/v2\/pages\/67532","targetHints":{"allow":["GET"]}}],"collection":[{"href":"https:\/\/www.auzeau.fr\/39-45\/wp-json\/wp\/v2\/pages"}],"about":[{"href":"https:\/\/www.auzeau.fr\/39-45\/wp-json\/wp\/v2\/types\/page"}],"author":[{"embeddable":true,"href":"https:\/\/www.auzeau.fr\/39-45\/wp-json\/wp\/v2\/users\/1"}],"replies":[{"embeddable":true,"href":"https:\/\/www.auzeau.fr\/39-45\/wp-json\/wp\/v2\/comments?post=67532"}],"version-history":[{"count":0,"href":"https:\/\/www.auzeau.fr\/39-45\/wp-json\/wp\/v2\/pages\/67532\/revisions"}],"up":[{"embeddable":true,"href":"https:\/\/www.auzeau.fr\/39-45\/wp-json\/wp\/v2\/pages\/71"}],"wp:attachment":[{"href":"https:\/\/www.auzeau.fr\/39-45\/wp-json\/wp\/v2\/media?parent=67532"}],"wp:term":[{"taxonomy":"category","embeddable":true,"href":"https:\/\/www.auzeau.fr\/39-45\/wp-json\/wp\/v2\/categories?post=67532"},{"taxonomy":"post_tag","embeddable":true,"href":"https:\/\/www.auzeau.fr\/39-45\/wp-json\/wp\/v2\/tags?post=67532"},{"taxonomy":"wf_page_folders","embeddable":true,"href":"https:\/\/www.auzeau.fr\/39-45\/wp-json\/wp\/v2\/wf_page_folders?post=67532"}],"curies":[{"name":"wp","href":"https:\/\/api.w.org\/{rel}","templated":true}]}}