{"id":67523,"date":"2019-01-31T16:07:37","date_gmt":"2019-01-31T15:07:37","guid":{"rendered":"http:\/\/39-45.auzeau.fr\/?page_id=67523"},"modified":"2022-07-01T09:44:06","modified_gmt":"2022-07-01T07:44:06","slug":"37-la-riche","status":"publish","type":"page","link":"https:\/\/www.auzeau.fr\/39-45\/france\/37-indre-et-loire\/37-la-riche\/","title":{"rendered":"37 &#8211; La Riche"},"content":{"rendered":"<p><img fetchpriority=\"high\" decoding=\"async\" class=\"aligncenter size-full wp-image-67502\" title=\"La Riche\" src=\"https:\/\/www.auzeau.fr\/39-45\/wp-content\/uploads\/Cimetieres\/31 -- 60\/37-Indre-et-Loire\/La-Riche\/La-Riche.jpg\" alt=\"\" width=\"900\" height=\"456\" srcset=\"https:\/\/www.auzeau.fr\/39-45\/wp-content\/uploads\/Cimetieres\/31%20--%2060\/37-Indre-et-Loire\/La-Riche\/La-Riche.jpg 900w, https:\/\/www.auzeau.fr\/39-45\/wp-content\/uploads\/Cimetieres\/31%20--%2060\/37-Indre-et-Loire\/La-Riche\/La-Riche-300x152.jpg 300w, https:\/\/www.auzeau.fr\/39-45\/wp-content\/uploads\/Cimetieres\/31%20--%2060\/37-Indre-et-Loire\/La-Riche\/La-Riche-768x389.jpg 768w\" sizes=\"(max-width: 900px) 100vw, 900px\" \/><\/p>\n<table style=\"width: 100%; height: 481px;\" border=\"0\">\n<tbody>\n<tr style=\"height: 21px;\">\n<td style=\"width: 5%; height: 21px;\"><\/td>\n<td style=\"width: 5%; height: 21px;\"><\/td>\n<td style=\"width: 5%; height: 21px;\"><\/td>\n<td style=\"width: 5%; height: 21px;\"><\/td>\n<td style=\"width: 5%; height: 21px;\"><\/td>\n<td style=\"width: 5%; height: 21px;\"><\/td>\n<td style=\"width: 5%; height: 21px;\"><\/td>\n<td style=\"width: 5%; height: 21px;\"><\/td>\n<td style=\"width: 5%; height: 21px;\"><\/td>\n<td style=\"width: 5%; height: 21px;\"><\/td>\n<td style=\"width: 5%; height: 21px;\"><\/td>\n<td style=\"width: 5%; height: 21px;\"><\/td>\n<td style=\"width: 5%; height: 21px;\"><\/td>\n<td style=\"width: 5%; height: 21px;\"><\/td>\n<td style=\"width: 5%; height: 21px;\"><\/td>\n<td style=\"width: 5%; height: 21px;\"><\/td>\n<td style=\"width: 5%; height: 21px;\"><\/td>\n<td style=\"width: 5%; height: 21px;\"><\/td>\n<td style=\"width: 5%; height: 21px;\"><\/td>\n<td style=\"width: 5%; height: 21px;\"><\/td>\n<\/tr>\n<tr style=\"height: 76px;\">\n<td style=\"width: 75%; height: 76px;\" colspan=\"15\"><strong><span style=\"font-size: xx-large;\"><span style=\"color: #000000;\">LeO 451 n\u00b0109<\/span><br \/>\n<\/span><\/strong><\/td>\n<td style=\"width: 25%; height: 76px;\" colspan=\"5\">\n<p style=\"text-align: center;\"><strong><span style=\"font-size: xx-large;\">GB I\/31<br \/>\n<\/span><\/strong><\/p>\n<\/td>\n<\/tr>\n<tr style=\"height: 21px;\">\n<td style=\"text-align: right; width: 10%; height: 21px;\" colspan=\"2\"><span style=\"font-size: 14px;\"><strong>Date :\u00a0<\/strong><\/span><\/td>\n<td style=\"width: 25%; height: 21px;\" colspan=\"5\"><span style=\"font-size: 14px;\"><em>31 mai 1940<br \/>\n<\/em><\/span><\/td>\n<td style=\"text-align: right; width: 15%; height: 21px;\" colspan=\"3\"><span style=\"font-size: 14px;\"><strong>Mission :\u00a0<\/strong><\/span><\/td>\n<td style=\"width: 50%; height: 21px;\" colspan=\"10\"><span style=\"font-size: 14px;\"><em>Attaque de colonnes blind\u00e9es<br \/>\n<\/em><\/span><\/td>\n<\/tr>\n<tr style=\"height: 21px;\">\n<td style=\"width: 5%; height: 21px;\"><span style=\"font-size: 14px;\">\u00a0<\/span><\/td>\n<td style=\"width: 5%; height: 21px;\"><span style=\"font-size: 14px;\">\u00a0<\/span><\/td>\n<td style=\"text-align: right; width: 25%; height: 21px;\" colspan=\"5\"><span style=\"font-size: 14px;\"><strong>D\u00e9collage :<\/strong><\/span><\/td>\n<td style=\"width: 50%; height: 21px;\" colspan=\"10\"><span style=\"font-size: 14px;\"><em>\u00a0Chartres (28)<br \/>\n<\/em><\/span><\/td>\n<td style=\"width: 5%; height: 21px;\"><\/td>\n<td style=\"width: 5%; height: 21px;\"><\/td>\n<td style=\"width: 5%; height: 21px;\"><\/td>\n<\/tr>\n<tr style=\"height: 21px;\">\n<td style=\"width: 5%; height: 21px;\"><span style=\"font-size: 14px;\">\u00a0<\/span><\/td>\n<td style=\"width: 5%; height: 21px;\"><span style=\"font-size: 14px;\">\u00a0<\/span><\/td>\n<td style=\"text-align: right; width: 25%; height: 21px;\" colspan=\"5\"><span style=\"font-size: 14px;\"><strong>Causes de la perte :\u00a0<\/strong><\/span><\/td>\n<td style=\"width: 50%; height: 21px;\" colspan=\"10\"><span style=\"font-size: 14px;\"><em>\u00a0Abattu par des chaseurs <span class='tooltipsall tooltipsincontent classtoolTips27'>Bf 109<\/span><\/em><\/span><\/td>\n<td style=\"width: 5%; height: 21px;\"><\/td>\n<td style=\"width: 5%; height: 21px;\"><\/td>\n<td style=\"width: 5%; height: 21px;\"><\/td>\n<\/tr>\n<tr style=\"height: 21px;\">\n<td style=\"width: 5%; height: 21px;\"><span style=\"font-size: 14px;\">\u00a0<\/span><\/td>\n<td style=\"width: 5%; height: 21px;\"><span style=\"font-size: 14px;\">\u00a0<\/span><\/td>\n<td style=\"text-align: right; width: 25%; height: 21px;\" colspan=\"5\"><span style=\"font-size: 14px;\"><strong>Lieu de la perte :\u00a0<\/strong><\/span><\/td>\n<td style=\"width: 50%; height: 21px;\" colspan=\"10\"><span style=\"font-size: 14px;\"><em>&#8220;La Grande Trou\u00e9e&#8221; \u00e0 Auteuil (60)<\/em><\/span><\/td>\n<td style=\"width: 5%; height: 21px;\"><span style=\"font-size: 14px;\">\u00a0<\/span><\/td>\n<td style=\"width: 5%; height: 21px;\"><span style=\"font-size: 14px;\">\u00a0<\/span><\/td>\n<td style=\"width: 5%; height: 21px;\"><span style=\"font-size: 14px;\">\u00a0<\/span><\/td>\n<\/tr>\n<tr style=\"height: 43px;\">\n<td style=\"height: 21px; width: 5%;\"><span style=\"font-size: 14px;\"><img decoding=\"async\" class=\"aligncenter size-full wp-image-47214\" title=\"France\" src=\"https:\/\/www.auzeau.fr\/39-45\/wp-content\/uploads\/images\/Drapeaux\/France.png\" alt=\"France\" width=\"40\" height=\"20\" \/><\/span><\/td>\n<td style=\"height: 21px; width: 5%;\"><span style=\"font-size: 14px;\"><span class='tooltipsall tooltipsincontent classtoolTips96'>Sgt<\/span><\/span><\/td>\n<td style=\"height: 21px; width: 25%;\" colspan=\"5\"><span style=\"font-size: 14px;\">Guy L\u00e9on Charles<\/span><\/td>\n<td style=\"height: 21px; width: 20%;\" colspan=\"4\"><span style=\"font-size: 14px; color: #000000;\"><strong>CHAMPENOIS<\/strong><\/span><\/td>\n<td style=\"height: 21px; width: 5%;\"><span style=\"font-size: 14px;\"><span class='tooltipsall tooltipsincontent classtoolTips136'>AAF<\/span><\/span><\/td>\n<td style=\"height: 21px; width: 10%; text-align: center;\" colspan=\"2\"><span class='tooltipsall tooltipsincontent classtoolTips185'>AG<\/span><\/td>\n<td style=\"height: 21px; width: 5%;\"><span style=\"font-size: 14px; color: #000000;\"><strong><span class='tooltipsall tooltipsincontent classtoolTips110'>KIA<\/span><\/strong><\/span><\/td>\n<td style=\"height: 21px; width: 25%;\" colspan=\"5\"><span style=\"font-size: 14px; color: #000000;\"><strong><span class='tooltipsall tooltipsincontent classtoolTips126'>MPF<\/span> <\/strong><\/span><a href=\"https:\/\/www.auzeau.fr\/39-45\/france\/91-essonne\/91-etampes-cimetiere-saint-martin\/\"><span style=\"font-size: 8pt;\">Inhum\u00e9 \u00e0 \u00c9tampes (91)<\/span><\/a><span style=\"font-size: 14px; color: #000000;\"><strong><br \/>\n<\/strong><\/span><\/td>\n<\/tr>\n<tr style=\"height: 43px;\">\n<td style=\"height: 21px; width: 5%;\"><span style=\"font-size: 14px;\"><img decoding=\"async\" class=\"aligncenter size-full wp-image-47214\" title=\"France\" src=\"https:\/\/www.auzeau.fr\/39-45\/wp-content\/uploads\/images\/Drapeaux\/France.png\" alt=\"France\" width=\"40\" height=\"20\" \/><\/span><\/td>\n<td style=\"height: 21px; width: 5%;\"><span style=\"font-size: 14px;\"><span class='tooltipsall tooltipsincontent classtoolTips96'>Sgt<\/span><\/span><\/td>\n<td style=\"height: 21px; width: 25%;\" colspan=\"5\"><span style=\"font-size: 14px;\">Jean Eug\u00e8ne Olivier D\u00e9sir\u00e9<\/span><\/td>\n<td style=\"height: 21px; width: 20%;\" colspan=\"4\"><span style=\"font-size: 14px; color: #000000;\"><strong>DESESQUELLE<\/strong><\/span><\/td>\n<td style=\"height: 21px; width: 5%;\"><span style=\"font-size: 14px;\"><span class='tooltipsall tooltipsincontent classtoolTips136'>AAF<\/span><\/span><\/td>\n<td style=\"height: 21px; width: 10%; text-align: center;\" colspan=\"2\"><span class='tooltipsall tooltipsincontent classtoolTips115'>WOP<\/span><\/td>\n<td style=\"height: 21px; width: 5%;\"><span style=\"font-size: 14px; color: #000000;\"><strong><span class='tooltipsall tooltipsincontent classtoolTips110'>KIA<\/span><\/strong><\/span><\/td>\n<td style=\"height: 21px; width: 25%;\" colspan=\"5\"><span style=\"font-size: 14px; color: #000000;\"><strong><span class='tooltipsall tooltipsincontent classtoolTips126'>MPF<\/span><\/strong><\/span><\/td>\n<\/tr>\n<tr style=\"height: 43px;\">\n<td style=\"height: 21px; width: 5%;\"><span style=\"font-size: 14px;\"><img decoding=\"async\" class=\"aligncenter size-full wp-image-47214\" title=\"France\" src=\"https:\/\/www.auzeau.fr\/39-45\/wp-content\/uploads\/images\/Drapeaux\/France.png\" alt=\"France\" width=\"40\" height=\"20\" \/><\/span><\/td>\n<td style=\"height: 21px; width: 5%;\"><span style=\"font-size: 14px;\"><span class='tooltipsall tooltipsincontent classtoolTips181'>SLT<\/span><\/span><\/td>\n<td style=\"height: 21px; width: 25%;\" colspan=\"5\"><span style=\"font-size: 14px;\">Pierre Ernest<\/span><\/td>\n<td style=\"height: 21px; width: 20%;\" colspan=\"4\"><span style=\"font-size: 14px; color: #000000;\"><strong>SCAVIZZI<\/strong><\/span><\/td>\n<td style=\"height: 21px; width: 5%;\"><span style=\"font-size: 14px;\"><span class='tooltipsall tooltipsincontent classtoolTips136'>AAF<\/span><\/span><\/td>\n<td style=\"height: 21px; width: 10%; text-align: center;\" colspan=\"2\"><span class='tooltipsall tooltipsincontent classtoolTips120'>CdB<\/span><\/td>\n<td style=\"height: 21px; width: 5%;\"><span style=\"font-size: 14px; color: #000000;\"><strong><span class='tooltipsall tooltipsincontent classtoolTips110'>KIA<\/span><\/strong><\/span><\/td>\n<td style=\"height: 21px; width: 25%;\" colspan=\"5\"><span style=\"font-size: 14px; color: #000000;\"><strong><span class='tooltipsall tooltipsincontent classtoolTips126'>MPF<\/span><\/strong><\/span> <span style=\"font-size: 8pt;\"><a href=\"https:\/\/www.auzeau.fr\/39-45\/france\/60-oise\/60-cambronne-les-ribecourt-necropole-nationale-4\/\">Inhum\u00e9 \u00e0 Cambronne-l\u00e8s-Ribecourt (60)<\/a><\/span><\/td>\n<\/tr>\n<tr style=\"height: 43px;\">\n<td style=\"height: 43px; width: 5%;\"><span style=\"font-size: 14px;\"><img decoding=\"async\" class=\"aligncenter size-full wp-image-47214\" title=\"France\" src=\"https:\/\/www.auzeau.fr\/39-45\/wp-content\/uploads\/images\/Drapeaux\/France.png\" alt=\"France\" width=\"40\" height=\"20\" \/><\/span><\/td>\n<td style=\"height: 43px; width: 5%;\"><span style=\"font-size: 14px;\">Sgr\/C<\/span><\/td>\n<td style=\"height: 43px; width: 25%;\" colspan=\"5\"><span style=\"font-size: 14px;\">Abel Andr\u00e9 Joffre<\/span><\/td>\n<td style=\"height: 43px; width: 20%;\" colspan=\"4\"><span style=\"font-size: 14px; color: #000000;\"><strong>VERNA<\/strong><\/span><\/td>\n<td style=\"height: 43px; width: 5%;\"><span style=\"font-size: 14px;\"><span class='tooltipsall tooltipsincontent classtoolTips136'>AAF<\/span><\/span><\/td>\n<td style=\"height: 43px; width: 10%; text-align: center;\" colspan=\"2\"><span class='tooltipsall tooltipsincontent classtoolTips151'>Pil<\/span><\/td>\n<td style=\"height: 43px; width: 5%;\"><span style=\"font-size: 14px;\"><span class='tooltipsall tooltipsincontent classtoolTips112'>WIA<\/span><\/span><\/td>\n<td style=\"height: 43px; width: 25%;\" colspan=\"5\"><span style=\"font-size: 14px; color: #000000;\"><strong><span class='tooltipsall tooltipsincontent classtoolTips126'>MPF<\/span><\/strong><\/span><span style=\"font-size: 8pt;\"><em> Fusill\u00e9 le 13\/07\/1944 \u00e0 Coisia (39)<\/em><\/span><\/td>\n<\/tr>\n<tr style=\"height: 194px;\">\n<td style=\"width: 100%; height: 194px;\" colspan=\"20\"><div id='gallery-1' class='gallery galleryid-67523 gallery-columns-2 gallery-size-thumbnail'><figure class='gallery-item'>\n\t\t\t<div class='gallery-icon portrait'>\n\t\t\t\t<a title=\"Desesquelle\"  title=\"Desesquelle\"  href='https:\/\/www.auzeau.fr\/39-45\/wp-content\/uploads\/Cimetieres\/31%20--%2060\/37-Indre-et-Loire\/La-Riche\/Desesquelle-1.jpg'><img decoding=\"async\" width=\"150\" height=\"150\" src=\"https:\/\/www.auzeau.fr\/39-45\/wp-content\/uploads\/Cimetieres\/31 -- 60\/37-Indre-et-Loire\/La-Riche\/Desesquelle-1-150x150.jpg\" class=\"attachment-thumbnail size-thumbnail\" alt=\"\" srcset=\"https:\/\/www.auzeau.fr\/39-45\/wp-content\/uploads\/Cimetieres\/31%20--%2060\/37-Indre-et-Loire\/La-Riche\/Desesquelle-1-150x150.jpg 150w, https:\/\/www.auzeau.fr\/39-45\/wp-content\/uploads\/Cimetieres\/31%20--%2060\/37-Indre-et-Loire\/La-Riche\/Desesquelle-1-50x50.jpg 50w\" sizes=\"(max-width: 150px) 100vw, 150px\" \/><\/a>\n\t\t\t<\/div><\/figure><figure class='gallery-item'>\n\t\t\t<div class='gallery-icon landscape'>\n\t\t\t\t<a title=\"Desesquelle\"  title=\"Desesquelle\"  href='https:\/\/www.auzeau.fr\/39-45\/wp-content\/uploads\/Cimetieres\/31%20--%2060\/37-Indre-et-Loire\/La-Riche\/Desesquelle-2.jpg'><img loading=\"lazy\" decoding=\"async\" width=\"150\" height=\"150\" src=\"https:\/\/www.auzeau.fr\/39-45\/wp-content\/uploads\/Cimetieres\/31 -- 60\/37-Indre-et-Loire\/La-Riche\/Desesquelle-2-150x150.jpg\" class=\"attachment-thumbnail size-thumbnail\" alt=\"\" srcset=\"https:\/\/www.auzeau.fr\/39-45\/wp-content\/uploads\/Cimetieres\/31%20--%2060\/37-Indre-et-Loire\/La-Riche\/Desesquelle-2-150x150.jpg 150w, https:\/\/www.auzeau.fr\/39-45\/wp-content\/uploads\/Cimetieres\/31%20--%2060\/37-Indre-et-Loire\/La-Riche\/Desesquelle-2-50x50.jpg 50w\" sizes=\"(max-width: 150px) 100vw, 150px\" \/><\/a>\n\t\t\t<\/div><\/figure>\n\t\t<\/div>\n<\/td>\n<\/tr>\n<\/tbody>\n<\/table>\n<p style=\"text-align: center;\"><span style=\"font-size: 14pt; color: #ff0000;\"><strong>S\u00e9pulture initiale reprise, corps transf\u00e9r\u00e9 dans l&#8217;ossuaire communal<\/strong><\/span><\/p>\n<hr \/>\n<p style=\"text-align: center;\"><ul id=\"menu-37-indre-et-loire\" class=\"menu\"><li id=\"menu-item-53990\" class=\"menu-item menu-item-type-post_type menu-item-object-page menu-item-53990\"><a href=\"https:\/\/www.auzeau.fr\/39-45\/france\/37-indre-et-loire\/37-chateau-renault\/\">37 \u2013 Ch\u00e2teau-Renault<\/a><\/li>\n<li id=\"menu-item-67602\" class=\"menu-item menu-item-type-post_type menu-item-object-page menu-item-67602\"><a href=\"https:\/\/www.auzeau.fr\/39-45\/france\/37-indre-et-loire\/37-civray-de-touraine\/\">37 \u2013 Civray-de-Touraine<\/a><\/li>\n<li id=\"menu-item-67322\" class=\"menu-item menu-item-type-post_type menu-item-object-page menu-item-67322\"><a href=\"https:\/\/www.auzeau.fr\/39-45\/france\/37-indre-et-loire\/37-joue-les-tours\/\">37 \u2013 Jou\u00e9-l\u00e8s-Tours<\/a><\/li>\n<li id=\"menu-item-68106\" class=\"menu-item menu-item-type-post_type menu-item-object-page menu-item-68106\"><a href=\"https:\/\/www.auzeau.fr\/39-45\/france\/37-indre-et-loire\/37-la-riche\/\">37 \u2013 La Riche<\/a><\/li>\n<li id=\"menu-item-53991\" class=\"menu-item menu-item-type-post_type menu-item-object-page menu-item-53991\"><a href=\"https:\/\/www.auzeau.fr\/39-45\/france\/37-indre-et-loire\/37-lignieres-de-touraine\/\">37 \u2013 Ligni\u00e8res-de-Touraine<\/a><\/li>\n<li id=\"menu-item-68108\" class=\"menu-item menu-item-type-post_type menu-item-object-page menu-item-68108\"><a href=\"https:\/\/www.auzeau.fr\/39-45\/france\/37-indre-et-loire\/37-rochecorbon\/\">37 \u2013 Rochecorbon<\/a><\/li>\n<li id=\"menu-item-68105\" class=\"menu-item menu-item-type-post_type menu-item-object-page menu-item-68105\"><a href=\"https:\/\/www.auzeau.fr\/39-45\/france\/37-indre-et-loire\/37-tours-cimetiere-la-salle\/\">37 \u2013 Tours Cimeti\u00e8re La Salle<\/a><\/li>\n<li id=\"menu-item-68107\" class=\"menu-item menu-item-type-post_type menu-item-object-page menu-item-68107\"><a href=\"https:\/\/www.auzeau.fr\/39-45\/france\/37-indre-et-loire\/37-tours-cimetiere-saint-symphorien\/\">37 \u2013 Tours Cimeti\u00e8re Saint Symphorien<\/a><\/li>\n<\/ul>\n<script type=\"text\/javascript\"> toolTips('.classtoolTips27','<img class=\"aligncenter wp-image-65839 size-full\" title=\"ME 109\" src=\"https:\/\/www.auzeau.fr\/39-45\/wp-content\/uploads\/Avions\/Allemand\/Me109.JPG\" alt=\"\" width=\"650\" height=\"357\" \/>'); <\/script><script type=\"text\/javascript\"> toolTips('.classtoolTips96','Sergent<br\/><br\/>Sergeant'); <\/script><script type=\"text\/javascript\"> toolTips('.classtoolTips98','Colonel'); <\/script><script type=\"text\/javascript\"> toolTips('.classtoolTips110','Tu\u00e9 au combat<br\/><br\/>Killed In Action'); <\/script><script type=\"text\/javascript\"> toolTips('.classtoolTips112','Bless\u00e9 au combat<br\/><br\/>Wounded in action'); <\/script><script type=\"text\/javascript\"> toolTips('.classtoolTips115','Op\u00e9rateur Radio<br\/><br\/>Wireless Op\u00e9rator'); <\/script><script type=\"text\/javascript\"> toolTips('.classtoolTips120','Chef de Bord'); <\/script><script type=\"text\/javascript\"> toolTips('.classtoolTips126','Mort Pour la France'); <\/script><script type=\"text\/javascript\"> toolTips('.classtoolTips136','Arm\u00e9e de l\u2019Air Fran\u00e7aise'); <\/script><script type=\"text\/javascript\"> toolTips('.classtoolTips144','Royal Corps of Signals'); <\/script><script type=\"text\/javascript\"> toolTips('.classtoolTips150','Indemne<br\/><br\/>Unhurt'); <\/script><script type=\"text\/javascript\"> toolTips('.classtoolTips151','Pilote<br\/><br\/>Pilot'); <\/script><script type=\"text\/javascript\"> toolTips('.classtoolTips153','Porucznik'); <\/script><script type=\"text\/javascript\"> toolTips('.classtoolTips181','Sous-Lieutenant'); <\/script><script type=\"text\/javascript\"> toolTips('.classtoolTips182','Warrant Officer'); <\/script><script type=\"text\/javascript\"> toolTips('.classtoolTips185','Mitrailleur<br\/><br\/>Air Gunner'); <\/script><script type=\"text\/javascript\"> toolTips('.classtoolTips188','Bombardier<br\/><br\/>Air bomber'); <\/script><script type=\"text\/javascript\"> toolTips('.classtoolTips189','M\u00e9canicien volant<br\/><br\/>Flying Enginer'); <\/script><script type=\"text\/javascript\"> toolTips('.classtoolTips193','Royal Navy'); <\/script><script type=\"text\/javascript\"> toolTips('.classtoolTips197','Aircraftman'); <\/script><script type=\"text\/javascript\"> toolTips('.classtoolTips199','Radio Officer'); <\/script><script type=\"text\/javascript\"> toolTips('.classtoolTips201','Lieutenant'); <\/script>","protected":false},"excerpt":{"rendered":"<p>LeO 451 n\u00b0109 GB I\/31 Date :\u00a0 31 mai 1940 Mission :\u00a0 Attaque de colonnes blind\u00e9es \u00a0 \u00a0 D\u00e9collage : \u00a0Chartres (28) \u00a0 \u00a0 Causes de la perte :\u00a0 \u00a0Abattu par des chaseurs Bf 109 \u00a0 \u00a0 Lieu de la perte :\u00a0 &#8220;La Grande Trou\u00e9e&#8221; \u00e0 Auteuil (60) \u00a0 \u00a0 \u00a0 Sgt Guy L\u00e9on Charles [&hellip;]<\/p>\n","protected":false},"author":1,"featured_media":0,"parent":71,"menu_order":0,"comment_status":"closed","ping_status":"closed","template":"template-full-width LEO451.php","meta":{"_lmt_disableupdate":"yes","_lmt_disable":"","footnotes":""},"categories":[350],"tags":[1792],"wf_page_folders":[3121],"class_list":["post-67523","page","type-page","status-publish","hentry","category-leo-451","tag-gb-i-31"],"_links":{"self":[{"href":"https:\/\/www.auzeau.fr\/39-45\/wp-json\/wp\/v2\/pages\/67523","targetHints":{"allow":["GET"]}}],"collection":[{"href":"https:\/\/www.auzeau.fr\/39-45\/wp-json\/wp\/v2\/pages"}],"about":[{"href":"https:\/\/www.auzeau.fr\/39-45\/wp-json\/wp\/v2\/types\/page"}],"author":[{"embeddable":true,"href":"https:\/\/www.auzeau.fr\/39-45\/wp-json\/wp\/v2\/users\/1"}],"replies":[{"embeddable":true,"href":"https:\/\/www.auzeau.fr\/39-45\/wp-json\/wp\/v2\/comments?post=67523"}],"version-history":[{"count":0,"href":"https:\/\/www.auzeau.fr\/39-45\/wp-json\/wp\/v2\/pages\/67523\/revisions"}],"up":[{"embeddable":true,"href":"https:\/\/www.auzeau.fr\/39-45\/wp-json\/wp\/v2\/pages\/71"}],"wp:attachment":[{"href":"https:\/\/www.auzeau.fr\/39-45\/wp-json\/wp\/v2\/media?parent=67523"}],"wp:term":[{"taxonomy":"category","embeddable":true,"href":"https:\/\/www.auzeau.fr\/39-45\/wp-json\/wp\/v2\/categories?post=67523"},{"taxonomy":"post_tag","embeddable":true,"href":"https:\/\/www.auzeau.fr\/39-45\/wp-json\/wp\/v2\/tags?post=67523"},{"taxonomy":"wf_page_folders","embeddable":true,"href":"https:\/\/www.auzeau.fr\/39-45\/wp-json\/wp\/v2\/wf_page_folders?post=67523"}],"curies":[{"name":"wp","href":"https:\/\/api.w.org\/{rel}","templated":true}]}}