{"id":67054,"date":"2018-11-16T08:45:53","date_gmt":"2018-11-16T07:45:53","guid":{"rendered":"http:\/\/39-45.auzeau.fr\/?page_id=67054"},"modified":"2018-11-16T12:43:01","modified_gmt":"2018-11-16T10:43:01","slug":"22-plevenon","status":"publish","type":"page","link":"https:\/\/www.auzeau.fr\/39-45\/france\/22-cotes-darmor\/22-plevenon\/","title":{"rendered":"22 &#8211; Pl\u00e9venon"},"content":{"rendered":"<p><img fetchpriority=\"high\" decoding=\"async\" class=\"aligncenter size-full wp-image-51141\" title=\"Ereac\" src=\"https:\/\/www.auzeau.fr\/39-45\/wp-content\/uploads\/Cimetieres\/01 -- 30\/22 - Cotes d Armor\/Ereac\/Ereac.jpg\" alt=\"\" width=\"900\" height=\"326\" srcset=\"https:\/\/www.auzeau.fr\/39-45\/wp-content\/uploads\/Cimetieres\/01%20--%2030\/22%20-%20Cotes%20d%20Armor\/Ereac\/Ereac.jpg 900w, https:\/\/www.auzeau.fr\/39-45\/wp-content\/uploads\/Cimetieres\/01%20--%2030\/22%20-%20Cotes%20d%20Armor\/Ereac\/Ereac-300x109.jpg 300w, https:\/\/www.auzeau.fr\/39-45\/wp-content\/uploads\/Cimetieres\/01%20--%2030\/22%20-%20Cotes%20d%20Armor\/Ereac\/Ereac-768x278.jpg 768w\" sizes=\"(max-width: 900px) 100vw, 900px\" \/><\/p>\n<table style=\"width: 100%;\" border=\"0\">\n<tbody>\n<tr>\n<td style=\"width: 5%;\"><\/td>\n<td style=\"width: 5%;\"><\/td>\n<td style=\"width: 5%;\"><\/td>\n<td style=\"width: 5%;\"><\/td>\n<td style=\"width: 5%;\"><\/td>\n<td style=\"width: 5%;\"><\/td>\n<td style=\"width: 5%;\"><\/td>\n<td style=\"width: 5%;\"><\/td>\n<td style=\"width: 5%;\"><\/td>\n<td style=\"width: 5%;\"><\/td>\n<td style=\"width: 5%;\"><\/td>\n<td style=\"width: 5%;\"><\/td>\n<td style=\"width: 5%;\"><\/td>\n<td style=\"width: 5%;\"><\/td>\n<td style=\"width: 5%;\"><\/td>\n<td style=\"width: 5%;\"><\/td>\n<td style=\"width: 5%;\"><\/td>\n<td style=\"width: 5%;\"><\/td>\n<td style=\"width: 5%;\"><\/td>\n<td style=\"width: 5%;\"><\/td>\n<\/tr>\n<tr>\n<td style=\"width: 75%;\" colspan=\"15\"><strong><span style=\"font-size: xx-large;\"><span style=\"color: #000000;\">Lancaster NN779 AR-M<\/span><br \/>\n<\/span><\/strong><\/td>\n<td style=\"width: 25%;\" colspan=\"5\"><strong><span style=\"font-size: xx-large;\">460 Sqn<\/span><\/strong><\/td>\n<\/tr>\n<tr style=\"height: 40px;\">\n<td style=\"text-align: right; width: 10%;\" colspan=\"2\"><strong>Date :\u00a0<\/strong><\/td>\n<td style=\"width: 25%;\" colspan=\"5\"><em>\u00a004\u00a0 juin 1945<br \/>\n<\/em><\/td>\n<td style=\"text-align: right; width: 15%;\" colspan=\"3\"><strong>Mission :\u00a0<\/strong><\/td>\n<td style=\"width: 50%;\" colspan=\"10\"><em>\u00a0Vol d&#8217;entrainement nocturne au-dessus de la France<br \/>\n<\/em><\/td>\n<\/tr>\n<tr style=\"height: 40px;\">\n<td style=\"width: 5%;\"><\/td>\n<td style=\"width: 5%;\"><\/td>\n<td style=\"text-align: right; width: 25%;\" colspan=\"5\"><strong>D\u00e9collage :<br \/>\n<\/strong><\/td>\n<td style=\"width: 50%;\" colspan=\"10\"><em>\u00a0 Binbrook \u00e0 20:32<br \/>\n<\/em><\/td>\n<td style=\"width: 5%;\"><\/td>\n<td style=\"width: 5%;\"><\/td>\n<td style=\"width: 5%;\"><\/td>\n<\/tr>\n<tr style=\"height: 40px;\">\n<td style=\"width: 5%;\"><\/td>\n<td style=\"width: 5%;\"><\/td>\n<td style=\"text-align: right; width: 25%;\" colspan=\"5\"><strong>Causes de la perte :<br \/>\n<\/strong><\/td>\n<td style=\"width: 65%;\" colspan=\"13\"><em>\u00a0 Une panne du pilote automatique fait perdre brutalement 4000 pieds \u00e0 l&#8217;appareil. Le <span class='tooltipsall tooltipsincontent classtoolTips183'>FS<\/span> THOMAS tente d&#8217;\u00e9vacu\u00e9 l&#8217;appareil, mais son parachute reste coinc\u00e9 dans les commande de la tourelle.<br \/>\n<\/em><\/td>\n<\/tr>\n<tr style=\"height: 40px;\">\n<td style=\"width: 5%;\"><\/td>\n<td style=\"width: 5%;\"><\/td>\n<td style=\"text-align: right; width: 25%;\" colspan=\"5\"><strong>Lieu de la perte :<br \/>\n<\/strong><\/td>\n<td style=\"width: 50%;\" colspan=\"10\"><em>\u00a0 Appareil avec le reste de l&#8217;\u00e9quipage se pose \u00e0 sa base<br \/>\n<\/em><\/td>\n<td style=\"width: 5%;\"><\/td>\n<td style=\"width: 5%;\"><\/td>\n<td style=\"width: 5%;\"><\/td>\n<\/tr>\n<tr style=\"height: 60px;\">\n<td style=\"width: 5%;\"><img decoding=\"async\" class=\"size-full wp-image-47228 alignleft\" title=\"Australie\" src=\"https:\/\/www.auzeau.fr\/39-45\/wp-content\/uploads\/images\/Drapeaux\/Australie.png\" alt=\"Australie\" width=\"40\" height=\"20\" \/><\/td>\n<td style=\"width: 5%;\"><span class='tooltipsall tooltipsincontent classtoolTips183'>FS<\/span><\/td>\n<td style=\"width: 20%;\" colspan=\"4\">Robert George<\/td>\n<td style=\"width: 15%;\" colspan=\"3\"><span style=\"color: #000000;\"><strong>BATTY<\/strong><\/span><\/td>\n<td style=\"text-align: center; width: 10%;\" colspan=\"2\"><span class='tooltipsall tooltipsincontent classtoolTips116'>Nav<\/span><\/td>\n<td style=\"width: 5%;\"><span class='tooltipsall tooltipsincontent classtoolTips77'>RAAF<\/span><\/td>\n<td style=\"width: 10%;\" colspan=\"2\">430587<\/td>\n<td style=\"width: 5%;\"><span class='tooltipsall tooltipsincontent classtoolTips150'>IND<\/span><\/td>\n<td style=\"width: 25%;\" colspan=\"5\"><\/td>\n<\/tr>\n<tr style=\"height: 60px;\">\n<td style=\"width: 5%;\"><img decoding=\"async\" class=\"size-full wp-image-47228 alignleft\" title=\"Australie\" src=\"https:\/\/www.auzeau.fr\/39-45\/wp-content\/uploads\/images\/Drapeaux\/Australie.png\" alt=\"Australie\" width=\"40\" height=\"20\" \/><\/td>\n<td style=\"width: 5%;\"><span class='tooltipsall tooltipsincontent classtoolTips12'>Plt Off<\/span><\/td>\n<td style=\"width: 20%;\" colspan=\"4\">Saxe Eric<\/td>\n<td style=\"width: 15%;\" colspan=\"3\"><span style=\"color: #000000;\"><strong>COVERDALE<\/strong><\/span><\/td>\n<td style=\"text-align: center; width: 10%;\" colspan=\"2\"><span class='tooltipsall tooltipsincontent classtoolTips151'>Pil<\/span><\/td>\n<td style=\"width: 5%;\"><span class='tooltipsall tooltipsincontent classtoolTips77'>RAAF<\/span><\/td>\n<td style=\"width: 10%;\" colspan=\"2\">434498<\/td>\n<td style=\"width: 5%;\"><span class='tooltipsall tooltipsincontent classtoolTips150'>IND<\/span><\/td>\n<td style=\"width: 25%;\" colspan=\"5\"><\/td>\n<\/tr>\n<tr style=\"height: 60px;\">\n<td style=\"width: 5%;\"><img decoding=\"async\" class=\"size-full wp-image-47228 alignleft\" title=\"Australie\" src=\"https:\/\/www.auzeau.fr\/39-45\/wp-content\/uploads\/images\/Drapeaux\/Australie.png\" alt=\"Australie\" width=\"40\" height=\"20\" \/><\/td>\n<td style=\"width: 5%;\"><span class='tooltipsall tooltipsincontent classtoolTips183'>FS<\/span><\/td>\n<td style=\"width: 20%;\" colspan=\"4\">George Richard<\/td>\n<td style=\"width: 15%;\" colspan=\"3\"><span style=\"color: #000000;\"><strong>CRUTE<\/strong><\/span><\/td>\n<td style=\"text-align: center; width: 10%;\" colspan=\"2\"><span class='tooltipsall tooltipsincontent classtoolTips115'>WOP<\/span> <span class='tooltipsall tooltipsincontent classtoolTips185'>AG<\/span><\/td>\n<td style=\"width: 5%;\"><span class='tooltipsall tooltipsincontent classtoolTips77'>RAAF<\/span><\/td>\n<td style=\"width: 10%;\" colspan=\"2\">436695<\/td>\n<td style=\"width: 5%;\"><span class='tooltipsall tooltipsincontent classtoolTips150'>IND<\/span><\/td>\n<td style=\"width: 25%;\" colspan=\"5\"><\/td>\n<\/tr>\n<tr style=\"height: 60px;\">\n<td style=\"width: 5%;\"><img decoding=\"async\" class=\"size-full wp-image-47228 alignleft\" title=\"Australie\" src=\"https:\/\/www.auzeau.fr\/39-45\/wp-content\/uploads\/images\/Drapeaux\/Australie.png\" alt=\"Australie\" width=\"40\" height=\"20\" \/><\/td>\n<td style=\"width: 5%;\"><span class='tooltipsall tooltipsincontent classtoolTips183'>FS<\/span><\/td>\n<td style=\"width: 20%;\" colspan=\"4\">Leonard Harris<\/td>\n<td style=\"width: 15%;\" colspan=\"3\"><span style=\"color: #000000;\"><strong>DUNCAN<\/strong><\/span><\/td>\n<td style=\"text-align: center; width: 10%;\" colspan=\"2\"><span class='tooltipsall tooltipsincontent classtoolTips188'>AB<\/span><\/td>\n<td style=\"width: 5%;\"><span class='tooltipsall tooltipsincontent classtoolTips77'>RAAF<\/span><\/td>\n<td style=\"width: 10%;\" colspan=\"2\">436729<\/td>\n<td style=\"width: 5%;\"><span class='tooltipsall tooltipsincontent classtoolTips150'>IND<\/span><\/td>\n<td style=\"width: 25%;\" colspan=\"5\"><\/td>\n<\/tr>\n<tr style=\"height: 60px;\">\n<td style=\"width: 5%;\"><img decoding=\"async\" class=\"size-full wp-image-47228 alignleft\" title=\"Australie\" src=\"https:\/\/www.auzeau.fr\/39-45\/wp-content\/uploads\/images\/Drapeaux\/Australie.png\" alt=\"Australie\" width=\"40\" height=\"20\" \/><\/td>\n<td style=\"width: 5%;\"><span class='tooltipsall tooltipsincontent classtoolTips19'>Fg Off<\/span><\/td>\n<td style=\"width: 20%;\" colspan=\"4\">Pauric Denis<\/td>\n<td style=\"width: 15%;\" colspan=\"3\"><span style=\"color: #000000;\"><strong>LANE<\/strong><\/span><\/td>\n<td style=\"text-align: center; width: 10%;\" colspan=\"2\"><span class='tooltipsall tooltipsincontent classtoolTips116'>Nav<\/span><\/td>\n<td style=\"width: 5%;\"><span class='tooltipsall tooltipsincontent classtoolTips77'>RAAF<\/span><\/td>\n<td style=\"width: 10%;\" colspan=\"2\">O52820<\/td>\n<td style=\"width: 5%;\"><span class='tooltipsall tooltipsincontent classtoolTips150'>IND<\/span><\/td>\n<td style=\"width: 25%;\" colspan=\"5\"><\/td>\n<\/tr>\n<tr style=\"height: 60px;\">\n<td style=\"width: 5%;\"><img decoding=\"async\" class=\"size-full wp-image-47215 alignleft\" title=\"Royaume Uni\" src=\"https:\/\/www.auzeau.fr\/39-45\/wp-content\/uploads\/images\/Drapeaux\/Angleterre.png\" alt=\"Royaume Uni\" width=\"40\" height=\"20\" \/><\/td>\n<td style=\"width: 5%;\"><span class='tooltipsall tooltipsincontent classtoolTips183'>FS<\/span><\/td>\n<td style=\"width: 20%;\" colspan=\"4\">Arthur<\/td>\n<td style=\"width: 15%;\" colspan=\"3\"><span style=\"color: #000000;\"><strong>MADDOCKS<\/strong><\/span><\/td>\n<td style=\"text-align: center; width: 10%;\" colspan=\"2\"><span class='tooltipsall tooltipsincontent classtoolTips189'>FE<\/span><\/td>\n<td style=\"width: 5%;\"><span class='tooltipsall tooltipsincontent classtoolTips45'>RAFVR<\/span><\/td>\n<td style=\"width: 10%;\" colspan=\"2\">1684275<\/td>\n<td style=\"width: 5%;\"><span class='tooltipsall tooltipsincontent classtoolTips150'>IND<\/span><\/td>\n<td style=\"width: 25%;\" colspan=\"5\"><\/td>\n<\/tr>\n<tr style=\"height: 60px;\">\n<td style=\"width: 5%;\"><img decoding=\"async\" class=\"size-full wp-image-47228 alignleft\" title=\"Australie\" src=\"https:\/\/www.auzeau.fr\/39-45\/wp-content\/uploads\/images\/Drapeaux\/Australie.png\" alt=\"Australie\" width=\"40\" height=\"20\" \/><\/td>\n<td style=\"width: 5%;\"><span class='tooltipsall tooltipsincontent classtoolTips183'>FS<\/span><\/td>\n<td style=\"width: 20%;\" colspan=\"4\">Keith Henry<\/td>\n<td style=\"width: 15%;\" colspan=\"3\"><span style=\"color: #000000;\"><strong>McLEAN<\/strong><\/span><\/td>\n<td style=\"text-align: center; width: 10%;\" colspan=\"2\"><span class='tooltipsall tooltipsincontent classtoolTips185'>AG<\/span><\/td>\n<td style=\"width: 5%;\"><span class='tooltipsall tooltipsincontent classtoolTips77'>RAAF<\/span><\/td>\n<td style=\"width: 10%;\" colspan=\"2\">430977<\/td>\n<td style=\"width: 5%;\"><span class='tooltipsall tooltipsincontent classtoolTips150'>IND<\/span><\/td>\n<td style=\"width: 25%;\" colspan=\"5\"><\/td>\n<\/tr>\n<tr style=\"height: 60px;\">\n<td style=\"width: 5%;\"><img decoding=\"async\" class=\"size-full wp-image-47228 alignleft\" title=\"Australie\" src=\"https:\/\/www.auzeau.fr\/39-45\/wp-content\/uploads\/images\/Drapeaux\/Australie.png\" alt=\"Australie\" width=\"40\" height=\"20\" \/><\/td>\n<td style=\"width: 5%;\"><span class='tooltipsall tooltipsincontent classtoolTips183'>FS<\/span><\/td>\n<td style=\"width: 20%;\" colspan=\"4\">John Bullfinch<\/td>\n<td style=\"width: 15%;\" colspan=\"3\"><span style=\"color: #000000;\"><strong>THOMAS<\/strong><\/span><\/td>\n<td style=\"text-align: center; width: 10%;\" colspan=\"2\"><span class='tooltipsall tooltipsincontent classtoolTips185'>AG<\/span><\/td>\n<td style=\"width: 5%;\"><span class='tooltipsall tooltipsincontent classtoolTips77'>RAAF<\/span><\/td>\n<td style=\"width: 10%;\" colspan=\"2\">16696<\/td>\n<td style=\"width: 5%;\"><span style=\"color: #000000;\"><strong><span class='tooltipsall tooltipsincontent classtoolTips125'>NBC<\/span><\/strong><\/span><\/td>\n<td style=\"width: 25%;\" colspan=\"5\"><em><span style=\"font-size: 8pt;\">Corps rejet\u00e9 par la mer le 25\/07\/45 sur la plage des Gr\u00e8ves d\u2019en Bas \u00e0 <\/span><\/em><em><span style=\"font-size: 8pt;\">Pl\u00e9venon<\/span><\/em><\/td>\n<\/tr>\n<tr>\n<td style=\"width: 100%;\" colspan=\"20\" height=\"20\"><\/td>\n<\/tr>\n<tr>\n<td style=\"width: 100%;\" colspan=\"20\"><div id='gallery-1' class='gallery galleryid-67054 gallery-columns-2 gallery-size-thumbnail'><figure class='gallery-item'>\n\t\t\t<div class='gallery-icon portrait'>\n\t\t\t\t<a title=\"Lancaster NN779\"  title=\"Lancaster NN779\"  href='https:\/\/www.auzeau.fr\/39-45\/wp-content\/uploads\/Cimetieres\/01%20--%2030\/22%20-%20Cotes%20d%20Armor\/Plevenon\/Lancaster-NN779.jpg'><img loading=\"lazy\" decoding=\"async\" width=\"150\" height=\"150\" src=\"https:\/\/www.auzeau.fr\/39-45\/wp-content\/uploads\/Cimetieres\/01 -- 30\/22 - Cotes d Armor\/Plevenon\/Lancaster-NN779-150x150.jpg\" class=\"attachment-thumbnail size-thumbnail\" alt=\"\" srcset=\"https:\/\/www.auzeau.fr\/39-45\/wp-content\/uploads\/Cimetieres\/01%20--%2030\/22%20-%20Cotes%20d%20Armor\/Plevenon\/Lancaster-NN779-150x150.jpg 150w, https:\/\/www.auzeau.fr\/39-45\/wp-content\/uploads\/Cimetieres\/01%20--%2030\/22%20-%20Cotes%20d%20Armor\/Plevenon\/Lancaster-NN779-50x50.jpg 50w\" sizes=\"(max-width: 150px) 100vw, 150px\" \/><\/a>\n\t\t\t<\/div><\/figure><figure class='gallery-item'>\n\t\t\t<div class='gallery-icon portrait'>\n\t\t\t\t<a title=\"THOMAS\"  title=\"THOMAS\"  href='https:\/\/www.auzeau.fr\/39-45\/wp-content\/uploads\/Cimetieres\/01%20--%2030\/22%20-%20Cotes%20d%20Armor\/Plevenon\/THOMAS.jpg'><img loading=\"lazy\" decoding=\"async\" width=\"150\" height=\"150\" src=\"https:\/\/www.auzeau.fr\/39-45\/wp-content\/uploads\/Cimetieres\/01 -- 30\/22 - Cotes d Armor\/Plevenon\/THOMAS-150x150.jpg\" class=\"attachment-thumbnail size-thumbnail\" alt=\"\" srcset=\"https:\/\/www.auzeau.fr\/39-45\/wp-content\/uploads\/Cimetieres\/01%20--%2030\/22%20-%20Cotes%20d%20Armor\/Plevenon\/THOMAS-150x150.jpg 150w, https:\/\/www.auzeau.fr\/39-45\/wp-content\/uploads\/Cimetieres\/01%20--%2030\/22%20-%20Cotes%20d%20Armor\/Plevenon\/THOMAS-50x50.jpg 50w\" sizes=\"(max-width: 150px) 100vw, 150px\" \/><\/a>\n\t\t\t<\/div><\/figure>\n\t\t<\/div>\n<\/td>\n<\/tr>\n<tr>\n<td style=\"width: 100%;\" colspan=\"20\" height=\"20\"><span style=\"font-size: 10pt;\"><span style=\"color: #000000;\"><strong>05 juin 2020<\/strong><\/span> : Ajout du pr\u00e9noms du <span class='tooltipsall tooltipsincontent classtoolTips183'>FS<\/span> MADDOCKS<\/span><\/td>\n<\/tr>\n<\/tbody>\n<\/table>\n<hr \/>\n<p style=\"text-align: center;\"><ul id=\"menu-22-cotes-armor\" class=\"menu\"><li id=\"menu-item-98174\" class=\"menu-item menu-item-type-post_type menu-item-object-page menu-item-98174\"><a href=\"https:\/\/www.auzeau.fr\/39-45\/france\/22-cotes-darmor\/22-binic-etables-sur-mer\/\">22 \u2013 Binic-\u00c9tables-sur-Mer<\/a><\/li>\n<li id=\"menu-item-51908\" class=\"menu-item menu-item-type-post_type menu-item-object-page menu-item-51908\"><a href=\"https:\/\/www.auzeau.fr\/39-45\/france\/22-cotes-darmor\/22-ereac\/\">22 \u2013 \u00c9r\u00e9ac<\/a><\/li>\n<li id=\"menu-item-51909\" class=\"menu-item menu-item-type-post_type menu-item-object-page menu-item-51909\"><a href=\"https:\/\/www.auzeau.fr\/39-45\/france\/22-cotes-darmor\/22-loudeac\/\">22 \u2013 Loud\u00e9ac<\/a><\/li>\n<li id=\"menu-item-98166\" class=\"menu-item menu-item-type-post_type menu-item-object-page menu-item-98166\"><a href=\"https:\/\/www.auzeau.fr\/39-45\/france\/22-cotes-darmor\/22-paimpol-eglise-de-plounez\/\">22 \u2013 Paimpol  \u00c9glise de Plounez<\/a><\/li>\n<li id=\"menu-item-98170\" class=\"menu-item menu-item-type-post_type menu-item-object-page menu-item-98170\"><a href=\"https:\/\/www.auzeau.fr\/39-45\/france\/22-cotes-darmor\/22-perros-guirec\/\">22 \u2013 Perros-Guirec<\/a><\/li>\n<li id=\"menu-item-98190\" class=\"menu-item menu-item-type-post_type menu-item-object-page menu-item-98190\"><a href=\"https:\/\/www.auzeau.fr\/39-45\/france\/22-cotes-darmor\/22-plelo\/\">22 \u2013 Pl\u00e9lo<\/a><\/li>\n<li id=\"menu-item-98167\" class=\"menu-item menu-item-type-post_type menu-item-object-page menu-item-98167\"><a href=\"https:\/\/www.auzeau.fr\/39-45\/france\/22-cotes-darmor\/22-pleslin-trigavou\/\">22 \u2013 Pleslin-Trigavou<\/a><\/li>\n<li id=\"menu-item-67203\" class=\"menu-item menu-item-type-post_type menu-item-object-page menu-item-67203\"><a href=\"https:\/\/www.auzeau.fr\/39-45\/france\/22-cotes-darmor\/22-plevenon\/\">22 \u2013 Pl\u00e9venon<\/a><\/li>\n<li id=\"menu-item-51910\" class=\"menu-item menu-item-type-post_type menu-item-object-page menu-item-51910\"><a href=\"https:\/\/www.auzeau.fr\/39-45\/france\/22-cotes-darmor\/22-plurien\/\">22 \u2013 Plurien<\/a><\/li>\n<li id=\"menu-item-51911\" class=\"menu-item menu-item-type-post_type menu-item-object-page menu-item-51911\"><a href=\"https:\/\/www.auzeau.fr\/39-45\/france\/22-cotes-darmor\/22-saint-brieuc\/\">22 \u2013 Saint-Brieuc<\/a><\/li>\n<li id=\"menu-item-98172\" class=\"menu-item menu-item-type-post_type menu-item-object-page menu-item-98172\"><a href=\"https:\/\/www.auzeau.fr\/39-45\/france\/22-cotes-darmor\/22-saint-cast-le-guildo\/\">22 \u2013 Saint-Cast-le-Guildo<\/a><\/li>\n<li id=\"menu-item-98168\" class=\"menu-item menu-item-type-post_type menu-item-object-page menu-item-98168\"><a href=\"https:\/\/www.auzeau.fr\/39-45\/france\/22-cotes-darmor\/22-trebeurden\/\">22 \u2013 Tr\u00e9beurden<\/a><\/li>\n<\/ul>\n<script type=\"text\/javascript\"> toolTips('.classtoolTips12','Pilot Officer'); <\/script><script type=\"text\/javascript\"> toolTips('.classtoolTips19','Flying Officer'); <\/script><script type=\"text\/javascript\"> toolTips('.classtoolTips45','Royal Air Force Volunteer Reserve'); <\/script><script type=\"text\/javascript\"> toolTips('.classtoolTips77','Royal Australian Air Force'); <\/script><script type=\"text\/javascript\"> toolTips('.classtoolTips98','Colonel'); <\/script><script type=\"text\/javascript\"> toolTips('.classtoolTips115','Op\u00e9rateur Radio<br\/><br\/>Wireless Op\u00e9rator'); <\/script><script type=\"text\/javascript\"> toolTips('.classtoolTips116','Navigateur<br\/><br\/>Navigator'); <\/script><script type=\"text\/javascript\"> toolTips('.classtoolTips118','Canonnier'); <\/script><script type=\"text\/javascript\"> toolTips('.classtoolTips125','Perte hors combat<br\/><br\/>No Battle Casualty'); <\/script><script type=\"text\/javascript\"> toolTips('.classtoolTips136','Arm\u00e9e de l\u2019Air Fran\u00e7aise'); <\/script><script type=\"text\/javascript\"> toolTips('.classtoolTips144','Royal Corps of Signals'); <\/script><script type=\"text\/javascript\"> toolTips('.classtoolTips146','Royal Air Force'); <\/script><script type=\"text\/javascript\"> toolTips('.classtoolTips150','Indemne<br\/><br\/>Unhurt'); <\/script><script type=\"text\/javascript\"> toolTips('.classtoolTips151','Pilote<br\/><br\/>Pilot'); <\/script><script type=\"text\/javascript\"> toolTips('.classtoolTips153','Porucznik'); <\/script><script type=\"text\/javascript\"> toolTips('.classtoolTips182','Warrant Officer'); <\/script><script type=\"text\/javascript\"> toolTips('.classtoolTips183','Flight Sergeant'); <\/script><script type=\"text\/javascript\"> toolTips('.classtoolTips185','Mitrailleur<br\/><br\/>Air Gunner'); <\/script><script type=\"text\/javascript\"> toolTips('.classtoolTips188','Bombardier<br\/><br\/>Air bomber'); <\/script><script type=\"text\/javascript\"> toolTips('.classtoolTips189','M\u00e9canicien volant<br\/><br\/>Flying Enginer'); <\/script><script type=\"text\/javascript\"> toolTips('.classtoolTips193','Royal Navy'); <\/script><script type=\"text\/javascript\"> toolTips('.classtoolTips195','Enseigne de Vaisseau'); <\/script><script type=\"text\/javascript\"> toolTips('.classtoolTips197','Aircraftman'); <\/script><script type=\"text\/javascript\"> toolTips('.classtoolTips199','Radio Officer'); <\/script><script type=\"text\/javascript\"> toolTips('.classtoolTips201','Lieutenant'); <\/script>","protected":false},"excerpt":{"rendered":"<p>Lancaster NN779 AR-M 460 Sqn Date :\u00a0 \u00a004\u00a0 juin 1945 Mission :\u00a0 \u00a0Vol d&#8217;entrainement nocturne au-dessus de la France D\u00e9collage : \u00a0 Binbrook \u00e0 20:32 Causes de la perte : \u00a0 Une panne du pilote automatique fait perdre brutalement 4000 pieds \u00e0 l&#8217;appareil. Le FS THOMAS tente d&#8217;\u00e9vacu\u00e9 l&#8217;appareil, mais son parachute reste coinc\u00e9 dans [&hellip;]<\/p>\n","protected":false},"author":1,"featured_media":0,"parent":61,"menu_order":0,"comment_status":"closed","ping_status":"closed","template":"template-full-width Lancaster.php","meta":{"_lmt_disableupdate":"yes","_lmt_disable":"","footnotes":""},"categories":[323],"tags":[712],"wf_page_folders":[3138],"class_list":["post-67054","page","type-page","status-publish","hentry","category-lancaster","tag-460-squadron"],"_links":{"self":[{"href":"https:\/\/www.auzeau.fr\/39-45\/wp-json\/wp\/v2\/pages\/67054","targetHints":{"allow":["GET"]}}],"collection":[{"href":"https:\/\/www.auzeau.fr\/39-45\/wp-json\/wp\/v2\/pages"}],"about":[{"href":"https:\/\/www.auzeau.fr\/39-45\/wp-json\/wp\/v2\/types\/page"}],"author":[{"embeddable":true,"href":"https:\/\/www.auzeau.fr\/39-45\/wp-json\/wp\/v2\/users\/1"}],"replies":[{"embeddable":true,"href":"https:\/\/www.auzeau.fr\/39-45\/wp-json\/wp\/v2\/comments?post=67054"}],"version-history":[{"count":0,"href":"https:\/\/www.auzeau.fr\/39-45\/wp-json\/wp\/v2\/pages\/67054\/revisions"}],"up":[{"embeddable":true,"href":"https:\/\/www.auzeau.fr\/39-45\/wp-json\/wp\/v2\/pages\/61"}],"wp:attachment":[{"href":"https:\/\/www.auzeau.fr\/39-45\/wp-json\/wp\/v2\/media?parent=67054"}],"wp:term":[{"taxonomy":"category","embeddable":true,"href":"https:\/\/www.auzeau.fr\/39-45\/wp-json\/wp\/v2\/categories?post=67054"},{"taxonomy":"post_tag","embeddable":true,"href":"https:\/\/www.auzeau.fr\/39-45\/wp-json\/wp\/v2\/tags?post=67054"},{"taxonomy":"wf_page_folders","embeddable":true,"href":"https:\/\/www.auzeau.fr\/39-45\/wp-json\/wp\/v2\/wf_page_folders?post=67054"}],"curies":[{"name":"wp","href":"https:\/\/api.w.org\/{rel}","templated":true}]}}