{"id":67047,"date":"2018-12-01T07:51:22","date_gmt":"2018-12-01T06:51:22","guid":{"rendered":"http:\/\/39-45.auzeau.fr\/?page_id=67047"},"modified":"2018-04-24T12:30:17","modified_gmt":"2018-04-24T10:30:17","slug":"61-ecorcei-4","status":"publish","type":"page","link":"https:\/\/www.auzeau.fr\/39-45\/france\/61-orne\/61-ecorcei-4\/","title":{"rendered":"61 &#8211; \u00c9corcei"},"content":{"rendered":"<p><img fetchpriority=\"high\" decoding=\"async\" class=\"aligncenter size-full wp-image-67011\" title=\"St-Hilaire-sur-Rille\" src=\"https:\/\/www.auzeau.fr\/39-45\/wp-content\/uploads\/Cimetieres\/60 --\/61-Orne\/St-Hilaire-sur-Rille\/St-Hilaire-sur-Rille.jpg\" alt=\"\" width=\"900\" height=\"435\" srcset=\"https:\/\/www.auzeau.fr\/39-45\/wp-content\/uploads\/Cimetieres\/60%20--\/61-Orne\/St-Hilaire-sur-Rille\/St-Hilaire-sur-Rille.jpg 900w, https:\/\/www.auzeau.fr\/39-45\/wp-content\/uploads\/Cimetieres\/60%20--\/61-Orne\/St-Hilaire-sur-Rille\/St-Hilaire-sur-Rille-300x145.jpg 300w, https:\/\/www.auzeau.fr\/39-45\/wp-content\/uploads\/Cimetieres\/60%20--\/61-Orne\/St-Hilaire-sur-Rille\/St-Hilaire-sur-Rille-768x371.jpg 768w\" sizes=\"(max-width: 900px) 100vw, 900px\" \/><\/p>\n<table style=\"width: 100%; height: 599px;\" border=\"0\">\n<tbody>\n<tr style=\"height: 21px;\">\n<td style=\"width: 5%; height: 21px;\"><\/td>\n<td style=\"width: 5%; height: 21px;\"><\/td>\n<td style=\"width: 5%; height: 21px;\"><\/td>\n<td style=\"width: 5%; height: 21px;\"><\/td>\n<td style=\"width: 5%; height: 21px;\"><\/td>\n<td style=\"width: 5%; height: 21px;\"><\/td>\n<td style=\"width: 5%; height: 21px;\"><\/td>\n<td style=\"width: 5%; height: 21px;\"><\/td>\n<td style=\"width: 5%; height: 21px;\"><\/td>\n<td style=\"width: 5%; height: 21px;\"><\/td>\n<td style=\"width: 5%; height: 21px;\"><\/td>\n<td style=\"width: 5%; height: 21px;\"><\/td>\n<td style=\"width: 5%; height: 21px;\"><\/td>\n<td style=\"width: 5%; height: 21px;\"><\/td>\n<td style=\"width: 5%; height: 21px;\"><\/td>\n<td style=\"width: 5%; height: 21px;\"><\/td>\n<td style=\"width: 5%; height: 21px;\"><\/td>\n<td style=\"width: 5%; height: 21px;\"><\/td>\n<td style=\"width: 5%; height: 21px;\"><\/td>\n<td style=\"width: 5%; height: 21px;\"><\/td>\n<\/tr>\n<tr style=\"height: 48px;\">\n<td style=\"height: 48px; width: 75%;\" colspan=\"15\"><span style=\"font-size: xx-large;\"><strong><span style=\"color: #000000;\">Spitfire EN529 OU-Y<\/span><br \/>\n<\/strong><\/span><\/td>\n<td style=\"text-align: center; height: 48px; width: 25%;\" colspan=\"5\"><span style=\"font-size: xx-large;\"><strong>485 Sqn<br \/>\n<\/strong><\/span><\/td>\n<\/tr>\n<tr style=\"height: 40px;\">\n<td style=\"text-align: right; height: 21px; width: 10%;\" colspan=\"2\"><span style=\"font-size: 14px;\"><strong>Date :<br \/>\n<\/strong><\/span><\/td>\n<td style=\"height: 21px; width: 25%;\" colspan=\"5\"><span style=\"font-size: 14px;\"><em>\u00a016 septembre 1943<br \/>\n<\/em><\/span><\/td>\n<td style=\"text-align: right; height: 21px; width: 15%;\" colspan=\"3\"><span style=\"font-size: 14px;\"><strong>Mission :<br \/>\n<\/strong><\/span><\/td>\n<td style=\"height: 21px; width: 50%;\" colspan=\"10\"><span style=\"font-size: 14px;\"><em>\u00a0Ramrod 223 : Protection de 36 Marauder allant bombarder le terrain\u00a0\u00a0 d&#8217;aviation de Beaumont-le-Roger (27)<br \/>\n<\/em><\/span><\/td>\n<\/tr>\n<tr style=\"height: 40px;\">\n<td style=\"height: 21px; width: 5%;\"><\/td>\n<td style=\"height: 21px; width: 5%;\"><\/td>\n<td style=\"text-align: right; height: 21px; width: 25%;\" colspan=\"5\"><span style=\"font-size: 14px;\"><strong>D\u00e9collage :<br \/>\n<\/strong><\/span><\/td>\n<td style=\"height: 21px; width: 50%;\" colspan=\"10\"><span style=\"font-size: 14px;\"><em>\u00a0Biggin Hill \u00e0 16:50<br \/>\n<\/em><\/span><\/td>\n<td style=\"height: 21px; width: 5%;\"><\/td>\n<td style=\"height: 21px; width: 5%;\"><\/td>\n<td style=\"height: 21px; width: 5%;\"><\/td>\n<\/tr>\n<tr style=\"height: 40px;\">\n<td style=\"height: 21px; width: 5%;\"><\/td>\n<td style=\"height: 21px; width: 5%;\"><\/td>\n<td style=\"text-align: right; height: 21px; width: 25%;\" colspan=\"5\"><span style=\"font-size: 14px;\"><strong>Causes de la perte :<br \/>\n<\/strong><\/span><\/td>\n<td style=\"height: 21px; width: 65%;\" colspan=\"13\">\u00a0<em>Abattu en combat a\u00e9rien par des <span class='tooltipsall tooltipsincontent classtoolTips26'>FW 190<\/span><\/em><\/td>\n<\/tr>\n<tr style=\"height: 40px;\">\n<td style=\"height: 21px; width: 5%;\"><\/td>\n<td style=\"height: 21px; width: 5%;\"><\/td>\n<td style=\"text-align: right; height: 21px; width: 25%;\" colspan=\"5\"><span style=\"font-size: 14px;\"><strong>Lieu de la perte :<br \/>\n<\/strong><\/span><\/td>\n<td style=\"height: 21px; width: 50%;\" colspan=\"10\"><em>\u00a0&#8220;Le Bois Nicole&#8221; \u00e0 Anceins (61)<\/em><\/td>\n<td style=\"height: 21px; width: 5%;\"><\/td>\n<td style=\"height: 21px; width: 5%;\"><\/td>\n<td style=\"height: 21px; width: 5%;\"><\/td>\n<\/tr>\n<tr style=\"height: 60px;\">\n<td style=\"height: 33px; width: 5%;\"><span style=\"font-size: 14px;\"><img decoding=\"async\" class=\"size-full wp-image-47231 alignleft\" title=\"New Zeland\" src=\"https:\/\/www.auzeau.fr\/39-45\/wp-content\/uploads\/images\/Drapeaux\/New-Zeland.png\" alt=\"New Zeland\" width=\"40\" height=\"20\" \/><\/span><\/td>\n<td style=\"height: 33px; width: 5%;\"><span class='tooltipsall tooltipsincontent classtoolTips19'>Fg Off<\/span><\/td>\n<td style=\"height: 33px; width: 25%;\" colspan=\"5\">Murray<\/td>\n<td style=\"height: 33px; width: 10%;\" colspan=\"2\"><span style=\"font-size: 14px; color: #000000;\"><strong>METCALFE<\/strong><\/span><\/td>\n<td style=\"text-align: center; height: 33px; width: 10%;\" colspan=\"2\"><\/td>\n<td style=\"text-align: center; height: 33px; width: 5%;\"><span class='tooltipsall tooltipsincontent classtoolTips44'>RNZAF<\/span><\/td>\n<td style=\"text-align: center; height: 33px; width: 10%;\" colspan=\"2\">413876<\/td>\n<td style=\"height: 33px; width: 5%;\"><span style=\"font-size: 14px; color: #000000;\"><strong><span class='tooltipsall tooltipsincontent classtoolTips110'>KIA<\/span><\/strong><\/span><\/td>\n<td style=\"height: 33px; width: 25%;\" colspan=\"5\"><\/td>\n<\/tr>\n<tr style=\"height: 20px;\">\n<td style=\"height: 21px; width: 100%;\" colspan=\"20\" height=\"20\"><\/td>\n<\/tr>\n<tr style=\"height: 194px;\">\n<td style=\"width: 100%; height: 194px;\" colspan=\"20\"><div id='gallery-1' class='gallery galleryid-67047 gallery-columns-1 gallery-size-thumbnail'><figure class='gallery-item'>\n\t\t\t<div class='gallery-icon portrait'>\n\t\t\t\t<a title=\"Metcalfe\"  title=\"Metcalfe\"  href='https:\/\/www.auzeau.fr\/39-45\/wp-content\/uploads\/Cimetieres\/60%20--\/61-Orne\/Ecorcei\/EN529\/Metcalfe.jpg'><img decoding=\"async\" width=\"150\" height=\"150\" src=\"https:\/\/www.auzeau.fr\/39-45\/wp-content\/uploads\/Cimetieres\/60 --\/61-Orne\/Ecorcei\/EN529\/Metcalfe-150x150.jpg\" class=\"attachment-thumbnail size-thumbnail\" alt=\"\" srcset=\"https:\/\/www.auzeau.fr\/39-45\/wp-content\/uploads\/Cimetieres\/60%20--\/61-Orne\/Ecorcei\/EN529\/Metcalfe-150x150.jpg 150w, https:\/\/www.auzeau.fr\/39-45\/wp-content\/uploads\/Cimetieres\/60%20--\/61-Orne\/Ecorcei\/EN529\/Metcalfe-50x50.jpg 50w\" sizes=\"(max-width: 150px) 100vw, 150px\" \/><\/a>\n\t\t\t<\/div><\/figure>\n\t\t<\/div>\n<\/td>\n<\/tr>\n<\/tbody>\n<\/table>\n<table style=\"width: 100%; border-collapse: collapse; background-color: #dcdcdc;\" border=\"0\">\n<tbody>\n<tr>\n<td style=\"width: 100%; text-align: center;\"><ul id=\"menu-61-ecorcei\" class=\"menu\"><li id=\"menu-item-67308\" class=\"menu-item menu-item-type-post_type menu-item-object-page menu-item-67308\"><a href=\"https:\/\/www.auzeau.fr\/39-45\/france\/61-orne\/61-ecorcei\/\">Halifax BB334<\/a><\/li>\n<li id=\"menu-item-67307\" class=\"menu-item menu-item-type-post_type menu-item-object-page menu-item-67307\"><a href=\"https:\/\/www.auzeau.fr\/39-45\/france\/61-orne\/61-ecorcei-2\/\">Halifax JD179<\/a><\/li>\n<li id=\"menu-item-67306\" class=\"menu-item menu-item-type-post_type menu-item-object-page menu-item-67306\"><a href=\"https:\/\/www.auzeau.fr\/39-45\/france\/61-orne\/61-ecorcei-3\/\">Halifax HR920<\/a><\/li>\n<li id=\"menu-item-67305\" class=\"menu-item menu-item-type-post_type menu-item-object-page menu-item-67305\"><a href=\"https:\/\/www.auzeau.fr\/39-45\/france\/61-orne\/61-ecorcei-4\/\">Spitfire EN529<\/a><\/li>\n<\/ul><\/td>\n<\/tr>\n<\/tbody>\n<\/table>\n<hr \/>\n<p style=\"text-align: center;\"><ul id=\"menu-61-orne\" class=\"menu\"><li id=\"menu-item-57849\" class=\"menu-item menu-item-type-post_type menu-item-object-page menu-item-57849\"><a href=\"https:\/\/www.auzeau.fr\/39-45\/france\/61-orne\/61-athis-val-de-rouvre-breel\/\">61 \u2013 Athis-Val-de-Rouvre (Br\u00e9el)<\/a><\/li>\n<li id=\"menu-item-57850\" class=\"menu-item menu-item-type-post_type menu-item-object-page menu-item-57850\"><a href=\"https:\/\/www.auzeau.fr\/39-45\/france\/61-orne\/61-belforet-en-perche-le-gue-de-la-chaine\/\">61 \u2013 Belfor\u00eat-en-Perche (Le Gu\u00e9-de-la-Chaine)<\/a><\/li>\n<li id=\"menu-item-67201\" class=\"menu-item menu-item-type-post_type menu-item-object-page menu-item-67201\"><a href=\"https:\/\/www.auzeau.fr\/39-45\/france\/61-orne\/61-bursard\/\">61 \u2013 Bursard<\/a><\/li>\n<li id=\"menu-item-57851\" class=\"menu-item menu-item-type-post_type menu-item-object-page menu-item-57851\"><a href=\"https:\/\/www.auzeau.fr\/39-45\/france\/61-orne\/61-cahan\/\">61 \u2013 Cahan<\/a><\/li>\n<li id=\"menu-item-97901\" class=\"menu-item menu-item-type-post_type menu-item-object-page menu-item-97901\"><a href=\"https:\/\/www.auzeau.fr\/39-45\/france\/61-orne\/61-caligny\/\">61 \u2013 Caligny<\/a><\/li>\n<li id=\"menu-item-57852\" class=\"menu-item menu-item-type-post_type menu-item-object-page menu-item-57852\"><a href=\"https:\/\/www.auzeau.fr\/39-45\/france\/61-orne\/61-couterne\/\">61 \u2013 Couterne (Lignou)<\/a><\/li>\n<li id=\"menu-item-67320\" class=\"menu-item menu-item-type-post_type menu-item-object-page menu-item-67320\"><a href=\"https:\/\/www.auzeau.fr\/39-45\/france\/61-orne\/61-ecorcei\/\">61 \u2013 \u00c9corcei<\/a><\/li>\n<li id=\"menu-item-57853\" class=\"menu-item menu-item-type-post_type menu-item-object-page menu-item-57853\"><a href=\"https:\/\/www.auzeau.fr\/39-45\/france\/61-orne\/61-ecouche-les-vallees-ecouche\/\">61 \u2013 \u00c9couch\u00e9-les-Vall\u00e9es (\u00c9couch\u00e9)<\/a><\/li>\n<li id=\"menu-item-97900\" class=\"menu-item menu-item-type-post_type menu-item-object-page menu-item-97900\"><a href=\"https:\/\/www.auzeau.fr\/39-45\/france\/61-orne\/61-juvigny-sur-orne\/\">61 \u2013 Juvigny-sur-Orne<\/a><\/li>\n<li id=\"menu-item-97899\" class=\"menu-item menu-item-type-post_type menu-item-object-page menu-item-97899\"><a href=\"https:\/\/www.auzeau.fr\/39-45\/france\/61-orne\/61-la-courbe\/\">61 \u2013 La Courbe<\/a><\/li>\n<li id=\"menu-item-102944\" class=\"menu-item menu-item-type-post_type menu-item-object-page menu-item-102944\"><a href=\"https:\/\/www.auzeau.fr\/39-45\/france\/61-orne\/61-la-rouge\/\">61 \u2013 La Rouge<\/a><\/li>\n<li id=\"menu-item-97898\" class=\"menu-item menu-item-type-post_type menu-item-object-page menu-item-97898\"><a href=\"https:\/\/www.auzeau.fr\/39-45\/france\/61-orne\/61-le-chateau-dalmeneches\/\">61 \u2013 Le Ch\u00e2teau-d\u2019Almen\u00eaches<\/a><\/li>\n<li id=\"menu-item-57854\" class=\"menu-item menu-item-type-post_type menu-item-object-page menu-item-57854\"><a href=\"https:\/\/www.auzeau.fr\/39-45\/france\/61-orne\/61-menil-hubert\/\">61 \u2013 M\u00e9nil-Hubert-sur-Orne<\/a><\/li>\n<li id=\"menu-item-57855\" class=\"menu-item menu-item-type-post_type menu-item-object-page menu-item-57855\"><a href=\"https:\/\/www.auzeau.fr\/39-45\/france\/61-orne\/61-montgaroult\/\">61 \u2013 Montgaroult<\/a><\/li>\n<li id=\"menu-item-57856\" class=\"menu-item menu-item-type-post_type menu-item-object-page menu-item-57856\"><a href=\"https:\/\/www.auzeau.fr\/39-45\/france\/61-orne\/61-occagnes-cuy\/\">61 \u2013 Occagnes (Cuy)<\/a><\/li>\n<li id=\"menu-item-67199\" class=\"menu-item menu-item-type-post_type menu-item-object-page menu-item-67199\"><a href=\"https:\/\/www.auzeau.fr\/39-45\/france\/61-orne\/61-saint-hilaire-sur-rille\/\">61 \u2013 Saint-Hilaire-sur-Rille<\/a><\/li>\n<li id=\"menu-item-67200\" class=\"menu-item menu-item-type-post_type menu-item-object-page menu-item-67200\"><a href=\"https:\/\/www.auzeau.fr\/39-45\/france\/61-orne\/61-sainte-gauburge-sainte-colombe\/\">61 \u2013 Sainte-Gauburge-Sainte-Colombe<\/a><\/li>\n<li id=\"menu-item-97897\" class=\"menu-item menu-item-type-post_type menu-item-object-page menu-item-97897\"><a href=\"https:\/\/www.auzeau.fr\/39-45\/france\/61-orne\/61-saint-pierre-dentremont\/\">61 \u2013 Saint-Pierre d\u2019Entremont<\/a><\/li>\n<li id=\"menu-item-57857\" class=\"menu-item menu-item-type-post_type menu-item-object-page menu-item-57857\"><a href=\"https:\/\/www.auzeau.fr\/39-45\/france\/61-orne\/61-tesse-froulay\/\">61 \u2013 Tess\u00e9-Froulay<\/a><\/li>\n<\/ul>\n<script type=\"text\/javascript\"> toolTips('.classtoolTips19','Flying Officer'); <\/script><script type=\"text\/javascript\"> toolTips('.classtoolTips26','<img class=\"aligncenter wp-image-65838 size-full\" title=\"FW 190\" src=\"https:\/\/www.auzeau.fr\/39-45\/wp-content\/uploads\/Avions\/Allemand\/Fw190.jpg\" alt=\"\" width=\"640\" height=\"300\" \/>'); <\/script><script type=\"text\/javascript\"> toolTips('.classtoolTips30','Attaque \u00e0 courtes distances pour d\u00e9truire des cibles au sol<br\/><br\/>Short range bomber attacks to destroy ground targets'); <\/script><script type=\"text\/javascript\"> toolTips('.classtoolTips44','Royal New Zealand Air Force'); <\/script><script type=\"text\/javascript\"> toolTips('.classtoolTips98','Colonel'); <\/script><script type=\"text\/javascript\"> toolTips('.classtoolTips110','Tu\u00e9 au combat<br\/><br\/>Killed In Action'); <\/script><script type=\"text\/javascript\"> toolTips('.classtoolTips144','Royal Corps of Signals'); <\/script><script type=\"text\/javascript\"> toolTips('.classtoolTips153','Porucznik'); <\/script><script type=\"text\/javascript\"> toolTips('.classtoolTips169','Pointe'); <\/script><script type=\"text\/javascript\"> toolTips('.classtoolTips185','Mitrailleur<br\/><br\/>Air Gunner'); <\/script><script type=\"text\/javascript\"> toolTips('.classtoolTips188','Bombardier<br\/><br\/>Air bomber'); <\/script><script type=\"text\/javascript\"> toolTips('.classtoolTips189','M\u00e9canicien volant<br\/><br\/>Flying Enginer'); <\/script><script type=\"text\/javascript\"> toolTips('.classtoolTips193','Royal Navy'); <\/script><script type=\"text\/javascript\"> toolTips('.classtoolTips197','Aircraftman'); <\/script><script type=\"text\/javascript\"> toolTips('.classtoolTips199','Radio Officer'); <\/script><script type=\"text\/javascript\"> toolTips('.classtoolTips201','Lieutenant'); <\/script>","protected":false},"excerpt":{"rendered":"<p>Spitfire EN529 OU-Y 485 Sqn Date : \u00a016 septembre 1943 Mission : \u00a0Ramrod 223 : Protection de 36 Marauder allant bombarder le terrain\u00a0\u00a0 d&#8217;aviation de Beaumont-le-Roger (27) D\u00e9collage : \u00a0Biggin Hill \u00e0 16:50 Causes de la perte : \u00a0Abattu en combat a\u00e9rien par des FW 190 Lieu de la perte : \u00a0&#8220;Le Bois Nicole&#8221; \u00e0 [&hellip;]<\/p>\n","protected":false},"author":1,"featured_media":0,"parent":42400,"menu_order":0,"comment_status":"closed","ping_status":"closed","template":"template-full-width Spitfire.php","meta":{"_lmt_disableupdate":"yes","_lmt_disable":"","footnotes":""},"categories":[586],"tags":[762],"wf_page_folders":[3128],"class_list":["post-67047","page","type-page","status-publish","hentry","category-spitfire","tag-485-squadron"],"_links":{"self":[{"href":"https:\/\/www.auzeau.fr\/39-45\/wp-json\/wp\/v2\/pages\/67047","targetHints":{"allow":["GET"]}}],"collection":[{"href":"https:\/\/www.auzeau.fr\/39-45\/wp-json\/wp\/v2\/pages"}],"about":[{"href":"https:\/\/www.auzeau.fr\/39-45\/wp-json\/wp\/v2\/types\/page"}],"author":[{"embeddable":true,"href":"https:\/\/www.auzeau.fr\/39-45\/wp-json\/wp\/v2\/users\/1"}],"replies":[{"embeddable":true,"href":"https:\/\/www.auzeau.fr\/39-45\/wp-json\/wp\/v2\/comments?post=67047"}],"version-history":[{"count":0,"href":"https:\/\/www.auzeau.fr\/39-45\/wp-json\/wp\/v2\/pages\/67047\/revisions"}],"up":[{"embeddable":true,"href":"https:\/\/www.auzeau.fr\/39-45\/wp-json\/wp\/v2\/pages\/42400"}],"wp:attachment":[{"href":"https:\/\/www.auzeau.fr\/39-45\/wp-json\/wp\/v2\/media?parent=67047"}],"wp:term":[{"taxonomy":"category","embeddable":true,"href":"https:\/\/www.auzeau.fr\/39-45\/wp-json\/wp\/v2\/categories?post=67047"},{"taxonomy":"post_tag","embeddable":true,"href":"https:\/\/www.auzeau.fr\/39-45\/wp-json\/wp\/v2\/tags?post=67047"},{"taxonomy":"wf_page_folders","embeddable":true,"href":"https:\/\/www.auzeau.fr\/39-45\/wp-json\/wp\/v2\/wf_page_folders?post=67047"}],"curies":[{"name":"wp","href":"https:\/\/api.w.org\/{rel}","templated":true}]}}