{"id":67041,"date":"2018-12-01T07:51:22","date_gmt":"2018-12-01T06:51:22","guid":{"rendered":"http:\/\/39-45.auzeau.fr\/?page_id=67041"},"modified":"2018-12-01T07:51:22","modified_gmt":"2018-12-01T06:51:22","slug":"61-ecorcei-2","status":"publish","type":"page","link":"https:\/\/www.auzeau.fr\/39-45\/france\/61-orne\/61-ecorcei-2\/","title":{"rendered":"61 &#8211; \u00c9corcei"},"content":{"rendered":"<p><img fetchpriority=\"high\" decoding=\"async\" class=\"aligncenter size-full wp-image-67011\" title=\"St-Hilaire-sur-Rille\" src=\"https:\/\/www.auzeau.fr\/39-45\/wp-content\/uploads\/Cimetieres\/60 --\/61-Orne\/St-Hilaire-sur-Rille\/St-Hilaire-sur-Rille.jpg\" alt=\"\" width=\"900\" height=\"435\" srcset=\"https:\/\/www.auzeau.fr\/39-45\/wp-content\/uploads\/Cimetieres\/60%20--\/61-Orne\/St-Hilaire-sur-Rille\/St-Hilaire-sur-Rille.jpg 900w, https:\/\/www.auzeau.fr\/39-45\/wp-content\/uploads\/Cimetieres\/60%20--\/61-Orne\/St-Hilaire-sur-Rille\/St-Hilaire-sur-Rille-300x145.jpg 300w, https:\/\/www.auzeau.fr\/39-45\/wp-content\/uploads\/Cimetieres\/60%20--\/61-Orne\/St-Hilaire-sur-Rille\/St-Hilaire-sur-Rille-768x371.jpg 768w\" sizes=\"(max-width: 900px) 100vw, 900px\" \/><\/p>\n<table style=\"width: 100%;\" border=\"0\">\n<tbody>\n<tr>\n<td style=\"width: 5%;\"><\/td>\n<td style=\"width: 5%;\"><\/td>\n<td style=\"width: 5%;\"><\/td>\n<td style=\"width: 5%;\"><\/td>\n<td style=\"width: 5%;\"><\/td>\n<td style=\"width: 5%;\"><\/td>\n<td style=\"width: 5%;\"><\/td>\n<td style=\"width: 5%;\"><\/td>\n<td style=\"width: 5%;\"><\/td>\n<td style=\"width: 5%;\"><\/td>\n<td style=\"width: 5%;\"><\/td>\n<td style=\"width: 5%;\"><\/td>\n<td style=\"width: 5%;\"><\/td>\n<td style=\"width: 5%;\"><\/td>\n<td style=\"width: 5%;\"><\/td>\n<td style=\"width: 5%;\"><\/td>\n<td style=\"width: 5%;\"><\/td>\n<td style=\"width: 5%;\"><\/td>\n<td style=\"width: 5%;\"><\/td>\n<td style=\"width: 5%;\"><\/td>\n<\/tr>\n<tr>\n<td colspan=\"15\"><span style=\"font-size: xx-large;\"><strong><span style=\"color: #000000;\">Halifax JD179 NF-Z<\/span><br \/>\n<\/strong><\/span><\/td>\n<td style=\"text-align: center;\" colspan=\"5\"><span style=\"font-size: xx-large;\"><strong>138 Sqn<br \/>\n<\/strong><\/span><\/td>\n<\/tr>\n<tr style=\"height: 40px;\">\n<td style=\"text-align: right;\" colspan=\"2\"><span style=\"font-size: 14px;\"><strong>Date :<br \/>\n<\/strong><\/span><\/td>\n<td colspan=\"5\"><span style=\"font-size: 14px;\"><em>\u00a017 ao\u00fbt 1943<br \/>\n<\/em><\/span><\/td>\n<td style=\"text-align: right;\" colspan=\"3\"><span style=\"font-size: 14px;\"><strong>Mission :<br \/>\n<\/strong><\/span><\/td>\n<td colspan=\"10\"><span style=\"font-size: 14px;\"><em>\u00a0SOE : Operation Bob 43\/34<br \/>\n<\/em><\/span><\/td>\n<\/tr>\n<tr style=\"height: 40px;\">\n<td><\/td>\n<td><\/td>\n<td style=\"text-align: right;\" colspan=\"5\"><span style=\"font-size: 14px;\"><strong>D\u00e9collage :<br \/>\n<\/strong><\/span><\/td>\n<td colspan=\"10\"><span style=\"font-size: 14px;\"><em>\u00a0Tempsford<br \/>\n<\/em><\/span><\/td>\n<td><\/td>\n<td><\/td>\n<td><\/td>\n<\/tr>\n<tr style=\"height: 40px;\">\n<td><\/td>\n<td><\/td>\n<td style=\"text-align: right;\" colspan=\"5\"><span style=\"font-size: 14px;\"><strong>Causes de la perte :<br \/>\n<\/strong><\/span><\/td>\n<td colspan=\"10\"><\/td>\n<td><\/td>\n<td><\/td>\n<td><\/td>\n<\/tr>\n<tr style=\"height: 40px;\">\n<td><\/td>\n<td><\/td>\n<td style=\"text-align: right;\" colspan=\"5\"><span style=\"font-size: 14px;\"><strong>Lieu de la perte :<br \/>\n<\/strong><\/span><\/td>\n<td colspan=\"10\"><span style=\"font-size: 14px;\"><em>\u00a0\u00c9corcei (61)<\/em><\/span><\/td>\n<td><\/td>\n<td><\/td>\n<td><\/td>\n<\/tr>\n<tr style=\"height: 60px;\">\n<td><span style=\"font-size: 14px;\"><img decoding=\"async\" class=\"size-full wp-image-47215 alignleft\" title=\"Royaume Uni\" src=\"https:\/\/www.auzeau.fr\/39-45\/wp-content\/uploads\/images\/Drapeaux\/Angleterre.png\" alt=\"Royaume-Uni\" width=\"40\" height=\"20\" \/><\/span><\/td>\n<td><span class='tooltipsall tooltipsincontent classtoolTips96'>Sgt<\/span><\/td>\n<td colspan=\"5\">Horace George<\/td>\n<td colspan=\"2\"><span style=\"font-size: 14px; color: #000000;\"><strong>ANSELL<\/strong><\/span><\/td>\n<td style=\"text-align: center;\" colspan=\"2\"><span class='tooltipsall tooltipsincontent classtoolTips188'>AB<\/span><\/td>\n<td style=\"text-align: center;\"><span class='tooltipsall tooltipsincontent classtoolTips45'>RAFVR<\/span><\/td>\n<td style=\"text-align: center;\" colspan=\"2\">1472439<\/td>\n<td><span style=\"font-size: 14px; color: #000000;\"><strong><span class='tooltipsall tooltipsincontent classtoolTips110'>KIA<\/span><\/strong><\/span><\/td>\n<td colspan=\"5\"><\/td>\n<\/tr>\n<tr style=\"height: 60px;\">\n<td><span style=\"font-size: 14px;\"><img decoding=\"async\" class=\"size-full wp-image-47215 alignleft\" title=\"Royaume Uni\" src=\"https:\/\/www.auzeau.fr\/39-45\/wp-content\/uploads\/images\/Drapeaux\/Angleterre.png\" alt=\"Royaume-Uni\" width=\"40\" height=\"20\" \/><\/span><\/td>\n<td><span class='tooltipsall tooltipsincontent classtoolTips96'>Sgt<\/span><\/td>\n<td colspan=\"5\">Francis<\/td>\n<td colspan=\"2\"><span style=\"font-size: 14px; color: #000000;\"><strong>BOLES<\/strong><\/span><\/td>\n<td style=\"text-align: center;\" colspan=\"2\"><span class='tooltipsall tooltipsincontent classtoolTips116'>Nav<\/span><\/td>\n<td style=\"text-align: center;\"><span class='tooltipsall tooltipsincontent classtoolTips45'>RAFVR<\/span><\/td>\n<td style=\"text-align: center;\" colspan=\"2\">1349988<\/td>\n<td><span style=\"font-size: 14px; color: #000000;\"><strong><span class='tooltipsall tooltipsincontent classtoolTips110'>KIA<\/span><\/strong><\/span><\/td>\n<td colspan=\"5\"><\/td>\n<\/tr>\n<tr style=\"height: 60px;\">\n<td><span style=\"font-size: 14px;\"><img decoding=\"async\" class=\"size-full wp-image-47215 alignleft\" title=\"Royaume Uni\" src=\"https:\/\/www.auzeau.fr\/39-45\/wp-content\/uploads\/images\/Drapeaux\/Angleterre.png\" alt=\"Royaume-Uni\" width=\"40\" height=\"20\" \/><\/span><\/td>\n<td><span class='tooltipsall tooltipsincontent classtoolTips96'>Sgt<\/span><\/td>\n<td colspan=\"5\">William Stuart<\/td>\n<td colspan=\"2\"><span style=\"font-size: 14px; color: #000000;\"><strong>DAVIES<\/strong><\/span><\/td>\n<td style=\"text-align: center;\" colspan=\"2\"><span class='tooltipsall tooltipsincontent classtoolTips189'>FE<\/span><\/td>\n<td style=\"text-align: center;\"><span class='tooltipsall tooltipsincontent classtoolTips45'>RAFVR<\/span><\/td>\n<td style=\"text-align: center;\" colspan=\"2\">941487<\/td>\n<td><span style=\"font-size: 14px;\"><span class='tooltipsall tooltipsincontent classtoolTips112'>WIA<\/span><\/span><\/td>\n<td colspan=\"5\"><span style=\"font-size: 10pt;\"><em><span class='tooltipsall tooltipsincontent classtoolTips148'>DOW<\/span> le 19\/08\/1943<\/em><\/span><\/td>\n<\/tr>\n<tr style=\"height: 60px;\">\n<td><span style=\"font-size: 14px;\"><img decoding=\"async\" class=\"size-full wp-image-47215 alignleft\" title=\"Royaume Uni\" src=\"https:\/\/www.auzeau.fr\/39-45\/wp-content\/uploads\/images\/Drapeaux\/Angleterre.png\" alt=\"Royaume-Uni\" width=\"40\" height=\"20\" \/><\/span><\/td>\n<td><span class='tooltipsall tooltipsincontent classtoolTips96'>Sgt<\/span><\/td>\n<td colspan=\"5\">George William Francis<\/td>\n<td colspan=\"2\"><span style=\"font-size: 14px; color: #000000;\"><strong>DUCKETT<\/strong><\/span><\/td>\n<td style=\"text-align: center;\" colspan=\"2\"><span class='tooltipsall tooltipsincontent classtoolTips185'>AG<\/span><\/td>\n<td style=\"text-align: center;\"><span class='tooltipsall tooltipsincontent classtoolTips45'>RAFVR<\/span><\/td>\n<td style=\"text-align: center;\" colspan=\"2\">1817929<\/td>\n<td><span style=\"font-size: 14px; color: #000000;\"><strong><span class='tooltipsall tooltipsincontent classtoolTips110'>KIA<\/span><\/strong><\/span><\/td>\n<td colspan=\"5\"><\/td>\n<\/tr>\n<tr style=\"height: 60px;\">\n<td><img decoding=\"async\" class=\"size-full wp-image-47228 alignleft\" title=\"Australie\" src=\"https:\/\/www.auzeau.fr\/39-45\/wp-content\/uploads\/images\/Drapeaux\/Australie.png\" alt=\"Australie\" width=\"40\" height=\"20\" \/><\/td>\n<td><span class='tooltipsall tooltipsincontent classtoolTips183'>FS<\/span><\/td>\n<td colspan=\"5\">Norman Wood<\/td>\n<td colspan=\"2\"><span style=\"font-size: 14px; color: #000000;\"><strong>HAYTER<\/strong><\/span><\/td>\n<td style=\"text-align: center;\" colspan=\"2\"><span class='tooltipsall tooltipsincontent classtoolTips151'>Pil<\/span><\/td>\n<td style=\"text-align: center;\"><span class='tooltipsall tooltipsincontent classtoolTips77'>RAAF<\/span><\/td>\n<td style=\"text-align: center;\" colspan=\"2\">412439<\/td>\n<td><span style=\"font-size: 14px; color: #000000;\"><strong><span class='tooltipsall tooltipsincontent classtoolTips110'>KIA<\/span><\/strong><\/span><\/td>\n<td colspan=\"5\"><\/td>\n<\/tr>\n<tr style=\"height: 60px;\">\n<td><span style=\"font-size: 14px;\"><img decoding=\"async\" class=\"size-full wp-image-47215 alignleft\" title=\"Royaume Uni\" src=\"https:\/\/www.auzeau.fr\/39-45\/wp-content\/uploads\/images\/Drapeaux\/Angleterre.png\" alt=\"Royaume-Uni\" width=\"40\" height=\"20\" \/><\/span><\/td>\n<td><span class='tooltipsall tooltipsincontent classtoolTips96'>Sgt<\/span><\/td>\n<td colspan=\"5\">John Albert<\/td>\n<td colspan=\"2\"><span style=\"font-size: 14px; color: #000000;\"><strong>HUTCHINSON<\/strong><\/span><\/td>\n<td style=\"text-align: center;\" colspan=\"2\"><span class='tooltipsall tooltipsincontent classtoolTips115'>WOP<\/span><\/td>\n<td style=\"text-align: center;\"><span class='tooltipsall tooltipsincontent classtoolTips45'>RAFVR<\/span><\/td>\n<td style=\"text-align: center;\" colspan=\"2\">1387540<\/td>\n<td><span style=\"font-size: 14px; color: #000000;\"><strong><span class='tooltipsall tooltipsincontent classtoolTips110'>KIA<\/span><\/strong><\/span><\/td>\n<td colspan=\"5\"><a href=\"https:\/\/www.auzeau.fr\/39-45\/france\/27-eure\/27-bernay-3\/\"><em><span style=\"font-size: 10pt;\">Inhum\u00e9 \u00e0 Bernay (27)<\/span><\/em><\/a><\/td>\n<\/tr>\n<tr style=\"height: 60px;\">\n<td><img decoding=\"async\" class=\"size-full wp-image-47228 alignleft\" title=\"Australie\" src=\"https:\/\/www.auzeau.fr\/39-45\/wp-content\/uploads\/images\/Drapeaux\/Australie.png\" alt=\"Australie\" width=\"40\" height=\"20\" \/><\/td>\n<td><span class='tooltipsall tooltipsincontent classtoolTips183'>FS<\/span><\/td>\n<td colspan=\"5\">Allan Blakiston<\/td>\n<td colspan=\"2\"><span style=\"font-size: 14px; color: #000000;\"><strong>ROBINSON<\/strong><\/span><\/td>\n<td style=\"text-align: center;\" colspan=\"2\"><span class='tooltipsall tooltipsincontent classtoolTips185'>AG<\/span><\/td>\n<td style=\"text-align: center;\"><span class='tooltipsall tooltipsincontent classtoolTips77'>RAAF<\/span><\/td>\n<td style=\"text-align: center;\" colspan=\"2\">425220<\/td>\n<td><span style=\"font-size: 14px; color: #000000;\"><strong><span class='tooltipsall tooltipsincontent classtoolTips110'>KIA<\/span><\/strong><\/span><\/td>\n<td colspan=\"5\"><\/td>\n<\/tr>\n<tr style=\"height: 20px;\">\n<td colspan=\"20\" height=\"20\"><\/td>\n<\/tr>\n<tr>\n<td style=\"width: 100%; height: 194px;\" colspan=\"20\"><div id='gallery-1' class='gallery galleryid-67041 gallery-columns-6 gallery-size-thumbnail'><figure class='gallery-item'>\n\t\t\t<div class='gallery-icon landscape'>\n\t\t\t\t<a title=\"Halifax JD179\"  title=\"Halifax JD179\"  href='https:\/\/www.auzeau.fr\/39-45\/wp-content\/uploads\/Cimetieres\/60%20--\/61-Orne\/Ecorcei\/JD179\/Halifax-JD179.jpg'><img loading=\"lazy\" decoding=\"async\" width=\"150\" height=\"150\" src=\"https:\/\/www.auzeau.fr\/39-45\/wp-content\/uploads\/Cimetieres\/60 --\/61-Orne\/Ecorcei\/JD179\/Halifax-JD179-150x150.jpg\" class=\"attachment-thumbnail size-thumbnail\" alt=\"\" srcset=\"https:\/\/www.auzeau.fr\/39-45\/wp-content\/uploads\/Cimetieres\/60%20--\/61-Orne\/Ecorcei\/JD179\/Halifax-JD179-150x150.jpg 150w, https:\/\/www.auzeau.fr\/39-45\/wp-content\/uploads\/Cimetieres\/60%20--\/61-Orne\/Ecorcei\/JD179\/Halifax-JD179-50x50.jpg 50w\" sizes=\"(max-width: 150px) 100vw, 150px\" \/><\/a>\n\t\t\t<\/div><\/figure><figure class='gallery-item'>\n\t\t\t<div class='gallery-icon portrait'>\n\t\t\t\t<a title=\"Ansell\"  title=\"Ansell\"  href='https:\/\/www.auzeau.fr\/39-45\/wp-content\/uploads\/Cimetieres\/60%20--\/61-Orne\/Ecorcei\/JD179\/Ansell.jpg'><img loading=\"lazy\" decoding=\"async\" width=\"150\" height=\"150\" src=\"https:\/\/www.auzeau.fr\/39-45\/wp-content\/uploads\/Cimetieres\/60 --\/61-Orne\/Ecorcei\/JD179\/Ansell-150x150.jpg\" class=\"attachment-thumbnail size-thumbnail\" alt=\"\" srcset=\"https:\/\/www.auzeau.fr\/39-45\/wp-content\/uploads\/Cimetieres\/60%20--\/61-Orne\/Ecorcei\/JD179\/Ansell-150x150.jpg 150w, https:\/\/www.auzeau.fr\/39-45\/wp-content\/uploads\/Cimetieres\/60%20--\/61-Orne\/Ecorcei\/JD179\/Ansell-50x50.jpg 50w\" sizes=\"(max-width: 150px) 100vw, 150px\" \/><\/a>\n\t\t\t<\/div><\/figure><figure class='gallery-item'>\n\t\t\t<div class='gallery-icon portrait'>\n\t\t\t\t<a title=\"Boles\"  title=\"Boles\"  href='https:\/\/www.auzeau.fr\/39-45\/wp-content\/uploads\/Cimetieres\/60%20--\/61-Orne\/Ecorcei\/JD179\/Boles.jpg'><img loading=\"lazy\" decoding=\"async\" width=\"150\" height=\"150\" src=\"https:\/\/www.auzeau.fr\/39-45\/wp-content\/uploads\/Cimetieres\/60 --\/61-Orne\/Ecorcei\/JD179\/Boles-150x150.jpg\" class=\"attachment-thumbnail size-thumbnail\" alt=\"\" srcset=\"https:\/\/www.auzeau.fr\/39-45\/wp-content\/uploads\/Cimetieres\/60%20--\/61-Orne\/Ecorcei\/JD179\/Boles-150x150.jpg 150w, https:\/\/www.auzeau.fr\/39-45\/wp-content\/uploads\/Cimetieres\/60%20--\/61-Orne\/Ecorcei\/JD179\/Boles-50x50.jpg 50w\" sizes=\"(max-width: 150px) 100vw, 150px\" \/><\/a>\n\t\t\t<\/div><\/figure><figure class='gallery-item'>\n\t\t\t<div class='gallery-icon portrait'>\n\t\t\t\t<a title=\"Duckett\"  title=\"Duckett\"  href='https:\/\/www.auzeau.fr\/39-45\/wp-content\/uploads\/Cimetieres\/60%20--\/61-Orne\/Ecorcei\/JD179\/Duckett.jpg'><img loading=\"lazy\" decoding=\"async\" width=\"150\" height=\"150\" src=\"https:\/\/www.auzeau.fr\/39-45\/wp-content\/uploads\/Cimetieres\/60 --\/61-Orne\/Ecorcei\/JD179\/Duckett-150x150.jpg\" class=\"attachment-thumbnail size-thumbnail\" alt=\"\" srcset=\"https:\/\/www.auzeau.fr\/39-45\/wp-content\/uploads\/Cimetieres\/60%20--\/61-Orne\/Ecorcei\/JD179\/Duckett-150x150.jpg 150w, https:\/\/www.auzeau.fr\/39-45\/wp-content\/uploads\/Cimetieres\/60%20--\/61-Orne\/Ecorcei\/JD179\/Duckett-50x50.jpg 50w\" sizes=\"(max-width: 150px) 100vw, 150px\" \/><\/a>\n\t\t\t<\/div><\/figure><figure class='gallery-item'>\n\t\t\t<div class='gallery-icon portrait'>\n\t\t\t\t<a title=\"Robinson\"  title=\"Robinson\"  href='https:\/\/www.auzeau.fr\/39-45\/wp-content\/uploads\/Cimetieres\/60%20--\/61-Orne\/Ecorcei\/JD179\/Robinson.jpg'><img loading=\"lazy\" decoding=\"async\" width=\"150\" height=\"150\" src=\"https:\/\/www.auzeau.fr\/39-45\/wp-content\/uploads\/Cimetieres\/60 --\/61-Orne\/Ecorcei\/JD179\/Robinson-150x150.jpg\" class=\"attachment-thumbnail size-thumbnail\" alt=\"\" srcset=\"https:\/\/www.auzeau.fr\/39-45\/wp-content\/uploads\/Cimetieres\/60%20--\/61-Orne\/Ecorcei\/JD179\/Robinson-150x150.jpg 150w, https:\/\/www.auzeau.fr\/39-45\/wp-content\/uploads\/Cimetieres\/60%20--\/61-Orne\/Ecorcei\/JD179\/Robinson-50x50.jpg 50w\" sizes=\"(max-width: 150px) 100vw, 150px\" \/><\/a>\n\t\t\t<\/div><\/figure><figure class='gallery-item'>\n\t\t\t<div class='gallery-icon portrait'>\n\t\t\t\t<a title=\"Hayter\"  title=\"Hayter\"  href='https:\/\/www.auzeau.fr\/39-45\/wp-content\/uploads\/Cimetieres\/60%20--\/61-Orne\/Ecorcei\/JD179\/Hayter.jpg'><img loading=\"lazy\" decoding=\"async\" width=\"150\" height=\"150\" src=\"https:\/\/www.auzeau.fr\/39-45\/wp-content\/uploads\/Cimetieres\/60 --\/61-Orne\/Ecorcei\/JD179\/Hayter-150x150.jpg\" class=\"attachment-thumbnail size-thumbnail\" alt=\"\" srcset=\"https:\/\/www.auzeau.fr\/39-45\/wp-content\/uploads\/Cimetieres\/60%20--\/61-Orne\/Ecorcei\/JD179\/Hayter-150x150.jpg 150w, https:\/\/www.auzeau.fr\/39-45\/wp-content\/uploads\/Cimetieres\/60%20--\/61-Orne\/Ecorcei\/JD179\/Hayter-50x50.jpg 50w\" sizes=\"(max-width: 150px) 100vw, 150px\" \/><\/a>\n\t\t\t<\/div><\/figure>\n\t\t<\/div>\n<\/td>\n<\/tr>\n<\/tbody>\n<\/table>\n<table style=\"width: 100%; border-collapse: collapse; background-color: #dcdcdc;\" border=\"0\">\n<tbody>\n<tr>\n<td style=\"width: 100%; text-align: center;\"><ul id=\"menu-61-ecorcei\" class=\"menu\"><li id=\"menu-item-67308\" class=\"menu-item menu-item-type-post_type menu-item-object-page menu-item-67308\"><a href=\"https:\/\/www.auzeau.fr\/39-45\/france\/61-orne\/61-ecorcei\/\">Halifax BB334<\/a><\/li>\n<li id=\"menu-item-67307\" class=\"menu-item menu-item-type-post_type menu-item-object-page menu-item-67307\"><a href=\"https:\/\/www.auzeau.fr\/39-45\/france\/61-orne\/61-ecorcei-2\/\">Halifax JD179<\/a><\/li>\n<li id=\"menu-item-67306\" class=\"menu-item menu-item-type-post_type menu-item-object-page menu-item-67306\"><a href=\"https:\/\/www.auzeau.fr\/39-45\/france\/61-orne\/61-ecorcei-3\/\">Halifax HR920<\/a><\/li>\n<li id=\"menu-item-67305\" class=\"menu-item menu-item-type-post_type menu-item-object-page menu-item-67305\"><a href=\"https:\/\/www.auzeau.fr\/39-45\/france\/61-orne\/61-ecorcei-4\/\">Spitfire EN529<\/a><\/li>\n<\/ul><\/td>\n<\/tr>\n<\/tbody>\n<\/table>\n<hr \/>\n<p style=\"text-align: center;\"><ul id=\"menu-61-orne\" class=\"menu\"><li id=\"menu-item-57849\" class=\"menu-item menu-item-type-post_type menu-item-object-page menu-item-57849\"><a href=\"https:\/\/www.auzeau.fr\/39-45\/france\/61-orne\/61-athis-val-de-rouvre-breel\/\">61 \u2013 Athis-Val-de-Rouvre (Br\u00e9el)<\/a><\/li>\n<li id=\"menu-item-57850\" class=\"menu-item menu-item-type-post_type menu-item-object-page menu-item-57850\"><a href=\"https:\/\/www.auzeau.fr\/39-45\/france\/61-orne\/61-belforet-en-perche-le-gue-de-la-chaine\/\">61 \u2013 Belfor\u00eat-en-Perche (Le Gu\u00e9-de-la-Chaine)<\/a><\/li>\n<li id=\"menu-item-67201\" class=\"menu-item menu-item-type-post_type menu-item-object-page menu-item-67201\"><a href=\"https:\/\/www.auzeau.fr\/39-45\/france\/61-orne\/61-bursard\/\">61 \u2013 Bursard<\/a><\/li>\n<li id=\"menu-item-57851\" class=\"menu-item menu-item-type-post_type menu-item-object-page menu-item-57851\"><a href=\"https:\/\/www.auzeau.fr\/39-45\/france\/61-orne\/61-cahan\/\">61 \u2013 Cahan<\/a><\/li>\n<li id=\"menu-item-97901\" class=\"menu-item menu-item-type-post_type menu-item-object-page menu-item-97901\"><a href=\"https:\/\/www.auzeau.fr\/39-45\/france\/61-orne\/61-caligny\/\">61 \u2013 Caligny<\/a><\/li>\n<li id=\"menu-item-57852\" class=\"menu-item menu-item-type-post_type menu-item-object-page menu-item-57852\"><a href=\"https:\/\/www.auzeau.fr\/39-45\/france\/61-orne\/61-couterne\/\">61 \u2013 Couterne (Lignou)<\/a><\/li>\n<li id=\"menu-item-67320\" class=\"menu-item menu-item-type-post_type menu-item-object-page menu-item-67320\"><a href=\"https:\/\/www.auzeau.fr\/39-45\/france\/61-orne\/61-ecorcei\/\">61 \u2013 \u00c9corcei<\/a><\/li>\n<li id=\"menu-item-57853\" class=\"menu-item menu-item-type-post_type menu-item-object-page menu-item-57853\"><a href=\"https:\/\/www.auzeau.fr\/39-45\/france\/61-orne\/61-ecouche-les-vallees-ecouche\/\">61 \u2013 \u00c9couch\u00e9-les-Vall\u00e9es (\u00c9couch\u00e9)<\/a><\/li>\n<li id=\"menu-item-97900\" class=\"menu-item menu-item-type-post_type menu-item-object-page menu-item-97900\"><a href=\"https:\/\/www.auzeau.fr\/39-45\/france\/61-orne\/61-juvigny-sur-orne\/\">61 \u2013 Juvigny-sur-Orne<\/a><\/li>\n<li id=\"menu-item-97899\" class=\"menu-item menu-item-type-post_type menu-item-object-page menu-item-97899\"><a href=\"https:\/\/www.auzeau.fr\/39-45\/france\/61-orne\/61-la-courbe\/\">61 \u2013 La Courbe<\/a><\/li>\n<li id=\"menu-item-102944\" class=\"menu-item menu-item-type-post_type menu-item-object-page menu-item-102944\"><a href=\"https:\/\/www.auzeau.fr\/39-45\/france\/61-orne\/61-la-rouge\/\">61 \u2013 La Rouge<\/a><\/li>\n<li id=\"menu-item-97898\" class=\"menu-item menu-item-type-post_type menu-item-object-page menu-item-97898\"><a href=\"https:\/\/www.auzeau.fr\/39-45\/france\/61-orne\/61-le-chateau-dalmeneches\/\">61 \u2013 Le Ch\u00e2teau-d\u2019Almen\u00eaches<\/a><\/li>\n<li id=\"menu-item-57854\" class=\"menu-item menu-item-type-post_type menu-item-object-page menu-item-57854\"><a href=\"https:\/\/www.auzeau.fr\/39-45\/france\/61-orne\/61-menil-hubert\/\">61 \u2013 M\u00e9nil-Hubert-sur-Orne<\/a><\/li>\n<li id=\"menu-item-57855\" class=\"menu-item menu-item-type-post_type menu-item-object-page menu-item-57855\"><a href=\"https:\/\/www.auzeau.fr\/39-45\/france\/61-orne\/61-montgaroult\/\">61 \u2013 Montgaroult<\/a><\/li>\n<li id=\"menu-item-57856\" class=\"menu-item menu-item-type-post_type menu-item-object-page menu-item-57856\"><a href=\"https:\/\/www.auzeau.fr\/39-45\/france\/61-orne\/61-occagnes-cuy\/\">61 \u2013 Occagnes (Cuy)<\/a><\/li>\n<li id=\"menu-item-67199\" class=\"menu-item menu-item-type-post_type menu-item-object-page menu-item-67199\"><a href=\"https:\/\/www.auzeau.fr\/39-45\/france\/61-orne\/61-saint-hilaire-sur-rille\/\">61 \u2013 Saint-Hilaire-sur-Rille<\/a><\/li>\n<li id=\"menu-item-67200\" class=\"menu-item menu-item-type-post_type menu-item-object-page menu-item-67200\"><a href=\"https:\/\/www.auzeau.fr\/39-45\/france\/61-orne\/61-sainte-gauburge-sainte-colombe\/\">61 \u2013 Sainte-Gauburge-Sainte-Colombe<\/a><\/li>\n<li id=\"menu-item-97897\" class=\"menu-item menu-item-type-post_type menu-item-object-page menu-item-97897\"><a href=\"https:\/\/www.auzeau.fr\/39-45\/france\/61-orne\/61-saint-pierre-dentremont\/\">61 \u2013 Saint-Pierre d\u2019Entremont<\/a><\/li>\n<li id=\"menu-item-57857\" class=\"menu-item menu-item-type-post_type menu-item-object-page menu-item-57857\"><a href=\"https:\/\/www.auzeau.fr\/39-45\/france\/61-orne\/61-tesse-froulay\/\">61 \u2013 Tess\u00e9-Froulay<\/a><\/li>\n<\/ul>\n<script type=\"text\/javascript\"> toolTips('.classtoolTips45','Royal Air Force Volunteer Reserve'); <\/script><script type=\"text\/javascript\"> toolTips('.classtoolTips77','Royal Australian Air Force'); <\/script><script type=\"text\/javascript\"> toolTips('.classtoolTips96','Sergent<br\/><br\/>Sergeant'); <\/script><script type=\"text\/javascript\"> toolTips('.classtoolTips98','Colonel'); <\/script><script type=\"text\/javascript\"> toolTips('.classtoolTips110','Tu\u00e9 au combat<br\/><br\/>Killed In Action'); <\/script><script type=\"text\/javascript\"> toolTips('.classtoolTips112','Bless\u00e9 au combat<br\/><br\/>Wounded in action'); <\/script><script type=\"text\/javascript\"> toolTips('.classtoolTips115','Op\u00e9rateur Radio<br\/><br\/>Wireless Op\u00e9rator'); <\/script><script type=\"text\/javascript\"> toolTips('.classtoolTips116','Navigateur<br\/><br\/>Navigator'); <\/script><script type=\"text\/javascript\"> toolTips('.classtoolTips136','Arm\u00e9e de l\u2019Air Fran\u00e7aise'); <\/script><script type=\"text\/javascript\"> toolTips('.classtoolTips140','Direction des op\u00e9rations sp\u00e9ciales<br\/><br\/>Special Operation Executive'); <\/script><script type=\"text\/javascript\"> toolTips('.classtoolTips144','Royal Corps of Signals'); <\/script><script type=\"text\/javascript\"> toolTips('.classtoolTips146','Royal Air Force'); <\/script><script type=\"text\/javascript\"> toolTips('.classtoolTips148','<strong>D\u00e9c\u00e9d\u00e9 de ses blessures<\/strong><br\/><br\/>concerne une personne qui a surv\u00e9cu pour atteindre un centre de traitement m\u00e9dical.<br\/><br\/><strong>Died of wounds<\/strong><br\/><br\/>concerns a person who survived to reach a medical treatment center.'); <\/script><script type=\"text\/javascript\"> toolTips('.classtoolTips151','Pilote<br\/><br\/>Pilot'); <\/script><script type=\"text\/javascript\"> toolTips('.classtoolTips153','Porucznik'); <\/script><script type=\"text\/javascript\"> toolTips('.classtoolTips182','Warrant Officer'); <\/script><script type=\"text\/javascript\"> toolTips('.classtoolTips183','Flight Sergeant'); <\/script><script type=\"text\/javascript\"> toolTips('.classtoolTips185','Mitrailleur<br\/><br\/>Air Gunner'); <\/script><script type=\"text\/javascript\"> toolTips('.classtoolTips188','Bombardier<br\/><br\/>Air bomber'); <\/script><script type=\"text\/javascript\"> toolTips('.classtoolTips189','M\u00e9canicien volant<br\/><br\/>Flying Enginer'); <\/script><script type=\"text\/javascript\"> toolTips('.classtoolTips193','Royal Navy'); <\/script><script type=\"text\/javascript\"> toolTips('.classtoolTips197','Aircraftman'); <\/script><script type=\"text\/javascript\"> toolTips('.classtoolTips199','Radio Officer'); <\/script><script type=\"text\/javascript\"> toolTips('.classtoolTips201','Lieutenant'); <\/script>","protected":false},"excerpt":{"rendered":"<p>Halifax JD179 NF-Z 138 Sqn Date : \u00a017 ao\u00fbt 1943 Mission : \u00a0SOE : Operation Bob 43\/34 D\u00e9collage : \u00a0Tempsford Causes de la perte : Lieu de la perte : \u00a0\u00c9corcei (61) Sgt Horace George ANSELL AB RAFVR 1472439 KIA Sgt Francis BOLES Nav RAFVR 1349988 KIA Sgt William Stuart DAVIES FE RAFVR 941487 WIA [&hellip;]<\/p>\n","protected":false},"author":1,"featured_media":0,"parent":42400,"menu_order":0,"comment_status":"closed","ping_status":"closed","template":"template-full-width Halifax.php","meta":{"_lmt_disableupdate":"yes","_lmt_disable":"","footnotes":""},"categories":[332],"tags":[386],"wf_page_folders":[3128],"class_list":["post-67041","page","type-page","status-publish","hentry","category-halifax","tag-138-squadron"],"_links":{"self":[{"href":"https:\/\/www.auzeau.fr\/39-45\/wp-json\/wp\/v2\/pages\/67041","targetHints":{"allow":["GET"]}}],"collection":[{"href":"https:\/\/www.auzeau.fr\/39-45\/wp-json\/wp\/v2\/pages"}],"about":[{"href":"https:\/\/www.auzeau.fr\/39-45\/wp-json\/wp\/v2\/types\/page"}],"author":[{"embeddable":true,"href":"https:\/\/www.auzeau.fr\/39-45\/wp-json\/wp\/v2\/users\/1"}],"replies":[{"embeddable":true,"href":"https:\/\/www.auzeau.fr\/39-45\/wp-json\/wp\/v2\/comments?post=67041"}],"version-history":[{"count":0,"href":"https:\/\/www.auzeau.fr\/39-45\/wp-json\/wp\/v2\/pages\/67041\/revisions"}],"up":[{"embeddable":true,"href":"https:\/\/www.auzeau.fr\/39-45\/wp-json\/wp\/v2\/pages\/42400"}],"wp:attachment":[{"href":"https:\/\/www.auzeau.fr\/39-45\/wp-json\/wp\/v2\/media?parent=67041"}],"wp:term":[{"taxonomy":"category","embeddable":true,"href":"https:\/\/www.auzeau.fr\/39-45\/wp-json\/wp\/v2\/categories?post=67041"},{"taxonomy":"post_tag","embeddable":true,"href":"https:\/\/www.auzeau.fr\/39-45\/wp-json\/wp\/v2\/tags?post=67041"},{"taxonomy":"wf_page_folders","embeddable":true,"href":"https:\/\/www.auzeau.fr\/39-45\/wp-json\/wp\/v2\/wf_page_folders?post=67041"}],"curies":[{"name":"wp","href":"https:\/\/api.w.org\/{rel}","templated":true}]}}