{"id":6304,"date":"2017-08-14T15:12:21","date_gmt":"2017-08-14T13:12:21","guid":{"rendered":"http:\/\/www.auzeau.fr\/3945\/?page_id=6304"},"modified":"2018-05-15T19:17:57","modified_gmt":"2018-05-15T17:17:57","slug":"53-laval","status":"publish","type":"page","link":"https:\/\/www.auzeau.fr\/39-45\/france\/53-mayenne\/53-laval\/","title":{"rendered":"53 &#8211; Laval"},"content":{"rendered":"<p><img fetchpriority=\"high\" decoding=\"async\" class=\"aligncenter size-full wp-image-55568\" title=\"Laval\" src=\"https:\/\/www.auzeau.fr\/39-45\/wp-content\/uploads\/Cimetieres\/31 -- 60\/53-Mayenne\/Laval\/Laval.jpg\" alt=\"\" width=\"900\" height=\"450\" srcset=\"https:\/\/www.auzeau.fr\/39-45\/wp-content\/uploads\/Cimetieres\/31%20--%2060\/53-Mayenne\/Laval\/Laval.jpg 900w, https:\/\/www.auzeau.fr\/39-45\/wp-content\/uploads\/Cimetieres\/31%20--%2060\/53-Mayenne\/Laval\/Laval-300x150.jpg 300w, https:\/\/www.auzeau.fr\/39-45\/wp-content\/uploads\/Cimetieres\/31%20--%2060\/53-Mayenne\/Laval\/Laval-768x384.jpg 768w\" sizes=\"(max-width: 900px) 100vw, 900px\" \/><\/p>\n<table style=\"width: 100%;\" border=\"0\">\n<tbody>\n<tr>\n<td style=\"width: 5%;\">\u00a0<a id=\"AG547\"><\/a><\/td>\n<td style=\"width: 5%;\"><\/td>\n<td style=\"width: 5%;\"><\/td>\n<td style=\"width: 5%;\"><\/td>\n<td style=\"width: 5%;\"><\/td>\n<td style=\"width: 5%;\"><\/td>\n<td style=\"width: 5%;\"><\/td>\n<td style=\"width: 5%;\"><\/td>\n<td style=\"width: 5%;\"><\/td>\n<td style=\"width: 5%;\"><\/td>\n<td style=\"width: 5%;\"><\/td>\n<td style=\"width: 5%;\"><\/td>\n<td style=\"width: 5%;\"><\/td>\n<td style=\"width: 5%;\"><\/td>\n<td style=\"width: 5%;\"><\/td>\n<td style=\"width: 5%;\"><\/td>\n<td style=\"width: 5%;\"><\/td>\n<td style=\"width: 5%;\"><\/td>\n<td style=\"width: 5%;\"><\/td>\n<td style=\"width: 5%;\"><\/td>\n<\/tr>\n<tr>\n<td colspan=\"15\"><span style=\"font-size: xx-large;\"><strong><span style=\"color: #000000;\">P51 Mustang AG547<\/span><br \/>\n<\/strong><\/span><\/td>\n<td style=\"text-align: center;\" colspan=\"5\"><span style=\"font-size: xx-large;\"><strong>231 Sqn<\/strong><\/span><\/td>\n<\/tr>\n<tr style=\"height: 40px;\">\n<td style=\"text-align: right;\" colspan=\"2\"><strong>Date :<br \/>\n<\/strong><\/td>\n<td colspan=\"5\"><em>\u00a011 novembre 1943<br \/>\n<\/em><\/td>\n<td style=\"text-align: right;\" colspan=\"3\"><strong>Mission :<br \/>\n<\/strong><\/td>\n<td colspan=\"10\"><em>\u00a0Rhubarb<\/em><\/td>\n<\/tr>\n<tr style=\"height: 40px;\">\n<td><\/td>\n<td><\/td>\n<td style=\"text-align: right;\" colspan=\"5\"><strong>D\u00e9collage :<br \/>\n<\/strong><\/td>\n<td colspan=\"10\"><em>\u00a0<\/em><\/td>\n<td><\/td>\n<td><\/td>\n<td><\/td>\n<\/tr>\n<tr style=\"height: 40px;\">\n<td><\/td>\n<td><\/td>\n<td style=\"text-align: right;\" colspan=\"5\"><strong>Causes de la perte :<br \/>\n<\/strong><\/td>\n<td colspan=\"10\"><em>\u00a0<\/em><\/td>\n<td><\/td>\n<td><\/td>\n<td><\/td>\n<\/tr>\n<tr style=\"height: 40px;\">\n<td><\/td>\n<td><\/td>\n<td style=\"text-align: right;\" colspan=\"5\"><strong>Lieu de la perte :<br \/>\n<\/strong><\/td>\n<td colspan=\"10\"><em>\u00a0&#8220;La Motte&#8221; \u00e0 Madr\u00e9 (53)<br \/>\n<\/em><\/td>\n<td><\/td>\n<td><\/td>\n<td><\/td>\n<\/tr>\n<tr style=\"height: 60px;\">\n<td><img decoding=\"async\" class=\"size-full wp-image-47228 alignleft\" title=\"Australie\" src=\"https:\/\/www.auzeau.fr\/39-45\/wp-content\/uploads\/images\/Drapeaux\/Australie.png\" alt=\"Australie\" width=\"40\" height=\"20\" \/><\/td>\n<td><span class='tooltipsall tooltipsincontent classtoolTips19'>Fg Off<\/span><\/td>\n<td colspan=\"5\">Kenneth John<\/td>\n<td colspan=\"4\"><span style=\"color: #000000;\"><strong>TRASK<\/strong><\/span><\/td>\n<td style=\"text-align: center;\"><span class='tooltipsall tooltipsincontent classtoolTips77'>RAAF<\/span><\/td>\n<td style=\"text-align: center;\" colspan=\"2\">409357<\/td>\n<td><span style=\"color: #000000;\"><strong><span class='tooltipsall tooltipsincontent classtoolTips110'>KIA<\/span><\/strong><\/span><\/td>\n<td><\/td>\n<td><\/td>\n<td><\/td>\n<td><\/td>\n<td><\/td>\n<\/tr>\n<tr>\n<td colspan=\"20\" height=\"20\"><\/td>\n<\/tr>\n<tr>\n<td colspan=\"20\"><div id='gallery-1' class='gallery galleryid-6304 gallery-columns-2 gallery-size-thumbnail'><figure class='gallery-item'>\n\t\t\t<div class='gallery-icon portrait'>\n\t\t\t\t<a title=\"Trask_1\"  title=\"Trask_1\"  href='https:\/\/www.auzeau.fr\/39-45\/wp-content\/uploads\/Cimetieres\/31%20--%2060\/53-Mayenne\/Laval\/AG547\/Trask_1.jpg'><img decoding=\"async\" width=\"150\" height=\"150\" src=\"https:\/\/www.auzeau.fr\/39-45\/wp-content\/uploads\/Cimetieres\/31 -- 60\/53-Mayenne\/Laval\/AG547\/Trask_1-150x150.jpg\" class=\"attachment-thumbnail size-thumbnail\" alt=\"\" srcset=\"https:\/\/www.auzeau.fr\/39-45\/wp-content\/uploads\/Cimetieres\/31%20--%2060\/53-Mayenne\/Laval\/AG547\/Trask_1-150x150.jpg 150w, https:\/\/www.auzeau.fr\/39-45\/wp-content\/uploads\/Cimetieres\/31%20--%2060\/53-Mayenne\/Laval\/AG547\/Trask_1-50x50.jpg 50w\" sizes=\"(max-width: 150px) 100vw, 150px\" \/><\/a>\n\t\t\t<\/div><\/figure><figure class='gallery-item'>\n\t\t\t<div class='gallery-icon portrait'>\n\t\t\t\t<a title=\"Trask_2\"  title=\"Trask_2\"  href='https:\/\/www.auzeau.fr\/39-45\/wp-content\/uploads\/Cimetieres\/31%20--%2060\/53-Mayenne\/Laval\/AG547\/Trask_2.jpg'><img loading=\"lazy\" decoding=\"async\" width=\"150\" height=\"150\" src=\"https:\/\/www.auzeau.fr\/39-45\/wp-content\/uploads\/Cimetieres\/31 -- 60\/53-Mayenne\/Laval\/AG547\/Trask_2-150x150.jpg\" class=\"attachment-thumbnail size-thumbnail\" alt=\"\" srcset=\"https:\/\/www.auzeau.fr\/39-45\/wp-content\/uploads\/Cimetieres\/31%20--%2060\/53-Mayenne\/Laval\/AG547\/Trask_2-150x150.jpg 150w, https:\/\/www.auzeau.fr\/39-45\/wp-content\/uploads\/Cimetieres\/31%20--%2060\/53-Mayenne\/Laval\/AG547\/Trask_2-50x50.jpg 50w\" sizes=\"(max-width: 150px) 100vw, 150px\" \/><\/a>\n\t\t\t<\/div><\/figure>\n\t\t<\/div>\n<\/td>\n<\/tr>\n<\/tbody>\n<\/table>\n<table style=\"background-color: #dcdcdc;\">\n<tbody>\n<tr>\n<td style=\"text-align: center;\"><ul id=\"menu-53-laval\" class=\"menu\"><li id=\"menu-item-55617\" class=\"menu-item menu-item-type-post_type menu-item-object-page menu-item-55617\"><a href=\"https:\/\/www.auzeau.fr\/39-45\/france\/53-mayenne\/53-laval\/\">P51 Mustang AG547<\/a><\/li>\n<li id=\"menu-item-55615\" class=\"menu-item menu-item-type-post_type menu-item-object-page menu-item-55615\"><a href=\"https:\/\/www.auzeau.fr\/39-45\/france\/53-mayenne\/53-laval-2\/\">Halifax MZ532<\/a><\/li>\n<li id=\"menu-item-55616\" class=\"menu-item menu-item-type-post_type menu-item-object-page menu-item-55616\"><a href=\"https:\/\/www.auzeau.fr\/39-45\/france\/53-mayenne\/53-laval-3\/\">Halifax MZ684<\/a><\/li>\n<\/ul><\/td>\n<\/tr>\n<\/tbody>\n<\/table>\n<hr \/>\n<p style=\"text-align: center;\"><ul id=\"menu-53-mayenne\" class=\"menu\"><li id=\"menu-item-99592\" class=\"menu-item menu-item-type-post_type menu-item-object-page menu-item-99592\"><a href=\"https:\/\/www.auzeau.fr\/39-45\/france\/53-mayenne\/53-la-pellerine\/\">53 \u2013 La Pellerine<\/a><\/li>\n<li id=\"menu-item-55597\" class=\"menu-item menu-item-type-post_type menu-item-object-page menu-item-55597\"><a href=\"https:\/\/www.auzeau.fr\/39-45\/france\/53-mayenne\/53-laval\/\">53 \u2013 Laval<\/a><\/li>\n<li id=\"menu-item-55598\" class=\"menu-item menu-item-type-post_type menu-item-object-page menu-item-55598\"><a href=\"https:\/\/www.auzeau.fr\/39-45\/france\/53-mayenne\/53-lignieres-orgeres\/\">53 \u2013 Ligni\u00e8res-Org\u00e8res<\/a><\/li>\n<li id=\"menu-item-55599\" class=\"menu-item menu-item-type-post_type menu-item-object-page menu-item-55599\"><a href=\"https:\/\/www.auzeau.fr\/39-45\/france\/53-mayenne\/53-saint-gemmes-le-robert\/\">53 \u2013 Saint-Gemmes-le-Robert<\/a><\/li>\n<\/ul>\n<script type=\"text\/javascript\"> toolTips('.classtoolTips14','Op\u00e9rations effectu\u00e9es par des chasseurs (ou chasseurs bombardiers) \u00e0 la recherche de cibles d\u2019opportunit\u00e9 en profitant des nuages bas ou de la mauvaise visibilit\u00e9<br\/><br\/>Operations of fighters or fighter-bombers, taking full advantage of low cloud and poor visibility to search for opportunity targets'); <\/script><script type=\"text\/javascript\"> toolTips('.classtoolTips19','Flying Officer'); <\/script><script type=\"text\/javascript\"> toolTips('.classtoolTips77','Royal Australian Air Force'); <\/script><script type=\"text\/javascript\"> toolTips('.classtoolTips98','Colonel'); <\/script><script type=\"text\/javascript\"> toolTips('.classtoolTips110','Tu\u00e9 au combat<br\/><br\/>Killed In Action'); <\/script><script type=\"text\/javascript\"> toolTips('.classtoolTips136','Arm\u00e9e de l\u2019Air Fran\u00e7aise'); <\/script><script type=\"text\/javascript\"> toolTips('.classtoolTips144','Royal Corps of Signals'); <\/script><script type=\"text\/javascript\"> toolTips('.classtoolTips153','Porucznik'); <\/script><script type=\"text\/javascript\"> toolTips('.classtoolTips185','Mitrailleur<br\/><br\/>Air Gunner'); <\/script><script type=\"text\/javascript\"> toolTips('.classtoolTips188','Bombardier<br\/><br\/>Air bomber'); <\/script><script type=\"text\/javascript\"> toolTips('.classtoolTips189','M\u00e9canicien volant<br\/><br\/>Flying Enginer'); <\/script><script type=\"text\/javascript\"> toolTips('.classtoolTips197','Aircraftman'); <\/script><script type=\"text\/javascript\"> toolTips('.classtoolTips199','Radio Officer'); <\/script><script type=\"text\/javascript\"> toolTips('.classtoolTips201','Lieutenant'); <\/script>","protected":false},"excerpt":{"rendered":"<p>\u00a0 P51 Mustang AG547 231 Sqn Date : \u00a011 novembre 1943 Mission : \u00a0Rhubarb D\u00e9collage : \u00a0 Causes de la perte : \u00a0 Lieu de la perte : \u00a0&#8220;La Motte&#8221; \u00e0 Madr\u00e9 (53) Fg Off Kenneth John TRASK RAAF 409357 KIA<\/p>\n","protected":false},"author":1,"featured_media":0,"parent":87,"menu_order":0,"comment_status":"closed","ping_status":"closed","template":"template-full-width P-51.php","meta":{"_lmt_disableupdate":"yes","_lmt_disable":"","footnotes":""},"categories":[581],"tags":[1559],"wf_page_folders":[3126],"class_list":["post-6304","page","type-page","status-publish","hentry","category-p51-mustang","tag-231-squadron"],"_links":{"self":[{"href":"https:\/\/www.auzeau.fr\/39-45\/wp-json\/wp\/v2\/pages\/6304","targetHints":{"allow":["GET"]}}],"collection":[{"href":"https:\/\/www.auzeau.fr\/39-45\/wp-json\/wp\/v2\/pages"}],"about":[{"href":"https:\/\/www.auzeau.fr\/39-45\/wp-json\/wp\/v2\/types\/page"}],"author":[{"embeddable":true,"href":"https:\/\/www.auzeau.fr\/39-45\/wp-json\/wp\/v2\/users\/1"}],"replies":[{"embeddable":true,"href":"https:\/\/www.auzeau.fr\/39-45\/wp-json\/wp\/v2\/comments?post=6304"}],"version-history":[{"count":0,"href":"https:\/\/www.auzeau.fr\/39-45\/wp-json\/wp\/v2\/pages\/6304\/revisions"}],"up":[{"embeddable":true,"href":"https:\/\/www.auzeau.fr\/39-45\/wp-json\/wp\/v2\/pages\/87"}],"wp:attachment":[{"href":"https:\/\/www.auzeau.fr\/39-45\/wp-json\/wp\/v2\/media?parent=6304"}],"wp:term":[{"taxonomy":"category","embeddable":true,"href":"https:\/\/www.auzeau.fr\/39-45\/wp-json\/wp\/v2\/categories?post=6304"},{"taxonomy":"post_tag","embeddable":true,"href":"https:\/\/www.auzeau.fr\/39-45\/wp-json\/wp\/v2\/tags?post=6304"},{"taxonomy":"wf_page_folders","embeddable":true,"href":"https:\/\/www.auzeau.fr\/39-45\/wp-json\/wp\/v2\/wf_page_folders?post=6304"}],"curies":[{"name":"wp","href":"https:\/\/api.w.org\/{rel}","templated":true}]}}