{"id":61518,"date":"2018-05-12T07:31:36","date_gmt":"2018-05-12T05:31:36","guid":{"rendered":"http:\/\/39-45.auzeau.fr\/39-45\/france\/80-somme\/80-cayeux-sur-mer-2\/"},"modified":"2018-05-14T17:45:55","modified_gmt":"2018-05-14T15:45:55","slug":"80-cayeux-sur-mer-2","status":"publish","type":"page","link":"https:\/\/www.auzeau.fr\/39-45\/france\/80-somme\/80-cayeux-sur-mer-2\/","title":{"rendered":"80 &#8211; Cayeux-sur-Mer"},"content":{"rendered":"<p><img fetchpriority=\"high\" decoding=\"async\" class=\"aligncenter size-full wp-image-61505\" title=\"Cayeux_sur_Mer\" src=\"https:\/\/www.auzeau.fr\/39-45\/wp-content\/uploads\/Cimetieres\/60 --\/80-Somme\/Cayeux\/Cayeux_sur_Mer.jpg\" alt=\"\" width=\"900\" height=\"450\" srcset=\"https:\/\/www.auzeau.fr\/39-45\/wp-content\/uploads\/Cimetieres\/60%20--\/80-Somme\/Cayeux\/Cayeux_sur_Mer.jpg 900w, https:\/\/www.auzeau.fr\/39-45\/wp-content\/uploads\/Cimetieres\/60%20--\/80-Somme\/Cayeux\/Cayeux_sur_Mer-300x150.jpg 300w, https:\/\/www.auzeau.fr\/39-45\/wp-content\/uploads\/Cimetieres\/60%20--\/80-Somme\/Cayeux\/Cayeux_sur_Mer-768x384.jpg 768w\" sizes=\"(max-width: 900px) 100vw, 900px\" \/><\/p>\n<table style=\"width: 100%;\" border=\"0\">\n<tbody>\n<tr>\n<td style=\"width: 5%;\"><\/td>\n<td style=\"width: 5%;\"><\/td>\n<td style=\"width: 5%;\"><\/td>\n<td style=\"width: 5%;\"><\/td>\n<td style=\"width: 5%;\"><\/td>\n<td style=\"width: 5%;\"><\/td>\n<td style=\"width: 5%;\"><\/td>\n<td style=\"width: 5%;\"><\/td>\n<td style=\"width: 5%;\"><\/td>\n<td style=\"width: 5%;\"><\/td>\n<td style=\"width: 5%;\"><\/td>\n<td style=\"width: 5%;\"><\/td>\n<td style=\"width: 5%;\"><\/td>\n<td style=\"width: 5%;\"><\/td>\n<td style=\"width: 5%;\"><\/td>\n<td style=\"width: 5%;\"><\/td>\n<td style=\"width: 5%;\"><\/td>\n<td style=\"width: 5%;\"><\/td>\n<td style=\"width: 5%;\"><\/td>\n<td style=\"width: 5%;\"><\/td>\n<\/tr>\n<tr>\n<td colspan=\"15\"><span style=\"color: #000000;\"><strong><span style=\"font-size: xx-large;\">Hurricane N2650 AK-O<\/span><\/strong><\/span><\/td>\n<td style=\"text-align: center;\" colspan=\"5\"><strong><span style=\"font-size: xx-large;\">213 Sqn<\/span><\/strong><\/td>\n<\/tr>\n<tr style=\"height: 40px;\">\n<td style=\"text-align: right;\" colspan=\"2\"><span style=\"font-size: 14px;\"><strong>Date : <\/strong><\/span><\/td>\n<td colspan=\"5\"><span style=\"font-size: 14px;\"><em>11 ao\u00fbt 1940<\/em><\/span><\/td>\n<td style=\"text-align: right;\" colspan=\"3\"><span style=\"font-size: 14px;\"><strong>Mission : <\/strong><\/span><\/td>\n<td colspan=\"10\"><span style=\"font-size: 14px;\"><em>Patrouille<\/em><\/span><\/td>\n<\/tr>\n<tr style=\"height: 40px;\">\n<td><\/td>\n<td><\/td>\n<td style=\"text-align: right;\" colspan=\"5\"><span style=\"font-size: 14px;\"><strong>D\u00e9collage :<br \/>\n<\/strong><\/span><\/td>\n<td colspan=\"10\"><span style=\"font-size: 14px;\"><em>Exeter vers 10:08<\/em><\/span><\/td>\n<td><\/td>\n<td><\/td>\n<td><\/td>\n<\/tr>\n<tr style=\"height: 40px;\">\n<td><\/td>\n<td><\/td>\n<td style=\"text-align: right;\" colspan=\"5\"><span style=\"font-size: 14px;\"><strong>Causes de la perte :<br \/>\n<\/strong><\/span><\/td>\n<td colspan=\"13\"><span style=\"font-size: 14px;\"><em>Abattu en combat a\u00e9rien au large de Portland<\/em><\/span><\/td>\n<\/tr>\n<tr style=\"height: 40px;\">\n<td><\/td>\n<td><\/td>\n<td style=\"text-align: right;\" colspan=\"5\"><span style=\"font-size: 14px;\"><strong>Lieu de la perte :<br \/>\n<\/strong><\/span><\/td>\n<td colspan=\"10\"><span style=\"font-size: 14px;\"><em>En mer<\/em><\/span><\/td>\n<td><\/td>\n<td><\/td>\n<td><\/td>\n<\/tr>\n<tr style=\"height: 60px;\">\n<td><span style=\"font-size: 14px;\"><img decoding=\"async\" class=\"size-full wp-image-47215 alignleft\" title=\"Royaume Uni\" src=\"https:\/\/www.auzeau.fr\/39-45\/wp-content\/uploads\/images\/Drapeaux\/Angleterre.png\" alt=\"Royaume-Uni\" width=\"40\" height=\"20\" \/><\/span><\/td>\n<td><span style=\"font-size: 14px;\"><span class='tooltipsall tooltipsincontent classtoolTips33'>Flt <span class='tooltipsall tooltipsincontent classtoolTips201'>Lt<\/span><\/span><\/span><\/td>\n<td colspan=\"5\"><span style=\"font-size: 14px;\">Ronald Derek Gordon<\/span><\/td>\n<td colspan=\"4\"><span style=\"font-size: 14px; color: #000000;\"><strong>WIGHT<\/strong><\/span><\/td>\n<td style=\"text-align: center;\"><span style=\"font-size: 14px;\"><span class='tooltipsall tooltipsincontent classtoolTips146'>RAF<\/span><\/span><\/td>\n<td style=\"text-align: center;\" colspan=\"2\"><span style=\"font-size: 14px;\">34187<\/span><\/td>\n<td><span style=\"font-size: 14px; color: #000000;\"><strong><span class='tooltipsall tooltipsincontent classtoolTips110'>KIA<\/span><\/strong><\/span><\/td>\n<td colspan=\"5\"><span style=\"font-size: 14px;\"><img decoding=\"async\" class=\"size-full wp-image-47245 alignleft\" title=\"Distinguished-Flying-Cross\" src=\"https:\/\/www.auzeau.fr\/39-45\/wp-content\/uploads\/images\/Medaille\/Distinguished-Flying-Cross.png\" alt=\"Distinguished-Flying-Cross\" width=\"73\" height=\"20\" \/><\/span><\/td>\n<\/tr>\n<tr>\n<td colspan=\"20\" height=\"20\"><\/td>\n<\/tr>\n<tr>\n<td colspan=\"20\"><div id='gallery-1' class='gallery galleryid-61518 gallery-columns-1 gallery-size-thumbnail'><figure class='gallery-item'>\n\t\t\t<div class='gallery-icon portrait'>\n\t\t\t\t<a title=\"Wight\"  title=\"Wight\"  href='https:\/\/www.auzeau.fr\/39-45\/wp-content\/uploads\/Cimetieres\/60%20--\/80-Somme\/Cayeux\/N2650\/Wight.jpg'><img loading=\"lazy\" decoding=\"async\" width=\"150\" height=\"150\" src=\"https:\/\/www.auzeau.fr\/39-45\/wp-content\/uploads\/Cimetieres\/60 --\/80-Somme\/Cayeux\/N2650\/Wight-150x150.jpg\" class=\"attachment-thumbnail size-thumbnail\" alt=\"\" srcset=\"https:\/\/www.auzeau.fr\/39-45\/wp-content\/uploads\/Cimetieres\/60%20--\/80-Somme\/Cayeux\/N2650\/Wight-150x150.jpg 150w, https:\/\/www.auzeau.fr\/39-45\/wp-content\/uploads\/Cimetieres\/60%20--\/80-Somme\/Cayeux\/N2650\/Wight-50x50.jpg 50w\" sizes=\"(max-width: 150px) 100vw, 150px\" \/><\/a>\n\t\t\t<\/div><\/figure>\n\t\t<\/div>\n<\/td>\n<\/tr>\n<tr>\n<td style=\"text-align: justify;\" colspan=\"20\"><span style=\"font-size: 10pt;\"><em>DISTINGUISHED FLYING CROSS<\/em><\/span><br \/>\n<span style=\"font-size: 10pt;\"> <em>Flight Lieutenant Ronald Derek Gordon WIGHT (34187).<\/em><\/span><br \/>\n<span style=\"font-size: 10pt;\"> <em>This flight commander has destroyed ten enemy aircraft four of these being shot down whilst he was serving in France. During the numerous patrols on which he has been engaged he has displayed dash and outstanding qualities as a leader.<\/em><\/span><br \/>\n<span style=\"font-size: 10pt;\"> <em><strong>THE LONDON GAZETTE FRIDAY, 21 JUNE, 1940.<\/strong><\/em><\/span><\/td>\n<\/tr>\n<\/tbody>\n<\/table>\n<table>\n<tbody>\n<tr style=\"height: 60px;\">\n<td style=\"background-color: #dcdcdc; text-align: center; vertical-align: middle;\">\n<p style=\"text-align: center;\"><ul id=\"menu-80-cayeux\" class=\"menu\"><li id=\"menu-item-61514\" class=\"menu-item menu-item-type-post_type menu-item-object-page menu-item-61514\"><a href=\"https:\/\/www.auzeau.fr\/39-45\/france\/80-somme\/80-cayeux-sur-mer\/\">Blenheim R3694<\/a><\/li>\n<li id=\"menu-item-61535\" class=\"menu-item menu-item-type-post_type menu-item-object-page menu-item-61535\"><a href=\"https:\/\/www.auzeau.fr\/39-45\/france\/80-somme\/80-cayeux-sur-mer-2\/\">Hurricane N2650<\/a><\/li>\n<li id=\"menu-item-61534\" class=\"menu-item menu-item-type-post_type menu-item-object-page menu-item-61534\"><a href=\"https:\/\/www.auzeau.fr\/39-45\/france\/80-somme\/80-cayeux-sur-mer-3\/\">Hurricane P3222<\/a><\/li>\n<li id=\"menu-item-61533\" class=\"menu-item menu-item-type-post_type menu-item-object-page menu-item-61533\"><a href=\"https:\/\/www.auzeau.fr\/39-45\/france\/80-somme\/80-cayeux-sur-mer-4\/\">Hurricane R4092<\/a><\/li>\n<li id=\"menu-item-61532\" class=\"menu-item menu-item-type-post_type menu-item-object-page menu-item-61532\"><a href=\"https:\/\/www.auzeau.fr\/39-45\/france\/80-somme\/80-cayeux-sur-mer-5\/\">Halifax LK976<\/a><\/li>\n<li id=\"menu-item-61531\" class=\"menu-item menu-item-type-post_type menu-item-object-page menu-item-61531\"><a href=\"https:\/\/www.auzeau.fr\/39-45\/france\/80-somme\/80-cayeux-sur-mer-6\/\">Halifax LW476<\/a><\/li>\n<li id=\"menu-item-61530\" class=\"menu-item menu-item-type-post_type menu-item-object-page menu-item-61530\"><a href=\"https:\/\/www.auzeau.fr\/39-45\/france\/80-somme\/80-cayeux-sur-mer-7\/\">Halifax MZ363<\/a><\/li>\n<\/ul>\n<\/td>\n<\/tr>\n<\/tbody>\n<\/table>\n<hr \/>\n<p style=\"text-align: center;\"><ul id=\"menu-80-somme\" class=\"menu\"><li id=\"menu-item-60710\" class=\"menu-item menu-item-type-post_type menu-item-object-page menu-item-60710\"><a href=\"https:\/\/www.auzeau.fr\/39-45\/france\/80-somme\/80-abbeville\/\">80 \u2013 Abbeville<\/a><\/li>\n<li id=\"menu-item-60711\" class=\"menu-item menu-item-type-post_type menu-item-object-page menu-item-60711\"><a href=\"https:\/\/www.auzeau.fr\/39-45\/france\/80-somme\/80-amiens\/\">80 \u2013 Amiens<\/a><\/li>\n<li id=\"menu-item-60712\" class=\"menu-item menu-item-type-post_type menu-item-object-page menu-item-60712\"><a href=\"https:\/\/www.auzeau.fr\/39-45\/france\/80-somme\/80-authie\/\">80 \u2013 Authie<\/a><\/li>\n<li id=\"menu-item-60713\" class=\"menu-item menu-item-type-post_type menu-item-object-page menu-item-60713\"><a href=\"https:\/\/www.auzeau.fr\/39-45\/france\/80-somme\/80-beauval\/\">80 \u2013 Beauval<\/a><\/li>\n<li id=\"menu-item-60714\" class=\"menu-item menu-item-type-post_type menu-item-object-page menu-item-60714\"><a href=\"https:\/\/www.auzeau.fr\/39-45\/france\/80-somme\/80-beuvraignes-necropole-nationale\/\">80 \u2013 Beuvraignes N\u00e9cropole Nationale<\/a><\/li>\n<li id=\"menu-item-60715\" class=\"menu-item menu-item-type-post_type menu-item-object-page menu-item-60715\"><a href=\"https:\/\/www.auzeau.fr\/39-45\/france\/80-somme\/80-brassy\/\">80 \u2013 Brassy<\/a><\/li>\n<li id=\"menu-item-60716\" class=\"menu-item menu-item-type-post_type menu-item-object-page menu-item-60716\"><a href=\"https:\/\/www.auzeau.fr\/39-45\/france\/80-somme\/80-bussus-bussuel\/\">80 \u2013 Bussus-Bussuel<\/a><\/li>\n<li id=\"menu-item-60717\" class=\"menu-item menu-item-type-post_type menu-item-object-page menu-item-60717\"><a href=\"https:\/\/www.auzeau.fr\/39-45\/france\/80-somme\/80-camon\/\">80 \u2013 Camon<\/a><\/li>\n<li id=\"menu-item-60718\" class=\"menu-item menu-item-type-post_type menu-item-object-page menu-item-60718\"><a href=\"https:\/\/www.auzeau.fr\/39-45\/france\/80-somme\/80-cavillon\/\">80 \u2013 Cavillon<\/a><\/li>\n<li id=\"menu-item-60719\" class=\"menu-item menu-item-type-post_type menu-item-object-page menu-item-60719\"><a href=\"https:\/\/www.auzeau.fr\/39-45\/france\/80-somme\/80-cayeux-sur-mer\/\">80 \u2013 Cayeux-sur-Mer<\/a><\/li>\n<li id=\"menu-item-60720\" class=\"menu-item menu-item-type-post_type menu-item-object-page menu-item-60720\"><a href=\"https:\/\/www.auzeau.fr\/39-45\/france\/80-somme\/80-conde-folie-necropole-nationale\/\">80 \u2013 Cond\u00e9-Folie N\u00e9cropole Nationale<\/a><\/li>\n<li id=\"menu-item-60721\" class=\"menu-item menu-item-type-post_type menu-item-object-page menu-item-60721\"><a href=\"https:\/\/www.auzeau.fr\/39-45\/france\/80-somme\/80-coulonvillers\/\">80 \u2013 Coulonvillers<\/a><\/li>\n<li id=\"menu-item-60722\" class=\"menu-item menu-item-type-post_type menu-item-object-page menu-item-60722\"><a href=\"https:\/\/www.auzeau.fr\/39-45\/france\/80-somme\/80-croix-moligneaux\/\">80 \u2013 Croix-Moligneaux<\/a><\/li>\n<li id=\"menu-item-60723\" class=\"menu-item menu-item-type-post_type menu-item-object-page menu-item-60723\"><a href=\"https:\/\/www.auzeau.fr\/39-45\/france\/80-somme\/80-davenescourt\/\">80 \u2013 Davenescourt<\/a><\/li>\n<li id=\"menu-item-60724\" class=\"menu-item menu-item-type-post_type menu-item-object-page menu-item-60724\"><a href=\"https:\/\/www.auzeau.fr\/39-45\/france\/80-somme\/80-doingt\/\">80 \u2013 Doingt<\/a><\/li>\n<li id=\"menu-item-109859\" class=\"menu-item menu-item-type-post_type menu-item-object-page menu-item-109859\"><a href=\"https:\/\/www.auzeau.fr\/39-45\/france\/80-somme\/80-doullens\/\">80 \u2013 Doullens<\/a><\/li>\n<li id=\"menu-item-60725\" class=\"menu-item menu-item-type-post_type menu-item-object-page menu-item-60725\"><a href=\"https:\/\/www.auzeau.fr\/39-45\/france\/80-somme\/80-eplessier\/\">80 \u2013 \u00c9plessier<\/a><\/li>\n<li id=\"menu-item-60726\" class=\"menu-item menu-item-type-post_type menu-item-object-page menu-item-60726\"><a href=\"https:\/\/www.auzeau.fr\/39-45\/france\/80-somme\/80-equennes\/\">80 \u2013 \u00c9quennes<\/a><\/li>\n<li id=\"menu-item-60727\" class=\"menu-item menu-item-type-post_type menu-item-object-page menu-item-60727\"><a href=\"https:\/\/www.auzeau.fr\/39-45\/france\/80-somme\/80-ercourt\/\">80 \u2013 Ercourt<\/a><\/li>\n<li id=\"menu-item-60728\" class=\"menu-item menu-item-type-post_type menu-item-object-page menu-item-60728\"><a href=\"https:\/\/www.auzeau.fr\/39-45\/france\/80-somme\/80-fort-mahon\/\">80 \u2013 Fort-Mahon<\/a><\/li>\n<li id=\"menu-item-60729\" class=\"menu-item menu-item-type-post_type menu-item-object-page menu-item-60729\"><a href=\"https:\/\/www.auzeau.fr\/39-45\/france\/80-somme\/80-fransu\/\">80 \u2013 Fransu<\/a><\/li>\n<li id=\"menu-item-60730\" class=\"menu-item menu-item-type-post_type menu-item-object-page menu-item-60730\"><a href=\"https:\/\/www.auzeau.fr\/39-45\/france\/80-somme\/80-fricourt\/\">80 \u2013 Fricourt<\/a><\/li>\n<li id=\"menu-item-60731\" class=\"menu-item menu-item-type-post_type menu-item-object-page menu-item-60731\"><a href=\"https:\/\/www.auzeau.fr\/39-45\/france\/80-somme\/80-gamaches\/\">80 \u2013 Gamaches<\/a><\/li>\n<li id=\"menu-item-60732\" class=\"menu-item menu-item-type-post_type menu-item-object-page menu-item-60732\"><a href=\"https:\/\/www.auzeau.fr\/39-45\/france\/80-somme\/80-guemicourt\/\">80 \u2013 Gu\u00e9micourt<\/a><\/li>\n<li id=\"menu-item-60733\" class=\"menu-item menu-item-type-post_type menu-item-object-page menu-item-60733\"><a href=\"https:\/\/www.auzeau.fr\/39-45\/france\/80-somme\/80-la-boissiere-saint-martin\/\">80 \u2013 La Boissi\u00e8re-Saint-Martin<\/a><\/li>\n<li id=\"menu-item-60734\" class=\"menu-item menu-item-type-post_type menu-item-object-page menu-item-60734\"><a href=\"https:\/\/www.auzeau.fr\/39-45\/france\/80-somme\/80-lamotte-buleux\/\">80 \u2013 Lamotte-Buleux<\/a><\/li>\n<li id=\"menu-item-60735\" class=\"menu-item menu-item-type-post_type menu-item-object-page menu-item-60735\"><a href=\"https:\/\/www.auzeau.fr\/39-45\/france\/80-somme\/80-laucourt\/\">80 \u2013 Laucourt<\/a><\/li>\n<li id=\"menu-item-109858\" class=\"menu-item menu-item-type-post_type menu-item-object-page menu-item-109858\"><a href=\"https:\/\/www.auzeau.fr\/39-45\/france\/80-somme\/80-le-crotoy\/\">80 \u2013 Le Crotoy<\/a><\/li>\n<li id=\"menu-item-60736\" class=\"menu-item menu-item-type-post_type menu-item-object-page menu-item-60736\"><a href=\"https:\/\/www.auzeau.fr\/39-45\/france\/80-somme\/80-le-plessier-rozainvillers\/\">80 \u2013 Le Plessier-Rozainvillers<\/a><\/li>\n<li id=\"menu-item-60737\" class=\"menu-item menu-item-type-post_type menu-item-object-page menu-item-60737\"><a href=\"https:\/\/www.auzeau.fr\/39-45\/france\/80-somme\/80-le-quesnel\/\">80 \u2013 Le Quesnel<\/a><\/li>\n<li id=\"menu-item-60738\" class=\"menu-item menu-item-type-post_type menu-item-object-page menu-item-60738\"><a href=\"https:\/\/www.auzeau.fr\/39-45\/france\/80-somme\/80-longueau-british-cemetery\/\">80 \u2013 Longueau British Cemetery<\/a><\/li>\n<li id=\"menu-item-60739\" class=\"menu-item menu-item-type-post_type menu-item-object-page menu-item-60739\"><a href=\"https:\/\/www.auzeau.fr\/39-45\/france\/80-somme\/80-longueval-london-cemetery-and-extention\/\">80 \u2013 Longueval London Cemetery and Extention<\/a><\/li>\n<li id=\"menu-item-60740\" class=\"menu-item menu-item-type-post_type menu-item-object-page menu-item-60740\"><a href=\"https:\/\/www.auzeau.fr\/39-45\/france\/80-somme\/80-mareuil-caubert\/\">80 \u2013 Mareuil-Caubert<\/a><\/li>\n<li id=\"menu-item-60741\" class=\"menu-item menu-item-type-post_type menu-item-object-page menu-item-60741\"><a href=\"https:\/\/www.auzeau.fr\/39-45\/france\/80-somme\/80-maucourt-necropole-nationale\/\">80 \u2013 Maucourt N\u00e9cropole Nationale<\/a><\/li>\n<li id=\"menu-item-60742\" class=\"menu-item menu-item-type-post_type menu-item-object-page menu-item-60742\"><a href=\"https:\/\/www.auzeau.fr\/39-45\/france\/80-somme\/80-meharicourt\/\">80 \u2013 M\u00e9haricourt<\/a><\/li>\n<li id=\"menu-item-60743\" class=\"menu-item menu-item-type-post_type menu-item-object-page menu-item-60743\"><a href=\"https:\/\/www.auzeau.fr\/39-45\/france\/80-somme\/80-mezerolles\/\">80 \u2013 M\u00e9zerolles<\/a><\/li>\n<li id=\"menu-item-60744\" class=\"menu-item menu-item-type-post_type menu-item-object-page menu-item-60744\"><a href=\"https:\/\/www.auzeau.fr\/39-45\/france\/80-somme\/80-miraumont\/\">80 \u2013 Miraumont<\/a><\/li>\n<li id=\"menu-item-60745\" class=\"menu-item menu-item-type-post_type menu-item-object-page menu-item-60745\"><a href=\"https:\/\/www.auzeau.fr\/39-45\/france\/80-somme\/80-montdidier-necropole-nationale\/\">80 \u2013 Montdidier N\u00e9cropole Nationale<\/a><\/li>\n<li id=\"menu-item-67202\" class=\"menu-item menu-item-type-post_type menu-item-object-page menu-item-67202\"><a href=\"https:\/\/www.auzeau.fr\/39-45\/france\/80-somme\/80-morvillers-saint-saturnin\/\">80 \u2013 Morvillers-Saint-Saturnin<\/a><\/li>\n<li id=\"menu-item-60746\" class=\"menu-item menu-item-type-post_type menu-item-object-page menu-item-60746\"><a href=\"https:\/\/www.auzeau.fr\/39-45\/france\/80-somme\/80-nesle-lhopital\/\">80 &#8211; Nesle-l&#8217;H\u00f4pital<\/a><\/li>\n<li id=\"menu-item-60747\" class=\"menu-item menu-item-type-post_type menu-item-object-page menu-item-60747\"><a href=\"https:\/\/www.auzeau.fr\/39-45\/france\/80-somme\/80-neufmoulin\/\">80 \u2013 Neufmoulin<\/a><\/li>\n<li id=\"menu-item-60748\" class=\"menu-item menu-item-type-post_type menu-item-object-page menu-item-60748\"><a href=\"https:\/\/www.auzeau.fr\/39-45\/france\/80-somme\/80-neuilly-lhopital\/\">80 &#8211; Neuilly-l&#8217;H\u00f4pital<\/a><\/li>\n<li id=\"menu-item-60749\" class=\"menu-item menu-item-type-post_type menu-item-object-page menu-item-60749\"><a href=\"https:\/\/www.auzeau.fr\/39-45\/france\/80-somme\/80-pende\/\">80 \u2013 Pend\u00e9<\/a><\/li>\n<li id=\"menu-item-60750\" class=\"menu-item menu-item-type-post_type menu-item-object-page menu-item-60750\"><a href=\"https:\/\/www.auzeau.fr\/39-45\/france\/80-somme\/80-peronne\/\">80 \u2013 P\u00e9ronne<\/a><\/li>\n<li id=\"menu-item-60751\" class=\"menu-item menu-item-type-post_type menu-item-object-page menu-item-60751\"><a href=\"https:\/\/www.auzeau.fr\/39-45\/france\/80-somme\/80-poix-de-picardie\/\">80 \u2013 Poix-de-Picardie<\/a><\/li>\n<li id=\"menu-item-60752\" class=\"menu-item menu-item-type-post_type menu-item-object-page menu-item-60752\"><a href=\"https:\/\/www.auzeau.fr\/39-45\/france\/80-somme\/80-quend\/\">80 \u2013 Quend<\/a><\/li>\n<li id=\"menu-item-60753\" class=\"menu-item menu-item-type-post_type menu-item-object-page menu-item-60753\"><a href=\"https:\/\/www.auzeau.fr\/39-45\/france\/80-somme\/80-querrieu-british-cemetery\/\">80 \u2013 Querrieu British Cemetery<\/a><\/li>\n<li id=\"menu-item-60754\" class=\"menu-item menu-item-type-post_type menu-item-object-page menu-item-60754\"><a href=\"https:\/\/www.auzeau.fr\/39-45\/france\/80-somme\/80-roye-new-british-cemetery\/\">80 \u2013 Roye New British Cemetery<\/a><\/li>\n<li id=\"menu-item-60755\" class=\"menu-item menu-item-type-post_type menu-item-object-page menu-item-60755\"><a href=\"https:\/\/www.auzeau.fr\/39-45\/france\/80-somme\/80-sailly-flibeaucourt\/\">80 \u2013 Sailly-Flibeaucourt<\/a><\/li>\n<li id=\"menu-item-60756\" class=\"menu-item menu-item-type-post_type menu-item-object-page menu-item-60756\"><a href=\"https:\/\/www.auzeau.fr\/39-45\/france\/80-somme\/80-saint-mard\/\">80 \u2013 Saint-Mard<\/a><\/li>\n<li id=\"menu-item-60757\" class=\"menu-item menu-item-type-post_type menu-item-object-page menu-item-60757\"><a href=\"https:\/\/www.auzeau.fr\/39-45\/france\/80-somme\/80-saint-riquier\/\">80 \u2013 Saint-Riquier<\/a><\/li>\n<li id=\"menu-item-60758\" class=\"menu-item menu-item-type-post_type menu-item-object-page menu-item-60758\"><a href=\"https:\/\/www.auzeau.fr\/39-45\/france\/80-somme\/80-saint-valery-sur-somme\/\">80 \u2013 Saint-Val\u00e9ry-sur-Somme<\/a><\/li>\n<li id=\"menu-item-60759\" class=\"menu-item menu-item-type-post_type menu-item-object-page menu-item-60759\"><a href=\"https:\/\/www.auzeau.fr\/39-45\/france\/80-somme\/80-sauvillers-mongival\/\">80 \u2013 Sauvillers-Mongival<\/a><\/li>\n<li id=\"menu-item-60760\" class=\"menu-item menu-item-type-post_type menu-item-object-page menu-item-60760\"><a href=\"https:\/\/www.auzeau.fr\/39-45\/france\/80-somme\/80-sentelie\/\">80 \u2013 Sentelie<\/a><\/li>\n<li id=\"menu-item-60761\" class=\"menu-item menu-item-type-post_type menu-item-object-page menu-item-60761\"><a href=\"https:\/\/www.auzeau.fr\/39-45\/france\/80-somme\/80-terramesnil\/\">80 \u2013 Terramesnil<\/a><\/li>\n<li id=\"menu-item-60762\" class=\"menu-item menu-item-type-post_type menu-item-object-page menu-item-60762\"><a href=\"https:\/\/www.auzeau.fr\/39-45\/france\/80-somme\/80-vergies\/\">80 \u2013 Vergies<\/a><\/li>\n<li id=\"menu-item-60763\" class=\"menu-item menu-item-type-post_type menu-item-object-page menu-item-60763\"><a href=\"https:\/\/www.auzeau.fr\/39-45\/france\/80-somme\/80-villers-bretonneux-australian-national-memorial\/\">80 \u2013 Villers-Bretonneux Australian National Memorial<\/a><\/li>\n<li id=\"menu-item-60764\" class=\"menu-item menu-item-type-post_type menu-item-object-page menu-item-60764\"><a href=\"https:\/\/www.auzeau.fr\/39-45\/france\/80-somme\/80-warloy-baillon\/\">80 \u2013 Warloy-Baillon<\/a><\/li>\n<li id=\"menu-item-60765\" class=\"menu-item menu-item-type-post_type menu-item-object-page menu-item-60765\"><a href=\"https:\/\/www.auzeau.fr\/39-45\/france\/80-somme\/80-yvrencheux\/\">80 \u2013 Yvrencheux<\/a><\/li>\n<\/ul>\n<script type=\"text\/javascript\"> toolTips('.classtoolTips33','Flight Lieutenant'); <\/script><script type=\"text\/javascript\"> toolTips('.classtoolTips63','Dispatcher'); <\/script><script type=\"text\/javascript\"> toolTips('.classtoolTips98','Colonel'); <\/script><script type=\"text\/javascript\"> toolTips('.classtoolTips110','Tu\u00e9 au combat<br\/><br\/>Killed In Action'); <\/script><script type=\"text\/javascript\"> toolTips('.classtoolTips118','Canonnier'); <\/script><script type=\"text\/javascript\"> toolTips('.classtoolTips134','\u00c9vad\u00e9<br\/><br\/>Evaded'); <\/script><script type=\"text\/javascript\"> toolTips('.classtoolTips144','Royal Corps of Signals'); <\/script><script type=\"text\/javascript\"> toolTips('.classtoolTips146','Royal Air Force'); <\/script><script type=\"text\/javascript\"> toolTips('.classtoolTips148','<strong>D\u00e9c\u00e9d\u00e9 de ses blessures<\/strong><br\/><br\/>concerne une personne qui a surv\u00e9cu pour atteindre un centre de traitement m\u00e9dical.<br\/><br\/><strong>Died of wounds<\/strong><br\/><br\/>concerns a person who survived to reach a medical treatment center.'); <\/script><script type=\"text\/javascript\"> toolTips('.classtoolTips153','Porucznik'); <\/script><script type=\"text\/javascript\"> toolTips('.classtoolTips158','Midshipman'); <\/script><script type=\"text\/javascript\"> toolTips('.classtoolTips162','Telegraphist'); <\/script><script type=\"text\/javascript\"> toolTips('.classtoolTips173','Leading Airman'); <\/script><script type=\"text\/javascript\"> toolTips('.classtoolTips185','Mitrailleur<br\/><br\/>Air Gunner'); <\/script><script type=\"text\/javascript\"> toolTips('.classtoolTips188','Bombardier<br\/><br\/>Air bomber'); <\/script><script type=\"text\/javascript\"> toolTips('.classtoolTips189','M\u00e9canicien volant<br\/><br\/>Flying Enginer'); <\/script><script type=\"text\/javascript\"> toolTips('.classtoolTips193','Royal Navy'); <\/script><script type=\"text\/javascript\"> toolTips('.classtoolTips195','Enseigne de Vaisseau'); <\/script><script type=\"text\/javascript\"> toolTips('.classtoolTips197','Aircraftman'); <\/script><script type=\"text\/javascript\"> toolTips('.classtoolTips199','Radio Officer'); <\/script><script type=\"text\/javascript\"> toolTips('.classtoolTips201','Lieutenant'); <\/script>","protected":false},"excerpt":{"rendered":"<p>Hurricane N2650 AK-O 213 Sqn Date : 11 ao\u00fbt 1940 Mission : Patrouille D\u00e9collage : Exeter vers 10:08 Causes de la perte : Abattu en combat a\u00e9rien au large de Portland Lieu de la perte : En mer Flt Lt Ronald Derek Gordon WIGHT RAF 34187 KIA DISTINGUISHED FLYING CROSS Flight Lieutenant Ronald Derek Gordon [&hellip;]<\/p>\n","protected":false},"author":1,"featured_media":0,"parent":109,"menu_order":0,"comment_status":"closed","ping_status":"closed","template":"template-full-width Hurricane.php","meta":{"_lmt_disableupdate":"yes","_lmt_disable":"","footnotes":""},"categories":[525],"tags":[741],"wf_page_folders":[3141],"class_list":["post-61518","page","type-page","status-publish","hentry","category-hurricane","tag-213-squadron"],"_links":{"self":[{"href":"https:\/\/www.auzeau.fr\/39-45\/wp-json\/wp\/v2\/pages\/61518","targetHints":{"allow":["GET"]}}],"collection":[{"href":"https:\/\/www.auzeau.fr\/39-45\/wp-json\/wp\/v2\/pages"}],"about":[{"href":"https:\/\/www.auzeau.fr\/39-45\/wp-json\/wp\/v2\/types\/page"}],"author":[{"embeddable":true,"href":"https:\/\/www.auzeau.fr\/39-45\/wp-json\/wp\/v2\/users\/1"}],"replies":[{"embeddable":true,"href":"https:\/\/www.auzeau.fr\/39-45\/wp-json\/wp\/v2\/comments?post=61518"}],"version-history":[{"count":0,"href":"https:\/\/www.auzeau.fr\/39-45\/wp-json\/wp\/v2\/pages\/61518\/revisions"}],"up":[{"embeddable":true,"href":"https:\/\/www.auzeau.fr\/39-45\/wp-json\/wp\/v2\/pages\/109"}],"wp:attachment":[{"href":"https:\/\/www.auzeau.fr\/39-45\/wp-json\/wp\/v2\/media?parent=61518"}],"wp:term":[{"taxonomy":"category","embeddable":true,"href":"https:\/\/www.auzeau.fr\/39-45\/wp-json\/wp\/v2\/categories?post=61518"},{"taxonomy":"post_tag","embeddable":true,"href":"https:\/\/www.auzeau.fr\/39-45\/wp-json\/wp\/v2\/tags?post=61518"},{"taxonomy":"wf_page_folders","embeddable":true,"href":"https:\/\/www.auzeau.fr\/39-45\/wp-json\/wp\/v2\/wf_page_folders?post=61518"}],"curies":[{"name":"wp","href":"https:\/\/api.w.org\/{rel}","templated":true}]}}