{"id":59182,"date":"2018-05-08T17:59:14","date_gmt":"2018-05-08T15:59:14","guid":{"rendered":"http:\/\/39-45.auzeau.fr\/39-45\/france\/72-sarthe\/72-le-mans-16-2\/"},"modified":"2018-05-14T16:03:19","modified_gmt":"2018-05-14T14:03:19","slug":"72-le-mans-17","status":"publish","type":"page","link":"https:\/\/www.auzeau.fr\/39-45\/france\/72-sarthe\/72-le-mans-17\/","title":{"rendered":"72 &#8211; Le Mans"},"content":{"rendered":"<p><img fetchpriority=\"high\" decoding=\"async\" class=\"aligncenter size-full wp-image-59128\" title=\"Le-Mans\" src=\"https:\/\/www.auzeau.fr\/39-45\/wp-content\/uploads\/Cimetieres\/60 --\/72-Sarthe\/Le_Mans\/Le-Mans.jpg\" alt=\"\" width=\"900\" height=\"386\" srcset=\"https:\/\/www.auzeau.fr\/39-45\/wp-content\/uploads\/Cimetieres\/60%20--\/72-Sarthe\/Le_Mans\/Le-Mans.jpg 900w, https:\/\/www.auzeau.fr\/39-45\/wp-content\/uploads\/Cimetieres\/60%20--\/72-Sarthe\/Le_Mans\/Le-Mans-300x129.jpg 300w, https:\/\/www.auzeau.fr\/39-45\/wp-content\/uploads\/Cimetieres\/60%20--\/72-Sarthe\/Le_Mans\/Le-Mans-768x329.jpg 768w\" sizes=\"(max-width: 900px) 100vw, 900px\" \/><\/p>\n<table style=\"width: 100%;\" border=\"0\">\n<tbody>\n<tr>\n<td style=\"width: 5%;\"><\/td>\n<td style=\"width: 5%;\"><\/td>\n<td style=\"width: 5%;\"><\/td>\n<td style=\"width: 5%;\"><\/td>\n<td style=\"width: 5%;\"><\/td>\n<td style=\"width: 5%;\"><\/td>\n<td style=\"width: 5%;\"><\/td>\n<td style=\"width: 5%;\"><\/td>\n<td style=\"width: 5%;\"><\/td>\n<td style=\"width: 5%;\"><\/td>\n<td style=\"width: 5%;\"><\/td>\n<td style=\"width: 5%;\"><\/td>\n<td style=\"width: 5%;\"><\/td>\n<td style=\"width: 5%;\"><\/td>\n<td style=\"width: 5%;\"><\/td>\n<td style=\"width: 5%;\"><\/td>\n<td style=\"width: 5%;\"><\/td>\n<td style=\"width: 5%;\"><\/td>\n<td style=\"width: 5%;\"><\/td>\n<td style=\"width: 5%;\"><\/td>\n<\/tr>\n<tr>\n<td colspan=\"15\"><span style=\"font-size: xx-large;\"><strong>Halifax LL129 T-N<br \/>\n<\/strong><\/span><\/td>\n<td style=\"text-align: center;\" colspan=\"5\"><span style=\"font-size: xx-large;\"><strong>298 Sqn<br \/>\n<\/strong><\/span><\/td>\n<\/tr>\n<tr style=\"height: 40px;\">\n<td style=\"text-align: right;\" colspan=\"2\"><strong>Date : <\/strong><\/td>\n<td colspan=\"5\"><em>\u00a016 juillet 1944<br \/>\n<\/em><\/td>\n<td style=\"text-align: right;\" colspan=\"3\"><strong>Mission : <\/strong><\/td>\n<td colspan=\"10\"><em>\u00a0SOE STATIONER 175 : parachutage vers Chatellerault (86)<br \/>\n<\/em><\/td>\n<\/tr>\n<tr style=\"height: 40px;\">\n<td><\/td>\n<td><\/td>\n<td style=\"text-align: right;\" colspan=\"5\"><strong>D\u00e9collage : <\/strong><\/td>\n<td colspan=\"10\"><em>\u00a0Tarrant Rushton \u00e0 23:35<br \/>\n<\/em><\/td>\n<td><\/td>\n<td><\/td>\n<td><\/td>\n<\/tr>\n<tr style=\"height: 40px;\">\n<td><\/td>\n<td><\/td>\n<td style=\"text-align: right;\" colspan=\"5\"><strong>Causes de la perte :<br \/>\n<\/strong><\/td>\n<td colspan=\"10\"><\/td>\n<td><\/td>\n<td><\/td>\n<td><\/td>\n<\/tr>\n<tr style=\"height: 40px;\">\n<td><\/td>\n<td><\/td>\n<td style=\"text-align: right;\" colspan=\"5\"><strong>Lieu de la perte : <\/strong><\/td>\n<td colspan=\"10\"><em>\u00a0&#8220;La Chouannerie&#8221; \u00e0 Larr\u00e9 (61)<br \/>\n<\/em><\/td>\n<td><\/td>\n<td><\/td>\n<td><\/td>\n<\/tr>\n<tr style=\"height: 60px;\">\n<td><img decoding=\"async\" class=\"size-full wp-image-47215 alignleft\" title=\"Royaume Uni\" src=\"https:\/\/www.auzeau.fr\/39-45\/wp-content\/uploads\/images\/Drapeaux\/Angleterre.png\" alt=\"Royaume-Uni\" width=\"40\" height=\"20\" \/><\/td>\n<td><span class='tooltipsall tooltipsincontent classtoolTips12'>Plt Off<\/span><\/td>\n<td colspan=\"5\">James Foxal<\/td>\n<td colspan=\"2\"><strong>CROSSLEY<\/strong><\/td>\n<td style=\"text-align: center;\" colspan=\"2\"><span class='tooltipsall tooltipsincontent classtoolTips151'>Pil<\/span><\/td>\n<td style=\"text-align: center;\"><span class='tooltipsall tooltipsincontent classtoolTips45'>RAFVR<\/span><\/td>\n<td style=\"text-align: center;\" colspan=\"2\">179300<\/td>\n<td><span style=\"color: #000000;\"><strong><span class='tooltipsall tooltipsincontent classtoolTips110'>KIA<\/span><\/strong><\/span><\/td>\n<td colspan=\"5\"><\/td>\n<\/tr>\n<tr style=\"height: 60px;\">\n<td><img decoding=\"async\" class=\"size-full wp-image-47210 alignleft\" title=\"Canada\" src=\"https:\/\/www.auzeau.fr\/39-45\/wp-content\/uploads\/images\/Drapeaux\/Canada.png\" alt=\"\" width=\"40\" height=\"20\" \/><\/td>\n<td><span class='tooltipsall tooltipsincontent classtoolTips91'>WO1<\/span><\/td>\n<td colspan=\"5\">Joseph Wilfred Romeo<\/td>\n<td colspan=\"2\"><strong>FOURNIER<\/strong><\/td>\n<td style=\"text-align: center;\" colspan=\"2\"><span class='tooltipsall tooltipsincontent classtoolTips115'>WOP<\/span> <span class='tooltipsall tooltipsincontent classtoolTips185'>AG<\/span><\/td>\n<td style=\"text-align: center;\"><span class='tooltipsall tooltipsincontent classtoolTips78'>RCAF<\/span><\/td>\n<td style=\"text-align: center;\" colspan=\"2\">R\/128205<\/td>\n<td><span style=\"color: #000000;\"><strong><span class='tooltipsall tooltipsincontent classtoolTips110'>KIA<\/span><\/strong><\/span><\/td>\n<td colspan=\"5\"><span style=\"font-size: 10pt;\"><a href=\"https:\/\/www.auzeau.fr\/39-45\/france\/14-calvados\/14-bretteville-sur-laize-canadian-war-cemetery-30\/\"><em>Inhum\u00e9 \u00e0 Bretteville-sur-Laize<\/em><\/a><\/span><\/td>\n<\/tr>\n<tr style=\"height: 60px;\">\n<td><img decoding=\"async\" class=\"size-full wp-image-47215 alignleft\" title=\"Royaume Uni\" src=\"https:\/\/www.auzeau.fr\/39-45\/wp-content\/uploads\/images\/Drapeaux\/Angleterre.png\" alt=\"Royaume-Uni\" width=\"40\" height=\"20\" \/><\/td>\n<td><span class='tooltipsall tooltipsincontent classtoolTips96'>Sgt<\/span><\/td>\n<td colspan=\"5\">Enzo Biagge<\/td>\n<td colspan=\"2\"><strong>GRASSO<\/strong><\/td>\n<td style=\"text-align: center;\" colspan=\"2\"><span class='tooltipsall tooltipsincontent classtoolTips188'>AB<\/span><\/td>\n<td style=\"text-align: center;\"><span class='tooltipsall tooltipsincontent classtoolTips45'>RAFVR<\/span><\/td>\n<td style=\"text-align: center;\" colspan=\"2\">1338152<\/td>\n<td><span style=\"color: #000000;\"><strong><span class='tooltipsall tooltipsincontent classtoolTips110'>KIA<\/span><\/strong><\/span><\/td>\n<td colspan=\"5\"><\/td>\n<\/tr>\n<tr style=\"height: 60px;\">\n<td><img decoding=\"async\" class=\"size-full wp-image-47210 alignleft\" title=\"Canada\" src=\"https:\/\/www.auzeau.fr\/39-45\/wp-content\/uploads\/images\/Drapeaux\/Canada.png\" alt=\"\" width=\"40\" height=\"20\" \/><\/td>\n<td><span class='tooltipsall tooltipsincontent classtoolTips19'>Fg Off<\/span><\/td>\n<td colspan=\"5\">William Edward<\/td>\n<td colspan=\"2\"><strong>LINNING<\/strong><\/td>\n<td style=\"text-align: center;\" colspan=\"2\"><span class='tooltipsall tooltipsincontent classtoolTips115'>WOP<\/span> <span class='tooltipsall tooltipsincontent classtoolTips185'>AG<\/span><\/td>\n<td style=\"text-align: center;\"><span class='tooltipsall tooltipsincontent classtoolTips78'>RCAF<\/span><\/td>\n<td style=\"text-align: center;\" colspan=\"2\">J\/20858<\/td>\n<td><span style=\"color: #000000;\"><strong><span class='tooltipsall tooltipsincontent classtoolTips110'>KIA<\/span><\/strong><\/span><\/td>\n<td colspan=\"5\"><span style=\"font-size: 10pt;\"><a href=\"https:\/\/www.auzeau.fr\/39-45\/france\/14-calvados\/14-bretteville-sur-laize-canadian-war-cemetery-30\/\"><em>Inhum\u00e9 \u00e0 Bretteville-sur-Laize<\/em><\/a><\/span><\/td>\n<\/tr>\n<tr style=\"height: 60px;\">\n<td><img decoding=\"async\" class=\"size-full wp-image-47210 alignleft\" title=\"Canada\" src=\"https:\/\/www.auzeau.fr\/39-45\/wp-content\/uploads\/images\/Drapeaux\/Canada.png\" alt=\"\" width=\"40\" height=\"20\" \/><\/td>\n<td><span class='tooltipsall tooltipsincontent classtoolTips19'>Fg Off<\/span><\/td>\n<td colspan=\"5\">Derwood William<\/td>\n<td colspan=\"2\"><strong>SMITH<\/strong><\/td>\n<td style=\"text-align: center;\" colspan=\"2\"><span class='tooltipsall tooltipsincontent classtoolTips116'>Nav<\/span><\/td>\n<td style=\"text-align: center;\"><span class='tooltipsall tooltipsincontent classtoolTips78'>RCAF<\/span><\/td>\n<td style=\"text-align: center;\" colspan=\"2\">J\/21753<\/td>\n<td><span style=\"color: #000000;\"><strong><span class='tooltipsall tooltipsincontent classtoolTips110'>KIA<\/span><\/strong><\/span><\/td>\n<td colspan=\"5\"><\/td>\n<\/tr>\n<tr style=\"height: 60px;\">\n<td><img decoding=\"async\" class=\"size-full wp-image-47215 alignleft\" title=\"Royaume Uni\" src=\"https:\/\/www.auzeau.fr\/39-45\/wp-content\/uploads\/images\/Drapeaux\/Angleterre.png\" alt=\"Royaume-Uni\" width=\"40\" height=\"20\" \/><\/td>\n<td><span class='tooltipsall tooltipsincontent classtoolTips96'>Sgt<\/span><\/td>\n<td colspan=\"5\">Edward Maurice Cyril<\/td>\n<td colspan=\"2\"><strong>WILKINSON<\/strong><\/td>\n<td style=\"text-align: center;\" colspan=\"2\"><span class='tooltipsall tooltipsincontent classtoolTips189'>FE<\/span><\/td>\n<td style=\"text-align: center;\"><span class='tooltipsall tooltipsincontent classtoolTips45'>RAFVR<\/span><\/td>\n<td style=\"text-align: center;\" colspan=\"2\">1395506<\/td>\n<td><span style=\"color: #000000;\"><strong><span class='tooltipsall tooltipsincontent classtoolTips110'>KIA<\/span><\/strong><\/span><\/td>\n<td colspan=\"5\"><\/td>\n<\/tr>\n<\/tbody>\n<\/table>\n<div id='gallery-1' class='gallery galleryid-59182 gallery-columns-4 gallery-size-thumbnail'><figure class='gallery-item'>\n\t\t\t<div class='gallery-icon portrait'>\n\t\t\t\t<a title=\"Crossley\"  title=\"Crossley\"  href='https:\/\/www.auzeau.fr\/39-45\/wp-content\/uploads\/Cimetieres\/60%20--\/72-Sarthe\/Le_Mans\/LL129\/Crossley.jpg'><img loading=\"lazy\" decoding=\"async\" width=\"150\" height=\"150\" src=\"https:\/\/www.auzeau.fr\/39-45\/wp-content\/uploads\/Cimetieres\/60 --\/72-Sarthe\/Le_Mans\/LL129\/Crossley-150x150.jpg\" class=\"attachment-thumbnail size-thumbnail\" alt=\"\" srcset=\"https:\/\/www.auzeau.fr\/39-45\/wp-content\/uploads\/Cimetieres\/60%20--\/72-Sarthe\/Le_Mans\/LL129\/Crossley-150x150.jpg 150w, https:\/\/www.auzeau.fr\/39-45\/wp-content\/uploads\/Cimetieres\/60%20--\/72-Sarthe\/Le_Mans\/LL129\/Crossley-50x50.jpg 50w\" sizes=\"(max-width: 150px) 100vw, 150px\" \/><\/a>\n\t\t\t<\/div><\/figure><figure class='gallery-item'>\n\t\t\t<div class='gallery-icon portrait'>\n\t\t\t\t<a title=\"Grasso\"  title=\"Grasso\"  href='https:\/\/www.auzeau.fr\/39-45\/wp-content\/uploads\/Cimetieres\/60%20--\/72-Sarthe\/Le_Mans\/LL129\/Grasso.jpg'><img loading=\"lazy\" decoding=\"async\" width=\"150\" height=\"150\" src=\"https:\/\/www.auzeau.fr\/39-45\/wp-content\/uploads\/Cimetieres\/60 --\/72-Sarthe\/Le_Mans\/LL129\/Grasso-150x150.jpg\" class=\"attachment-thumbnail size-thumbnail\" alt=\"\" srcset=\"https:\/\/www.auzeau.fr\/39-45\/wp-content\/uploads\/Cimetieres\/60%20--\/72-Sarthe\/Le_Mans\/LL129\/Grasso-150x150.jpg 150w, https:\/\/www.auzeau.fr\/39-45\/wp-content\/uploads\/Cimetieres\/60%20--\/72-Sarthe\/Le_Mans\/LL129\/Grasso-50x50.jpg 50w\" sizes=\"(max-width: 150px) 100vw, 150px\" \/><\/a>\n\t\t\t<\/div><\/figure><figure class='gallery-item'>\n\t\t\t<div class='gallery-icon portrait'>\n\t\t\t\t<a title=\"Smith\"  title=\"Smith\"  href='https:\/\/www.auzeau.fr\/39-45\/wp-content\/uploads\/Cimetieres\/60%20--\/72-Sarthe\/Le_Mans\/LL129\/Smith.jpg'><img loading=\"lazy\" decoding=\"async\" width=\"150\" height=\"150\" src=\"https:\/\/www.auzeau.fr\/39-45\/wp-content\/uploads\/Cimetieres\/60 --\/72-Sarthe\/Le_Mans\/LL129\/Smith-150x150.jpg\" class=\"attachment-thumbnail size-thumbnail\" alt=\"\" srcset=\"https:\/\/www.auzeau.fr\/39-45\/wp-content\/uploads\/Cimetieres\/60%20--\/72-Sarthe\/Le_Mans\/LL129\/Smith-150x150.jpg 150w, https:\/\/www.auzeau.fr\/39-45\/wp-content\/uploads\/Cimetieres\/60%20--\/72-Sarthe\/Le_Mans\/LL129\/Smith-50x50.jpg 50w\" sizes=\"(max-width: 150px) 100vw, 150px\" \/><\/a>\n\t\t\t<\/div><\/figure><figure class='gallery-item'>\n\t\t\t<div class='gallery-icon portrait'>\n\t\t\t\t<a title=\"Wilkinson\"  title=\"Wilkinson\"  href='https:\/\/www.auzeau.fr\/39-45\/wp-content\/uploads\/Cimetieres\/60%20--\/72-Sarthe\/Le_Mans\/LL129\/Wilkinson.jpg'><img loading=\"lazy\" decoding=\"async\" width=\"150\" height=\"150\" src=\"https:\/\/www.auzeau.fr\/39-45\/wp-content\/uploads\/Cimetieres\/60 --\/72-Sarthe\/Le_Mans\/LL129\/Wilkinson-150x150.jpg\" class=\"attachment-thumbnail size-thumbnail\" alt=\"\" srcset=\"https:\/\/www.auzeau.fr\/39-45\/wp-content\/uploads\/Cimetieres\/60%20--\/72-Sarthe\/Le_Mans\/LL129\/Wilkinson-150x150.jpg 150w, https:\/\/www.auzeau.fr\/39-45\/wp-content\/uploads\/Cimetieres\/60%20--\/72-Sarthe\/Le_Mans\/LL129\/Wilkinson-50x50.jpg 50w\" sizes=\"(max-width: 150px) 100vw, 150px\" \/><\/a>\n\t\t\t<\/div><\/figure>\n\t\t<\/div>\n\n<table style=\"background-color: #dcdcdc;\">\n<tbody>\n<tr>\n<td style=\"text-align: center; vertical-align: middle;\">\n<p style=\"text-align: center;\"><ul id=\"menu-72-le-mans\" class=\"menu\"><li id=\"menu-item-59205\" class=\"menu-item menu-item-type-post_type menu-item-object-page menu-item-59205\"><a href=\"https:\/\/www.auzeau.fr\/39-45\/france\/72-sarthe\/72-le-mans\/\">Mosquito DZ691<\/a><\/li>\n<li id=\"menu-item-59188\" class=\"menu-item menu-item-type-post_type menu-item-object-page menu-item-59188\"><a href=\"https:\/\/www.auzeau.fr\/39-45\/france\/72-sarthe\/72-le-mans-2\/\">Lancaster ED714<\/a><\/li>\n<li id=\"menu-item-59189\" class=\"menu-item menu-item-type-post_type menu-item-object-page menu-item-59189\"><a href=\"https:\/\/www.auzeau.fr\/39-45\/france\/72-sarthe\/72-le-mans-3\/\">Lancaster W4828<\/a><\/li>\n<li id=\"menu-item-59190\" class=\"menu-item menu-item-type-post_type menu-item-object-page menu-item-59190\"><a href=\"https:\/\/www.auzeau.fr\/39-45\/france\/72-sarthe\/72-le-mans-4\/\">Lancaster DS684<\/a><\/li>\n<li id=\"menu-item-59191\" class=\"menu-item menu-item-type-post_type menu-item-object-page menu-item-59191\"><a href=\"https:\/\/www.auzeau.fr\/39-45\/france\/72-sarthe\/72-le-mans-5\/\">Mosquito LR430<\/a><\/li>\n<li id=\"menu-item-59192\" class=\"menu-item menu-item-type-post_type menu-item-object-page menu-item-59192\"><a href=\"https:\/\/www.auzeau.fr\/39-45\/france\/72-sarthe\/72-le-mans-6\/\">Halifax LW517<\/a><\/li>\n<li id=\"menu-item-59193\" class=\"menu-item menu-item-type-post_type menu-item-object-page menu-item-59193\"><a href=\"https:\/\/www.auzeau.fr\/39-45\/france\/72-sarthe\/72-le-mans-7\/\">Halifax LL280<\/a><\/li>\n<li id=\"menu-item-59194\" class=\"menu-item menu-item-type-post_type menu-item-object-page menu-item-59194\"><a href=\"https:\/\/www.auzeau.fr\/39-45\/france\/72-sarthe\/72-le-mans-8\/\">Lancaster HK547<\/a><\/li>\n<li id=\"menu-item-59195\" class=\"menu-item menu-item-type-post_type menu-item-object-page menu-item-59195\"><a href=\"https:\/\/www.auzeau.fr\/39-45\/france\/72-sarthe\/72-le-mans-9\/\">Lancaster JB653<\/a><\/li>\n<li id=\"menu-item-59196\" class=\"menu-item menu-item-type-post_type menu-item-object-page menu-item-59196\"><a href=\"https:\/\/www.auzeau.fr\/39-45\/france\/72-sarthe\/72-le-mans-10\/\">Lancaster ND845<\/a><\/li>\n<li id=\"menu-item-59197\" class=\"menu-item menu-item-type-post_type menu-item-object-page menu-item-59197\"><a href=\"https:\/\/www.auzeau.fr\/39-45\/france\/72-sarthe\/72-le-mans-11\/\">Halifax LK810<\/a><\/li>\n<li id=\"menu-item-59198\" class=\"menu-item menu-item-type-post_type menu-item-object-page menu-item-59198\"><a href=\"https:\/\/www.auzeau.fr\/39-45\/france\/72-sarthe\/72-le-mans-12\/\">Halifax MZ506<\/a><\/li>\n<li id=\"menu-item-59199\" class=\"menu-item menu-item-type-post_type menu-item-object-page menu-item-59199\"><a href=\"https:\/\/www.auzeau.fr\/39-45\/france\/72-sarthe\/72-le-mans-13\/\">P47 Thunderbold 42-76145<\/a><\/li>\n<li id=\"menu-item-59200\" class=\"menu-item menu-item-type-post_type menu-item-object-page menu-item-59200\"><a href=\"https:\/\/www.auzeau.fr\/39-45\/france\/72-sarthe\/72-le-mans-14\/\">P51 Mustang AG377<\/a><\/li>\n<li id=\"menu-item-59201\" class=\"menu-item menu-item-type-post_type menu-item-object-page menu-item-59201\"><a href=\"https:\/\/www.auzeau.fr\/39-45\/france\/72-sarthe\/72-le-mans-15\/\">P51 Mustang FR902<\/a><\/li>\n<li id=\"menu-item-59202\" class=\"menu-item menu-item-type-post_type menu-item-object-page menu-item-59202\"><a href=\"https:\/\/www.auzeau.fr\/39-45\/france\/72-sarthe\/72-le-mans-16\/\">Typhoon MN818<\/a><\/li>\n<li id=\"menu-item-59203\" class=\"menu-item menu-item-type-post_type menu-item-object-page menu-item-59203\"><a href=\"https:\/\/www.auzeau.fr\/39-45\/france\/72-sarthe\/72-le-mans-17\/\">Halifax LL129<\/a><\/li>\n<li id=\"menu-item-59204\" class=\"menu-item menu-item-type-post_type menu-item-object-page menu-item-59204\"><a href=\"https:\/\/www.auzeau.fr\/39-45\/france\/72-sarthe\/72-le-mans-18\/\">Halifax LL401<\/a><\/li>\n<\/ul>\n<\/td>\n<\/tr>\n<\/tbody>\n<\/table>\n<hr \/>\n<p style=\"text-align: center;\"><ul id=\"menu-72-sarthe\" class=\"menu\"><li id=\"menu-item-59049\" class=\"menu-item menu-item-type-post_type menu-item-object-page menu-item-59049\"><a href=\"https:\/\/www.auzeau.fr\/39-45\/france\/72-sarthe\/72-la-fleche\/\">72 \u2013 La Fl\u00e8che<\/a><\/li>\n<li id=\"menu-item-59048\" class=\"menu-item menu-item-type-post_type menu-item-object-page menu-item-59048\"><a href=\"https:\/\/www.auzeau.fr\/39-45\/france\/72-sarthe\/72-le-mans\/\">72 \u2013 Le Mans<\/a><\/li>\n<li id=\"menu-item-59047\" class=\"menu-item menu-item-type-post_type menu-item-object-page menu-item-59047\"><a href=\"https:\/\/www.auzeau.fr\/39-45\/france\/72-sarthe\/72-yvre-leveque\/\">72 &#8211; Yvr\u00e9-l&#8217;\u00c9v\u00eaque<\/a><\/li>\n<li id=\"menu-item-69908\" class=\"menu-item menu-item-type-post_type menu-item-object-page menu-item-69908\"><a href=\"https:\/\/www.auzeau.fr\/39-45\/france\/72-sarthe\/72-le-grand-luce\/\">72 \u2013 Le Grand-Luc\u00e9<\/a><\/li>\n<\/ul>\n<script type=\"text\/javascript\"> toolTips('.classtoolTips12','Pilot Officer'); <\/script><script type=\"text\/javascript\"> toolTips('.classtoolTips19','Flying Officer'); <\/script><script type=\"text\/javascript\"> toolTips('.classtoolTips45','Royal Air Force Volunteer Reserve'); <\/script><script type=\"text\/javascript\"> toolTips('.classtoolTips78','Aviation Royale Canadienne<br\/><br\/>Royal Canadian Air Force'); <\/script><script type=\"text\/javascript\"> toolTips('.classtoolTips91','Warrant Officer 1st Class'); <\/script><script type=\"text\/javascript\"> toolTips('.classtoolTips96','Sergent<br\/><br\/>Sergeant'); <\/script><script type=\"text\/javascript\"> toolTips('.classtoolTips98','Colonel'); <\/script><script type=\"text\/javascript\"> toolTips('.classtoolTips110','Tu\u00e9 au combat<br\/><br\/>Killed In Action'); <\/script><script type=\"text\/javascript\"> toolTips('.classtoolTips115','Op\u00e9rateur Radio<br\/><br\/>Wireless Op\u00e9rator'); <\/script><script type=\"text\/javascript\"> toolTips('.classtoolTips116','Navigateur<br\/><br\/>Navigator'); <\/script><script type=\"text\/javascript\"> toolTips('.classtoolTips118','Canonnier'); <\/script><script type=\"text\/javascript\"> toolTips('.classtoolTips140','Direction des op\u00e9rations sp\u00e9ciales<br\/><br\/>Special Operation Executive'); <\/script><script type=\"text\/javascript\"> toolTips('.classtoolTips144','Royal Corps of Signals'); <\/script><script type=\"text\/javascript\"> toolTips('.classtoolTips146','Royal Air Force'); <\/script><script type=\"text\/javascript\"> toolTips('.classtoolTips151','Pilote<br\/><br\/>Pilot'); <\/script><script type=\"text\/javascript\"> toolTips('.classtoolTips153','Porucznik'); <\/script><script type=\"text\/javascript\"> toolTips('.classtoolTips158','Midshipman'); <\/script><script type=\"text\/javascript\"> toolTips('.classtoolTips162','Telegraphist'); <\/script><script type=\"text\/javascript\"> toolTips('.classtoolTips182','Warrant Officer'); <\/script><script type=\"text\/javascript\"> toolTips('.classtoolTips185','Mitrailleur<br\/><br\/>Air Gunner'); <\/script><script type=\"text\/javascript\"> toolTips('.classtoolTips187','Zone de parachutage<br\/><br\/>Dropping Zone'); <\/script><script type=\"text\/javascript\"> toolTips('.classtoolTips188','Bombardier<br\/><br\/>Air bomber'); <\/script><script type=\"text\/javascript\"> toolTips('.classtoolTips189','M\u00e9canicien volant<br\/><br\/>Flying Enginer'); <\/script><script type=\"text\/javascript\"> toolTips('.classtoolTips193','Royal Navy'); <\/script><script type=\"text\/javascript\"> toolTips('.classtoolTips194','Lieutenant de Vaisseau'); <\/script><script type=\"text\/javascript\"> toolTips('.classtoolTips195','Enseigne de Vaisseau'); <\/script><script type=\"text\/javascript\"> toolTips('.classtoolTips196','second Ma\u00eetre'); <\/script><script type=\"text\/javascript\"> toolTips('.classtoolTips197','Aircraftman'); <\/script><script type=\"text\/javascript\"> toolTips('.classtoolTips199','Radio Officer'); <\/script><script type=\"text\/javascript\"> toolTips('.classtoolTips201','Lieutenant'); <\/script>","protected":false},"excerpt":{"rendered":"<p>Halifax LL129 T-N 298 Sqn Date : \u00a016 juillet 1944 Mission : \u00a0SOE STATIONER 175 : parachutage vers Chatellerault (86) D\u00e9collage : \u00a0Tarrant Rushton \u00e0 23:35 Causes de la perte : Lieu de la perte : \u00a0&#8220;La Chouannerie&#8221; \u00e0 Larr\u00e9 (61) Plt Off James Foxal CROSSLEY Pil RAFVR 179300 KIA WO1 Joseph Wilfred Romeo FOURNIER [&hellip;]<\/p>\n","protected":false},"author":1,"featured_media":0,"parent":103,"menu_order":0,"comment_status":"closed","ping_status":"closed","template":"template-full-width Halifax.php","meta":{"_lmt_disableupdate":"yes","_lmt_disable":"","footnotes":""},"categories":[332],"tags":[714],"wf_page_folders":[3114],"class_list":["post-59182","page","type-page","status-publish","hentry","category-halifax","tag-298-squadron"],"_links":{"self":[{"href":"https:\/\/www.auzeau.fr\/39-45\/wp-json\/wp\/v2\/pages\/59182","targetHints":{"allow":["GET"]}}],"collection":[{"href":"https:\/\/www.auzeau.fr\/39-45\/wp-json\/wp\/v2\/pages"}],"about":[{"href":"https:\/\/www.auzeau.fr\/39-45\/wp-json\/wp\/v2\/types\/page"}],"author":[{"embeddable":true,"href":"https:\/\/www.auzeau.fr\/39-45\/wp-json\/wp\/v2\/users\/1"}],"replies":[{"embeddable":true,"href":"https:\/\/www.auzeau.fr\/39-45\/wp-json\/wp\/v2\/comments?post=59182"}],"version-history":[{"count":0,"href":"https:\/\/www.auzeau.fr\/39-45\/wp-json\/wp\/v2\/pages\/59182\/revisions"}],"up":[{"embeddable":true,"href":"https:\/\/www.auzeau.fr\/39-45\/wp-json\/wp\/v2\/pages\/103"}],"wp:attachment":[{"href":"https:\/\/www.auzeau.fr\/39-45\/wp-json\/wp\/v2\/media?parent=59182"}],"wp:term":[{"taxonomy":"category","embeddable":true,"href":"https:\/\/www.auzeau.fr\/39-45\/wp-json\/wp\/v2\/categories?post=59182"},{"taxonomy":"post_tag","embeddable":true,"href":"https:\/\/www.auzeau.fr\/39-45\/wp-json\/wp\/v2\/tags?post=59182"},{"taxonomy":"wf_page_folders","embeddable":true,"href":"https:\/\/www.auzeau.fr\/39-45\/wp-json\/wp\/v2\/wf_page_folders?post=59182"}],"curies":[{"name":"wp","href":"https:\/\/api.w.org\/{rel}","templated":true}]}}