{"id":59178,"date":"2018-05-08T17:57:55","date_gmt":"2018-05-08T15:57:55","guid":{"rendered":"http:\/\/39-45.auzeau.fr\/39-45\/france\/72-sarthe\/72-le-mans-14-2\/"},"modified":"2018-05-15T19:17:57","modified_gmt":"2018-05-15T17:17:57","slug":"72-le-mans-15","status":"publish","type":"page","link":"https:\/\/www.auzeau.fr\/39-45\/france\/72-sarthe\/72-le-mans-15\/","title":{"rendered":"72 &#8211; Le Mans"},"content":{"rendered":"<p><img fetchpriority=\"high\" decoding=\"async\" class=\"aligncenter size-full wp-image-59128\" title=\"Le-Mans\" src=\"https:\/\/www.auzeau.fr\/39-45\/wp-content\/uploads\/Cimetieres\/60 --\/72-Sarthe\/Le_Mans\/Le-Mans.jpg\" alt=\"\" width=\"900\" height=\"386\" srcset=\"https:\/\/www.auzeau.fr\/39-45\/wp-content\/uploads\/Cimetieres\/60%20--\/72-Sarthe\/Le_Mans\/Le-Mans.jpg 900w, https:\/\/www.auzeau.fr\/39-45\/wp-content\/uploads\/Cimetieres\/60%20--\/72-Sarthe\/Le_Mans\/Le-Mans-300x129.jpg 300w, https:\/\/www.auzeau.fr\/39-45\/wp-content\/uploads\/Cimetieres\/60%20--\/72-Sarthe\/Le_Mans\/Le-Mans-768x329.jpg 768w\" sizes=\"(max-width: 900px) 100vw, 900px\" \/><\/p>\n<table style=\"width: 100%;\" border=\"0\">\n<tbody>\n<tr>\n<td style=\"width: 5%;\"><\/td>\n<td style=\"width: 5%;\"><\/td>\n<td style=\"width: 5%;\"><\/td>\n<td style=\"width: 5%;\"><\/td>\n<td style=\"width: 5%;\"><\/td>\n<td style=\"width: 5%;\"><\/td>\n<td style=\"width: 5%;\"><\/td>\n<td style=\"width: 5%;\"><\/td>\n<td style=\"width: 5%;\"><\/td>\n<td style=\"width: 5%;\"><\/td>\n<td style=\"width: 5%;\"><\/td>\n<td style=\"width: 5%;\"><\/td>\n<td style=\"width: 5%;\"><\/td>\n<td style=\"width: 5%;\"><\/td>\n<td style=\"width: 5%;\"><\/td>\n<td style=\"width: 5%;\"><\/td>\n<td style=\"width: 5%;\"><\/td>\n<td style=\"width: 5%;\"><\/td>\n<td style=\"width: 5%;\"><\/td>\n<td style=\"width: 5%;\"><\/td>\n<\/tr>\n<tr>\n<td colspan=\"15\"><strong><span style=\"font-size: xx-large;\"><span style=\"color: #000000;\">P51 Mustang FR902 XV-H<br \/>\n<\/span><\/span><\/strong><\/td>\n<td style=\"text-align: center;\" colspan=\"5\"><strong><span style=\"font-size: xx-large;\"> 2 Sqn<br \/>\n<\/span><\/strong><\/td>\n<\/tr>\n<tr style=\"height: 40px;\">\n<td style=\"text-align: right;\" colspan=\"2\"><strong>Date : <\/strong><\/td>\n<td colspan=\"5\"><em>\u00a027 juin 1944<br \/>\n<\/em><\/td>\n<td style=\"text-align: right;\" colspan=\"3\"><strong>Mission : <\/strong><\/td>\n<td colspan=\"10\"><em>\u00a0Reconnaissance arm\u00e9e secteur Alen\u00e7on \/ Mamers \/ Bell\u00eame<br \/>\n<\/em><\/td>\n<\/tr>\n<tr style=\"height: 40px;\">\n<td><\/td>\n<td><\/td>\n<td style=\"text-align: right;\" colspan=\"5\"><strong>D\u00e9collage : <\/strong><\/td>\n<td colspan=\"10\"><em> \u00a0Gatwick \u00e0 06:16<br \/>\n<\/em><\/td>\n<td><\/td>\n<td><\/td>\n<td><\/td>\n<\/tr>\n<tr style=\"height: 40px;\">\n<td><\/td>\n<td><\/td>\n<td style=\"text-align: right;\" colspan=\"5\"><strong>Causes de la perte : <\/strong><\/td>\n<td colspan=\"10\"><em> \u00a0Abattu par la <span class='tooltipsall tooltipsincontent classtoolTips70'>Flak<\/span><\/em><\/td>\n<td><\/td>\n<td><\/td>\n<td><\/td>\n<\/tr>\n<tr style=\"height: 40px;\">\n<td><\/td>\n<td><\/td>\n<td style=\"text-align: right;\" colspan=\"5\"><strong>Lieu de la perte : <\/strong><\/td>\n<td colspan=\"10\"><em> \u00a0Saint Rigomer des Bois (61)<\/em><\/td>\n<td><\/td>\n<td><\/td>\n<td><\/td>\n<\/tr>\n<tr style=\"height: 60px;\">\n<td><img decoding=\"async\" class=\"size-full wp-image-47210 alignleft\" title=\"Canada\" src=\"https:\/\/www.auzeau.fr\/39-45\/wp-content\/uploads\/images\/Drapeaux\/Canada.png\" alt=\"Canada\" width=\"40\" height=\"20\" \/><\/td>\n<td><span class='tooltipsall tooltipsincontent classtoolTips33'>Flt <span class='tooltipsall tooltipsincontent classtoolTips201'>Lt<\/span><\/span><\/td>\n<td colspan=\"5\">William Anderson<\/td>\n<td colspan=\"3\"><span style=\"color: #000000;\"><strong>BLACK<\/strong><\/span><\/td>\n<td style=\"text-align: center;\"><\/td>\n<td style=\"text-align: center;\"><span class='tooltipsall tooltipsincontent classtoolTips78'>RCAF<\/span><\/td>\n<td style=\"text-align: center;\" colspan=\"2\">J\/1444<\/td>\n<td><span style=\"color: #000000;\"><strong><span class='tooltipsall tooltipsincontent classtoolTips110'>KIA<\/span><\/strong><\/span><\/td>\n<td colspan=\"5\"><img decoding=\"async\" class=\"alignnone size-full wp-image-35366\" title=\"Air-Force-Cross\" src=\"https:\/\/www.auzeau.fr\/39-45\/wp-content\/uploads\/images\/Medaille\/Air-Force-Cross.png\" alt=\"Medaille - Air-Force-Cross.png\" width=\"73\" height=\"20\" \/><\/td>\n<\/tr>\n<\/tbody>\n<\/table>\n<div id='gallery-1' class='gallery galleryid-59178 gallery-columns-1 gallery-size-thumbnail'><figure class='gallery-item'>\n\t\t\t<div class='gallery-icon portrait'>\n\t\t\t\t<a title=\"Black\"  title=\"Black\"  href='https:\/\/www.auzeau.fr\/39-45\/wp-content\/uploads\/Cimetieres\/60%20--\/72-Sarthe\/Le_Mans\/FR902\/Black.jpg'><img loading=\"lazy\" decoding=\"async\" width=\"150\" height=\"150\" src=\"https:\/\/www.auzeau.fr\/39-45\/wp-content\/uploads\/Cimetieres\/60 --\/72-Sarthe\/Le_Mans\/FR902\/Black-150x150.jpg\" class=\"attachment-thumbnail size-thumbnail\" alt=\"\" srcset=\"https:\/\/www.auzeau.fr\/39-45\/wp-content\/uploads\/Cimetieres\/60%20--\/72-Sarthe\/Le_Mans\/FR902\/Black-150x150.jpg 150w, https:\/\/www.auzeau.fr\/39-45\/wp-content\/uploads\/Cimetieres\/60%20--\/72-Sarthe\/Le_Mans\/FR902\/Black-50x50.jpg 50w\" sizes=\"(max-width: 150px) 100vw, 150px\" \/><\/a>\n\t\t\t<\/div><\/figure>\n\t\t<\/div>\n\n<table style=\"background-color: #dcdcdc;\">\n<tbody>\n<tr>\n<td style=\"text-align: center; vertical-align: middle;\">\n<p style=\"text-align: center;\"><ul id=\"menu-72-le-mans\" class=\"menu\"><li id=\"menu-item-59205\" class=\"menu-item menu-item-type-post_type menu-item-object-page menu-item-59205\"><a href=\"https:\/\/www.auzeau.fr\/39-45\/france\/72-sarthe\/72-le-mans\/\">Mosquito DZ691<\/a><\/li>\n<li id=\"menu-item-59188\" class=\"menu-item menu-item-type-post_type menu-item-object-page menu-item-59188\"><a href=\"https:\/\/www.auzeau.fr\/39-45\/france\/72-sarthe\/72-le-mans-2\/\">Lancaster ED714<\/a><\/li>\n<li id=\"menu-item-59189\" class=\"menu-item menu-item-type-post_type menu-item-object-page menu-item-59189\"><a href=\"https:\/\/www.auzeau.fr\/39-45\/france\/72-sarthe\/72-le-mans-3\/\">Lancaster W4828<\/a><\/li>\n<li id=\"menu-item-59190\" class=\"menu-item menu-item-type-post_type menu-item-object-page menu-item-59190\"><a href=\"https:\/\/www.auzeau.fr\/39-45\/france\/72-sarthe\/72-le-mans-4\/\">Lancaster DS684<\/a><\/li>\n<li id=\"menu-item-59191\" class=\"menu-item menu-item-type-post_type menu-item-object-page menu-item-59191\"><a href=\"https:\/\/www.auzeau.fr\/39-45\/france\/72-sarthe\/72-le-mans-5\/\">Mosquito LR430<\/a><\/li>\n<li id=\"menu-item-59192\" class=\"menu-item menu-item-type-post_type menu-item-object-page menu-item-59192\"><a href=\"https:\/\/www.auzeau.fr\/39-45\/france\/72-sarthe\/72-le-mans-6\/\">Halifax LW517<\/a><\/li>\n<li id=\"menu-item-59193\" class=\"menu-item menu-item-type-post_type menu-item-object-page menu-item-59193\"><a href=\"https:\/\/www.auzeau.fr\/39-45\/france\/72-sarthe\/72-le-mans-7\/\">Halifax LL280<\/a><\/li>\n<li id=\"menu-item-59194\" class=\"menu-item menu-item-type-post_type menu-item-object-page menu-item-59194\"><a href=\"https:\/\/www.auzeau.fr\/39-45\/france\/72-sarthe\/72-le-mans-8\/\">Lancaster HK547<\/a><\/li>\n<li id=\"menu-item-59195\" class=\"menu-item menu-item-type-post_type menu-item-object-page menu-item-59195\"><a href=\"https:\/\/www.auzeau.fr\/39-45\/france\/72-sarthe\/72-le-mans-9\/\">Lancaster JB653<\/a><\/li>\n<li id=\"menu-item-59196\" class=\"menu-item menu-item-type-post_type menu-item-object-page menu-item-59196\"><a href=\"https:\/\/www.auzeau.fr\/39-45\/france\/72-sarthe\/72-le-mans-10\/\">Lancaster ND845<\/a><\/li>\n<li id=\"menu-item-59197\" class=\"menu-item menu-item-type-post_type menu-item-object-page menu-item-59197\"><a href=\"https:\/\/www.auzeau.fr\/39-45\/france\/72-sarthe\/72-le-mans-11\/\">Halifax LK810<\/a><\/li>\n<li id=\"menu-item-59198\" class=\"menu-item menu-item-type-post_type menu-item-object-page menu-item-59198\"><a href=\"https:\/\/www.auzeau.fr\/39-45\/france\/72-sarthe\/72-le-mans-12\/\">Halifax MZ506<\/a><\/li>\n<li id=\"menu-item-59199\" class=\"menu-item menu-item-type-post_type menu-item-object-page menu-item-59199\"><a href=\"https:\/\/www.auzeau.fr\/39-45\/france\/72-sarthe\/72-le-mans-13\/\">P47 Thunderbold 42-76145<\/a><\/li>\n<li id=\"menu-item-59200\" class=\"menu-item menu-item-type-post_type menu-item-object-page menu-item-59200\"><a href=\"https:\/\/www.auzeau.fr\/39-45\/france\/72-sarthe\/72-le-mans-14\/\">P51 Mustang AG377<\/a><\/li>\n<li id=\"menu-item-59201\" class=\"menu-item menu-item-type-post_type menu-item-object-page menu-item-59201\"><a href=\"https:\/\/www.auzeau.fr\/39-45\/france\/72-sarthe\/72-le-mans-15\/\">P51 Mustang FR902<\/a><\/li>\n<li id=\"menu-item-59202\" class=\"menu-item menu-item-type-post_type menu-item-object-page menu-item-59202\"><a href=\"https:\/\/www.auzeau.fr\/39-45\/france\/72-sarthe\/72-le-mans-16\/\">Typhoon MN818<\/a><\/li>\n<li id=\"menu-item-59203\" class=\"menu-item menu-item-type-post_type menu-item-object-page menu-item-59203\"><a href=\"https:\/\/www.auzeau.fr\/39-45\/france\/72-sarthe\/72-le-mans-17\/\">Halifax LL129<\/a><\/li>\n<li id=\"menu-item-59204\" class=\"menu-item menu-item-type-post_type menu-item-object-page menu-item-59204\"><a href=\"https:\/\/www.auzeau.fr\/39-45\/france\/72-sarthe\/72-le-mans-18\/\">Halifax LL401<\/a><\/li>\n<\/ul>\n<\/td>\n<\/tr>\n<\/tbody>\n<\/table>\n<hr \/>\n<p style=\"text-align: center;\"><ul id=\"menu-72-sarthe\" class=\"menu\"><li id=\"menu-item-59049\" class=\"menu-item menu-item-type-post_type menu-item-object-page menu-item-59049\"><a href=\"https:\/\/www.auzeau.fr\/39-45\/france\/72-sarthe\/72-la-fleche\/\">72 \u2013 La Fl\u00e8che<\/a><\/li>\n<li id=\"menu-item-59048\" class=\"menu-item menu-item-type-post_type menu-item-object-page menu-item-59048\"><a href=\"https:\/\/www.auzeau.fr\/39-45\/france\/72-sarthe\/72-le-mans\/\">72 \u2013 Le Mans<\/a><\/li>\n<li id=\"menu-item-59047\" class=\"menu-item menu-item-type-post_type menu-item-object-page menu-item-59047\"><a href=\"https:\/\/www.auzeau.fr\/39-45\/france\/72-sarthe\/72-yvre-leveque\/\">72 &#8211; Yvr\u00e9-l&#8217;\u00c9v\u00eaque<\/a><\/li>\n<li id=\"menu-item-69908\" class=\"menu-item menu-item-type-post_type menu-item-object-page menu-item-69908\"><a href=\"https:\/\/www.auzeau.fr\/39-45\/france\/72-sarthe\/72-le-grand-luce\/\">72 \u2013 Le Grand-Luc\u00e9<\/a><\/li>\n<\/ul>\n<script type=\"text\/javascript\"> toolTips('.classtoolTips33','Flight Lieutenant'); <\/script><script type=\"text\/javascript\"> toolTips('.classtoolTips70','<img class=\"aligncenter wp-image-65848 size-full\" title=\"Flak18\" src=\"https:\/\/www.auzeau.fr\/39-45\/wp-content\/uploads\/images\/Materiel\/Flak18.JPG\" alt=\"\" width=\"640\" height=\"499\" \/><br\/><img class=\"aligncenter size-full wp-image-65849\" title=\"Flak30\" src=\"https:\/\/www.auzeau.fr\/39-45\/wp-content\/uploads\/images\/Materiel\/Flak30.JPG\" alt=\"\" width=\"640\" height=\"499\" \/>'); <\/script><script type=\"text\/javascript\"> toolTips('.classtoolTips78','Aviation Royale Canadienne<br\/><br\/>Royal Canadian Air Force'); <\/script><script type=\"text\/javascript\"> toolTips('.classtoolTips95','Leading Aircraftman'); <\/script><script type=\"text\/javascript\"> toolTips('.classtoolTips98','Colonel'); <\/script><script type=\"text\/javascript\"> toolTips('.classtoolTips110','Tu\u00e9 au combat<br\/><br\/>Killed In Action'); <\/script><script type=\"text\/javascript\"> toolTips('.classtoolTips118','Canonnier'); <\/script><script type=\"text\/javascript\"> toolTips('.classtoolTips144','Royal Corps of Signals'); <\/script><script type=\"text\/javascript\"> toolTips('.classtoolTips153','Porucznik'); <\/script><script type=\"text\/javascript\"> toolTips('.classtoolTips158','Midshipman'); <\/script><script type=\"text\/javascript\"> toolTips('.classtoolTips185','Mitrailleur<br\/><br\/>Air Gunner'); <\/script><script type=\"text\/javascript\"> toolTips('.classtoolTips187','Zone de parachutage<br\/><br\/>Dropping Zone'); <\/script><script type=\"text\/javascript\"> toolTips('.classtoolTips188','Bombardier<br\/><br\/>Air bomber'); <\/script><script type=\"text\/javascript\"> toolTips('.classtoolTips189','M\u00e9canicien volant<br\/><br\/>Flying Enginer'); <\/script><script type=\"text\/javascript\"> toolTips('.classtoolTips195','Enseigne de Vaisseau'); <\/script><script type=\"text\/javascript\"> toolTips('.classtoolTips197','Aircraftman'); <\/script><script type=\"text\/javascript\"> toolTips('.classtoolTips199','Radio Officer'); <\/script><script type=\"text\/javascript\"> toolTips('.classtoolTips201','Lieutenant'); <\/script>","protected":false},"excerpt":{"rendered":"<p>P51 Mustang FR902 XV-H 2 Sqn Date : \u00a027 juin 1944 Mission : \u00a0Reconnaissance arm\u00e9e secteur Alen\u00e7on \/ Mamers \/ Bell\u00eame D\u00e9collage : \u00a0Gatwick \u00e0 06:16 Causes de la perte : \u00a0Abattu par la Flak Lieu de la perte : \u00a0Saint Rigomer des Bois (61) Flt Lt William Anderson BLACK RCAF J\/1444 KIA<\/p>\n","protected":false},"author":1,"featured_media":0,"parent":103,"menu_order":0,"comment_status":"closed","ping_status":"closed","template":"template-full-width P-51.php","meta":{"_lmt_disableupdate":"yes","_lmt_disable":"","footnotes":""},"categories":[581],"tags":[835],"wf_page_folders":[3114],"class_list":["post-59178","page","type-page","status-publish","hentry","category-p51-mustang","tag-2-squadron"],"_links":{"self":[{"href":"https:\/\/www.auzeau.fr\/39-45\/wp-json\/wp\/v2\/pages\/59178","targetHints":{"allow":["GET"]}}],"collection":[{"href":"https:\/\/www.auzeau.fr\/39-45\/wp-json\/wp\/v2\/pages"}],"about":[{"href":"https:\/\/www.auzeau.fr\/39-45\/wp-json\/wp\/v2\/types\/page"}],"author":[{"embeddable":true,"href":"https:\/\/www.auzeau.fr\/39-45\/wp-json\/wp\/v2\/users\/1"}],"replies":[{"embeddable":true,"href":"https:\/\/www.auzeau.fr\/39-45\/wp-json\/wp\/v2\/comments?post=59178"}],"version-history":[{"count":0,"href":"https:\/\/www.auzeau.fr\/39-45\/wp-json\/wp\/v2\/pages\/59178\/revisions"}],"up":[{"embeddable":true,"href":"https:\/\/www.auzeau.fr\/39-45\/wp-json\/wp\/v2\/pages\/103"}],"wp:attachment":[{"href":"https:\/\/www.auzeau.fr\/39-45\/wp-json\/wp\/v2\/media?parent=59178"}],"wp:term":[{"taxonomy":"category","embeddable":true,"href":"https:\/\/www.auzeau.fr\/39-45\/wp-json\/wp\/v2\/categories?post=59178"},{"taxonomy":"post_tag","embeddable":true,"href":"https:\/\/www.auzeau.fr\/39-45\/wp-json\/wp\/v2\/tags?post=59178"},{"taxonomy":"wf_page_folders","embeddable":true,"href":"https:\/\/www.auzeau.fr\/39-45\/wp-json\/wp\/v2\/wf_page_folders?post=59178"}],"curies":[{"name":"wp","href":"https:\/\/api.w.org\/{rel}","templated":true}]}}