{"id":59160,"date":"2018-05-08T17:51:16","date_gmt":"2018-05-08T15:51:16","guid":{"rendered":"http:\/\/39-45.auzeau.fr\/39-45\/france\/72-sarthe\/72-le-mans-5-2\/"},"modified":"2020-05-13T15:05:34","modified_gmt":"2020-05-13T13:05:34","slug":"72-le-mans-6","status":"publish","type":"page","link":"https:\/\/www.auzeau.fr\/39-45\/france\/72-sarthe\/72-le-mans-6\/","title":{"rendered":"72 &#8211; Le Mans"},"content":{"rendered":"<p><img fetchpriority=\"high\" decoding=\"async\" class=\"aligncenter size-full wp-image-59128\" title=\"Le-Mans\" src=\"https:\/\/www.auzeau.fr\/39-45\/wp-content\/uploads\/Cimetieres\/60 --\/72-Sarthe\/Le_Mans\/Le-Mans.jpg\" alt=\"\" width=\"900\" height=\"386\" srcset=\"https:\/\/www.auzeau.fr\/39-45\/wp-content\/uploads\/Cimetieres\/60%20--\/72-Sarthe\/Le_Mans\/Le-Mans.jpg 900w, https:\/\/www.auzeau.fr\/39-45\/wp-content\/uploads\/Cimetieres\/60%20--\/72-Sarthe\/Le_Mans\/Le-Mans-300x129.jpg 300w, https:\/\/www.auzeau.fr\/39-45\/wp-content\/uploads\/Cimetieres\/60%20--\/72-Sarthe\/Le_Mans\/Le-Mans-768x329.jpg 768w\" sizes=\"(max-width: 900px) 100vw, 900px\" \/><\/p>\n<table style=\"width: 100%;\" border=\"0\">\n<tbody>\n<tr>\n<td style=\"width: 5%;\"><\/td>\n<td style=\"width: 5%;\"><\/td>\n<td style=\"width: 5%;\"><\/td>\n<td style=\"width: 5%;\"><\/td>\n<td style=\"width: 5%;\"><\/td>\n<td style=\"width: 5%;\"><\/td>\n<td style=\"width: 5%;\"><\/td>\n<td style=\"width: 5%;\"><\/td>\n<td style=\"width: 5%;\"><\/td>\n<td style=\"width: 5%;\"><\/td>\n<td style=\"width: 5%;\"><\/td>\n<td style=\"width: 5%;\"><\/td>\n<td style=\"width: 5%;\"><\/td>\n<td style=\"width: 5%;\"><\/td>\n<td style=\"width: 5%;\"><\/td>\n<td style=\"width: 5%;\"><\/td>\n<td style=\"width: 5%;\"><\/td>\n<td style=\"width: 5%;\"><\/td>\n<td style=\"width: 5%;\"><\/td>\n<td style=\"width: 5%;\"><\/td>\n<\/tr>\n<tr>\n<td colspan=\"15\"><strong><span style=\"font-size: xx-large;\"><span style=\"color: #000000;\">Halifax LW517 EY-Y<br \/>\n<\/span><\/span><\/strong><\/td>\n<td style=\"text-align: center;\" colspan=\"5\"><strong><span style=\"font-size: xx-large;\">78 Sqn<br \/>\n<\/span><\/strong><\/td>\n<\/tr>\n<tr style=\"height: 40px;\">\n<td style=\"text-align: right;\" colspan=\"2\"><strong>Date : <\/strong><\/td>\n<td colspan=\"5\"><em>\u00a014 mars 1944<br \/>\n<\/em><\/td>\n<td style=\"text-align: right;\" colspan=\"3\"><strong>Mission : <\/strong><\/td>\n<td colspan=\"10\"><em>\u00a0Bombardement d&#8217;installations ferroviaires au Mans (72)<br \/>\n<\/em><\/td>\n<\/tr>\n<tr style=\"height: 40px;\">\n<td><\/td>\n<td><\/td>\n<td style=\"text-align: right;\" colspan=\"5\"><strong>D\u00e9collage : <\/strong><\/td>\n<td colspan=\"10\"><em>\u00a0Breighton \u00e0 22:41<\/em><\/td>\n<td><\/td>\n<td><\/td>\n<td><\/td>\n<\/tr>\n<tr style=\"height: 40px;\">\n<td><\/td>\n<td><\/td>\n<td style=\"text-align: right;\" colspan=\"5\"><strong>Causes de la perte : <\/strong><\/td>\n<td colspan=\"10\"><em>\u00a0Abattu par la <span class='tooltipsall tooltipsincontent classtoolTips70'>Flak<\/span><\/em><\/td>\n<td><\/td>\n<td><\/td>\n<td><\/td>\n<\/tr>\n<tr style=\"height: 40px;\">\n<td><\/td>\n<td><\/td>\n<td style=\"text-align: right;\" colspan=\"5\"><strong>Lieu de la perte : <\/strong><\/td>\n<td colspan=\"10\"><em>\u00a0&#8220;Le Petit Vauguyon&#8221; Le Mans (72)<\/em><\/td>\n<td><\/td>\n<td><\/td>\n<td><\/td>\n<\/tr>\n<tr style=\"height: 60px;\">\n<td><img decoding=\"async\" class=\"size-full wp-image-47215 alignleft\" title=\"Royaume Uni\" src=\"https:\/\/www.auzeau.fr\/39-45\/wp-content\/uploads\/images\/Drapeaux\/Angleterre.png\" alt=\"Royaume-Uni\" width=\"40\" height=\"20\" \/><\/td>\n<td><span class='tooltipsall tooltipsincontent classtoolTips96'>Sgt<\/span><\/td>\n<td colspan=\"5\">Ernest<\/td>\n<td colspan=\"3\"><span style=\"color: #000000;\"><strong>BUCKLAND<\/strong><\/span><\/td>\n<td style=\"text-align: center;\"><span class='tooltipsall tooltipsincontent classtoolTips115'>WOP<\/span><\/td>\n<td style=\"text-align: center;\"><span class='tooltipsall tooltipsincontent classtoolTips45'>RAFVR<\/span><\/td>\n<td style=\"text-align: center;\" colspan=\"2\">1314518<\/td>\n<td><span style=\"color: #000000;\"><strong><span class='tooltipsall tooltipsincontent classtoolTips110'>KIA<\/span><\/strong><\/span><\/td>\n<td colspan=\"5\"><\/td>\n<\/tr>\n<tr style=\"height: 60px;\">\n<td><img decoding=\"async\" class=\"size-full wp-image-47215 alignleft\" title=\"Royaume Uni\" src=\"https:\/\/www.auzeau.fr\/39-45\/wp-content\/uploads\/images\/Drapeaux\/Angleterre.png\" alt=\"Royaume-Uni\" width=\"40\" height=\"20\" \/><\/td>\n<td><span class='tooltipsall tooltipsincontent classtoolTips96'>Sgt<\/span><\/td>\n<td colspan=\"5\">Allan<\/td>\n<td colspan=\"3\"><span style=\"color: #000000;\"><strong>CANTLE-JONES<\/strong><\/span><\/td>\n<td style=\"text-align: center;\"><span class='tooltipsall tooltipsincontent classtoolTips185'>AG<\/span><\/td>\n<td style=\"text-align: center;\"><span class='tooltipsall tooltipsincontent classtoolTips45'>RAFVR<\/span><\/td>\n<td style=\"text-align: center;\" colspan=\"2\">1387255<\/td>\n<td><span style=\"color: #000000;\"><strong><span class='tooltipsall tooltipsincontent classtoolTips110'>KIA<\/span><\/strong><\/span><\/td>\n<td colspan=\"5\"><\/td>\n<\/tr>\n<tr style=\"height: 60px;\">\n<td><img decoding=\"async\" class=\"size-full wp-image-47215 alignleft\" title=\"Royaume Uni\" src=\"https:\/\/www.auzeau.fr\/39-45\/wp-content\/uploads\/images\/Drapeaux\/Angleterre.png\" alt=\"Royaume-Uni\" width=\"40\" height=\"20\" \/><\/td>\n<td><span class='tooltipsall tooltipsincontent classtoolTips96'>Sgt<\/span><\/td>\n<td colspan=\"5\">Andrew<\/td>\n<td colspan=\"3\"><span style=\"color: #000000;\"><strong>CURRIE<\/strong><\/span><\/td>\n<td style=\"text-align: center;\"><span class='tooltipsall tooltipsincontent classtoolTips189'>FE<\/span><\/td>\n<td style=\"text-align: center;\"><span class='tooltipsall tooltipsincontent classtoolTips45'>RAFVR<\/span><\/td>\n<td style=\"text-align: center;\" colspan=\"2\">1566601<\/td>\n<td><span style=\"color: #000000;\"><strong><span class='tooltipsall tooltipsincontent classtoolTips110'>KIA<\/span><\/strong><\/span><\/td>\n<td colspan=\"5\"><\/td>\n<\/tr>\n<tr style=\"height: 60px;\">\n<td><img decoding=\"async\" class=\"size-full wp-image-47215 alignleft\" title=\"Royaume Uni\" src=\"https:\/\/www.auzeau.fr\/39-45\/wp-content\/uploads\/images\/Drapeaux\/Angleterre.png\" alt=\"Royaume-Uni\" width=\"40\" height=\"20\" \/><\/td>\n<td><span class='tooltipsall tooltipsincontent classtoolTips183'>FS<\/span><\/td>\n<td colspan=\"5\">Arthur Alec<\/td>\n<td colspan=\"3\"><span style=\"color: #000000;\"><strong>JEFFRIES<\/strong><\/span><\/td>\n<td style=\"text-align: center;\"><span class='tooltipsall tooltipsincontent classtoolTips116'>Nav<\/span><\/td>\n<td style=\"text-align: center;\"><span class='tooltipsall tooltipsincontent classtoolTips45'>RAFVR<\/span><\/td>\n<td style=\"text-align: center;\" colspan=\"2\">1557416<\/td>\n<td><span class='tooltipsall tooltipsincontent classtoolTips113'>POW<\/span><\/td>\n<td colspan=\"5\"><\/td>\n<\/tr>\n<tr style=\"height: 60px;\">\n<td><img decoding=\"async\" class=\"size-full wp-image-47215 alignleft\" title=\"Royaume Uni\" src=\"https:\/\/www.auzeau.fr\/39-45\/wp-content\/uploads\/images\/Drapeaux\/Angleterre.png\" alt=\"Royaume-Uni\" width=\"40\" height=\"20\" \/><\/td>\n<td><span class='tooltipsall tooltipsincontent classtoolTips96'>Sgt<\/span><\/td>\n<td colspan=\"5\">Douglas William<\/td>\n<td colspan=\"3\"><span style=\"color: #000000;\"><strong>McMILLAN<\/strong><\/span><\/td>\n<td style=\"text-align: center;\"><span class='tooltipsall tooltipsincontent classtoolTips185'>AG<\/span><\/td>\n<td style=\"text-align: center;\"><span class='tooltipsall tooltipsincontent classtoolTips45'>RAFVR<\/span><\/td>\n<td style=\"text-align: center;\" colspan=\"2\">1672812<\/td>\n<td><span style=\"color: #000000;\"><strong><span class='tooltipsall tooltipsincontent classtoolTips110'>KIA<\/span><\/strong><\/span><\/td>\n<td colspan=\"5\"><img decoding=\"async\" class=\"alignnone size-full wp-image-35378\" title=\"Distinguished-Flying-Medal\" src=\"https:\/\/www.auzeau.fr\/39-45\/wp-content\/uploads\/images\/Medaille\/Distinguished-Flying-Medal.png\" alt=\"Medaille - Distinguished-Flying-Medal.png\" width=\"73\" height=\"20\" \/><\/td>\n<\/tr>\n<tr style=\"height: 60px;\">\n<td><img decoding=\"async\" class=\"size-full wp-image-47215 alignleft\" title=\"Royaume Uni\" src=\"https:\/\/www.auzeau.fr\/39-45\/wp-content\/uploads\/images\/Drapeaux\/Angleterre.png\" alt=\"Royaume-Uni\" width=\"40\" height=\"20\" \/><\/td>\n<td><span class='tooltipsall tooltipsincontent classtoolTips96'>Sgt<\/span><\/td>\n<td colspan=\"5\">George<\/td>\n<td colspan=\"3\"><span style=\"color: #000000;\"><strong>TIPPING<\/strong><\/span><\/td>\n<td style=\"text-align: center;\"><span class='tooltipsall tooltipsincontent classtoolTips188'>AB<\/span><\/td>\n<td style=\"text-align: center;\"><span class='tooltipsall tooltipsincontent classtoolTips45'>RAFVR<\/span><\/td>\n<td style=\"text-align: center;\" colspan=\"2\">1437929<\/td>\n<td><span class='tooltipsall tooltipsincontent classtoolTips113'>POW<\/span><\/td>\n<td colspan=\"5\"><\/td>\n<\/tr>\n<tr style=\"height: 60px;\">\n<td><img loading=\"lazy\" decoding=\"async\" class=\"size-full wp-image-47228 alignleft\" title=\"Australie\" src=\"https:\/\/www.auzeau.fr\/39-45\/wp-content\/uploads\/images\/Drapeaux\/Australie.png\" alt=\"Australie\" width=\"40\" height=\"20\" \/><\/td>\n<td><span class='tooltipsall tooltipsincontent classtoolTips12'>Plt Off<\/span><\/td>\n<td colspan=\"5\">Kenneth Fred<\/td>\n<td colspan=\"3\"><span style=\"color: #000000;\"><strong>WITHERS<\/strong><\/span><\/td>\n<td style=\"text-align: center;\"><span class='tooltipsall tooltipsincontent classtoolTips151'>Pil<\/span><\/td>\n<td style=\"text-align: center;\"><span class='tooltipsall tooltipsincontent classtoolTips77'>RAAF<\/span><\/td>\n<td style=\"text-align: center;\" colspan=\"2\">406893<\/td>\n<td><span style=\"color: #000000;\"><strong><span class='tooltipsall tooltipsincontent classtoolTips110'>KIA<\/span><\/strong><\/span><\/td>\n<td colspan=\"5\"><\/td>\n<\/tr>\n<\/tbody>\n<\/table>\n<div id='gallery-1' class='gallery galleryid-59160 gallery-columns-5 gallery-size-thumbnail'><figure class='gallery-item'>\n\t\t\t<div class='gallery-icon portrait'>\n\t\t\t\t<a title=\"Buckland\"  title=\"Buckland\"  href='https:\/\/www.auzeau.fr\/39-45\/wp-content\/uploads\/Cimetieres\/60%20--\/72-Sarthe\/Le_Mans\/LW517\/Buckland.jpg'><img loading=\"lazy\" decoding=\"async\" width=\"150\" height=\"150\" src=\"https:\/\/www.auzeau.fr\/39-45\/wp-content\/uploads\/Cimetieres\/60 --\/72-Sarthe\/Le_Mans\/LW517\/Buckland-150x150.jpg\" class=\"attachment-thumbnail size-thumbnail\" alt=\"\" srcset=\"https:\/\/www.auzeau.fr\/39-45\/wp-content\/uploads\/Cimetieres\/60%20--\/72-Sarthe\/Le_Mans\/LW517\/Buckland-150x150.jpg 150w, https:\/\/www.auzeau.fr\/39-45\/wp-content\/uploads\/Cimetieres\/60%20--\/72-Sarthe\/Le_Mans\/LW517\/Buckland-50x50.jpg 50w\" sizes=\"(max-width: 150px) 100vw, 150px\" \/><\/a>\n\t\t\t<\/div><\/figure><figure class='gallery-item'>\n\t\t\t<div class='gallery-icon portrait'>\n\t\t\t\t<a title=\"Cantle-Jones\"  title=\"Cantle-Jones\"  href='https:\/\/www.auzeau.fr\/39-45\/wp-content\/uploads\/Cimetieres\/60%20--\/72-Sarthe\/Le_Mans\/LW517\/Cantle-Jones.jpg'><img loading=\"lazy\" decoding=\"async\" width=\"150\" height=\"150\" src=\"https:\/\/www.auzeau.fr\/39-45\/wp-content\/uploads\/Cimetieres\/60 --\/72-Sarthe\/Le_Mans\/LW517\/Cantle-Jones-150x150.jpg\" class=\"attachment-thumbnail size-thumbnail\" alt=\"\" srcset=\"https:\/\/www.auzeau.fr\/39-45\/wp-content\/uploads\/Cimetieres\/60%20--\/72-Sarthe\/Le_Mans\/LW517\/Cantle-Jones-150x150.jpg 150w, https:\/\/www.auzeau.fr\/39-45\/wp-content\/uploads\/Cimetieres\/60%20--\/72-Sarthe\/Le_Mans\/LW517\/Cantle-Jones-50x50.jpg 50w\" sizes=\"(max-width: 150px) 100vw, 150px\" \/><\/a>\n\t\t\t<\/div><\/figure><figure class='gallery-item'>\n\t\t\t<div class='gallery-icon portrait'>\n\t\t\t\t<a title=\"Currie\"  title=\"Currie\"  href='https:\/\/www.auzeau.fr\/39-45\/wp-content\/uploads\/Cimetieres\/60%20--\/72-Sarthe\/Le_Mans\/LW517\/Currie.jpg'><img loading=\"lazy\" decoding=\"async\" width=\"150\" height=\"150\" src=\"https:\/\/www.auzeau.fr\/39-45\/wp-content\/uploads\/Cimetieres\/60 --\/72-Sarthe\/Le_Mans\/LW517\/Currie-150x150.jpg\" class=\"attachment-thumbnail size-thumbnail\" alt=\"\" srcset=\"https:\/\/www.auzeau.fr\/39-45\/wp-content\/uploads\/Cimetieres\/60%20--\/72-Sarthe\/Le_Mans\/LW517\/Currie-150x150.jpg 150w, https:\/\/www.auzeau.fr\/39-45\/wp-content\/uploads\/Cimetieres\/60%20--\/72-Sarthe\/Le_Mans\/LW517\/Currie-50x50.jpg 50w\" sizes=\"(max-width: 150px) 100vw, 150px\" \/><\/a>\n\t\t\t<\/div><\/figure><figure class='gallery-item'>\n\t\t\t<div class='gallery-icon portrait'>\n\t\t\t\t<a title=\"Mc_Millan\"  title=\"Mc_Millan\"  href='https:\/\/www.auzeau.fr\/39-45\/wp-content\/uploads\/Cimetieres\/60%20--\/72-Sarthe\/Le_Mans\/LW517\/Mc_Millan.jpg'><img loading=\"lazy\" decoding=\"async\" width=\"150\" height=\"150\" src=\"https:\/\/www.auzeau.fr\/39-45\/wp-content\/uploads\/Cimetieres\/60 --\/72-Sarthe\/Le_Mans\/LW517\/Mc_Millan-150x150.jpg\" class=\"attachment-thumbnail size-thumbnail\" alt=\"\" srcset=\"https:\/\/www.auzeau.fr\/39-45\/wp-content\/uploads\/Cimetieres\/60%20--\/72-Sarthe\/Le_Mans\/LW517\/Mc_Millan-150x150.jpg 150w, https:\/\/www.auzeau.fr\/39-45\/wp-content\/uploads\/Cimetieres\/60%20--\/72-Sarthe\/Le_Mans\/LW517\/Mc_Millan-50x50.jpg 50w\" sizes=\"(max-width: 150px) 100vw, 150px\" \/><\/a>\n\t\t\t<\/div><\/figure><figure class='gallery-item'>\n\t\t\t<div class='gallery-icon portrait'>\n\t\t\t\t<a title=\"Withers\"  title=\"Withers\"  href='https:\/\/www.auzeau.fr\/39-45\/wp-content\/uploads\/Cimetieres\/60%20--\/72-Sarthe\/Le_Mans\/LW517\/Withers.jpg'><img loading=\"lazy\" decoding=\"async\" width=\"150\" height=\"150\" src=\"https:\/\/www.auzeau.fr\/39-45\/wp-content\/uploads\/Cimetieres\/60 --\/72-Sarthe\/Le_Mans\/LW517\/Withers-150x150.jpg\" class=\"attachment-thumbnail size-thumbnail\" alt=\"\" srcset=\"https:\/\/www.auzeau.fr\/39-45\/wp-content\/uploads\/Cimetieres\/60%20--\/72-Sarthe\/Le_Mans\/LW517\/Withers-150x150.jpg 150w, https:\/\/www.auzeau.fr\/39-45\/wp-content\/uploads\/Cimetieres\/60%20--\/72-Sarthe\/Le_Mans\/LW517\/Withers-50x50.jpg 50w\" sizes=\"(max-width: 150px) 100vw, 150px\" \/><\/a>\n\t\t\t<\/div><\/figure>\n\t\t<\/div>\n\n<p><span style=\"font-size: 10pt;\"><span style=\"color: #000000;\"><strong>13 mai 2020<\/strong><\/span> : Ajout des pr\u00e9noms des <span class='tooltipsall tooltipsincontent classtoolTips96'>Sgt<\/span> JEFFRIES et TIPPING<\/span><\/p>\n<table style=\"background-color: #dcdcdc;\">\n<tbody>\n<tr>\n<td style=\"text-align: center; vertical-align: middle;\">\n<p style=\"text-align: center;\"><ul id=\"menu-72-le-mans\" class=\"menu\"><li id=\"menu-item-59205\" class=\"menu-item menu-item-type-post_type menu-item-object-page menu-item-59205\"><a href=\"https:\/\/www.auzeau.fr\/39-45\/france\/72-sarthe\/72-le-mans\/\">Mosquito DZ691<\/a><\/li>\n<li id=\"menu-item-59188\" class=\"menu-item menu-item-type-post_type menu-item-object-page menu-item-59188\"><a href=\"https:\/\/www.auzeau.fr\/39-45\/france\/72-sarthe\/72-le-mans-2\/\">Lancaster ED714<\/a><\/li>\n<li id=\"menu-item-59189\" class=\"menu-item menu-item-type-post_type menu-item-object-page menu-item-59189\"><a href=\"https:\/\/www.auzeau.fr\/39-45\/france\/72-sarthe\/72-le-mans-3\/\">Lancaster W4828<\/a><\/li>\n<li id=\"menu-item-59190\" class=\"menu-item menu-item-type-post_type menu-item-object-page menu-item-59190\"><a href=\"https:\/\/www.auzeau.fr\/39-45\/france\/72-sarthe\/72-le-mans-4\/\">Lancaster DS684<\/a><\/li>\n<li id=\"menu-item-59191\" class=\"menu-item menu-item-type-post_type menu-item-object-page menu-item-59191\"><a href=\"https:\/\/www.auzeau.fr\/39-45\/france\/72-sarthe\/72-le-mans-5\/\">Mosquito LR430<\/a><\/li>\n<li id=\"menu-item-59192\" class=\"menu-item menu-item-type-post_type menu-item-object-page menu-item-59192\"><a href=\"https:\/\/www.auzeau.fr\/39-45\/france\/72-sarthe\/72-le-mans-6\/\">Halifax LW517<\/a><\/li>\n<li id=\"menu-item-59193\" class=\"menu-item menu-item-type-post_type menu-item-object-page menu-item-59193\"><a href=\"https:\/\/www.auzeau.fr\/39-45\/france\/72-sarthe\/72-le-mans-7\/\">Halifax LL280<\/a><\/li>\n<li id=\"menu-item-59194\" class=\"menu-item menu-item-type-post_type menu-item-object-page menu-item-59194\"><a href=\"https:\/\/www.auzeau.fr\/39-45\/france\/72-sarthe\/72-le-mans-8\/\">Lancaster HK547<\/a><\/li>\n<li id=\"menu-item-59195\" class=\"menu-item menu-item-type-post_type menu-item-object-page menu-item-59195\"><a href=\"https:\/\/www.auzeau.fr\/39-45\/france\/72-sarthe\/72-le-mans-9\/\">Lancaster JB653<\/a><\/li>\n<li id=\"menu-item-59196\" class=\"menu-item menu-item-type-post_type menu-item-object-page menu-item-59196\"><a href=\"https:\/\/www.auzeau.fr\/39-45\/france\/72-sarthe\/72-le-mans-10\/\">Lancaster ND845<\/a><\/li>\n<li id=\"menu-item-59197\" class=\"menu-item menu-item-type-post_type menu-item-object-page menu-item-59197\"><a href=\"https:\/\/www.auzeau.fr\/39-45\/france\/72-sarthe\/72-le-mans-11\/\">Halifax LK810<\/a><\/li>\n<li id=\"menu-item-59198\" class=\"menu-item menu-item-type-post_type menu-item-object-page menu-item-59198\"><a href=\"https:\/\/www.auzeau.fr\/39-45\/france\/72-sarthe\/72-le-mans-12\/\">Halifax MZ506<\/a><\/li>\n<li id=\"menu-item-59199\" class=\"menu-item menu-item-type-post_type menu-item-object-page menu-item-59199\"><a href=\"https:\/\/www.auzeau.fr\/39-45\/france\/72-sarthe\/72-le-mans-13\/\">P47 Thunderbold 42-76145<\/a><\/li>\n<li id=\"menu-item-59200\" class=\"menu-item menu-item-type-post_type menu-item-object-page menu-item-59200\"><a href=\"https:\/\/www.auzeau.fr\/39-45\/france\/72-sarthe\/72-le-mans-14\/\">P51 Mustang AG377<\/a><\/li>\n<li id=\"menu-item-59201\" class=\"menu-item menu-item-type-post_type menu-item-object-page menu-item-59201\"><a href=\"https:\/\/www.auzeau.fr\/39-45\/france\/72-sarthe\/72-le-mans-15\/\">P51 Mustang FR902<\/a><\/li>\n<li id=\"menu-item-59202\" class=\"menu-item menu-item-type-post_type menu-item-object-page menu-item-59202\"><a href=\"https:\/\/www.auzeau.fr\/39-45\/france\/72-sarthe\/72-le-mans-16\/\">Typhoon MN818<\/a><\/li>\n<li id=\"menu-item-59203\" class=\"menu-item menu-item-type-post_type menu-item-object-page menu-item-59203\"><a href=\"https:\/\/www.auzeau.fr\/39-45\/france\/72-sarthe\/72-le-mans-17\/\">Halifax LL129<\/a><\/li>\n<li id=\"menu-item-59204\" class=\"menu-item menu-item-type-post_type menu-item-object-page menu-item-59204\"><a href=\"https:\/\/www.auzeau.fr\/39-45\/france\/72-sarthe\/72-le-mans-18\/\">Halifax LL401<\/a><\/li>\n<\/ul>\n<\/td>\n<\/tr>\n<\/tbody>\n<\/table>\n<hr \/>\n<p style=\"text-align: center;\"><ul id=\"menu-72-sarthe\" class=\"menu\"><li id=\"menu-item-59049\" class=\"menu-item menu-item-type-post_type menu-item-object-page menu-item-59049\"><a href=\"https:\/\/www.auzeau.fr\/39-45\/france\/72-sarthe\/72-la-fleche\/\">72 \u2013 La Fl\u00e8che<\/a><\/li>\n<li id=\"menu-item-59048\" class=\"menu-item menu-item-type-post_type menu-item-object-page menu-item-59048\"><a href=\"https:\/\/www.auzeau.fr\/39-45\/france\/72-sarthe\/72-le-mans\/\">72 \u2013 Le Mans<\/a><\/li>\n<li id=\"menu-item-59047\" class=\"menu-item menu-item-type-post_type menu-item-object-page menu-item-59047\"><a href=\"https:\/\/www.auzeau.fr\/39-45\/france\/72-sarthe\/72-yvre-leveque\/\">72 &#8211; Yvr\u00e9-l&#8217;\u00c9v\u00eaque<\/a><\/li>\n<li id=\"menu-item-69908\" class=\"menu-item menu-item-type-post_type menu-item-object-page menu-item-69908\"><a href=\"https:\/\/www.auzeau.fr\/39-45\/france\/72-sarthe\/72-le-grand-luce\/\">72 \u2013 Le Grand-Luc\u00e9<\/a><\/li>\n<\/ul>\n<script type=\"text\/javascript\"> toolTips('.classtoolTips12','Pilot Officer'); <\/script><script type=\"text\/javascript\"> toolTips('.classtoolTips45','Royal Air Force Volunteer Reserve'); <\/script><script type=\"text\/javascript\"> toolTips('.classtoolTips70','<img class=\"aligncenter wp-image-65848 size-full\" title=\"Flak18\" src=\"https:\/\/www.auzeau.fr\/39-45\/wp-content\/uploads\/images\/Materiel\/Flak18.JPG\" alt=\"\" width=\"640\" height=\"499\" \/><br\/><img class=\"aligncenter size-full wp-image-65849\" title=\"Flak30\" src=\"https:\/\/www.auzeau.fr\/39-45\/wp-content\/uploads\/images\/Materiel\/Flak30.JPG\" alt=\"\" width=\"640\" height=\"499\" \/>'); <\/script><script type=\"text\/javascript\"> toolTips('.classtoolTips77','Royal Australian Air Force'); <\/script><script type=\"text\/javascript\"> toolTips('.classtoolTips96','Sergent<br\/><br\/>Sergeant'); <\/script><script type=\"text\/javascript\"> toolTips('.classtoolTips98','Colonel'); <\/script><script type=\"text\/javascript\"> toolTips('.classtoolTips110','Tu\u00e9 au combat<br\/><br\/>Killed In Action'); <\/script><script type=\"text\/javascript\"> toolTips('.classtoolTips113','Prisonnier de Guerre<br\/><br\/>Prisoner Of War'); <\/script><script type=\"text\/javascript\"> toolTips('.classtoolTips115','Op\u00e9rateur Radio<br\/><br\/>Wireless Op\u00e9rator'); <\/script><script type=\"text\/javascript\"> toolTips('.classtoolTips116','Navigateur<br\/><br\/>Navigator'); <\/script><script type=\"text\/javascript\"> toolTips('.classtoolTips118','Canonnier'); <\/script><script type=\"text\/javascript\"> toolTips('.classtoolTips136','Arm\u00e9e de l\u2019Air Fran\u00e7aise'); <\/script><script type=\"text\/javascript\"> toolTips('.classtoolTips144','Royal Corps of Signals'); <\/script><script type=\"text\/javascript\"> toolTips('.classtoolTips146','Royal Air Force'); <\/script><script type=\"text\/javascript\"> toolTips('.classtoolTips151','Pilote<br\/><br\/>Pilot'); <\/script><script type=\"text\/javascript\"> toolTips('.classtoolTips153','Porucznik'); <\/script><script type=\"text\/javascript\"> toolTips('.classtoolTips154','Groupe de Liaisons A\u00e9riennes'); <\/script><script type=\"text\/javascript\"> toolTips('.classtoolTips158','Midshipman'); <\/script><script type=\"text\/javascript\"> toolTips('.classtoolTips182','Warrant Officer'); <\/script><script type=\"text\/javascript\"> toolTips('.classtoolTips183','Flight Sergeant'); <\/script><script type=\"text\/javascript\"> toolTips('.classtoolTips185','Mitrailleur<br\/><br\/>Air Gunner'); <\/script><script type=\"text\/javascript\"> toolTips('.classtoolTips187','Zone de parachutage<br\/><br\/>Dropping Zone'); <\/script><script type=\"text\/javascript\"> toolTips('.classtoolTips188','Bombardier<br\/><br\/>Air bomber'); <\/script><script type=\"text\/javascript\"> toolTips('.classtoolTips189','M\u00e9canicien volant<br\/><br\/>Flying Enginer'); <\/script><script type=\"text\/javascript\"> toolTips('.classtoolTips193','Royal Navy'); <\/script><script type=\"text\/javascript\"> toolTips('.classtoolTips195','Enseigne de Vaisseau'); <\/script><script type=\"text\/javascript\"> toolTips('.classtoolTips197','Aircraftman'); <\/script><script type=\"text\/javascript\"> toolTips('.classtoolTips199','Radio Officer'); <\/script><script type=\"text\/javascript\"> toolTips('.classtoolTips201','Lieutenant'); <\/script>","protected":false},"excerpt":{"rendered":"<p>Halifax LW517 EY-Y 78 Sqn Date : \u00a014 mars 1944 Mission : \u00a0Bombardement d&#8217;installations ferroviaires au Mans (72) D\u00e9collage : \u00a0Breighton \u00e0 22:41 Causes de la perte : \u00a0Abattu par la Flak Lieu de la perte : \u00a0&#8220;Le Petit Vauguyon&#8221; Le Mans (72) Sgt Ernest BUCKLAND WOP RAFVR 1314518 KIA Sgt Allan CANTLE-JONES AG RAFVR [&hellip;]<\/p>\n","protected":false},"author":1,"featured_media":0,"parent":103,"menu_order":0,"comment_status":"closed","ping_status":"closed","template":"template-full-width Halifax.php","meta":{"_lmt_disableupdate":"yes","_lmt_disable":"","footnotes":""},"categories":[332],"tags":[496],"wf_page_folders":[3114],"class_list":["post-59160","page","type-page","status-publish","hentry","category-halifax","tag-78-squadron"],"_links":{"self":[{"href":"https:\/\/www.auzeau.fr\/39-45\/wp-json\/wp\/v2\/pages\/59160","targetHints":{"allow":["GET"]}}],"collection":[{"href":"https:\/\/www.auzeau.fr\/39-45\/wp-json\/wp\/v2\/pages"}],"about":[{"href":"https:\/\/www.auzeau.fr\/39-45\/wp-json\/wp\/v2\/types\/page"}],"author":[{"embeddable":true,"href":"https:\/\/www.auzeau.fr\/39-45\/wp-json\/wp\/v2\/users\/1"}],"replies":[{"embeddable":true,"href":"https:\/\/www.auzeau.fr\/39-45\/wp-json\/wp\/v2\/comments?post=59160"}],"version-history":[{"count":0,"href":"https:\/\/www.auzeau.fr\/39-45\/wp-json\/wp\/v2\/pages\/59160\/revisions"}],"up":[{"embeddable":true,"href":"https:\/\/www.auzeau.fr\/39-45\/wp-json\/wp\/v2\/pages\/103"}],"wp:attachment":[{"href":"https:\/\/www.auzeau.fr\/39-45\/wp-json\/wp\/v2\/media?parent=59160"}],"wp:term":[{"taxonomy":"category","embeddable":true,"href":"https:\/\/www.auzeau.fr\/39-45\/wp-json\/wp\/v2\/categories?post=59160"},{"taxonomy":"post_tag","embeddable":true,"href":"https:\/\/www.auzeau.fr\/39-45\/wp-json\/wp\/v2\/tags?post=59160"},{"taxonomy":"wf_page_folders","embeddable":true,"href":"https:\/\/www.auzeau.fr\/39-45\/wp-json\/wp\/v2\/wf_page_folders?post=59160"}],"curies":[{"name":"wp","href":"https:\/\/api.w.org\/{rel}","templated":true}]}}