{"id":58897,"date":"2018-05-08T08:46:18","date_gmt":"2018-05-08T06:46:18","guid":{"rendered":"http:\/\/39-45.auzeau.fr\/39-45\/france\/67-bas-rhin\/67-strasbourg-necropole-nationale-6-2\/"},"modified":"2017-08-18T16:11:30","modified_gmt":"2017-08-18T16:11:30","slug":"67-strasbourg-necropole-nationale-7","status":"publish","type":"page","link":"https:\/\/www.auzeau.fr\/39-45\/france\/67-bas-rhin\/67-strasbourg-necropole-nationale-7\/","title":{"rendered":"67 &#8211; Strasbourg N\u00e9cropole Nationale"},"content":{"rendered":"<p><img fetchpriority=\"high\" decoding=\"async\" class=\"aligncenter size-full wp-image-58882\" title=\"Strasbourg_Cronenbourg\" src=\"https:\/\/www.auzeau.fr\/39-45\/wp-content\/uploads\/Cimetieres\/60 --\/67-Bas-Rhin\/Strasbourg\/Strasbourg_Cronenbourg.jpg\" alt=\"\" width=\"900\" height=\"450\" srcset=\"https:\/\/www.auzeau.fr\/39-45\/wp-content\/uploads\/Cimetieres\/60%20--\/67-Bas-Rhin\/Strasbourg\/Strasbourg_Cronenbourg.jpg 900w, https:\/\/www.auzeau.fr\/39-45\/wp-content\/uploads\/Cimetieres\/60%20--\/67-Bas-Rhin\/Strasbourg\/Strasbourg_Cronenbourg-300x150.jpg 300w, https:\/\/www.auzeau.fr\/39-45\/wp-content\/uploads\/Cimetieres\/60%20--\/67-Bas-Rhin\/Strasbourg\/Strasbourg_Cronenbourg-768x384.jpg 768w\" sizes=\"(max-width: 900px) 100vw, 900px\" \/><\/p>\n<table style=\"width: 100%;\" border=\"0\">\n<tbody>\n<tr>\n<td style=\"width: 5%;\"><\/td>\n<td style=\"width: 5%;\"><\/td>\n<td style=\"width: 5%;\"><\/td>\n<td style=\"width: 5%;\"><\/td>\n<td style=\"width: 5%;\"><\/td>\n<td style=\"width: 5%;\"><\/td>\n<td style=\"width: 5%;\"><\/td>\n<td style=\"width: 5%;\"><\/td>\n<td style=\"width: 5%;\"><\/td>\n<td style=\"width: 5%;\"><\/td>\n<td style=\"width: 5%;\"><\/td>\n<td style=\"width: 5%;\"><\/td>\n<td style=\"width: 5%;\"><\/td>\n<td style=\"width: 5%;\"><\/td>\n<td style=\"width: 5%;\"><\/td>\n<td style=\"width: 5%;\"><\/td>\n<td style=\"width: 5%;\"><\/td>\n<td style=\"width: 5%;\"><\/td>\n<td style=\"width: 5%;\"><\/td>\n<td style=\"width: 5%;\"><\/td>\n<\/tr>\n<tr>\n<td colspan=\"15\"><span style=\"color: #000000;\"><strong><span style=\"font-size: xx-large;\">B26 Marauder 42-107826<\/span><\/strong><br \/>\nMatricule <span class='tooltipsall tooltipsincontent classtoolTips136'>AAF<\/span> : 61<\/span><\/td>\n<td style=\"text-align: center;\" colspan=\"5\"><strong><span style=\"font-size: xx-large;\">GB I\/19<\/span><\/strong><br \/>\n<strong>Groupe Gascogne<\/strong><\/td>\n<\/tr>\n<tr style=\"height: 40px;\">\n<td style=\"text-align: right;\" colspan=\"2\"><strong>Date : <\/strong><\/td>\n<td colspan=\"5\"><em>16 d\u00e9cembre 1944<br \/>\n<\/em><\/td>\n<td style=\"text-align: right;\" colspan=\"3\"><strong>Mission : <\/strong><\/td>\n<td colspan=\"10\">Bombardement du pont de Neuf-Brisach (67)<\/td>\n<\/tr>\n<tr style=\"height: 40px;\">\n<td><\/td>\n<td><\/td>\n<td style=\"text-align: right;\" colspan=\"5\"><strong>D\u00e9collage : <\/strong><\/td>\n<td colspan=\"10\">Lyon-Bron (69)<\/td>\n<td><\/td>\n<td><\/td>\n<td><\/td>\n<\/tr>\n<tr style=\"height: 40px;\">\n<td><\/td>\n<td><\/td>\n<td style=\"text-align: right;\" colspan=\"5\"><strong>Causes de la perte : <\/strong><\/td>\n<td colspan=\"10\">Touch\u00e9 par la <span class='tooltipsall tooltipsincontent classtoolTips70'>Flak<\/span> entre en collision avec le<a href=\"https:\/\/www.auzeau.fr\/39-45\/france\/67-bas-rhin\/67-strasbourg-necropole-nationale-6\/\"> B26 Maraudeur 42-107827<\/a><\/td>\n<td><\/td>\n<td><\/td>\n<td><\/td>\n<\/tr>\n<tr style=\"height: 40px;\">\n<td><\/td>\n<td><\/td>\n<td style=\"text-align: right;\" colspan=\"5\"><strong>Lieu de la perte :<br \/>\n<\/strong><\/td>\n<td colspan=\"10\">Neuf-Brisach (67)<\/td>\n<td><\/td>\n<td><\/td>\n<td><\/td>\n<\/tr>\n<tr style=\"height: 60px;\">\n<td><img decoding=\"async\" class=\"size-full wp-image-47214 alignleft\" title=\"France\" src=\"https:\/\/www.auzeau.fr\/39-45\/wp-content\/uploads\/images\/Drapeaux\/France.png\" alt=\"France\" width=\"40\" height=\"20\" \/><\/td>\n<td><span class='tooltipsall tooltipsincontent classtoolTips107'>ASP<\/span><\/td>\n<td colspan=\"5\">Gaston<\/td>\n<td colspan=\"4\"><span style=\"color: #000000;\"><strong>CHAMBON<\/strong><\/span><\/td>\n<td><span class='tooltipsall tooltipsincontent classtoolTips132'>FAF<\/span><\/td>\n<td colspan=\"2\"><\/td>\n<td><span style=\"color: #000000;\"><strong><span class='tooltipsall tooltipsincontent classtoolTips110'>KIA<\/span><\/strong><\/span><\/td>\n<td colspan=\"5\"><span style=\"color: #000000;\"><strong><span class='tooltipsall tooltipsincontent classtoolTips126'>MPF<\/span><\/strong><\/span><\/td>\n<\/tr>\n<tr style=\"height: 60px;\">\n<td><img decoding=\"async\" class=\"size-full wp-image-47214 alignleft\" title=\"France\" src=\"https:\/\/www.auzeau.fr\/39-45\/wp-content\/uploads\/images\/Drapeaux\/France.png\" alt=\"France\" width=\"40\" height=\"20\" \/><\/td>\n<td><span class='tooltipsall tooltipsincontent classtoolTips96'>Sgt<\/span><\/td>\n<td colspan=\"5\">Marcel<\/td>\n<td colspan=\"4\"><span style=\"color: #000000;\"><strong>CHITEBOUN<\/strong><\/span><\/td>\n<td><span class='tooltipsall tooltipsincontent classtoolTips69'>FAFL<\/span><\/td>\n<td colspan=\"2\"><\/td>\n<td><span style=\"color: #000000;\"><strong><span class='tooltipsall tooltipsincontent classtoolTips110'>KIA<\/span><\/strong><\/span><\/td>\n<td colspan=\"5\"><span style=\"color: #000000;\"><strong><span class='tooltipsall tooltipsincontent classtoolTips126'>MPF<\/span><\/strong><\/span><\/td>\n<\/tr>\n<tr style=\"height: 60px;\">\n<td><img decoding=\"async\" class=\"size-full wp-image-47214 alignleft\" title=\"France\" src=\"https:\/\/www.auzeau.fr\/39-45\/wp-content\/uploads\/images\/Drapeaux\/France.png\" alt=\"France\" width=\"40\" height=\"20\" \/><\/td>\n<td><span class='tooltipsall tooltipsincontent classtoolTips170'>Cne<\/span><\/td>\n<td colspan=\"5\">Pierre<\/td>\n<td colspan=\"4\"><span style=\"color: #000000;\"><strong>LACORDAIRE<\/strong><\/span><\/td>\n<td><span class='tooltipsall tooltipsincontent classtoolTips132'>FAF<\/span><\/td>\n<td colspan=\"2\"><\/td>\n<td><span style=\"color: #000000;\"><strong><span class='tooltipsall tooltipsincontent classtoolTips110'>KIA<\/span><\/strong><\/span><\/td>\n<td colspan=\"5\"><span style=\"color: #000000;\"><strong><span class='tooltipsall tooltipsincontent classtoolTips126'>MPF<\/span><\/strong><\/span><\/td>\n<\/tr>\n<tr style=\"height: 60px;\">\n<td><img decoding=\"async\" class=\"size-full wp-image-47214 alignleft\" title=\"France\" src=\"https:\/\/www.auzeau.fr\/39-45\/wp-content\/uploads\/images\/Drapeaux\/France.png\" alt=\"France\" width=\"40\" height=\"20\" \/><\/td>\n<td><span class='tooltipsall tooltipsincontent classtoolTips89'>SCH<\/span><\/td>\n<td colspan=\"5\">Ren\u00e9 Ernest Fernand<\/td>\n<td colspan=\"4\"><span style=\"color: #000000;\"><strong>LANGLOIS<\/strong><\/span><\/td>\n<td><span class='tooltipsall tooltipsincontent classtoolTips132'>FAF<\/span><\/td>\n<td colspan=\"2\"><\/td>\n<td><span style=\"color: #000000;\"><strong><span class='tooltipsall tooltipsincontent classtoolTips110'>KIA<\/span><\/strong><\/span><\/td>\n<td colspan=\"5\"><span style=\"color: #000000;\"><strong><span class='tooltipsall tooltipsincontent classtoolTips126'>MPF<\/span><\/strong><\/span><\/td>\n<\/tr>\n<tr style=\"height: 60px;\">\n<td><img decoding=\"async\" class=\"size-full wp-image-47214 alignleft\" title=\"France\" src=\"https:\/\/www.auzeau.fr\/39-45\/wp-content\/uploads\/images\/Drapeaux\/France.png\" alt=\"France\" width=\"40\" height=\"20\" \/><\/td>\n<td><span class='tooltipsall tooltipsincontent classtoolTips181'>SLT<\/span><\/td>\n<td colspan=\"5\">Hippolyte<\/td>\n<td colspan=\"4\"><span style=\"color: #000000;\"><strong>MENOU<\/strong><\/span><\/td>\n<td><span class='tooltipsall tooltipsincontent classtoolTips132'>FAF<\/span><\/td>\n<td colspan=\"2\"><\/td>\n<td><span style=\"color: #000000;\"><strong><span class='tooltipsall tooltipsincontent classtoolTips110'>KIA<\/span><\/strong><\/span><\/td>\n<td colspan=\"5\"><span style=\"color: #000000;\"><strong><span class='tooltipsall tooltipsincontent classtoolTips126'>MPF<\/span><\/strong><\/span><\/td>\n<\/tr>\n<tr style=\"height: 60px;\">\n<td><img decoding=\"async\" class=\"size-full wp-image-47214 alignleft\" title=\"France\" src=\"https:\/\/www.auzeau.fr\/39-45\/wp-content\/uploads\/images\/Drapeaux\/France.png\" alt=\"France\" width=\"40\" height=\"20\" \/><\/td>\n<td><span class='tooltipsall tooltipsincontent classtoolTips96'>Sgt<\/span><\/td>\n<td colspan=\"5\">Andr\u00e9<\/td>\n<td colspan=\"4\"><span style=\"color: #000000;\"><strong>TAUVERON<\/strong><\/span><\/td>\n<td><span class='tooltipsall tooltipsincontent classtoolTips132'>FAF<\/span><\/td>\n<td colspan=\"2\"><\/td>\n<td><span style=\"color: #000000;\"><strong><span class='tooltipsall tooltipsincontent classtoolTips110'>KIA<\/span><\/strong><\/span><\/td>\n<td colspan=\"5\"><span style=\"color: #000000;\"><strong><span class='tooltipsall tooltipsincontent classtoolTips126'>MPF<\/span><\/strong><\/span><\/td>\n<\/tr>\n<\/tbody>\n<\/table>\n<div id='gallery-1' class='gallery galleryid-58897 gallery-columns-2 gallery-size-thumbnail'><figure class='gallery-item'>\n\t\t\t<div class='gallery-icon landscape'>\n\t\t\t\t<a title=\"Marauder 42-107826\"  title=\"Marauder 42-107826\"  href='https:\/\/www.auzeau.fr\/39-45\/wp-content\/uploads\/Cimetieres\/60%20--\/67-Bas-Rhin\/Strasbourg\/B26-61\/Marauder_42-107826_1.jpg'><img decoding=\"async\" width=\"150\" height=\"150\" src=\"https:\/\/www.auzeau.fr\/39-45\/wp-content\/uploads\/Cimetieres\/60 --\/67-Bas-Rhin\/Strasbourg\/B26-61\/Marauder_42-107826_1-150x150.jpg\" class=\"attachment-thumbnail size-thumbnail\" alt=\"\" srcset=\"https:\/\/www.auzeau.fr\/39-45\/wp-content\/uploads\/Cimetieres\/60%20--\/67-Bas-Rhin\/Strasbourg\/B26-61\/Marauder_42-107826_1-150x150.jpg 150w, https:\/\/www.auzeau.fr\/39-45\/wp-content\/uploads\/Cimetieres\/60%20--\/67-Bas-Rhin\/Strasbourg\/B26-61\/Marauder_42-107826_1-50x50.jpg 50w\" sizes=\"(max-width: 150px) 100vw, 150px\" \/><\/a>\n\t\t\t<\/div><\/figure><figure class='gallery-item'>\n\t\t\t<div class='gallery-icon portrait'>\n\t\t\t\t<a title=\"Marauder 42-107826\"  title=\"Marauder 42-107826\"  href='https:\/\/www.auzeau.fr\/39-45\/wp-content\/uploads\/Cimetieres\/60%20--\/67-Bas-Rhin\/Strasbourg\/B26-61\/Marauder_42-107826_2.jpg'><img loading=\"lazy\" decoding=\"async\" width=\"150\" height=\"150\" src=\"https:\/\/www.auzeau.fr\/39-45\/wp-content\/uploads\/Cimetieres\/60 --\/67-Bas-Rhin\/Strasbourg\/B26-61\/Marauder_42-107826_2-150x150.jpg\" class=\"attachment-thumbnail size-thumbnail\" alt=\"\" srcset=\"https:\/\/www.auzeau.fr\/39-45\/wp-content\/uploads\/Cimetieres\/60%20--\/67-Bas-Rhin\/Strasbourg\/B26-61\/Marauder_42-107826_2-150x150.jpg 150w, https:\/\/www.auzeau.fr\/39-45\/wp-content\/uploads\/Cimetieres\/60%20--\/67-Bas-Rhin\/Strasbourg\/B26-61\/Marauder_42-107826_2-50x50.jpg 50w\" sizes=\"(max-width: 150px) 100vw, 150px\" \/><\/a>\n\t\t\t<\/div><\/figure>\n\t\t<\/div>\n\n<table style=\"background-color: #dcdcdc;\">\n<tbody>\n<tr>\n<td>\n<p style=\"text-align: center;\"><ul id=\"menu-67-strasbourg\" class=\"menu\"><li id=\"menu-item-58883\" class=\"menu-item menu-item-type-post_type menu-item-object-page menu-item-58883\"><a href=\"https:\/\/www.auzeau.fr\/39-45\/france\/67-bas-rhin\/67-strasbourg-necropole-nationale\/\">MB200 n\u00b0 162<\/a><\/li>\n<li id=\"menu-item-58907\" class=\"menu-item menu-item-type-post_type menu-item-object-page menu-item-58907\"><a href=\"https:\/\/www.auzeau.fr\/39-45\/france\/67-bas-rhin\/67-strasbourg-necropole-nationale-2\/\">MS406 N\u00b0 379<\/a><\/li>\n<li id=\"menu-item-58906\" class=\"menu-item menu-item-type-post_type menu-item-object-page menu-item-58906\"><a href=\"https:\/\/www.auzeau.fr\/39-45\/france\/67-bas-rhin\/67-strasbourg-necropole-nationale-3\/\">Lancaster HK568<\/a><\/li>\n<li id=\"menu-item-58905\" class=\"menu-item menu-item-type-post_type menu-item-object-page menu-item-58905\"><a href=\"https:\/\/www.auzeau.fr\/39-45\/france\/67-bas-rhin\/67-strasbourg-necropole-nationale-4\/\">Lancaster LL799<\/a><\/li>\n<li id=\"menu-item-58904\" class=\"menu-item menu-item-type-post_type menu-item-object-page menu-item-58904\"><a href=\"https:\/\/www.auzeau.fr\/39-45\/france\/67-bas-rhin\/67-strasbourg-necropole-nationale-5\/\">Lancaster LL962<\/a><\/li>\n<li id=\"menu-item-58902\" class=\"menu-item menu-item-type-post_type menu-item-object-page menu-item-58902\"><a href=\"https:\/\/www.auzeau.fr\/39-45\/france\/67-bas-rhin\/67-strasbourg-necropole-nationale-7\/\">B26 Marauder 42-107826<\/a><\/li>\n<li id=\"menu-item-58903\" class=\"menu-item menu-item-type-post_type menu-item-object-page menu-item-58903\"><a href=\"https:\/\/www.auzeau.fr\/39-45\/france\/67-bas-rhin\/67-strasbourg-necropole-nationale-6\/\">B26 Marauder 42-107827<\/a><\/li>\n<li id=\"menu-item-101405\" class=\"menu-item menu-item-type-post_type menu-item-object-page menu-item-101405\"><a href=\"https:\/\/www.auzeau.fr\/39-45\/france\/67-bas-rhin\/67-strasbourg-necropole-nationale-7-2\/\">Halifax MZ489<\/a><\/li>\n<li id=\"menu-item-104303\" class=\"menu-item menu-item-type-post_type menu-item-object-page menu-item-104303\"><a href=\"https:\/\/www.auzeau.fr\/39-45\/france\/67-bas-rhin\/67-strasbourg-necropole-nationale-11\/\">Spitfire ??<\/a><\/li>\n<li id=\"menu-item-102145\" class=\"menu-item menu-item-type-post_type menu-item-object-page menu-item-102145\"><a href=\"https:\/\/www.auzeau.fr\/39-45\/france\/67-bas-rhin\/67-strasbourg-necropole-nationale-10\/\">Spitfire PL202<\/a><\/li>\n<li id=\"menu-item-58901\" class=\"menu-item menu-item-type-post_type menu-item-object-page menu-item-58901\"><a href=\"https:\/\/www.auzeau.fr\/39-45\/france\/67-bas-rhin\/67-strasbourg-necropole-nationale-8\/\">Halifax NA547<\/a><\/li>\n<\/ul>\n<\/td>\n<\/tr>\n<\/tbody>\n<\/table>\n<hr \/>\n<p style=\"text-align: center;\"><ul id=\"menu-67-bas-rhin\" class=\"menu\"><li id=\"menu-item-58531\" class=\"menu-item menu-item-type-post_type menu-item-object-page menu-item-58531\"><a href=\"https:\/\/www.auzeau.fr\/39-45\/france\/67-bas-rhin\/67-artolsheim\/\">67 \u2013 Artolsheim<\/a><\/li>\n<li id=\"menu-item-58532\" class=\"menu-item menu-item-type-post_type menu-item-object-page menu-item-58532\"><a href=\"https:\/\/www.auzeau.fr\/39-45\/france\/67-bas-rhin\/67-colroy-la-roche\/\">67 \u2013 Colroy-la-Roche<\/a><\/li>\n<li id=\"menu-item-58533\" class=\"menu-item menu-item-type-post_type menu-item-object-page menu-item-58533\"><a href=\"https:\/\/www.auzeau.fr\/39-45\/france\/67-bas-rhin\/67-hagueneau-necropole-nationale\/\">67 \u2013 Hagueneau N\u00e9cropole Nationale<\/a><\/li>\n<li id=\"menu-item-58534\" class=\"menu-item menu-item-type-post_type menu-item-object-page menu-item-58534\"><a href=\"https:\/\/www.auzeau.fr\/39-45\/france\/67-bas-rhin\/67-hilsenheim\/\">67 \u2013 Hilsenheim<\/a><\/li>\n<li id=\"menu-item-58535\" class=\"menu-item menu-item-type-post_type menu-item-object-page menu-item-58535\"><a href=\"https:\/\/www.auzeau.fr\/39-45\/france\/67-bas-rhin\/67-hirschland\/\">67 \u2013 Hirschland<\/a><\/li>\n<li id=\"menu-item-58536\" class=\"menu-item menu-item-type-post_type menu-item-object-page menu-item-58536\"><a href=\"https:\/\/www.auzeau.fr\/39-45\/france\/67-bas-rhin\/67-mussig\/\">67 \u2013 Mussig<\/a><\/li>\n<li id=\"menu-item-58537\" class=\"menu-item menu-item-type-post_type menu-item-object-page menu-item-58537\"><a href=\"https:\/\/www.auzeau.fr\/39-45\/france\/67-bas-rhin\/67-ottrott\/\">67 \u2013 Ottrott<\/a><\/li>\n<li id=\"menu-item-58538\" class=\"menu-item menu-item-type-post_type menu-item-object-page menu-item-58538\"><a href=\"https:\/\/www.auzeau.fr\/39-45\/france\/67-bas-rhin\/67-ranrupt\/\">67 \u2013 Ranrupt N\u00e9cropole Nationale<\/a><\/li>\n<li id=\"menu-item-58539\" class=\"menu-item menu-item-type-post_type menu-item-object-page menu-item-58539\"><a href=\"https:\/\/www.auzeau.fr\/39-45\/france\/67-bas-rhin\/67-reutenbourg\/\">67 \u2013 Reutenbourg<\/a><\/li>\n<li id=\"menu-item-58540\" class=\"menu-item menu-item-type-post_type menu-item-object-page menu-item-58540\"><a href=\"https:\/\/www.auzeau.fr\/39-45\/france\/67-bas-rhin\/67-rimsdorf\/\">67 \u2013 Rimsdorf<\/a><\/li>\n<li id=\"menu-item-58541\" class=\"menu-item menu-item-type-post_type menu-item-object-page menu-item-58541\"><a href=\"https:\/\/www.auzeau.fr\/39-45\/france\/67-bas-rhin\/67-sarrewerden\/\">67 \u2013 Sarrewerden<\/a><\/li>\n<li id=\"menu-item-58542\" class=\"menu-item menu-item-type-post_type menu-item-object-page menu-item-58542\"><a href=\"https:\/\/www.auzeau.fr\/39-45\/france\/67-bas-rhin\/67-schoenau\/\">67 \u2013 Schoenau<\/a><\/li>\n<li id=\"menu-item-58543\" class=\"menu-item menu-item-type-post_type menu-item-object-page menu-item-58543\"><a href=\"https:\/\/www.auzeau.fr\/39-45\/france\/67-bas-rhin\/67-selestat\/\">67 \u2013 S\u00e9lestat<\/a><\/li>\n<li id=\"menu-item-58548\" class=\"menu-item menu-item-type-post_type menu-item-object-page menu-item-58548\"><a href=\"https:\/\/www.auzeau.fr\/39-45\/france\/67-bas-rhin\/67-sessenheim\/\">67 -Sessenheim<\/a><\/li>\n<li id=\"menu-item-58544\" class=\"menu-item menu-item-type-post_type menu-item-object-page menu-item-58544\"><a href=\"https:\/\/www.auzeau.fr\/39-45\/france\/67-bas-rhin\/67-soufflenheim\/\">67 \u2013 Soufflenheim<\/a><\/li>\n<li id=\"menu-item-58545\" class=\"menu-item menu-item-type-post_type menu-item-object-page menu-item-58545\"><a href=\"https:\/\/www.auzeau.fr\/39-45\/france\/67-bas-rhin\/67-strasbourg-necropole-nationale\/\">67 \u2013 Strasbourg N\u00e9cropole Nationale<\/a><\/li>\n<li id=\"menu-item-58546\" class=\"menu-item menu-item-type-post_type menu-item-object-page menu-item-58546\"><a href=\"https:\/\/www.auzeau.fr\/39-45\/france\/67-bas-rhin\/67-weyer\/\">67 \u2013 Weyer<\/a><\/li>\n<li id=\"menu-item-58547\" class=\"menu-item menu-item-type-post_type menu-item-object-page menu-item-58547\"><a href=\"https:\/\/www.auzeau.fr\/39-45\/france\/67-bas-rhin\/67-wintzenbach\/\">67 \u2013 Wintzenbach<\/a><\/li>\n<\/ul>\n<script type=\"text\/javascript\"> toolTips('.classtoolTips69','Force A\u00e9rienne Fran\u00e7aise Libre<br\/><br\/>Free French Air Force'); <\/script><script type=\"text\/javascript\"> toolTips('.classtoolTips70','<img class=\"aligncenter wp-image-65848 size-full\" title=\"Flak18\" src=\"https:\/\/www.auzeau.fr\/39-45\/wp-content\/uploads\/images\/Materiel\/Flak18.JPG\" alt=\"\" width=\"640\" height=\"499\" \/><br\/><img class=\"aligncenter size-full wp-image-65849\" title=\"Flak30\" src=\"https:\/\/www.auzeau.fr\/39-45\/wp-content\/uploads\/images\/Materiel\/Flak30.JPG\" alt=\"\" width=\"640\" height=\"499\" \/>'); <\/script><script type=\"text\/javascript\"> toolTips('.classtoolTips89','Sergent-Chef'); <\/script><script type=\"text\/javascript\"> toolTips('.classtoolTips95','Leading Aircraftman'); <\/script><script type=\"text\/javascript\"> toolTips('.classtoolTips96','Sergent<br\/><br\/>Sergeant'); <\/script><script type=\"text\/javascript\"> toolTips('.classtoolTips98','Colonel'); <\/script><script type=\"text\/javascript\"> toolTips('.classtoolTips107','Aspirant'); <\/script><script type=\"text\/javascript\"> toolTips('.classtoolTips110','Tu\u00e9 au combat<br\/><br\/>Killed In Action'); <\/script><script type=\"text\/javascript\"> toolTips('.classtoolTips126','Mort Pour la France'); <\/script><script type=\"text\/javascript\"> toolTips('.classtoolTips127','D\u00e9c\u00e9d\u00e9 en Service A\u00e9rien Command\u00e9'); <\/script><script type=\"text\/javascript\"> toolTips('.classtoolTips132','Force A\u00e9rienne Fran\u00e7aise<br\/><br\/>French Air Force'); <\/script><script type=\"text\/javascript\"> toolTips('.classtoolTips136','Arm\u00e9e de l\u2019Air Fran\u00e7aise'); <\/script><script type=\"text\/javascript\"> toolTips('.classtoolTips144','Royal Corps of Signals'); <\/script><script type=\"text\/javascript\"> toolTips('.classtoolTips153','Porucznik'); <\/script><script type=\"text\/javascript\"> toolTips('.classtoolTips159','Signalman'); <\/script><script type=\"text\/javascript\"> toolTips('.classtoolTips170','Capitaine'); <\/script><script type=\"text\/javascript\"> toolTips('.classtoolTips181','Sous-Lieutenant'); <\/script><script type=\"text\/javascript\"> toolTips('.classtoolTips185','Mitrailleur<br\/><br\/>Air Gunner'); <\/script><script type=\"text\/javascript\"> toolTips('.classtoolTips188','Bombardier<br\/><br\/>Air bomber'); <\/script><script type=\"text\/javascript\"> toolTips('.classtoolTips189','M\u00e9canicien volant<br\/><br\/>Flying Enginer'); <\/script><script type=\"text\/javascript\"> toolTips('.classtoolTips193','Royal Navy'); <\/script><script type=\"text\/javascript\"> toolTips('.classtoolTips197','Aircraftman'); <\/script><script type=\"text\/javascript\"> toolTips('.classtoolTips199','Radio Officer'); <\/script><script type=\"text\/javascript\"> toolTips('.classtoolTips201','Lieutenant'); <\/script>","protected":false},"excerpt":{"rendered":"<p>B26 Marauder 42-107826 Matricule AAF : 61 GB I\/19 Groupe Gascogne Date : 16 d\u00e9cembre 1944 Mission : Bombardement du pont de Neuf-Brisach (67) D\u00e9collage : Lyon-Bron (69) Causes de la perte : Touch\u00e9 par la Flak entre en collision avec le B26 Maraudeur 42-107827 Lieu de la perte : Neuf-Brisach (67) ASP Gaston CHAMBON [&hellip;]<\/p>\n","protected":false},"author":1,"featured_media":0,"parent":99,"menu_order":0,"comment_status":"closed","ping_status":"closed","template":"template-full-width B26 Marauder.php","meta":{"_lmt_disableupdate":"yes","_lmt_disable":"","footnotes":""},"categories":[966],"tags":[2028],"wf_page_folders":[3134],"class_list":["post-58897","page","type-page","status-publish","hentry","category-b26-marauder","tag-gb-i-19-groupe-gascogne"],"_links":{"self":[{"href":"https:\/\/www.auzeau.fr\/39-45\/wp-json\/wp\/v2\/pages\/58897","targetHints":{"allow":["GET"]}}],"collection":[{"href":"https:\/\/www.auzeau.fr\/39-45\/wp-json\/wp\/v2\/pages"}],"about":[{"href":"https:\/\/www.auzeau.fr\/39-45\/wp-json\/wp\/v2\/types\/page"}],"author":[{"embeddable":true,"href":"https:\/\/www.auzeau.fr\/39-45\/wp-json\/wp\/v2\/users\/1"}],"replies":[{"embeddable":true,"href":"https:\/\/www.auzeau.fr\/39-45\/wp-json\/wp\/v2\/comments?post=58897"}],"version-history":[{"count":0,"href":"https:\/\/www.auzeau.fr\/39-45\/wp-json\/wp\/v2\/pages\/58897\/revisions"}],"up":[{"embeddable":true,"href":"https:\/\/www.auzeau.fr\/39-45\/wp-json\/wp\/v2\/pages\/99"}],"wp:attachment":[{"href":"https:\/\/www.auzeau.fr\/39-45\/wp-json\/wp\/v2\/media?parent=58897"}],"wp:term":[{"taxonomy":"category","embeddable":true,"href":"https:\/\/www.auzeau.fr\/39-45\/wp-json\/wp\/v2\/categories?post=58897"},{"taxonomy":"post_tag","embeddable":true,"href":"https:\/\/www.auzeau.fr\/39-45\/wp-json\/wp\/v2\/tags?post=58897"},{"taxonomy":"wf_page_folders","embeddable":true,"href":"https:\/\/www.auzeau.fr\/39-45\/wp-json\/wp\/v2\/wf_page_folders?post=58897"}],"curies":[{"name":"wp","href":"https:\/\/api.w.org\/{rel}","templated":true}]}}