{"id":58893,"date":"2018-05-08T08:44:51","date_gmt":"2018-05-08T06:44:51","guid":{"rendered":"http:\/\/39-45.auzeau.fr\/39-45\/france\/67-bas-rhin\/67-strasbourg-necropole-nationale-4-2\/"},"modified":"2017-08-18T16:11:30","modified_gmt":"2017-08-18T16:11:30","slug":"67-strasbourg-necropole-nationale-5","status":"publish","type":"page","link":"https:\/\/www.auzeau.fr\/39-45\/france\/67-bas-rhin\/67-strasbourg-necropole-nationale-5\/","title":{"rendered":"67 &#8211; Strasbourg N\u00e9cropole Nationale"},"content":{"rendered":"<p><img fetchpriority=\"high\" decoding=\"async\" class=\"aligncenter size-full wp-image-58882\" title=\"Strasbourg_Cronenbourg\" src=\"https:\/\/www.auzeau.fr\/39-45\/wp-content\/uploads\/Cimetieres\/60 --\/67-Bas-Rhin\/Strasbourg\/Strasbourg_Cronenbourg.jpg\" alt=\"\" width=\"900\" height=\"450\" srcset=\"https:\/\/www.auzeau.fr\/39-45\/wp-content\/uploads\/Cimetieres\/60%20--\/67-Bas-Rhin\/Strasbourg\/Strasbourg_Cronenbourg.jpg 900w, https:\/\/www.auzeau.fr\/39-45\/wp-content\/uploads\/Cimetieres\/60%20--\/67-Bas-Rhin\/Strasbourg\/Strasbourg_Cronenbourg-300x150.jpg 300w, https:\/\/www.auzeau.fr\/39-45\/wp-content\/uploads\/Cimetieres\/60%20--\/67-Bas-Rhin\/Strasbourg\/Strasbourg_Cronenbourg-768x384.jpg 768w\" sizes=\"(max-width: 900px) 100vw, 900px\" \/><\/p>\n<table style=\"width: 100%;\" border=\"0\">\n<tbody>\n<tr>\n<td style=\"width: 5%;\"><\/td>\n<td style=\"width: 5%;\"><\/td>\n<td style=\"width: 5%;\"><\/td>\n<td style=\"width: 5%;\"><\/td>\n<td style=\"width: 5%;\"><\/td>\n<td style=\"width: 5%;\"><\/td>\n<td style=\"width: 5%;\"><\/td>\n<td style=\"width: 5%;\"><\/td>\n<td style=\"width: 5%;\"><\/td>\n<td style=\"width: 5%;\"><\/td>\n<td style=\"width: 5%;\"><\/td>\n<td style=\"width: 5%;\"><\/td>\n<td style=\"width: 5%;\"><\/td>\n<td style=\"width: 5%;\"><\/td>\n<td style=\"width: 5%;\"><\/td>\n<td style=\"width: 5%;\"><\/td>\n<td style=\"width: 5%;\"><\/td>\n<td style=\"width: 5%;\"><\/td>\n<td style=\"width: 5%;\"><\/td>\n<td style=\"width: 5%;\"><\/td>\n<\/tr>\n<tr>\n<td colspan=\"15\"><span style=\"color: #000000;\"><strong><span style=\"font-size: xx-large;\">Lancaster LL962 CF-U<\/span><\/strong><\/span><\/td>\n<td style=\"text-align: center;\" colspan=\"5\"><strong><span style=\"font-size: xx-large;\">625 Sqn<\/span><\/strong><\/td>\n<\/tr>\n<tr style=\"height: 40px;\">\n<td style=\"text-align: right;\" colspan=\"2\"><span style=\"font-size: 14px;\"><strong>Date :\u2002 <\/strong><\/span><\/td>\n<td colspan=\"5\"><span style=\"font-size: 14px;\"><em>29 juillet 1944<br \/>\n<\/em><\/span><\/td>\n<td style=\"text-align: right;\" colspan=\"3\"><span style=\"font-size: 14px;\"><strong>Mission :\u2002 <\/strong><\/span><\/td>\n<td colspan=\"10\"><span style=\"font-size: 14px;\">Stuttgart (All.)<\/span><\/td>\n<\/tr>\n<tr style=\"height: 40px;\">\n<td><\/td>\n<td><\/td>\n<td style=\"text-align: right;\" colspan=\"5\"><span style=\"font-size: 14px;\"><strong>D\u00e9collage :\u2002 <\/strong><\/span><\/td>\n<td colspan=\"10\"><span style=\"font-size: 14px;\">Kelstern \u00e0 21:20<\/span><\/td>\n<td><\/td>\n<td><\/td>\n<td><\/td>\n<\/tr>\n<tr style=\"height: 40px;\">\n<td><\/td>\n<td><\/td>\n<td style=\"text-align: right;\" colspan=\"5\"><span style=\"font-size: 14px;\"><strong>Causes de la perte :\u2002 <\/strong><\/span><\/td>\n<td colspan=\"10\"><\/td>\n<td><\/td>\n<td><\/td>\n<td><\/td>\n<\/tr>\n<tr style=\"height: 40px;\">\n<td><\/td>\n<td><\/td>\n<td style=\"text-align: right;\" colspan=\"5\"><span style=\"font-size: 14px;\"><strong>Lieu de la perte :\u2002<\/strong><\/span><\/td>\n<td colspan=\"10\"><span style=\"font-size: 14px;\">Rauwiller (67) \/ Schalbach (57)<\/span><\/td>\n<td><\/td>\n<td><\/td>\n<td><\/td>\n<\/tr>\n<tr style=\"height: 60px;\">\n<td><span style=\"font-size: 14px;\"><img decoding=\"async\" class=\"size-full wp-image-47215 alignleft\" title=\"Royaume Uni\" src=\"https:\/\/www.auzeau.fr\/39-45\/wp-content\/uploads\/images\/Drapeaux\/Angleterre.png\" alt=\"Royaume-Uni\" width=\"40\" height=\"20\" \/><\/span><\/td>\n<td><span style=\"font-size: 14px;\"><span class='tooltipsall tooltipsincontent classtoolTips96'>Sgt<\/span><\/span><\/td>\n<td colspan=\"5\"><span style=\"font-size: 14px;\">Clifford Frank<\/span><\/td>\n<td colspan=\"4\"><span style=\"font-size: 14px; color: #000000;\"><strong>ALLEN<br \/>\n<\/strong><\/span><\/td>\n<td><span style=\"font-size: 14px;\"><span class='tooltipsall tooltipsincontent classtoolTips45'>RAFVR<\/span><\/span><\/td>\n<td colspan=\"2\"><span style=\"font-size: 14px;\">1604285<\/span><\/td>\n<td><span style=\"font-size: 14px; color: #000000;\"><strong><span class='tooltipsall tooltipsincontent classtoolTips110'>KIA<\/span><\/strong><\/span><\/td>\n<td colspan=\"5\"><a href=\"https:\/\/www.auzeau.fr\/39-45\/france\/54-meurthe-et-moselle\/54-choloy-war-cemetery-69\/\"><span style=\"font-size: 10pt;\"><em>Inhum\u00e9 \u00e0 Choloy (54)<\/em><\/span><\/a><\/td>\n<\/tr>\n<tr style=\"height: 60px;\">\n<td><span style=\"font-size: 14px;\"><img decoding=\"async\" class=\"size-full wp-image-47215 alignleft\" title=\"Royaume Uni\" src=\"https:\/\/www.auzeau.fr\/39-45\/wp-content\/uploads\/images\/Drapeaux\/Angleterre.png\" alt=\"Royaume-Uni\" width=\"40\" height=\"20\" \/><\/span><\/td>\n<td><span style=\"font-size: 14px;\"><span class='tooltipsall tooltipsincontent classtoolTips96'>Sgt<\/span><\/span><\/td>\n<td colspan=\"5\"><span style=\"font-size: 14px;\">Frederick Bert<\/span><\/td>\n<td colspan=\"4\"><span style=\"font-size: 14px; color: #000000;\"><strong>DEAN<\/strong><\/span><\/td>\n<td><span style=\"font-size: 14px;\"><span class='tooltipsall tooltipsincontent classtoolTips45'>RAFVR<\/span><\/span><\/td>\n<td colspan=\"2\"><span style=\"font-size: 14px;\">1852388<\/span><\/td>\n<td><span style=\"font-size: 14px;\"><span class='tooltipsall tooltipsincontent classtoolTips112'>WIA<\/span><\/span><\/td>\n<td colspan=\"5\"><span style=\"font-size: 10pt;\"><span style=\"color: #000000;\"><strong><span class='tooltipsall tooltipsincontent classtoolTips148'>DOW<\/span><\/strong><\/span><em> le 12\/08\/1944 \u00e0 l&#8217;h\u00f4pital de Strasbourg<\/em><\/span><\/td>\n<\/tr>\n<tr style=\"height: 60px;\">\n<td><span style=\"font-size: 14px;\"><img decoding=\"async\" class=\"size-full wp-image-47215 alignleft\" title=\"Royaume Uni\" src=\"https:\/\/www.auzeau.fr\/39-45\/wp-content\/uploads\/images\/Drapeaux\/Angleterre.png\" alt=\"Royaume-Uni\" width=\"40\" height=\"20\" \/><\/span><\/td>\n<td><span style=\"font-size: 14px;\"><span class='tooltipsall tooltipsincontent classtoolTips96'>Sgt<\/span><\/span><\/td>\n<td colspan=\"5\"><span style=\"font-size: 14px;\">Patrick Laurence<\/span><\/td>\n<td colspan=\"4\"><span style=\"font-size: 14px; color: #000000;\"><strong>DOWLING<\/strong><\/span><\/td>\n<td><span style=\"font-size: 14px;\"><span class='tooltipsall tooltipsincontent classtoolTips45'>RAFVR<\/span><\/span><\/td>\n<td colspan=\"2\"><span style=\"font-size: 14px;\">1716350<\/span><\/td>\n<td><span style=\"font-size: 14px;\"><span class='tooltipsall tooltipsincontent classtoolTips113'>POW<\/span><\/span><\/td>\n<td colspan=\"5\"><\/td>\n<\/tr>\n<tr style=\"height: 60px;\">\n<td><span style=\"font-size: 14px;\"><img decoding=\"async\" class=\"size-full wp-image-47215 alignleft\" title=\"Royaume Uni\" src=\"https:\/\/www.auzeau.fr\/39-45\/wp-content\/uploads\/images\/Drapeaux\/Angleterre.png\" alt=\"Royaume-Uni\" width=\"40\" height=\"20\" \/><\/span><\/td>\n<td><span style=\"font-size: 14px;\"><span class='tooltipsall tooltipsincontent classtoolTips19'>Fg Off<\/span><\/span><\/td>\n<td colspan=\"5\"><span style=\"font-size: 14px;\">Alan Joseph<\/span><\/td>\n<td colspan=\"4\"><span style=\"font-size: 14px; color: #000000;\"><strong>HEWETSON<\/strong><\/span><\/td>\n<td><span style=\"font-size: 14px;\"><span class='tooltipsall tooltipsincontent classtoolTips45'>RAFVR<\/span><\/span><\/td>\n<td colspan=\"2\"><span style=\"font-size: 14px;\">139712<\/span><\/td>\n<td><span style=\"font-size: 14px; color: #000000;\"><strong><span class='tooltipsall tooltipsincontent classtoolTips110'>KIA<\/span><\/strong><\/span><\/td>\n<td colspan=\"5\"><a href=\"https:\/\/www.auzeau.fr\/39-45\/france\/57-moselle\/57-schalbach-2\/\"><span style=\"font-size: 10pt;\"><em>Inhum\u00e9 \u00e0 Schalbach (57)<\/em><\/span><\/a><\/td>\n<\/tr>\n<tr style=\"height: 60px;\">\n<td><span style=\"font-size: 14px;\"><img decoding=\"async\" class=\"size-full wp-image-47210 alignleft\" title=\"Canada\" src=\"https:\/\/www.auzeau.fr\/39-45\/wp-content\/uploads\/images\/Drapeaux\/Canada.png\" alt=\"\" width=\"40\" height=\"20\" \/><\/span><\/td>\n<td><span style=\"font-size: 14px;\"><span class='tooltipsall tooltipsincontent classtoolTips183'>FS<\/span><\/span><\/td>\n<td colspan=\"5\"><span style=\"font-size: 14px;\">Allan William<\/span><\/td>\n<td colspan=\"4\"><span style=\"font-size: 14px; color: #000000;\"><strong>MAXWELL<\/strong><\/span><\/td>\n<td><span style=\"font-size: 14px;\"><span class='tooltipsall tooltipsincontent classtoolTips78'>RCAF<\/span><\/span><\/td>\n<td colspan=\"2\"><span style=\"font-size: 14px;\">R\/206220 <\/span><\/td>\n<td><span style=\"font-size: 14px;\"><span class='tooltipsall tooltipsincontent classtoolTips113'>POW<\/span><\/span><\/td>\n<td colspan=\"5\"><\/td>\n<\/tr>\n<tr style=\"height: 60px;\">\n<td><span style=\"font-size: 14px;\"><img decoding=\"async\" class=\"size-full wp-image-47215 alignleft\" title=\"Royaume Uni\" src=\"https:\/\/www.auzeau.fr\/39-45\/wp-content\/uploads\/images\/Drapeaux\/Angleterre.png\" alt=\"Royaume-Uni\" width=\"40\" height=\"20\" \/><\/span><\/td>\n<td><span style=\"font-size: 14px;\"><span class='tooltipsall tooltipsincontent classtoolTips19'>Fg Off<\/span><\/span><\/td>\n<td colspan=\"5\"><span style=\"font-size: 14px;\">Robert Gardner<\/span><\/td>\n<td colspan=\"4\"><span style=\"font-size: 14px; color: #000000;\"><strong>MORRISON<\/strong><\/span><\/td>\n<td><span style=\"font-size: 14px;\"><span class='tooltipsall tooltipsincontent classtoolTips45'>RAFVR<\/span><\/span><\/td>\n<td colspan=\"2\"><span style=\"font-size: 14px;\">151973<\/span><\/td>\n<td><span style=\"font-size: 14px;\"><span class='tooltipsall tooltipsincontent classtoolTips113'>POW<\/span><\/span><\/td>\n<td colspan=\"5\"><\/td>\n<\/tr>\n<tr style=\"height: 60px;\">\n<td><span style=\"font-size: 14px;\"><img decoding=\"async\" class=\"size-full wp-image-47215 alignleft\" title=\"Royaume Uni\" src=\"https:\/\/www.auzeau.fr\/39-45\/wp-content\/uploads\/images\/Drapeaux\/Angleterre.png\" alt=\"Royaume-Uni\" width=\"40\" height=\"20\" \/><\/span><\/td>\n<td><span style=\"font-size: 14px;\"><span class='tooltipsall tooltipsincontent classtoolTips12'>Plt Off<\/span><\/span><\/td>\n<td colspan=\"5\"><span style=\"font-size: 14px;\">Harry Humphrey<\/span><\/td>\n<td colspan=\"4\"><span style=\"font-size: 14px; color: #000000;\"><strong>TUCK<\/strong><\/span><\/td>\n<td><span style=\"font-size: 14px;\"><span class='tooltipsall tooltipsincontent classtoolTips45'>RAFVR<\/span><\/span><\/td>\n<td colspan=\"2\"><span style=\"font-size: 14px;\">176410<\/span><\/td>\n<td><span style=\"font-size: 14px; color: #000000;\"><strong><span class='tooltipsall tooltipsincontent classtoolTips110'>KIA<\/span><\/strong><\/span><\/td>\n<td colspan=\"5\"><span style=\"font-size: 10pt;\"><em><img loading=\"lazy\" decoding=\"async\" class=\"size-full wp-image-47245 alignleft\" title=\"Distinguished-Flying-Cross\" src=\"https:\/\/www.auzeau.fr\/39-45\/wp-content\/uploads\/images\/Medaille\/Distinguished-Flying-Cross.png\" alt=\"Distinguished-Flying-Cross\" width=\"73\" height=\"20\" \/> <a href=\"https:\/\/www.auzeau.fr\/39-45\/france\/54-meurthe-et-moselle\/54-choloy-war-cemetery-69\/\">inhum\u00e9 \u00e0 Choloy (54)<\/a><\/em><\/span><\/td>\n<\/tr>\n<\/tbody>\n<\/table>\n<div id='gallery-1' class='gallery galleryid-58893 gallery-columns-1 gallery-size-thumbnail'><figure class='gallery-item'>\n\t\t\t<div class='gallery-icon portrait'>\n\t\t\t\t<a title=\"Dean\"  title=\"Dean\"  href='https:\/\/www.auzeau.fr\/39-45\/wp-content\/uploads\/Cimetieres\/60%20--\/67-Bas-Rhin\/Strasbourg\/LL962\/Dean.jpg'><img loading=\"lazy\" decoding=\"async\" width=\"150\" height=\"150\" src=\"https:\/\/www.auzeau.fr\/39-45\/wp-content\/uploads\/Cimetieres\/60 --\/67-Bas-Rhin\/Strasbourg\/LL962\/Dean-150x150.jpg\" class=\"attachment-thumbnail size-thumbnail\" alt=\"\" srcset=\"https:\/\/www.auzeau.fr\/39-45\/wp-content\/uploads\/Cimetieres\/60%20--\/67-Bas-Rhin\/Strasbourg\/LL962\/Dean-150x150.jpg 150w, https:\/\/www.auzeau.fr\/39-45\/wp-content\/uploads\/Cimetieres\/60%20--\/67-Bas-Rhin\/Strasbourg\/LL962\/Dean-50x50.jpg 50w\" sizes=\"(max-width: 150px) 100vw, 150px\" \/><\/a>\n\t\t\t<\/div><\/figure>\n\t\t<\/div>\n\n<table style=\"background-color: #dcdcdc;\">\n<tbody>\n<tr>\n<td>\n<p style=\"text-align: center;\"><ul id=\"menu-67-strasbourg\" class=\"menu\"><li id=\"menu-item-58883\" class=\"menu-item menu-item-type-post_type menu-item-object-page menu-item-58883\"><a href=\"https:\/\/www.auzeau.fr\/39-45\/france\/67-bas-rhin\/67-strasbourg-necropole-nationale\/\">MB200 n\u00b0 162<\/a><\/li>\n<li id=\"menu-item-58907\" class=\"menu-item menu-item-type-post_type menu-item-object-page menu-item-58907\"><a href=\"https:\/\/www.auzeau.fr\/39-45\/france\/67-bas-rhin\/67-strasbourg-necropole-nationale-2\/\">MS406 N\u00b0 379<\/a><\/li>\n<li id=\"menu-item-58906\" class=\"menu-item menu-item-type-post_type menu-item-object-page menu-item-58906\"><a href=\"https:\/\/www.auzeau.fr\/39-45\/france\/67-bas-rhin\/67-strasbourg-necropole-nationale-3\/\">Lancaster HK568<\/a><\/li>\n<li id=\"menu-item-58905\" class=\"menu-item menu-item-type-post_type menu-item-object-page menu-item-58905\"><a href=\"https:\/\/www.auzeau.fr\/39-45\/france\/67-bas-rhin\/67-strasbourg-necropole-nationale-4\/\">Lancaster LL799<\/a><\/li>\n<li id=\"menu-item-58904\" class=\"menu-item menu-item-type-post_type menu-item-object-page menu-item-58904\"><a href=\"https:\/\/www.auzeau.fr\/39-45\/france\/67-bas-rhin\/67-strasbourg-necropole-nationale-5\/\">Lancaster LL962<\/a><\/li>\n<li id=\"menu-item-58902\" class=\"menu-item menu-item-type-post_type menu-item-object-page menu-item-58902\"><a href=\"https:\/\/www.auzeau.fr\/39-45\/france\/67-bas-rhin\/67-strasbourg-necropole-nationale-7\/\">B26 Marauder 42-107826<\/a><\/li>\n<li id=\"menu-item-58903\" class=\"menu-item menu-item-type-post_type menu-item-object-page menu-item-58903\"><a href=\"https:\/\/www.auzeau.fr\/39-45\/france\/67-bas-rhin\/67-strasbourg-necropole-nationale-6\/\">B26 Marauder 42-107827<\/a><\/li>\n<li id=\"menu-item-101405\" class=\"menu-item menu-item-type-post_type menu-item-object-page menu-item-101405\"><a href=\"https:\/\/www.auzeau.fr\/39-45\/france\/67-bas-rhin\/67-strasbourg-necropole-nationale-7-2\/\">Halifax MZ489<\/a><\/li>\n<li id=\"menu-item-104303\" class=\"menu-item menu-item-type-post_type menu-item-object-page menu-item-104303\"><a href=\"https:\/\/www.auzeau.fr\/39-45\/france\/67-bas-rhin\/67-strasbourg-necropole-nationale-11\/\">Spitfire ??<\/a><\/li>\n<li id=\"menu-item-102145\" class=\"menu-item menu-item-type-post_type menu-item-object-page menu-item-102145\"><a href=\"https:\/\/www.auzeau.fr\/39-45\/france\/67-bas-rhin\/67-strasbourg-necropole-nationale-10\/\">Spitfire PL202<\/a><\/li>\n<li id=\"menu-item-58901\" class=\"menu-item menu-item-type-post_type menu-item-object-page menu-item-58901\"><a href=\"https:\/\/www.auzeau.fr\/39-45\/france\/67-bas-rhin\/67-strasbourg-necropole-nationale-8\/\">Halifax NA547<\/a><\/li>\n<\/ul>\n<\/td>\n<\/tr>\n<\/tbody>\n<\/table>\n<hr \/>\n<p style=\"text-align: center;\"><ul id=\"menu-67-bas-rhin\" class=\"menu\"><li id=\"menu-item-58531\" class=\"menu-item menu-item-type-post_type menu-item-object-page menu-item-58531\"><a href=\"https:\/\/www.auzeau.fr\/39-45\/france\/67-bas-rhin\/67-artolsheim\/\">67 \u2013 Artolsheim<\/a><\/li>\n<li id=\"menu-item-58532\" class=\"menu-item menu-item-type-post_type menu-item-object-page menu-item-58532\"><a href=\"https:\/\/www.auzeau.fr\/39-45\/france\/67-bas-rhin\/67-colroy-la-roche\/\">67 \u2013 Colroy-la-Roche<\/a><\/li>\n<li id=\"menu-item-58533\" class=\"menu-item menu-item-type-post_type menu-item-object-page menu-item-58533\"><a href=\"https:\/\/www.auzeau.fr\/39-45\/france\/67-bas-rhin\/67-hagueneau-necropole-nationale\/\">67 \u2013 Hagueneau N\u00e9cropole Nationale<\/a><\/li>\n<li id=\"menu-item-58534\" class=\"menu-item menu-item-type-post_type menu-item-object-page menu-item-58534\"><a href=\"https:\/\/www.auzeau.fr\/39-45\/france\/67-bas-rhin\/67-hilsenheim\/\">67 \u2013 Hilsenheim<\/a><\/li>\n<li id=\"menu-item-58535\" class=\"menu-item menu-item-type-post_type menu-item-object-page menu-item-58535\"><a href=\"https:\/\/www.auzeau.fr\/39-45\/france\/67-bas-rhin\/67-hirschland\/\">67 \u2013 Hirschland<\/a><\/li>\n<li id=\"menu-item-58536\" class=\"menu-item menu-item-type-post_type menu-item-object-page menu-item-58536\"><a href=\"https:\/\/www.auzeau.fr\/39-45\/france\/67-bas-rhin\/67-mussig\/\">67 \u2013 Mussig<\/a><\/li>\n<li id=\"menu-item-58537\" class=\"menu-item menu-item-type-post_type menu-item-object-page menu-item-58537\"><a href=\"https:\/\/www.auzeau.fr\/39-45\/france\/67-bas-rhin\/67-ottrott\/\">67 \u2013 Ottrott<\/a><\/li>\n<li id=\"menu-item-58538\" class=\"menu-item menu-item-type-post_type menu-item-object-page menu-item-58538\"><a href=\"https:\/\/www.auzeau.fr\/39-45\/france\/67-bas-rhin\/67-ranrupt\/\">67 \u2013 Ranrupt N\u00e9cropole Nationale<\/a><\/li>\n<li id=\"menu-item-58539\" class=\"menu-item menu-item-type-post_type menu-item-object-page menu-item-58539\"><a href=\"https:\/\/www.auzeau.fr\/39-45\/france\/67-bas-rhin\/67-reutenbourg\/\">67 \u2013 Reutenbourg<\/a><\/li>\n<li id=\"menu-item-58540\" class=\"menu-item menu-item-type-post_type menu-item-object-page menu-item-58540\"><a href=\"https:\/\/www.auzeau.fr\/39-45\/france\/67-bas-rhin\/67-rimsdorf\/\">67 \u2013 Rimsdorf<\/a><\/li>\n<li id=\"menu-item-58541\" class=\"menu-item menu-item-type-post_type menu-item-object-page menu-item-58541\"><a href=\"https:\/\/www.auzeau.fr\/39-45\/france\/67-bas-rhin\/67-sarrewerden\/\">67 \u2013 Sarrewerden<\/a><\/li>\n<li id=\"menu-item-58542\" class=\"menu-item menu-item-type-post_type menu-item-object-page menu-item-58542\"><a href=\"https:\/\/www.auzeau.fr\/39-45\/france\/67-bas-rhin\/67-schoenau\/\">67 \u2013 Schoenau<\/a><\/li>\n<li id=\"menu-item-58543\" class=\"menu-item menu-item-type-post_type menu-item-object-page menu-item-58543\"><a href=\"https:\/\/www.auzeau.fr\/39-45\/france\/67-bas-rhin\/67-selestat\/\">67 \u2013 S\u00e9lestat<\/a><\/li>\n<li id=\"menu-item-58548\" class=\"menu-item menu-item-type-post_type menu-item-object-page menu-item-58548\"><a href=\"https:\/\/www.auzeau.fr\/39-45\/france\/67-bas-rhin\/67-sessenheim\/\">67 -Sessenheim<\/a><\/li>\n<li id=\"menu-item-58544\" class=\"menu-item menu-item-type-post_type menu-item-object-page menu-item-58544\"><a href=\"https:\/\/www.auzeau.fr\/39-45\/france\/67-bas-rhin\/67-soufflenheim\/\">67 \u2013 Soufflenheim<\/a><\/li>\n<li id=\"menu-item-58545\" class=\"menu-item menu-item-type-post_type menu-item-object-page menu-item-58545\"><a href=\"https:\/\/www.auzeau.fr\/39-45\/france\/67-bas-rhin\/67-strasbourg-necropole-nationale\/\">67 \u2013 Strasbourg N\u00e9cropole Nationale<\/a><\/li>\n<li id=\"menu-item-58546\" class=\"menu-item menu-item-type-post_type menu-item-object-page menu-item-58546\"><a href=\"https:\/\/www.auzeau.fr\/39-45\/france\/67-bas-rhin\/67-weyer\/\">67 \u2013 Weyer<\/a><\/li>\n<li id=\"menu-item-58547\" class=\"menu-item menu-item-type-post_type menu-item-object-page menu-item-58547\"><a href=\"https:\/\/www.auzeau.fr\/39-45\/france\/67-bas-rhin\/67-wintzenbach\/\">67 \u2013 Wintzenbach<\/a><\/li>\n<\/ul>\n<script type=\"text\/javascript\"> toolTips('.classtoolTips12','Pilot Officer'); <\/script><script type=\"text\/javascript\"> toolTips('.classtoolTips19','Flying Officer'); <\/script><script type=\"text\/javascript\"> toolTips('.classtoolTips45','Royal Air Force Volunteer Reserve'); <\/script><script type=\"text\/javascript\"> toolTips('.classtoolTips78','Aviation Royale Canadienne<br\/><br\/>Royal Canadian Air Force'); <\/script><script type=\"text\/javascript\"> toolTips('.classtoolTips89','Sergent-Chef'); <\/script><script type=\"text\/javascript\"> toolTips('.classtoolTips96','Sergent<br\/><br\/>Sergeant'); <\/script><script type=\"text\/javascript\"> toolTips('.classtoolTips98','Colonel'); <\/script><script type=\"text\/javascript\"> toolTips('.classtoolTips110','Tu\u00e9 au combat<br\/><br\/>Killed In Action'); <\/script><script type=\"text\/javascript\"> toolTips('.classtoolTips112','Bless\u00e9 au combat<br\/><br\/>Wounded in action'); <\/script><script type=\"text\/javascript\"> toolTips('.classtoolTips113','Prisonnier de Guerre<br\/><br\/>Prisoner Of War'); <\/script><script type=\"text\/javascript\"> toolTips('.classtoolTips118','Canonnier'); <\/script><script type=\"text\/javascript\"> toolTips('.classtoolTips144','Royal Corps of Signals'); <\/script><script type=\"text\/javascript\"> toolTips('.classtoolTips146','Royal Air Force'); <\/script><script type=\"text\/javascript\"> toolTips('.classtoolTips148','<strong>D\u00e9c\u00e9d\u00e9 de ses blessures<\/strong><br\/><br\/>concerne une personne qui a surv\u00e9cu pour atteindre un centre de traitement m\u00e9dical.<br\/><br\/><strong>Died of wounds<\/strong><br\/><br\/>concerns a person who survived to reach a medical treatment center.'); <\/script><script type=\"text\/javascript\"> toolTips('.classtoolTips153','Porucznik'); <\/script><script type=\"text\/javascript\"> toolTips('.classtoolTips159','Signalman'); <\/script><script type=\"text\/javascript\"> toolTips('.classtoolTips183','Flight Sergeant'); <\/script><script type=\"text\/javascript\"> toolTips('.classtoolTips185','Mitrailleur<br\/><br\/>Air Gunner'); <\/script><script type=\"text\/javascript\"> toolTips('.classtoolTips188','Bombardier<br\/><br\/>Air bomber'); <\/script><script type=\"text\/javascript\"> toolTips('.classtoolTips189','M\u00e9canicien volant<br\/><br\/>Flying Enginer'); <\/script><script type=\"text\/javascript\"> toolTips('.classtoolTips193','Royal Navy'); <\/script><script type=\"text\/javascript\"> toolTips('.classtoolTips197','Aircraftman'); <\/script><script type=\"text\/javascript\"> toolTips('.classtoolTips199','Radio Officer'); <\/script><script type=\"text\/javascript\"> toolTips('.classtoolTips201','Lieutenant'); <\/script>","protected":false},"excerpt":{"rendered":"<p>Lancaster LL962 CF-U 625 Sqn Date :\u2002 29 juillet 1944 Mission :\u2002 Stuttgart (All.) D\u00e9collage :\u2002 Kelstern \u00e0 21:20 Causes de la perte :\u2002 Lieu de la perte :\u2002 Rauwiller (67) \/ Schalbach (57) Sgt Clifford Frank ALLEN RAFVR 1604285 KIA Inhum\u00e9 \u00e0 Choloy (54) Sgt Frederick Bert DEAN RAFVR 1852388 WIA DOW le 12\/08\/1944 [&hellip;]<\/p>\n","protected":false},"author":1,"featured_media":0,"parent":99,"menu_order":0,"comment_status":"closed","ping_status":"closed","template":"template-full-width Lancaster.php","meta":{"_lmt_disableupdate":"yes","_lmt_disable":"","footnotes":""},"categories":[323],"tags":[981],"wf_page_folders":[3134],"class_list":["post-58893","page","type-page","status-publish","hentry","category-lancaster","tag-625-squadron"],"_links":{"self":[{"href":"https:\/\/www.auzeau.fr\/39-45\/wp-json\/wp\/v2\/pages\/58893","targetHints":{"allow":["GET"]}}],"collection":[{"href":"https:\/\/www.auzeau.fr\/39-45\/wp-json\/wp\/v2\/pages"}],"about":[{"href":"https:\/\/www.auzeau.fr\/39-45\/wp-json\/wp\/v2\/types\/page"}],"author":[{"embeddable":true,"href":"https:\/\/www.auzeau.fr\/39-45\/wp-json\/wp\/v2\/users\/1"}],"replies":[{"embeddable":true,"href":"https:\/\/www.auzeau.fr\/39-45\/wp-json\/wp\/v2\/comments?post=58893"}],"version-history":[{"count":0,"href":"https:\/\/www.auzeau.fr\/39-45\/wp-json\/wp\/v2\/pages\/58893\/revisions"}],"up":[{"embeddable":true,"href":"https:\/\/www.auzeau.fr\/39-45\/wp-json\/wp\/v2\/pages\/99"}],"wp:attachment":[{"href":"https:\/\/www.auzeau.fr\/39-45\/wp-json\/wp\/v2\/media?parent=58893"}],"wp:term":[{"taxonomy":"category","embeddable":true,"href":"https:\/\/www.auzeau.fr\/39-45\/wp-json\/wp\/v2\/categories?post=58893"},{"taxonomy":"post_tag","embeddable":true,"href":"https:\/\/www.auzeau.fr\/39-45\/wp-json\/wp\/v2\/tags?post=58893"},{"taxonomy":"wf_page_folders","embeddable":true,"href":"https:\/\/www.auzeau.fr\/39-45\/wp-json\/wp\/v2\/wf_page_folders?post=58893"}],"curies":[{"name":"wp","href":"https:\/\/api.w.org\/{rel}","templated":true}]}}