{"id":57540,"date":"2018-05-06T09:47:15","date_gmt":"2018-05-06T07:47:15","guid":{"rendered":"http:\/\/39-45.auzeau.fr\/39-45\/france\/60-oise\/60-creil-4-2\/"},"modified":"2018-05-14T19:24:03","modified_gmt":"2018-05-14T17:24:03","slug":"60-creil-5","status":"publish","type":"page","link":"https:\/\/www.auzeau.fr\/39-45\/france\/60-oise\/60-creil-5\/","title":{"rendered":"60 &#8211; Creil"},"content":{"rendered":"<p><img fetchpriority=\"high\" decoding=\"async\" class=\"aligncenter size-full wp-image-57473\" title=\"Creil\" src=\"https:\/\/www.auzeau.fr\/39-45\/wp-content\/uploads\/Cimetieres\/31 -- 60\/60-Oise\/Creil\/Creil.jpg\" alt=\"\" width=\"900\" height=\"426\" srcset=\"https:\/\/www.auzeau.fr\/39-45\/wp-content\/uploads\/Cimetieres\/31%20--%2060\/60-Oise\/Creil\/Creil.jpg 900w, https:\/\/www.auzeau.fr\/39-45\/wp-content\/uploads\/Cimetieres\/31%20--%2060\/60-Oise\/Creil\/Creil-300x142.jpg 300w, https:\/\/www.auzeau.fr\/39-45\/wp-content\/uploads\/Cimetieres\/31%20--%2060\/60-Oise\/Creil\/Creil-768x364.jpg 768w\" sizes=\"(max-width: 900px) 100vw, 900px\" \/><\/p>\n<table style=\"width: 100%;\">\n<tbody>\n<tr>\n<td style=\"width: 5%;\"><\/td>\n<td style=\"width: 5%;\"><\/td>\n<td style=\"width: 5%;\"><\/td>\n<td style=\"width: 5%;\"><\/td>\n<td style=\"width: 5%;\"><\/td>\n<td style=\"width: 5%;\"><\/td>\n<td style=\"width: 5%;\"><\/td>\n<td style=\"width: 5%;\"><\/td>\n<td style=\"width: 5%;\"><\/td>\n<td style=\"width: 5%;\"><\/td>\n<td style=\"width: 5%;\"><\/td>\n<td style=\"width: 5%;\"><\/td>\n<td style=\"width: 5%;\"><\/td>\n<td style=\"width: 5%;\"><\/td>\n<td style=\"width: 5%;\"><\/td>\n<td style=\"width: 5%;\"><\/td>\n<td style=\"width: 5%;\"><\/td>\n<td style=\"width: 5%;\"><\/td>\n<td style=\"width: 5%;\"><\/td>\n<td style=\"width: 5%;\"><\/td>\n<\/tr>\n<tr>\n<td colspan=\"15\"><strong><span style=\"font-size: xx-large;\"><span style=\"color: #000000;\">Mosquito NT129 SB-<br \/>\n<\/span><\/span><\/strong><\/td>\n<td colspan=\"5\">\n<p style=\"text-align: center;\"><strong><span style=\"font-size: xx-large;\">464 Sqn<br \/>\n<\/span><\/strong><\/p>\n<\/td>\n<\/tr>\n<tr style=\"height: 40px;\">\n<td style=\"text-align: right;\" colspan=\"2\"><span style=\"font-size: 14px;\"><strong>Date :<br \/>\n<\/strong><\/span><\/td>\n<td colspan=\"5\"><span style=\"font-size: 14px;\"><em> 22 juin 1944<br \/>\n<\/em><\/span><\/td>\n<td style=\"text-align: right;\" colspan=\"3\"><span style=\"font-size: 14px;\"><strong>Mission : <\/strong><\/span><\/td>\n<td colspan=\"10\"><span style=\"font-size: 14px;\"><em> <span class='tooltipsall tooltipsincontent classtoolTips7'>Intruder<\/span> au nord de la Seine de nuit<br \/>\n<\/em><\/span><\/td>\n<\/tr>\n<tr style=\"height: 40px;\">\n<td><\/td>\n<td><\/td>\n<td style=\"text-align: right;\" colspan=\"5\"><span style=\"font-size: 14px;\"><strong>D\u00e9collage :<br \/>\n<\/strong><\/span><\/td>\n<td colspan=\"10\"><span style=\"font-size: 14px;\"><em>Thorney Island \u00e0 01:07<br \/>\n<\/em><\/span><\/td>\n<td><\/td>\n<td><\/td>\n<td><\/td>\n<\/tr>\n<tr style=\"height: 40px;\">\n<td><\/td>\n<td><\/td>\n<td style=\"text-align: right;\" colspan=\"5\"><span style=\"font-size: 14px;\"><strong>Causes de la perte :<br \/>\n<\/strong><\/span><\/td>\n<td colspan=\"10\"><\/td>\n<td><\/td>\n<td><\/td>\n<td><\/td>\n<\/tr>\n<tr style=\"height: 40px;\">\n<td><\/td>\n<td><\/td>\n<td style=\"text-align: right;\" colspan=\"5\"><span style=\"font-size: 14px;\"><strong>Lieu de la perte :<br \/>\n<\/strong><\/span><\/td>\n<td colspan=\"10\"><span style=\"font-size: 14px;\"><em>&#8220;La M\u00e9tairie&#8221; \u00e0 Balagny sur Aunette (60)<br \/>\n<\/em><\/span><\/td>\n<td><\/td>\n<td><\/td>\n<td><\/td>\n<\/tr>\n<tr style=\"height: 60px;\">\n<td><span style=\"font-size: 14px;\"><img decoding=\"async\" class=\"size-full wp-image-47215 alignleft\" title=\"Royaume Uni\" src=\"https:\/\/www.auzeau.fr\/39-45\/wp-content\/uploads\/images\/Drapeaux\/Angleterre.png\" alt=\"Royaume-Uni\" width=\"40\" height=\"20\" \/><\/span><\/td>\n<td><span style=\"font-size: 14px;\"><span class='tooltipsall tooltipsincontent classtoolTips33'>Flt <span class='tooltipsall tooltipsincontent classtoolTips201'>Lt<\/span><\/span><\/span><\/td>\n<td colspan=\"5\"><span style=\"font-size: 14px;\">John Langham<\/span><\/td>\n<td colspan=\"2\"><span style=\"font-size: 14px;\"><strong><span style=\"color: #000000;\">MARTIN<br \/>\n<\/span><\/strong><\/span><\/td>\n<td style=\"text-align: center;\" colspan=\"2\"><span style=\"font-size: 14px;\"><span class='tooltipsall tooltipsincontent classtoolTips151'>Pil<\/span><\/span><\/td>\n<td style=\"text-align: center;\"><span style=\"font-size: 14px;\"><span class='tooltipsall tooltipsincontent classtoolTips146'>RAF<\/span><\/span><\/td>\n<td style=\"text-align: center;\" colspan=\"2\"><span style=\"font-size: 14px;\">45053<\/span><\/td>\n<td><span style=\"font-size: 14px; color: #000000;\"><strong><strong><span class='tooltipsall tooltipsincontent classtoolTips110'>KIA<\/span><\/strong><\/strong><\/span><\/td>\n<td colspan=\"5\"><\/td>\n<\/tr>\n<tr style=\"height: 60px;\">\n<td><span style=\"font-size: 14px;\"><img decoding=\"async\" class=\"size-full wp-image-47215 alignleft\" title=\"Royaume Uni\" src=\"https:\/\/www.auzeau.fr\/39-45\/wp-content\/uploads\/images\/Drapeaux\/Angleterre.png\" alt=\"Royaume-Uni\" width=\"40\" height=\"20\" \/><\/span><\/td>\n<td><span style=\"font-size: 14px;\"><span class='tooltipsall tooltipsincontent classtoolTips183'>FS<\/span><\/span><\/td>\n<td colspan=\"5\"><span style=\"font-size: 14px;\">Haydn Llewelyn<\/span><\/td>\n<td colspan=\"2\"><span style=\"font-size: 14px;\"><strong><span style=\"color: #000000;\">MORGAN<\/span><\/strong><\/span><\/td>\n<td style=\"text-align: center;\" colspan=\"2\"><span style=\"font-size: 14px;\"><span class='tooltipsall tooltipsincontent classtoolTips116'>Nav<\/span><\/span><\/td>\n<td style=\"text-align: center;\"><span style=\"font-size: 14px;\"><span class='tooltipsall tooltipsincontent classtoolTips45'>RAFVR<\/span><\/span><\/td>\n<td style=\"text-align: center;\" colspan=\"2\"><span style=\"font-size: 14px;\">992108<\/span><\/td>\n<td><span style=\"font-size: 14px; color: #000000;\"><strong><strong><span class='tooltipsall tooltipsincontent classtoolTips110'>KIA<\/span><\/strong><\/strong><\/span><\/td>\n<td colspan=\"5\"><\/td>\n<\/tr>\n<tr>\n<td colspan=\"20\" height=\"20\"><\/td>\n<\/tr>\n<tr>\n<td colspan=\"20\"><div id='gallery-1' class='gallery galleryid-57540 gallery-columns-3 gallery-size-thumbnail'><figure class='gallery-item'>\n\t\t\t<div class='gallery-icon portrait'>\n\t\t\t\t<a title=\"NT129\"  title=\"NT129\"  href='https:\/\/www.auzeau.fr\/39-45\/wp-content\/uploads\/Cimetieres\/31%20--%2060\/60-Oise\/Creil\/NT129\/Morgan.jpg'><img decoding=\"async\" width=\"150\" height=\"150\" src=\"https:\/\/www.auzeau.fr\/39-45\/wp-content\/uploads\/Cimetieres\/31 -- 60\/60-Oise\/Creil\/NT129\/Morgan-150x150.jpg\" class=\"attachment-thumbnail size-thumbnail\" alt=\"\" srcset=\"https:\/\/www.auzeau.fr\/39-45\/wp-content\/uploads\/Cimetieres\/31%20--%2060\/60-Oise\/Creil\/NT129\/Morgan-150x150.jpg 150w, https:\/\/www.auzeau.fr\/39-45\/wp-content\/uploads\/Cimetieres\/31%20--%2060\/60-Oise\/Creil\/NT129\/Morgan-50x50.jpg 50w\" sizes=\"(max-width: 150px) 100vw, 150px\" \/><\/a>\n\t\t\t<\/div><\/figure><figure class='gallery-item'>\n\t\t\t<div class='gallery-icon portrait'>\n\t\t\t\t<a title=\"Martin_1\"  title=\"Martin_1\"  href='https:\/\/www.auzeau.fr\/39-45\/wp-content\/uploads\/Cimetieres\/31%20--%2060\/60-Oise\/Creil\/NT129\/Martin_1.jpg'><img loading=\"lazy\" decoding=\"async\" width=\"150\" height=\"150\" src=\"https:\/\/www.auzeau.fr\/39-45\/wp-content\/uploads\/Cimetieres\/31 -- 60\/60-Oise\/Creil\/NT129\/Martin_1-150x150.jpg\" class=\"attachment-thumbnail size-thumbnail\" alt=\"\" srcset=\"https:\/\/www.auzeau.fr\/39-45\/wp-content\/uploads\/Cimetieres\/31%20--%2060\/60-Oise\/Creil\/NT129\/Martin_1-150x150.jpg 150w, https:\/\/www.auzeau.fr\/39-45\/wp-content\/uploads\/Cimetieres\/31%20--%2060\/60-Oise\/Creil\/NT129\/Martin_1-50x50.jpg 50w\" sizes=\"(max-width: 150px) 100vw, 150px\" \/><\/a>\n\t\t\t<\/div><\/figure><figure class='gallery-item'>\n\t\t\t<div class='gallery-icon portrait'>\n\t\t\t\t<a title=\"Morgan_1\"  title=\"Morgan_1\"  href='https:\/\/www.auzeau.fr\/39-45\/wp-content\/uploads\/Cimetieres\/31%20--%2060\/60-Oise\/Creil\/NT129\/Morgan_1.jpg'><img loading=\"lazy\" decoding=\"async\" width=\"150\" height=\"150\" src=\"https:\/\/www.auzeau.fr\/39-45\/wp-content\/uploads\/Cimetieres\/31 -- 60\/60-Oise\/Creil\/NT129\/Morgan_1-150x150.jpg\" class=\"attachment-thumbnail size-thumbnail\" alt=\"\" srcset=\"https:\/\/www.auzeau.fr\/39-45\/wp-content\/uploads\/Cimetieres\/31%20--%2060\/60-Oise\/Creil\/NT129\/Morgan_1-150x150.jpg 150w, https:\/\/www.auzeau.fr\/39-45\/wp-content\/uploads\/Cimetieres\/31%20--%2060\/60-Oise\/Creil\/NT129\/Morgan_1-50x50.jpg 50w\" sizes=\"(max-width: 150px) 100vw, 150px\" \/><\/a>\n\t\t\t<\/div><\/figure>\n\t\t<\/div>\n<\/td>\n<\/tr>\n<\/tbody>\n<\/table>\n<table>\n<tbody>\n<tr>\n<td style=\"background-color: #dcdcdc; text-align: center; vertical-align: middle;\">\n<p style=\"text-align: center;\"><ul id=\"menu-60-creil\" class=\"menu\"><li id=\"menu-item-57533\" class=\"menu-item menu-item-type-post_type menu-item-object-page menu-item-57533\"><a href=\"https:\/\/www.auzeau.fr\/39-45\/france\/60-oise\/60-creil\/\">Lysander L4803<\/a><\/li>\n<li id=\"menu-item-57569\" class=\"menu-item menu-item-type-post_type menu-item-object-page menu-item-57569\"><a href=\"https:\/\/www.auzeau.fr\/39-45\/france\/60-oise\/60-creil-2\/\">Wellington Z1070<\/a><\/li>\n<li id=\"menu-item-57568\" class=\"menu-item menu-item-type-post_type menu-item-object-page menu-item-57568\"><a href=\"https:\/\/www.auzeau.fr\/39-45\/france\/60-oise\/60-creil-3\/\">Halifax JB847<\/a><\/li>\n<li id=\"menu-item-57567\" class=\"menu-item menu-item-type-post_type menu-item-object-page menu-item-57567\"><a href=\"https:\/\/www.auzeau.fr\/39-45\/france\/60-oise\/60-creil-4\/\">P51 Mustang FB179<\/a><\/li>\n<li id=\"menu-item-57566\" class=\"menu-item menu-item-type-post_type menu-item-object-page menu-item-57566\"><a href=\"https:\/\/www.auzeau.fr\/39-45\/france\/60-oise\/60-creil-5\/\">Mosquito NT129<\/a><\/li>\n<li id=\"menu-item-57565\" class=\"menu-item menu-item-type-post_type menu-item-object-page menu-item-57565\"><a href=\"https:\/\/www.auzeau.fr\/39-45\/france\/60-oise\/60-creil-6\/\">Halifax MZ591<\/a><\/li>\n<li id=\"menu-item-57564\" class=\"menu-item menu-item-type-post_type menu-item-object-page menu-item-57564\"><a href=\"https:\/\/www.auzeau.fr\/39-45\/france\/60-oise\/60-creil-7\/\">Halifax MZ736<\/a><\/li>\n<li id=\"menu-item-57563\" class=\"menu-item menu-item-type-post_type menu-item-object-page menu-item-57563\"><a href=\"https:\/\/www.auzeau.fr\/39-45\/france\/60-oise\/60-creil-8\/\">Lancaster LL785<\/a><\/li>\n<li id=\"menu-item-57562\" class=\"menu-item menu-item-type-post_type menu-item-object-page menu-item-57562\"><a href=\"https:\/\/www.auzeau.fr\/39-45\/france\/60-oise\/60-creil-9\/\">Lancaster LM125<\/a><\/li>\n<li id=\"menu-item-57561\" class=\"menu-item menu-item-type-post_type menu-item-object-page menu-item-57561\"><a href=\"https:\/\/www.auzeau.fr\/39-45\/france\/60-oise\/60-creil-10\/\">Halifax MZ628<\/a><\/li>\n<li id=\"menu-item-57560\" class=\"menu-item menu-item-type-post_type menu-item-object-page menu-item-57560\"><a href=\"https:\/\/www.auzeau.fr\/39-45\/france\/60-oise\/60-creil-11\/\">Lancaster ME839<\/a><\/li>\n<li id=\"menu-item-57559\" class=\"menu-item menu-item-type-post_type menu-item-object-page menu-item-57559\"><a href=\"https:\/\/www.auzeau.fr\/39-45\/france\/60-oise\/60-creil-12\/\">Lancaster PA162<\/a><\/li>\n<li id=\"menu-item-57558\" class=\"menu-item menu-item-type-post_type menu-item-object-page menu-item-57558\"><a href=\"https:\/\/www.auzeau.fr\/39-45\/france\/60-oise\/60-creil-13\/\">P51 Mustang FB355<\/a><\/li>\n<\/ul>\n<\/td>\n<\/tr>\n<\/tbody>\n<\/table>\n<hr \/>\n<p style=\"text-align: center;\"><ul id=\"menu-60-oise\" class=\"menu\"><li id=\"menu-item-102880\" class=\"menu-item menu-item-type-post_type menu-item-object-page menu-item-102880\"><a href=\"https:\/\/www.auzeau.fr\/39-45\/france\/60-oise\/60-auger-saint-vincent\/\">60 \u2013 Auger-Saint-Vincent<\/a><\/li>\n<li id=\"menu-item-56871\" class=\"menu-item menu-item-type-post_type menu-item-object-page menu-item-56871\"><a href=\"https:\/\/www.auzeau.fr\/39-45\/france\/60-oise\/60-beaumont-les-nonains\/\">60 \u2013 Beaumont-les-Nonains<\/a><\/li>\n<li id=\"menu-item-102879\" class=\"menu-item menu-item-type-post_type menu-item-object-page menu-item-102879\"><a href=\"https:\/\/www.auzeau.fr\/39-45\/france\/60-oise\/60-beaurepaire\/\">60 \u2013 Beaurepaire<\/a><\/li>\n<li id=\"menu-item-56872\" class=\"menu-item menu-item-type-post_type menu-item-object-page menu-item-56872\"><a href=\"https:\/\/www.auzeau.fr\/39-45\/france\/60-oise\/60-beauvais-necropole-nationale\/\">60 \u2013 Beauvais N\u00e9cropole Nationale<\/a><\/li>\n<li id=\"menu-item-56873\" class=\"menu-item menu-item-type-post_type menu-item-object-page menu-item-56873\"><a href=\"https:\/\/www.auzeau.fr\/39-45\/france\/60-oise\/60-belloy\/\">60 \u2013 Belloy<\/a><\/li>\n<li id=\"menu-item-56874\" class=\"menu-item menu-item-type-post_type menu-item-object-page menu-item-56874\"><a href=\"https:\/\/www.auzeau.fr\/39-45\/france\/60-oise\/60-blargies\/\">60 \u2013 Blargies<\/a><\/li>\n<li id=\"menu-item-56875\" class=\"menu-item menu-item-type-post_type menu-item-object-page menu-item-56875\"><a href=\"https:\/\/www.auzeau.fr\/39-45\/france\/60-oise\/60-boran-sur-oise\/\">60 \u2013 Boran-sur-Oise<\/a><\/li>\n<li id=\"menu-item-56876\" class=\"menu-item menu-item-type-post_type menu-item-object-page menu-item-56876\"><a href=\"https:\/\/www.auzeau.fr\/39-45\/france\/60-oise\/60-cambronne-les-ribecourt-necropole-nationale\/\">60 \u2013 Cambronne-l\u00e8s-Ribecourt N\u00e9cropole Nationale<\/a><\/li>\n<li id=\"menu-item-56877\" class=\"menu-item menu-item-type-post_type menu-item-object-page menu-item-56877\"><a href=\"https:\/\/www.auzeau.fr\/39-45\/france\/60-oise\/60-campagne\/\">60 \u2013 Campagne<\/a><\/li>\n<li id=\"menu-item-56878\" class=\"menu-item menu-item-type-post_type menu-item-object-page menu-item-56878\"><a href=\"https:\/\/www.auzeau.fr\/39-45\/france\/60-oise\/60-chantilly\/\">60 \u2013 Chantilly<\/a><\/li>\n<li id=\"menu-item-56879\" class=\"menu-item menu-item-type-post_type menu-item-object-page menu-item-56879\"><a href=\"https:\/\/www.auzeau.fr\/39-45\/france\/60-oise\/60-courcelles-les-gisors\/\">60 \u2013 Courcelles-les-Gisors<\/a><\/li>\n<li id=\"menu-item-56880\" class=\"menu-item menu-item-type-post_type menu-item-object-page menu-item-56880\"><a href=\"https:\/\/www.auzeau.fr\/39-45\/france\/60-oise\/60-cramoisy\/\">60 \u2013 Cramoisy<\/a><\/li>\n<li id=\"menu-item-56881\" class=\"menu-item menu-item-type-post_type menu-item-object-page menu-item-56881\"><a href=\"https:\/\/www.auzeau.fr\/39-45\/france\/60-oise\/60-creil\/\">60 \u2013 Creil<\/a><\/li>\n<li id=\"menu-item-71582\" class=\"menu-item menu-item-type-post_type menu-item-object-page menu-item-71582\"><a href=\"https:\/\/www.auzeau.fr\/39-45\/france\/60-oise\/60-feigneux\/\">60 \u2013 Feigneux<\/a><\/li>\n<li id=\"menu-item-56882\" class=\"menu-item menu-item-type-post_type menu-item-object-page menu-item-56882\"><a href=\"https:\/\/www.auzeau.fr\/39-45\/france\/60-oise\/60-flavacourt\/\">60 \u2013 Flavacourt<\/a><\/li>\n<li id=\"menu-item-71580\" class=\"menu-item menu-item-type-post_type menu-item-object-page menu-item-71580\"><a href=\"https:\/\/www.auzeau.fr\/39-45\/france\/60-oise\/60-fresnoy-la-riviere\/\">60 \u2013 Fresnoy-la-Rivi\u00e8re<\/a><\/li>\n<li id=\"menu-item-56883\" class=\"menu-item menu-item-type-post_type menu-item-object-page menu-item-56883\"><a href=\"https:\/\/www.auzeau.fr\/39-45\/france\/60-oise\/60-gannes\/\">60 \u2013 Gannes<\/a><\/li>\n<li id=\"menu-item-56884\" class=\"menu-item menu-item-type-post_type menu-item-object-page menu-item-56884\"><a href=\"https:\/\/www.auzeau.fr\/39-45\/france\/60-oise\/60-lannoy-lacuillere\/\">60 \u2013 Lannoy-Lacuill\u00e8re<\/a><\/li>\n<li id=\"menu-item-56885\" class=\"menu-item menu-item-type-post_type menu-item-object-page menu-item-56885\"><a href=\"https:\/\/www.auzeau.fr\/39-45\/france\/60-oise\/60-moliens\/\">60 \u2013 Moliens<\/a><\/li>\n<li id=\"menu-item-71581\" class=\"menu-item menu-item-type-post_type menu-item-object-page menu-item-71581\"><a href=\"https:\/\/www.auzeau.fr\/39-45\/france\/60-oise\/60-morienval\/\">60 \u2013 Morienval<\/a><\/li>\n<li id=\"menu-item-56886\" class=\"menu-item menu-item-type-post_type menu-item-object-page menu-item-56886\"><a href=\"https:\/\/www.auzeau.fr\/39-45\/france\/60-oise\/60-moulin-sous-touvent\/\">60 \u2013 Moulin-sous-Touvent<\/a><\/li>\n<li id=\"menu-item-56887\" class=\"menu-item menu-item-type-post_type menu-item-object-page menu-item-56887\"><a href=\"https:\/\/www.auzeau.fr\/39-45\/france\/60-oise\/60-orry-la-ville-cimetiere-militaire-neerlandais\/\">60 \u2013 Orry-la-Ville Cimeti\u00e8re militaire n\u00e9erlandais<\/a><\/li>\n<li id=\"menu-item-56888\" class=\"menu-item menu-item-type-post_type menu-item-object-page menu-item-56888\"><a href=\"https:\/\/www.auzeau.fr\/39-45\/france\/60-oise\/60-quinquempoix\/\">60 \u2013 Quinquempoix<\/a><\/li>\n<li id=\"menu-item-56889\" class=\"menu-item menu-item-type-post_type menu-item-object-page menu-item-56889\"><a href=\"https:\/\/www.auzeau.fr\/39-45\/france\/60-oise\/60-remy\/\">60 \u2013 R\u00e9my<\/a><\/li>\n<li id=\"menu-item-56890\" class=\"menu-item menu-item-type-post_type menu-item-object-page menu-item-56890\"><a href=\"https:\/\/www.auzeau.fr\/39-45\/france\/60-oise\/60-ricquebourg\/\">60 \u2013 Ricquebourg<\/a><\/li>\n<li id=\"menu-item-56891\" class=\"menu-item menu-item-type-post_type menu-item-object-page menu-item-56891\"><a href=\"https:\/\/www.auzeau.fr\/39-45\/france\/60-oise\/60-romescamps\/\">60 \u2013 Romescamps<\/a><\/li>\n<li id=\"menu-item-56892\" class=\"menu-item menu-item-type-post_type menu-item-object-page menu-item-56892\"><a href=\"https:\/\/www.auzeau.fr\/39-45\/france\/60-oise\/60-sains-morainvillers\/\">60 \u2013 Sains-Morainvillers<\/a><\/li>\n<li id=\"menu-item-56893\" class=\"menu-item menu-item-type-post_type menu-item-object-page menu-item-56893\"><a href=\"https:\/\/www.auzeau.fr\/39-45\/france\/60-oise\/60-sainte-genevieve\/\">60 \u2013 Sainte Genevi\u00e8ve<\/a><\/li>\n<li id=\"menu-item-56894\" class=\"menu-item menu-item-type-post_type menu-item-object-page menu-item-56894\"><a href=\"https:\/\/www.auzeau.fr\/39-45\/france\/60-oise\/60-senantes\/\">60 \u2013 Senantes<\/a><\/li>\n<li id=\"menu-item-56895\" class=\"menu-item menu-item-type-post_type menu-item-object-page menu-item-56895\"><a href=\"https:\/\/www.auzeau.fr\/39-45\/france\/60-oise\/60-senlis-necropole-nationale\/\">60 \u2013 Senlis N\u00e9cropole Nationale<\/a><\/li>\n<li id=\"menu-item-56896\" class=\"menu-item menu-item-type-post_type menu-item-object-page menu-item-56896\"><a href=\"https:\/\/www.auzeau.fr\/39-45\/france\/60-oise\/60-thiescourt-necropole-nationale\/\">60 \u2013 Thiescourt N\u00e9cropole Nationale<\/a><\/li>\n<li id=\"menu-item-56897\" class=\"menu-item menu-item-type-post_type menu-item-object-page menu-item-56897\"><a href=\"https:\/\/www.auzeau.fr\/39-45\/france\/60-oise\/60-thieux\/\">60 \u2013 Thieux<\/a><\/li>\n<li id=\"menu-item-56898\" class=\"menu-item menu-item-type-post_type menu-item-object-page menu-item-56898\"><a href=\"https:\/\/www.auzeau.fr\/39-45\/france\/60-oise\/60-trie-la-ville\/\">60 \u2013 Trie-la-Ville<\/a><\/li>\n<\/ul>\n<script type=\"text\/javascript\"> toolTips('.classtoolTips7','Patrouille offensive, visant \u00e0 d\u00e9truire les avions ennemis sur leur propre territoire<br\/><br\/>Offensive patrol, to destroy enemy aircraft in their own territory'); <\/script><script type=\"text\/javascript\"> toolTips('.classtoolTips33','Flight Lieutenant'); <\/script><script type=\"text\/javascript\"> toolTips('.classtoolTips45','Royal Air Force Volunteer Reserve'); <\/script><script type=\"text\/javascript\"> toolTips('.classtoolTips95','Leading Aircraftman'); <\/script><script type=\"text\/javascript\"> toolTips('.classtoolTips98','Colonel'); <\/script><script type=\"text\/javascript\"> toolTips('.classtoolTips110','Tu\u00e9 au combat<br\/><br\/>Killed In Action'); <\/script><script type=\"text\/javascript\"> toolTips('.classtoolTips116','Navigateur<br\/><br\/>Navigator'); <\/script><script type=\"text\/javascript\"> toolTips('.classtoolTips139','Section de Liaison A\u00e9rienne'); <\/script><script type=\"text\/javascript\"> toolTips('.classtoolTips141','<img class=\"aligncenter size-full wp-image-74450\" title=\"Boeing B-17G Flying Fortress \u201cThe Pink Lady\u201d\" src=\"https:\/\/www.auzeau.fr\/39-45\/wp-content\/uploads\/Avions\/Slider\/Accueil\/F-AZDX_B17_LFPB_2009_034_DxO.webp\" alt=\"Boeing B-17G Flying Fortress \u201cThe Pink Lady\u201d\" width=\"1100\" height=\"275\" \/>'); <\/script><script type=\"text\/javascript\"> toolTips('.classtoolTips144','Royal Corps of Signals'); <\/script><script type=\"text\/javascript\"> toolTips('.classtoolTips146','Royal Air Force'); <\/script><script type=\"text\/javascript\"> toolTips('.classtoolTips151','Pilote<br\/><br\/>Pilot'); <\/script><script type=\"text\/javascript\"> toolTips('.classtoolTips153','Porucznik'); <\/script><script type=\"text\/javascript\"> toolTips('.classtoolTips158','Midshipman'); <\/script><script type=\"text\/javascript\"> toolTips('.classtoolTips183','Flight Sergeant'); <\/script><script type=\"text\/javascript\"> toolTips('.classtoolTips185','Mitrailleur<br\/><br\/>Air Gunner'); <\/script><script type=\"text\/javascript\"> toolTips('.classtoolTips188','Bombardier<br\/><br\/>Air bomber'); <\/script><script type=\"text\/javascript\"> toolTips('.classtoolTips189','M\u00e9canicien volant<br\/><br\/>Flying Enginer'); <\/script><script type=\"text\/javascript\"> toolTips('.classtoolTips193','Royal Navy'); <\/script><script type=\"text\/javascript\"> toolTips('.classtoolTips195','Enseigne de Vaisseau'); <\/script><script type=\"text\/javascript\"> toolTips('.classtoolTips197','Aircraftman'); <\/script><script type=\"text\/javascript\"> toolTips('.classtoolTips199','Radio Officer'); <\/script><script type=\"text\/javascript\"> toolTips('.classtoolTips201','Lieutenant'); <\/script>","protected":false},"excerpt":{"rendered":"<p>Mosquito NT129 SB- 464 Sqn Date : 22 juin 1944 Mission : Intruder au nord de la Seine de nuit D\u00e9collage : Thorney Island \u00e0 01:07 Causes de la perte : Lieu de la perte : &#8220;La M\u00e9tairie&#8221; \u00e0 Balagny sur Aunette (60) Flt Lt John Langham MARTIN Pil RAF 45053 KIA FS Haydn Llewelyn [&hellip;]<\/p>\n","protected":false},"author":1,"featured_media":0,"parent":93,"menu_order":0,"comment_status":"closed","ping_status":"closed","template":"template-full-width Mosquito.php","meta":{"_lmt_disableupdate":"yes","_lmt_disable":"","footnotes":""},"categories":[590],"tags":[1814],"wf_page_folders":[3127],"class_list":["post-57540","page","type-page","status-publish","hentry","category-mosquito","tag-464-squadron"],"_links":{"self":[{"href":"https:\/\/www.auzeau.fr\/39-45\/wp-json\/wp\/v2\/pages\/57540","targetHints":{"allow":["GET"]}}],"collection":[{"href":"https:\/\/www.auzeau.fr\/39-45\/wp-json\/wp\/v2\/pages"}],"about":[{"href":"https:\/\/www.auzeau.fr\/39-45\/wp-json\/wp\/v2\/types\/page"}],"author":[{"embeddable":true,"href":"https:\/\/www.auzeau.fr\/39-45\/wp-json\/wp\/v2\/users\/1"}],"replies":[{"embeddable":true,"href":"https:\/\/www.auzeau.fr\/39-45\/wp-json\/wp\/v2\/comments?post=57540"}],"version-history":[{"count":0,"href":"https:\/\/www.auzeau.fr\/39-45\/wp-json\/wp\/v2\/pages\/57540\/revisions"}],"up":[{"embeddable":true,"href":"https:\/\/www.auzeau.fr\/39-45\/wp-json\/wp\/v2\/pages\/93"}],"wp:attachment":[{"href":"https:\/\/www.auzeau.fr\/39-45\/wp-json\/wp\/v2\/media?parent=57540"}],"wp:term":[{"taxonomy":"category","embeddable":true,"href":"https:\/\/www.auzeau.fr\/39-45\/wp-json\/wp\/v2\/categories?post=57540"},{"taxonomy":"post_tag","embeddable":true,"href":"https:\/\/www.auzeau.fr\/39-45\/wp-json\/wp\/v2\/tags?post=57540"},{"taxonomy":"wf_page_folders","embeddable":true,"href":"https:\/\/www.auzeau.fr\/39-45\/wp-json\/wp\/v2\/wf_page_folders?post=57540"}],"curies":[{"name":"wp","href":"https:\/\/api.w.org\/{rel}","templated":true}]}}