{"id":56118,"date":"2018-05-03T23:32:00","date_gmt":"2018-05-03T21:32:00","guid":{"rendered":"http:\/\/39-45.auzeau.fr\/39-45\/france\/56-morbihan\/56-lorient-3-2\/"},"modified":"2018-05-14T18:41:48","modified_gmt":"2018-05-14T16:41:48","slug":"56-lorient-4","status":"publish","type":"page","link":"https:\/\/www.auzeau.fr\/39-45\/france\/56-morbihan\/56-lorient-4\/","title":{"rendered":"56 &#8211; Lorient"},"content":{"rendered":"<p><img fetchpriority=\"high\" decoding=\"async\" class=\"aligncenter size-full wp-image-55821\" title=\"Lorient\" src=\"https:\/\/www.auzeau.fr\/39-45\/wp-content\/uploads\/Cimetieres\/31 -- 60\/56-Morbihan\/Lorient\/Lorient.jpg\" alt=\"\" width=\"900\" height=\"452\" srcset=\"https:\/\/www.auzeau.fr\/39-45\/wp-content\/uploads\/Cimetieres\/31%20--%2060\/56-Morbihan\/Lorient\/Lorient.jpg 900w, https:\/\/www.auzeau.fr\/39-45\/wp-content\/uploads\/Cimetieres\/31%20--%2060\/56-Morbihan\/Lorient\/Lorient-300x151.jpg 300w, https:\/\/www.auzeau.fr\/39-45\/wp-content\/uploads\/Cimetieres\/31%20--%2060\/56-Morbihan\/Lorient\/Lorient-768x386.jpg 768w\" sizes=\"(max-width: 900px) 100vw, 900px\" \/><\/p>\n<table style=\"width: 100%;\" border=\"0\">\n<tbody>\n<tr>\n<td style=\"width: 5%;\"><\/td>\n<td style=\"width: 5%;\"><\/td>\n<td style=\"width: 5%;\"><\/td>\n<td style=\"width: 5%;\"><\/td>\n<td style=\"width: 5%;\"><\/td>\n<td style=\"width: 5%;\"><\/td>\n<td style=\"width: 5%;\"><\/td>\n<td style=\"width: 5%;\"><\/td>\n<td style=\"width: 5%;\"><\/td>\n<td style=\"width: 5%;\"><\/td>\n<td style=\"width: 5%;\"><\/td>\n<td style=\"width: 5%;\"><\/td>\n<td style=\"width: 5%;\"><\/td>\n<td style=\"width: 5%;\"><\/td>\n<td style=\"width: 5%;\"><\/td>\n<td style=\"width: 5%;\"><\/td>\n<td style=\"width: 5%;\"><\/td>\n<td style=\"width: 5%;\"><\/td>\n<td style=\"width: 5%;\"><\/td>\n<td style=\"width: 5%;\"><\/td>\n<\/tr>\n<tr>\n<td colspan=\"15\"><strong><span style=\"font-size: xx-large;\"><span style=\"color: #000000;\">Wellington Z1383 UV-D<br \/>\n<\/span><\/span><\/strong><\/td>\n<td style=\"text-align: center;\" colspan=\"5\"><strong><span style=\"font-size: xx-large;\">460 Sqn<br \/>\n<\/span><\/strong><\/td>\n<\/tr>\n<tr style=\"height: 40px;\">\n<td style=\"text-align: right;\" colspan=\"2\"><strong>Date : <\/strong><\/td>\n<td colspan=\"5\"><em>22 juin 1942<br \/>\n<\/em><\/td>\n<td style=\"text-align: right;\" colspan=\"3\"><strong>Mission : <\/strong><\/td>\n<td colspan=\"10\"><em><span class='tooltipsall tooltipsincontent classtoolTips5'>Gardening<\/span><\/em><\/td>\n<\/tr>\n<tr style=\"height: 40px;\">\n<td><\/td>\n<td><\/td>\n<td style=\"text-align: right;\" colspan=\"5\"><strong>D\u00e9collage :<\/strong><\/td>\n<td colspan=\"10\"><em>Breighton \u00e0 22:47<br \/>\n<\/em><\/td>\n<td><\/td>\n<td><\/td>\n<td><\/td>\n<\/tr>\n<tr style=\"height: 40px;\">\n<td><\/td>\n<td><\/td>\n<td style=\"text-align: right;\" colspan=\"5\"><strong>Causes de la perte :<\/strong><\/td>\n<td colspan=\"10\"><em>Abattu par la <span class='tooltipsall tooltipsincontent classtoolTips70'>Flak<\/span><br \/>\n<\/em><\/td>\n<td><\/td>\n<td><\/td>\n<td><\/td>\n<\/tr>\n<tr style=\"height: 40px;\">\n<td><\/td>\n<td><\/td>\n<td style=\"text-align: right;\" colspan=\"5\"><strong>Lieu de la perte :<br \/>\n<\/strong><\/td>\n<td colspan=\"10\"><em><span style=\"color: #000000;\">Kerroch \u00e0 Languidic (56)<br \/>\n<\/span><\/em><\/td>\n<td><\/td>\n<td><\/td>\n<td><\/td>\n<\/tr>\n<tr style=\"height: 60px;\">\n<td><img decoding=\"async\" class=\"size-full wp-image-47228 alignleft\" title=\"Australie\" src=\"https:\/\/www.auzeau.fr\/39-45\/wp-content\/uploads\/images\/Drapeaux\/Australie.png\" alt=\"Australie\" width=\"40\" height=\"20\" \/><\/td>\n<td><span class='tooltipsall tooltipsincontent classtoolTips183'>FS<\/span><\/td>\n<td colspan=\"5\">Robert John<\/td>\n<td colspan=\"3\"><span style=\"color: #000000;\"><strong>BUCKINGHAM<\/strong><\/span><\/td>\n<td><span class='tooltipsall tooltipsincontent classtoolTips151'>Pil<\/span><\/td>\n<td style=\"text-align: center;\"><span class='tooltipsall tooltipsincontent classtoolTips77'>RAAF<\/span><\/td>\n<td colspan=\"2\">400578<\/td>\n<td><span style=\"color: #000000;\"><strong><span class='tooltipsall tooltipsincontent classtoolTips110'>KIA<\/span><\/strong><\/span><\/td>\n<td colspan=\"5\"><\/td>\n<\/tr>\n<tr style=\"height: 60px;\">\n<td><img decoding=\"async\" class=\"size-full wp-image-47228 alignleft\" title=\"Australie\" src=\"https:\/\/www.auzeau.fr\/39-45\/wp-content\/uploads\/images\/Drapeaux\/Australie.png\" alt=\"Australie\" width=\"40\" height=\"20\" \/><\/td>\n<td><span class='tooltipsall tooltipsincontent classtoolTips96'>Sgt<\/span><\/td>\n<td colspan=\"5\">Frederick Roy<\/td>\n<td colspan=\"3\"><span style=\"color: #000000;\"><strong>MARTIN<\/strong><\/span><\/td>\n<td><span class='tooltipsall tooltipsincontent classtoolTips115'>WOP<\/span><\/td>\n<td style=\"text-align: center;\"><span class='tooltipsall tooltipsincontent classtoolTips77'>RAAF<\/span><\/td>\n<td colspan=\"2\">403479<\/td>\n<td><span style=\"color: #000000;\"><strong><span class='tooltipsall tooltipsincontent classtoolTips110'>KIA<\/span><\/strong><\/span><\/td>\n<td colspan=\"5\"><\/td>\n<\/tr>\n<tr style=\"height: 60px;\">\n<td><img decoding=\"async\" class=\"size-full wp-image-47228 alignleft\" title=\"Australie\" src=\"https:\/\/www.auzeau.fr\/39-45\/wp-content\/uploads\/images\/Drapeaux\/Australie.png\" alt=\"Australie\" width=\"40\" height=\"20\" \/><\/td>\n<td><span class='tooltipsall tooltipsincontent classtoolTips96'>Sgt<\/span><\/td>\n<td colspan=\"5\">William Stalker<\/td>\n<td colspan=\"3\"><span style=\"color: #000000;\"><strong>McQUEEN<\/strong><\/span><\/td>\n<td><span class='tooltipsall tooltipsincontent classtoolTips185'>AG<\/span><\/td>\n<td style=\"text-align: center;\"><span class='tooltipsall tooltipsincontent classtoolTips77'>RAAF<\/span><\/td>\n<td colspan=\"2\">403277<\/td>\n<td><span style=\"color: #000000;\"><strong><span class='tooltipsall tooltipsincontent classtoolTips110'>KIA<\/span><\/strong><\/span><\/td>\n<td colspan=\"5\"><\/td>\n<\/tr>\n<tr style=\"height: 60px;\">\n<td><img decoding=\"async\" class=\"size-full wp-image-47215 alignleft\" title=\"Royaume Uni\" src=\"https:\/\/www.auzeau.fr\/39-45\/wp-content\/uploads\/images\/Drapeaux\/Angleterre.png\" alt=\"Royaume-Uni\" width=\"40\" height=\"20\" \/><\/td>\n<td><span class='tooltipsall tooltipsincontent classtoolTips96'>Sgt<\/span><\/td>\n<td colspan=\"5\">James<\/td>\n<td colspan=\"3\"><span style=\"color: #000000;\"><strong>MOORES<\/strong><\/span><\/td>\n<td><span class='tooltipsall tooltipsincontent classtoolTips185'>AG<\/span><\/td>\n<td style=\"text-align: center;\"><span class='tooltipsall tooltipsincontent classtoolTips45'>RAFVR<\/span><\/td>\n<td colspan=\"2\">615035<\/td>\n<td><span style=\"color: #000000;\"><strong><span class='tooltipsall tooltipsincontent classtoolTips110'>KIA<\/span><\/strong><\/span><\/td>\n<td colspan=\"5\"><\/td>\n<\/tr>\n<tr style=\"height: 60px;\">\n<td><img decoding=\"async\" class=\"size-full wp-image-47228 alignleft\" title=\"Australie\" src=\"https:\/\/www.auzeau.fr\/39-45\/wp-content\/uploads\/images\/Drapeaux\/Australie.png\" alt=\"Australie\" width=\"40\" height=\"20\" \/><\/td>\n<td><span class='tooltipsall tooltipsincontent classtoolTips96'>Sgt<\/span><\/td>\n<td colspan=\"5\">Raymond George Marafu<\/td>\n<td colspan=\"3\"><span style=\"color: #000000;\"><strong>ROGET<\/strong><\/span><\/td>\n<td><span class='tooltipsall tooltipsincontent classtoolTips117'>Obs<\/span><\/td>\n<td style=\"text-align: center;\"><span class='tooltipsall tooltipsincontent classtoolTips77'>RAAF<\/span><\/td>\n<td colspan=\"2\">400333<\/td>\n<td><span style=\"color: #000000;\"><strong><span class='tooltipsall tooltipsincontent classtoolTips110'>KIA<\/span><\/strong><\/span><\/td>\n<td colspan=\"5\"><\/td>\n<\/tr>\n<tr>\n<td colspan=\"20\" height=\"20\"><\/td>\n<\/tr>\n<tr>\n<td colspan=\"20\"><div id='gallery-1' class='gallery galleryid-56118 gallery-columns-5 gallery-size-thumbnail'><figure class='gallery-item'>\n\t\t\t<div class='gallery-icon portrait'>\n\t\t\t\t<a title=\"Buckingham\"  title=\"Buckingham\"  href='https:\/\/www.auzeau.fr\/39-45\/wp-content\/uploads\/Cimetieres\/31%20--%2060\/56-Morbihan\/Lorient\/Z1383\/Buckingham.jpg'><img loading=\"lazy\" decoding=\"async\" width=\"150\" height=\"150\" src=\"https:\/\/www.auzeau.fr\/39-45\/wp-content\/uploads\/Cimetieres\/31 -- 60\/56-Morbihan\/Lorient\/Z1383\/Buckingham-150x150.jpg\" class=\"attachment-thumbnail size-thumbnail\" alt=\"\" srcset=\"https:\/\/www.auzeau.fr\/39-45\/wp-content\/uploads\/Cimetieres\/31%20--%2060\/56-Morbihan\/Lorient\/Z1383\/Buckingham-150x150.jpg 150w, https:\/\/www.auzeau.fr\/39-45\/wp-content\/uploads\/Cimetieres\/31%20--%2060\/56-Morbihan\/Lorient\/Z1383\/Buckingham-50x50.jpg 50w\" sizes=\"(max-width: 150px) 100vw, 150px\" \/><\/a>\n\t\t\t<\/div><\/figure><figure class='gallery-item'>\n\t\t\t<div class='gallery-icon portrait'>\n\t\t\t\t<a title=\"Martin\"  title=\"Martin\"  href='https:\/\/www.auzeau.fr\/39-45\/wp-content\/uploads\/Cimetieres\/31%20--%2060\/56-Morbihan\/Lorient\/Z1383\/Martin.jpg'><img loading=\"lazy\" decoding=\"async\" width=\"150\" height=\"150\" src=\"https:\/\/www.auzeau.fr\/39-45\/wp-content\/uploads\/Cimetieres\/31 -- 60\/56-Morbihan\/Lorient\/Z1383\/Martin-150x150.jpg\" class=\"attachment-thumbnail size-thumbnail\" alt=\"\" srcset=\"https:\/\/www.auzeau.fr\/39-45\/wp-content\/uploads\/Cimetieres\/31%20--%2060\/56-Morbihan\/Lorient\/Z1383\/Martin-150x150.jpg 150w, https:\/\/www.auzeau.fr\/39-45\/wp-content\/uploads\/Cimetieres\/31%20--%2060\/56-Morbihan\/Lorient\/Z1383\/Martin-50x50.jpg 50w\" sizes=\"(max-width: 150px) 100vw, 150px\" \/><\/a>\n\t\t\t<\/div><\/figure><figure class='gallery-item'>\n\t\t\t<div class='gallery-icon portrait'>\n\t\t\t\t<a title=\"McQueen\"  title=\"McQueen\"  href='https:\/\/www.auzeau.fr\/39-45\/wp-content\/uploads\/Cimetieres\/31%20--%2060\/56-Morbihan\/Lorient\/Z1383\/McQueen.jpg'><img loading=\"lazy\" decoding=\"async\" width=\"150\" height=\"150\" src=\"https:\/\/www.auzeau.fr\/39-45\/wp-content\/uploads\/Cimetieres\/31 -- 60\/56-Morbihan\/Lorient\/Z1383\/McQueen-150x150.jpg\" class=\"attachment-thumbnail size-thumbnail\" alt=\"\" srcset=\"https:\/\/www.auzeau.fr\/39-45\/wp-content\/uploads\/Cimetieres\/31%20--%2060\/56-Morbihan\/Lorient\/Z1383\/McQueen-150x150.jpg 150w, https:\/\/www.auzeau.fr\/39-45\/wp-content\/uploads\/Cimetieres\/31%20--%2060\/56-Morbihan\/Lorient\/Z1383\/McQueen-50x50.jpg 50w\" sizes=\"(max-width: 150px) 100vw, 150px\" \/><\/a>\n\t\t\t<\/div><\/figure><figure class='gallery-item'>\n\t\t\t<div class='gallery-icon portrait'>\n\t\t\t\t<a title=\"Moores\"  title=\"Moores\"  href='https:\/\/www.auzeau.fr\/39-45\/wp-content\/uploads\/Cimetieres\/31%20--%2060\/56-Morbihan\/Lorient\/Z1383\/Moores.jpg'><img loading=\"lazy\" decoding=\"async\" width=\"150\" height=\"150\" src=\"https:\/\/www.auzeau.fr\/39-45\/wp-content\/uploads\/Cimetieres\/31 -- 60\/56-Morbihan\/Lorient\/Z1383\/Moores-150x150.jpg\" class=\"attachment-thumbnail size-thumbnail\" alt=\"\" srcset=\"https:\/\/www.auzeau.fr\/39-45\/wp-content\/uploads\/Cimetieres\/31%20--%2060\/56-Morbihan\/Lorient\/Z1383\/Moores-150x150.jpg 150w, https:\/\/www.auzeau.fr\/39-45\/wp-content\/uploads\/Cimetieres\/31%20--%2060\/56-Morbihan\/Lorient\/Z1383\/Moores-50x50.jpg 50w\" sizes=\"(max-width: 150px) 100vw, 150px\" \/><\/a>\n\t\t\t<\/div><\/figure><figure class='gallery-item'>\n\t\t\t<div class='gallery-icon portrait'>\n\t\t\t\t<a title=\"Roget\"  title=\"Roget\"  href='https:\/\/www.auzeau.fr\/39-45\/wp-content\/uploads\/Cimetieres\/31%20--%2060\/56-Morbihan\/Lorient\/Z1383\/Roget.jpg'><img loading=\"lazy\" decoding=\"async\" width=\"150\" height=\"150\" src=\"https:\/\/www.auzeau.fr\/39-45\/wp-content\/uploads\/Cimetieres\/31 -- 60\/56-Morbihan\/Lorient\/Z1383\/Roget-150x150.jpg\" class=\"attachment-thumbnail size-thumbnail\" alt=\"\" srcset=\"https:\/\/www.auzeau.fr\/39-45\/wp-content\/uploads\/Cimetieres\/31%20--%2060\/56-Morbihan\/Lorient\/Z1383\/Roget-150x150.jpg 150w, https:\/\/www.auzeau.fr\/39-45\/wp-content\/uploads\/Cimetieres\/31%20--%2060\/56-Morbihan\/Lorient\/Z1383\/Roget-50x50.jpg 50w\" sizes=\"(max-width: 150px) 100vw, 150px\" \/><\/a>\n\t\t\t<\/div><\/figure>\n\t\t<\/div>\n<\/td>\n<\/tr>\n<\/tbody>\n<\/table>\n<table>\n<tbody>\n<tr>\n<td style=\"background-color: #dcdcdc; text-align: center; vertical-align: middle;\">\n<p style=\"text-align: center;\"><ul id=\"menu-56-lorient\" class=\"menu\"><li id=\"menu-item-56115\" class=\"menu-item menu-item-type-post_type menu-item-object-page menu-item-56115\"><a href=\"https:\/\/www.auzeau.fr\/39-45\/france\/56-morbihan\/56-lorient\/\">Blenheim V6087<\/a><\/li>\n<li id=\"menu-item-56137\" class=\"menu-item menu-item-type-post_type menu-item-object-page menu-item-56137\"><a href=\"https:\/\/www.auzeau.fr\/39-45\/france\/56-morbihan\/56-lorient-2\/\">Hampden AT158<\/a><\/li>\n<li id=\"menu-item-56136\" class=\"menu-item menu-item-type-post_type menu-item-object-page menu-item-56136\"><a href=\"https:\/\/www.auzeau.fr\/39-45\/france\/56-morbihan\/56-lorient-3\/\">Wellington X3709<\/a><\/li>\n<li id=\"menu-item-56135\" class=\"menu-item menu-item-type-post_type menu-item-object-page menu-item-56135\"><a href=\"https:\/\/www.auzeau.fr\/39-45\/france\/56-morbihan\/56-lorient-4\/\">Wellington Z1383<\/a><\/li>\n<li id=\"menu-item-56134\" class=\"menu-item menu-item-type-post_type menu-item-object-page menu-item-56134\"><a href=\"https:\/\/www.auzeau.fr\/39-45\/france\/56-morbihan\/56-lorient-5\/\">Wellington X3345<\/a><\/li>\n<li id=\"menu-item-56133\" class=\"menu-item menu-item-type-post_type menu-item-object-page menu-item-56133\"><a href=\"https:\/\/www.auzeau.fr\/39-45\/france\/56-morbihan\/56-lorient-6\/\">Wellington Z1576<\/a><\/li>\n<li id=\"menu-item-56132\" class=\"menu-item menu-item-type-post_type menu-item-object-page menu-item-56132\"><a href=\"https:\/\/www.auzeau.fr\/39-45\/france\/56-morbihan\/56-lorient-7\/\">Hampden AE390<\/a><\/li>\n<li id=\"menu-item-56131\" class=\"menu-item menu-item-type-post_type menu-item-object-page menu-item-56131\"><a href=\"https:\/\/www.auzeau.fr\/39-45\/france\/56-morbihan\/56-lorient-8\/\">Wellington Z1386<\/a><\/li>\n<li id=\"menu-item-56130\" class=\"menu-item menu-item-type-post_type menu-item-object-page menu-item-56130\"><a href=\"https:\/\/www.auzeau.fr\/39-45\/france\/56-morbihan\/56-lorient-9\/\">Wellington Z1279<\/a><\/li>\n<\/ul>\n<\/td>\n<\/tr>\n<\/tbody>\n<\/table>\n<hr \/>\n<p style=\"text-align: center;\"><ul id=\"menu-56-morbihan\" class=\"menu\"><li id=\"menu-item-55636\" class=\"menu-item menu-item-type-post_type menu-item-object-page menu-item-55636\"><a href=\"https:\/\/www.auzeau.fr\/39-45\/france\/56-morbihan\/56-gavres\/\">56 \u2013 Gavres<\/a><\/li>\n<li id=\"menu-item-55637\" class=\"menu-item menu-item-type-post_type menu-item-object-page menu-item-55637\"><a href=\"https:\/\/www.auzeau.fr\/39-45\/france\/56-morbihan\/56-guidel\/\">56 \u2013 Guidel<\/a><\/li>\n<li id=\"menu-item-101551\" class=\"menu-item menu-item-type-post_type menu-item-object-page menu-item-101551\"><a href=\"https:\/\/www.auzeau.fr\/39-45\/france\/56-morbihan\/56-hennebont-cimetiere-de-st-caradec\/\">56 \u2013 Hennebont Cimeti\u00e8re de St Caradec<\/a><\/li>\n<li id=\"menu-item-68201\" class=\"menu-item menu-item-type-post_type menu-item-object-page menu-item-68201\"><a href=\"https:\/\/www.auzeau.fr\/39-45\/france\/56-morbihan\/56-ile-aux-moines\/\">56 \u2013 Ile-aux-Moines<\/a><\/li>\n<li id=\"menu-item-68200\" class=\"menu-item menu-item-type-post_type menu-item-object-page menu-item-68200\"><a href=\"https:\/\/www.auzeau.fr\/39-45\/france\/56-morbihan\/56-la-trinite-sur-mer\/\">56 \u2013 La Trinit\u00e9-sur-Mer<\/a><\/li>\n<li id=\"menu-item-68199\" class=\"menu-item menu-item-type-post_type menu-item-object-page menu-item-68199\"><a href=\"https:\/\/www.auzeau.fr\/39-45\/france\/56-morbihan\/56-lamor-plage\/\">56 \u2013 Lamor-Plage<\/a><\/li>\n<li id=\"menu-item-55638\" class=\"menu-item menu-item-type-post_type menu-item-object-page menu-item-55638\"><a href=\"https:\/\/www.auzeau.fr\/39-45\/france\/56-morbihan\/56-lanester\/\">56 \u2013 Lanester<\/a><\/li>\n<li id=\"menu-item-55639\" class=\"menu-item menu-item-type-post_type menu-item-object-page menu-item-55639\"><a href=\"https:\/\/www.auzeau.fr\/39-45\/france\/56-morbihan\/56-lorient\/\">56 \u2013 Lorient<\/a><\/li>\n<li id=\"menu-item-68198\" class=\"menu-item menu-item-type-post_type menu-item-object-page menu-item-68198\"><a href=\"https:\/\/www.auzeau.fr\/39-45\/france\/56-morbihan\/56-penestin\/\">56 \u2013 P\u00e9nestin<\/a><\/li>\n<li id=\"menu-item-68197\" class=\"menu-item menu-item-type-post_type menu-item-object-page menu-item-68197\"><a href=\"https:\/\/www.auzeau.fr\/39-45\/france\/56-morbihan\/56-plougoumelen\/\">56 \u2013 Plougoumelen<\/a><\/li>\n<li id=\"menu-item-68203\" class=\"menu-item menu-item-type-post_type menu-item-object-page menu-item-68203\"><a href=\"https:\/\/www.auzeau.fr\/39-45\/france\/56-morbihan\/56-quiberon\/\">56 \u2013 Quiberon<\/a><\/li>\n<li id=\"menu-item-55640\" class=\"menu-item menu-item-type-post_type menu-item-object-page menu-item-55640\"><a href=\"https:\/\/www.auzeau.fr\/39-45\/france\/56-morbihan\/56-reguiny\/\">56 \u2013 R\u00e9guiny<\/a><\/li>\n<li id=\"menu-item-69830\" class=\"menu-item menu-item-type-post_type menu-item-object-page menu-item-69830\"><a href=\"https:\/\/www.auzeau.fr\/39-45\/france\/56-morbihan\/56-sainte-anne-d-auray\/\">56 &#8211; Sainte-Anne-d&#8217;Auray N\u00e9cropole nationale<\/a><\/li>\n<li id=\"menu-item-68195\" class=\"menu-item menu-item-type-post_type menu-item-object-page menu-item-68195\"><a href=\"https:\/\/www.auzeau.fr\/39-45\/france\/56-morbihan\/56-sarzeau\/\">56 \u2013 Sarzeau<\/a><\/li>\n<li id=\"menu-item-68194\" class=\"menu-item menu-item-type-post_type menu-item-object-page menu-item-68194\"><a href=\"https:\/\/www.auzeau.fr\/39-45\/france\/56-morbihan\/56-vannes\/\">56 \u2013 Vannes<\/a><\/li>\n<\/ul>\n<script type=\"text\/javascript\"> toolTips('.classtoolTips5','Mouillage de mines \u00e0 faible altitude<br\/><br\/>Sowing mines from low heights'); <\/script><script type=\"text\/javascript\"> toolTips('.classtoolTips45','Royal Air Force Volunteer Reserve'); <\/script><script type=\"text\/javascript\"> toolTips('.classtoolTips70','<img class=\"aligncenter wp-image-65848 size-full\" title=\"Flak18\" src=\"https:\/\/www.auzeau.fr\/39-45\/wp-content\/uploads\/images\/Materiel\/Flak18.JPG\" alt=\"\" width=\"640\" height=\"499\" \/><br\/><img class=\"aligncenter size-full wp-image-65849\" title=\"Flak30\" src=\"https:\/\/www.auzeau.fr\/39-45\/wp-content\/uploads\/images\/Materiel\/Flak30.JPG\" alt=\"\" width=\"640\" height=\"499\" \/>'); <\/script><script type=\"text\/javascript\"> toolTips('.classtoolTips77','Royal Australian Air Force'); <\/script><script type=\"text\/javascript\"> toolTips('.classtoolTips96','Sergent<br\/><br\/>Sergeant'); <\/script><script type=\"text\/javascript\"> toolTips('.classtoolTips98','Colonel'); <\/script><script type=\"text\/javascript\"> toolTips('.classtoolTips110','Tu\u00e9 au combat<br\/><br\/>Killed In Action'); <\/script><script type=\"text\/javascript\"> toolTips('.classtoolTips115','Op\u00e9rateur Radio<br\/><br\/>Wireless Op\u00e9rator'); <\/script><script type=\"text\/javascript\"> toolTips('.classtoolTips117','Observateur<br\/><br\/>Oberver'); <\/script><script type=\"text\/javascript\"> toolTips('.classtoolTips136','Arm\u00e9e de l\u2019Air Fran\u00e7aise'); <\/script><script type=\"text\/javascript\"> toolTips('.classtoolTips144','Royal Corps of Signals'); <\/script><script type=\"text\/javascript\"> toolTips('.classtoolTips146','Royal Air Force'); <\/script><script type=\"text\/javascript\"> toolTips('.classtoolTips151','Pilote<br\/><br\/>Pilot'); <\/script><script type=\"text\/javascript\"> toolTips('.classtoolTips153','Porucznik'); <\/script><script type=\"text\/javascript\"> toolTips('.classtoolTips158','Midshipman'); <\/script><script type=\"text\/javascript\"> toolTips('.classtoolTips173','Leading Airman'); <\/script><script type=\"text\/javascript\"> toolTips('.classtoolTips182','Warrant Officer'); <\/script><script type=\"text\/javascript\"> toolTips('.classtoolTips183','Flight Sergeant'); <\/script><script type=\"text\/javascript\"> toolTips('.classtoolTips185','Mitrailleur<br\/><br\/>Air Gunner'); <\/script><script type=\"text\/javascript\"> toolTips('.classtoolTips188','Bombardier<br\/><br\/>Air bomber'); <\/script><script type=\"text\/javascript\"> toolTips('.classtoolTips189','M\u00e9canicien volant<br\/><br\/>Flying Enginer'); <\/script><script type=\"text\/javascript\"> toolTips('.classtoolTips197','Aircraftman'); <\/script><script type=\"text\/javascript\"> toolTips('.classtoolTips199','Radio Officer'); <\/script><script type=\"text\/javascript\"> toolTips('.classtoolTips201','Lieutenant'); <\/script>","protected":false},"excerpt":{"rendered":"<p>Wellington Z1383 UV-D 460 Sqn Date : 22 juin 1942 Mission : Gardening D\u00e9collage : Breighton \u00e0 22:47 Causes de la perte : Abattu par la Flak Lieu de la perte : Kerroch \u00e0 Languidic (56) FS Robert John BUCKINGHAM Pil RAAF 400578 KIA Sgt Frederick Roy MARTIN WOP RAAF 403479 KIA Sgt William Stalker [&hellip;]<\/p>\n","protected":false},"author":1,"featured_media":0,"parent":43153,"menu_order":0,"comment_status":"closed","ping_status":"closed","template":"template-full-width Wellington.php","meta":{"_lmt_disableupdate":"yes","_lmt_disable":"","footnotes":""},"categories":[364],"tags":[712],"wf_page_folders":[3110],"class_list":["post-56118","page","type-page","status-publish","hentry","category-wellington","tag-460-squadron"],"_links":{"self":[{"href":"https:\/\/www.auzeau.fr\/39-45\/wp-json\/wp\/v2\/pages\/56118","targetHints":{"allow":["GET"]}}],"collection":[{"href":"https:\/\/www.auzeau.fr\/39-45\/wp-json\/wp\/v2\/pages"}],"about":[{"href":"https:\/\/www.auzeau.fr\/39-45\/wp-json\/wp\/v2\/types\/page"}],"author":[{"embeddable":true,"href":"https:\/\/www.auzeau.fr\/39-45\/wp-json\/wp\/v2\/users\/1"}],"replies":[{"embeddable":true,"href":"https:\/\/www.auzeau.fr\/39-45\/wp-json\/wp\/v2\/comments?post=56118"}],"version-history":[{"count":0,"href":"https:\/\/www.auzeau.fr\/39-45\/wp-json\/wp\/v2\/pages\/56118\/revisions"}],"up":[{"embeddable":true,"href":"https:\/\/www.auzeau.fr\/39-45\/wp-json\/wp\/v2\/pages\/43153"}],"wp:attachment":[{"href":"https:\/\/www.auzeau.fr\/39-45\/wp-json\/wp\/v2\/media?parent=56118"}],"wp:term":[{"taxonomy":"category","embeddable":true,"href":"https:\/\/www.auzeau.fr\/39-45\/wp-json\/wp\/v2\/categories?post=56118"},{"taxonomy":"post_tag","embeddable":true,"href":"https:\/\/www.auzeau.fr\/39-45\/wp-json\/wp\/v2\/tags?post=56118"},{"taxonomy":"wf_page_folders","embeddable":true,"href":"https:\/\/www.auzeau.fr\/39-45\/wp-json\/wp\/v2\/wf_page_folders?post=56118"}],"curies":[{"name":"wp","href":"https:\/\/api.w.org\/{rel}","templated":true}]}}