{"id":54789,"date":"2018-05-02T12:29:34","date_gmt":"2018-05-02T10:29:34","guid":{"rendered":"http:\/\/39-45.auzeau.fr\/39-45\/france\/44-loire-atlantique\/44-pornic-war-cemetery-2-2\/"},"modified":"2018-05-14T18:04:05","modified_gmt":"2018-05-14T16:04:05","slug":"44-pornic-war-cemetery-3","status":"publish","type":"page","link":"https:\/\/www.auzeau.fr\/39-45\/france\/44-loire-atlantique\/44-pornic-war-cemetery-3\/","title":{"rendered":"44 &#8211; Pornic War Cemetery"},"content":{"rendered":"<p><img fetchpriority=\"high\" decoding=\"async\" class=\"aligncenter size-full wp-image-54757\" title=\"IMGP0079\" src=\"https:\/\/www.auzeau.fr\/39-45\/wp-content\/uploads\/Cimetieres\/31 -- 60\/44-Loire-Atlantique\/Pornic\/IMGP0079.jpg\" alt=\"\" width=\"900\" height=\"540\" srcset=\"https:\/\/www.auzeau.fr\/39-45\/wp-content\/uploads\/Cimetieres\/31%20--%2060\/44-Loire-Atlantique\/Pornic\/IMGP0079.jpg 900w, https:\/\/www.auzeau.fr\/39-45\/wp-content\/uploads\/Cimetieres\/31%20--%2060\/44-Loire-Atlantique\/Pornic\/IMGP0079-300x180.jpg 300w, https:\/\/www.auzeau.fr\/39-45\/wp-content\/uploads\/Cimetieres\/31%20--%2060\/44-Loire-Atlantique\/Pornic\/IMGP0079-768x461.jpg 768w\" sizes=\"(max-width: 900px) 100vw, 900px\" \/><\/p>\n<table class=\"tableau_centre_bordure\" style=\"width: 98%;\" border=\"0\">\n<tbody>\n<tr>\n<td style=\"width: 5%;\"><a name=\"AD728\"><\/a><\/td>\n<td style=\"width: 5%;\"><\/td>\n<td style=\"width: 5%;\"><\/td>\n<td style=\"width: 5%;\"><\/td>\n<td style=\"width: 5%;\"><\/td>\n<td style=\"width: 5%;\"><\/td>\n<td style=\"width: 5%;\"><\/td>\n<td style=\"width: 5%;\"><\/td>\n<td style=\"width: 5%;\"><\/td>\n<td style=\"width: 5%;\"><\/td>\n<td style=\"width: 5%;\"><\/td>\n<td style=\"width: 5%;\"><\/td>\n<td style=\"width: 5%;\"><\/td>\n<td style=\"width: 5%;\"><\/td>\n<td style=\"width: 5%;\"><\/td>\n<td style=\"width: 5%;\"><\/td>\n<td style=\"width: 5%;\"><\/td>\n<td style=\"width: 5%;\"><\/td>\n<td style=\"width: 5%;\"><\/td>\n<td style=\"width: 5%;\"><\/td>\n<\/tr>\n<tr>\n<td colspan=\"15\"><span style=\"color: #000000;\"><strong><span style=\"font-size: xx-large;\">Hampden AD728 VN-<\/span><\/strong><\/span><\/td>\n<td style=\"text-align: center;\" colspan=\"5\"><strong><span style=\"font-size: xx-large;\">50 Sqn<\/span><\/strong><\/td>\n<\/tr>\n<tr style=\"height: 40px;\">\n<td style=\"text-align: right;\" colspan=\"2\"><span style=\"font-size: 14px;\"><strong>Date : <\/strong><\/span><\/td>\n<td colspan=\"5\"><span style=\"font-size: 14px;\"><em>28 avril 1941<\/em><\/span><\/td>\n<td style=\"text-align: right;\" colspan=\"3\"><span style=\"font-size: 14px;\"><strong>Mission : <\/strong><\/span><\/td>\n<td colspan=\"10\"><span style=\"font-size: 14px;\"><em>Pose de mines au large de La Rochelle<br \/>\n<\/em><\/span><\/td>\n<\/tr>\n<tr style=\"height: 40px;\">\n<td><\/td>\n<td><\/td>\n<td style=\"text-align: right;\" colspan=\"5\"><span style=\"font-size: 14px;\"><strong>D\u00e9collage :<\/strong><\/span><\/td>\n<td colspan=\"10\"><span style=\"font-size: 14px;\"><em>Lindholme<br \/>\n<\/em><\/span><\/td>\n<td><\/td>\n<td><\/td>\n<td><\/td>\n<\/tr>\n<tr style=\"height: 40px;\">\n<td><\/td>\n<td><\/td>\n<td style=\"text-align: right;\" colspan=\"5\"><span style=\"font-size: 14px;\"><strong>Causes de la perte : <\/strong><\/span><\/td>\n<td colspan=\"10\"><\/td>\n<td><\/td>\n<td><\/td>\n<td><\/td>\n<\/tr>\n<tr style=\"height: 40px;\">\n<td><\/td>\n<td><\/td>\n<td style=\"text-align: right;\" colspan=\"5\"><span style=\"font-size: 14px;\"><strong>Lieu de la perte : <\/strong><\/span><\/td>\n<td colspan=\"10\"><span style=\"font-size: 14px;\"><em>Oc\u00e9an Atlantique<br \/>\n<\/em><\/span><\/td>\n<td><\/td>\n<td><\/td>\n<td><\/td>\n<\/tr>\n<tr style=\"height: 60px;\">\n<td><span style=\"font-size: 14px;\"><img decoding=\"async\" class=\"size-full wp-image-47215 alignleft\" title=\"Royaume Uni\" src=\"https:\/\/www.auzeau.fr\/39-45\/wp-content\/uploads\/images\/Drapeaux\/Angleterre.png\" alt=\"Royaume-Uni\" width=\"40\" height=\"20\" \/><\/span><\/td>\n<td><span style=\"font-size: 14px;\"><span class='tooltipsall tooltipsincontent classtoolTips96'>Sgt<\/span><\/span><\/td>\n<td colspan=\"5\"><span style=\"font-size: 14px;\">Albert Charles<\/span><\/td>\n<td colspan=\"2\"><span style=\"font-size: 14px; color: #000000;\"><strong>EVANS<\/strong><\/span><\/td>\n<td style=\"text-align: center;\" colspan=\"2\"><span style=\"font-size: 14px;\"><span class='tooltipsall tooltipsincontent classtoolTips115'>WOP<\/span> <span class='tooltipsall tooltipsincontent classtoolTips185'>AG<\/span><\/span><\/td>\n<td style=\"text-align: center;\"><span style=\"font-size: 14px;\"><span class='tooltipsall tooltipsincontent classtoolTips146'>RAF<\/span><\/span><\/td>\n<td style=\"text-align: center;\" colspan=\"2\"><span style=\"font-size: 14px;\">648973<\/span><\/td>\n<td><span style=\"font-size: 14px; color: #000000;\"><strong><span class='tooltipsall tooltipsincontent classtoolTips110'>KIA<\/span><\/strong><\/span><\/td>\n<td colspan=\"5\"><span style=\"font-size: 10pt;\"><em><a href=\"https:\/\/www.auzeau.fr\/39-45\/france\/17-charente-maritime\/17-saint-martin-de-re\">Inhum\u00e9 \u00e0 St Martin de R\u00e9 (17)<\/a><\/em> <\/span><\/td>\n<\/tr>\n<tr style=\"height: 60px;\">\n<td><span style=\"font-size: 14px;\"><img decoding=\"async\" class=\"size-full wp-image-47215 alignleft\" title=\"Royaume Uni\" src=\"https:\/\/www.auzeau.fr\/39-45\/wp-content\/uploads\/images\/Drapeaux\/Angleterre.png\" alt=\"Royaume-Uni\" width=\"40\" height=\"20\" \/><\/span><\/td>\n<td><span style=\"font-size: 14px;\"><span class='tooltipsall tooltipsincontent classtoolTips10'>Sqn Ldr<\/span><\/span><\/td>\n<td colspan=\"5\"><span style=\"font-size: 14px;\">Duncan Charles Frederick<\/span><\/td>\n<td colspan=\"2\"><span style=\"font-size: 14px; color: #000000;\"><strong>GOOD<\/strong><\/span><\/td>\n<td style=\"text-align: center;\" colspan=\"2\"><span style=\"font-size: 14px;\"><span class='tooltipsall tooltipsincontent classtoolTips151'>Pil<\/span><\/span><\/td>\n<td style=\"text-align: center;\"><span style=\"font-size: 14px;\"><span class='tooltipsall tooltipsincontent classtoolTips146'>RAF<\/span><\/span><\/td>\n<td style=\"text-align: center;\" colspan=\"2\"><span style=\"font-size: 14px;\">39459<\/span><\/td>\n<td><span style=\"font-size: 14px; color: #000000;\"><strong><span class='tooltipsall tooltipsincontent classtoolTips111'>MIA<\/span><\/strong><\/span><\/td>\n<td colspan=\"5\"><span style=\"font-size: 10pt;\"><em><img decoding=\"async\" class=\"size-full wp-image-47245 alignleft\" title=\"Distinguished-Flying-Cross\" src=\"https:\/\/www.auzeau.fr\/39-45\/wp-content\/uploads\/images\/Medaille\/Distinguished-Flying-Cross.png\" alt=\"Distinguished-Flying-Cross\" width=\"73\" height=\"20\" \/>\u00a0Runnymede Memorial<\/em> <\/span><\/td>\n<\/tr>\n<tr style=\"height: 60px;\">\n<td><span style=\"font-size: 14px;\"><img decoding=\"async\" class=\"size-full wp-image-47215 alignleft\" title=\"Royaume Uni\" src=\"https:\/\/www.auzeau.fr\/39-45\/wp-content\/uploads\/images\/Drapeaux\/Angleterre.png\" alt=\"Royaume-Uni\" width=\"40\" height=\"20\" \/><\/span><\/td>\n<td><span style=\"font-size: 14px;\"><span class='tooltipsall tooltipsincontent classtoolTips96'>Sgt<\/span><\/span><\/td>\n<td colspan=\"5\"><span style=\"font-size: 14px;\">Horace Cuthbert<\/span><\/td>\n<td colspan=\"2\"><span style=\"font-size: 14px; color: #000000;\"><strong>PAGE<\/strong><\/span><\/td>\n<td style=\"text-align: center;\" colspan=\"2\"><span style=\"font-size: 14px;\"><span class='tooltipsall tooltipsincontent classtoolTips115'>WOP<\/span> <span class='tooltipsall tooltipsincontent classtoolTips185'>AG<\/span><\/span><\/td>\n<td style=\"text-align: center;\"><span style=\"font-size: 14px;\"><span class='tooltipsall tooltipsincontent classtoolTips45'>RAFVR<\/span><\/span><\/td>\n<td style=\"text-align: center;\" colspan=\"2\"><span style=\"font-size: 14px;\">908004<\/span><\/td>\n<td><span style=\"font-size: 14px; color: #000000;\"><strong><span class='tooltipsall tooltipsincontent classtoolTips110'>KIA<\/span><\/strong><\/span><\/td>\n<td colspan=\"5\"><span style=\"font-size: 10pt;\">\u00a0<\/span><\/td>\n<\/tr>\n<tr style=\"height: 60px;\">\n<td><span style=\"font-size: 14px;\"><img decoding=\"async\" class=\"size-full wp-image-47215 alignleft\" title=\"Royaume Uni\" src=\"https:\/\/www.auzeau.fr\/39-45\/wp-content\/uploads\/images\/Drapeaux\/Angleterre.png\" alt=\"Royaume-Uni\" width=\"40\" height=\"20\" \/><\/span><\/td>\n<td><span style=\"font-size: 14px;\"><span class='tooltipsall tooltipsincontent classtoolTips12'>Plt Off<\/span><\/span><\/td>\n<td colspan=\"5\"><span style=\"font-size: 14px;\">John George Embleton<\/span><\/td>\n<td colspan=\"2\"><span style=\"font-size: 14px; color: #000000;\"><strong>WILLIS<\/strong><\/span><\/td>\n<td style=\"text-align: center;\" colspan=\"2\"><span style=\"font-size: 14px;\"><span class='tooltipsall tooltipsincontent classtoolTips151'>Pil<\/span><\/span><\/td>\n<td style=\"text-align: center;\"><span style=\"font-size: 14px;\"><span class='tooltipsall tooltipsincontent classtoolTips45'>RAFVR<\/span><\/span><\/td>\n<td style=\"text-align: center;\" colspan=\"2\"><span style=\"font-size: 14px;\">88228<\/span><\/td>\n<td><span style=\"font-size: 14px; color: #000000;\"><strong><span class='tooltipsall tooltipsincontent classtoolTips110'>KIA<\/span><\/strong><\/span><\/td>\n<td colspan=\"5\"><span style=\"font-size: 10pt;\"><a href=\"https:\/\/www.auzeau.fr\/39-45\/france\/17-charente-maritime\/17-chatelaillon-plage\"><em>Inhum\u00e9 \u00e0 Chatelaillon Plage (17)<\/em><\/a><\/span><\/td>\n<\/tr>\n<\/tbody>\n<\/table>\n<div id='gallery-1' class='gallery galleryid-54789 gallery-columns-1 gallery-size-thumbnail'><figure class='gallery-item'>\n\t\t\t<div class='gallery-icon portrait'>\n\t\t\t\t<a title=\"Sgt_H.C._PAGE_-_908004\"  title=\"Sgt_H.C._PAGE_-_908004\"  href='https:\/\/www.auzeau.fr\/39-45\/wp-content\/uploads\/Cimetieres\/31%20--%2060\/44-Loire-Atlantique\/Pornic\/AD728\/Sgt_H.C._PAGE_-_908004.jpg'><img loading=\"lazy\" decoding=\"async\" width=\"150\" height=\"150\" src=\"https:\/\/www.auzeau.fr\/39-45\/wp-content\/uploads\/Cimetieres\/31 -- 60\/44-Loire-Atlantique\/Pornic\/AD728\/Sgt_H.C._PAGE_-_908004-150x150.jpg\" class=\"attachment-thumbnail size-thumbnail\" alt=\"\" srcset=\"https:\/\/www.auzeau.fr\/39-45\/wp-content\/uploads\/Cimetieres\/31%20--%2060\/44-Loire-Atlantique\/Pornic\/AD728\/Sgt_H.C._PAGE_-_908004-150x150.jpg 150w, https:\/\/www.auzeau.fr\/39-45\/wp-content\/uploads\/Cimetieres\/31%20--%2060\/44-Loire-Atlantique\/Pornic\/AD728\/Sgt_H.C._PAGE_-_908004-50x50.jpg 50w\" sizes=\"(max-width: 150px) 100vw, 150px\" \/><\/a>\n\t\t\t<\/div><\/figure>\n\t\t<\/div>\n\n<p style=\"text-align: justify;\"><span style=\"font-size: 10pt;\"><em>Awarded the Distinguished Flying Cross<br \/>\nActing Squadron Leader Duncan Charles Frederick GOOD (39459). Pilot Officer Walter George GARDINER (43134).<\/em><\/span><br \/>\n<span style=\"font-size: 10pt;\"> <em>Squadron Leader Good and Pilot Officer Gardiner were respectively pilot and navigator of an aircraft engaged on special night reconnaissance early in May. When flying low over the objective, the aircraft was subjected to heavy anti-aircraft fire, one shell bursting in the pilot&#8217;s cockpit, wounding Squadron Leader Good and damaging the controls and instruments. Although severely wounded, the pilot completed his reconnaissance, manoeuvring his aircraft to avoid searchlights and anti-aircraft fire, but then collapsed from loss of blood. In the darkness and with the aircraft at a low altitude and still in the danger zone, Pilot Officer Gardiner succeeded in extricating the wounded pilot from the cockpit. He brought the damaged aircraft back across 450 miles of sea, making a perfect landfall and landing under difficult and harassing conditions.<\/em><\/span><br \/>\n<span style=\"font-size: 10pt;\"> <em><strong>The London Gazette, Friday 17 May 1940<\/strong><\/em><\/span><\/p>\n<table style=\"width: 100%; border-collapse: collapse; background-color: #dcdcdc;\">\n<tbody>\n<tr>\n<td style=\"width: 100%; text-align: center;\"><ul id=\"menu-44-pornic\" class=\"menu\"><li id=\"menu-item-54768\" class=\"menu-item menu-item-type-post_type menu-item-object-page menu-item-54768\"><a href=\"https:\/\/www.auzeau.fr\/39-45\/france\/44-loire-atlantique\/44-pornic-war-cemetery\/\">Beaufort L9860<\/a><\/li>\n<li id=\"menu-item-54827\" class=\"menu-item menu-item-type-post_type menu-item-object-page menu-item-54827\"><a href=\"https:\/\/www.auzeau.fr\/39-45\/france\/44-loire-atlantique\/44-pornic-war-cemetery-2\/\">Beaufort N1147<\/a><\/li>\n<li id=\"menu-item-54828\" class=\"menu-item menu-item-type-post_type menu-item-object-page menu-item-54828\"><a href=\"https:\/\/www.auzeau.fr\/39-45\/france\/44-loire-atlantique\/44-pornic-war-cemetery-3\/\">Hampden AD728<\/a><\/li>\n<li id=\"menu-item-54829\" class=\"menu-item menu-item-type-post_type menu-item-object-page menu-item-54829\"><a href=\"https:\/\/www.auzeau.fr\/39-45\/france\/44-loire-atlantique\/44-pornic-war-cemetery-4\/\">Beaufort L9859<\/a><\/li>\n<li id=\"menu-item-54830\" class=\"menu-item menu-item-type-post_type menu-item-object-page menu-item-54830\"><a href=\"https:\/\/www.auzeau.fr\/39-45\/france\/44-loire-atlantique\/44-pornic-war-cemetery-5\/\">Beaufort AW189<\/a><\/li>\n<li id=\"menu-item-54831\" class=\"menu-item menu-item-type-post_type menu-item-object-page menu-item-54831\"><a href=\"https:\/\/www.auzeau.fr\/39-45\/france\/44-loire-atlantique\/44-pornic-war-cemetery-6\/\">Halifax L9517<\/a><\/li>\n<li id=\"menu-item-54832\" class=\"menu-item menu-item-type-post_type menu-item-object-page menu-item-54832\"><a href=\"https:\/\/www.auzeau.fr\/39-45\/france\/44-loire-atlantique\/44-pornic-war-cemetery-7\/\">Halifax L9529<\/a><\/li>\n<li id=\"menu-item-54833\" class=\"menu-item menu-item-type-post_type menu-item-object-page menu-item-54833\"><a href=\"https:\/\/www.auzeau.fr\/39-45\/france\/44-loire-atlantique\/44-pornic-war-cemetery-8\/\">Beaufort W6501<\/a><\/li>\n<li id=\"menu-item-54834\" class=\"menu-item menu-item-type-post_type menu-item-object-page menu-item-54834\"><a href=\"https:\/\/www.auzeau.fr\/39-45\/france\/44-loire-atlantique\/44-pornic-war-cemetery-9\/\">Manchester L7485<\/a><\/li>\n<li id=\"menu-item-54835\" class=\"menu-item menu-item-type-post_type menu-item-object-page menu-item-54835\"><a href=\"https:\/\/www.auzeau.fr\/39-45\/france\/44-loire-atlantique\/44-pornic-war-cemetery-10\/\">Wellington W5414<\/a><\/li>\n<li id=\"menu-item-54836\" class=\"menu-item menu-item-type-post_type menu-item-object-page menu-item-54836\"><a href=\"https:\/\/www.auzeau.fr\/39-45\/france\/44-loire-atlantique\/44-pornic-war-cemetery-11\/\">Lancaster R5608<\/a><\/li>\n<li id=\"menu-item-54837\" class=\"menu-item menu-item-type-post_type menu-item-object-page menu-item-54837\"><a href=\"https:\/\/www.auzeau.fr\/39-45\/france\/44-loire-atlantique\/44-pornic-war-cemetery-12\/\">Wellington BJ777<\/a><\/li>\n<li id=\"menu-item-54838\" class=\"menu-item menu-item-type-post_type menu-item-object-page menu-item-54838\"><a href=\"https:\/\/www.auzeau.fr\/39-45\/france\/44-loire-atlantique\/44-pornic-war-cemetery-13\/\">Wellington BK343<\/a><\/li>\n<li id=\"menu-item-54839\" class=\"menu-item menu-item-type-post_type menu-item-object-page menu-item-54839\"><a href=\"https:\/\/www.auzeau.fr\/39-45\/france\/44-loire-atlantique\/44-pornic-war-cemetery-14\/\">Halifax DT699<\/a><\/li>\n<li id=\"menu-item-54840\" class=\"menu-item menu-item-type-post_type menu-item-object-page menu-item-54840\"><a href=\"https:\/\/www.auzeau.fr\/39-45\/france\/44-loire-atlantique\/44-pornic-war-cemetery-15\/\">Wellington HX743<\/a><\/li>\n<li id=\"menu-item-54841\" class=\"menu-item menu-item-type-post_type menu-item-object-page menu-item-54841\"><a href=\"https:\/\/www.auzeau.fr\/39-45\/france\/44-loire-atlantique\/44-pornic-war-cemetery-16\/\">Stirling EE911<\/a><\/li>\n<li id=\"menu-item-54842\" class=\"menu-item menu-item-type-post_type menu-item-object-page menu-item-54842\"><a href=\"https:\/\/www.auzeau.fr\/39-45\/france\/44-loire-atlantique\/44-pornic-war-cemetery-17\/\">B24 Liberator BZ940<\/a><\/li>\n<li id=\"menu-item-54843\" class=\"menu-item menu-item-type-post_type menu-item-object-page menu-item-54843\"><a href=\"https:\/\/www.auzeau.fr\/39-45\/france\/44-loire-atlantique\/44-pornic-war-cemetery-18\/\">Lancaster LM643<\/a><\/li>\n<li id=\"menu-item-54844\" class=\"menu-item menu-item-type-post_type menu-item-object-page menu-item-54844\"><a href=\"https:\/\/www.auzeau.fr\/39-45\/france\/44-loire-atlantique\/44-pornic-war-cemetery-19\/\">Lancaster LM484<\/a><\/li>\n<li id=\"menu-item-54845\" class=\"menu-item menu-item-type-post_type menu-item-object-page menu-item-54845\"><a href=\"https:\/\/www.auzeau.fr\/39-45\/france\/44-loire-atlantique\/44-pornic-war-cemetery-20\/\">Beaufighter LZ441<\/a><\/li>\n<li id=\"menu-item-54846\" class=\"menu-item menu-item-type-post_type menu-item-object-page menu-item-54846\"><a href=\"https:\/\/www.auzeau.fr\/39-45\/france\/44-loire-atlantique\/44-pornic-war-cemetery-21\/\">Halifax JP164<\/a><\/li>\n<\/ul><\/td>\n<\/tr>\n<\/tbody>\n<\/table>\n<hr \/>\n<p style=\"text-align: center;\"><ul id=\"menu-44-loire-atlantique\" class=\"menu\"><li id=\"menu-item-54333\" class=\"menu-item menu-item-type-post_type menu-item-object-page menu-item-54333\"><a href=\"https:\/\/www.auzeau.fr\/39-45\/france\/44-loire-atlantique\/44-la-baule\/\">44 \u2013 La Baule War Cemetery<\/a><\/li>\n<li id=\"menu-item-54334\" class=\"menu-item menu-item-type-post_type menu-item-object-page menu-item-54334\"><a href=\"https:\/\/www.auzeau.fr\/39-45\/france\/44-loire-atlantique\/44-la-bernerie-en-retz\/\">44 \u2013 La Bernerie-en-Retz<\/a><\/li>\n<li id=\"menu-item-54335\" class=\"menu-item menu-item-type-post_type menu-item-object-page menu-item-54335\"><a href=\"https:\/\/www.auzeau.fr\/39-45\/france\/44-loire-atlantique\/44-lusanger\/\">44 \u2013 Lusanger<\/a><\/li>\n<li id=\"menu-item-54336\" class=\"menu-item menu-item-type-post_type menu-item-object-page menu-item-54336\"><a href=\"https:\/\/www.auzeau.fr\/39-45\/france\/44-loire-atlantique\/44-montoir-de-bretagne\/\">44 \u2013 Montoir-de-Bretagne<\/a><\/li>\n<li id=\"menu-item-68157\" class=\"menu-item menu-item-type-post_type menu-item-object-page menu-item-68157\"><a href=\"https:\/\/www.auzeau.fr\/39-45\/france\/44-loire-atlantique\/44-mouzillon\/\">44 \u2013 Mouzillon<\/a><\/li>\n<li id=\"menu-item-54337\" class=\"menu-item menu-item-type-post_type menu-item-object-page menu-item-54337\"><a href=\"https:\/\/www.auzeau.fr\/39-45\/france\/44-loire-atlantique\/44-nantes-cimetiere-la-chauviniere\/\">44 \u2013 Nantes  Cimeti\u00e8re de La Chauvini\u00e8re<\/a><\/li>\n<li id=\"menu-item-54338\" class=\"menu-item menu-item-type-post_type menu-item-object-page menu-item-54338\"><a href=\"https:\/\/www.auzeau.fr\/39-45\/france\/44-loire-atlantique\/44-nantes-cimetiere-misericorde-2\/\">44 \u2013 Nantes Cimeti\u00e8re Mis\u00e9ricorde<\/a><\/li>\n<li id=\"menu-item-54339\" class=\"menu-item menu-item-type-post_type menu-item-object-page menu-item-54339\"><a href=\"https:\/\/www.auzeau.fr\/39-45\/france\/44-loire-atlantique\/44-nantes-pont-du-cens\/\">44 \u2013 Nantes Pont du Cens<\/a><\/li>\n<li id=\"menu-item-54340\" class=\"menu-item menu-item-type-post_type menu-item-object-page menu-item-54340\"><a href=\"https:\/\/www.auzeau.fr\/39-45\/france\/44-loire-atlantique\/44-pontchateau\/\">44 \u2013 Pontch\u00e2teau<\/a><\/li>\n<li id=\"menu-item-67605\" class=\"menu-item menu-item-type-post_type menu-item-object-page menu-item-67605\"><a href=\"https:\/\/www.auzeau.fr\/39-45\/france\/44-loire-atlantique\/44-clion-sur-mer\/\">44 \u2013 Pornic (Le Clion-sur-Mer)<\/a><\/li>\n<li id=\"menu-item-54341\" class=\"menu-item menu-item-type-post_type menu-item-object-page menu-item-54341\"><a href=\"https:\/\/www.auzeau.fr\/39-45\/france\/44-loire-atlantique\/44-pornic-war-cemetery\/\">44 \u2013 Pornic War Cemetery<\/a><\/li>\n<li id=\"menu-item-67604\" class=\"menu-item menu-item-type-post_type menu-item-object-page menu-item-67604\"><a href=\"https:\/\/www.auzeau.fr\/39-45\/france\/44-loire-atlantique\/44-pornichet\/\">44 \u2013 Pornichet<\/a><\/li>\n<li id=\"menu-item-54342\" class=\"menu-item menu-item-type-post_type menu-item-object-page menu-item-54342\"><a href=\"https:\/\/www.auzeau.fr\/39-45\/france\/44-loire-atlantique\/44-riaille\/\">44 \u2013 Riaill\u00e9<\/a><\/li>\n<li id=\"menu-item-101930\" class=\"menu-item menu-item-type-post_type menu-item-object-page menu-item-101930\"><a href=\"https:\/\/www.auzeau.fr\/39-45\/france\/44-loire-atlantique\/44-saint-nazaire-cimetiere-de-la-briandais\/\">44 \u2013 Saint-Nazaire Cimetiere de la Briandais<\/a><\/li>\n<li id=\"menu-item-67603\" class=\"menu-item menu-item-type-post_type menu-item-object-page menu-item-67603\"><a href=\"https:\/\/www.auzeau.fr\/39-45\/france\/44-loire-atlantique\/44-thouare-sur-loire\/\">44 \u2013 Thouar\u00e9-sur-Loire<\/a><\/li>\n<\/ul>\n<script type=\"text\/javascript\"> toolTips('.classtoolTips10','Squadron Leader'); <\/script><script type=\"text\/javascript\"> toolTips('.classtoolTips12','Pilot Officer'); <\/script><script type=\"text\/javascript\"> toolTips('.classtoolTips45','Royal Air Force Volunteer Reserve'); <\/script><script type=\"text\/javascript\"> toolTips('.classtoolTips96','Sergent<br\/><br\/>Sergeant'); <\/script><script type=\"text\/javascript\"> toolTips('.classtoolTips98','Colonel'); <\/script><script type=\"text\/javascript\"> toolTips('.classtoolTips110','Tu\u00e9 au combat<br\/><br\/>Killed In Action'); <\/script><script type=\"text\/javascript\"> toolTips('.classtoolTips111','Disparu au combat<br\/><br\/>Missing In Action'); <\/script><script type=\"text\/javascript\"> toolTips('.classtoolTips114','Forces Fran\u00e7aises de l\\'Int\u00e9rieur'); <\/script><script type=\"text\/javascript\"> toolTips('.classtoolTips115','Op\u00e9rateur Radio<br\/><br\/>Wireless Op\u00e9rator'); <\/script><script type=\"text\/javascript\"> toolTips('.classtoolTips116','Navigateur<br\/><br\/>Navigator'); <\/script><script type=\"text\/javascript\"> toolTips('.classtoolTips118','Canonnier'); <\/script><script type=\"text\/javascript\"> toolTips('.classtoolTips124','Bless\u00e9<br\/><br\/>Wounded'); <\/script><script type=\"text\/javascript\"> toolTips('.classtoolTips134','\u00c9vad\u00e9<br\/><br\/>Evaded'); <\/script><script type=\"text\/javascript\"> toolTips('.classtoolTips144','Royal Corps of Signals'); <\/script><script type=\"text\/javascript\"> toolTips('.classtoolTips146','Royal Air Force'); <\/script><script type=\"text\/javascript\"> toolTips('.classtoolTips150','Indemne<br\/><br\/>Unhurt'); <\/script><script type=\"text\/javascript\"> toolTips('.classtoolTips151','Pilote<br\/><br\/>Pilot'); <\/script><script type=\"text\/javascript\"> toolTips('.classtoolTips153','Porucznik'); <\/script><script type=\"text\/javascript\"> toolTips('.classtoolTips162','Telegraphist'); <\/script><script type=\"text\/javascript\"> toolTips('.classtoolTips182','Warrant Officer'); <\/script><script type=\"text\/javascript\"> toolTips('.classtoolTips185','Mitrailleur<br\/><br\/>Air Gunner'); <\/script><script type=\"text\/javascript\"> toolTips('.classtoolTips186','Zone d\u2019Atterrissage<br\/><br\/>Landing Zone'); <\/script><script type=\"text\/javascript\"> toolTips('.classtoolTips188','Bombardier<br\/><br\/>Air bomber'); <\/script><script type=\"text\/javascript\"> toolTips('.classtoolTips189','M\u00e9canicien volant<br\/><br\/>Flying Enginer'); <\/script><script type=\"text\/javascript\"> toolTips('.classtoolTips193','Royal Navy'); <\/script><script type=\"text\/javascript\"> toolTips('.classtoolTips195','Enseigne de Vaisseau'); <\/script><script type=\"text\/javascript\"> toolTips('.classtoolTips197','Aircraftman'); <\/script><script type=\"text\/javascript\"> toolTips('.classtoolTips199','Radio Officer'); <\/script><script type=\"text\/javascript\"> toolTips('.classtoolTips201','Lieutenant'); <\/script>","protected":false},"excerpt":{"rendered":"<p>Hampden AD728 VN- 50 Sqn Date : 28 avril 1941 Mission : Pose de mines au large de La Rochelle D\u00e9collage : Lindholme Causes de la perte : Lieu de la perte : Oc\u00e9an Atlantique Sgt Albert Charles EVANS WOP AG RAF 648973 KIA Inhum\u00e9 \u00e0 St Martin de R\u00e9 (17) Sqn Ldr Duncan Charles [&hellip;]<\/p>\n","protected":false},"author":1,"featured_media":0,"parent":77,"menu_order":0,"comment_status":"closed","ping_status":"closed","template":"template-full-width Hampden.php","meta":{"_lmt_disableupdate":"yes","_lmt_disable":"","footnotes":""},"categories":[381],"tags":[907],"wf_page_folders":[3111],"class_list":["post-54789","page","type-page","status-publish","hentry","category-hampden","tag-50-squadron"],"_links":{"self":[{"href":"https:\/\/www.auzeau.fr\/39-45\/wp-json\/wp\/v2\/pages\/54789","targetHints":{"allow":["GET"]}}],"collection":[{"href":"https:\/\/www.auzeau.fr\/39-45\/wp-json\/wp\/v2\/pages"}],"about":[{"href":"https:\/\/www.auzeau.fr\/39-45\/wp-json\/wp\/v2\/types\/page"}],"author":[{"embeddable":true,"href":"https:\/\/www.auzeau.fr\/39-45\/wp-json\/wp\/v2\/users\/1"}],"replies":[{"embeddable":true,"href":"https:\/\/www.auzeau.fr\/39-45\/wp-json\/wp\/v2\/comments?post=54789"}],"version-history":[{"count":0,"href":"https:\/\/www.auzeau.fr\/39-45\/wp-json\/wp\/v2\/pages\/54789\/revisions"}],"up":[{"embeddable":true,"href":"https:\/\/www.auzeau.fr\/39-45\/wp-json\/wp\/v2\/pages\/77"}],"wp:attachment":[{"href":"https:\/\/www.auzeau.fr\/39-45\/wp-json\/wp\/v2\/media?parent=54789"}],"wp:term":[{"taxonomy":"category","embeddable":true,"href":"https:\/\/www.auzeau.fr\/39-45\/wp-json\/wp\/v2\/categories?post=54789"},{"taxonomy":"post_tag","embeddable":true,"href":"https:\/\/www.auzeau.fr\/39-45\/wp-json\/wp\/v2\/tags?post=54789"},{"taxonomy":"wf_page_folders","embeddable":true,"href":"https:\/\/www.auzeau.fr\/39-45\/wp-json\/wp\/v2\/wf_page_folders?post=54789"}],"curies":[{"name":"wp","href":"https:\/\/api.w.org\/{rel}","templated":true}]}}