{"id":54581,"date":"2018-05-02T08:13:26","date_gmt":"2018-05-02T06:13:26","guid":{"rendered":"http:\/\/39-45.auzeau.fr\/39-45\/france\/44-loire-atlantique\/44-nantes-pont-du-cens-3-2\/"},"modified":"2020-05-12T17:15:24","modified_gmt":"2020-05-12T15:15:24","slug":"44-nantes-pont-du-cens-4","status":"publish","type":"page","link":"https:\/\/www.auzeau.fr\/39-45\/france\/44-loire-atlantique\/44-nantes-pont-du-cens-4\/","title":{"rendered":"44 &#8211; Nantes Pont du Cens"},"content":{"rendered":"<p><img fetchpriority=\"high\" decoding=\"async\" class=\"aligncenter size-full wp-image-54493\" title=\"Nantes\" src=\"https:\/\/www.auzeau.fr\/39-45\/wp-content\/uploads\/Cimetieres\/31 -- 60\/44-Loire-Atlantique\/Nantes\/Pont-du-Cens\/Nantes.jpg\" alt=\"\" width=\"900\" height=\"292\" srcset=\"https:\/\/www.auzeau.fr\/39-45\/wp-content\/uploads\/Cimetieres\/31%20--%2060\/44-Loire-Atlantique\/Nantes\/Pont-du-Cens\/Nantes.jpg 900w, https:\/\/www.auzeau.fr\/39-45\/wp-content\/uploads\/Cimetieres\/31%20--%2060\/44-Loire-Atlantique\/Nantes\/Pont-du-Cens\/Nantes-300x97.jpg 300w, https:\/\/www.auzeau.fr\/39-45\/wp-content\/uploads\/Cimetieres\/31%20--%2060\/44-Loire-Atlantique\/Nantes\/Pont-du-Cens\/Nantes-768x249.jpg 768w\" sizes=\"(max-width: 900px) 100vw, 900px\" \/><\/p>\n<table style=\"width: 100%;\" border=\"0\">\n<tbody>\n<tr>\n<td style=\"width: 5%;\"><a name=\"N1085\"><\/a><\/td>\n<td style=\"width: 5%;\"><\/td>\n<td style=\"width: 5%;\"><\/td>\n<td style=\"width: 5%;\"><\/td>\n<td style=\"width: 5%;\"><\/td>\n<td style=\"width: 5%;\"><\/td>\n<td style=\"width: 5%;\"><\/td>\n<td style=\"width: 5%;\"><\/td>\n<td style=\"width: 5%;\"><\/td>\n<td style=\"width: 5%;\"><\/td>\n<td style=\"width: 5%;\"><\/td>\n<td style=\"width: 5%;\"><\/td>\n<td style=\"width: 5%;\"><\/td>\n<td style=\"width: 5%;\"><\/td>\n<td style=\"width: 5%;\"><\/td>\n<td style=\"width: 5%;\"><\/td>\n<td style=\"width: 5%;\"><\/td>\n<td style=\"width: 5%;\"><\/td>\n<td style=\"width: 5%;\"><\/td>\n<td style=\"width: 5%;\"><\/td>\n<\/tr>\n<tr>\n<td colspan=\"15\"><strong><span style=\"font-size: xx-large;\"><span style=\"color: #000000;\">Beaufort N1085 OA-G<br \/>\n<\/span><\/span><\/strong><\/td>\n<td style=\"text-align: center;\" colspan=\"5\"><strong><span style=\"font-size: xx-large;\">22 Sqn<\/span><\/strong><\/td>\n<\/tr>\n<tr style=\"height: 40px;\">\n<td style=\"text-align: right;\" colspan=\"2\"><span style=\"font-size: 14px;\"><strong>Date : <\/strong><\/span><\/td>\n<td colspan=\"5\"><span style=\"font-size: 14px;\"><em>\u00a012 d\u00e9cembre 1941<br \/>\n<\/em><\/span><\/td>\n<td style=\"text-align: right;\" colspan=\"3\"><span style=\"font-size: 14px;\"><strong>Mission : <\/strong><\/span><\/td>\n<td colspan=\"10\"><span style=\"font-size: 14px;\"><em>\u00a0 Bombardement d&#8217;installations p\u00e9troli\u00e8res \u00e0 Donges (44)<br \/>\n<\/em><\/span><\/td>\n<\/tr>\n<tr style=\"height: 40px;\">\n<td><\/td>\n<td><\/td>\n<td style=\"text-align: right;\" colspan=\"5\"><span style=\"font-size: 14px;\"><strong>D\u00e9collage :<\/strong><\/span><\/td>\n<td colspan=\"10\"><span style=\"font-size: 14px;\"><em>\u00a0St Eval \u00e0 15:14<br \/>\n<\/em><\/span><\/td>\n<td><\/td>\n<td><\/td>\n<td><\/td>\n<\/tr>\n<tr style=\"height: 40px;\">\n<td><\/td>\n<td><\/td>\n<td style=\"text-align: right;\" colspan=\"5\"><span style=\"font-size: 14px;\"><strong>Causes de la perte : <\/strong><\/span><\/td>\n<td colspan=\"10\"><span style=\"font-size: 14px;\"><em>\u00a0Abattu par la <span class='tooltipsall tooltipsincontent classtoolTips70'>Flak<\/span><\/em><\/span><\/td>\n<td><\/td>\n<td><\/td>\n<td><\/td>\n<\/tr>\n<tr style=\"height: 40px;\">\n<td><\/td>\n<td><\/td>\n<td style=\"text-align: right;\" colspan=\"5\"><span style=\"font-size: 14px;\"><strong>Lieu de la perte : <\/strong><\/span><\/td>\n<td colspan=\"10\"><span style=\"font-size: 14px;\"><em>\u00a0 Donges (44)<br \/>\n<\/em><\/span><\/td>\n<td><\/td>\n<td><\/td>\n<td><\/td>\n<\/tr>\n<tr style=\"height: 60px;\">\n<td><span style=\"font-size: 14px;\"><img decoding=\"async\" class=\"size-full wp-image-47215 alignleft\" title=\"Royaume Uni\" src=\"https:\/\/www.auzeau.fr\/39-45\/wp-content\/uploads\/images\/Drapeaux\/Angleterre.png\" alt=\"Royaume-Uni\" width=\"40\" height=\"20\" \/><\/span><\/td>\n<td><span style=\"font-size: 14px;\"><span class='tooltipsall tooltipsincontent classtoolTips96'>Sgt<\/span><\/span><\/td>\n<td colspan=\"5\"><span style=\"font-size: 14px;\">Andrew Adams<br \/>\n<\/span><\/td>\n<td colspan=\"2\"><span style=\"font-size: 14px; color: #000000;\"><strong>FERGUSON<\/strong><\/span><\/td>\n<td style=\"text-align: center;\" colspan=\"2\"><span class='tooltipsall tooltipsincontent classtoolTips115'>WOP<\/span> <span class='tooltipsall tooltipsincontent classtoolTips185'>AG<\/span><\/td>\n<td style=\"text-align: center;\"><span style=\"font-size: 14px;\"><span class='tooltipsall tooltipsincontent classtoolTips146'>RAF<\/span><\/span><\/td>\n<td style=\"text-align: center;\" colspan=\"2\"><span style=\"font-size: 14px;\">1055942<\/span><\/td>\n<td><span style=\"font-size: 14px;\"><span class='tooltipsall tooltipsincontent classtoolTips113'>POW<\/span><\/span><\/td>\n<td colspan=\"5\"><\/td>\n<\/tr>\n<tr style=\"height: 60px;\">\n<td><span style=\"font-size: 14px;\"><img decoding=\"async\" class=\"size-full wp-image-47215 alignleft\" title=\"Royaume Uni\" src=\"https:\/\/www.auzeau.fr\/39-45\/wp-content\/uploads\/images\/Drapeaux\/Angleterre.png\" alt=\"Royaume-Uni\" width=\"40\" height=\"20\" \/><\/span><\/td>\n<td><span style=\"font-size: 14px;\"><span class='tooltipsall tooltipsincontent classtoolTips96'>Sgt<\/span><\/span><\/td>\n<td colspan=\"5\"><span style=\"font-size: 14px;\">Clifford<\/span><\/td>\n<td colspan=\"2\"><span style=\"font-size: 14px; color: #000000;\"><strong>GUEST<\/strong><\/span><\/td>\n<td style=\"text-align: center;\" colspan=\"2\"><span class='tooltipsall tooltipsincontent classtoolTips115'>WOP<\/span> <span class='tooltipsall tooltipsincontent classtoolTips185'>AG<\/span><\/td>\n<td style=\"text-align: center;\"><span style=\"font-size: 14px;\"><span class='tooltipsall tooltipsincontent classtoolTips146'>RAF<\/span><\/span><\/td>\n<td style=\"text-align: center;\" colspan=\"2\"><span style=\"font-size: 14px;\">996840<\/span><\/td>\n<td><span style=\"font-size: 14px;\"><span class='tooltipsall tooltipsincontent classtoolTips113'>POW<\/span><\/span><\/td>\n<td colspan=\"5\"><\/td>\n<\/tr>\n<tr style=\"height: 60px;\">\n<td><span style=\"font-size: 14px;\"><img decoding=\"async\" class=\"size-full wp-image-47215 alignleft\" title=\"Royaume Uni\" src=\"https:\/\/www.auzeau.fr\/39-45\/wp-content\/uploads\/images\/Drapeaux\/Angleterre.png\" alt=\"Royaume-Uni\" width=\"40\" height=\"20\" \/><\/span><\/td>\n<td><span style=\"font-size: 14px;\"><span class='tooltipsall tooltipsincontent classtoolTips96'>Sgt<\/span><\/span><\/td>\n<td colspan=\"5\"><span style=\"font-size: 14px;\">Ian Waston<\/span><\/td>\n<td colspan=\"2\"><span style=\"font-size: 14px; color: #000000;\"><strong>JONES<\/strong><\/span><\/td>\n<td style=\"text-align: center;\" colspan=\"2\"><span class='tooltipsall tooltipsincontent classtoolTips151'>Pil<\/span><\/td>\n<td style=\"text-align: center;\"><span style=\"font-size: 14px;\"><span class='tooltipsall tooltipsincontent classtoolTips146'>RAF<\/span><\/span><\/td>\n<td style=\"text-align: center;\" colspan=\"2\"><span style=\"font-size: 14px;\">950569<\/span><\/td>\n<td><span style=\"font-size: 14px;\"><span class='tooltipsall tooltipsincontent classtoolTips113'>POW<\/span><\/span><\/td>\n<td colspan=\"5\"><\/td>\n<\/tr>\n<tr style=\"height: 60px;\">\n<td><span style=\"font-size: 14px;\"><img decoding=\"async\" class=\"size-full wp-image-47210 alignleft\" title=\"Canada\" src=\"https:\/\/www.auzeau.fr\/39-45\/wp-content\/uploads\/images\/Drapeaux\/Canada.png\" alt=\"\" width=\"40\" height=\"20\" \/><\/span><\/td>\n<td><span style=\"font-size: 14px;\"><span class='tooltipsall tooltipsincontent classtoolTips19'>Fg Off<\/span><\/span><\/td>\n<td colspan=\"5\"><span style=\"font-size: 14px;\">Allan Wilson<\/span><\/td>\n<td colspan=\"2\"><span style=\"font-size: 14px; color: #000000;\"><strong>TROUP<\/strong><\/span><\/td>\n<td style=\"text-align: center;\" colspan=\"2\"><span style=\"font-size: 14px;\"><span class='tooltipsall tooltipsincontent classtoolTips117'>Obs<\/span><\/span><\/td>\n<td style=\"text-align: center;\"><span style=\"font-size: 14px;\"><span class='tooltipsall tooltipsincontent classtoolTips78'>RCAF<\/span><\/span><\/td>\n<td style=\"text-align: center;\" colspan=\"2\"><span style=\"font-size: 14px;\">J\/4760<\/span><\/td>\n<td style=\"text-align: center;\"><span style=\"font-size: 14px; color: #000000;\"><strong><span class='tooltipsall tooltipsincontent classtoolTips110'>KIA<\/span><\/strong><\/span><\/td>\n<td colspan=\"5\"><\/td>\n<\/tr>\n<tr>\n<td colspan=\"20\" height=\"20\"><\/td>\n<\/tr>\n<tr>\n<td colspan=\"20\"><div id='gallery-1' class='gallery galleryid-54581 gallery-columns-1 gallery-size-thumbnail'><figure class='gallery-item'>\n\t\t\t<div class='gallery-icon portrait'>\n\t\t\t\t<a title=\"A.W._TROUP\"  title=\"A.W._TROUP\"  href='https:\/\/www.auzeau.fr\/39-45\/wp-content\/uploads\/Cimetieres\/31%20--%2060\/44-Loire-Atlantique\/Nantes\/Pont-du-Cens\/N1085\/A.W._TROUP.jpg'><img loading=\"lazy\" decoding=\"async\" width=\"150\" height=\"150\" src=\"https:\/\/www.auzeau.fr\/39-45\/wp-content\/uploads\/Cimetieres\/31 -- 60\/44-Loire-Atlantique\/Nantes\/Pont-du-Cens\/N1085\/A.W._TROUP-150x150.jpg\" class=\"attachment-thumbnail size-thumbnail\" alt=\"\" srcset=\"https:\/\/www.auzeau.fr\/39-45\/wp-content\/uploads\/Cimetieres\/31%20--%2060\/44-Loire-Atlantique\/Nantes\/Pont-du-Cens\/N1085\/A.W._TROUP-150x150.jpg 150w, https:\/\/www.auzeau.fr\/39-45\/wp-content\/uploads\/Cimetieres\/31%20--%2060\/44-Loire-Atlantique\/Nantes\/Pont-du-Cens\/N1085\/A.W._TROUP-50x50.jpg 50w\" sizes=\"(max-width: 150px) 100vw, 150px\" \/><\/a>\n\t\t\t<\/div><\/figure>\n\t\t<\/div>\n<\/td>\n<\/tr>\n<tr>\n<td colspan=\"20\"><span style=\"font-size: 10pt;\"><span style=\"color: #000000;\"><strong>05 septembre 2018<\/strong><\/span> : mise \u00e0 jour des postes des membres de l&#8217;\u00e9quipage<\/span><br \/>\n<span style=\"font-size: 10pt;\"><span style=\"color: #000000;\"><strong>12 mai 2020<\/strong><\/span> : ajout des pr\u00e9noms des <span class='tooltipsall tooltipsincontent classtoolTips96'>Sgt<\/span> FERGUSON, GUEST et JONES<\/span><\/td>\n<\/tr>\n<\/tbody>\n<\/table>\n<table style=\"width: 100%; border-collapse: collapse; background-color: #dcdcdc;\">\n<tbody>\n<tr>\n<td style=\"width: 100%; text-align: center;\"><ul id=\"menu-44-pont-du-cens\" class=\"menu\"><li id=\"menu-item-54574\" class=\"menu-item menu-item-type-post_type menu-item-object-page menu-item-54574\"><a href=\"https:\/\/www.auzeau.fr\/39-45\/france\/44-loire-atlantique\/44-nantes-pont-du-cens\/\">Hampden AD750<\/a><\/li>\n<li id=\"menu-item-54618\" class=\"menu-item menu-item-type-post_type menu-item-object-page menu-item-54618\"><a href=\"https:\/\/www.auzeau.fr\/39-45\/france\/44-loire-atlantique\/44-nantes-pont-du-cens-2\/\">Wellington R1374<\/a><\/li>\n<li id=\"menu-item-54619\" class=\"menu-item menu-item-type-post_type menu-item-object-page menu-item-54619\"><a href=\"https:\/\/www.auzeau.fr\/39-45\/france\/44-loire-atlantique\/44-nantes-pont-du-cens-3\/\">Beaufort AW221<\/a><\/li>\n<li id=\"menu-item-54620\" class=\"menu-item menu-item-type-post_type menu-item-object-page menu-item-54620\"><a href=\"https:\/\/www.auzeau.fr\/39-45\/france\/44-loire-atlantique\/44-nantes-pont-du-cens-4\/\">Beaufort N1085<\/a><\/li>\n<li id=\"menu-item-54621\" class=\"menu-item menu-item-type-post_type menu-item-object-page menu-item-54621\"><a href=\"https:\/\/www.auzeau.fr\/39-45\/france\/44-loire-atlantique\/44-nantes-pont-du-cens-5\/\">Hudson AM837<\/a><\/li>\n<li id=\"menu-item-54622\" class=\"menu-item menu-item-type-post_type menu-item-object-page menu-item-54622\"><a href=\"https:\/\/www.auzeau.fr\/39-45\/france\/44-loire-atlantique\/44-nantes-pont-du-cens-6\/\">Stirling R9312<\/a><\/li>\n<li id=\"menu-item-54623\" class=\"menu-item menu-item-type-post_type menu-item-object-page menu-item-54623\"><a href=\"https:\/\/www.auzeau.fr\/39-45\/france\/44-loire-atlantique\/44-nantes-pont-du-cens-7\/\">Lancaster W4257<\/a><\/li>\n<li id=\"menu-item-54624\" class=\"menu-item menu-item-type-post_type menu-item-object-page menu-item-54624\"><a href=\"https:\/\/www.auzeau.fr\/39-45\/france\/44-loire-atlantique\/44-nantes-pont-du-cens-8\/\">Whitley BD442<\/a><\/li>\n<li id=\"menu-item-54625\" class=\"menu-item menu-item-type-post_type menu-item-object-page menu-item-54625\"><a href=\"https:\/\/www.auzeau.fr\/39-45\/france\/44-loire-atlantique\/44-nantes-pont-du-cens-9\/\">Lancaster DS663<\/a><\/li>\n<li id=\"menu-item-54626\" class=\"menu-item menu-item-type-post_type menu-item-object-page menu-item-54626\"><a href=\"https:\/\/www.auzeau.fr\/39-45\/france\/44-loire-atlantique\/44-nantes-pont-du-cens-10\/\">Lancaster ED377<\/a><\/li>\n<li id=\"menu-item-54627\" class=\"menu-item menu-item-type-post_type menu-item-object-page menu-item-54627\"><a href=\"https:\/\/www.auzeau.fr\/39-45\/france\/44-loire-atlantique\/44-nantes-pont-du-cens-11\/\">Stirling BK690<\/a><\/li>\n<li id=\"menu-item-54628\" class=\"menu-item menu-item-type-post_type menu-item-object-page menu-item-54628\"><a href=\"https:\/\/www.auzeau.fr\/39-45\/france\/44-loire-atlantique\/44-nantes-pont-du-cens-12\/\">Halifax LL252<\/a><\/li>\n<li id=\"menu-item-54629\" class=\"menu-item menu-item-type-post_type menu-item-object-page menu-item-54629\"><a href=\"https:\/\/www.auzeau.fr\/39-45\/france\/44-loire-atlantique\/44-nantes-pont-du-cens-13\/\">Lancaster DV198<\/a><\/li>\n<li id=\"menu-item-54630\" class=\"menu-item menu-item-type-post_type menu-item-object-page menu-item-54630\"><a href=\"https:\/\/www.auzeau.fr\/39-45\/france\/44-loire-atlantique\/44-nantes-pont-du-cens-14\/\">Lancaster ED473<\/a><\/li>\n<li id=\"menu-item-54631\" class=\"menu-item menu-item-type-post_type menu-item-object-page menu-item-54631\"><a href=\"https:\/\/www.auzeau.fr\/39-45\/france\/44-loire-atlantique\/44-nantes-pont-du-cens-15\/\">Mosquito DZ478<\/a><\/li>\n<li id=\"menu-item-54632\" class=\"menu-item menu-item-type-post_type menu-item-object-page menu-item-54632\"><a href=\"https:\/\/www.auzeau.fr\/39-45\/france\/44-loire-atlantique\/44-nantes-pont-du-cens-16\/\">Spitfire MK589<\/a><\/li>\n<li id=\"menu-item-54633\" class=\"menu-item menu-item-type-post_type menu-item-object-page menu-item-54633\"><a href=\"https:\/\/www.auzeau.fr\/39-45\/france\/44-loire-atlantique\/44-nantes-pont-du-cens-17\/\">Mustang P51 FZ164<\/a><\/li>\n<li id=\"menu-item-54634\" class=\"menu-item menu-item-type-post_type menu-item-object-page menu-item-54634\"><a href=\"https:\/\/www.auzeau.fr\/39-45\/france\/44-loire-atlantique\/44-nantes-pont-du-cens-18\/\">Halifax LL138<\/a><\/li>\n<li id=\"menu-item-54635\" class=\"menu-item menu-item-type-post_type menu-item-object-page menu-item-54635\"><a href=\"https:\/\/www.auzeau.fr\/39-45\/france\/44-loire-atlantique\/44-nantes-pont-du-cens-19\/\">Lancaster JB239<\/a><\/li>\n<li id=\"menu-item-54636\" class=\"menu-item menu-item-type-post_type menu-item-object-page menu-item-54636\"><a href=\"https:\/\/www.auzeau.fr\/39-45\/france\/44-loire-atlantique\/44-nantes-pont-du-cens-20\/\">Halifax NA563<\/a><\/li>\n<li id=\"menu-item-54637\" class=\"menu-item menu-item-type-post_type menu-item-object-page menu-item-54637\"><a href=\"https:\/\/www.auzeau.fr\/39-45\/france\/44-loire-atlantique\/44-nantes-pont-du-cens-21\/\">Mosquito NS984<\/a><\/li>\n<\/ul><\/td>\n<\/tr>\n<\/tbody>\n<\/table>\n<hr \/>\n<p style=\"text-align: center;\"><ul id=\"menu-44-loire-atlantique\" class=\"menu\"><li id=\"menu-item-54333\" class=\"menu-item menu-item-type-post_type menu-item-object-page menu-item-54333\"><a href=\"https:\/\/www.auzeau.fr\/39-45\/france\/44-loire-atlantique\/44-la-baule\/\">44 \u2013 La Baule War Cemetery<\/a><\/li>\n<li id=\"menu-item-54334\" class=\"menu-item menu-item-type-post_type menu-item-object-page menu-item-54334\"><a href=\"https:\/\/www.auzeau.fr\/39-45\/france\/44-loire-atlantique\/44-la-bernerie-en-retz\/\">44 \u2013 La Bernerie-en-Retz<\/a><\/li>\n<li id=\"menu-item-54335\" class=\"menu-item menu-item-type-post_type menu-item-object-page menu-item-54335\"><a href=\"https:\/\/www.auzeau.fr\/39-45\/france\/44-loire-atlantique\/44-lusanger\/\">44 \u2013 Lusanger<\/a><\/li>\n<li id=\"menu-item-54336\" class=\"menu-item menu-item-type-post_type menu-item-object-page menu-item-54336\"><a href=\"https:\/\/www.auzeau.fr\/39-45\/france\/44-loire-atlantique\/44-montoir-de-bretagne\/\">44 \u2013 Montoir-de-Bretagne<\/a><\/li>\n<li id=\"menu-item-68157\" class=\"menu-item menu-item-type-post_type menu-item-object-page menu-item-68157\"><a href=\"https:\/\/www.auzeau.fr\/39-45\/france\/44-loire-atlantique\/44-mouzillon\/\">44 \u2013 Mouzillon<\/a><\/li>\n<li id=\"menu-item-54337\" class=\"menu-item menu-item-type-post_type menu-item-object-page menu-item-54337\"><a href=\"https:\/\/www.auzeau.fr\/39-45\/france\/44-loire-atlantique\/44-nantes-cimetiere-la-chauviniere\/\">44 \u2013 Nantes  Cimeti\u00e8re de La Chauvini\u00e8re<\/a><\/li>\n<li id=\"menu-item-54338\" class=\"menu-item menu-item-type-post_type menu-item-object-page menu-item-54338\"><a href=\"https:\/\/www.auzeau.fr\/39-45\/france\/44-loire-atlantique\/44-nantes-cimetiere-misericorde-2\/\">44 \u2013 Nantes Cimeti\u00e8re Mis\u00e9ricorde<\/a><\/li>\n<li id=\"menu-item-54339\" class=\"menu-item menu-item-type-post_type menu-item-object-page menu-item-54339\"><a href=\"https:\/\/www.auzeau.fr\/39-45\/france\/44-loire-atlantique\/44-nantes-pont-du-cens\/\">44 \u2013 Nantes Pont du Cens<\/a><\/li>\n<li id=\"menu-item-54340\" class=\"menu-item menu-item-type-post_type menu-item-object-page menu-item-54340\"><a href=\"https:\/\/www.auzeau.fr\/39-45\/france\/44-loire-atlantique\/44-pontchateau\/\">44 \u2013 Pontch\u00e2teau<\/a><\/li>\n<li id=\"menu-item-67605\" class=\"menu-item menu-item-type-post_type menu-item-object-page menu-item-67605\"><a href=\"https:\/\/www.auzeau.fr\/39-45\/france\/44-loire-atlantique\/44-clion-sur-mer\/\">44 \u2013 Pornic (Le Clion-sur-Mer)<\/a><\/li>\n<li id=\"menu-item-54341\" class=\"menu-item menu-item-type-post_type menu-item-object-page menu-item-54341\"><a href=\"https:\/\/www.auzeau.fr\/39-45\/france\/44-loire-atlantique\/44-pornic-war-cemetery\/\">44 \u2013 Pornic War Cemetery<\/a><\/li>\n<li id=\"menu-item-67604\" class=\"menu-item menu-item-type-post_type menu-item-object-page menu-item-67604\"><a href=\"https:\/\/www.auzeau.fr\/39-45\/france\/44-loire-atlantique\/44-pornichet\/\">44 \u2013 Pornichet<\/a><\/li>\n<li id=\"menu-item-54342\" class=\"menu-item menu-item-type-post_type menu-item-object-page menu-item-54342\"><a href=\"https:\/\/www.auzeau.fr\/39-45\/france\/44-loire-atlantique\/44-riaille\/\">44 \u2013 Riaill\u00e9<\/a><\/li>\n<li id=\"menu-item-101930\" class=\"menu-item menu-item-type-post_type menu-item-object-page menu-item-101930\"><a href=\"https:\/\/www.auzeau.fr\/39-45\/france\/44-loire-atlantique\/44-saint-nazaire-cimetiere-de-la-briandais\/\">44 \u2013 Saint-Nazaire Cimetiere de la Briandais<\/a><\/li>\n<li id=\"menu-item-67603\" class=\"menu-item menu-item-type-post_type menu-item-object-page menu-item-67603\"><a href=\"https:\/\/www.auzeau.fr\/39-45\/france\/44-loire-atlantique\/44-thouare-sur-loire\/\">44 \u2013 Thouar\u00e9-sur-Loire<\/a><\/li>\n<\/ul>\n<script type=\"text\/javascript\"> toolTips('.classtoolTips19','Flying Officer'); <\/script><script type=\"text\/javascript\"> toolTips('.classtoolTips70','<img class=\"aligncenter wp-image-65848 size-full\" title=\"Flak18\" src=\"https:\/\/www.auzeau.fr\/39-45\/wp-content\/uploads\/images\/Materiel\/Flak18.JPG\" alt=\"\" width=\"640\" height=\"499\" \/><br\/><img class=\"aligncenter size-full wp-image-65849\" title=\"Flak30\" src=\"https:\/\/www.auzeau.fr\/39-45\/wp-content\/uploads\/images\/Materiel\/Flak30.JPG\" alt=\"\" width=\"640\" height=\"499\" \/>'); <\/script><script type=\"text\/javascript\"> toolTips('.classtoolTips78','Aviation Royale Canadienne<br\/><br\/>Royal Canadian Air Force'); <\/script><script type=\"text\/javascript\"> toolTips('.classtoolTips96','Sergent<br\/><br\/>Sergeant'); <\/script><script type=\"text\/javascript\"> toolTips('.classtoolTips98','Colonel'); <\/script><script type=\"text\/javascript\"> toolTips('.classtoolTips110','Tu\u00e9 au combat<br\/><br\/>Killed In Action'); <\/script><script type=\"text\/javascript\"> toolTips('.classtoolTips113','Prisonnier de Guerre<br\/><br\/>Prisoner Of War'); <\/script><script type=\"text\/javascript\"> toolTips('.classtoolTips115','Op\u00e9rateur Radio<br\/><br\/>Wireless Op\u00e9rator'); <\/script><script type=\"text\/javascript\"> toolTips('.classtoolTips117','Observateur<br\/><br\/>Oberver'); <\/script><script type=\"text\/javascript\"> toolTips('.classtoolTips118','Canonnier'); <\/script><script type=\"text\/javascript\"> toolTips('.classtoolTips134','\u00c9vad\u00e9<br\/><br\/>Evaded'); <\/script><script type=\"text\/javascript\"> toolTips('.classtoolTips144','Royal Corps of Signals'); <\/script><script type=\"text\/javascript\"> toolTips('.classtoolTips146','Royal Air Force'); <\/script><script type=\"text\/javascript\"> toolTips('.classtoolTips151','Pilote<br\/><br\/>Pilot'); <\/script><script type=\"text\/javascript\"> toolTips('.classtoolTips153','Porucznik'); <\/script><script type=\"text\/javascript\"> toolTips('.classtoolTips169','Pointe'); <\/script><script type=\"text\/javascript\"> toolTips('.classtoolTips182','Warrant Officer'); <\/script><script type=\"text\/javascript\"> toolTips('.classtoolTips185','Mitrailleur<br\/><br\/>Air Gunner'); <\/script><script type=\"text\/javascript\"> toolTips('.classtoolTips187','Zone de parachutage<br\/><br\/>Dropping Zone'); <\/script><script type=\"text\/javascript\"> toolTips('.classtoolTips188','Bombardier<br\/><br\/>Air bomber'); <\/script><script type=\"text\/javascript\"> toolTips('.classtoolTips189','M\u00e9canicien volant<br\/><br\/>Flying Enginer'); <\/script><script type=\"text\/javascript\"> toolTips('.classtoolTips192','<img class=\"aligncenter size-full wp-image-65858\" title=\"Rampe_V1\" src=\"https:\/\/www.auzeau.fr\/39-45\/wp-content\/uploads\/Avions\/Allemand\/Rampe_V1.jpg\" alt=\"\" width=\"640\" height=\"426\" \/><br\/><img class=\"aligncenter size-full wp-image-65859\" title=\"V1\" src=\"https:\/\/www.auzeau.fr\/39-45\/wp-content\/uploads\/Avions\/Allemand\/V1.jpg\" alt=\"\" width=\"640\" height=\"424\" \/>'); <\/script><script type=\"text\/javascript\"> toolTips('.classtoolTips193','Royal Navy'); <\/script><script type=\"text\/javascript\"> toolTips('.classtoolTips195','Enseigne de Vaisseau'); <\/script><script type=\"text\/javascript\"> toolTips('.classtoolTips197','Aircraftman'); <\/script><script type=\"text\/javascript\"> toolTips('.classtoolTips199','Radio Officer'); <\/script><script type=\"text\/javascript\"> toolTips('.classtoolTips201','Lieutenant'); <\/script>","protected":false},"excerpt":{"rendered":"<p>Beaufort N1085 OA-G 22 Sqn Date : \u00a012 d\u00e9cembre 1941 Mission : \u00a0 Bombardement d&#8217;installations p\u00e9troli\u00e8res \u00e0 Donges (44) D\u00e9collage : \u00a0St Eval \u00e0 15:14 Causes de la perte : \u00a0Abattu par la Flak Lieu de la perte : \u00a0 Donges (44) Sgt Andrew Adams FERGUSON WOP AG RAF 1055942 POW Sgt Clifford GUEST WOP [&hellip;]<\/p>\n","protected":false},"author":1,"featured_media":0,"parent":77,"menu_order":0,"comment_status":"closed","ping_status":"closed","template":"template-full-width Beaufort.php","meta":{"_lmt_disableupdate":"yes","_lmt_disable":"","footnotes":""},"categories":[958],"tags":[963],"wf_page_folders":[3111],"class_list":["post-54581","page","type-page","status-publish","hentry","category-beaufort","tag-22-squadron"],"_links":{"self":[{"href":"https:\/\/www.auzeau.fr\/39-45\/wp-json\/wp\/v2\/pages\/54581","targetHints":{"allow":["GET"]}}],"collection":[{"href":"https:\/\/www.auzeau.fr\/39-45\/wp-json\/wp\/v2\/pages"}],"about":[{"href":"https:\/\/www.auzeau.fr\/39-45\/wp-json\/wp\/v2\/types\/page"}],"author":[{"embeddable":true,"href":"https:\/\/www.auzeau.fr\/39-45\/wp-json\/wp\/v2\/users\/1"}],"replies":[{"embeddable":true,"href":"https:\/\/www.auzeau.fr\/39-45\/wp-json\/wp\/v2\/comments?post=54581"}],"version-history":[{"count":0,"href":"https:\/\/www.auzeau.fr\/39-45\/wp-json\/wp\/v2\/pages\/54581\/revisions"}],"up":[{"embeddable":true,"href":"https:\/\/www.auzeau.fr\/39-45\/wp-json\/wp\/v2\/pages\/77"}],"wp:attachment":[{"href":"https:\/\/www.auzeau.fr\/39-45\/wp-json\/wp\/v2\/media?parent=54581"}],"wp:term":[{"taxonomy":"category","embeddable":true,"href":"https:\/\/www.auzeau.fr\/39-45\/wp-json\/wp\/v2\/categories?post=54581"},{"taxonomy":"post_tag","embeddable":true,"href":"https:\/\/www.auzeau.fr\/39-45\/wp-json\/wp\/v2\/tags?post=54581"},{"taxonomy":"wf_page_folders","embeddable":true,"href":"https:\/\/www.auzeau.fr\/39-45\/wp-json\/wp\/v2\/wf_page_folders?post=54581"}],"curies":[{"name":"wp","href":"https:\/\/api.w.org\/{rel}","templated":true}]}}