{"id":54345,"date":"2018-05-01T21:10:58","date_gmt":"2018-05-01T19:10:58","guid":{"rendered":"http:\/\/39-45.auzeau.fr\/39-45\/france\/44-loire-atlantique\/44-la-baule-2\/"},"modified":"2018-05-14T16:56:39","modified_gmt":"2018-05-14T14:56:39","slug":"44-la-baule-2","status":"publish","type":"page","link":"https:\/\/www.auzeau.fr\/39-45\/france\/44-loire-atlantique\/44-la-baule-2\/","title":{"rendered":"44 &#8211; La Baule War Cemetery"},"content":{"rendered":"<p><img fetchpriority=\"high\" decoding=\"async\" class=\"aligncenter size-full wp-image-54205\" title=\"La_Baule\" src=\"https:\/\/www.auzeau.fr\/39-45\/wp-content\/uploads\/Cimetieres\/31 -- 60\/44-Loire-Atlantique\/La-Baule\/La_Baule.jpg\" alt=\"\" width=\"900\" height=\"333\" srcset=\"https:\/\/www.auzeau.fr\/39-45\/wp-content\/uploads\/Cimetieres\/31%20--%2060\/44-Loire-Atlantique\/La-Baule\/La_Baule.jpg 900w, https:\/\/www.auzeau.fr\/39-45\/wp-content\/uploads\/Cimetieres\/31%20--%2060\/44-Loire-Atlantique\/La-Baule\/La_Baule-300x111.jpg 300w, https:\/\/www.auzeau.fr\/39-45\/wp-content\/uploads\/Cimetieres\/31%20--%2060\/44-Loire-Atlantique\/La-Baule\/La_Baule-768x284.jpg 768w\" sizes=\"(max-width: 900px) 100vw, 900px\" \/><\/p>\n<table style=\"width: 100%;\" border=\"0\">\n<tbody>\n<tr>\n<td style=\"width: 5%;\"><a name=\"AW189\"><\/a><\/td>\n<td style=\"width: 5%;\"><\/td>\n<td style=\"width: 5%;\"><\/td>\n<td style=\"width: 5%;\"><\/td>\n<td style=\"width: 5%;\"><\/td>\n<td style=\"width: 5%;\"><\/td>\n<td style=\"width: 5%;\"><\/td>\n<td style=\"width: 5%;\"><\/td>\n<td style=\"width: 5%;\"><\/td>\n<td style=\"width: 5%;\"><\/td>\n<td style=\"width: 5%;\"><\/td>\n<td style=\"width: 5%;\"><\/td>\n<td style=\"width: 5%;\"><\/td>\n<td style=\"width: 5%;\"><\/td>\n<td style=\"width: 5%;\"><\/td>\n<td style=\"width: 5%;\"><\/td>\n<td style=\"width: 5%;\"><\/td>\n<td style=\"width: 5%;\"><\/td>\n<td style=\"width: 5%;\"><\/td>\n<td style=\"width: 5%;\"><\/td>\n<\/tr>\n<tr>\n<td colspan=\"15\"><span style=\"color: #000000;\"><strong><span style=\"font-size: xx-large;\">Beaufort AW189 MW-X<\/span><\/strong><\/span><\/td>\n<td style=\"text-align: center;\" colspan=\"5\"><strong><span style=\"font-size: xx-large;\">217 Sqn<\/span><\/strong><\/td>\n<\/tr>\n<tr style=\"height: 40px;\">\n<td style=\"text-align: right;\" colspan=\"2\"><span style=\"font-size: 14px;\"><strong>Date : <\/strong><\/span><\/td>\n<td colspan=\"5\"><span style=\"font-size: 14px;\"><em>\u00a017 juillet 1941<br \/>\n<\/em><\/span><\/td>\n<td style=\"text-align: right;\" colspan=\"3\"><span style=\"font-size: 14px;\"><strong>Mission : <\/strong><\/span><\/td>\n<td colspan=\"10\"><span style=\"font-size: 14px;\"><em> \u00a0Saint Nazaire (44)<br \/>\n<\/em><\/span><\/td>\n<\/tr>\n<tr style=\"height: 40px;\">\n<td><\/td>\n<td><\/td>\n<td style=\"text-align: right;\" colspan=\"5\"><span style=\"font-size: 14px;\"><strong>D\u00e9collage :<\/strong><\/span><\/td>\n<td colspan=\"10\"><span style=\"font-size: 14px;\"><em> \u00a0North Coates \u00e0 01:10<\/em><\/span><\/td>\n<td><\/td>\n<td><\/td>\n<td><\/td>\n<\/tr>\n<tr style=\"height: 40px;\">\n<td><\/td>\n<td><\/td>\n<td><\/td>\n<td><\/td>\n<td style=\"text-align: right;\" colspan=\"3\"><span style=\"font-size: 14px;\"><strong>Causes de la perte : <\/strong><\/span><\/td>\n<td colspan=\"10\"><span style=\"font-size: 14px;\"><em>\u00a0Probablement abattu par la <span class='tooltipsall tooltipsincontent classtoolTips70'>Flak<\/span><br \/>\n<\/em><\/span><\/td>\n<td><\/td>\n<td><\/td>\n<td><\/td>\n<\/tr>\n<tr style=\"height: 40px;\">\n<td><\/td>\n<td><\/td>\n<td><\/td>\n<td><\/td>\n<td style=\"text-align: right;\" colspan=\"3\"><span style=\"font-size: 14px;\"><strong>Lieu de la perte : <\/strong><\/span><\/td>\n<td colspan=\"10\"><span style=\"font-size: 14px;\"><em>\u00a0Oc\u00e9an Atlantique \u00e0 03:28<br \/>\n<\/em><\/span><\/td>\n<td><\/td>\n<td><\/td>\n<td><\/td>\n<\/tr>\n<tr style=\"height: 60px;\">\n<td><span style=\"font-size: 14px;\"><img decoding=\"async\" class=\"size-full wp-image-47215 alignleft\" title=\"Royaume Uni\" src=\"https:\/\/www.auzeau.fr\/39-45\/wp-content\/uploads\/images\/Drapeaux\/Angleterre.png\" alt=\"Royaume-Uni\" width=\"40\" height=\"20\" \/><\/span><\/td>\n<td><span style=\"font-size: 14px;\"><span class='tooltipsall tooltipsincontent classtoolTips33'>Flt <span class='tooltipsall tooltipsincontent classtoolTips201'>Lt<\/span><\/span><\/span><\/td>\n<td colspan=\"5\"><span style=\"font-size: 14px;\">Thomas Francis<\/span><\/td>\n<td colspan=\"2\"><span style=\"font-size: 14px; color: #000000;\"><strong>KERR<\/strong><\/span><\/td>\n<td style=\"text-align: center;\" colspan=\"2\"><span style=\"font-size: 14px;\"><span class='tooltipsall tooltipsincontent classtoolTips151'>Pil<\/span><\/span><\/td>\n<td style=\"text-align: center;\"><span style=\"font-size: 14px;\"><span class='tooltipsall tooltipsincontent classtoolTips146'>RAF<\/span><\/span><\/td>\n<td style=\"text-align: center;\" colspan=\"2\"><span style=\"font-size: 14px;\">41588<\/span><\/td>\n<td><span style=\"font-size: 14px; color: #000000;\"><strong><span class='tooltipsall tooltipsincontent classtoolTips110'>KIA<\/span><\/strong><\/span><\/td>\n<td colspan=\"5\"><span style=\"font-size: 10px;\"><a href=\"https:\/\/www.auzeau.fr\/39-45\/france\/44-loire-atlantique\/44-pornic-war-cemetery-5\/\"><em><span style=\"font-size: 10pt;\">Inhum\u00e9 \u00e0 Pornic (44)<\/span><\/em><\/a><\/span><\/td>\n<\/tr>\n<tr style=\"height: 60px;\">\n<td><span style=\"font-size: 14px;\"><img decoding=\"async\" class=\"size-full wp-image-47231 alignleft\" title=\"New Zeland\" src=\"https:\/\/www.auzeau.fr\/39-45\/wp-content\/uploads\/images\/Drapeaux\/New-Zeland.png\" alt=\"New-Zeland\" width=\"40\" height=\"20\" \/><\/span><\/td>\n<td><span style=\"font-size: 14px;\"><span class='tooltipsall tooltipsincontent classtoolTips96'>Sgt<\/span><\/span><\/td>\n<td colspan=\"5\"><span style=\"font-size: 14px;\">Allan Douglas<\/span><\/td>\n<td colspan=\"2\"><span style=\"font-size: 14px; color: #000000;\"><strong>SCOTT<\/strong><\/span><\/td>\n<td style=\"text-align: center;\" colspan=\"2\"><span style=\"font-size: 14px;\"><span class='tooltipsall tooltipsincontent classtoolTips117'>Obs<\/span><\/span><\/td>\n<td style=\"text-align: center;\"><span style=\"font-size: 14px;\"><span class='tooltipsall tooltipsincontent classtoolTips44'>RNZAF<\/span><\/span><\/td>\n<td style=\"text-align: center;\" colspan=\"2\"><span style=\"font-size: 14px;\">401234<\/span><\/td>\n<td><span style=\"font-size: 14px; color: #000000;\"><strong><span class='tooltipsall tooltipsincontent classtoolTips110'>KIA<\/span><\/strong><\/span><\/td>\n<td><\/td>\n<td><\/td>\n<td><\/td>\n<td><\/td>\n<td><\/td>\n<\/tr>\n<tr style=\"height: 60px;\">\n<td><span style=\"font-size: 14px;\"><img decoding=\"async\" class=\"size-full wp-image-47215 alignleft\" title=\"Royaume Uni\" src=\"https:\/\/www.auzeau.fr\/39-45\/wp-content\/uploads\/images\/Drapeaux\/Angleterre.png\" alt=\"Royaume-Uni\" width=\"40\" height=\"20\" \/><\/span><\/td>\n<td><span style=\"font-size: 14px;\"><span class='tooltipsall tooltipsincontent classtoolTips19'>Fg Off<\/span><\/span><\/td>\n<td colspan=\"5\"><span style=\"font-size: 14px;\">Eric Charles<\/span><\/td>\n<td colspan=\"2\"><span style=\"font-size: 14px; color: #000000;\"><strong>WHITEHEAD<\/strong><\/span><\/td>\n<td style=\"text-align: center;\" colspan=\"2\"><span style=\"font-size: 14px;\"><span class='tooltipsall tooltipsincontent classtoolTips185'>AG<\/span><\/span><\/td>\n<td style=\"text-align: center;\"><span style=\"font-size: 14px;\"><span class='tooltipsall tooltipsincontent classtoolTips146'>RAF<\/span><\/span><\/td>\n<td style=\"text-align: center;\" colspan=\"2\"><span style=\"font-size: 14px;\">79200<\/span><\/td>\n<td><span style=\"font-size: 14px; color: #000000;\"><strong><span class='tooltipsall tooltipsincontent classtoolTips110'>KIA<\/span><\/strong><\/span><\/td>\n<td colspan=\"5\"><\/td>\n<\/tr>\n<tr style=\"height: 60px;\">\n<td><span style=\"font-size: 14px;\"><img decoding=\"async\" class=\"size-full wp-image-47215 alignleft\" title=\"Royaume Uni\" src=\"https:\/\/www.auzeau.fr\/39-45\/wp-content\/uploads\/images\/Drapeaux\/Angleterre.png\" alt=\"Royaume-Uni\" width=\"40\" height=\"20\" \/><\/span><\/td>\n<td><span style=\"font-size: 14px;\"><span class='tooltipsall tooltipsincontent classtoolTips96'>Sgt<\/span><\/span><\/td>\n<td colspan=\"5\"><span style=\"font-size: 14px;\">Alec<\/span><\/td>\n<td colspan=\"2\"><span style=\"font-size: 14px; color: #000000;\"><strong>WINDLE<\/strong><\/span><\/td>\n<td style=\"text-align: center;\" colspan=\"2\"><span style=\"font-size: 14px;\"><span class='tooltipsall tooltipsincontent classtoolTips115'>WOP<\/span><\/span><\/td>\n<td style=\"text-align: center;\"><span style=\"font-size: 14px;\"><span class='tooltipsall tooltipsincontent classtoolTips146'>RAF<\/span><\/span><\/td>\n<td style=\"text-align: center;\" colspan=\"2\"><span style=\"font-size: 14px;\">942630<\/span><\/td>\n<td><span style=\"font-size: 14px; color: #000000;\"><strong><span class='tooltipsall tooltipsincontent classtoolTips110'>KIA<\/span><\/strong><\/span><\/td>\n<td colspan=\"5\"><\/td>\n<\/tr>\n<tr>\n<td colspan=\"20\" height=\"20\"><\/td>\n<\/tr>\n<tr>\n<td colspan=\"20\"><div id='gallery-1' class='gallery galleryid-54345 gallery-columns-3 gallery-size-thumbnail'><figure class='gallery-item'>\n\t\t\t<div class='gallery-icon portrait'>\n\t\t\t\t<a title=\"Sgt_A.D._SCOTT_-_401234\"  title=\"Sgt_A.D._SCOTT_-_401234\"  href='https:\/\/www.auzeau.fr\/39-45\/wp-content\/uploads\/Cimetieres\/31%20--%2060\/44-Loire-Atlantique\/La-Baule\/AW189\/Sgt_A.D._SCOTT_-_401234.jpg'><img loading=\"lazy\" decoding=\"async\" width=\"150\" height=\"150\" src=\"https:\/\/www.auzeau.fr\/39-45\/wp-content\/uploads\/Cimetieres\/31 -- 60\/44-Loire-Atlantique\/La-Baule\/AW189\/Sgt_A.D._SCOTT_-_401234-150x150.jpg\" class=\"attachment-thumbnail size-thumbnail\" alt=\"\" srcset=\"https:\/\/www.auzeau.fr\/39-45\/wp-content\/uploads\/Cimetieres\/31%20--%2060\/44-Loire-Atlantique\/La-Baule\/AW189\/Sgt_A.D._SCOTT_-_401234-150x150.jpg 150w, https:\/\/www.auzeau.fr\/39-45\/wp-content\/uploads\/Cimetieres\/31%20--%2060\/44-Loire-Atlantique\/La-Baule\/AW189\/Sgt_A.D._SCOTT_-_401234-50x50.jpg 50w\" sizes=\"(max-width: 150px) 100vw, 150px\" \/><\/a>\n\t\t\t<\/div><\/figure><figure class='gallery-item'>\n\t\t\t<div class='gallery-icon portrait'>\n\t\t\t\t<a title=\"FO_E.C._WHITEHEAD\"  title=\"FO_E.C._WHITEHEAD\"  href='https:\/\/www.auzeau.fr\/39-45\/wp-content\/uploads\/Cimetieres\/31%20--%2060\/44-Loire-Atlantique\/La-Baule\/AW189\/FO_E.C._WHITEHEAD.jpg'><img loading=\"lazy\" decoding=\"async\" width=\"150\" height=\"150\" src=\"https:\/\/www.auzeau.fr\/39-45\/wp-content\/uploads\/Cimetieres\/31 -- 60\/44-Loire-Atlantique\/La-Baule\/AW189\/FO_E.C._WHITEHEAD-150x150.jpg\" class=\"attachment-thumbnail size-thumbnail\" alt=\"\" srcset=\"https:\/\/www.auzeau.fr\/39-45\/wp-content\/uploads\/Cimetieres\/31%20--%2060\/44-Loire-Atlantique\/La-Baule\/AW189\/FO_E.C._WHITEHEAD-150x150.jpg 150w, https:\/\/www.auzeau.fr\/39-45\/wp-content\/uploads\/Cimetieres\/31%20--%2060\/44-Loire-Atlantique\/La-Baule\/AW189\/FO_E.C._WHITEHEAD-50x50.jpg 50w\" sizes=\"(max-width: 150px) 100vw, 150px\" \/><\/a>\n\t\t\t<\/div><\/figure><figure class='gallery-item'>\n\t\t\t<div class='gallery-icon portrait'>\n\t\t\t\t<a title=\"Sgt_A._WINDLE_-_942630\"  title=\"Sgt_A._WINDLE_-_942630\"  href='https:\/\/www.auzeau.fr\/39-45\/wp-content\/uploads\/Cimetieres\/31%20--%2060\/44-Loire-Atlantique\/La-Baule\/AW189\/Sgt_A._WINDLE_-_942630.jpg'><img loading=\"lazy\" decoding=\"async\" width=\"150\" height=\"150\" src=\"https:\/\/www.auzeau.fr\/39-45\/wp-content\/uploads\/Cimetieres\/31 -- 60\/44-Loire-Atlantique\/La-Baule\/AW189\/Sgt_A._WINDLE_-_942630-150x150.jpg\" class=\"attachment-thumbnail size-thumbnail\" alt=\"\" srcset=\"https:\/\/www.auzeau.fr\/39-45\/wp-content\/uploads\/Cimetieres\/31%20--%2060\/44-Loire-Atlantique\/La-Baule\/AW189\/Sgt_A._WINDLE_-_942630-150x150.jpg 150w, https:\/\/www.auzeau.fr\/39-45\/wp-content\/uploads\/Cimetieres\/31%20--%2060\/44-Loire-Atlantique\/La-Baule\/AW189\/Sgt_A._WINDLE_-_942630-50x50.jpg 50w\" sizes=\"(max-width: 150px) 100vw, 150px\" \/><\/a>\n\t\t\t<\/div><\/figure>\n\t\t<\/div>\n<\/td>\n<\/tr>\n<\/tbody>\n<\/table>\n<table style=\"background-color: #dcdcdc;\">\n<tbody>\n<tr>\n<td style=\"text-align: center;\"><ul id=\"menu-44-la-baule\" class=\"menu\"><li id=\"menu-item-54343\" class=\"menu-item menu-item-type-post_type menu-item-object-page menu-item-54343\"><a href=\"https:\/\/www.auzeau.fr\/39-45\/france\/44-loire-atlantique\/44-la-baule\/\">Blenheim V6430<\/a><\/li>\n<li id=\"menu-item-54395\" class=\"menu-item menu-item-type-post_type menu-item-object-page menu-item-54395\"><a href=\"https:\/\/www.auzeau.fr\/39-45\/france\/44-loire-atlantique\/44-la-baule-2\/\">Beaufort AW189<\/a><\/li>\n<li id=\"menu-item-54396\" class=\"menu-item menu-item-type-post_type menu-item-object-page menu-item-54396\"><a href=\"https:\/\/www.auzeau.fr\/39-45\/france\/44-loire-atlantique\/44-la-baule-3\/\">Wellington W5578<\/a><\/li>\n<li id=\"menu-item-54397\" class=\"menu-item menu-item-type-post_type menu-item-object-page menu-item-54397\"><a href=\"https:\/\/www.auzeau.fr\/39-45\/france\/44-loire-atlantique\/44-la-baule-4\/\">Wellington X3417<\/a><\/li>\n<li id=\"menu-item-54398\" class=\"menu-item menu-item-type-post_type menu-item-object-page menu-item-54398\"><a href=\"https:\/\/www.auzeau.fr\/39-45\/france\/44-loire-atlantique\/44-la-baule-5\/\">Manchester L7485<\/a><\/li>\n<li id=\"menu-item-54399\" class=\"menu-item menu-item-type-post_type menu-item-object-page menu-item-54399\"><a href=\"https:\/\/www.auzeau.fr\/39-45\/france\/44-loire-atlantique\/44-la-baule-6\/\">Wellington Z1141<\/a><\/li>\n<li id=\"menu-item-54400\" class=\"menu-item menu-item-type-post_type menu-item-object-page menu-item-54400\"><a href=\"https:\/\/www.auzeau.fr\/39-45\/france\/44-loire-atlantique\/44-la-baule-7\/\">Stirling W7539<\/a><\/li>\n<li id=\"menu-item-54401\" class=\"menu-item menu-item-type-post_type menu-item-object-page menu-item-54401\"><a href=\"https:\/\/www.auzeau.fr\/39-45\/france\/44-loire-atlantique\/44-la-baule-8\/\">Stirling R9201<\/a><\/li>\n<li id=\"menu-item-54402\" class=\"menu-item menu-item-type-post_type menu-item-object-page menu-item-54402\"><a href=\"https:\/\/www.auzeau.fr\/39-45\/france\/44-loire-atlantique\/44-la-baule-9\/\">Wellington X3597<\/a><\/li>\n<li id=\"menu-item-54403\" class=\"menu-item menu-item-type-post_type menu-item-object-page menu-item-54403\"><a href=\"https:\/\/www.auzeau.fr\/39-45\/france\/44-loire-atlantique\/44-la-baule-10\/\">Lancaster ED467<\/a><\/li>\n<li id=\"menu-item-54404\" class=\"menu-item menu-item-type-post_type menu-item-object-page menu-item-54404\"><a href=\"https:\/\/www.auzeau.fr\/39-45\/france\/44-loire-atlantique\/44-la-baule-11\/\">Lancaster R5913<\/a><\/li>\n<li id=\"menu-item-54405\" class=\"menu-item menu-item-type-post_type menu-item-object-page menu-item-54405\"><a href=\"https:\/\/www.auzeau.fr\/39-45\/france\/44-loire-atlantique\/44-la-baule-12\/\">Lancaster ED375<\/a><\/li>\n<li id=\"menu-item-54406\" class=\"menu-item menu-item-type-post_type menu-item-object-page menu-item-54406\"><a href=\"https:\/\/www.auzeau.fr\/39-45\/france\/44-loire-atlantique\/44-la-baule-13\/\">Lancaster BB283<\/a><\/li>\n<li id=\"menu-item-54407\" class=\"menu-item menu-item-type-post_type menu-item-object-page menu-item-54407\"><a href=\"https:\/\/www.auzeau.fr\/39-45\/france\/44-loire-atlantique\/44-la-baule-14\/\">Lancaster ED754<\/a><\/li>\n<li id=\"menu-item-54408\" class=\"menu-item menu-item-type-post_type menu-item-object-page menu-item-54408\"><a href=\"https:\/\/www.auzeau.fr\/39-45\/france\/44-loire-atlantique\/44-la-baule-15\/\">Wellington HE291<\/a><\/li>\n<li id=\"menu-item-54409\" class=\"menu-item menu-item-type-post_type menu-item-object-page menu-item-54409\"><a href=\"https:\/\/www.auzeau.fr\/39-45\/france\/44-loire-atlantique\/44-la-baule-16\/\">Lancaster ME783<\/a><\/li>\n<li id=\"menu-item-54410\" class=\"menu-item menu-item-type-post_type menu-item-object-page menu-item-54410\"><a href=\"https:\/\/www.auzeau.fr\/39-45\/france\/44-loire-atlantique\/44-la-baule-17\/\">Lancaster LM643<\/a><\/li>\n<li id=\"menu-item-54411\" class=\"menu-item menu-item-type-post_type menu-item-object-page menu-item-54411\"><a href=\"https:\/\/www.auzeau.fr\/39-45\/france\/44-loire-atlantique\/44-la-baule-18\/\">Halifax JP164<\/a><\/li>\n<\/ul><\/td>\n<\/tr>\n<\/tbody>\n<\/table>\n<hr \/>\n<p style=\"text-align: center;\"><ul id=\"menu-44-loire-atlantique\" class=\"menu\"><li id=\"menu-item-54333\" class=\"menu-item menu-item-type-post_type menu-item-object-page menu-item-54333\"><a href=\"https:\/\/www.auzeau.fr\/39-45\/france\/44-loire-atlantique\/44-la-baule\/\">44 \u2013 La Baule War Cemetery<\/a><\/li>\n<li id=\"menu-item-54334\" class=\"menu-item menu-item-type-post_type menu-item-object-page menu-item-54334\"><a href=\"https:\/\/www.auzeau.fr\/39-45\/france\/44-loire-atlantique\/44-la-bernerie-en-retz\/\">44 \u2013 La Bernerie-en-Retz<\/a><\/li>\n<li id=\"menu-item-54335\" class=\"menu-item menu-item-type-post_type menu-item-object-page menu-item-54335\"><a href=\"https:\/\/www.auzeau.fr\/39-45\/france\/44-loire-atlantique\/44-lusanger\/\">44 \u2013 Lusanger<\/a><\/li>\n<li id=\"menu-item-54336\" class=\"menu-item menu-item-type-post_type menu-item-object-page menu-item-54336\"><a href=\"https:\/\/www.auzeau.fr\/39-45\/france\/44-loire-atlantique\/44-montoir-de-bretagne\/\">44 \u2013 Montoir-de-Bretagne<\/a><\/li>\n<li id=\"menu-item-68157\" class=\"menu-item menu-item-type-post_type menu-item-object-page menu-item-68157\"><a href=\"https:\/\/www.auzeau.fr\/39-45\/france\/44-loire-atlantique\/44-mouzillon\/\">44 \u2013 Mouzillon<\/a><\/li>\n<li id=\"menu-item-54337\" class=\"menu-item menu-item-type-post_type menu-item-object-page menu-item-54337\"><a href=\"https:\/\/www.auzeau.fr\/39-45\/france\/44-loire-atlantique\/44-nantes-cimetiere-la-chauviniere\/\">44 \u2013 Nantes  Cimeti\u00e8re de La Chauvini\u00e8re<\/a><\/li>\n<li id=\"menu-item-54338\" class=\"menu-item menu-item-type-post_type menu-item-object-page menu-item-54338\"><a href=\"https:\/\/www.auzeau.fr\/39-45\/france\/44-loire-atlantique\/44-nantes-cimetiere-misericorde-2\/\">44 \u2013 Nantes Cimeti\u00e8re Mis\u00e9ricorde<\/a><\/li>\n<li id=\"menu-item-54339\" class=\"menu-item menu-item-type-post_type menu-item-object-page menu-item-54339\"><a href=\"https:\/\/www.auzeau.fr\/39-45\/france\/44-loire-atlantique\/44-nantes-pont-du-cens\/\">44 \u2013 Nantes Pont du Cens<\/a><\/li>\n<li id=\"menu-item-54340\" class=\"menu-item menu-item-type-post_type menu-item-object-page menu-item-54340\"><a href=\"https:\/\/www.auzeau.fr\/39-45\/france\/44-loire-atlantique\/44-pontchateau\/\">44 \u2013 Pontch\u00e2teau<\/a><\/li>\n<li id=\"menu-item-67605\" class=\"menu-item menu-item-type-post_type menu-item-object-page menu-item-67605\"><a href=\"https:\/\/www.auzeau.fr\/39-45\/france\/44-loire-atlantique\/44-clion-sur-mer\/\">44 \u2013 Pornic (Le Clion-sur-Mer)<\/a><\/li>\n<li id=\"menu-item-54341\" class=\"menu-item menu-item-type-post_type menu-item-object-page menu-item-54341\"><a href=\"https:\/\/www.auzeau.fr\/39-45\/france\/44-loire-atlantique\/44-pornic-war-cemetery\/\">44 \u2013 Pornic War Cemetery<\/a><\/li>\n<li id=\"menu-item-67604\" class=\"menu-item menu-item-type-post_type menu-item-object-page menu-item-67604\"><a href=\"https:\/\/www.auzeau.fr\/39-45\/france\/44-loire-atlantique\/44-pornichet\/\">44 \u2013 Pornichet<\/a><\/li>\n<li id=\"menu-item-54342\" class=\"menu-item menu-item-type-post_type menu-item-object-page menu-item-54342\"><a href=\"https:\/\/www.auzeau.fr\/39-45\/france\/44-loire-atlantique\/44-riaille\/\">44 \u2013 Riaill\u00e9<\/a><\/li>\n<li id=\"menu-item-101930\" class=\"menu-item menu-item-type-post_type menu-item-object-page menu-item-101930\"><a href=\"https:\/\/www.auzeau.fr\/39-45\/france\/44-loire-atlantique\/44-saint-nazaire-cimetiere-de-la-briandais\/\">44 \u2013 Saint-Nazaire Cimetiere de la Briandais<\/a><\/li>\n<li id=\"menu-item-67603\" class=\"menu-item menu-item-type-post_type menu-item-object-page menu-item-67603\"><a href=\"https:\/\/www.auzeau.fr\/39-45\/france\/44-loire-atlantique\/44-thouare-sur-loire\/\">44 \u2013 Thouar\u00e9-sur-Loire<\/a><\/li>\n<\/ul>\n<script type=\"text\/javascript\"> toolTips('.classtoolTips19','Flying Officer'); <\/script><script type=\"text\/javascript\"> toolTips('.classtoolTips33','Flight Lieutenant'); <\/script><script type=\"text\/javascript\"> toolTips('.classtoolTips44','Royal New Zealand Air Force'); <\/script><script type=\"text\/javascript\"> toolTips('.classtoolTips70','<img class=\"aligncenter wp-image-65848 size-full\" title=\"Flak18\" src=\"https:\/\/www.auzeau.fr\/39-45\/wp-content\/uploads\/images\/Materiel\/Flak18.JPG\" alt=\"\" width=\"640\" height=\"499\" \/><br\/><img class=\"aligncenter size-full wp-image-65849\" title=\"Flak30\" src=\"https:\/\/www.auzeau.fr\/39-45\/wp-content\/uploads\/images\/Materiel\/Flak30.JPG\" alt=\"\" width=\"640\" height=\"499\" \/>'); <\/script><script type=\"text\/javascript\"> toolTips('.classtoolTips96','Sergent<br\/><br\/>Sergeant'); <\/script><script type=\"text\/javascript\"> toolTips('.classtoolTips98','Colonel'); <\/script><script type=\"text\/javascript\"> toolTips('.classtoolTips110','Tu\u00e9 au combat<br\/><br\/>Killed In Action'); <\/script><script type=\"text\/javascript\"> toolTips('.classtoolTips115','Op\u00e9rateur Radio<br\/><br\/>Wireless Op\u00e9rator'); <\/script><script type=\"text\/javascript\"> toolTips('.classtoolTips117','Observateur<br\/><br\/>Oberver'); <\/script><script type=\"text\/javascript\"> toolTips('.classtoolTips144','Royal Corps of Signals'); <\/script><script type=\"text\/javascript\"> toolTips('.classtoolTips146','Royal Air Force'); <\/script><script type=\"text\/javascript\"> toolTips('.classtoolTips150','Indemne<br\/><br\/>Unhurt'); <\/script><script type=\"text\/javascript\"> toolTips('.classtoolTips151','Pilote<br\/><br\/>Pilot'); <\/script><script type=\"text\/javascript\"> toolTips('.classtoolTips153','Porucznik'); <\/script><script type=\"text\/javascript\"> toolTips('.classtoolTips154','Groupe de Liaisons A\u00e9riennes'); <\/script><script type=\"text\/javascript\"> toolTips('.classtoolTips182','Warrant Officer'); <\/script><script type=\"text\/javascript\"> toolTips('.classtoolTips185','Mitrailleur<br\/><br\/>Air Gunner'); <\/script><script type=\"text\/javascript\"> toolTips('.classtoolTips188','Bombardier<br\/><br\/>Air bomber'); <\/script><script type=\"text\/javascript\"> toolTips('.classtoolTips189','M\u00e9canicien volant<br\/><br\/>Flying Enginer'); <\/script><script type=\"text\/javascript\"> toolTips('.classtoolTips193','Royal Navy'); <\/script><script type=\"text\/javascript\"> toolTips('.classtoolTips197','Aircraftman'); <\/script><script type=\"text\/javascript\"> toolTips('.classtoolTips199','Radio Officer'); <\/script><script type=\"text\/javascript\"> toolTips('.classtoolTips201','Lieutenant'); <\/script>","protected":false},"excerpt":{"rendered":"<p>Beaufort AW189 MW-X 217 Sqn Date : \u00a017 juillet 1941 Mission : \u00a0Saint Nazaire (44) D\u00e9collage : \u00a0North Coates \u00e0 01:10 Causes de la perte : \u00a0Probablement abattu par la Flak Lieu de la perte : \u00a0Oc\u00e9an Atlantique \u00e0 03:28 Flt Lt Thomas Francis KERR Pil RAF 41588 KIA Inhum\u00e9 \u00e0 Pornic (44) Sgt Allan [&hellip;]<\/p>\n","protected":false},"author":1,"featured_media":0,"parent":77,"menu_order":0,"comment_status":"closed","ping_status":"closed","template":"template-full-width Beaufort.php","meta":{"_lmt_disableupdate":"yes","_lmt_disable":"","footnotes":""},"categories":[958],"tags":[959],"wf_page_folders":[3111],"class_list":["post-54345","page","type-page","status-publish","hentry","category-beaufort","tag-217-squadron"],"_links":{"self":[{"href":"https:\/\/www.auzeau.fr\/39-45\/wp-json\/wp\/v2\/pages\/54345","targetHints":{"allow":["GET"]}}],"collection":[{"href":"https:\/\/www.auzeau.fr\/39-45\/wp-json\/wp\/v2\/pages"}],"about":[{"href":"https:\/\/www.auzeau.fr\/39-45\/wp-json\/wp\/v2\/types\/page"}],"author":[{"embeddable":true,"href":"https:\/\/www.auzeau.fr\/39-45\/wp-json\/wp\/v2\/users\/1"}],"replies":[{"embeddable":true,"href":"https:\/\/www.auzeau.fr\/39-45\/wp-json\/wp\/v2\/comments?post=54345"}],"version-history":[{"count":0,"href":"https:\/\/www.auzeau.fr\/39-45\/wp-json\/wp\/v2\/pages\/54345\/revisions"}],"up":[{"embeddable":true,"href":"https:\/\/www.auzeau.fr\/39-45\/wp-json\/wp\/v2\/pages\/77"}],"wp:attachment":[{"href":"https:\/\/www.auzeau.fr\/39-45\/wp-json\/wp\/v2\/media?parent=54345"}],"wp:term":[{"taxonomy":"category","embeddable":true,"href":"https:\/\/www.auzeau.fr\/39-45\/wp-json\/wp\/v2\/categories?post=54345"},{"taxonomy":"post_tag","embeddable":true,"href":"https:\/\/www.auzeau.fr\/39-45\/wp-json\/wp\/v2\/tags?post=54345"},{"taxonomy":"wf_page_folders","embeddable":true,"href":"https:\/\/www.auzeau.fr\/39-45\/wp-json\/wp\/v2\/wf_page_folders?post=54345"}],"curies":[{"name":"wp","href":"https:\/\/api.w.org\/{rel}","templated":true}]}}